{"id":10667,"date":"2025-01-27T08:30:11","date_gmt":"2025-01-27T06:30:11","guid":{"rendered":"https:\/\/gymfactory.eu\/product\/a1xx-krutines-spaudimo-masina\/"},"modified":"2025-11-20T13:36:12","modified_gmt":"2025-11-20T11:36:12","slug":"a1xx-krutines-spaudimo-masina","status":"publish","type":"product","link":"https:\/\/gymfactory.eu\/lt\/produktas\/a1xx-krutines-spaudimo-masina\/","title":{"rendered":"A1XX Kr\u016btin\u0117s treniruoklis &#8211; horizontalus spaudimas"},"content":{"rendered":"<p>A1XX kr\u016btin\u0117s treniruoklis-horizontalus spaudimas \u2013 patikima \u012franga kr\u016btin\u0117s treniruot\u0117ms tiek sporto klubuose, tiek namuose. Tinka \u012fvairaus lygio naudotojams \u2013 nuo pradedan\u010di\u0173j\u0173 iki profesional\u0173. U\u017etikrina saug\u0173, stabil\u0173 ir krypting\u0105 raumen\u0173 stiprinim\u0105.<\/p>\n<p>\u012eranga nukreipia judes\u012f nat\u016bralia trajektorija: pradedama pla\u010diai, baigiama siaurai. Toks judesys leid\u017eia maksimaliai i\u0161tempti kr\u016btin\u0119 prad\u017eioje ir pasiekti stipr\u0173 raumen\u0173 susitraukim\u0105 pabaigoje.<\/p>\n<p>&nbsp;<\/p>\n\n    <div class=\"xs_social_share_widget xs_share_url after_content \t\tmain_content  wslu-style-1 wslu-share-box-shaped wslu-fill-colored wslu-none wslu-share-horizontal wslu-theme-font-no wslu-main_content\">\n\n\t\t\n        <ul>\n\t\t\t        <\/ul>\n    <\/div> \n","protected":false},"excerpt":{"rendered":"<p>A1XX kr\u016btin\u0117s treniruoklis-horizontalus spaudimas \u2013 patikima \u012franga kr\u016btin\u0117s treniruot\u0117ms tiek sporto klubuose, tiek namuose. Tinka \u012fvairaus lygio naudotojams \u2013 nuo pradedan\u010di\u0173j\u0173 iki profesional\u0173. U\u017etikrina saug\u0173, stabil\u0173 ir krypting\u0105 raumen\u0173 stiprinim\u0105. \u012eranga nukreipia judes\u012f nat\u016bralia trajektorija: pradedama pla\u010diai, baigiama siaurai. Toks judesys leid\u017eia maksimaliai i\u0161tempti kr\u016btin\u0119 prad\u017eioje ir pasiekti stipr\u0173 raumen\u0173 susitraukim\u0105 pabaigoje. &nbsp;<\/p>\n","protected":false},"featured_media":8259,"template":"","meta":{"_acf_changed":false},"product_brand":[817],"product_cat":[421],"product_tag":[],"class_list":{"0":"post-10667","1":"product","2":"type-product","3":"status-publish","4":"has-post-thumbnail","6":"product_brand-gym-factory-lt","7":"product_cat-laisvu-svoriu-treniruokliai","9":"first","10":"onbackorder","11":"taxable","12":"shipping-taxable","13":"purchasable","14":"product-type-variable","15":"has-default-attributes"},"acf":[],"yoast_head":"<!-- This site is optimized with the Yoast SEO plugin v25.2 - https:\/\/yoast.com\/wordpress\/plugins\/seo\/ -->\n<title>A1XX kr\u016btin\u0117s spaudos ma\u0161ina vir\u0161utin\u0117s k\u016bno dalies treniruotei<\/title>\n<meta name=\"description\" content=\"&quot;A1XX&quot; kr\u016btin\u0117s spaudimo aparatas sukurtas nam\u0173 ir komercin\u0117ms sporto sal\u0117ms. Stiprinkite kr\u016btin\u0119, pe\u010dius ir tricepsus naudodami tvirt\u0105 400 kg svorio r\u0117m\u0105.\" \/>\n<meta name=\"robots\" content=\"index, follow, max-snippet:-1, max-image-preview:large, max-video-preview:-1\" \/>\n<link rel=\"canonical\" href=\"https:\/\/gymfactory.eu\/lt\/produktas\/a1xx-krutines-spaudimo-masina\/\" \/>\n<meta property=\"og:locale\" content=\"lt_LT\" \/>\n<meta property=\"og:type\" content=\"article\" \/>\n<meta property=\"og:title\" content=\"A1XX kr\u016btin\u0117s spaudos ma\u0161ina vir\u0161utin\u0117s k\u016bno dalies treniruotei\" \/>\n<meta property=\"og:description\" content=\"&quot;A1XX&quot; kr\u016btin\u0117s spaudimo aparatas sukurtas nam\u0173 ir komercin\u0117ms sporto sal\u0117ms. Stiprinkite kr\u016btin\u0119, pe\u010dius ir tricepsus naudodami tvirt\u0105 400 kg svorio r\u0117m\u0105.\" \/>\n<meta property=\"og:url\" content=\"https:\/\/gymfactory.eu\/lt\/produktas\/a1xx-krutines-spaudimo-masina\/\" \/>\n<meta property=\"og:site_name\" content=\"Gym Factory\" \/>\n<meta property=\"article:modified_time\" content=\"2025-11-20T11:36:12+00:00\" \/>\n<meta property=\"og:image\" content=\"https:\/\/gymfactory.eu\/wp-content\/uploads\/2025\/01\/A1XX-gym-machine-for-chest-in-black-leather.webp\" \/>\n\t<meta property=\"og:image:width\" content=\"1500\" \/>\n\t<meta property=\"og:image:height\" content=\"1500\" \/>\n\t<meta property=\"og:image:type\" content=\"image\/webp\" \/>\n<meta name=\"twitter:card\" content=\"summary_large_image\" \/>\n<meta name=\"twitter:label1\" content=\"Est. reading time\" \/>\n\t<meta name=\"twitter:data1\" content=\"1 minut\u0117\" \/>\n<script type=\"application\/ld+json\" class=\"yoast-schema-graph\">{\"@context\":\"https:\/\/schema.org\",\"@graph\":[{\"@type\":\"WebPage\",\"@id\":\"https:\/\/gymfactory.eu\/lt\/produktas\/a1xx-krutines-spaudimo-masina\/\",\"url\":\"https:\/\/gymfactory.eu\/lt\/produktas\/a1xx-krutines-spaudimo-masina\/\",\"name\":\"A1XX kr\u016btin\u0117s spaudos ma\u0161ina vir\u0161utin\u0117s k\u016bno dalies treniruotei\",\"isPartOf\":{\"@id\":\"https:\/\/gymfactory.eu\/lt\/#website\"},\"primaryImageOfPage\":{\"@id\":\"https:\/\/gymfactory.eu\/lt\/produktas\/a1xx-krutines-spaudimo-masina\/#primaryimage\"},\"image\":{\"@id\":\"https:\/\/gymfactory.eu\/lt\/produktas\/a1xx-krutines-spaudimo-masina\/#primaryimage\"},\"thumbnailUrl\":\"https:\/\/gymfactory.eu\/wp-content\/uploads\/2025\/01\/A1XX-gym-machine-for-chest-in-black-leather.webp\",\"datePublished\":\"2025-01-27T06:30:11+00:00\",\"dateModified\":\"2025-11-20T11:36:12+00:00\",\"description\":\"\\\"A1XX\\\" kr\u016btin\u0117s spaudimo aparatas sukurtas nam\u0173 ir komercin\u0117ms sporto sal\u0117ms. Stiprinkite kr\u016btin\u0119, pe\u010dius ir tricepsus naudodami tvirt\u0105 400 kg svorio r\u0117m\u0105.\",\"breadcrumb\":{\"@id\":\"https:\/\/gymfactory.eu\/lt\/produktas\/a1xx-krutines-spaudimo-masina\/#breadcrumb\"},\"inLanguage\":\"lt-LT\",\"potentialAction\":[{\"@type\":\"ReadAction\",\"target\":[\"https:\/\/gymfactory.eu\/lt\/produktas\/a1xx-krutines-spaudimo-masina\/\"]}]},{\"@type\":\"ImageObject\",\"inLanguage\":\"lt-LT\",\"@id\":\"https:\/\/gymfactory.eu\/lt\/produktas\/a1xx-krutines-spaudimo-masina\/#primaryimage\",\"url\":\"https:\/\/gymfactory.eu\/wp-content\/uploads\/2025\/01\/A1XX-gym-machine-for-chest-in-black-leather.webp\",\"contentUrl\":\"https:\/\/gymfactory.eu\/wp-content\/uploads\/2025\/01\/A1XX-gym-machine-for-chest-in-black-leather.webp\",\"width\":1500,\"height\":1500,\"caption\":\"A1XX treniruoklis kr\u016btin\u0117s treniruot\u0117ms su juodu odiniu pamink\u0161tinimu ir tvirtu metaliniu r\u0117mu. \u0160iame treniruoklyje yra ergonomi\u0161kos rankenos ir reguliuojamos sudedamosios dalys, kad treniruot\u0117s b\u016bt\u0173 pritaikomos pagal poreikius. Puikiai tinka nam\u0173 sporto sal\u0117ms ir komerciniams sporto centrams.\"},{\"@type\":\"BreadcrumbList\",\"@id\":\"https:\/\/gymfactory.eu\/lt\/produktas\/a1xx-krutines-spaudimo-masina\/#breadcrumb\",\"itemListElement\":[{\"@type\":\"ListItem\",\"position\":1,\"name\":\"Pagrindinis\",\"item\":\"https:\/\/gymfactory.eu\/lt\/\"},{\"@type\":\"ListItem\",\"position\":2,\"name\":\"Katalogas\",\"item\":\"https:\/\/gymfactory.eu\/lt\/katalogas\/\"},{\"@type\":\"ListItem\",\"position\":3,\"name\":\"A1XX Kr\u016btin\u0117s treniruoklis &#8211; horizontalus spaudimas\"}]},{\"@type\":\"WebSite\",\"@id\":\"https:\/\/gymfactory.eu\/lt\/#website\",\"url\":\"https:\/\/gymfactory.eu\/lt\/\",\"name\":\"Gym Factory\",\"description\":\"\",\"publisher\":{\"@id\":\"https:\/\/gymfactory.eu\/lt\/#organization\"},\"potentialAction\":[{\"@type\":\"SearchAction\",\"target\":{\"@type\":\"EntryPoint\",\"urlTemplate\":\"https:\/\/gymfactory.eu\/lt\/?s={search_term_string}\"},\"query-input\":{\"@type\":\"PropertyValueSpecification\",\"valueRequired\":true,\"valueName\":\"search_term_string\"}}],\"inLanguage\":\"lt-LT\"},{\"@type\":\"Organization\",\"@id\":\"https:\/\/gymfactory.eu\/lt\/#organization\",\"name\":\"Sporto sal\u0117s gamykla\",\"url\":\"https:\/\/gymfactory.eu\/lt\/\",\"logo\":{\"@type\":\"ImageObject\",\"inLanguage\":\"lt-LT\",\"@id\":\"https:\/\/gymfactory.eu\/lt\/#\/schema\/logo\/image\/\",\"url\":\"https:\/\/gymfactory.eu\/wp-content\/uploads\/2024\/11\/Component-1.svg\",\"contentUrl\":\"https:\/\/gymfactory.eu\/wp-content\/uploads\/2024\/11\/Component-1.svg\",\"width\":54,\"height\":44,\"caption\":\"Sporto sal\u0117s gamykla\"},\"image\":{\"@id\":\"https:\/\/gymfactory.eu\/lt\/#\/schema\/logo\/image\/\"}}]}<\/script>\n<!-- \/ Yoast SEO plugin. -->","yoast_head_json":{"title":"A1XX kr\u016btin\u0117s spaudos ma\u0161ina vir\u0161utin\u0117s k\u016bno dalies treniruotei","description":"\"A1XX\" kr\u016btin\u0117s spaudimo aparatas sukurtas nam\u0173 ir komercin\u0117ms sporto sal\u0117ms. Stiprinkite kr\u016btin\u0119, pe\u010dius ir tricepsus naudodami tvirt\u0105 400 kg svorio r\u0117m\u0105.","robots":{"index":"index","follow":"follow","max-snippet":"max-snippet:-1","max-image-preview":"max-image-preview:large","max-video-preview":"max-video-preview:-1"},"canonical":"https:\/\/gymfactory.eu\/lt\/produktas\/a1xx-krutines-spaudimo-masina\/","og_locale":"lt_LT","og_type":"article","og_title":"A1XX kr\u016btin\u0117s spaudos ma\u0161ina vir\u0161utin\u0117s k\u016bno dalies treniruotei","og_description":"\"A1XX\" kr\u016btin\u0117s spaudimo aparatas sukurtas nam\u0173 ir komercin\u0117ms sporto sal\u0117ms. Stiprinkite kr\u016btin\u0119, pe\u010dius ir tricepsus naudodami tvirt\u0105 400 kg svorio r\u0117m\u0105.","og_url":"https:\/\/gymfactory.eu\/lt\/produktas\/a1xx-krutines-spaudimo-masina\/","og_site_name":"Gym Factory","article_modified_time":"2025-11-20T11:36:12+00:00","og_image":[{"width":1500,"height":1500,"url":"https:\/\/gymfactory.eu\/wp-content\/uploads\/2025\/01\/A1XX-gym-machine-for-chest-in-black-leather.webp","type":"image\/webp"}],"twitter_card":"summary_large_image","twitter_misc":{"Est. reading time":"1 minut\u0117"},"schema":{"@context":"https:\/\/schema.org","@graph":[{"@type":"WebPage","@id":"https:\/\/gymfactory.eu\/lt\/produktas\/a1xx-krutines-spaudimo-masina\/","url":"https:\/\/gymfactory.eu\/lt\/produktas\/a1xx-krutines-spaudimo-masina\/","name":"A1XX kr\u016btin\u0117s spaudos ma\u0161ina vir\u0161utin\u0117s k\u016bno dalies treniruotei","isPartOf":{"@id":"https:\/\/gymfactory.eu\/lt\/#website"},"primaryImageOfPage":{"@id":"https:\/\/gymfactory.eu\/lt\/produktas\/a1xx-krutines-spaudimo-masina\/#primaryimage"},"image":{"@id":"https:\/\/gymfactory.eu\/lt\/produktas\/a1xx-krutines-spaudimo-masina\/#primaryimage"},"thumbnailUrl":"https:\/\/gymfactory.eu\/wp-content\/uploads\/2025\/01\/A1XX-gym-machine-for-chest-in-black-leather.webp","datePublished":"2025-01-27T06:30:11+00:00","dateModified":"2025-11-20T11:36:12+00:00","description":"\"A1XX\" kr\u016btin\u0117s spaudimo aparatas sukurtas nam\u0173 ir komercin\u0117ms sporto sal\u0117ms. Stiprinkite kr\u016btin\u0119, pe\u010dius ir tricepsus naudodami tvirt\u0105 400 kg svorio r\u0117m\u0105.","breadcrumb":{"@id":"https:\/\/gymfactory.eu\/lt\/produktas\/a1xx-krutines-spaudimo-masina\/#breadcrumb"},"inLanguage":"lt-LT","potentialAction":[{"@type":"ReadAction","target":["https:\/\/gymfactory.eu\/lt\/produktas\/a1xx-krutines-spaudimo-masina\/"]}]},{"@type":"ImageObject","inLanguage":"lt-LT","@id":"https:\/\/gymfactory.eu\/lt\/produktas\/a1xx-krutines-spaudimo-masina\/#primaryimage","url":"https:\/\/gymfactory.eu\/wp-content\/uploads\/2025\/01\/A1XX-gym-machine-for-chest-in-black-leather.webp","contentUrl":"https:\/\/gymfactory.eu\/wp-content\/uploads\/2025\/01\/A1XX-gym-machine-for-chest-in-black-leather.webp","width":1500,"height":1500,"caption":"A1XX treniruoklis kr\u016btin\u0117s treniruot\u0117ms su juodu odiniu pamink\u0161tinimu ir tvirtu metaliniu r\u0117mu. \u0160iame treniruoklyje yra ergonomi\u0161kos rankenos ir reguliuojamos sudedamosios dalys, kad treniruot\u0117s b\u016bt\u0173 pritaikomos pagal poreikius. Puikiai tinka nam\u0173 sporto sal\u0117ms ir komerciniams sporto centrams."},{"@type":"BreadcrumbList","@id":"https:\/\/gymfactory.eu\/lt\/produktas\/a1xx-krutines-spaudimo-masina\/#breadcrumb","itemListElement":[{"@type":"ListItem","position":1,"name":"Pagrindinis","item":"https:\/\/gymfactory.eu\/lt\/"},{"@type":"ListItem","position":2,"name":"Katalogas","item":"https:\/\/gymfactory.eu\/lt\/katalogas\/"},{"@type":"ListItem","position":3,"name":"A1XX Kr\u016btin\u0117s treniruoklis &#8211; horizontalus spaudimas"}]},{"@type":"WebSite","@id":"https:\/\/gymfactory.eu\/lt\/#website","url":"https:\/\/gymfactory.eu\/lt\/","name":"Gym Factory","description":"","publisher":{"@id":"https:\/\/gymfactory.eu\/lt\/#organization"},"potentialAction":[{"@type":"SearchAction","target":{"@type":"EntryPoint","urlTemplate":"https:\/\/gymfactory.eu\/lt\/?s={search_term_string}"},"query-input":{"@type":"PropertyValueSpecification","valueRequired":true,"valueName":"search_term_string"}}],"inLanguage":"lt-LT"},{"@type":"Organization","@id":"https:\/\/gymfactory.eu\/lt\/#organization","name":"Sporto sal\u0117s gamykla","url":"https:\/\/gymfactory.eu\/lt\/","logo":{"@type":"ImageObject","inLanguage":"lt-LT","@id":"https:\/\/gymfactory.eu\/lt\/#\/schema\/logo\/image\/","url":"https:\/\/gymfactory.eu\/wp-content\/uploads\/2024\/11\/Component-1.svg","contentUrl":"https:\/\/gymfactory.eu\/wp-content\/uploads\/2024\/11\/Component-1.svg","width":54,"height":44,"caption":"Sporto sal\u0117s gamykla"},"image":{"@id":"https:\/\/gymfactory.eu\/lt\/#\/schema\/logo\/image\/"}}]}},"_links":{"self":[{"href":"https:\/\/gymfactory.eu\/lt\/wp-json\/wp\/v2\/product\/10667","targetHints":{"allow":["GET"]}}],"collection":[{"href":"https:\/\/gymfactory.eu\/lt\/wp-json\/wp\/v2\/product"}],"about":[{"href":"https:\/\/gymfactory.eu\/lt\/wp-json\/wp\/v2\/types\/product"}],"wp:featuredmedia":[{"embeddable":true,"href":"https:\/\/gymfactory.eu\/lt\/wp-json\/wp\/v2\/media\/8259"}],"wp:attachment":[{"href":"https:\/\/gymfactory.eu\/lt\/wp-json\/wp\/v2\/media?parent=10667"}],"wp:term":[{"taxonomy":"product_brand","embeddable":true,"href":"https:\/\/gymfactory.eu\/lt\/wp-json\/wp\/v2\/product_brand?post=10667"},{"taxonomy":"product_cat","embeddable":true,"href":"https:\/\/gymfactory.eu\/lt\/wp-json\/wp\/v2\/product_cat?post=10667"},{"taxonomy":"product_tag","embeddable":true,"href":"https:\/\/gymfactory.eu\/lt\/wp-json\/wp\/v2\/product_tag?post=10667"}],"curies":[{"name":"wp","href":"https:\/\/api.w.org\/{rel}","templated":true}]}}