{"id":10664,"date":"2025-01-27T12:54:41","date_gmt":"2025-01-27T10:54:41","guid":{"rendered":"https:\/\/gymfactory.eu\/product\/a6xx2-sedintis-krutines-spaudimo-aparatas\/"},"modified":"2025-11-20T12:47:03","modified_gmt":"2025-11-20T10:47:03","slug":"a6xx2-sedintis-krutines-spaudimo-aparatas","status":"publish","type":"product","link":"https:\/\/gymfactory.eu\/lt\/produktas\/a6xx2-sedintis-krutines-spaudimo-aparatas\/","title":{"rendered":"A6XX2 Kr\u016btin\u0117s treniruoklis &#8211; spaudimas s\u0117dint"},"content":{"rendered":"<p>A6XX2 kr\u016btin\u0117s treniruoklis-spaudimas s\u0117dint \u2013 patikimas pasirinkimas tiek nam\u0173, tiek sporto sal\u0117ms, skirtas vir\u0161utinei k\u016bno daliai stiprinti.<br \/>\nStabili konstrukcija ir patogi atrama leid\u017eia saugiai bei efektyviai atlikti pratimus bet kokio lygio naudotojams.<\/p>\n<p>Su A6XX2 galima atlikti spaudim\u0105 nuo nuo\u017eulnaus atlo\u0161o, kuris aktyvina kr\u016btin\u0117s raumenis, priekinius deltinius raumenis ir tricepsus. Reguliuojamas atlo\u0161o kampas ir s\u0117dyn\u0117s auk\u0161tis leid\u017eia prisitaikyti prie skirtingo \u016bgio ir individuali\u0173 treniruot\u0117s poreiki\u0173.<\/p>\n<p>Tvirtas, ai\u0161kios funkcijos treniruoklis, u\u017etikrinantis rezultat\u0105 kiekvienoje treniruot\u0117je.<\/p>\n\n    <div class=\"xs_social_share_widget xs_share_url after_content \t\tmain_content  wslu-style-1 wslu-share-box-shaped wslu-fill-colored wslu-none wslu-share-horizontal wslu-theme-font-no wslu-main_content\">\n\n\t\t\n        <ul>\n\t\t\t        <\/ul>\n    <\/div> \n","protected":false},"excerpt":{"rendered":"<p>A6XX2 kr\u016btin\u0117s treniruoklis-spaudimas s\u0117dint \u2013 patikimas pasirinkimas tiek nam\u0173, tiek sporto sal\u0117ms, skirtas vir\u0161utinei k\u016bno daliai stiprinti. Stabili konstrukcija ir patogi atrama leid\u017eia saugiai bei efektyviai atlikti pratimus bet kokio lygio naudotojams. Su A6XX2 galima atlikti spaudim\u0105 nuo nuo\u017eulnaus atlo\u0161o, kuris aktyvina kr\u016btin\u0117s raumenis, priekinius deltinius raumenis ir tricepsus. Reguliuojamas atlo\u0161o kampas ir s\u0117dyn\u0117s auk\u0161tis [&hellip;]<\/p>\n","protected":false},"featured_media":8263,"template":"","meta":{"_acf_changed":false},"product_brand":[817],"product_cat":[421],"product_tag":[],"class_list":{"0":"post-10664","1":"product","2":"type-product","3":"status-publish","4":"has-post-thumbnail","6":"product_brand-gym-factory-lt","7":"product_cat-laisvu-svoriu-treniruokliai","9":"first","10":"onbackorder","11":"taxable","12":"shipping-taxable","13":"purchasable","14":"product-type-variable","15":"has-default-attributes"},"acf":[],"yoast_head":"<!-- This site is optimized with the Yoast SEO plugin v25.2 - https:\/\/yoast.com\/wordpress\/plugins\/seo\/ -->\n<title>A6XX2 S\u0117dimoji kr\u016btin\u0117s spaudos treniruokli\u0173 sal\u0117, skirta j\u0117gos treniruot\u0117ms<\/title>\n<meta name=\"description\" content=\"Sporto sal\u0117s \u012franga, skirta vir\u0161utin\u0117s k\u016bno dalies treniruot\u0117ms, A6XX2 s\u0117dimas kr\u016btin\u0117s spaudimo aparatas skirtas kr\u016btin\u0117s, pe\u010di\u0173 ir triceps\u0173 raumenims treniruoti nam\u0173 ar komercin\u0117se sporto sal\u0117se.\" \/>\n<meta name=\"robots\" content=\"index, follow, max-snippet:-1, max-image-preview:large, max-video-preview:-1\" \/>\n<link rel=\"canonical\" href=\"https:\/\/gymfactory.eu\/lt\/produktas\/a6xx2-sedintis-krutines-spaudimo-aparatas\/\" \/>\n<meta property=\"og:locale\" content=\"lt_LT\" \/>\n<meta property=\"og:type\" content=\"article\" \/>\n<meta property=\"og:title\" content=\"A6XX2 S\u0117dimoji kr\u016btin\u0117s spaudos treniruokli\u0173 sal\u0117, skirta j\u0117gos treniruot\u0117ms\" \/>\n<meta property=\"og:description\" content=\"Sporto sal\u0117s \u012franga, skirta vir\u0161utin\u0117s k\u016bno dalies treniruot\u0117ms, A6XX2 s\u0117dimas kr\u016btin\u0117s spaudimo aparatas skirtas kr\u016btin\u0117s, pe\u010di\u0173 ir triceps\u0173 raumenims treniruoti nam\u0173 ar komercin\u0117se sporto sal\u0117se.\" \/>\n<meta property=\"og:url\" content=\"https:\/\/gymfactory.eu\/lt\/produktas\/a6xx2-sedintis-krutines-spaudimo-aparatas\/\" \/>\n<meta property=\"og:site_name\" content=\"Gym Factory\" \/>\n<meta property=\"article:modified_time\" content=\"2025-11-20T10:47:03+00:00\" \/>\n<meta property=\"og:image\" content=\"https:\/\/gymfactory.eu\/wp-content\/uploads\/2025\/01\/black-A6XX2-gym-machine-1.webp\" \/>\n\t<meta property=\"og:image:width\" content=\"1500\" \/>\n\t<meta property=\"og:image:height\" content=\"1500\" \/>\n\t<meta property=\"og:image:type\" content=\"image\/webp\" \/>\n<meta name=\"twitter:card\" content=\"summary_large_image\" \/>\n<meta name=\"twitter:label1\" content=\"Est. reading time\" \/>\n\t<meta name=\"twitter:data1\" content=\"1 minut\u0117\" \/>\n<script type=\"application\/ld+json\" class=\"yoast-schema-graph\">{\"@context\":\"https:\/\/schema.org\",\"@graph\":[{\"@type\":\"WebPage\",\"@id\":\"https:\/\/gymfactory.eu\/lt\/produktas\/a6xx2-sedintis-krutines-spaudimo-aparatas\/\",\"url\":\"https:\/\/gymfactory.eu\/lt\/produktas\/a6xx2-sedintis-krutines-spaudimo-aparatas\/\",\"name\":\"A6XX2 S\u0117dimoji kr\u016btin\u0117s spaudos treniruokli\u0173 sal\u0117, skirta j\u0117gos treniruot\u0117ms\",\"isPartOf\":{\"@id\":\"https:\/\/gymfactory.eu\/lt\/#website\"},\"primaryImageOfPage\":{\"@id\":\"https:\/\/gymfactory.eu\/lt\/produktas\/a6xx2-sedintis-krutines-spaudimo-aparatas\/#primaryimage\"},\"image\":{\"@id\":\"https:\/\/gymfactory.eu\/lt\/produktas\/a6xx2-sedintis-krutines-spaudimo-aparatas\/#primaryimage\"},\"thumbnailUrl\":\"https:\/\/gymfactory.eu\/wp-content\/uploads\/2025\/01\/black-A6XX2-gym-machine-1.webp\",\"datePublished\":\"2025-01-27T10:54:41+00:00\",\"dateModified\":\"2025-11-20T10:47:03+00:00\",\"description\":\"Sporto sal\u0117s \u012franga, skirta vir\u0161utin\u0117s k\u016bno dalies treniruot\u0117ms, A6XX2 s\u0117dimas kr\u016btin\u0117s spaudimo aparatas skirtas kr\u016btin\u0117s, pe\u010di\u0173 ir triceps\u0173 raumenims treniruoti nam\u0173 ar komercin\u0117se sporto sal\u0117se.\",\"breadcrumb\":{\"@id\":\"https:\/\/gymfactory.eu\/lt\/produktas\/a6xx2-sedintis-krutines-spaudimo-aparatas\/#breadcrumb\"},\"inLanguage\":\"lt-LT\",\"potentialAction\":[{\"@type\":\"ReadAction\",\"target\":[\"https:\/\/gymfactory.eu\/lt\/produktas\/a6xx2-sedintis-krutines-spaudimo-aparatas\/\"]}]},{\"@type\":\"ImageObject\",\"inLanguage\":\"lt-LT\",\"@id\":\"https:\/\/gymfactory.eu\/lt\/produktas\/a6xx2-sedintis-krutines-spaudimo-aparatas\/#primaryimage\",\"url\":\"https:\/\/gymfactory.eu\/wp-content\/uploads\/2025\/01\/black-A6XX2-gym-machine-1.webp\",\"contentUrl\":\"https:\/\/gymfactory.eu\/wp-content\/uploads\/2025\/01\/black-A6XX2-gym-machine-1.webp\",\"width\":1500,\"height\":1500,\"caption\":\"A6XX2 juodos spalvos treniruoklis turi tvirt\u0105 plienin\u012f r\u0117m\u0105, ergonomi\u0161k\u0105 pamink\u0161tint\u0105 s\u0117dyn\u0119 ir daugyb\u0119 ranken\u0173, skirt\u0173 \u012fvairiapus\u0117ms j\u0117gos treniruot\u0117ms. \u0160is treniruoklis sukurtas taip, kad b\u016bt\u0173 patvarus ir u\u017etikrint\u0173 viso k\u016bno treniruot\u0119, tod\u0117l idealiai tinka nam\u0173 ir komercin\u0117ms treniruokli\u0173 sal\u0117ms.\"},{\"@type\":\"BreadcrumbList\",\"@id\":\"https:\/\/gymfactory.eu\/lt\/produktas\/a6xx2-sedintis-krutines-spaudimo-aparatas\/#breadcrumb\",\"itemListElement\":[{\"@type\":\"ListItem\",\"position\":1,\"name\":\"Pagrindinis\",\"item\":\"https:\/\/gymfactory.eu\/lt\/\"},{\"@type\":\"ListItem\",\"position\":2,\"name\":\"Katalogas\",\"item\":\"https:\/\/gymfactory.eu\/lt\/katalogas\/\"},{\"@type\":\"ListItem\",\"position\":3,\"name\":\"A6XX2 Kr\u016btin\u0117s treniruoklis &#8211; spaudimas s\u0117dint\"}]},{\"@type\":\"WebSite\",\"@id\":\"https:\/\/gymfactory.eu\/lt\/#website\",\"url\":\"https:\/\/gymfactory.eu\/lt\/\",\"name\":\"Gym Factory\",\"description\":\"\",\"publisher\":{\"@id\":\"https:\/\/gymfactory.eu\/lt\/#organization\"},\"potentialAction\":[{\"@type\":\"SearchAction\",\"target\":{\"@type\":\"EntryPoint\",\"urlTemplate\":\"https:\/\/gymfactory.eu\/lt\/?s={search_term_string}\"},\"query-input\":{\"@type\":\"PropertyValueSpecification\",\"valueRequired\":true,\"valueName\":\"search_term_string\"}}],\"inLanguage\":\"lt-LT\"},{\"@type\":\"Organization\",\"@id\":\"https:\/\/gymfactory.eu\/lt\/#organization\",\"name\":\"Sporto sal\u0117s gamykla\",\"url\":\"https:\/\/gymfactory.eu\/lt\/\",\"logo\":{\"@type\":\"ImageObject\",\"inLanguage\":\"lt-LT\",\"@id\":\"https:\/\/gymfactory.eu\/lt\/#\/schema\/logo\/image\/\",\"url\":\"https:\/\/gymfactory.eu\/wp-content\/uploads\/2024\/11\/Component-1.svg\",\"contentUrl\":\"https:\/\/gymfactory.eu\/wp-content\/uploads\/2024\/11\/Component-1.svg\",\"width\":54,\"height\":44,\"caption\":\"Sporto sal\u0117s gamykla\"},\"image\":{\"@id\":\"https:\/\/gymfactory.eu\/lt\/#\/schema\/logo\/image\/\"}}]}<\/script>\n<!-- \/ Yoast SEO plugin. -->","yoast_head_json":{"title":"A6XX2 S\u0117dimoji kr\u016btin\u0117s spaudos treniruokli\u0173 sal\u0117, skirta j\u0117gos treniruot\u0117ms","description":"Sporto sal\u0117s \u012franga, skirta vir\u0161utin\u0117s k\u016bno dalies treniruot\u0117ms, A6XX2 s\u0117dimas kr\u016btin\u0117s spaudimo aparatas skirtas kr\u016btin\u0117s, pe\u010di\u0173 ir triceps\u0173 raumenims treniruoti nam\u0173 ar komercin\u0117se sporto sal\u0117se.","robots":{"index":"index","follow":"follow","max-snippet":"max-snippet:-1","max-image-preview":"max-image-preview:large","max-video-preview":"max-video-preview:-1"},"canonical":"https:\/\/gymfactory.eu\/lt\/produktas\/a6xx2-sedintis-krutines-spaudimo-aparatas\/","og_locale":"lt_LT","og_type":"article","og_title":"A6XX2 S\u0117dimoji kr\u016btin\u0117s spaudos treniruokli\u0173 sal\u0117, skirta j\u0117gos treniruot\u0117ms","og_description":"Sporto sal\u0117s \u012franga, skirta vir\u0161utin\u0117s k\u016bno dalies treniruot\u0117ms, A6XX2 s\u0117dimas kr\u016btin\u0117s spaudimo aparatas skirtas kr\u016btin\u0117s, pe\u010di\u0173 ir triceps\u0173 raumenims treniruoti nam\u0173 ar komercin\u0117se sporto sal\u0117se.","og_url":"https:\/\/gymfactory.eu\/lt\/produktas\/a6xx2-sedintis-krutines-spaudimo-aparatas\/","og_site_name":"Gym Factory","article_modified_time":"2025-11-20T10:47:03+00:00","og_image":[{"width":1500,"height":1500,"url":"https:\/\/gymfactory.eu\/wp-content\/uploads\/2025\/01\/black-A6XX2-gym-machine-1.webp","type":"image\/webp"}],"twitter_card":"summary_large_image","twitter_misc":{"Est. reading time":"1 minut\u0117"},"schema":{"@context":"https:\/\/schema.org","@graph":[{"@type":"WebPage","@id":"https:\/\/gymfactory.eu\/lt\/produktas\/a6xx2-sedintis-krutines-spaudimo-aparatas\/","url":"https:\/\/gymfactory.eu\/lt\/produktas\/a6xx2-sedintis-krutines-spaudimo-aparatas\/","name":"A6XX2 S\u0117dimoji kr\u016btin\u0117s spaudos treniruokli\u0173 sal\u0117, skirta j\u0117gos treniruot\u0117ms","isPartOf":{"@id":"https:\/\/gymfactory.eu\/lt\/#website"},"primaryImageOfPage":{"@id":"https:\/\/gymfactory.eu\/lt\/produktas\/a6xx2-sedintis-krutines-spaudimo-aparatas\/#primaryimage"},"image":{"@id":"https:\/\/gymfactory.eu\/lt\/produktas\/a6xx2-sedintis-krutines-spaudimo-aparatas\/#primaryimage"},"thumbnailUrl":"https:\/\/gymfactory.eu\/wp-content\/uploads\/2025\/01\/black-A6XX2-gym-machine-1.webp","datePublished":"2025-01-27T10:54:41+00:00","dateModified":"2025-11-20T10:47:03+00:00","description":"Sporto sal\u0117s \u012franga, skirta vir\u0161utin\u0117s k\u016bno dalies treniruot\u0117ms, A6XX2 s\u0117dimas kr\u016btin\u0117s spaudimo aparatas skirtas kr\u016btin\u0117s, pe\u010di\u0173 ir triceps\u0173 raumenims treniruoti nam\u0173 ar komercin\u0117se sporto sal\u0117se.","breadcrumb":{"@id":"https:\/\/gymfactory.eu\/lt\/produktas\/a6xx2-sedintis-krutines-spaudimo-aparatas\/#breadcrumb"},"inLanguage":"lt-LT","potentialAction":[{"@type":"ReadAction","target":["https:\/\/gymfactory.eu\/lt\/produktas\/a6xx2-sedintis-krutines-spaudimo-aparatas\/"]}]},{"@type":"ImageObject","inLanguage":"lt-LT","@id":"https:\/\/gymfactory.eu\/lt\/produktas\/a6xx2-sedintis-krutines-spaudimo-aparatas\/#primaryimage","url":"https:\/\/gymfactory.eu\/wp-content\/uploads\/2025\/01\/black-A6XX2-gym-machine-1.webp","contentUrl":"https:\/\/gymfactory.eu\/wp-content\/uploads\/2025\/01\/black-A6XX2-gym-machine-1.webp","width":1500,"height":1500,"caption":"A6XX2 juodos spalvos treniruoklis turi tvirt\u0105 plienin\u012f r\u0117m\u0105, ergonomi\u0161k\u0105 pamink\u0161tint\u0105 s\u0117dyn\u0119 ir daugyb\u0119 ranken\u0173, skirt\u0173 \u012fvairiapus\u0117ms j\u0117gos treniruot\u0117ms. \u0160is treniruoklis sukurtas taip, kad b\u016bt\u0173 patvarus ir u\u017etikrint\u0173 viso k\u016bno treniruot\u0119, tod\u0117l idealiai tinka nam\u0173 ir komercin\u0117ms treniruokli\u0173 sal\u0117ms."},{"@type":"BreadcrumbList","@id":"https:\/\/gymfactory.eu\/lt\/produktas\/a6xx2-sedintis-krutines-spaudimo-aparatas\/#breadcrumb","itemListElement":[{"@type":"ListItem","position":1,"name":"Pagrindinis","item":"https:\/\/gymfactory.eu\/lt\/"},{"@type":"ListItem","position":2,"name":"Katalogas","item":"https:\/\/gymfactory.eu\/lt\/katalogas\/"},{"@type":"ListItem","position":3,"name":"A6XX2 Kr\u016btin\u0117s treniruoklis &#8211; spaudimas s\u0117dint"}]},{"@type":"WebSite","@id":"https:\/\/gymfactory.eu\/lt\/#website","url":"https:\/\/gymfactory.eu\/lt\/","name":"Gym Factory","description":"","publisher":{"@id":"https:\/\/gymfactory.eu\/lt\/#organization"},"potentialAction":[{"@type":"SearchAction","target":{"@type":"EntryPoint","urlTemplate":"https:\/\/gymfactory.eu\/lt\/?s={search_term_string}"},"query-input":{"@type":"PropertyValueSpecification","valueRequired":true,"valueName":"search_term_string"}}],"inLanguage":"lt-LT"},{"@type":"Organization","@id":"https:\/\/gymfactory.eu\/lt\/#organization","name":"Sporto sal\u0117s gamykla","url":"https:\/\/gymfactory.eu\/lt\/","logo":{"@type":"ImageObject","inLanguage":"lt-LT","@id":"https:\/\/gymfactory.eu\/lt\/#\/schema\/logo\/image\/","url":"https:\/\/gymfactory.eu\/wp-content\/uploads\/2024\/11\/Component-1.svg","contentUrl":"https:\/\/gymfactory.eu\/wp-content\/uploads\/2024\/11\/Component-1.svg","width":54,"height":44,"caption":"Sporto sal\u0117s gamykla"},"image":{"@id":"https:\/\/gymfactory.eu\/lt\/#\/schema\/logo\/image\/"}}]}},"_links":{"self":[{"href":"https:\/\/gymfactory.eu\/lt\/wp-json\/wp\/v2\/product\/10664","targetHints":{"allow":["GET"]}}],"collection":[{"href":"https:\/\/gymfactory.eu\/lt\/wp-json\/wp\/v2\/product"}],"about":[{"href":"https:\/\/gymfactory.eu\/lt\/wp-json\/wp\/v2\/types\/product"}],"wp:featuredmedia":[{"embeddable":true,"href":"https:\/\/gymfactory.eu\/lt\/wp-json\/wp\/v2\/media\/8263"}],"wp:attachment":[{"href":"https:\/\/gymfactory.eu\/lt\/wp-json\/wp\/v2\/media?parent=10664"}],"wp:term":[{"taxonomy":"product_brand","embeddable":true,"href":"https:\/\/gymfactory.eu\/lt\/wp-json\/wp\/v2\/product_brand?post=10664"},{"taxonomy":"product_cat","embeddable":true,"href":"https:\/\/gymfactory.eu\/lt\/wp-json\/wp\/v2\/product_cat?post=10664"},{"taxonomy":"product_tag","embeddable":true,"href":"https:\/\/gymfactory.eu\/lt\/wp-json\/wp\/v2\/product_tag?post=10664"}],"curies":[{"name":"wp","href":"https:\/\/api.w.org\/{rel}","templated":true}]}}