{"id":10658,"date":"2025-02-04T12:30:22","date_gmt":"2025-02-04T10:30:22","guid":{"rendered":"https:\/\/gymfactory.eu\/product\/r3x-svytuokles-pritupimu-masina\/"},"modified":"2025-11-21T15:39:02","modified_gmt":"2025-11-21T13:39:02","slug":"r3x-svytuokles-pritupimu-masina","status":"publish","type":"product","link":"https:\/\/gymfactory.eu\/lt\/produktas\/r3x-svytuokles-pritupimu-masina\/","title":{"rendered":"R3X Prit\u016bpim\u0173 treniruoklis"},"content":{"rendered":"<p>R3X prit\u016bpim\u0173 treniruoklis sukurtas kontroliuotai ir efektyviai apatinei k\u016bno daliai treniruoti \u2013 tiek namuose, tiek profesionaliose sporto sal\u0117se. Lyginant su R3 modeliu, \u0161i versija turi reguliuojam\u0105 p\u0117d\u0173 platformos kamp\u0105 ir atstum\u0105, tod\u0117l galima tiksliau prisitaikyti prie skirting\u0173 prit\u016bpim\u0173 stili\u0173 ir individualios anatomijos.<\/p>\n<p>Treniruoklis leid\u017eia atlikti svirtinio tipo prit\u016bpimus, kurie aktyvina keturgalvius \u0161launies raumenis, s\u0117dmenis ir u\u017epakalinius \u0161laun\u0173 raumenis. Taip pat galima atlikti blauzd\u0173 k\u0117limus, stiprinant apatin\u0119 koj\u0173 dal\u012f. Kei\u010diant p\u0117d\u0173 pad\u0117t\u012f \u2013 siauresn\u0119 ar platesn\u0119 \u2013 galima perkelti kr\u016bvio akcent\u0105 \u012f skirtingas raumen\u0173 grupes.<\/p>\n<p>\u012erenginys turi kelias startines pad\u0117tis, galin\u012f saugos stabd\u012f, kuris nustato judesio amplitud\u0119, ir rie\u0161u valdom\u0105 u\u017erakinimo mechanizm\u0105, kuris taip pat veikia kaip atramos rankena judesio metu.<\/p>\n<p>R3X \u2013 tai i\u0161manesnis ir lankstesnis sprendimas sportuojantiems, kurie ie\u0161ko daugiau individualaus prisitaikymo, saugumo ir kontrol\u0117s apatin\u0117s k\u016bno dalies treniruot\u0117se.<\/p>\n\n    <div class=\"xs_social_share_widget xs_share_url after_content \t\tmain_content  wslu-style-1 wslu-share-box-shaped wslu-fill-colored wslu-none wslu-share-horizontal wslu-theme-font-no wslu-main_content\">\n\n\t\t\n        <ul>\n\t\t\t        <\/ul>\n    <\/div> \n","protected":false},"excerpt":{"rendered":"<p>R3X prit\u016bpim\u0173 treniruoklis sukurtas kontroliuotai ir efektyviai apatinei k\u016bno daliai treniruoti \u2013 tiek namuose, tiek profesionaliose sporto sal\u0117se. Lyginant su R3 modeliu, \u0161i versija turi reguliuojam\u0105 p\u0117d\u0173 platformos kamp\u0105 ir atstum\u0105, tod\u0117l galima tiksliau prisitaikyti prie skirting\u0173 prit\u016bpim\u0173 stili\u0173 ir individualios anatomijos. Treniruoklis leid\u017eia atlikti svirtinio tipo prit\u016bpimus, kurie aktyvina keturgalvius \u0161launies raumenis, s\u0117dmenis ir [&hellip;]<\/p>\n","protected":false},"featured_media":8252,"template":"","meta":{"_acf_changed":false},"product_brand":[817],"product_cat":[421],"product_tag":[],"class_list":{"0":"post-10658","1":"product","2":"type-product","3":"status-publish","4":"has-post-thumbnail","6":"product_brand-gym-factory-lt","7":"product_cat-laisvu-svoriu-treniruokliai","9":"first","10":"onbackorder","11":"taxable","12":"shipping-taxable","13":"purchasable","14":"product-type-variable","15":"has-default-attributes"},"acf":[],"yoast_head":"<!-- This site is optimized with the Yoast SEO plugin v25.2 - https:\/\/yoast.com\/wordpress\/plugins\/seo\/ -->\n<title>R3X \u0161vytuoklin\u0117 prit\u016bpim\u0173 ma\u0161ina | Sporto sal\u0117s \u012franga apatinei k\u016bno daliai<\/title>\n<meta name=\"description\" content=\"Norite sustiprinti apatin\u0119 k\u016bno dal\u012f? R3X \u0161vytuoklinis prit\u016bpim\u0173 treniruoklis - tai treniruokli\u0173 sal\u0117s \u012franga, skirta galingoms ir s\u0105nariams nekenksmingoms koj\u0173 treniruot\u0117ms.\" \/>\n<meta name=\"robots\" content=\"index, follow, max-snippet:-1, max-image-preview:large, max-video-preview:-1\" \/>\n<link rel=\"canonical\" href=\"https:\/\/gymfactory.eu\/lt\/produktas\/r3x-svytuokles-pritupimu-masina\/\" \/>\n<meta property=\"og:locale\" content=\"lt_LT\" \/>\n<meta property=\"og:type\" content=\"article\" \/>\n<meta property=\"og:title\" content=\"R3X \u0161vytuoklin\u0117 prit\u016bpim\u0173 ma\u0161ina | Sporto sal\u0117s \u012franga apatinei k\u016bno daliai\" \/>\n<meta property=\"og:description\" content=\"Norite sustiprinti apatin\u0119 k\u016bno dal\u012f? R3X \u0161vytuoklinis prit\u016bpim\u0173 treniruoklis - tai treniruokli\u0173 sal\u0117s \u012franga, skirta galingoms ir s\u0105nariams nekenksmingoms koj\u0173 treniruot\u0117ms.\" \/>\n<meta property=\"og:url\" content=\"https:\/\/gymfactory.eu\/lt\/produktas\/r3x-svytuokles-pritupimu-masina\/\" \/>\n<meta property=\"og:site_name\" content=\"Gym Factory\" \/>\n<meta property=\"article:modified_time\" content=\"2025-11-21T13:39:02+00:00\" \/>\n<meta property=\"og:image\" content=\"https:\/\/gymfactory.eu\/wp-content\/uploads\/2025\/02\/gym-machine-R3X-pendulum-squat-side-view-1.webp\" \/>\n\t<meta property=\"og:image:width\" content=\"1500\" \/>\n\t<meta property=\"og:image:height\" content=\"1500\" \/>\n\t<meta property=\"og:image:type\" content=\"image\/webp\" \/>\n<meta name=\"twitter:card\" content=\"summary_large_image\" \/>\n<meta name=\"twitter:label1\" content=\"Est. reading time\" \/>\n\t<meta name=\"twitter:data1\" content=\"1 minut\u0117\" \/>\n<script type=\"application\/ld+json\" class=\"yoast-schema-graph\">{\"@context\":\"https:\/\/schema.org\",\"@graph\":[{\"@type\":\"WebPage\",\"@id\":\"https:\/\/gymfactory.eu\/lt\/produktas\/r3x-svytuokles-pritupimu-masina\/\",\"url\":\"https:\/\/gymfactory.eu\/lt\/produktas\/r3x-svytuokles-pritupimu-masina\/\",\"name\":\"R3X \u0161vytuoklin\u0117 prit\u016bpim\u0173 ma\u0161ina | Sporto sal\u0117s \u012franga apatinei k\u016bno daliai\",\"isPartOf\":{\"@id\":\"https:\/\/gymfactory.eu\/lt\/#website\"},\"primaryImageOfPage\":{\"@id\":\"https:\/\/gymfactory.eu\/lt\/produktas\/r3x-svytuokles-pritupimu-masina\/#primaryimage\"},\"image\":{\"@id\":\"https:\/\/gymfactory.eu\/lt\/produktas\/r3x-svytuokles-pritupimu-masina\/#primaryimage\"},\"thumbnailUrl\":\"https:\/\/gymfactory.eu\/wp-content\/uploads\/2025\/02\/gym-machine-R3X-pendulum-squat-side-view-1.webp\",\"datePublished\":\"2025-02-04T10:30:22+00:00\",\"dateModified\":\"2025-11-21T13:39:02+00:00\",\"description\":\"Norite sustiprinti apatin\u0119 k\u016bno dal\u012f? R3X \u0161vytuoklinis prit\u016bpim\u0173 treniruoklis - tai treniruokli\u0173 sal\u0117s \u012franga, skirta galingoms ir s\u0105nariams nekenksmingoms koj\u0173 treniruot\u0117ms.\",\"breadcrumb\":{\"@id\":\"https:\/\/gymfactory.eu\/lt\/produktas\/r3x-svytuokles-pritupimu-masina\/#breadcrumb\"},\"inLanguage\":\"lt-LT\",\"potentialAction\":[{\"@type\":\"ReadAction\",\"target\":[\"https:\/\/gymfactory.eu\/lt\/produktas\/r3x-svytuokles-pritupimu-masina\/\"]}]},{\"@type\":\"ImageObject\",\"inLanguage\":\"lt-LT\",\"@id\":\"https:\/\/gymfactory.eu\/lt\/produktas\/r3x-svytuokles-pritupimu-masina\/#primaryimage\",\"url\":\"https:\/\/gymfactory.eu\/wp-content\/uploads\/2025\/02\/gym-machine-R3X-pendulum-squat-side-view-1.webp\",\"contentUrl\":\"https:\/\/gymfactory.eu\/wp-content\/uploads\/2025\/02\/gym-machine-R3X-pendulum-squat-side-view-1.webp\",\"width\":1500,\"height\":1500,\"caption\":\"\u0160vytuoklinis prit\u016bpim\u0173 treniruoklis R3X i\u0161 \u0161ono u\u017efiksuoja kampu pasukt\u0105 jud\u0117jimo trajektorij\u0105 ir ergonomi\u0161k\u0105 nugaros pagalv\u0117l\u0117s dizain\u0105. \u0160is plok\u0161t\u0117mis apkrautas treniruoklis puikiai tinka laipsni\u0161kos perkrovos treniruot\u0117ms, tod\u0117l sportininkai ir kult\u016bristai ilgainiui gali didinti pasiprie\u0161inim\u0105.\"},{\"@type\":\"BreadcrumbList\",\"@id\":\"https:\/\/gymfactory.eu\/lt\/produktas\/r3x-svytuokles-pritupimu-masina\/#breadcrumb\",\"itemListElement\":[{\"@type\":\"ListItem\",\"position\":1,\"name\":\"Pagrindinis\",\"item\":\"https:\/\/gymfactory.eu\/lt\/\"},{\"@type\":\"ListItem\",\"position\":2,\"name\":\"Katalogas\",\"item\":\"https:\/\/gymfactory.eu\/lt\/katalogas\/\"},{\"@type\":\"ListItem\",\"position\":3,\"name\":\"R3X Prit\u016bpim\u0173 treniruoklis\"}]},{\"@type\":\"WebSite\",\"@id\":\"https:\/\/gymfactory.eu\/lt\/#website\",\"url\":\"https:\/\/gymfactory.eu\/lt\/\",\"name\":\"Gym Factory\",\"description\":\"\",\"publisher\":{\"@id\":\"https:\/\/gymfactory.eu\/lt\/#organization\"},\"potentialAction\":[{\"@type\":\"SearchAction\",\"target\":{\"@type\":\"EntryPoint\",\"urlTemplate\":\"https:\/\/gymfactory.eu\/lt\/?s={search_term_string}\"},\"query-input\":{\"@type\":\"PropertyValueSpecification\",\"valueRequired\":true,\"valueName\":\"search_term_string\"}}],\"inLanguage\":\"lt-LT\"},{\"@type\":\"Organization\",\"@id\":\"https:\/\/gymfactory.eu\/lt\/#organization\",\"name\":\"Sporto sal\u0117s gamykla\",\"url\":\"https:\/\/gymfactory.eu\/lt\/\",\"logo\":{\"@type\":\"ImageObject\",\"inLanguage\":\"lt-LT\",\"@id\":\"https:\/\/gymfactory.eu\/lt\/#\/schema\/logo\/image\/\",\"url\":\"https:\/\/gymfactory.eu\/wp-content\/uploads\/2024\/11\/Component-1.svg\",\"contentUrl\":\"https:\/\/gymfactory.eu\/wp-content\/uploads\/2024\/11\/Component-1.svg\",\"width\":54,\"height\":44,\"caption\":\"Sporto sal\u0117s gamykla\"},\"image\":{\"@id\":\"https:\/\/gymfactory.eu\/lt\/#\/schema\/logo\/image\/\"}}]}<\/script>\n<!-- \/ Yoast SEO plugin. -->","yoast_head_json":{"title":"R3X \u0161vytuoklin\u0117 prit\u016bpim\u0173 ma\u0161ina | Sporto sal\u0117s \u012franga apatinei k\u016bno daliai","description":"Norite sustiprinti apatin\u0119 k\u016bno dal\u012f? R3X \u0161vytuoklinis prit\u016bpim\u0173 treniruoklis - tai treniruokli\u0173 sal\u0117s \u012franga, skirta galingoms ir s\u0105nariams nekenksmingoms koj\u0173 treniruot\u0117ms.","robots":{"index":"index","follow":"follow","max-snippet":"max-snippet:-1","max-image-preview":"max-image-preview:large","max-video-preview":"max-video-preview:-1"},"canonical":"https:\/\/gymfactory.eu\/lt\/produktas\/r3x-svytuokles-pritupimu-masina\/","og_locale":"lt_LT","og_type":"article","og_title":"R3X \u0161vytuoklin\u0117 prit\u016bpim\u0173 ma\u0161ina | Sporto sal\u0117s \u012franga apatinei k\u016bno daliai","og_description":"Norite sustiprinti apatin\u0119 k\u016bno dal\u012f? R3X \u0161vytuoklinis prit\u016bpim\u0173 treniruoklis - tai treniruokli\u0173 sal\u0117s \u012franga, skirta galingoms ir s\u0105nariams nekenksmingoms koj\u0173 treniruot\u0117ms.","og_url":"https:\/\/gymfactory.eu\/lt\/produktas\/r3x-svytuokles-pritupimu-masina\/","og_site_name":"Gym Factory","article_modified_time":"2025-11-21T13:39:02+00:00","og_image":[{"width":1500,"height":1500,"url":"https:\/\/gymfactory.eu\/wp-content\/uploads\/2025\/02\/gym-machine-R3X-pendulum-squat-side-view-1.webp","type":"image\/webp"}],"twitter_card":"summary_large_image","twitter_misc":{"Est. reading time":"1 minut\u0117"},"schema":{"@context":"https:\/\/schema.org","@graph":[{"@type":"WebPage","@id":"https:\/\/gymfactory.eu\/lt\/produktas\/r3x-svytuokles-pritupimu-masina\/","url":"https:\/\/gymfactory.eu\/lt\/produktas\/r3x-svytuokles-pritupimu-masina\/","name":"R3X \u0161vytuoklin\u0117 prit\u016bpim\u0173 ma\u0161ina | Sporto sal\u0117s \u012franga apatinei k\u016bno daliai","isPartOf":{"@id":"https:\/\/gymfactory.eu\/lt\/#website"},"primaryImageOfPage":{"@id":"https:\/\/gymfactory.eu\/lt\/produktas\/r3x-svytuokles-pritupimu-masina\/#primaryimage"},"image":{"@id":"https:\/\/gymfactory.eu\/lt\/produktas\/r3x-svytuokles-pritupimu-masina\/#primaryimage"},"thumbnailUrl":"https:\/\/gymfactory.eu\/wp-content\/uploads\/2025\/02\/gym-machine-R3X-pendulum-squat-side-view-1.webp","datePublished":"2025-02-04T10:30:22+00:00","dateModified":"2025-11-21T13:39:02+00:00","description":"Norite sustiprinti apatin\u0119 k\u016bno dal\u012f? R3X \u0161vytuoklinis prit\u016bpim\u0173 treniruoklis - tai treniruokli\u0173 sal\u0117s \u012franga, skirta galingoms ir s\u0105nariams nekenksmingoms koj\u0173 treniruot\u0117ms.","breadcrumb":{"@id":"https:\/\/gymfactory.eu\/lt\/produktas\/r3x-svytuokles-pritupimu-masina\/#breadcrumb"},"inLanguage":"lt-LT","potentialAction":[{"@type":"ReadAction","target":["https:\/\/gymfactory.eu\/lt\/produktas\/r3x-svytuokles-pritupimu-masina\/"]}]},{"@type":"ImageObject","inLanguage":"lt-LT","@id":"https:\/\/gymfactory.eu\/lt\/produktas\/r3x-svytuokles-pritupimu-masina\/#primaryimage","url":"https:\/\/gymfactory.eu\/wp-content\/uploads\/2025\/02\/gym-machine-R3X-pendulum-squat-side-view-1.webp","contentUrl":"https:\/\/gymfactory.eu\/wp-content\/uploads\/2025\/02\/gym-machine-R3X-pendulum-squat-side-view-1.webp","width":1500,"height":1500,"caption":"\u0160vytuoklinis prit\u016bpim\u0173 treniruoklis R3X i\u0161 \u0161ono u\u017efiksuoja kampu pasukt\u0105 jud\u0117jimo trajektorij\u0105 ir ergonomi\u0161k\u0105 nugaros pagalv\u0117l\u0117s dizain\u0105. \u0160is plok\u0161t\u0117mis apkrautas treniruoklis puikiai tinka laipsni\u0161kos perkrovos treniruot\u0117ms, tod\u0117l sportininkai ir kult\u016bristai ilgainiui gali didinti pasiprie\u0161inim\u0105."},{"@type":"BreadcrumbList","@id":"https:\/\/gymfactory.eu\/lt\/produktas\/r3x-svytuokles-pritupimu-masina\/#breadcrumb","itemListElement":[{"@type":"ListItem","position":1,"name":"Pagrindinis","item":"https:\/\/gymfactory.eu\/lt\/"},{"@type":"ListItem","position":2,"name":"Katalogas","item":"https:\/\/gymfactory.eu\/lt\/katalogas\/"},{"@type":"ListItem","position":3,"name":"R3X Prit\u016bpim\u0173 treniruoklis"}]},{"@type":"WebSite","@id":"https:\/\/gymfactory.eu\/lt\/#website","url":"https:\/\/gymfactory.eu\/lt\/","name":"Gym Factory","description":"","publisher":{"@id":"https:\/\/gymfactory.eu\/lt\/#organization"},"potentialAction":[{"@type":"SearchAction","target":{"@type":"EntryPoint","urlTemplate":"https:\/\/gymfactory.eu\/lt\/?s={search_term_string}"},"query-input":{"@type":"PropertyValueSpecification","valueRequired":true,"valueName":"search_term_string"}}],"inLanguage":"lt-LT"},{"@type":"Organization","@id":"https:\/\/gymfactory.eu\/lt\/#organization","name":"Sporto sal\u0117s gamykla","url":"https:\/\/gymfactory.eu\/lt\/","logo":{"@type":"ImageObject","inLanguage":"lt-LT","@id":"https:\/\/gymfactory.eu\/lt\/#\/schema\/logo\/image\/","url":"https:\/\/gymfactory.eu\/wp-content\/uploads\/2024\/11\/Component-1.svg","contentUrl":"https:\/\/gymfactory.eu\/wp-content\/uploads\/2024\/11\/Component-1.svg","width":54,"height":44,"caption":"Sporto sal\u0117s gamykla"},"image":{"@id":"https:\/\/gymfactory.eu\/lt\/#\/schema\/logo\/image\/"}}]}},"_links":{"self":[{"href":"https:\/\/gymfactory.eu\/lt\/wp-json\/wp\/v2\/product\/10658","targetHints":{"allow":["GET"]}}],"collection":[{"href":"https:\/\/gymfactory.eu\/lt\/wp-json\/wp\/v2\/product"}],"about":[{"href":"https:\/\/gymfactory.eu\/lt\/wp-json\/wp\/v2\/types\/product"}],"wp:featuredmedia":[{"embeddable":true,"href":"https:\/\/gymfactory.eu\/lt\/wp-json\/wp\/v2\/media\/8252"}],"wp:attachment":[{"href":"https:\/\/gymfactory.eu\/lt\/wp-json\/wp\/v2\/media?parent=10658"}],"wp:term":[{"taxonomy":"product_brand","embeddable":true,"href":"https:\/\/gymfactory.eu\/lt\/wp-json\/wp\/v2\/product_brand?post=10658"},{"taxonomy":"product_cat","embeddable":true,"href":"https:\/\/gymfactory.eu\/lt\/wp-json\/wp\/v2\/product_cat?post=10658"},{"taxonomy":"product_tag","embeddable":true,"href":"https:\/\/gymfactory.eu\/lt\/wp-json\/wp\/v2\/product_tag?post=10658"}],"curies":[{"name":"wp","href":"https:\/\/api.w.org\/{rel}","templated":true}]}}