{"id":10652,"date":"2025-02-04T11:39:14","date_gmt":"2025-02-04T09:39:14","guid":{"rendered":"https:\/\/gymfactory.eu\/product\/r2-sverto-pritupimo-masina\/"},"modified":"2025-11-21T15:31:12","modified_gmt":"2025-11-21T13:31:12","slug":"r2-sverto-pritupimo-masina","status":"publish","type":"product","link":"https:\/\/gymfactory.eu\/lt\/produktas\/r2-sverto-pritupimo-masina\/","title":{"rendered":"R2 Prit\u016bpim\u0173 treniruoklis"},"content":{"rendered":"<p>R2 prit\u016bpim\u0173 treniruoklis sukurtas saugiai ir efektyviai apatinei k\u016bno daliai treniruoti. Tvirta konstrukcija, neslystanti p\u0117d\u0173 platforma ir pamink\u0161tintos pe\u010di\u0173 atramos padeda i\u0161laikyti taisykling\u0105 technik\u0105 per vis\u0105 judesio eig\u0105 \u2013 tiek nam\u0173 s\u0105lygomis, tiek profesionalioje sporto sal\u0117je.<\/p>\n<p>Treniruoklis pritaikytas svirtiniams prit\u016bpimams, taip pat leid\u017eia atlikti \u012ft\u016bpstus ir stovimus blauzd\u0173 k\u0117limus. \u0160ie pratimai aktyvina pagrindinius apatinius raumenis: keturgalvius, s\u0117dmenis, u\u017epakalinius \u0161laun\u0173 raumenis ir blauzdas \u2013 padedant lavinti j\u0117g\u0105, raumen\u0173 i\u0161tverm\u0119 ir stabilum\u0105.<\/p>\n<p>Integruotas fiksavimo mechanizmas leid\u017eia prad\u0117ti pratim\u0105 i\u0161 patogesn\u0117s pad\u0117ties, o j\u012f atleidus \u2013 jud\u0117ti per vis\u0105 judesio amplitud\u0119. \u0160onin\u0117s rankenos suteikia papildom\u0105 atram\u0105 ir stabilum\u0105 judesio metu.<\/p>\n<p>R2 \u2013 tai prakti\u0161kas sprendimas tiems, kurie ie\u0161ko universalios ir saugios platformos apatinei k\u016bno daliai stiprinti.<\/p>\n\n    <div class=\"xs_social_share_widget xs_share_url after_content \t\tmain_content  wslu-style-1 wslu-share-box-shaped wslu-fill-colored wslu-none wslu-share-horizontal wslu-theme-font-no wslu-main_content\">\n\n\t\t\n        <ul>\n\t\t\t        <\/ul>\n    <\/div> \n","protected":false},"excerpt":{"rendered":"<p>R2 prit\u016bpim\u0173 treniruoklis sukurtas saugiai ir efektyviai apatinei k\u016bno daliai treniruoti. Tvirta konstrukcija, neslystanti p\u0117d\u0173 platforma ir pamink\u0161tintos pe\u010di\u0173 atramos padeda i\u0161laikyti taisykling\u0105 technik\u0105 per vis\u0105 judesio eig\u0105 \u2013 tiek nam\u0173 s\u0105lygomis, tiek profesionalioje sporto sal\u0117je. Treniruoklis pritaikytas svirtiniams prit\u016bpimams, taip pat leid\u017eia atlikti \u012ft\u016bpstus ir stovimus blauzd\u0173 k\u0117limus. \u0160ie pratimai aktyvina pagrindinius apatinius raumenis: [&hellip;]<\/p>\n","protected":false},"featured_media":28156,"template":"","meta":{"_acf_changed":false},"product_brand":[817],"product_cat":[421],"product_tag":[],"class_list":{"0":"post-10652","1":"product","2":"type-product","3":"status-publish","4":"has-post-thumbnail","6":"product_brand-gym-factory-lt","7":"product_cat-laisvu-svoriu-treniruokliai","9":"first","10":"onbackorder","11":"taxable","12":"shipping-taxable","13":"purchasable","14":"product-type-variable","15":"has-default-attributes"},"acf":[],"yoast_head":"<!-- This site is optimized with the Yoast SEO plugin v25.2 - https:\/\/yoast.com\/wordpress\/plugins\/seo\/ -->\n<title>R2 prit\u016bpim\u0173 ma\u0161ina | J\u0117gos treniruo\u010di\u0173 \u012franga<\/title>\n<meta name=\"description\" content=\"Ie\u0161kote galing\u0173 koj\u0173 treniruo\u010di\u0173? &quot;R2 Squat Machine&quot; yra j\u0117gos treniruokli\u0173 sal\u0117s \u012franga, sukurta saugiems, efektyviems prit\u016bpimams ir apatin\u0117s k\u016bno dalies vystymui.\" \/>\n<meta name=\"robots\" content=\"index, follow, max-snippet:-1, max-image-preview:large, max-video-preview:-1\" \/>\n<link rel=\"canonical\" href=\"https:\/\/gymfactory.eu\/lt\/produktas\/r2-sverto-pritupimo-masina\/\" \/>\n<meta property=\"og:locale\" content=\"lt_LT\" \/>\n<meta property=\"og:type\" content=\"article\" \/>\n<meta property=\"og:title\" content=\"R2 prit\u016bpim\u0173 ma\u0161ina | J\u0117gos treniruo\u010di\u0173 \u012franga\" \/>\n<meta property=\"og:description\" content=\"Ie\u0161kote galing\u0173 koj\u0173 treniruo\u010di\u0173? &quot;R2 Squat Machine&quot; yra j\u0117gos treniruokli\u0173 sal\u0117s \u012franga, sukurta saugiems, efektyviems prit\u016bpimams ir apatin\u0117s k\u016bno dalies vystymui.\" \/>\n<meta property=\"og:url\" content=\"https:\/\/gymfactory.eu\/lt\/produktas\/r2-sverto-pritupimo-masina\/\" \/>\n<meta property=\"og:site_name\" content=\"Gym Factory\" \/>\n<meta property=\"article:modified_time\" content=\"2025-11-21T13:31:12+00:00\" \/>\n<meta property=\"og:image\" content=\"https:\/\/gymfactory.eu\/wp-content\/uploads\/2025\/02\/gym-machine-R2-squat-dual-user-views-.webp\" \/>\n\t<meta property=\"og:image:width\" content=\"1500\" \/>\n\t<meta property=\"og:image:height\" content=\"1500\" \/>\n\t<meta property=\"og:image:type\" content=\"image\/webp\" \/>\n<meta name=\"twitter:card\" content=\"summary_large_image\" \/>\n<meta name=\"twitter:label1\" content=\"Est. reading time\" \/>\n\t<meta name=\"twitter:data1\" content=\"1 minut\u0117\" \/>\n<script type=\"application\/ld+json\" class=\"yoast-schema-graph\">{\"@context\":\"https:\/\/schema.org\",\"@graph\":[{\"@type\":\"WebPage\",\"@id\":\"https:\/\/gymfactory.eu\/lt\/produktas\/r2-sverto-pritupimo-masina\/\",\"url\":\"https:\/\/gymfactory.eu\/lt\/produktas\/r2-sverto-pritupimo-masina\/\",\"name\":\"R2 prit\u016bpim\u0173 ma\u0161ina | J\u0117gos treniruo\u010di\u0173 \u012franga\",\"isPartOf\":{\"@id\":\"https:\/\/gymfactory.eu\/lt\/#website\"},\"primaryImageOfPage\":{\"@id\":\"https:\/\/gymfactory.eu\/lt\/produktas\/r2-sverto-pritupimo-masina\/#primaryimage\"},\"image\":{\"@id\":\"https:\/\/gymfactory.eu\/lt\/produktas\/r2-sverto-pritupimo-masina\/#primaryimage\"},\"thumbnailUrl\":\"https:\/\/gymfactory.eu\/wp-content\/uploads\/2025\/02\/gym-machine-R2-squat-dual-user-views-1.webp\",\"datePublished\":\"2025-02-04T09:39:14+00:00\",\"dateModified\":\"2025-11-21T13:31:12+00:00\",\"description\":\"Ie\u0161kote galing\u0173 koj\u0173 treniruo\u010di\u0173? \\\"R2 Squat Machine\\\" yra j\u0117gos treniruokli\u0173 sal\u0117s \u012franga, sukurta saugiems, efektyviems prit\u016bpimams ir apatin\u0117s k\u016bno dalies vystymui.\",\"breadcrumb\":{\"@id\":\"https:\/\/gymfactory.eu\/lt\/produktas\/r2-sverto-pritupimo-masina\/#breadcrumb\"},\"inLanguage\":\"lt-LT\",\"potentialAction\":[{\"@type\":\"ReadAction\",\"target\":[\"https:\/\/gymfactory.eu\/lt\/produktas\/r2-sverto-pritupimo-masina\/\"]}]},{\"@type\":\"ImageObject\",\"inLanguage\":\"lt-LT\",\"@id\":\"https:\/\/gymfactory.eu\/lt\/produktas\/r2-sverto-pritupimo-masina\/#primaryimage\",\"url\":\"https:\/\/gymfactory.eu\/wp-content\/uploads\/2025\/02\/gym-machine-R2-squat-dual-user-views-1.webp\",\"contentUrl\":\"https:\/\/gymfactory.eu\/wp-content\/uploads\/2025\/02\/gym-machine-R2-squat-dual-user-views-1.webp\",\"width\":1500,\"height\":1500,\"caption\":\"A rear view of the\u00a0Gym Machine R2 \u2013 Squat Machine, emphasizing its\u00a0reinforced structure and plate-loaded weight system. The\u00a0ergonomic design and biomechanical movement\u00a0ensure\u00a0proper muscle activation, making this\u00a0gym equipment essential for leg day workouts.\"},{\"@type\":\"BreadcrumbList\",\"@id\":\"https:\/\/gymfactory.eu\/lt\/produktas\/r2-sverto-pritupimo-masina\/#breadcrumb\",\"itemListElement\":[{\"@type\":\"ListItem\",\"position\":1,\"name\":\"Pagrindinis\",\"item\":\"https:\/\/gymfactory.eu\/lt\/\"},{\"@type\":\"ListItem\",\"position\":2,\"name\":\"Katalogas\",\"item\":\"https:\/\/gymfactory.eu\/lt\/katalogas\/\"},{\"@type\":\"ListItem\",\"position\":3,\"name\":\"R2 Prit\u016bpim\u0173 treniruoklis\"}]},{\"@type\":\"WebSite\",\"@id\":\"https:\/\/gymfactory.eu\/lt\/#website\",\"url\":\"https:\/\/gymfactory.eu\/lt\/\",\"name\":\"Gym Factory\",\"description\":\"\",\"publisher\":{\"@id\":\"https:\/\/gymfactory.eu\/lt\/#organization\"},\"potentialAction\":[{\"@type\":\"SearchAction\",\"target\":{\"@type\":\"EntryPoint\",\"urlTemplate\":\"https:\/\/gymfactory.eu\/lt\/?s={search_term_string}\"},\"query-input\":{\"@type\":\"PropertyValueSpecification\",\"valueRequired\":true,\"valueName\":\"search_term_string\"}}],\"inLanguage\":\"lt-LT\"},{\"@type\":\"Organization\",\"@id\":\"https:\/\/gymfactory.eu\/lt\/#organization\",\"name\":\"Sporto sal\u0117s gamykla\",\"url\":\"https:\/\/gymfactory.eu\/lt\/\",\"logo\":{\"@type\":\"ImageObject\",\"inLanguage\":\"lt-LT\",\"@id\":\"https:\/\/gymfactory.eu\/lt\/#\/schema\/logo\/image\/\",\"url\":\"https:\/\/gymfactory.eu\/wp-content\/uploads\/2024\/11\/Component-1.svg\",\"contentUrl\":\"https:\/\/gymfactory.eu\/wp-content\/uploads\/2024\/11\/Component-1.svg\",\"width\":54,\"height\":44,\"caption\":\"Sporto sal\u0117s gamykla\"},\"image\":{\"@id\":\"https:\/\/gymfactory.eu\/lt\/#\/schema\/logo\/image\/\"}}]}<\/script>\n<!-- \/ Yoast SEO plugin. -->","yoast_head_json":{"title":"R2 prit\u016bpim\u0173 ma\u0161ina | J\u0117gos treniruo\u010di\u0173 \u012franga","description":"Ie\u0161kote galing\u0173 koj\u0173 treniruo\u010di\u0173? \"R2 Squat Machine\" yra j\u0117gos treniruokli\u0173 sal\u0117s \u012franga, sukurta saugiems, efektyviems prit\u016bpimams ir apatin\u0117s k\u016bno dalies vystymui.","robots":{"index":"index","follow":"follow","max-snippet":"max-snippet:-1","max-image-preview":"max-image-preview:large","max-video-preview":"max-video-preview:-1"},"canonical":"https:\/\/gymfactory.eu\/lt\/produktas\/r2-sverto-pritupimo-masina\/","og_locale":"lt_LT","og_type":"article","og_title":"R2 prit\u016bpim\u0173 ma\u0161ina | J\u0117gos treniruo\u010di\u0173 \u012franga","og_description":"Ie\u0161kote galing\u0173 koj\u0173 treniruo\u010di\u0173? \"R2 Squat Machine\" yra j\u0117gos treniruokli\u0173 sal\u0117s \u012franga, sukurta saugiems, efektyviems prit\u016bpimams ir apatin\u0117s k\u016bno dalies vystymui.","og_url":"https:\/\/gymfactory.eu\/lt\/produktas\/r2-sverto-pritupimo-masina\/","og_site_name":"Gym Factory","article_modified_time":"2025-11-21T13:31:12+00:00","og_image":[{"width":1500,"height":1500,"url":"https:\/\/gymfactory.eu\/wp-content\/uploads\/2025\/02\/gym-machine-R2-squat-dual-user-views-.webp","type":"image\/webp"}],"twitter_card":"summary_large_image","twitter_misc":{"Est. reading time":"1 minut\u0117"},"schema":{"@context":"https:\/\/schema.org","@graph":[{"@type":"WebPage","@id":"https:\/\/gymfactory.eu\/lt\/produktas\/r2-sverto-pritupimo-masina\/","url":"https:\/\/gymfactory.eu\/lt\/produktas\/r2-sverto-pritupimo-masina\/","name":"R2 prit\u016bpim\u0173 ma\u0161ina | J\u0117gos treniruo\u010di\u0173 \u012franga","isPartOf":{"@id":"https:\/\/gymfactory.eu\/lt\/#website"},"primaryImageOfPage":{"@id":"https:\/\/gymfactory.eu\/lt\/produktas\/r2-sverto-pritupimo-masina\/#primaryimage"},"image":{"@id":"https:\/\/gymfactory.eu\/lt\/produktas\/r2-sverto-pritupimo-masina\/#primaryimage"},"thumbnailUrl":"https:\/\/gymfactory.eu\/wp-content\/uploads\/2025\/02\/gym-machine-R2-squat-dual-user-views-1.webp","datePublished":"2025-02-04T09:39:14+00:00","dateModified":"2025-11-21T13:31:12+00:00","description":"Ie\u0161kote galing\u0173 koj\u0173 treniruo\u010di\u0173? \"R2 Squat Machine\" yra j\u0117gos treniruokli\u0173 sal\u0117s \u012franga, sukurta saugiems, efektyviems prit\u016bpimams ir apatin\u0117s k\u016bno dalies vystymui.","breadcrumb":{"@id":"https:\/\/gymfactory.eu\/lt\/produktas\/r2-sverto-pritupimo-masina\/#breadcrumb"},"inLanguage":"lt-LT","potentialAction":[{"@type":"ReadAction","target":["https:\/\/gymfactory.eu\/lt\/produktas\/r2-sverto-pritupimo-masina\/"]}]},{"@type":"ImageObject","inLanguage":"lt-LT","@id":"https:\/\/gymfactory.eu\/lt\/produktas\/r2-sverto-pritupimo-masina\/#primaryimage","url":"https:\/\/gymfactory.eu\/wp-content\/uploads\/2025\/02\/gym-machine-R2-squat-dual-user-views-1.webp","contentUrl":"https:\/\/gymfactory.eu\/wp-content\/uploads\/2025\/02\/gym-machine-R2-squat-dual-user-views-1.webp","width":1500,"height":1500,"caption":"A rear view of the\u00a0Gym Machine R2 \u2013 Squat Machine, emphasizing its\u00a0reinforced structure and plate-loaded weight system. The\u00a0ergonomic design and biomechanical movement\u00a0ensure\u00a0proper muscle activation, making this\u00a0gym equipment essential for leg day workouts."},{"@type":"BreadcrumbList","@id":"https:\/\/gymfactory.eu\/lt\/produktas\/r2-sverto-pritupimo-masina\/#breadcrumb","itemListElement":[{"@type":"ListItem","position":1,"name":"Pagrindinis","item":"https:\/\/gymfactory.eu\/lt\/"},{"@type":"ListItem","position":2,"name":"Katalogas","item":"https:\/\/gymfactory.eu\/lt\/katalogas\/"},{"@type":"ListItem","position":3,"name":"R2 Prit\u016bpim\u0173 treniruoklis"}]},{"@type":"WebSite","@id":"https:\/\/gymfactory.eu\/lt\/#website","url":"https:\/\/gymfactory.eu\/lt\/","name":"Gym Factory","description":"","publisher":{"@id":"https:\/\/gymfactory.eu\/lt\/#organization"},"potentialAction":[{"@type":"SearchAction","target":{"@type":"EntryPoint","urlTemplate":"https:\/\/gymfactory.eu\/lt\/?s={search_term_string}"},"query-input":{"@type":"PropertyValueSpecification","valueRequired":true,"valueName":"search_term_string"}}],"inLanguage":"lt-LT"},{"@type":"Organization","@id":"https:\/\/gymfactory.eu\/lt\/#organization","name":"Sporto sal\u0117s gamykla","url":"https:\/\/gymfactory.eu\/lt\/","logo":{"@type":"ImageObject","inLanguage":"lt-LT","@id":"https:\/\/gymfactory.eu\/lt\/#\/schema\/logo\/image\/","url":"https:\/\/gymfactory.eu\/wp-content\/uploads\/2024\/11\/Component-1.svg","contentUrl":"https:\/\/gymfactory.eu\/wp-content\/uploads\/2024\/11\/Component-1.svg","width":54,"height":44,"caption":"Sporto sal\u0117s gamykla"},"image":{"@id":"https:\/\/gymfactory.eu\/lt\/#\/schema\/logo\/image\/"}}]}},"_links":{"self":[{"href":"https:\/\/gymfactory.eu\/lt\/wp-json\/wp\/v2\/product\/10652","targetHints":{"allow":["GET"]}}],"collection":[{"href":"https:\/\/gymfactory.eu\/lt\/wp-json\/wp\/v2\/product"}],"about":[{"href":"https:\/\/gymfactory.eu\/lt\/wp-json\/wp\/v2\/types\/product"}],"wp:featuredmedia":[{"embeddable":true,"href":"https:\/\/gymfactory.eu\/lt\/wp-json\/wp\/v2\/media\/28156"}],"wp:attachment":[{"href":"https:\/\/gymfactory.eu\/lt\/wp-json\/wp\/v2\/media?parent=10652"}],"wp:term":[{"taxonomy":"product_brand","embeddable":true,"href":"https:\/\/gymfactory.eu\/lt\/wp-json\/wp\/v2\/product_brand?post=10652"},{"taxonomy":"product_cat","embeddable":true,"href":"https:\/\/gymfactory.eu\/lt\/wp-json\/wp\/v2\/product_cat?post=10652"},{"taxonomy":"product_tag","embeddable":true,"href":"https:\/\/gymfactory.eu\/lt\/wp-json\/wp\/v2\/product_tag?post=10652"}],"curies":[{"name":"wp","href":"https:\/\/api.w.org\/{rel}","templated":true}]}}