{"id":10649,"date":"2025-01-28T09:57:32","date_gmt":"2025-01-28T07:57:32","guid":{"rendered":"https:\/\/gymfactory.eu\/product\/b5x-smitho-masina\/"},"modified":"2025-11-20T13:55:00","modified_gmt":"2025-11-20T11:55:00","slug":"b5x-smitho-masina","status":"publish","type":"product","link":"https:\/\/gymfactory.eu\/lt\/produktas\/b5x-smitho-masina\/","title":{"rendered":"B5X Smito treniruoklis"},"content":{"rendered":"<p>B5X \u2013 stabilus ir funkcionalus sprendimas j\u0117gos treniruot\u0117ms tiek sporto klubuose, tiek nam\u0173 sal\u0117se. Treniruoklis turi kreipian\u010di\u0173j\u0173 \u0161liau\u017etin\u012f mechanizm\u0105 su daug fiksavimo pad\u0117\u010di\u0173 \u2013 tai u\u017etikrina saug\u0173 ir kontroliuojam\u0105 judes\u012f kiekvieno pratimo metu. Su B5X galite atlikti pagrindinius apatin\u0117s k\u016bno dalies pratimus \u2013 prit\u016bpimus, \u012ft\u016bpstus, blauzd\u0173 k\u0117limus \u2013 taip pat vir\u0161utin\u0117s dalies spaudimus kr\u016btinei ir pe\u010diams.<\/p>\n<p>Sujungus su <a href=\"https:\/\/gymfactory.eu\/lt\/produktas\/j2-reguliuojamas-suolas\/\" target=\"_blank\" rel=\"noopener\">J2 reguliuojamu suoliuku<\/a>, gaunama pilna treniruo\u010di\u0173 stotis, leid\u017eianti apkrauti visas pagrindines raumen\u0173 grupes.<\/p>\n\n    <div class=\"xs_social_share_widget xs_share_url after_content \t\tmain_content  wslu-style-1 wslu-share-box-shaped wslu-fill-colored wslu-none wslu-share-horizontal wslu-theme-font-no wslu-main_content\">\n\n\t\t\n        <ul>\n\t\t\t        <\/ul>\n    <\/div> \n","protected":false},"excerpt":{"rendered":"<p>B5X \u2013 stabilus ir funkcionalus sprendimas j\u0117gos treniruot\u0117ms tiek sporto klubuose, tiek nam\u0173 sal\u0117se. Treniruoklis turi kreipian\u010di\u0173j\u0173 \u0161liau\u017etin\u012f mechanizm\u0105 su daug fiksavimo pad\u0117\u010di\u0173 \u2013 tai u\u017etikrina saug\u0173 ir kontroliuojam\u0105 judes\u012f kiekvieno pratimo metu. Su B5X galite atlikti pagrindinius apatin\u0117s k\u016bno dalies pratimus \u2013 prit\u016bpimus, \u012ft\u016bpstus, blauzd\u0173 k\u0117limus \u2013 taip pat vir\u0161utin\u0117s dalies spaudimus kr\u016btinei ir [&hellip;]<\/p>\n","protected":false},"featured_media":8269,"template":"","meta":{"_acf_changed":false},"product_brand":[817],"product_cat":[421],"product_tag":[415],"class_list":{"0":"post-10649","1":"product","2":"type-product","3":"status-publish","4":"has-post-thumbnail","6":"product_brand-gym-factory-lt","7":"product_cat-laisvu-svoriu-treniruokliai","8":"product_tag-spalva-tik-metaline","10":"first","11":"instock","12":"taxable","13":"shipping-taxable","14":"purchasable","15":"product-type-variable","16":"has-default-attributes"},"acf":[],"yoast_head":"<!-- This site is optimized with the Yoast SEO plugin v25.2 - https:\/\/yoast.com\/wordpress\/plugins\/seo\/ -->\n<title>B5X Smith Machine - J\u0117gos treniruokli\u0173 \u012franga<\/title>\n<meta name=\"description\" content=\"Norite pagerinti savo treniruotes namuose ar sporto sal\u0117je? B5X Smitho treniruoklis si\u016blo saugias, vadovaujamas j\u0117gos treniruotes, kurios pad\u0117s pasiekti rimt\u0173 rezultat\u0173.\" \/>\n<meta name=\"robots\" content=\"index, follow, max-snippet:-1, max-image-preview:large, max-video-preview:-1\" \/>\n<link rel=\"canonical\" href=\"https:\/\/gymfactory.eu\/lt\/produktas\/b5x-smitho-masina\/\" \/>\n<meta property=\"og:locale\" content=\"lt_LT\" \/>\n<meta property=\"og:type\" content=\"article\" \/>\n<meta property=\"og:title\" content=\"B5X Smith Machine - J\u0117gos treniruokli\u0173 \u012franga\" \/>\n<meta property=\"og:description\" content=\"Norite pagerinti savo treniruotes namuose ar sporto sal\u0117je? B5X Smitho treniruoklis si\u016blo saugias, vadovaujamas j\u0117gos treniruotes, kurios pad\u0117s pasiekti rimt\u0173 rezultat\u0173.\" \/>\n<meta property=\"og:url\" content=\"https:\/\/gymfactory.eu\/lt\/produktas\/b5x-smitho-masina\/\" \/>\n<meta property=\"og:site_name\" content=\"Gym Factory\" \/>\n<meta property=\"article:modified_time\" content=\"2025-11-20T11:55:00+00:00\" \/>\n<meta property=\"og:image\" content=\"https:\/\/gymfactory.eu\/wp-content\/uploads\/2025\/01\/side-picture-of-B5X-gym-machine-1.webp\" \/>\n\t<meta property=\"og:image:width\" content=\"1500\" \/>\n\t<meta property=\"og:image:height\" content=\"1500\" \/>\n\t<meta property=\"og:image:type\" content=\"image\/webp\" \/>\n<meta name=\"twitter:card\" content=\"summary_large_image\" \/>\n<meta name=\"twitter:label1\" content=\"Est. reading time\" \/>\n\t<meta name=\"twitter:data1\" content=\"1 minut\u0117\" \/>\n<script type=\"application\/ld+json\" class=\"yoast-schema-graph\">{\"@context\":\"https:\/\/schema.org\",\"@graph\":[{\"@type\":\"WebPage\",\"@id\":\"https:\/\/gymfactory.eu\/lt\/produktas\/b5x-smitho-masina\/\",\"url\":\"https:\/\/gymfactory.eu\/lt\/produktas\/b5x-smitho-masina\/\",\"name\":\"B5X Smith Machine - J\u0117gos treniruokli\u0173 \u012franga\",\"isPartOf\":{\"@id\":\"https:\/\/gymfactory.eu\/lt\/#website\"},\"primaryImageOfPage\":{\"@id\":\"https:\/\/gymfactory.eu\/lt\/produktas\/b5x-smitho-masina\/#primaryimage\"},\"image\":{\"@id\":\"https:\/\/gymfactory.eu\/lt\/produktas\/b5x-smitho-masina\/#primaryimage\"},\"thumbnailUrl\":\"https:\/\/gymfactory.eu\/wp-content\/uploads\/2025\/01\/side-picture-of-B5X-gym-machine-1.webp\",\"datePublished\":\"2025-01-28T07:57:32+00:00\",\"dateModified\":\"2025-11-20T11:55:00+00:00\",\"description\":\"Norite pagerinti savo treniruotes namuose ar sporto sal\u0117je? B5X Smitho treniruoklis si\u016blo saugias, vadovaujamas j\u0117gos treniruotes, kurios pad\u0117s pasiekti rimt\u0173 rezultat\u0173.\",\"breadcrumb\":{\"@id\":\"https:\/\/gymfactory.eu\/lt\/produktas\/b5x-smitho-masina\/#breadcrumb\"},\"inLanguage\":\"lt-LT\",\"potentialAction\":[{\"@type\":\"ReadAction\",\"target\":[\"https:\/\/gymfactory.eu\/lt\/produktas\/b5x-smitho-masina\/\"]}]},{\"@type\":\"ImageObject\",\"inLanguage\":\"lt-LT\",\"@id\":\"https:\/\/gymfactory.eu\/lt\/produktas\/b5x-smitho-masina\/#primaryimage\",\"url\":\"https:\/\/gymfactory.eu\/wp-content\/uploads\/2025\/01\/side-picture-of-B5X-gym-machine-1.webp\",\"contentUrl\":\"https:\/\/gymfactory.eu\/wp-content\/uploads\/2025\/01\/side-picture-of-B5X-gym-machine-1.webp\",\"width\":1500,\"height\":1500,\"caption\":\"Profesionalios klas\u0117s B5X treniruoklio vaizdas i\u0161 \u0161ono. Jis turi tvirt\u0105 r\u0117m\u0105, daugyb\u0119 apsaugini\u0173 u\u017erakt\u0173 ir integruot\u0105 svori\u0173 plok\u0161\u010di\u0173 saugykl\u0105. Idealiai tinka laipsni\u0161kos perkrovos treniruot\u0117ms ir sunkiems j\u0117gos pratimams atlikti.\"},{\"@type\":\"BreadcrumbList\",\"@id\":\"https:\/\/gymfactory.eu\/lt\/produktas\/b5x-smitho-masina\/#breadcrumb\",\"itemListElement\":[{\"@type\":\"ListItem\",\"position\":1,\"name\":\"Pagrindinis\",\"item\":\"https:\/\/gymfactory.eu\/lt\/\"},{\"@type\":\"ListItem\",\"position\":2,\"name\":\"Katalogas\",\"item\":\"https:\/\/gymfactory.eu\/lt\/katalogas\/\"},{\"@type\":\"ListItem\",\"position\":3,\"name\":\"B5X Smito treniruoklis\"}]},{\"@type\":\"WebSite\",\"@id\":\"https:\/\/gymfactory.eu\/lt\/#website\",\"url\":\"https:\/\/gymfactory.eu\/lt\/\",\"name\":\"Gym Factory\",\"description\":\"\",\"publisher\":{\"@id\":\"https:\/\/gymfactory.eu\/lt\/#organization\"},\"potentialAction\":[{\"@type\":\"SearchAction\",\"target\":{\"@type\":\"EntryPoint\",\"urlTemplate\":\"https:\/\/gymfactory.eu\/lt\/?s={search_term_string}\"},\"query-input\":{\"@type\":\"PropertyValueSpecification\",\"valueRequired\":true,\"valueName\":\"search_term_string\"}}],\"inLanguage\":\"lt-LT\"},{\"@type\":\"Organization\",\"@id\":\"https:\/\/gymfactory.eu\/lt\/#organization\",\"name\":\"Sporto sal\u0117s gamykla\",\"url\":\"https:\/\/gymfactory.eu\/lt\/\",\"logo\":{\"@type\":\"ImageObject\",\"inLanguage\":\"lt-LT\",\"@id\":\"https:\/\/gymfactory.eu\/lt\/#\/schema\/logo\/image\/\",\"url\":\"https:\/\/gymfactory.eu\/wp-content\/uploads\/2024\/11\/Component-1.svg\",\"contentUrl\":\"https:\/\/gymfactory.eu\/wp-content\/uploads\/2024\/11\/Component-1.svg\",\"width\":54,\"height\":44,\"caption\":\"Sporto sal\u0117s gamykla\"},\"image\":{\"@id\":\"https:\/\/gymfactory.eu\/lt\/#\/schema\/logo\/image\/\"}}]}<\/script>\n<!-- \/ Yoast SEO plugin. -->","yoast_head_json":{"title":"B5X Smith Machine - J\u0117gos treniruokli\u0173 \u012franga","description":"Norite pagerinti savo treniruotes namuose ar sporto sal\u0117je? B5X Smitho treniruoklis si\u016blo saugias, vadovaujamas j\u0117gos treniruotes, kurios pad\u0117s pasiekti rimt\u0173 rezultat\u0173.","robots":{"index":"index","follow":"follow","max-snippet":"max-snippet:-1","max-image-preview":"max-image-preview:large","max-video-preview":"max-video-preview:-1"},"canonical":"https:\/\/gymfactory.eu\/lt\/produktas\/b5x-smitho-masina\/","og_locale":"lt_LT","og_type":"article","og_title":"B5X Smith Machine - J\u0117gos treniruokli\u0173 \u012franga","og_description":"Norite pagerinti savo treniruotes namuose ar sporto sal\u0117je? B5X Smitho treniruoklis si\u016blo saugias, vadovaujamas j\u0117gos treniruotes, kurios pad\u0117s pasiekti rimt\u0173 rezultat\u0173.","og_url":"https:\/\/gymfactory.eu\/lt\/produktas\/b5x-smitho-masina\/","og_site_name":"Gym Factory","article_modified_time":"2025-11-20T11:55:00+00:00","og_image":[{"width":1500,"height":1500,"url":"https:\/\/gymfactory.eu\/wp-content\/uploads\/2025\/01\/side-picture-of-B5X-gym-machine-1.webp","type":"image\/webp"}],"twitter_card":"summary_large_image","twitter_misc":{"Est. reading time":"1 minut\u0117"},"schema":{"@context":"https:\/\/schema.org","@graph":[{"@type":"WebPage","@id":"https:\/\/gymfactory.eu\/lt\/produktas\/b5x-smitho-masina\/","url":"https:\/\/gymfactory.eu\/lt\/produktas\/b5x-smitho-masina\/","name":"B5X Smith Machine - J\u0117gos treniruokli\u0173 \u012franga","isPartOf":{"@id":"https:\/\/gymfactory.eu\/lt\/#website"},"primaryImageOfPage":{"@id":"https:\/\/gymfactory.eu\/lt\/produktas\/b5x-smitho-masina\/#primaryimage"},"image":{"@id":"https:\/\/gymfactory.eu\/lt\/produktas\/b5x-smitho-masina\/#primaryimage"},"thumbnailUrl":"https:\/\/gymfactory.eu\/wp-content\/uploads\/2025\/01\/side-picture-of-B5X-gym-machine-1.webp","datePublished":"2025-01-28T07:57:32+00:00","dateModified":"2025-11-20T11:55:00+00:00","description":"Norite pagerinti savo treniruotes namuose ar sporto sal\u0117je? B5X Smitho treniruoklis si\u016blo saugias, vadovaujamas j\u0117gos treniruotes, kurios pad\u0117s pasiekti rimt\u0173 rezultat\u0173.","breadcrumb":{"@id":"https:\/\/gymfactory.eu\/lt\/produktas\/b5x-smitho-masina\/#breadcrumb"},"inLanguage":"lt-LT","potentialAction":[{"@type":"ReadAction","target":["https:\/\/gymfactory.eu\/lt\/produktas\/b5x-smitho-masina\/"]}]},{"@type":"ImageObject","inLanguage":"lt-LT","@id":"https:\/\/gymfactory.eu\/lt\/produktas\/b5x-smitho-masina\/#primaryimage","url":"https:\/\/gymfactory.eu\/wp-content\/uploads\/2025\/01\/side-picture-of-B5X-gym-machine-1.webp","contentUrl":"https:\/\/gymfactory.eu\/wp-content\/uploads\/2025\/01\/side-picture-of-B5X-gym-machine-1.webp","width":1500,"height":1500,"caption":"Profesionalios klas\u0117s B5X treniruoklio vaizdas i\u0161 \u0161ono. Jis turi tvirt\u0105 r\u0117m\u0105, daugyb\u0119 apsaugini\u0173 u\u017erakt\u0173 ir integruot\u0105 svori\u0173 plok\u0161\u010di\u0173 saugykl\u0105. Idealiai tinka laipsni\u0161kos perkrovos treniruot\u0117ms ir sunkiems j\u0117gos pratimams atlikti."},{"@type":"BreadcrumbList","@id":"https:\/\/gymfactory.eu\/lt\/produktas\/b5x-smitho-masina\/#breadcrumb","itemListElement":[{"@type":"ListItem","position":1,"name":"Pagrindinis","item":"https:\/\/gymfactory.eu\/lt\/"},{"@type":"ListItem","position":2,"name":"Katalogas","item":"https:\/\/gymfactory.eu\/lt\/katalogas\/"},{"@type":"ListItem","position":3,"name":"B5X Smito treniruoklis"}]},{"@type":"WebSite","@id":"https:\/\/gymfactory.eu\/lt\/#website","url":"https:\/\/gymfactory.eu\/lt\/","name":"Gym Factory","description":"","publisher":{"@id":"https:\/\/gymfactory.eu\/lt\/#organization"},"potentialAction":[{"@type":"SearchAction","target":{"@type":"EntryPoint","urlTemplate":"https:\/\/gymfactory.eu\/lt\/?s={search_term_string}"},"query-input":{"@type":"PropertyValueSpecification","valueRequired":true,"valueName":"search_term_string"}}],"inLanguage":"lt-LT"},{"@type":"Organization","@id":"https:\/\/gymfactory.eu\/lt\/#organization","name":"Sporto sal\u0117s gamykla","url":"https:\/\/gymfactory.eu\/lt\/","logo":{"@type":"ImageObject","inLanguage":"lt-LT","@id":"https:\/\/gymfactory.eu\/lt\/#\/schema\/logo\/image\/","url":"https:\/\/gymfactory.eu\/wp-content\/uploads\/2024\/11\/Component-1.svg","contentUrl":"https:\/\/gymfactory.eu\/wp-content\/uploads\/2024\/11\/Component-1.svg","width":54,"height":44,"caption":"Sporto sal\u0117s gamykla"},"image":{"@id":"https:\/\/gymfactory.eu\/lt\/#\/schema\/logo\/image\/"}}]}},"_links":{"self":[{"href":"https:\/\/gymfactory.eu\/lt\/wp-json\/wp\/v2\/product\/10649","targetHints":{"allow":["GET"]}}],"collection":[{"href":"https:\/\/gymfactory.eu\/lt\/wp-json\/wp\/v2\/product"}],"about":[{"href":"https:\/\/gymfactory.eu\/lt\/wp-json\/wp\/v2\/types\/product"}],"wp:featuredmedia":[{"embeddable":true,"href":"https:\/\/gymfactory.eu\/lt\/wp-json\/wp\/v2\/media\/8269"}],"wp:attachment":[{"href":"https:\/\/gymfactory.eu\/lt\/wp-json\/wp\/v2\/media?parent=10649"}],"wp:term":[{"taxonomy":"product_brand","embeddable":true,"href":"https:\/\/gymfactory.eu\/lt\/wp-json\/wp\/v2\/product_brand?post=10649"},{"taxonomy":"product_cat","embeddable":true,"href":"https:\/\/gymfactory.eu\/lt\/wp-json\/wp\/v2\/product_cat?post=10649"},{"taxonomy":"product_tag","embeddable":true,"href":"https:\/\/gymfactory.eu\/lt\/wp-json\/wp\/v2\/product_tag?post=10649"}],"curies":[{"name":"wp","href":"https:\/\/api.w.org\/{rel}","templated":true}]}}