{"id":10646,"date":"2025-02-04T11:00:48","date_gmt":"2025-02-04T09:00:48","guid":{"rendered":"https:\/\/gymfactory.eu\/product\/r1-priekinio-pritupimo-masina\/"},"modified":"2025-11-21T15:29:27","modified_gmt":"2025-11-21T13:29:27","slug":"r1-priekinio-pritupimo-masina","status":"publish","type":"product","link":"https:\/\/gymfactory.eu\/lt\/produktas\/r1-priekinio-pritupimo-masina\/","title":{"rendered":"R1 Prit\u016bpim\u0173 treniruoklis"},"content":{"rendered":"<p>R1 prit\u016bpim\u0173 treniruoklis sukurtas efektyviai ir saugiai apatinei k\u016bno daliai lavinti. Tinka tiek nam\u0173 treniruo\u010di\u0173 erdv\u0117ms, tiek profesionalioms sporto sal\u0117ms. Keli\u0173 pad\u0117\u010di\u0173 pe\u010di\u0173 atramos leid\u017eia atlikti skirtingas prit\u016bpim\u0173 variacijas \u2013 tiek priekinius prit\u016bpimus, tiek &#8222;hack&#8221; tipo prit\u016bpimus. Reguliuojamas p\u0117d\u0173 platformos kampas padeda prisitaikyti prie individualios stov\u0117senos ir u\u017etikrinti komfort\u0105.<\/p>\n<p>Treniruoklis aktyvina keturgalvius \u0161launies raumenis, s\u0117dmenis ir u\u017epakalinius \u0161launies raumenis. Papildomai galima atlikti ir blauzd\u0173 k\u0117limus, kad b\u016bt\u0173 \u012ftraukta ir apatin\u0117 koj\u0173 dalis.<br \/>\nReguliuojamos startin\u0117s pad\u0117ties parinktys leid\u017eia nusistatyti tinkama pradin\u012f ta\u0161k\u0105 \u2013 tai padeda i\u0161laikyti taisykling\u0105 technik\u0105 ir maksimaliai i\u0161naudoti treniruot\u0117s naud\u0105.<\/p>\n\n    <div class=\"xs_social_share_widget xs_share_url after_content \t\tmain_content  wslu-style-1 wslu-share-box-shaped wslu-fill-colored wslu-none wslu-share-horizontal wslu-theme-font-no wslu-main_content\">\n\n\t\t\n        <ul>\n\t\t\t        <\/ul>\n    <\/div> \n","protected":false},"excerpt":{"rendered":"<p>R1 prit\u016bpim\u0173 treniruoklis sukurtas efektyviai ir saugiai apatinei k\u016bno daliai lavinti. Tinka tiek nam\u0173 treniruo\u010di\u0173 erdv\u0117ms, tiek profesionalioms sporto sal\u0117ms. Keli\u0173 pad\u0117\u010di\u0173 pe\u010di\u0173 atramos leid\u017eia atlikti skirtingas prit\u016bpim\u0173 variacijas \u2013 tiek priekinius prit\u016bpimus, tiek &#8222;hack&#8221; tipo prit\u016bpimus. Reguliuojamas p\u0117d\u0173 platformos kampas padeda prisitaikyti prie individualios stov\u0117senos ir u\u017etikrinti komfort\u0105. Treniruoklis aktyvina keturgalvius \u0161launies raumenis, s\u0117dmenis [&hellip;]<\/p>\n","protected":false},"featured_media":9057,"template":"","meta":{"_acf_changed":false},"product_brand":[817],"product_cat":[421],"product_tag":[],"class_list":{"0":"post-10646","1":"product","2":"type-product","3":"status-publish","4":"has-post-thumbnail","6":"product_brand-gym-factory-lt","7":"product_cat-laisvu-svoriu-treniruokliai","9":"first","10":"onbackorder","11":"taxable","12":"shipping-taxable","13":"purchasable","14":"product-type-variable","15":"has-default-attributes"},"acf":[],"yoast_head":"<!-- This site is optimized with the Yoast SEO plugin v25.2 - https:\/\/yoast.com\/wordpress\/plugins\/seo\/ -->\n<title>R1 priekinio prit\u016bpimo ma\u0161ina | Sporto sal\u0117s \u012franga koj\u0173 treniruot\u0117ms<\/title>\n<meta name=\"description\" content=\"Reikia galingo apatin\u0117s k\u016bno dalies treniruoklio? &quot;R1 Front Squat Machine&quot; - tai treniruokli\u0173 sal\u0117s \u012franga, skirta saugioms, veiksmingoms koj\u0173 treniruot\u0117ms ir j\u0117gos ugdymui.\" \/>\n<meta name=\"robots\" content=\"index, follow, max-snippet:-1, max-image-preview:large, max-video-preview:-1\" \/>\n<link rel=\"canonical\" href=\"https:\/\/gymfactory.eu\/lt\/produktas\/r1-priekinio-pritupimo-masina\/\" \/>\n<meta property=\"og:locale\" content=\"lt_LT\" \/>\n<meta property=\"og:type\" content=\"article\" \/>\n<meta property=\"og:title\" content=\"R1 priekinio prit\u016bpimo ma\u0161ina | Sporto sal\u0117s \u012franga koj\u0173 treniruot\u0117ms\" \/>\n<meta property=\"og:description\" content=\"Reikia galingo apatin\u0117s k\u016bno dalies treniruoklio? &quot;R1 Front Squat Machine&quot; - tai treniruokli\u0173 sal\u0117s \u012franga, skirta saugioms, veiksmingoms koj\u0173 treniruot\u0117ms ir j\u0117gos ugdymui.\" \/>\n<meta property=\"og:url\" content=\"https:\/\/gymfactory.eu\/lt\/produktas\/r1-priekinio-pritupimo-masina\/\" \/>\n<meta property=\"og:site_name\" content=\"Gym Factory\" \/>\n<meta property=\"article:modified_time\" content=\"2025-11-21T13:29:27+00:00\" \/>\n<meta property=\"og:image\" content=\"https:\/\/gymfactory.eu\/wp-content\/uploads\/2025\/02\/gym-machine-R1-hack-squat-side-view.webp\" \/>\n\t<meta property=\"og:image:width\" content=\"1500\" \/>\n\t<meta property=\"og:image:height\" content=\"1500\" \/>\n\t<meta property=\"og:image:type\" content=\"image\/webp\" \/>\n<meta name=\"twitter:card\" content=\"summary_large_image\" \/>\n<meta name=\"twitter:label1\" content=\"Est. reading time\" \/>\n\t<meta name=\"twitter:data1\" content=\"1 minut\u0117\" \/>\n<script type=\"application\/ld+json\" class=\"yoast-schema-graph\">{\"@context\":\"https:\/\/schema.org\",\"@graph\":[{\"@type\":\"WebPage\",\"@id\":\"https:\/\/gymfactory.eu\/lt\/produktas\/r1-priekinio-pritupimo-masina\/\",\"url\":\"https:\/\/gymfactory.eu\/lt\/produktas\/r1-priekinio-pritupimo-masina\/\",\"name\":\"R1 priekinio prit\u016bpimo ma\u0161ina | Sporto sal\u0117s \u012franga koj\u0173 treniruot\u0117ms\",\"isPartOf\":{\"@id\":\"https:\/\/gymfactory.eu\/lt\/#website\"},\"primaryImageOfPage\":{\"@id\":\"https:\/\/gymfactory.eu\/lt\/produktas\/r1-priekinio-pritupimo-masina\/#primaryimage\"},\"image\":{\"@id\":\"https:\/\/gymfactory.eu\/lt\/produktas\/r1-priekinio-pritupimo-masina\/#primaryimage\"},\"thumbnailUrl\":\"https:\/\/gymfactory.eu\/wp-content\/uploads\/2025\/02\/gym-machine-R1-hack-squat-side-view.webp\",\"datePublished\":\"2025-02-04T09:00:48+00:00\",\"dateModified\":\"2025-11-21T13:29:27+00:00\",\"description\":\"Reikia galingo apatin\u0117s k\u016bno dalies treniruoklio? \\\"R1 Front Squat Machine\\\" - tai treniruokli\u0173 sal\u0117s \u012franga, skirta saugioms, veiksmingoms koj\u0173 treniruot\u0117ms ir j\u0117gos ugdymui.\",\"breadcrumb\":{\"@id\":\"https:\/\/gymfactory.eu\/lt\/produktas\/r1-priekinio-pritupimo-masina\/#breadcrumb\"},\"inLanguage\":\"lt-LT\",\"potentialAction\":[{\"@type\":\"ReadAction\",\"target\":[\"https:\/\/gymfactory.eu\/lt\/produktas\/r1-priekinio-pritupimo-masina\/\"]}]},{\"@type\":\"ImageObject\",\"inLanguage\":\"lt-LT\",\"@id\":\"https:\/\/gymfactory.eu\/lt\/produktas\/r1-priekinio-pritupimo-masina\/#primaryimage\",\"url\":\"https:\/\/gymfactory.eu\/wp-content\/uploads\/2025\/02\/gym-machine-R1-hack-squat-side-view.webp\",\"contentUrl\":\"https:\/\/gymfactory.eu\/wp-content\/uploads\/2025\/02\/gym-machine-R1-hack-squat-side-view.webp\",\"width\":1500,\"height\":1500,\"caption\":\"\\\"Gym Machine R1 - Hack Squat\\\" treniruoklio vaizdas i\u0161 \u0161ono pabr\u0117\u017eia kampin\u0119 nugaros atram\u0105 ir reguliuojam\u0105 judesi\u0173 diapazon\u0105. Dviguba saugos u\u017erakto sistema u\u017etikrina naudotojo saugum\u0105, o plok\u0161teli\u0173 pasiprie\u0161inimo sistema leid\u017eia pritaikyti svor\u012f treniruot\u0117ms. D\u0117l kompakti\u0161kos konstrukcijos \u0161is treniruoklis yra idealus treniruokli\u0173 pasirinkimas nam\u0173 sporto sal\u0117ms ir profesionaliems sporto centrams.\"},{\"@type\":\"BreadcrumbList\",\"@id\":\"https:\/\/gymfactory.eu\/lt\/produktas\/r1-priekinio-pritupimo-masina\/#breadcrumb\",\"itemListElement\":[{\"@type\":\"ListItem\",\"position\":1,\"name\":\"Pagrindinis\",\"item\":\"https:\/\/gymfactory.eu\/lt\/\"},{\"@type\":\"ListItem\",\"position\":2,\"name\":\"Katalogas\",\"item\":\"https:\/\/gymfactory.eu\/lt\/katalogas\/\"},{\"@type\":\"ListItem\",\"position\":3,\"name\":\"R1 Prit\u016bpim\u0173 treniruoklis\"}]},{\"@type\":\"WebSite\",\"@id\":\"https:\/\/gymfactory.eu\/lt\/#website\",\"url\":\"https:\/\/gymfactory.eu\/lt\/\",\"name\":\"Gym Factory\",\"description\":\"\",\"publisher\":{\"@id\":\"https:\/\/gymfactory.eu\/lt\/#organization\"},\"potentialAction\":[{\"@type\":\"SearchAction\",\"target\":{\"@type\":\"EntryPoint\",\"urlTemplate\":\"https:\/\/gymfactory.eu\/lt\/?s={search_term_string}\"},\"query-input\":{\"@type\":\"PropertyValueSpecification\",\"valueRequired\":true,\"valueName\":\"search_term_string\"}}],\"inLanguage\":\"lt-LT\"},{\"@type\":\"Organization\",\"@id\":\"https:\/\/gymfactory.eu\/lt\/#organization\",\"name\":\"Sporto sal\u0117s gamykla\",\"url\":\"https:\/\/gymfactory.eu\/lt\/\",\"logo\":{\"@type\":\"ImageObject\",\"inLanguage\":\"lt-LT\",\"@id\":\"https:\/\/gymfactory.eu\/lt\/#\/schema\/logo\/image\/\",\"url\":\"https:\/\/gymfactory.eu\/wp-content\/uploads\/2024\/11\/Component-1.svg\",\"contentUrl\":\"https:\/\/gymfactory.eu\/wp-content\/uploads\/2024\/11\/Component-1.svg\",\"width\":54,\"height\":44,\"caption\":\"Sporto sal\u0117s gamykla\"},\"image\":{\"@id\":\"https:\/\/gymfactory.eu\/lt\/#\/schema\/logo\/image\/\"}}]}<\/script>\n<!-- \/ Yoast SEO plugin. -->","yoast_head_json":{"title":"R1 priekinio prit\u016bpimo ma\u0161ina | Sporto sal\u0117s \u012franga koj\u0173 treniruot\u0117ms","description":"Reikia galingo apatin\u0117s k\u016bno dalies treniruoklio? \"R1 Front Squat Machine\" - tai treniruokli\u0173 sal\u0117s \u012franga, skirta saugioms, veiksmingoms koj\u0173 treniruot\u0117ms ir j\u0117gos ugdymui.","robots":{"index":"index","follow":"follow","max-snippet":"max-snippet:-1","max-image-preview":"max-image-preview:large","max-video-preview":"max-video-preview:-1"},"canonical":"https:\/\/gymfactory.eu\/lt\/produktas\/r1-priekinio-pritupimo-masina\/","og_locale":"lt_LT","og_type":"article","og_title":"R1 priekinio prit\u016bpimo ma\u0161ina | Sporto sal\u0117s \u012franga koj\u0173 treniruot\u0117ms","og_description":"Reikia galingo apatin\u0117s k\u016bno dalies treniruoklio? \"R1 Front Squat Machine\" - tai treniruokli\u0173 sal\u0117s \u012franga, skirta saugioms, veiksmingoms koj\u0173 treniruot\u0117ms ir j\u0117gos ugdymui.","og_url":"https:\/\/gymfactory.eu\/lt\/produktas\/r1-priekinio-pritupimo-masina\/","og_site_name":"Gym Factory","article_modified_time":"2025-11-21T13:29:27+00:00","og_image":[{"width":1500,"height":1500,"url":"https:\/\/gymfactory.eu\/wp-content\/uploads\/2025\/02\/gym-machine-R1-hack-squat-side-view.webp","type":"image\/webp"}],"twitter_card":"summary_large_image","twitter_misc":{"Est. reading time":"1 minut\u0117"},"schema":{"@context":"https:\/\/schema.org","@graph":[{"@type":"WebPage","@id":"https:\/\/gymfactory.eu\/lt\/produktas\/r1-priekinio-pritupimo-masina\/","url":"https:\/\/gymfactory.eu\/lt\/produktas\/r1-priekinio-pritupimo-masina\/","name":"R1 priekinio prit\u016bpimo ma\u0161ina | Sporto sal\u0117s \u012franga koj\u0173 treniruot\u0117ms","isPartOf":{"@id":"https:\/\/gymfactory.eu\/lt\/#website"},"primaryImageOfPage":{"@id":"https:\/\/gymfactory.eu\/lt\/produktas\/r1-priekinio-pritupimo-masina\/#primaryimage"},"image":{"@id":"https:\/\/gymfactory.eu\/lt\/produktas\/r1-priekinio-pritupimo-masina\/#primaryimage"},"thumbnailUrl":"https:\/\/gymfactory.eu\/wp-content\/uploads\/2025\/02\/gym-machine-R1-hack-squat-side-view.webp","datePublished":"2025-02-04T09:00:48+00:00","dateModified":"2025-11-21T13:29:27+00:00","description":"Reikia galingo apatin\u0117s k\u016bno dalies treniruoklio? \"R1 Front Squat Machine\" - tai treniruokli\u0173 sal\u0117s \u012franga, skirta saugioms, veiksmingoms koj\u0173 treniruot\u0117ms ir j\u0117gos ugdymui.","breadcrumb":{"@id":"https:\/\/gymfactory.eu\/lt\/produktas\/r1-priekinio-pritupimo-masina\/#breadcrumb"},"inLanguage":"lt-LT","potentialAction":[{"@type":"ReadAction","target":["https:\/\/gymfactory.eu\/lt\/produktas\/r1-priekinio-pritupimo-masina\/"]}]},{"@type":"ImageObject","inLanguage":"lt-LT","@id":"https:\/\/gymfactory.eu\/lt\/produktas\/r1-priekinio-pritupimo-masina\/#primaryimage","url":"https:\/\/gymfactory.eu\/wp-content\/uploads\/2025\/02\/gym-machine-R1-hack-squat-side-view.webp","contentUrl":"https:\/\/gymfactory.eu\/wp-content\/uploads\/2025\/02\/gym-machine-R1-hack-squat-side-view.webp","width":1500,"height":1500,"caption":"\"Gym Machine R1 - Hack Squat\" treniruoklio vaizdas i\u0161 \u0161ono pabr\u0117\u017eia kampin\u0119 nugaros atram\u0105 ir reguliuojam\u0105 judesi\u0173 diapazon\u0105. Dviguba saugos u\u017erakto sistema u\u017etikrina naudotojo saugum\u0105, o plok\u0161teli\u0173 pasiprie\u0161inimo sistema leid\u017eia pritaikyti svor\u012f treniruot\u0117ms. D\u0117l kompakti\u0161kos konstrukcijos \u0161is treniruoklis yra idealus treniruokli\u0173 pasirinkimas nam\u0173 sporto sal\u0117ms ir profesionaliems sporto centrams."},{"@type":"BreadcrumbList","@id":"https:\/\/gymfactory.eu\/lt\/produktas\/r1-priekinio-pritupimo-masina\/#breadcrumb","itemListElement":[{"@type":"ListItem","position":1,"name":"Pagrindinis","item":"https:\/\/gymfactory.eu\/lt\/"},{"@type":"ListItem","position":2,"name":"Katalogas","item":"https:\/\/gymfactory.eu\/lt\/katalogas\/"},{"@type":"ListItem","position":3,"name":"R1 Prit\u016bpim\u0173 treniruoklis"}]},{"@type":"WebSite","@id":"https:\/\/gymfactory.eu\/lt\/#website","url":"https:\/\/gymfactory.eu\/lt\/","name":"Gym Factory","description":"","publisher":{"@id":"https:\/\/gymfactory.eu\/lt\/#organization"},"potentialAction":[{"@type":"SearchAction","target":{"@type":"EntryPoint","urlTemplate":"https:\/\/gymfactory.eu\/lt\/?s={search_term_string}"},"query-input":{"@type":"PropertyValueSpecification","valueRequired":true,"valueName":"search_term_string"}}],"inLanguage":"lt-LT"},{"@type":"Organization","@id":"https:\/\/gymfactory.eu\/lt\/#organization","name":"Sporto sal\u0117s gamykla","url":"https:\/\/gymfactory.eu\/lt\/","logo":{"@type":"ImageObject","inLanguage":"lt-LT","@id":"https:\/\/gymfactory.eu\/lt\/#\/schema\/logo\/image\/","url":"https:\/\/gymfactory.eu\/wp-content\/uploads\/2024\/11\/Component-1.svg","contentUrl":"https:\/\/gymfactory.eu\/wp-content\/uploads\/2024\/11\/Component-1.svg","width":54,"height":44,"caption":"Sporto sal\u0117s gamykla"},"image":{"@id":"https:\/\/gymfactory.eu\/lt\/#\/schema\/logo\/image\/"}}]}},"_links":{"self":[{"href":"https:\/\/gymfactory.eu\/lt\/wp-json\/wp\/v2\/product\/10646","targetHints":{"allow":["GET"]}}],"collection":[{"href":"https:\/\/gymfactory.eu\/lt\/wp-json\/wp\/v2\/product"}],"about":[{"href":"https:\/\/gymfactory.eu\/lt\/wp-json\/wp\/v2\/types\/product"}],"wp:featuredmedia":[{"embeddable":true,"href":"https:\/\/gymfactory.eu\/lt\/wp-json\/wp\/v2\/media\/9057"}],"wp:attachment":[{"href":"https:\/\/gymfactory.eu\/lt\/wp-json\/wp\/v2\/media?parent=10646"}],"wp:term":[{"taxonomy":"product_brand","embeddable":true,"href":"https:\/\/gymfactory.eu\/lt\/wp-json\/wp\/v2\/product_brand?post=10646"},{"taxonomy":"product_cat","embeddable":true,"href":"https:\/\/gymfactory.eu\/lt\/wp-json\/wp\/v2\/product_cat?post=10646"},{"taxonomy":"product_tag","embeddable":true,"href":"https:\/\/gymfactory.eu\/lt\/wp-json\/wp\/v2\/product_tag?post=10646"}],"curies":[{"name":"wp","href":"https:\/\/api.w.org\/{rel}","templated":true}]}}