{"id":10644,"date":"2025-01-28T07:56:49","date_gmt":"2025-01-28T05:56:49","guid":{"rendered":"https:\/\/gymfactory.eu\/product\/a7x-megztinio-masina\/"},"modified":"2025-11-20T13:24:32","modified_gmt":"2025-11-20T11:24:32","slug":"a7x-megztinio-masina","status":"publish","type":"product","link":"https:\/\/gymfactory.eu\/lt\/produktas\/a7x-megztinio-masina\/","title":{"rendered":"A7X \u201ePullover\u201c treniruoklis"},"content":{"rendered":"<p>A7X treniruoklis skirtas efektyviam kr\u016btin\u0117s ir nugaros raumen\u0173 stiprinimui.<br \/>\nSukurtas intensyviam naudojimui \u2013 patikimas pasirinkimas tiek sporto klubams, tiek nam\u0173 treniruo\u010di\u0173 erdv\u0117ms.<\/p>\n<p>Treniruoklis leid\u017eia atlikti klasikin\u012f \u201epullover\u201c pratim\u0105. Priklausomai nuo atlikimo technikos, galima akcentuoti nugaros arba kr\u016btin\u0117s darb\u0105. Reguliuojamas s\u0117dyn\u0117s auk\u0161tis leid\u017eia pritaikyti treniruokl\u012f pagal naudotojo \u016bg\u012f ir u\u017etikrinti taisykling\u0105 k\u016bno pad\u0117t\u012f.<\/p>\n<p>Integruota fiksavimo sistema padeda prad\u0117ti pratim\u0105 i\u0161 patogesn\u0117s pad\u0117ties, o atleidus \u2013 leid\u017eia atlikti judes\u012f pilna amplitude, kad b\u016bt\u0173 pasiektas didesnis tempimas ir geresn\u0117 raumen\u0173 aktyvacija.<\/p>\n\n    <div class=\"xs_social_share_widget xs_share_url after_content \t\tmain_content  wslu-style-1 wslu-share-box-shaped wslu-fill-colored wslu-none wslu-share-horizontal wslu-theme-font-no wslu-main_content\">\n\n\t\t\n        <ul>\n\t\t\t        <\/ul>\n    <\/div> \n","protected":false},"excerpt":{"rendered":"<p>A7X treniruoklis skirtas efektyviam kr\u016btin\u0117s ir nugaros raumen\u0173 stiprinimui. Sukurtas intensyviam naudojimui \u2013 patikimas pasirinkimas tiek sporto klubams, tiek nam\u0173 treniruo\u010di\u0173 erdv\u0117ms. Treniruoklis leid\u017eia atlikti klasikin\u012f \u201epullover\u201c pratim\u0105. Priklausomai nuo atlikimo technikos, galima akcentuoti nugaros arba kr\u016btin\u0117s darb\u0105. Reguliuojamas s\u0117dyn\u0117s auk\u0161tis leid\u017eia pritaikyti treniruokl\u012f pagal naudotojo \u016bg\u012f ir u\u017etikrinti taisykling\u0105 k\u016bno pad\u0117t\u012f. Integruota fiksavimo sistema [&hellip;]<\/p>\n","protected":false},"featured_media":8267,"template":"","meta":{"_acf_changed":false},"product_brand":[817],"product_cat":[421],"product_tag":[],"class_list":{"0":"post-10644","1":"product","2":"type-product","3":"status-publish","4":"has-post-thumbnail","6":"product_brand-gym-factory-lt","7":"product_cat-laisvu-svoriu-treniruokliai","9":"first","10":"onbackorder","11":"taxable","12":"shipping-taxable","13":"purchasable","14":"product-type-variable","15":"has-default-attributes"},"acf":[],"yoast_head":"<!-- This site is optimized with the Yoast SEO plugin v25.2 - https:\/\/yoast.com\/wordpress\/plugins\/seo\/ -->\n<title>A7X Pullover treniruo\u010di\u0173 ma\u0161ina, skirta j\u0117gos treniruot\u0117ms<\/title>\n<meta name=\"description\" content=\"Treniruokit\u0117s kr\u016btin\u0117s ir nugaros raumenis su A7X pulloverio treniruokliu - efektyvia ir universalia \u012franga, skirta stiprinti j\u0117g\u0105 namuose.\" \/>\n<meta name=\"robots\" content=\"index, follow, max-snippet:-1, max-image-preview:large, max-video-preview:-1\" \/>\n<link rel=\"canonical\" href=\"https:\/\/gymfactory.eu\/lt\/produktas\/a7x-megztinio-masina\/\" \/>\n<meta property=\"og:locale\" content=\"lt_LT\" \/>\n<meta property=\"og:type\" content=\"article\" \/>\n<meta property=\"og:title\" content=\"A7X Pullover treniruo\u010di\u0173 ma\u0161ina, skirta j\u0117gos treniruot\u0117ms\" \/>\n<meta property=\"og:description\" content=\"Treniruokit\u0117s kr\u016btin\u0117s ir nugaros raumenis su A7X pulloverio treniruokliu - efektyvia ir universalia \u012franga, skirta stiprinti j\u0117g\u0105 namuose.\" \/>\n<meta property=\"og:url\" content=\"https:\/\/gymfactory.eu\/lt\/produktas\/a7x-megztinio-masina\/\" \/>\n<meta property=\"og:site_name\" content=\"Gym Factory\" \/>\n<meta property=\"article:modified_time\" content=\"2025-11-20T11:24:32+00:00\" \/>\n<meta property=\"og:image\" content=\"https:\/\/gymfactory.eu\/wp-content\/uploads\/2025\/01\/black-A7X-gym-machine-1.webp\" \/>\n\t<meta property=\"og:image:width\" content=\"1500\" \/>\n\t<meta property=\"og:image:height\" content=\"1500\" \/>\n\t<meta property=\"og:image:type\" content=\"image\/webp\" \/>\n<meta name=\"twitter:card\" content=\"summary_large_image\" \/>\n<meta name=\"twitter:label1\" content=\"Est. reading time\" \/>\n\t<meta name=\"twitter:data1\" content=\"1 minut\u0117\" \/>\n<script type=\"application\/ld+json\" class=\"yoast-schema-graph\">{\"@context\":\"https:\/\/schema.org\",\"@graph\":[{\"@type\":\"WebPage\",\"@id\":\"https:\/\/gymfactory.eu\/lt\/produktas\/a7x-megztinio-masina\/\",\"url\":\"https:\/\/gymfactory.eu\/lt\/produktas\/a7x-megztinio-masina\/\",\"name\":\"A7X Pullover treniruo\u010di\u0173 ma\u0161ina, skirta j\u0117gos treniruot\u0117ms\",\"isPartOf\":{\"@id\":\"https:\/\/gymfactory.eu\/lt\/#website\"},\"primaryImageOfPage\":{\"@id\":\"https:\/\/gymfactory.eu\/lt\/produktas\/a7x-megztinio-masina\/#primaryimage\"},\"image\":{\"@id\":\"https:\/\/gymfactory.eu\/lt\/produktas\/a7x-megztinio-masina\/#primaryimage\"},\"thumbnailUrl\":\"https:\/\/gymfactory.eu\/wp-content\/uploads\/2025\/01\/black-A7X-gym-machine-1.webp\",\"datePublished\":\"2025-01-28T05:56:49+00:00\",\"dateModified\":\"2025-11-20T11:24:32+00:00\",\"description\":\"Treniruokit\u0117s kr\u016btin\u0117s ir nugaros raumenis su A7X pulloverio treniruokliu - efektyvia ir universalia \u012franga, skirta stiprinti j\u0117g\u0105 namuose.\",\"breadcrumb\":{\"@id\":\"https:\/\/gymfactory.eu\/lt\/produktas\/a7x-megztinio-masina\/#breadcrumb\"},\"inLanguage\":\"lt-LT\",\"potentialAction\":[{\"@type\":\"ReadAction\",\"target\":[\"https:\/\/gymfactory.eu\/lt\/produktas\/a7x-megztinio-masina\/\"]}]},{\"@type\":\"ImageObject\",\"inLanguage\":\"lt-LT\",\"@id\":\"https:\/\/gymfactory.eu\/lt\/produktas\/a7x-megztinio-masina\/#primaryimage\",\"url\":\"https:\/\/gymfactory.eu\/wp-content\/uploads\/2025\/01\/black-A7X-gym-machine-1.webp\",\"contentUrl\":\"https:\/\/gymfactory.eu\/wp-content\/uploads\/2025\/01\/black-A7X-gym-machine-1.webp\",\"width\":1500,\"height\":1500,\"caption\":\"Eleganti\u0161kas, juodas j\u0117gos pratim\u0173 treniruoklis su patvariu r\u0117mu ir ergonomi\u0161komis rankenomis. Pamink\u0161tinta s\u0117dyn\u0117 ir atlo\u0161as suteikia atram\u0105 atliekant \u012fvairius pasvirimo ir spaudimo pratimus.\"},{\"@type\":\"BreadcrumbList\",\"@id\":\"https:\/\/gymfactory.eu\/lt\/produktas\/a7x-megztinio-masina\/#breadcrumb\",\"itemListElement\":[{\"@type\":\"ListItem\",\"position\":1,\"name\":\"Pagrindinis\",\"item\":\"https:\/\/gymfactory.eu\/lt\/\"},{\"@type\":\"ListItem\",\"position\":2,\"name\":\"Katalogas\",\"item\":\"https:\/\/gymfactory.eu\/lt\/katalogas\/\"},{\"@type\":\"ListItem\",\"position\":3,\"name\":\"A7X \u201ePullover\u201c treniruoklis\"}]},{\"@type\":\"WebSite\",\"@id\":\"https:\/\/gymfactory.eu\/lt\/#website\",\"url\":\"https:\/\/gymfactory.eu\/lt\/\",\"name\":\"Gym Factory\",\"description\":\"\",\"publisher\":{\"@id\":\"https:\/\/gymfactory.eu\/lt\/#organization\"},\"potentialAction\":[{\"@type\":\"SearchAction\",\"target\":{\"@type\":\"EntryPoint\",\"urlTemplate\":\"https:\/\/gymfactory.eu\/lt\/?s={search_term_string}\"},\"query-input\":{\"@type\":\"PropertyValueSpecification\",\"valueRequired\":true,\"valueName\":\"search_term_string\"}}],\"inLanguage\":\"lt-LT\"},{\"@type\":\"Organization\",\"@id\":\"https:\/\/gymfactory.eu\/lt\/#organization\",\"name\":\"Sporto sal\u0117s gamykla\",\"url\":\"https:\/\/gymfactory.eu\/lt\/\",\"logo\":{\"@type\":\"ImageObject\",\"inLanguage\":\"lt-LT\",\"@id\":\"https:\/\/gymfactory.eu\/lt\/#\/schema\/logo\/image\/\",\"url\":\"https:\/\/gymfactory.eu\/wp-content\/uploads\/2024\/11\/Component-1.svg\",\"contentUrl\":\"https:\/\/gymfactory.eu\/wp-content\/uploads\/2024\/11\/Component-1.svg\",\"width\":54,\"height\":44,\"caption\":\"Sporto sal\u0117s gamykla\"},\"image\":{\"@id\":\"https:\/\/gymfactory.eu\/lt\/#\/schema\/logo\/image\/\"}}]}<\/script>\n<!-- \/ Yoast SEO plugin. -->","yoast_head_json":{"title":"A7X Pullover treniruo\u010di\u0173 ma\u0161ina, skirta j\u0117gos treniruot\u0117ms","description":"Treniruokit\u0117s kr\u016btin\u0117s ir nugaros raumenis su A7X pulloverio treniruokliu - efektyvia ir universalia \u012franga, skirta stiprinti j\u0117g\u0105 namuose.","robots":{"index":"index","follow":"follow","max-snippet":"max-snippet:-1","max-image-preview":"max-image-preview:large","max-video-preview":"max-video-preview:-1"},"canonical":"https:\/\/gymfactory.eu\/lt\/produktas\/a7x-megztinio-masina\/","og_locale":"lt_LT","og_type":"article","og_title":"A7X Pullover treniruo\u010di\u0173 ma\u0161ina, skirta j\u0117gos treniruot\u0117ms","og_description":"Treniruokit\u0117s kr\u016btin\u0117s ir nugaros raumenis su A7X pulloverio treniruokliu - efektyvia ir universalia \u012franga, skirta stiprinti j\u0117g\u0105 namuose.","og_url":"https:\/\/gymfactory.eu\/lt\/produktas\/a7x-megztinio-masina\/","og_site_name":"Gym Factory","article_modified_time":"2025-11-20T11:24:32+00:00","og_image":[{"width":1500,"height":1500,"url":"https:\/\/gymfactory.eu\/wp-content\/uploads\/2025\/01\/black-A7X-gym-machine-1.webp","type":"image\/webp"}],"twitter_card":"summary_large_image","twitter_misc":{"Est. reading time":"1 minut\u0117"},"schema":{"@context":"https:\/\/schema.org","@graph":[{"@type":"WebPage","@id":"https:\/\/gymfactory.eu\/lt\/produktas\/a7x-megztinio-masina\/","url":"https:\/\/gymfactory.eu\/lt\/produktas\/a7x-megztinio-masina\/","name":"A7X Pullover treniruo\u010di\u0173 ma\u0161ina, skirta j\u0117gos treniruot\u0117ms","isPartOf":{"@id":"https:\/\/gymfactory.eu\/lt\/#website"},"primaryImageOfPage":{"@id":"https:\/\/gymfactory.eu\/lt\/produktas\/a7x-megztinio-masina\/#primaryimage"},"image":{"@id":"https:\/\/gymfactory.eu\/lt\/produktas\/a7x-megztinio-masina\/#primaryimage"},"thumbnailUrl":"https:\/\/gymfactory.eu\/wp-content\/uploads\/2025\/01\/black-A7X-gym-machine-1.webp","datePublished":"2025-01-28T05:56:49+00:00","dateModified":"2025-11-20T11:24:32+00:00","description":"Treniruokit\u0117s kr\u016btin\u0117s ir nugaros raumenis su A7X pulloverio treniruokliu - efektyvia ir universalia \u012franga, skirta stiprinti j\u0117g\u0105 namuose.","breadcrumb":{"@id":"https:\/\/gymfactory.eu\/lt\/produktas\/a7x-megztinio-masina\/#breadcrumb"},"inLanguage":"lt-LT","potentialAction":[{"@type":"ReadAction","target":["https:\/\/gymfactory.eu\/lt\/produktas\/a7x-megztinio-masina\/"]}]},{"@type":"ImageObject","inLanguage":"lt-LT","@id":"https:\/\/gymfactory.eu\/lt\/produktas\/a7x-megztinio-masina\/#primaryimage","url":"https:\/\/gymfactory.eu\/wp-content\/uploads\/2025\/01\/black-A7X-gym-machine-1.webp","contentUrl":"https:\/\/gymfactory.eu\/wp-content\/uploads\/2025\/01\/black-A7X-gym-machine-1.webp","width":1500,"height":1500,"caption":"Eleganti\u0161kas, juodas j\u0117gos pratim\u0173 treniruoklis su patvariu r\u0117mu ir ergonomi\u0161komis rankenomis. Pamink\u0161tinta s\u0117dyn\u0117 ir atlo\u0161as suteikia atram\u0105 atliekant \u012fvairius pasvirimo ir spaudimo pratimus."},{"@type":"BreadcrumbList","@id":"https:\/\/gymfactory.eu\/lt\/produktas\/a7x-megztinio-masina\/#breadcrumb","itemListElement":[{"@type":"ListItem","position":1,"name":"Pagrindinis","item":"https:\/\/gymfactory.eu\/lt\/"},{"@type":"ListItem","position":2,"name":"Katalogas","item":"https:\/\/gymfactory.eu\/lt\/katalogas\/"},{"@type":"ListItem","position":3,"name":"A7X \u201ePullover\u201c treniruoklis"}]},{"@type":"WebSite","@id":"https:\/\/gymfactory.eu\/lt\/#website","url":"https:\/\/gymfactory.eu\/lt\/","name":"Gym Factory","description":"","publisher":{"@id":"https:\/\/gymfactory.eu\/lt\/#organization"},"potentialAction":[{"@type":"SearchAction","target":{"@type":"EntryPoint","urlTemplate":"https:\/\/gymfactory.eu\/lt\/?s={search_term_string}"},"query-input":{"@type":"PropertyValueSpecification","valueRequired":true,"valueName":"search_term_string"}}],"inLanguage":"lt-LT"},{"@type":"Organization","@id":"https:\/\/gymfactory.eu\/lt\/#organization","name":"Sporto sal\u0117s gamykla","url":"https:\/\/gymfactory.eu\/lt\/","logo":{"@type":"ImageObject","inLanguage":"lt-LT","@id":"https:\/\/gymfactory.eu\/lt\/#\/schema\/logo\/image\/","url":"https:\/\/gymfactory.eu\/wp-content\/uploads\/2024\/11\/Component-1.svg","contentUrl":"https:\/\/gymfactory.eu\/wp-content\/uploads\/2024\/11\/Component-1.svg","width":54,"height":44,"caption":"Sporto sal\u0117s gamykla"},"image":{"@id":"https:\/\/gymfactory.eu\/lt\/#\/schema\/logo\/image\/"}}]}},"_links":{"self":[{"href":"https:\/\/gymfactory.eu\/lt\/wp-json\/wp\/v2\/product\/10644","targetHints":{"allow":["GET"]}}],"collection":[{"href":"https:\/\/gymfactory.eu\/lt\/wp-json\/wp\/v2\/product"}],"about":[{"href":"https:\/\/gymfactory.eu\/lt\/wp-json\/wp\/v2\/types\/product"}],"wp:featuredmedia":[{"embeddable":true,"href":"https:\/\/gymfactory.eu\/lt\/wp-json\/wp\/v2\/media\/8267"}],"wp:attachment":[{"href":"https:\/\/gymfactory.eu\/lt\/wp-json\/wp\/v2\/media?parent=10644"}],"wp:term":[{"taxonomy":"product_brand","embeddable":true,"href":"https:\/\/gymfactory.eu\/lt\/wp-json\/wp\/v2\/product_brand?post=10644"},{"taxonomy":"product_cat","embeddable":true,"href":"https:\/\/gymfactory.eu\/lt\/wp-json\/wp\/v2\/product_cat?post=10644"},{"taxonomy":"product_tag","embeddable":true,"href":"https:\/\/gymfactory.eu\/lt\/wp-json\/wp\/v2\/product_tag?post=10644"}],"curies":[{"name":"wp","href":"https:\/\/api.w.org\/{rel}","templated":true}]}}