{"id":10639,"date":"2025-01-27T13:18:50","date_gmt":"2025-01-27T11:18:50","guid":{"rendered":"https:\/\/gymfactory.eu\/product\/a6xxp-sedimas-krutines-ir-peciu-treniruoklis\/"},"modified":"2025-11-20T12:50:28","modified_gmt":"2025-11-20T10:50:28","slug":"a6xxp-sedimas-krutines-ir-peciu-treniruoklis","status":"publish","type":"product","link":"https:\/\/gymfactory.eu\/lt\/produktas\/a6xxp-sedimas-krutines-ir-peciu-treniruoklis\/","title":{"rendered":"A6XXP Kr\u016btin\u0117s ir pe\u010di\u0173 treniruoklis &#8211; spaudimas s\u0117dint"},"content":{"rendered":"<p>A6XXP treniruoklis skirtas vir\u0161utin\u0117s k\u016bno dalies stiprinimui, derinant kr\u016btin\u0117s ir pe\u010di\u0173 treniruotes viename \u012frenginyje. Stabili, kompakti\u0161ka konstrukcija neu\u017eima daug vietos, tod\u0117l puikiai tinka tiek sporto klubams, tiek treniruot\u0117ms namuose.<\/p>\n<p>Su \u0161iuo treniruokliu galite atlikti spaudim\u0105 nuo nuo\u017eulnaus atlo\u0161o ir pe\u010di\u0173 spaudim\u0105 vir\u0161 galvos. Taip pat galima atlikti vienos rankos spaudimus, norint labiau izoliuoti ir sustiprinti vien\u0105 pus\u0119.<\/p>\n<p>Reguliuojamas s\u0117dyn\u0117s auk\u0161tis leid\u017eia treniruokl\u012f pritaikyti skirtingo \u016bgio naudotojams. A6XXP \u2013 funkcionalus ir viet\u0105 taupantis sprendimas vir\u0161utinei k\u016bno daliai treniruoti.<\/p>\n\n    <div class=\"xs_social_share_widget xs_share_url after_content \t\tmain_content  wslu-style-1 wslu-share-box-shaped wslu-fill-colored wslu-none wslu-share-horizontal wslu-theme-font-no wslu-main_content\">\n\n\t\t\n        <ul>\n\t\t\t        <\/ul>\n    <\/div> \n","protected":false},"excerpt":{"rendered":"<p>A6XXP treniruoklis skirtas vir\u0161utin\u0117s k\u016bno dalies stiprinimui, derinant kr\u016btin\u0117s ir pe\u010di\u0173 treniruotes viename \u012frenginyje. Stabili, kompakti\u0161ka konstrukcija neu\u017eima daug vietos, tod\u0117l puikiai tinka tiek sporto klubams, tiek treniruot\u0117ms namuose. Su \u0161iuo treniruokliu galite atlikti spaudim\u0105 nuo nuo\u017eulnaus atlo\u0161o ir pe\u010di\u0173 spaudim\u0105 vir\u0161 galvos. Taip pat galima atlikti vienos rankos spaudimus, norint labiau izoliuoti ir sustiprinti [&hellip;]<\/p>\n","protected":false},"featured_media":8265,"template":"","meta":{"_acf_changed":false},"product_brand":[817],"product_cat":[421],"product_tag":[],"class_list":{"0":"post-10639","1":"product","2":"type-product","3":"status-publish","4":"has-post-thumbnail","6":"product_brand-gym-factory-lt","7":"product_cat-laisvu-svoriu-treniruokliai","9":"first","10":"onbackorder","11":"taxable","12":"shipping-taxable","13":"purchasable","14":"product-type-variable","15":"has-default-attributes"},"acf":[],"yoast_head":"<!-- This site is optimized with the Yoast SEO plugin v25.2 - https:\/\/yoast.com\/wordpress\/plugins\/seo\/ -->\n<title>A6XXP s\u0117dimas kr\u016btin\u0117s ir pe\u010di\u0173 stiprinimo treniruoklis<\/title>\n<meta name=\"description\" content=\"A6XXP s\u0117dimas kr\u016btin\u0117s ir pe\u010di\u0173 treniruoklis yra kompakti\u0161kas, stabilus ir universalus nam\u0173 treniruokli\u0173 sal\u0117s \u012frenginys, skirtas veiksmingai vir\u0161utin\u0117s k\u016bno dalies j\u0117gos treniruotei.\" \/>\n<meta name=\"robots\" content=\"index, follow, max-snippet:-1, max-image-preview:large, max-video-preview:-1\" \/>\n<link rel=\"canonical\" href=\"https:\/\/gymfactory.eu\/lt\/produktas\/a6xxp-sedimas-krutines-ir-peciu-treniruoklis\/\" \/>\n<meta property=\"og:locale\" content=\"lt_LT\" \/>\n<meta property=\"og:type\" content=\"article\" \/>\n<meta property=\"og:title\" content=\"A6XXP s\u0117dimas kr\u016btin\u0117s ir pe\u010di\u0173 stiprinimo treniruoklis\" \/>\n<meta property=\"og:description\" content=\"A6XXP s\u0117dimas kr\u016btin\u0117s ir pe\u010di\u0173 treniruoklis yra kompakti\u0161kas, stabilus ir universalus nam\u0173 treniruokli\u0173 sal\u0117s \u012frenginys, skirtas veiksmingai vir\u0161utin\u0117s k\u016bno dalies j\u0117gos treniruotei.\" \/>\n<meta property=\"og:url\" content=\"https:\/\/gymfactory.eu\/lt\/produktas\/a6xxp-sedimas-krutines-ir-peciu-treniruoklis\/\" \/>\n<meta property=\"og:site_name\" content=\"Gym Factory\" \/>\n<meta property=\"article:modified_time\" content=\"2025-11-20T10:50:28+00:00\" \/>\n<meta property=\"og:image\" content=\"https:\/\/gymfactory.eu\/wp-content\/uploads\/2025\/01\/A6XXP-gym-machine-1.webp\" \/>\n\t<meta property=\"og:image:width\" content=\"1500\" \/>\n\t<meta property=\"og:image:height\" content=\"1500\" \/>\n\t<meta property=\"og:image:type\" content=\"image\/webp\" \/>\n<meta name=\"twitter:card\" content=\"summary_large_image\" \/>\n<meta name=\"twitter:label1\" content=\"Est. reading time\" \/>\n\t<meta name=\"twitter:data1\" content=\"1 minut\u0117\" \/>\n<script type=\"application\/ld+json\" class=\"yoast-schema-graph\">{\"@context\":\"https:\/\/schema.org\",\"@graph\":[{\"@type\":\"WebPage\",\"@id\":\"https:\/\/gymfactory.eu\/lt\/produktas\/a6xxp-sedimas-krutines-ir-peciu-treniruoklis\/\",\"url\":\"https:\/\/gymfactory.eu\/lt\/produktas\/a6xxp-sedimas-krutines-ir-peciu-treniruoklis\/\",\"name\":\"A6XXP s\u0117dimas kr\u016btin\u0117s ir pe\u010di\u0173 stiprinimo treniruoklis\",\"isPartOf\":{\"@id\":\"https:\/\/gymfactory.eu\/lt\/#website\"},\"primaryImageOfPage\":{\"@id\":\"https:\/\/gymfactory.eu\/lt\/produktas\/a6xxp-sedimas-krutines-ir-peciu-treniruoklis\/#primaryimage\"},\"image\":{\"@id\":\"https:\/\/gymfactory.eu\/lt\/produktas\/a6xxp-sedimas-krutines-ir-peciu-treniruoklis\/#primaryimage\"},\"thumbnailUrl\":\"https:\/\/gymfactory.eu\/wp-content\/uploads\/2025\/01\/A6XXP-gym-machine-1.webp\",\"datePublished\":\"2025-01-27T11:18:50+00:00\",\"dateModified\":\"2025-11-20T10:50:28+00:00\",\"description\":\"A6XXP s\u0117dimas kr\u016btin\u0117s ir pe\u010di\u0173 treniruoklis yra kompakti\u0161kas, stabilus ir universalus nam\u0173 treniruokli\u0173 sal\u0117s \u012frenginys, skirtas veiksmingai vir\u0161utin\u0117s k\u016bno dalies j\u0117gos treniruotei.\",\"breadcrumb\":{\"@id\":\"https:\/\/gymfactory.eu\/lt\/produktas\/a6xxp-sedimas-krutines-ir-peciu-treniruoklis\/#breadcrumb\"},\"inLanguage\":\"lt-LT\",\"potentialAction\":[{\"@type\":\"ReadAction\",\"target\":[\"https:\/\/gymfactory.eu\/lt\/produktas\/a6xxp-sedimas-krutines-ir-peciu-treniruoklis\/\"]}]},{\"@type\":\"ImageObject\",\"inLanguage\":\"lt-LT\",\"@id\":\"https:\/\/gymfactory.eu\/lt\/produktas\/a6xxp-sedimas-krutines-ir-peciu-treniruoklis\/#primaryimage\",\"url\":\"https:\/\/gymfactory.eu\/wp-content\/uploads\/2025\/01\/A6XXP-gym-machine-1.webp\",\"contentUrl\":\"https:\/\/gymfactory.eu\/wp-content\/uploads\/2025\/01\/A6XXP-gym-machine-1.webp\",\"width\":1500,\"height\":1500,\"caption\":\"Sporto treniruoklio A6XXP su raudona s\u0117dyne ir juodu r\u0117mu, ergonomi\u0161komis rankenomis ir svarmen\u0173 plok\u0161teli\u0173 laikikliu, skirtu veiksmingoms j\u0117gos treniruot\u0117ms, vaizdas i\u0161 priekio.\"},{\"@type\":\"BreadcrumbList\",\"@id\":\"https:\/\/gymfactory.eu\/lt\/produktas\/a6xxp-sedimas-krutines-ir-peciu-treniruoklis\/#breadcrumb\",\"itemListElement\":[{\"@type\":\"ListItem\",\"position\":1,\"name\":\"Pagrindinis\",\"item\":\"https:\/\/gymfactory.eu\/lt\/\"},{\"@type\":\"ListItem\",\"position\":2,\"name\":\"Katalogas\",\"item\":\"https:\/\/gymfactory.eu\/lt\/katalogas\/\"},{\"@type\":\"ListItem\",\"position\":3,\"name\":\"A6XXP Kr\u016btin\u0117s ir pe\u010di\u0173 treniruoklis &#8211; spaudimas s\u0117dint\"}]},{\"@type\":\"WebSite\",\"@id\":\"https:\/\/gymfactory.eu\/lt\/#website\",\"url\":\"https:\/\/gymfactory.eu\/lt\/\",\"name\":\"Gym Factory\",\"description\":\"\",\"publisher\":{\"@id\":\"https:\/\/gymfactory.eu\/lt\/#organization\"},\"potentialAction\":[{\"@type\":\"SearchAction\",\"target\":{\"@type\":\"EntryPoint\",\"urlTemplate\":\"https:\/\/gymfactory.eu\/lt\/?s={search_term_string}\"},\"query-input\":{\"@type\":\"PropertyValueSpecification\",\"valueRequired\":true,\"valueName\":\"search_term_string\"}}],\"inLanguage\":\"lt-LT\"},{\"@type\":\"Organization\",\"@id\":\"https:\/\/gymfactory.eu\/lt\/#organization\",\"name\":\"Sporto sal\u0117s gamykla\",\"url\":\"https:\/\/gymfactory.eu\/lt\/\",\"logo\":{\"@type\":\"ImageObject\",\"inLanguage\":\"lt-LT\",\"@id\":\"https:\/\/gymfactory.eu\/lt\/#\/schema\/logo\/image\/\",\"url\":\"https:\/\/gymfactory.eu\/wp-content\/uploads\/2024\/11\/Component-1.svg\",\"contentUrl\":\"https:\/\/gymfactory.eu\/wp-content\/uploads\/2024\/11\/Component-1.svg\",\"width\":54,\"height\":44,\"caption\":\"Sporto sal\u0117s gamykla\"},\"image\":{\"@id\":\"https:\/\/gymfactory.eu\/lt\/#\/schema\/logo\/image\/\"}}]}<\/script>\n<!-- \/ Yoast SEO plugin. -->","yoast_head_json":{"title":"A6XXP s\u0117dimas kr\u016btin\u0117s ir pe\u010di\u0173 stiprinimo treniruoklis","description":"A6XXP s\u0117dimas kr\u016btin\u0117s ir pe\u010di\u0173 treniruoklis yra kompakti\u0161kas, stabilus ir universalus nam\u0173 treniruokli\u0173 sal\u0117s \u012frenginys, skirtas veiksmingai vir\u0161utin\u0117s k\u016bno dalies j\u0117gos treniruotei.","robots":{"index":"index","follow":"follow","max-snippet":"max-snippet:-1","max-image-preview":"max-image-preview:large","max-video-preview":"max-video-preview:-1"},"canonical":"https:\/\/gymfactory.eu\/lt\/produktas\/a6xxp-sedimas-krutines-ir-peciu-treniruoklis\/","og_locale":"lt_LT","og_type":"article","og_title":"A6XXP s\u0117dimas kr\u016btin\u0117s ir pe\u010di\u0173 stiprinimo treniruoklis","og_description":"A6XXP s\u0117dimas kr\u016btin\u0117s ir pe\u010di\u0173 treniruoklis yra kompakti\u0161kas, stabilus ir universalus nam\u0173 treniruokli\u0173 sal\u0117s \u012frenginys, skirtas veiksmingai vir\u0161utin\u0117s k\u016bno dalies j\u0117gos treniruotei.","og_url":"https:\/\/gymfactory.eu\/lt\/produktas\/a6xxp-sedimas-krutines-ir-peciu-treniruoklis\/","og_site_name":"Gym Factory","article_modified_time":"2025-11-20T10:50:28+00:00","og_image":[{"width":1500,"height":1500,"url":"https:\/\/gymfactory.eu\/wp-content\/uploads\/2025\/01\/A6XXP-gym-machine-1.webp","type":"image\/webp"}],"twitter_card":"summary_large_image","twitter_misc":{"Est. reading time":"1 minut\u0117"},"schema":{"@context":"https:\/\/schema.org","@graph":[{"@type":"WebPage","@id":"https:\/\/gymfactory.eu\/lt\/produktas\/a6xxp-sedimas-krutines-ir-peciu-treniruoklis\/","url":"https:\/\/gymfactory.eu\/lt\/produktas\/a6xxp-sedimas-krutines-ir-peciu-treniruoklis\/","name":"A6XXP s\u0117dimas kr\u016btin\u0117s ir pe\u010di\u0173 stiprinimo treniruoklis","isPartOf":{"@id":"https:\/\/gymfactory.eu\/lt\/#website"},"primaryImageOfPage":{"@id":"https:\/\/gymfactory.eu\/lt\/produktas\/a6xxp-sedimas-krutines-ir-peciu-treniruoklis\/#primaryimage"},"image":{"@id":"https:\/\/gymfactory.eu\/lt\/produktas\/a6xxp-sedimas-krutines-ir-peciu-treniruoklis\/#primaryimage"},"thumbnailUrl":"https:\/\/gymfactory.eu\/wp-content\/uploads\/2025\/01\/A6XXP-gym-machine-1.webp","datePublished":"2025-01-27T11:18:50+00:00","dateModified":"2025-11-20T10:50:28+00:00","description":"A6XXP s\u0117dimas kr\u016btin\u0117s ir pe\u010di\u0173 treniruoklis yra kompakti\u0161kas, stabilus ir universalus nam\u0173 treniruokli\u0173 sal\u0117s \u012frenginys, skirtas veiksmingai vir\u0161utin\u0117s k\u016bno dalies j\u0117gos treniruotei.","breadcrumb":{"@id":"https:\/\/gymfactory.eu\/lt\/produktas\/a6xxp-sedimas-krutines-ir-peciu-treniruoklis\/#breadcrumb"},"inLanguage":"lt-LT","potentialAction":[{"@type":"ReadAction","target":["https:\/\/gymfactory.eu\/lt\/produktas\/a6xxp-sedimas-krutines-ir-peciu-treniruoklis\/"]}]},{"@type":"ImageObject","inLanguage":"lt-LT","@id":"https:\/\/gymfactory.eu\/lt\/produktas\/a6xxp-sedimas-krutines-ir-peciu-treniruoklis\/#primaryimage","url":"https:\/\/gymfactory.eu\/wp-content\/uploads\/2025\/01\/A6XXP-gym-machine-1.webp","contentUrl":"https:\/\/gymfactory.eu\/wp-content\/uploads\/2025\/01\/A6XXP-gym-machine-1.webp","width":1500,"height":1500,"caption":"Sporto treniruoklio A6XXP su raudona s\u0117dyne ir juodu r\u0117mu, ergonomi\u0161komis rankenomis ir svarmen\u0173 plok\u0161teli\u0173 laikikliu, skirtu veiksmingoms j\u0117gos treniruot\u0117ms, vaizdas i\u0161 priekio."},{"@type":"BreadcrumbList","@id":"https:\/\/gymfactory.eu\/lt\/produktas\/a6xxp-sedimas-krutines-ir-peciu-treniruoklis\/#breadcrumb","itemListElement":[{"@type":"ListItem","position":1,"name":"Pagrindinis","item":"https:\/\/gymfactory.eu\/lt\/"},{"@type":"ListItem","position":2,"name":"Katalogas","item":"https:\/\/gymfactory.eu\/lt\/katalogas\/"},{"@type":"ListItem","position":3,"name":"A6XXP Kr\u016btin\u0117s ir pe\u010di\u0173 treniruoklis &#8211; spaudimas s\u0117dint"}]},{"@type":"WebSite","@id":"https:\/\/gymfactory.eu\/lt\/#website","url":"https:\/\/gymfactory.eu\/lt\/","name":"Gym Factory","description":"","publisher":{"@id":"https:\/\/gymfactory.eu\/lt\/#organization"},"potentialAction":[{"@type":"SearchAction","target":{"@type":"EntryPoint","urlTemplate":"https:\/\/gymfactory.eu\/lt\/?s={search_term_string}"},"query-input":{"@type":"PropertyValueSpecification","valueRequired":true,"valueName":"search_term_string"}}],"inLanguage":"lt-LT"},{"@type":"Organization","@id":"https:\/\/gymfactory.eu\/lt\/#organization","name":"Sporto sal\u0117s gamykla","url":"https:\/\/gymfactory.eu\/lt\/","logo":{"@type":"ImageObject","inLanguage":"lt-LT","@id":"https:\/\/gymfactory.eu\/lt\/#\/schema\/logo\/image\/","url":"https:\/\/gymfactory.eu\/wp-content\/uploads\/2024\/11\/Component-1.svg","contentUrl":"https:\/\/gymfactory.eu\/wp-content\/uploads\/2024\/11\/Component-1.svg","width":54,"height":44,"caption":"Sporto sal\u0117s gamykla"},"image":{"@id":"https:\/\/gymfactory.eu\/lt\/#\/schema\/logo\/image\/"}}]}},"_links":{"self":[{"href":"https:\/\/gymfactory.eu\/lt\/wp-json\/wp\/v2\/product\/10639","targetHints":{"allow":["GET"]}}],"collection":[{"href":"https:\/\/gymfactory.eu\/lt\/wp-json\/wp\/v2\/product"}],"about":[{"href":"https:\/\/gymfactory.eu\/lt\/wp-json\/wp\/v2\/types\/product"}],"wp:featuredmedia":[{"embeddable":true,"href":"https:\/\/gymfactory.eu\/lt\/wp-json\/wp\/v2\/media\/8265"}],"wp:attachment":[{"href":"https:\/\/gymfactory.eu\/lt\/wp-json\/wp\/v2\/media?parent=10639"}],"wp:term":[{"taxonomy":"product_brand","embeddable":true,"href":"https:\/\/gymfactory.eu\/lt\/wp-json\/wp\/v2\/product_brand?post=10639"},{"taxonomy":"product_cat","embeddable":true,"href":"https:\/\/gymfactory.eu\/lt\/wp-json\/wp\/v2\/product_cat?post=10639"},{"taxonomy":"product_tag","embeddable":true,"href":"https:\/\/gymfactory.eu\/lt\/wp-json\/wp\/v2\/product_tag?post=10639"}],"curies":[{"name":"wp","href":"https:\/\/api.w.org\/{rel}","templated":true}]}}