{"id":10637,"date":"2025-02-05T07:39:46","date_gmt":"2025-02-05T05:39:46","guid":{"rendered":"https:\/\/gymfactory.eu\/product\/s4-tibia-dorsi-blauzdos-masina\/"},"modified":"2025-11-21T15:48:27","modified_gmt":"2025-11-21T13:48:27","slug":"s4-tibia-dorsi-blauzdos-masina","status":"publish","type":"product","link":"https:\/\/gymfactory.eu\/lt\/produktas\/s4-tibia-dorsi-blauzdos-masina\/","title":{"rendered":"S4 Priekinio blauzdos raumens treniruoklis"},"content":{"rendered":"<p>S4 \u2013 tai kompakti\u0161kas treniruoklis, skirtas stiprinti priekin\u012f blauzdos raumen\u012f (tibialis anterior) \u2013 svarb\u0173, bet da\u017enai pamir\u0161tam\u0105 apatin\u0117s kojos raumen\u012f. D\u0117l nedidelio u\u017eimamo ploto tai prakti\u0161kas pasirinkimas tiek nam\u0173 sporto erdv\u0117ms, tiek profesionalios sal\u0117ms.<\/p>\n<p>Naudojant \u0161\u012f treniruokl\u012f atliekami priekin\u0117s blauzdos pak\u0117limai, kurie lavina \u010diurn\u0173 stabilum\u0105, gerina p\u0117dos kontrol\u0119 ir gali pad\u0117ti i\u0161vengti blauzdos skausm\u0173. Pratim\u0105 galima atlikti viena arba abiem kojomis \u2013 atsi\u017evelgiant \u012f treniruot\u0117s tiksl\u0105 ar reabilitacijos poreikius.<\/p>\n<p>Tvirta konstrukcija ir sklandi eiga leid\u017eia saugiai ir tiksliai aktyvuoti blauzdos priekin\u0119 dal\u012f, stiprinant j\u0105 funkciniams judesiams \u2013 tokiems kaip \u0117jimas, b\u0117gimas ar \u0161uoliai.<\/p>\n\n    <div class=\"xs_social_share_widget xs_share_url after_content \t\tmain_content  wslu-style-1 wslu-share-box-shaped wslu-fill-colored wslu-none wslu-share-horizontal wslu-theme-font-no wslu-main_content\">\n\n\t\t\n        <ul>\n\t\t\t        <\/ul>\n    <\/div> \n","protected":false},"excerpt":{"rendered":"<p>S4 \u2013 tai kompakti\u0161kas treniruoklis, skirtas stiprinti priekin\u012f blauzdos raumen\u012f (tibialis anterior) \u2013 svarb\u0173, bet da\u017enai pamir\u0161tam\u0105 apatin\u0117s kojos raumen\u012f. D\u0117l nedidelio u\u017eimamo ploto tai prakti\u0161kas pasirinkimas tiek nam\u0173 sporto erdv\u0117ms, tiek profesionalios sal\u0117ms. Naudojant \u0161\u012f treniruokl\u012f atliekami priekin\u0117s blauzdos pak\u0117limai, kurie lavina \u010diurn\u0173 stabilum\u0105, gerina p\u0117dos kontrol\u0119 ir gali pad\u0117ti i\u0161vengti blauzdos skausm\u0173. Pratim\u0105 [&hellip;]<\/p>\n","protected":false},"featured_media":8618,"template":"","meta":{"_acf_changed":false},"product_brand":[817],"product_cat":[421],"product_tag":[],"class_list":{"0":"post-10637","1":"product","2":"type-product","3":"status-publish","4":"has-post-thumbnail","6":"product_brand-gym-factory-lt","7":"product_cat-laisvu-svoriu-treniruokliai","9":"first","10":"onbackorder","11":"taxable","12":"shipping-taxable","13":"purchasable","14":"product-type-variable","15":"has-default-attributes"},"acf":[],"yoast_head":"<!-- This site is optimized with the Yoast SEO plugin v25.2 - https:\/\/yoast.com\/wordpress\/plugins\/seo\/ -->\n<title>S4 Tibia Dorsi Calf Machine | Koj\u0173 j\u0117gos treniruot\u0117ms<\/title>\n<meta name=\"description\" content=\"Ie\u0161kote, kaip patobulinti apatin\u0119 koj\u0173 dal\u012f? &quot;Tibia Dorsi Calf Machine&quot; skirtas tikslioms ir veiksmingoms koj\u0173 j\u0117gos treniruot\u0117ms su izoliuotais blauzdikaulio ir blauzdos judesiais.\" \/>\n<meta name=\"robots\" content=\"index, follow, max-snippet:-1, max-image-preview:large, max-video-preview:-1\" \/>\n<link rel=\"canonical\" href=\"https:\/\/gymfactory.eu\/lt\/produktas\/s4-tibia-dorsi-blauzdos-masina\/\" \/>\n<meta property=\"og:locale\" content=\"lt_LT\" \/>\n<meta property=\"og:type\" content=\"article\" \/>\n<meta property=\"og:title\" content=\"S4 Tibia Dorsi Calf Machine | Koj\u0173 j\u0117gos treniruot\u0117ms\" \/>\n<meta property=\"og:description\" content=\"Ie\u0161kote, kaip patobulinti apatin\u0119 koj\u0173 dal\u012f? &quot;Tibia Dorsi Calf Machine&quot; skirtas tikslioms ir veiksmingoms koj\u0173 j\u0117gos treniruot\u0117ms su izoliuotais blauzdikaulio ir blauzdos judesiais.\" \/>\n<meta property=\"og:url\" content=\"https:\/\/gymfactory.eu\/lt\/produktas\/s4-tibia-dorsi-blauzdos-masina\/\" \/>\n<meta property=\"og:site_name\" content=\"Gym Factory\" \/>\n<meta property=\"article:modified_time\" content=\"2025-11-21T13:48:27+00:00\" \/>\n<meta property=\"og:image\" content=\"https:\/\/gymfactory.eu\/wp-content\/uploads\/2025\/02\/gym-machine-S4-hyperextension-attachment-side-view-1.webp\" \/>\n\t<meta property=\"og:image:width\" content=\"1500\" \/>\n\t<meta property=\"og:image:height\" content=\"1500\" \/>\n\t<meta property=\"og:image:type\" content=\"image\/webp\" \/>\n<meta name=\"twitter:card\" content=\"summary_large_image\" \/>\n<meta name=\"twitter:label1\" content=\"Est. reading time\" \/>\n\t<meta name=\"twitter:data1\" content=\"1 minut\u0117\" \/>\n<script type=\"application\/ld+json\" class=\"yoast-schema-graph\">{\"@context\":\"https:\/\/schema.org\",\"@graph\":[{\"@type\":\"WebPage\",\"@id\":\"https:\/\/gymfactory.eu\/lt\/produktas\/s4-tibia-dorsi-blauzdos-masina\/\",\"url\":\"https:\/\/gymfactory.eu\/lt\/produktas\/s4-tibia-dorsi-blauzdos-masina\/\",\"name\":\"S4 Tibia Dorsi Calf Machine | Koj\u0173 j\u0117gos treniruot\u0117ms\",\"isPartOf\":{\"@id\":\"https:\/\/gymfactory.eu\/lt\/#website\"},\"primaryImageOfPage\":{\"@id\":\"https:\/\/gymfactory.eu\/lt\/produktas\/s4-tibia-dorsi-blauzdos-masina\/#primaryimage\"},\"image\":{\"@id\":\"https:\/\/gymfactory.eu\/lt\/produktas\/s4-tibia-dorsi-blauzdos-masina\/#primaryimage\"},\"thumbnailUrl\":\"https:\/\/gymfactory.eu\/wp-content\/uploads\/2025\/02\/gym-machine-S4-hyperextension-attachment-side-view-1.webp\",\"datePublished\":\"2025-02-05T05:39:46+00:00\",\"dateModified\":\"2025-11-21T13:48:27+00:00\",\"description\":\"Ie\u0161kote, kaip patobulinti apatin\u0119 koj\u0173 dal\u012f? \\\"Tibia Dorsi Calf Machine\\\" skirtas tikslioms ir veiksmingoms koj\u0173 j\u0117gos treniruot\u0117ms su izoliuotais blauzdikaulio ir blauzdos judesiais.\",\"breadcrumb\":{\"@id\":\"https:\/\/gymfactory.eu\/lt\/produktas\/s4-tibia-dorsi-blauzdos-masina\/#breadcrumb\"},\"inLanguage\":\"lt-LT\",\"potentialAction\":[{\"@type\":\"ReadAction\",\"target\":[\"https:\/\/gymfactory.eu\/lt\/produktas\/s4-tibia-dorsi-blauzdos-masina\/\"]}]},{\"@type\":\"ImageObject\",\"inLanguage\":\"lt-LT\",\"@id\":\"https:\/\/gymfactory.eu\/lt\/produktas\/s4-tibia-dorsi-blauzdos-masina\/#primaryimage\",\"url\":\"https:\/\/gymfactory.eu\/wp-content\/uploads\/2025\/02\/gym-machine-S4-hyperextension-attachment-side-view-1.webp\",\"contentUrl\":\"https:\/\/gymfactory.eu\/wp-content\/uploads\/2025\/02\/gym-machine-S4-hyperextension-attachment-side-view-1.webp\",\"width\":1500,\"height\":1500,\"caption\":\"I\u0161 \u0161ono matomas S4 hiperektenzijos tvirtinimo \u012ftaiso vaizdas, kuriame matyti patvarus juodo plieno r\u0117mas ir ergonomi\u0161ka pamink\u0161tinta atrama. \u0160is treniruoklio priedas skirtas veiksmingai apatin\u0117s nugaros dalies ir u\u017epakalin\u0117s grandin\u0117s treniruotei. Svorio apkrovos rankenos ir reguliuojamas mechanizmas leid\u017eia pritaikyti pasiprie\u0161inim\u0105, tod\u0117l tai yra b\u016btinas sporto sal\u0117s \u012frenginys j\u0117gos treniruo\u010di\u0173 entuziastams.\"},{\"@type\":\"BreadcrumbList\",\"@id\":\"https:\/\/gymfactory.eu\/lt\/produktas\/s4-tibia-dorsi-blauzdos-masina\/#breadcrumb\",\"itemListElement\":[{\"@type\":\"ListItem\",\"position\":1,\"name\":\"Pagrindinis\",\"item\":\"https:\/\/gymfactory.eu\/lt\/\"},{\"@type\":\"ListItem\",\"position\":2,\"name\":\"Katalogas\",\"item\":\"https:\/\/gymfactory.eu\/lt\/katalogas\/\"},{\"@type\":\"ListItem\",\"position\":3,\"name\":\"S4 Priekinio blauzdos raumens treniruoklis\"}]},{\"@type\":\"WebSite\",\"@id\":\"https:\/\/gymfactory.eu\/lt\/#website\",\"url\":\"https:\/\/gymfactory.eu\/lt\/\",\"name\":\"Gym Factory\",\"description\":\"\",\"publisher\":{\"@id\":\"https:\/\/gymfactory.eu\/lt\/#organization\"},\"potentialAction\":[{\"@type\":\"SearchAction\",\"target\":{\"@type\":\"EntryPoint\",\"urlTemplate\":\"https:\/\/gymfactory.eu\/lt\/?s={search_term_string}\"},\"query-input\":{\"@type\":\"PropertyValueSpecification\",\"valueRequired\":true,\"valueName\":\"search_term_string\"}}],\"inLanguage\":\"lt-LT\"},{\"@type\":\"Organization\",\"@id\":\"https:\/\/gymfactory.eu\/lt\/#organization\",\"name\":\"Sporto sal\u0117s gamykla\",\"url\":\"https:\/\/gymfactory.eu\/lt\/\",\"logo\":{\"@type\":\"ImageObject\",\"inLanguage\":\"lt-LT\",\"@id\":\"https:\/\/gymfactory.eu\/lt\/#\/schema\/logo\/image\/\",\"url\":\"https:\/\/gymfactory.eu\/wp-content\/uploads\/2024\/11\/Component-1.svg\",\"contentUrl\":\"https:\/\/gymfactory.eu\/wp-content\/uploads\/2024\/11\/Component-1.svg\",\"width\":54,\"height\":44,\"caption\":\"Sporto sal\u0117s gamykla\"},\"image\":{\"@id\":\"https:\/\/gymfactory.eu\/lt\/#\/schema\/logo\/image\/\"}}]}<\/script>\n<!-- \/ Yoast SEO plugin. -->","yoast_head_json":{"title":"S4 Tibia Dorsi Calf Machine | Koj\u0173 j\u0117gos treniruot\u0117ms","description":"Ie\u0161kote, kaip patobulinti apatin\u0119 koj\u0173 dal\u012f? \"Tibia Dorsi Calf Machine\" skirtas tikslioms ir veiksmingoms koj\u0173 j\u0117gos treniruot\u0117ms su izoliuotais blauzdikaulio ir blauzdos judesiais.","robots":{"index":"index","follow":"follow","max-snippet":"max-snippet:-1","max-image-preview":"max-image-preview:large","max-video-preview":"max-video-preview:-1"},"canonical":"https:\/\/gymfactory.eu\/lt\/produktas\/s4-tibia-dorsi-blauzdos-masina\/","og_locale":"lt_LT","og_type":"article","og_title":"S4 Tibia Dorsi Calf Machine | Koj\u0173 j\u0117gos treniruot\u0117ms","og_description":"Ie\u0161kote, kaip patobulinti apatin\u0119 koj\u0173 dal\u012f? \"Tibia Dorsi Calf Machine\" skirtas tikslioms ir veiksmingoms koj\u0173 j\u0117gos treniruot\u0117ms su izoliuotais blauzdikaulio ir blauzdos judesiais.","og_url":"https:\/\/gymfactory.eu\/lt\/produktas\/s4-tibia-dorsi-blauzdos-masina\/","og_site_name":"Gym Factory","article_modified_time":"2025-11-21T13:48:27+00:00","og_image":[{"width":1500,"height":1500,"url":"https:\/\/gymfactory.eu\/wp-content\/uploads\/2025\/02\/gym-machine-S4-hyperextension-attachment-side-view-1.webp","type":"image\/webp"}],"twitter_card":"summary_large_image","twitter_misc":{"Est. reading time":"1 minut\u0117"},"schema":{"@context":"https:\/\/schema.org","@graph":[{"@type":"WebPage","@id":"https:\/\/gymfactory.eu\/lt\/produktas\/s4-tibia-dorsi-blauzdos-masina\/","url":"https:\/\/gymfactory.eu\/lt\/produktas\/s4-tibia-dorsi-blauzdos-masina\/","name":"S4 Tibia Dorsi Calf Machine | Koj\u0173 j\u0117gos treniruot\u0117ms","isPartOf":{"@id":"https:\/\/gymfactory.eu\/lt\/#website"},"primaryImageOfPage":{"@id":"https:\/\/gymfactory.eu\/lt\/produktas\/s4-tibia-dorsi-blauzdos-masina\/#primaryimage"},"image":{"@id":"https:\/\/gymfactory.eu\/lt\/produktas\/s4-tibia-dorsi-blauzdos-masina\/#primaryimage"},"thumbnailUrl":"https:\/\/gymfactory.eu\/wp-content\/uploads\/2025\/02\/gym-machine-S4-hyperextension-attachment-side-view-1.webp","datePublished":"2025-02-05T05:39:46+00:00","dateModified":"2025-11-21T13:48:27+00:00","description":"Ie\u0161kote, kaip patobulinti apatin\u0119 koj\u0173 dal\u012f? \"Tibia Dorsi Calf Machine\" skirtas tikslioms ir veiksmingoms koj\u0173 j\u0117gos treniruot\u0117ms su izoliuotais blauzdikaulio ir blauzdos judesiais.","breadcrumb":{"@id":"https:\/\/gymfactory.eu\/lt\/produktas\/s4-tibia-dorsi-blauzdos-masina\/#breadcrumb"},"inLanguage":"lt-LT","potentialAction":[{"@type":"ReadAction","target":["https:\/\/gymfactory.eu\/lt\/produktas\/s4-tibia-dorsi-blauzdos-masina\/"]}]},{"@type":"ImageObject","inLanguage":"lt-LT","@id":"https:\/\/gymfactory.eu\/lt\/produktas\/s4-tibia-dorsi-blauzdos-masina\/#primaryimage","url":"https:\/\/gymfactory.eu\/wp-content\/uploads\/2025\/02\/gym-machine-S4-hyperextension-attachment-side-view-1.webp","contentUrl":"https:\/\/gymfactory.eu\/wp-content\/uploads\/2025\/02\/gym-machine-S4-hyperextension-attachment-side-view-1.webp","width":1500,"height":1500,"caption":"I\u0161 \u0161ono matomas S4 hiperektenzijos tvirtinimo \u012ftaiso vaizdas, kuriame matyti patvarus juodo plieno r\u0117mas ir ergonomi\u0161ka pamink\u0161tinta atrama. \u0160is treniruoklio priedas skirtas veiksmingai apatin\u0117s nugaros dalies ir u\u017epakalin\u0117s grandin\u0117s treniruotei. Svorio apkrovos rankenos ir reguliuojamas mechanizmas leid\u017eia pritaikyti pasiprie\u0161inim\u0105, tod\u0117l tai yra b\u016btinas sporto sal\u0117s \u012frenginys j\u0117gos treniruo\u010di\u0173 entuziastams."},{"@type":"BreadcrumbList","@id":"https:\/\/gymfactory.eu\/lt\/produktas\/s4-tibia-dorsi-blauzdos-masina\/#breadcrumb","itemListElement":[{"@type":"ListItem","position":1,"name":"Pagrindinis","item":"https:\/\/gymfactory.eu\/lt\/"},{"@type":"ListItem","position":2,"name":"Katalogas","item":"https:\/\/gymfactory.eu\/lt\/katalogas\/"},{"@type":"ListItem","position":3,"name":"S4 Priekinio blauzdos raumens treniruoklis"}]},{"@type":"WebSite","@id":"https:\/\/gymfactory.eu\/lt\/#website","url":"https:\/\/gymfactory.eu\/lt\/","name":"Gym Factory","description":"","publisher":{"@id":"https:\/\/gymfactory.eu\/lt\/#organization"},"potentialAction":[{"@type":"SearchAction","target":{"@type":"EntryPoint","urlTemplate":"https:\/\/gymfactory.eu\/lt\/?s={search_term_string}"},"query-input":{"@type":"PropertyValueSpecification","valueRequired":true,"valueName":"search_term_string"}}],"inLanguage":"lt-LT"},{"@type":"Organization","@id":"https:\/\/gymfactory.eu\/lt\/#organization","name":"Sporto sal\u0117s gamykla","url":"https:\/\/gymfactory.eu\/lt\/","logo":{"@type":"ImageObject","inLanguage":"lt-LT","@id":"https:\/\/gymfactory.eu\/lt\/#\/schema\/logo\/image\/","url":"https:\/\/gymfactory.eu\/wp-content\/uploads\/2024\/11\/Component-1.svg","contentUrl":"https:\/\/gymfactory.eu\/wp-content\/uploads\/2024\/11\/Component-1.svg","width":54,"height":44,"caption":"Sporto sal\u0117s gamykla"},"image":{"@id":"https:\/\/gymfactory.eu\/lt\/#\/schema\/logo\/image\/"}}]}},"_links":{"self":[{"href":"https:\/\/gymfactory.eu\/lt\/wp-json\/wp\/v2\/product\/10637","targetHints":{"allow":["GET"]}}],"collection":[{"href":"https:\/\/gymfactory.eu\/lt\/wp-json\/wp\/v2\/product"}],"about":[{"href":"https:\/\/gymfactory.eu\/lt\/wp-json\/wp\/v2\/types\/product"}],"wp:featuredmedia":[{"embeddable":true,"href":"https:\/\/gymfactory.eu\/lt\/wp-json\/wp\/v2\/media\/8618"}],"wp:attachment":[{"href":"https:\/\/gymfactory.eu\/lt\/wp-json\/wp\/v2\/media?parent=10637"}],"wp:term":[{"taxonomy":"product_brand","embeddable":true,"href":"https:\/\/gymfactory.eu\/lt\/wp-json\/wp\/v2\/product_brand?post=10637"},{"taxonomy":"product_cat","embeddable":true,"href":"https:\/\/gymfactory.eu\/lt\/wp-json\/wp\/v2\/product_cat?post=10637"},{"taxonomy":"product_tag","embeddable":true,"href":"https:\/\/gymfactory.eu\/lt\/wp-json\/wp\/v2\/product_tag?post=10637"}],"curies":[{"name":"wp","href":"https:\/\/api.w.org\/{rel}","templated":true}]}}