{"id":10635,"date":"2025-02-04T14:39:04","date_gmt":"2025-02-04T12:39:04","guid":{"rendered":"https:\/\/gymfactory.eu\/product\/r4-tru-squat-machine\/"},"modified":"2025-11-21T15:45:28","modified_gmt":"2025-11-21T13:45:28","slug":"r4-tru-squat-machine","status":"publish","type":"product","link":"https:\/\/gymfactory.eu\/lt\/produktas\/r4-tru-squat-machine\/","title":{"rendered":"R4 Prit\u016bpim\u0173 treniruoklis &#8222;Tru Squat&#8221;"},"content":{"rendered":"<p>R4 &#8222;Tru Squat&#8221; treniruoklis padeda i\u0161laikyti taisykling\u0105 prit\u016bpim\u0173 technik\u0105, suma\u017eindamas apkrov\u0105 keliams ir nugaros apa\u010diai. Reguliuojamos pe\u010di\u0173 atramos, stabili p\u0117d\u0173 platforma ir kompakti\u0161ka konstrukcija sukuria saugi\u0105 aplink\u0105 kontroliuojamiems prit\u016bpimams tiek nam\u0173, tiek profesionaliose sporto sal\u0117se.<\/p>\n<p>\u0160is treniruoklis skirtas &#8222;Tru&#8221; tipo prit\u016bpimams, kurie efektyviai lavina \u0161laun\u0173 priekinius raumenis (keturgalvius), s\u0117dmenis ir galinius \u0161laun\u0173 raumenis, kartu skatinant taisykling\u0105 \u2013 vertikalesn\u0119 \u2013 liemens pad\u0117t\u012f.<br \/>\nGalima keisti koj\u0173 pad\u0117t\u012f: stotis pla\u010diai ar siaurai \u2013 taip paskirstant kr\u016bv\u012f skirtingoms koj\u0173 raumen\u0173 grup\u0117ms. Be to, galima \u012ftraukti blauzd\u0173 k\u0117limus.<\/p>\n<p>Integruota starto svirtis leid\u017eia u\u017efiksuoti pradin\u0119 pad\u0117t\u012f \u2013 tai palengvina pasiruo\u0161im\u0105 pratimo atlikimui. Keli\u0173 lygi\u0173 saugos kai\u0161\u010diai leid\u017eia apriboti judesio amplitud\u0119 pagal poreik\u012f. Papildomas balansinis svoris (pasirinktinai) padeda skland\u017eiau prad\u0117ti judes\u012f \u2013 ypa\u010d naudinga pradedantiesiems ar dirbant su lengvesniais svoriais.<\/p>\n\n    <div class=\"xs_social_share_widget xs_share_url after_content \t\tmain_content  wslu-style-1 wslu-share-box-shaped wslu-fill-colored wslu-none wslu-share-horizontal wslu-theme-font-no wslu-main_content\">\n\n\t\t\n        <ul>\n\t\t\t        <\/ul>\n    <\/div> \n","protected":false},"excerpt":{"rendered":"<p>R4 &#8222;Tru Squat&#8221; treniruoklis padeda i\u0161laikyti taisykling\u0105 prit\u016bpim\u0173 technik\u0105, suma\u017eindamas apkrov\u0105 keliams ir nugaros apa\u010diai. Reguliuojamos pe\u010di\u0173 atramos, stabili p\u0117d\u0173 platforma ir kompakti\u0161ka konstrukcija sukuria saugi\u0105 aplink\u0105 kontroliuojamiems prit\u016bpimams tiek nam\u0173, tiek profesionaliose sporto sal\u0117se. \u0160is treniruoklis skirtas &#8222;Tru&#8221; tipo prit\u016bpimams, kurie efektyviai lavina \u0161laun\u0173 priekinius raumenis (keturgalvius), s\u0117dmenis ir galinius \u0161laun\u0173 raumenis, kartu skatinant [&hellip;]<\/p>\n","protected":false},"featured_media":8251,"template":"","meta":{"_acf_changed":false},"product_brand":[817],"product_cat":[421],"product_tag":[],"class_list":{"0":"post-10635","1":"product","2":"type-product","3":"status-publish","4":"has-post-thumbnail","6":"product_brand-gym-factory-lt","7":"product_cat-laisvu-svoriu-treniruokliai","9":"first","10":"onbackorder","11":"taxable","12":"shipping-taxable","13":"purchasable","14":"product-type-variable","15":"has-default-attributes"},"acf":[],"yoast_head":"<!-- This site is optimized with the Yoast SEO plugin v25.2 - https:\/\/yoast.com\/wordpress\/plugins\/seo\/ -->\n<title>&quot;R4 Tru Squat Machine&quot; | Nam\u0173 ar komercinei sporto salei<\/title>\n<meta name=\"description\" content=\"Ie\u0161kote kompakti\u0161ko apatin\u0117s k\u016bno dalies sprendimo? &quot;R4 Tru Squat Machine&quot; sukurtas galingiems ir saugiems prit\u016bpimams tiek nam\u0173, tiek komercin\u0117se treniruokli\u0173 sal\u0117se.\" \/>\n<meta name=\"robots\" content=\"index, follow, max-snippet:-1, max-image-preview:large, max-video-preview:-1\" \/>\n<link rel=\"canonical\" href=\"https:\/\/gymfactory.eu\/lt\/produktas\/r4-tru-squat-machine\/\" \/>\n<meta property=\"og:locale\" content=\"lt_LT\" \/>\n<meta property=\"og:type\" content=\"article\" \/>\n<meta property=\"og:title\" content=\"&quot;R4 Tru Squat Machine&quot; | Nam\u0173 ar komercinei sporto salei\" \/>\n<meta property=\"og:description\" content=\"Ie\u0161kote kompakti\u0161ko apatin\u0117s k\u016bno dalies sprendimo? &quot;R4 Tru Squat Machine&quot; sukurtas galingiems ir saugiems prit\u016bpimams tiek nam\u0173, tiek komercin\u0117se treniruokli\u0173 sal\u0117se.\" \/>\n<meta property=\"og:url\" content=\"https:\/\/gymfactory.eu\/lt\/produktas\/r4-tru-squat-machine\/\" \/>\n<meta property=\"og:site_name\" content=\"Gym Factory\" \/>\n<meta property=\"article:modified_time\" content=\"2025-11-21T13:45:28+00:00\" \/>\n<meta property=\"og:image\" content=\"https:\/\/gymfactory.eu\/wp-content\/uploads\/2025\/02\/gym-machine-R4-squat-machine-angle-view-1.webp\" \/>\n\t<meta property=\"og:image:width\" content=\"1500\" \/>\n\t<meta property=\"og:image:height\" content=\"1500\" \/>\n\t<meta property=\"og:image:type\" content=\"image\/webp\" \/>\n<meta name=\"twitter:card\" content=\"summary_large_image\" \/>\n<meta name=\"twitter:label1\" content=\"Est. reading time\" \/>\n\t<meta name=\"twitter:data1\" content=\"1 minut\u0117\" \/>\n<script type=\"application\/ld+json\" class=\"yoast-schema-graph\">{\"@context\":\"https:\/\/schema.org\",\"@graph\":[{\"@type\":\"WebPage\",\"@id\":\"https:\/\/gymfactory.eu\/lt\/produktas\/r4-tru-squat-machine\/\",\"url\":\"https:\/\/gymfactory.eu\/lt\/produktas\/r4-tru-squat-machine\/\",\"name\":\"\\\"R4 Tru Squat Machine\\\" | Nam\u0173 ar komercinei sporto salei\",\"isPartOf\":{\"@id\":\"https:\/\/gymfactory.eu\/lt\/#website\"},\"primaryImageOfPage\":{\"@id\":\"https:\/\/gymfactory.eu\/lt\/produktas\/r4-tru-squat-machine\/#primaryimage\"},\"image\":{\"@id\":\"https:\/\/gymfactory.eu\/lt\/produktas\/r4-tru-squat-machine\/#primaryimage\"},\"thumbnailUrl\":\"https:\/\/gymfactory.eu\/wp-content\/uploads\/2025\/02\/gym-machine-R4-squat-machine-angle-view-1.webp\",\"datePublished\":\"2025-02-04T12:39:04+00:00\",\"dateModified\":\"2025-11-21T13:45:28+00:00\",\"description\":\"Ie\u0161kote kompakti\u0161ko apatin\u0117s k\u016bno dalies sprendimo? \\\"R4 Tru Squat Machine\\\" sukurtas galingiems ir saugiems prit\u016bpimams tiek nam\u0173, tiek komercin\u0117se treniruokli\u0173 sal\u0117se.\",\"breadcrumb\":{\"@id\":\"https:\/\/gymfactory.eu\/lt\/produktas\/r4-tru-squat-machine\/#breadcrumb\"},\"inLanguage\":\"lt-LT\",\"potentialAction\":[{\"@type\":\"ReadAction\",\"target\":[\"https:\/\/gymfactory.eu\/lt\/produktas\/r4-tru-squat-machine\/\"]}]},{\"@type\":\"ImageObject\",\"inLanguage\":\"lt-LT\",\"@id\":\"https:\/\/gymfactory.eu\/lt\/produktas\/r4-tru-squat-machine\/#primaryimage\",\"url\":\"https:\/\/gymfactory.eu\/wp-content\/uploads\/2025\/02\/gym-machine-R4-squat-machine-angle-view-1.webp\",\"contentUrl\":\"https:\/\/gymfactory.eu\/wp-content\/uploads\/2025\/02\/gym-machine-R4-squat-machine-angle-view-1.webp\",\"width\":1500,\"height\":1500,\"caption\":\"Auk\u0161tos kokyb\u0117s R4 prit\u016bpim\u0173 treniruoklis su tvirtu juodu plieniniu r\u0117mu u\u017efiksuotas i\u0161 kampin\u0117s perspektyvos. \u0160is pa\u017eangus treniruoklis skirtas j\u0117gos treniruot\u0117ms, turi reguliuojamo auk\u0161\u010dio sistem\u0105, pamink\u0161tint\u0105 atram\u0105 pe\u010diams ir svori\u0173 krovimo mechanizm\u0105. Platforma padengta neslid\u017eia gumine danga, u\u017etikrinan\u010dia naudotoj\u0173 stabilum\u0105 ir saugum\u0105. Jis idealiai tinka komercin\u0117ms sporto sal\u0117ms ir profesionalioms j\u0117gos treniruo\u010di\u0173 sistemoms.\"},{\"@type\":\"BreadcrumbList\",\"@id\":\"https:\/\/gymfactory.eu\/lt\/produktas\/r4-tru-squat-machine\/#breadcrumb\",\"itemListElement\":[{\"@type\":\"ListItem\",\"position\":1,\"name\":\"Pagrindinis\",\"item\":\"https:\/\/gymfactory.eu\/lt\/\"},{\"@type\":\"ListItem\",\"position\":2,\"name\":\"Katalogas\",\"item\":\"https:\/\/gymfactory.eu\/lt\/katalogas\/\"},{\"@type\":\"ListItem\",\"position\":3,\"name\":\"R4 Prit\u016bpim\u0173 treniruoklis &#8220;Tru Squat&#8221;\"}]},{\"@type\":\"WebSite\",\"@id\":\"https:\/\/gymfactory.eu\/lt\/#website\",\"url\":\"https:\/\/gymfactory.eu\/lt\/\",\"name\":\"Gym Factory\",\"description\":\"\",\"publisher\":{\"@id\":\"https:\/\/gymfactory.eu\/lt\/#organization\"},\"potentialAction\":[{\"@type\":\"SearchAction\",\"target\":{\"@type\":\"EntryPoint\",\"urlTemplate\":\"https:\/\/gymfactory.eu\/lt\/?s={search_term_string}\"},\"query-input\":{\"@type\":\"PropertyValueSpecification\",\"valueRequired\":true,\"valueName\":\"search_term_string\"}}],\"inLanguage\":\"lt-LT\"},{\"@type\":\"Organization\",\"@id\":\"https:\/\/gymfactory.eu\/lt\/#organization\",\"name\":\"Sporto sal\u0117s gamykla\",\"url\":\"https:\/\/gymfactory.eu\/lt\/\",\"logo\":{\"@type\":\"ImageObject\",\"inLanguage\":\"lt-LT\",\"@id\":\"https:\/\/gymfactory.eu\/lt\/#\/schema\/logo\/image\/\",\"url\":\"https:\/\/gymfactory.eu\/wp-content\/uploads\/2024\/11\/Component-1.svg\",\"contentUrl\":\"https:\/\/gymfactory.eu\/wp-content\/uploads\/2024\/11\/Component-1.svg\",\"width\":54,\"height\":44,\"caption\":\"Sporto sal\u0117s gamykla\"},\"image\":{\"@id\":\"https:\/\/gymfactory.eu\/lt\/#\/schema\/logo\/image\/\"}}]}<\/script>\n<!-- \/ Yoast SEO plugin. -->","yoast_head_json":{"title":"\"R4 Tru Squat Machine\" | Nam\u0173 ar komercinei sporto salei","description":"Ie\u0161kote kompakti\u0161ko apatin\u0117s k\u016bno dalies sprendimo? \"R4 Tru Squat Machine\" sukurtas galingiems ir saugiems prit\u016bpimams tiek nam\u0173, tiek komercin\u0117se treniruokli\u0173 sal\u0117se.","robots":{"index":"index","follow":"follow","max-snippet":"max-snippet:-1","max-image-preview":"max-image-preview:large","max-video-preview":"max-video-preview:-1"},"canonical":"https:\/\/gymfactory.eu\/lt\/produktas\/r4-tru-squat-machine\/","og_locale":"lt_LT","og_type":"article","og_title":"\"R4 Tru Squat Machine\" | Nam\u0173 ar komercinei sporto salei","og_description":"Ie\u0161kote kompakti\u0161ko apatin\u0117s k\u016bno dalies sprendimo? \"R4 Tru Squat Machine\" sukurtas galingiems ir saugiems prit\u016bpimams tiek nam\u0173, tiek komercin\u0117se treniruokli\u0173 sal\u0117se.","og_url":"https:\/\/gymfactory.eu\/lt\/produktas\/r4-tru-squat-machine\/","og_site_name":"Gym Factory","article_modified_time":"2025-11-21T13:45:28+00:00","og_image":[{"width":1500,"height":1500,"url":"https:\/\/gymfactory.eu\/wp-content\/uploads\/2025\/02\/gym-machine-R4-squat-machine-angle-view-1.webp","type":"image\/webp"}],"twitter_card":"summary_large_image","twitter_misc":{"Est. reading time":"1 minut\u0117"},"schema":{"@context":"https:\/\/schema.org","@graph":[{"@type":"WebPage","@id":"https:\/\/gymfactory.eu\/lt\/produktas\/r4-tru-squat-machine\/","url":"https:\/\/gymfactory.eu\/lt\/produktas\/r4-tru-squat-machine\/","name":"\"R4 Tru Squat Machine\" | Nam\u0173 ar komercinei sporto salei","isPartOf":{"@id":"https:\/\/gymfactory.eu\/lt\/#website"},"primaryImageOfPage":{"@id":"https:\/\/gymfactory.eu\/lt\/produktas\/r4-tru-squat-machine\/#primaryimage"},"image":{"@id":"https:\/\/gymfactory.eu\/lt\/produktas\/r4-tru-squat-machine\/#primaryimage"},"thumbnailUrl":"https:\/\/gymfactory.eu\/wp-content\/uploads\/2025\/02\/gym-machine-R4-squat-machine-angle-view-1.webp","datePublished":"2025-02-04T12:39:04+00:00","dateModified":"2025-11-21T13:45:28+00:00","description":"Ie\u0161kote kompakti\u0161ko apatin\u0117s k\u016bno dalies sprendimo? \"R4 Tru Squat Machine\" sukurtas galingiems ir saugiems prit\u016bpimams tiek nam\u0173, tiek komercin\u0117se treniruokli\u0173 sal\u0117se.","breadcrumb":{"@id":"https:\/\/gymfactory.eu\/lt\/produktas\/r4-tru-squat-machine\/#breadcrumb"},"inLanguage":"lt-LT","potentialAction":[{"@type":"ReadAction","target":["https:\/\/gymfactory.eu\/lt\/produktas\/r4-tru-squat-machine\/"]}]},{"@type":"ImageObject","inLanguage":"lt-LT","@id":"https:\/\/gymfactory.eu\/lt\/produktas\/r4-tru-squat-machine\/#primaryimage","url":"https:\/\/gymfactory.eu\/wp-content\/uploads\/2025\/02\/gym-machine-R4-squat-machine-angle-view-1.webp","contentUrl":"https:\/\/gymfactory.eu\/wp-content\/uploads\/2025\/02\/gym-machine-R4-squat-machine-angle-view-1.webp","width":1500,"height":1500,"caption":"Auk\u0161tos kokyb\u0117s R4 prit\u016bpim\u0173 treniruoklis su tvirtu juodu plieniniu r\u0117mu u\u017efiksuotas i\u0161 kampin\u0117s perspektyvos. \u0160is pa\u017eangus treniruoklis skirtas j\u0117gos treniruot\u0117ms, turi reguliuojamo auk\u0161\u010dio sistem\u0105, pamink\u0161tint\u0105 atram\u0105 pe\u010diams ir svori\u0173 krovimo mechanizm\u0105. Platforma padengta neslid\u017eia gumine danga, u\u017etikrinan\u010dia naudotoj\u0173 stabilum\u0105 ir saugum\u0105. Jis idealiai tinka komercin\u0117ms sporto sal\u0117ms ir profesionalioms j\u0117gos treniruo\u010di\u0173 sistemoms."},{"@type":"BreadcrumbList","@id":"https:\/\/gymfactory.eu\/lt\/produktas\/r4-tru-squat-machine\/#breadcrumb","itemListElement":[{"@type":"ListItem","position":1,"name":"Pagrindinis","item":"https:\/\/gymfactory.eu\/lt\/"},{"@type":"ListItem","position":2,"name":"Katalogas","item":"https:\/\/gymfactory.eu\/lt\/katalogas\/"},{"@type":"ListItem","position":3,"name":"R4 Prit\u016bpim\u0173 treniruoklis &#8220;Tru Squat&#8221;"}]},{"@type":"WebSite","@id":"https:\/\/gymfactory.eu\/lt\/#website","url":"https:\/\/gymfactory.eu\/lt\/","name":"Gym Factory","description":"","publisher":{"@id":"https:\/\/gymfactory.eu\/lt\/#organization"},"potentialAction":[{"@type":"SearchAction","target":{"@type":"EntryPoint","urlTemplate":"https:\/\/gymfactory.eu\/lt\/?s={search_term_string}"},"query-input":{"@type":"PropertyValueSpecification","valueRequired":true,"valueName":"search_term_string"}}],"inLanguage":"lt-LT"},{"@type":"Organization","@id":"https:\/\/gymfactory.eu\/lt\/#organization","name":"Sporto sal\u0117s gamykla","url":"https:\/\/gymfactory.eu\/lt\/","logo":{"@type":"ImageObject","inLanguage":"lt-LT","@id":"https:\/\/gymfactory.eu\/lt\/#\/schema\/logo\/image\/","url":"https:\/\/gymfactory.eu\/wp-content\/uploads\/2024\/11\/Component-1.svg","contentUrl":"https:\/\/gymfactory.eu\/wp-content\/uploads\/2024\/11\/Component-1.svg","width":54,"height":44,"caption":"Sporto sal\u0117s gamykla"},"image":{"@id":"https:\/\/gymfactory.eu\/lt\/#\/schema\/logo\/image\/"}}]}},"_links":{"self":[{"href":"https:\/\/gymfactory.eu\/lt\/wp-json\/wp\/v2\/product\/10635","targetHints":{"allow":["GET"]}}],"collection":[{"href":"https:\/\/gymfactory.eu\/lt\/wp-json\/wp\/v2\/product"}],"about":[{"href":"https:\/\/gymfactory.eu\/lt\/wp-json\/wp\/v2\/types\/product"}],"wp:featuredmedia":[{"embeddable":true,"href":"https:\/\/gymfactory.eu\/lt\/wp-json\/wp\/v2\/media\/8251"}],"wp:attachment":[{"href":"https:\/\/gymfactory.eu\/lt\/wp-json\/wp\/v2\/media?parent=10635"}],"wp:term":[{"taxonomy":"product_brand","embeddable":true,"href":"https:\/\/gymfactory.eu\/lt\/wp-json\/wp\/v2\/product_brand?post=10635"},{"taxonomy":"product_cat","embeddable":true,"href":"https:\/\/gymfactory.eu\/lt\/wp-json\/wp\/v2\/product_cat?post=10635"},{"taxonomy":"product_tag","embeddable":true,"href":"https:\/\/gymfactory.eu\/lt\/wp-json\/wp\/v2\/product_tag?post=10635"}],"curies":[{"name":"wp","href":"https:\/\/api.w.org\/{rel}","templated":true}]}}