{"id":10626,"date":"2025-02-05T08:13:27","date_gmt":"2025-02-05T06:13:27","guid":{"rendered":"https:\/\/gymfactory.eu\/product\/v1-atvirkstinio-hiperekstenzijos-aparatas\/"},"modified":"2025-11-21T15:49:57","modified_gmt":"2025-11-21T13:49:57","slug":"v1-atvirkstinio-hiperekstenzijos-aparatas","status":"publish","type":"product","link":"https:\/\/gymfactory.eu\/lt\/produktas\/v1-atvirkstinio-hiperekstenzijos-aparatas\/","title":{"rendered":"V1 S\u0117dmen\u0173 treniruoklis"},"content":{"rendered":"<p>V1 atvirk\u0161tinis liemens k\u0117limo treniruoklis skirtas stiprinti s\u0117dmenis, u\u017epakalinius \u0161laun\u0173 raumenis ir apatin\u0119 nugaros dal\u012f. Tvirta konstrukcija u\u017etikrina stabilum\u0105 ir saug\u0173 judes\u012f tiek nam\u0173 s\u0105lygomis, tiek profesionaliose sporto sal\u0117se. Pagrindinis pratimas \u2013 atvirk\u0161tinis liemens k\u0117limas \u2013 padeda lavinti klub\u0173 j\u0117g\u0105, apatin\u0117s nugaros i\u0161tverm\u0119 ir gerina laikysen\u0105.<\/p>\n<p>Koj\u0173 atramos pad\u0117tis reguliuojama, tod\u0117l treniruoklis tinkamas skirtingo \u016bgio vartotojams.<\/p>\n\n    <div class=\"xs_social_share_widget xs_share_url after_content \t\tmain_content  wslu-style-1 wslu-share-box-shaped wslu-fill-colored wslu-none wslu-share-horizontal wslu-theme-font-no wslu-main_content\">\n\n\t\t\n        <ul>\n\t\t\t        <\/ul>\n    <\/div> \n","protected":false},"excerpt":{"rendered":"<p>V1 atvirk\u0161tinis liemens k\u0117limo treniruoklis skirtas stiprinti s\u0117dmenis, u\u017epakalinius \u0161laun\u0173 raumenis ir apatin\u0119 nugaros dal\u012f. Tvirta konstrukcija u\u017etikrina stabilum\u0105 ir saug\u0173 judes\u012f tiek nam\u0173 s\u0105lygomis, tiek profesionaliose sporto sal\u0117se. Pagrindinis pratimas \u2013 atvirk\u0161tinis liemens k\u0117limas \u2013 padeda lavinti klub\u0173 j\u0117g\u0105, apatin\u0117s nugaros i\u0161tverm\u0119 ir gerina laikysen\u0105. Koj\u0173 atramos pad\u0117tis reguliuojama, tod\u0117l treniruoklis tinkamas skirtingo \u016bgio [&hellip;]<\/p>\n","protected":false},"featured_media":9054,"template":"","meta":{"_acf_changed":false},"product_brand":[817],"product_cat":[421],"product_tag":[],"class_list":{"0":"post-10626","1":"product","2":"type-product","3":"status-publish","4":"has-post-thumbnail","6":"product_brand-gym-factory-lt","7":"product_cat-laisvu-svoriu-treniruokliai","9":"first","10":"onbackorder","11":"taxable","12":"shipping-taxable","13":"purchasable","14":"product-type-variable","15":"has-default-attributes"},"acf":[],"yoast_head":"<!-- This site is optimized with the Yoast SEO plugin v25.2 - https:\/\/yoast.com\/wordpress\/plugins\/seo\/ -->\n<title>V1 Hyperextension Machine | Svorio treniruokli\u0173 \u012franga<\/title>\n<meta name=\"description\" content=\"Saugiai treniruojate apatin\u0119 nugaros dal\u012f? Hyperextension Machine - tai treniruoklis, skirtas stuburui palaikyti, s\u0117dmenims aktyvuoti ir pagrindinei j\u0117gai stiprinti.\" \/>\n<meta name=\"robots\" content=\"index, follow, max-snippet:-1, max-image-preview:large, max-video-preview:-1\" \/>\n<link rel=\"canonical\" href=\"https:\/\/gymfactory.eu\/lt\/produktas\/v1-atvirkstinio-hiperekstenzijos-aparatas\/\" \/>\n<meta property=\"og:locale\" content=\"lt_LT\" \/>\n<meta property=\"og:type\" content=\"article\" \/>\n<meta property=\"og:title\" content=\"V1 Hyperextension Machine | Svorio treniruokli\u0173 \u012franga\" \/>\n<meta property=\"og:description\" content=\"Saugiai treniruojate apatin\u0119 nugaros dal\u012f? Hyperextension Machine - tai treniruoklis, skirtas stuburui palaikyti, s\u0117dmenims aktyvuoti ir pagrindinei j\u0117gai stiprinti.\" \/>\n<meta property=\"og:url\" content=\"https:\/\/gymfactory.eu\/lt\/produktas\/v1-atvirkstinio-hiperekstenzijos-aparatas\/\" \/>\n<meta property=\"og:site_name\" content=\"Gym Factory\" \/>\n<meta property=\"article:modified_time\" content=\"2025-11-21T13:49:57+00:00\" \/>\n<meta property=\"og:image\" content=\"https:\/\/gymfactory.eu\/wp-content\/uploads\/2025\/02\/gym-machine-V1-reverse-hyper-extension-right-side-1-1.webp\" \/>\n\t<meta property=\"og:image:width\" content=\"1500\" \/>\n\t<meta property=\"og:image:height\" content=\"1500\" \/>\n\t<meta property=\"og:image:type\" content=\"image\/webp\" \/>\n<meta name=\"twitter:card\" content=\"summary_large_image\" \/>\n<meta name=\"twitter:label1\" content=\"Est. reading time\" \/>\n\t<meta name=\"twitter:data1\" content=\"1 minut\u0117\" \/>\n<script type=\"application\/ld+json\" class=\"yoast-schema-graph\">{\"@context\":\"https:\/\/schema.org\",\"@graph\":[{\"@type\":\"WebPage\",\"@id\":\"https:\/\/gymfactory.eu\/lt\/produktas\/v1-atvirkstinio-hiperekstenzijos-aparatas\/\",\"url\":\"https:\/\/gymfactory.eu\/lt\/produktas\/v1-atvirkstinio-hiperekstenzijos-aparatas\/\",\"name\":\"V1 Hyperextension Machine | Svorio treniruokli\u0173 \u012franga\",\"isPartOf\":{\"@id\":\"https:\/\/gymfactory.eu\/lt\/#website\"},\"primaryImageOfPage\":{\"@id\":\"https:\/\/gymfactory.eu\/lt\/produktas\/v1-atvirkstinio-hiperekstenzijos-aparatas\/#primaryimage\"},\"image\":{\"@id\":\"https:\/\/gymfactory.eu\/lt\/produktas\/v1-atvirkstinio-hiperekstenzijos-aparatas\/#primaryimage\"},\"thumbnailUrl\":\"https:\/\/gymfactory.eu\/wp-content\/uploads\/2025\/02\/gym-machine-V1-reverse-hyper-extension-right-side-1-1.webp\",\"datePublished\":\"2025-02-05T06:13:27+00:00\",\"dateModified\":\"2025-11-21T13:49:57+00:00\",\"description\":\"Saugiai treniruojate apatin\u0119 nugaros dal\u012f? Hyperextension Machine - tai treniruoklis, skirtas stuburui palaikyti, s\u0117dmenims aktyvuoti ir pagrindinei j\u0117gai stiprinti.\",\"breadcrumb\":{\"@id\":\"https:\/\/gymfactory.eu\/lt\/produktas\/v1-atvirkstinio-hiperekstenzijos-aparatas\/#breadcrumb\"},\"inLanguage\":\"lt-LT\",\"potentialAction\":[{\"@type\":\"ReadAction\",\"target\":[\"https:\/\/gymfactory.eu\/lt\/produktas\/v1-atvirkstinio-hiperekstenzijos-aparatas\/\"]}]},{\"@type\":\"ImageObject\",\"inLanguage\":\"lt-LT\",\"@id\":\"https:\/\/gymfactory.eu\/lt\/produktas\/v1-atvirkstinio-hiperekstenzijos-aparatas\/#primaryimage\",\"url\":\"https:\/\/gymfactory.eu\/wp-content\/uploads\/2025\/02\/gym-machine-V1-reverse-hyper-extension-right-side-1-1.webp\",\"contentUrl\":\"https:\/\/gymfactory.eu\/wp-content\/uploads\/2025\/02\/gym-machine-V1-reverse-hyper-extension-right-side-1-1.webp\",\"width\":1500,\"height\":1500,\"caption\":\"De\u0161in\u0117je pus\u0117je esantis atvirk\u0161tinio hiperekspresijos treniruoklio V1 vaizdas i\u0161ry\u0161kina jo sustiprint\u0105 konstrukcij\u0105 ir ergonomi\u0161k\u0105 pamink\u0161tinim\u0105. Sporto treniruoklis suma\u017eina apatin\u0117s nugaros dalies \u012ftamp\u0105, kartu didindamas j\u0117g\u0105 ir lankstum\u0105. D\u0117l reguliuojamo pasiprie\u0161inimo ir patvaraus r\u0117mo jis idealiai tinka intensyviai treniruotei profesionaliose sporto sal\u0117se.\"},{\"@type\":\"BreadcrumbList\",\"@id\":\"https:\/\/gymfactory.eu\/lt\/produktas\/v1-atvirkstinio-hiperekstenzijos-aparatas\/#breadcrumb\",\"itemListElement\":[{\"@type\":\"ListItem\",\"position\":1,\"name\":\"Pagrindinis\",\"item\":\"https:\/\/gymfactory.eu\/lt\/\"},{\"@type\":\"ListItem\",\"position\":2,\"name\":\"Katalogas\",\"item\":\"https:\/\/gymfactory.eu\/lt\/katalogas\/\"},{\"@type\":\"ListItem\",\"position\":3,\"name\":\"V1 S\u0117dmen\u0173 treniruoklis\"}]},{\"@type\":\"WebSite\",\"@id\":\"https:\/\/gymfactory.eu\/lt\/#website\",\"url\":\"https:\/\/gymfactory.eu\/lt\/\",\"name\":\"Gym Factory\",\"description\":\"\",\"publisher\":{\"@id\":\"https:\/\/gymfactory.eu\/lt\/#organization\"},\"potentialAction\":[{\"@type\":\"SearchAction\",\"target\":{\"@type\":\"EntryPoint\",\"urlTemplate\":\"https:\/\/gymfactory.eu\/lt\/?s={search_term_string}\"},\"query-input\":{\"@type\":\"PropertyValueSpecification\",\"valueRequired\":true,\"valueName\":\"search_term_string\"}}],\"inLanguage\":\"lt-LT\"},{\"@type\":\"Organization\",\"@id\":\"https:\/\/gymfactory.eu\/lt\/#organization\",\"name\":\"Sporto sal\u0117s gamykla\",\"url\":\"https:\/\/gymfactory.eu\/lt\/\",\"logo\":{\"@type\":\"ImageObject\",\"inLanguage\":\"lt-LT\",\"@id\":\"https:\/\/gymfactory.eu\/lt\/#\/schema\/logo\/image\/\",\"url\":\"https:\/\/gymfactory.eu\/wp-content\/uploads\/2024\/11\/Component-1.svg\",\"contentUrl\":\"https:\/\/gymfactory.eu\/wp-content\/uploads\/2024\/11\/Component-1.svg\",\"width\":54,\"height\":44,\"caption\":\"Sporto sal\u0117s gamykla\"},\"image\":{\"@id\":\"https:\/\/gymfactory.eu\/lt\/#\/schema\/logo\/image\/\"}}]}<\/script>\n<!-- \/ Yoast SEO plugin. -->","yoast_head_json":{"title":"V1 Hyperextension Machine | Svorio treniruokli\u0173 \u012franga","description":"Saugiai treniruojate apatin\u0119 nugaros dal\u012f? Hyperextension Machine - tai treniruoklis, skirtas stuburui palaikyti, s\u0117dmenims aktyvuoti ir pagrindinei j\u0117gai stiprinti.","robots":{"index":"index","follow":"follow","max-snippet":"max-snippet:-1","max-image-preview":"max-image-preview:large","max-video-preview":"max-video-preview:-1"},"canonical":"https:\/\/gymfactory.eu\/lt\/produktas\/v1-atvirkstinio-hiperekstenzijos-aparatas\/","og_locale":"lt_LT","og_type":"article","og_title":"V1 Hyperextension Machine | Svorio treniruokli\u0173 \u012franga","og_description":"Saugiai treniruojate apatin\u0119 nugaros dal\u012f? Hyperextension Machine - tai treniruoklis, skirtas stuburui palaikyti, s\u0117dmenims aktyvuoti ir pagrindinei j\u0117gai stiprinti.","og_url":"https:\/\/gymfactory.eu\/lt\/produktas\/v1-atvirkstinio-hiperekstenzijos-aparatas\/","og_site_name":"Gym Factory","article_modified_time":"2025-11-21T13:49:57+00:00","og_image":[{"width":1500,"height":1500,"url":"https:\/\/gymfactory.eu\/wp-content\/uploads\/2025\/02\/gym-machine-V1-reverse-hyper-extension-right-side-1-1.webp","type":"image\/webp"}],"twitter_card":"summary_large_image","twitter_misc":{"Est. reading time":"1 minut\u0117"},"schema":{"@context":"https:\/\/schema.org","@graph":[{"@type":"WebPage","@id":"https:\/\/gymfactory.eu\/lt\/produktas\/v1-atvirkstinio-hiperekstenzijos-aparatas\/","url":"https:\/\/gymfactory.eu\/lt\/produktas\/v1-atvirkstinio-hiperekstenzijos-aparatas\/","name":"V1 Hyperextension Machine | Svorio treniruokli\u0173 \u012franga","isPartOf":{"@id":"https:\/\/gymfactory.eu\/lt\/#website"},"primaryImageOfPage":{"@id":"https:\/\/gymfactory.eu\/lt\/produktas\/v1-atvirkstinio-hiperekstenzijos-aparatas\/#primaryimage"},"image":{"@id":"https:\/\/gymfactory.eu\/lt\/produktas\/v1-atvirkstinio-hiperekstenzijos-aparatas\/#primaryimage"},"thumbnailUrl":"https:\/\/gymfactory.eu\/wp-content\/uploads\/2025\/02\/gym-machine-V1-reverse-hyper-extension-right-side-1-1.webp","datePublished":"2025-02-05T06:13:27+00:00","dateModified":"2025-11-21T13:49:57+00:00","description":"Saugiai treniruojate apatin\u0119 nugaros dal\u012f? Hyperextension Machine - tai treniruoklis, skirtas stuburui palaikyti, s\u0117dmenims aktyvuoti ir pagrindinei j\u0117gai stiprinti.","breadcrumb":{"@id":"https:\/\/gymfactory.eu\/lt\/produktas\/v1-atvirkstinio-hiperekstenzijos-aparatas\/#breadcrumb"},"inLanguage":"lt-LT","potentialAction":[{"@type":"ReadAction","target":["https:\/\/gymfactory.eu\/lt\/produktas\/v1-atvirkstinio-hiperekstenzijos-aparatas\/"]}]},{"@type":"ImageObject","inLanguage":"lt-LT","@id":"https:\/\/gymfactory.eu\/lt\/produktas\/v1-atvirkstinio-hiperekstenzijos-aparatas\/#primaryimage","url":"https:\/\/gymfactory.eu\/wp-content\/uploads\/2025\/02\/gym-machine-V1-reverse-hyper-extension-right-side-1-1.webp","contentUrl":"https:\/\/gymfactory.eu\/wp-content\/uploads\/2025\/02\/gym-machine-V1-reverse-hyper-extension-right-side-1-1.webp","width":1500,"height":1500,"caption":"De\u0161in\u0117je pus\u0117je esantis atvirk\u0161tinio hiperekspresijos treniruoklio V1 vaizdas i\u0161ry\u0161kina jo sustiprint\u0105 konstrukcij\u0105 ir ergonomi\u0161k\u0105 pamink\u0161tinim\u0105. Sporto treniruoklis suma\u017eina apatin\u0117s nugaros dalies \u012ftamp\u0105, kartu didindamas j\u0117g\u0105 ir lankstum\u0105. D\u0117l reguliuojamo pasiprie\u0161inimo ir patvaraus r\u0117mo jis idealiai tinka intensyviai treniruotei profesionaliose sporto sal\u0117se."},{"@type":"BreadcrumbList","@id":"https:\/\/gymfactory.eu\/lt\/produktas\/v1-atvirkstinio-hiperekstenzijos-aparatas\/#breadcrumb","itemListElement":[{"@type":"ListItem","position":1,"name":"Pagrindinis","item":"https:\/\/gymfactory.eu\/lt\/"},{"@type":"ListItem","position":2,"name":"Katalogas","item":"https:\/\/gymfactory.eu\/lt\/katalogas\/"},{"@type":"ListItem","position":3,"name":"V1 S\u0117dmen\u0173 treniruoklis"}]},{"@type":"WebSite","@id":"https:\/\/gymfactory.eu\/lt\/#website","url":"https:\/\/gymfactory.eu\/lt\/","name":"Gym Factory","description":"","publisher":{"@id":"https:\/\/gymfactory.eu\/lt\/#organization"},"potentialAction":[{"@type":"SearchAction","target":{"@type":"EntryPoint","urlTemplate":"https:\/\/gymfactory.eu\/lt\/?s={search_term_string}"},"query-input":{"@type":"PropertyValueSpecification","valueRequired":true,"valueName":"search_term_string"}}],"inLanguage":"lt-LT"},{"@type":"Organization","@id":"https:\/\/gymfactory.eu\/lt\/#organization","name":"Sporto sal\u0117s gamykla","url":"https:\/\/gymfactory.eu\/lt\/","logo":{"@type":"ImageObject","inLanguage":"lt-LT","@id":"https:\/\/gymfactory.eu\/lt\/#\/schema\/logo\/image\/","url":"https:\/\/gymfactory.eu\/wp-content\/uploads\/2024\/11\/Component-1.svg","contentUrl":"https:\/\/gymfactory.eu\/wp-content\/uploads\/2024\/11\/Component-1.svg","width":54,"height":44,"caption":"Sporto sal\u0117s gamykla"},"image":{"@id":"https:\/\/gymfactory.eu\/lt\/#\/schema\/logo\/image\/"}}]}},"_links":{"self":[{"href":"https:\/\/gymfactory.eu\/lt\/wp-json\/wp\/v2\/product\/10626","targetHints":{"allow":["GET"]}}],"collection":[{"href":"https:\/\/gymfactory.eu\/lt\/wp-json\/wp\/v2\/product"}],"about":[{"href":"https:\/\/gymfactory.eu\/lt\/wp-json\/wp\/v2\/types\/product"}],"wp:featuredmedia":[{"embeddable":true,"href":"https:\/\/gymfactory.eu\/lt\/wp-json\/wp\/v2\/media\/9054"}],"wp:attachment":[{"href":"https:\/\/gymfactory.eu\/lt\/wp-json\/wp\/v2\/media?parent=10626"}],"wp:term":[{"taxonomy":"product_brand","embeddable":true,"href":"https:\/\/gymfactory.eu\/lt\/wp-json\/wp\/v2\/product_brand?post=10626"},{"taxonomy":"product_cat","embeddable":true,"href":"https:\/\/gymfactory.eu\/lt\/wp-json\/wp\/v2\/product_cat?post=10626"},{"taxonomy":"product_tag","embeddable":true,"href":"https:\/\/gymfactory.eu\/lt\/wp-json\/wp\/v2\/product_tag?post=10626"}],"curies":[{"name":"wp","href":"https:\/\/api.w.org\/{rel}","templated":true}]}}