{"id":10613,"date":"2025-02-05T12:32:51","date_gmt":"2025-02-05T10:32:51","guid":{"rendered":"https:\/\/gymfactory.eu\/product\/c2xx-vieno-kamino-kabeliu-masina\/"},"modified":"2025-12-02T13:30:00","modified_gmt":"2025-12-02T11:30:00","slug":"c2xx-vieno-kamino-kabeliu-masina","status":"publish","type":"product","link":"https:\/\/gymfactory.eu\/lt\/produktas\/c2xx-vieno-kamino-kabeliu-masina\/","title":{"rendered":"C2XX Traukos blokas"},"content":{"rendered":"<p>C2XX \u2013 tai prie sienos tvirtinamas j\u0117gos treniruo\u010di\u0173 treniruoklis, sukurtas ma\u017eoms erdv\u0117ms nam\u0173 ar profesionaliose sporto sal\u0117se. Jame \u012frengta dviguba tros\u0173 sistema \u2013 du trosai \u0161alia vienas kito leid\u017eia atlikti tiek viena, tiek dviem rankomis atliekamus pratimus.<\/p>\n<p>Reguliuojamo auk\u0161\u010dio trosai leid\u017eia taikyti skirtingas raumen\u0173 grupes: galima atlikti traukas, triceps\u0173 st\u016bmimus, biceps\u0173 lenkimus. Taip pat tinkamas korpuso ir apatin\u0117s k\u016bno dalies treniruot\u0117ms \u2013 pavyzd\u017eiui: nusilenkimai, \u012ft\u016bpstai su trosu ar atmetimai atgal.<\/p>\n<p>Treniruoklis tvirtinamas prie sienos ir komplektuojamas su dviem vienos rankos rankenomis. D\u0117l kompakti\u0161ko dizaino C2XX yra prakti\u0161kas pasirinkimas erdv\u0117ms, kur svarbu taupyti viet\u0105, bet i\u0161laikyti treniruo\u010di\u0173 \u012fvairov\u0119.<\/p>\n\n    <div class=\"xs_social_share_widget xs_share_url after_content \t\tmain_content  wslu-style-1 wslu-share-box-shaped wslu-fill-colored wslu-none wslu-share-horizontal wslu-theme-font-no wslu-main_content\">\n\n\t\t\n        <ul>\n\t\t\t        <\/ul>\n    <\/div> \n","protected":false},"excerpt":{"rendered":"<p>C2XX \u2013 tai prie sienos tvirtinamas j\u0117gos treniruo\u010di\u0173 treniruoklis, sukurtas ma\u017eoms erdv\u0117ms nam\u0173 ar profesionaliose sporto sal\u0117se. Jame \u012frengta dviguba tros\u0173 sistema \u2013 du trosai \u0161alia vienas kito leid\u017eia atlikti tiek viena, tiek dviem rankomis atliekamus pratimus. Reguliuojamo auk\u0161\u010dio trosai leid\u017eia taikyti skirtingas raumen\u0173 grupes: galima atlikti traukas, triceps\u0173 st\u016bmimus, biceps\u0173 lenkimus. Taip pat tinkamas [&hellip;]<\/p>\n","protected":false},"featured_media":12375,"template":"","meta":{"_acf_changed":false},"product_brand":[817],"product_cat":[466],"product_tag":[415],"class_list":{"0":"post-10613","1":"product","2":"type-product","3":"status-publish","4":"has-post-thumbnail","6":"product_brand-gym-factory-lt","7":"product_cat-blokiniai-treniruokliai","8":"product_tag-spalva-tik-metaline","10":"first","11":"onbackorder","12":"taxable","13":"shipping-taxable","14":"purchasable","15":"product-type-variable","16":"has-default-attributes"},"acf":[],"yoast_head":"<!-- This site is optimized with the Yoast SEO plugin v25.2 - https:\/\/yoast.com\/wordpress\/plugins\/seo\/ -->\n<title>&quot;C2XX&quot; vieno kamino kabeli\u0173 ma\u0161ina | Bet kokiai sporto sal\u0117s konfig\u016bracijai<\/title>\n<meta name=\"description\" content=\"Norite atnaujinti savo sporto sal\u0117s \u012frang\u0105? C2XX vieno stiebo lyn\u0173 treniruoklis u\u017etikrina skland\u0173, vietos neu\u017eimant\u012f pasiprie\u0161inim\u0105 viso k\u016bno j\u0117gos treniruot\u0117ms.\" \/>\n<meta name=\"robots\" content=\"index, follow, max-snippet:-1, max-image-preview:large, max-video-preview:-1\" \/>\n<link rel=\"canonical\" href=\"https:\/\/gymfactory.eu\/lt\/produktas\/c2xx-vieno-kamino-kabeliu-masina\/\" \/>\n<meta property=\"og:locale\" content=\"lt_LT\" \/>\n<meta property=\"og:type\" content=\"article\" \/>\n<meta property=\"og:title\" content=\"&quot;C2XX&quot; vieno kamino kabeli\u0173 ma\u0161ina | Bet kokiai sporto sal\u0117s konfig\u016bracijai\" \/>\n<meta property=\"og:description\" content=\"Norite atnaujinti savo sporto sal\u0117s \u012frang\u0105? C2XX vieno stiebo lyn\u0173 treniruoklis u\u017etikrina skland\u0173, vietos neu\u017eimant\u012f pasiprie\u0161inim\u0105 viso k\u016bno j\u0117gos treniruot\u0117ms.\" \/>\n<meta property=\"og:url\" content=\"https:\/\/gymfactory.eu\/lt\/produktas\/c2xx-vieno-kamino-kabeliu-masina\/\" \/>\n<meta property=\"og:site_name\" content=\"Gym Factory\" \/>\n<meta property=\"article:modified_time\" content=\"2025-12-02T11:30:00+00:00\" \/>\n<meta property=\"og:image\" content=\"https:\/\/gymfactory.eu\/wp-content\/uploads\/2025\/02\/gym-machine-single-cable-pulley-station-1.webp\" \/>\n\t<meta property=\"og:image:width\" content=\"1500\" \/>\n\t<meta property=\"og:image:height\" content=\"1500\" \/>\n\t<meta property=\"og:image:type\" content=\"image\/webp\" \/>\n<meta name=\"twitter:card\" content=\"summary_large_image\" \/>\n<meta name=\"twitter:label1\" content=\"Est. reading time\" \/>\n\t<meta name=\"twitter:data1\" content=\"1 minut\u0117\" \/>\n<script type=\"application\/ld+json\" class=\"yoast-schema-graph\">{\"@context\":\"https:\/\/schema.org\",\"@graph\":[{\"@type\":\"WebPage\",\"@id\":\"https:\/\/gymfactory.eu\/lt\/produktas\/c2xx-vieno-kamino-kabeliu-masina\/\",\"url\":\"https:\/\/gymfactory.eu\/lt\/produktas\/c2xx-vieno-kamino-kabeliu-masina\/\",\"name\":\"\\\"C2XX\\\" vieno kamino kabeli\u0173 ma\u0161ina | Bet kokiai sporto sal\u0117s konfig\u016bracijai\",\"isPartOf\":{\"@id\":\"https:\/\/gymfactory.eu\/lt\/#website\"},\"primaryImageOfPage\":{\"@id\":\"https:\/\/gymfactory.eu\/lt\/produktas\/c2xx-vieno-kamino-kabeliu-masina\/#primaryimage\"},\"image\":{\"@id\":\"https:\/\/gymfactory.eu\/lt\/produktas\/c2xx-vieno-kamino-kabeliu-masina\/#primaryimage\"},\"thumbnailUrl\":\"https:\/\/gymfactory.eu\/wp-content\/uploads\/2025\/02\/gym-machine-single-cable-pulley-station-1.webp\",\"datePublished\":\"2025-02-05T10:32:51+00:00\",\"dateModified\":\"2025-12-02T11:30:00+00:00\",\"description\":\"Norite atnaujinti savo sporto sal\u0117s \u012frang\u0105? C2XX vieno stiebo lyn\u0173 treniruoklis u\u017etikrina skland\u0173, vietos neu\u017eimant\u012f pasiprie\u0161inim\u0105 viso k\u016bno j\u0117gos treniruot\u0117ms.\",\"breadcrumb\":{\"@id\":\"https:\/\/gymfactory.eu\/lt\/produktas\/c2xx-vieno-kamino-kabeliu-masina\/#breadcrumb\"},\"inLanguage\":\"lt-LT\",\"potentialAction\":[{\"@type\":\"ReadAction\",\"target\":[\"https:\/\/gymfactory.eu\/lt\/produktas\/c2xx-vieno-kamino-kabeliu-masina\/\"]}]},{\"@type\":\"ImageObject\",\"inLanguage\":\"lt-LT\",\"@id\":\"https:\/\/gymfactory.eu\/lt\/produktas\/c2xx-vieno-kamino-kabeliu-masina\/#primaryimage\",\"url\":\"https:\/\/gymfactory.eu\/wp-content\/uploads\/2025\/02\/gym-machine-single-cable-pulley-station-1.webp\",\"contentUrl\":\"https:\/\/gymfactory.eu\/wp-content\/uploads\/2025\/02\/gym-machine-single-cable-pulley-station-1.webp\",\"width\":1500,\"height\":1500,\"caption\":\"A single cable pulley gym machine with a compact design features a sturdy black frame and adjustable pulleys for customizable resistance. This machine is equipped with multiple handle attachments, a weight stack, and a footplate and is perfect for performing strength training exercises targeting arms, shoulders, back, and core muscles. Ideal for home and commercial gym setups.\"},{\"@type\":\"BreadcrumbList\",\"@id\":\"https:\/\/gymfactory.eu\/lt\/produktas\/c2xx-vieno-kamino-kabeliu-masina\/#breadcrumb\",\"itemListElement\":[{\"@type\":\"ListItem\",\"position\":1,\"name\":\"Pagrindinis\",\"item\":\"https:\/\/gymfactory.eu\/lt\/\"},{\"@type\":\"ListItem\",\"position\":2,\"name\":\"Katalogas\",\"item\":\"https:\/\/gymfactory.eu\/lt\/katalogas\/\"},{\"@type\":\"ListItem\",\"position\":3,\"name\":\"C2XX Traukos blokas\"}]},{\"@type\":\"WebSite\",\"@id\":\"https:\/\/gymfactory.eu\/lt\/#website\",\"url\":\"https:\/\/gymfactory.eu\/lt\/\",\"name\":\"Gym Factory\",\"description\":\"\",\"publisher\":{\"@id\":\"https:\/\/gymfactory.eu\/lt\/#organization\"},\"potentialAction\":[{\"@type\":\"SearchAction\",\"target\":{\"@type\":\"EntryPoint\",\"urlTemplate\":\"https:\/\/gymfactory.eu\/lt\/?s={search_term_string}\"},\"query-input\":{\"@type\":\"PropertyValueSpecification\",\"valueRequired\":true,\"valueName\":\"search_term_string\"}}],\"inLanguage\":\"lt-LT\"},{\"@type\":\"Organization\",\"@id\":\"https:\/\/gymfactory.eu\/lt\/#organization\",\"name\":\"Sporto sal\u0117s gamykla\",\"url\":\"https:\/\/gymfactory.eu\/lt\/\",\"logo\":{\"@type\":\"ImageObject\",\"inLanguage\":\"lt-LT\",\"@id\":\"https:\/\/gymfactory.eu\/lt\/#\/schema\/logo\/image\/\",\"url\":\"https:\/\/gymfactory.eu\/wp-content\/uploads\/2024\/11\/Component-1.svg\",\"contentUrl\":\"https:\/\/gymfactory.eu\/wp-content\/uploads\/2024\/11\/Component-1.svg\",\"width\":54,\"height\":44,\"caption\":\"Sporto sal\u0117s gamykla\"},\"image\":{\"@id\":\"https:\/\/gymfactory.eu\/lt\/#\/schema\/logo\/image\/\"}}]}<\/script>\n<!-- \/ Yoast SEO plugin. -->","yoast_head_json":{"title":"\"C2XX\" vieno kamino kabeli\u0173 ma\u0161ina | Bet kokiai sporto sal\u0117s konfig\u016bracijai","description":"Norite atnaujinti savo sporto sal\u0117s \u012frang\u0105? C2XX vieno stiebo lyn\u0173 treniruoklis u\u017etikrina skland\u0173, vietos neu\u017eimant\u012f pasiprie\u0161inim\u0105 viso k\u016bno j\u0117gos treniruot\u0117ms.","robots":{"index":"index","follow":"follow","max-snippet":"max-snippet:-1","max-image-preview":"max-image-preview:large","max-video-preview":"max-video-preview:-1"},"canonical":"https:\/\/gymfactory.eu\/lt\/produktas\/c2xx-vieno-kamino-kabeliu-masina\/","og_locale":"lt_LT","og_type":"article","og_title":"\"C2XX\" vieno kamino kabeli\u0173 ma\u0161ina | Bet kokiai sporto sal\u0117s konfig\u016bracijai","og_description":"Norite atnaujinti savo sporto sal\u0117s \u012frang\u0105? C2XX vieno stiebo lyn\u0173 treniruoklis u\u017etikrina skland\u0173, vietos neu\u017eimant\u012f pasiprie\u0161inim\u0105 viso k\u016bno j\u0117gos treniruot\u0117ms.","og_url":"https:\/\/gymfactory.eu\/lt\/produktas\/c2xx-vieno-kamino-kabeliu-masina\/","og_site_name":"Gym Factory","article_modified_time":"2025-12-02T11:30:00+00:00","og_image":[{"width":1500,"height":1500,"url":"https:\/\/gymfactory.eu\/wp-content\/uploads\/2025\/02\/gym-machine-single-cable-pulley-station-1.webp","type":"image\/webp"}],"twitter_card":"summary_large_image","twitter_misc":{"Est. reading time":"1 minut\u0117"},"schema":{"@context":"https:\/\/schema.org","@graph":[{"@type":"WebPage","@id":"https:\/\/gymfactory.eu\/lt\/produktas\/c2xx-vieno-kamino-kabeliu-masina\/","url":"https:\/\/gymfactory.eu\/lt\/produktas\/c2xx-vieno-kamino-kabeliu-masina\/","name":"\"C2XX\" vieno kamino kabeli\u0173 ma\u0161ina | Bet kokiai sporto sal\u0117s konfig\u016bracijai","isPartOf":{"@id":"https:\/\/gymfactory.eu\/lt\/#website"},"primaryImageOfPage":{"@id":"https:\/\/gymfactory.eu\/lt\/produktas\/c2xx-vieno-kamino-kabeliu-masina\/#primaryimage"},"image":{"@id":"https:\/\/gymfactory.eu\/lt\/produktas\/c2xx-vieno-kamino-kabeliu-masina\/#primaryimage"},"thumbnailUrl":"https:\/\/gymfactory.eu\/wp-content\/uploads\/2025\/02\/gym-machine-single-cable-pulley-station-1.webp","datePublished":"2025-02-05T10:32:51+00:00","dateModified":"2025-12-02T11:30:00+00:00","description":"Norite atnaujinti savo sporto sal\u0117s \u012frang\u0105? C2XX vieno stiebo lyn\u0173 treniruoklis u\u017etikrina skland\u0173, vietos neu\u017eimant\u012f pasiprie\u0161inim\u0105 viso k\u016bno j\u0117gos treniruot\u0117ms.","breadcrumb":{"@id":"https:\/\/gymfactory.eu\/lt\/produktas\/c2xx-vieno-kamino-kabeliu-masina\/#breadcrumb"},"inLanguage":"lt-LT","potentialAction":[{"@type":"ReadAction","target":["https:\/\/gymfactory.eu\/lt\/produktas\/c2xx-vieno-kamino-kabeliu-masina\/"]}]},{"@type":"ImageObject","inLanguage":"lt-LT","@id":"https:\/\/gymfactory.eu\/lt\/produktas\/c2xx-vieno-kamino-kabeliu-masina\/#primaryimage","url":"https:\/\/gymfactory.eu\/wp-content\/uploads\/2025\/02\/gym-machine-single-cable-pulley-station-1.webp","contentUrl":"https:\/\/gymfactory.eu\/wp-content\/uploads\/2025\/02\/gym-machine-single-cable-pulley-station-1.webp","width":1500,"height":1500,"caption":"A single cable pulley gym machine with a compact design features a sturdy black frame and adjustable pulleys for customizable resistance. This machine is equipped with multiple handle attachments, a weight stack, and a footplate and is perfect for performing strength training exercises targeting arms, shoulders, back, and core muscles. Ideal for home and commercial gym setups."},{"@type":"BreadcrumbList","@id":"https:\/\/gymfactory.eu\/lt\/produktas\/c2xx-vieno-kamino-kabeliu-masina\/#breadcrumb","itemListElement":[{"@type":"ListItem","position":1,"name":"Pagrindinis","item":"https:\/\/gymfactory.eu\/lt\/"},{"@type":"ListItem","position":2,"name":"Katalogas","item":"https:\/\/gymfactory.eu\/lt\/katalogas\/"},{"@type":"ListItem","position":3,"name":"C2XX Traukos blokas"}]},{"@type":"WebSite","@id":"https:\/\/gymfactory.eu\/lt\/#website","url":"https:\/\/gymfactory.eu\/lt\/","name":"Gym Factory","description":"","publisher":{"@id":"https:\/\/gymfactory.eu\/lt\/#organization"},"potentialAction":[{"@type":"SearchAction","target":{"@type":"EntryPoint","urlTemplate":"https:\/\/gymfactory.eu\/lt\/?s={search_term_string}"},"query-input":{"@type":"PropertyValueSpecification","valueRequired":true,"valueName":"search_term_string"}}],"inLanguage":"lt-LT"},{"@type":"Organization","@id":"https:\/\/gymfactory.eu\/lt\/#organization","name":"Sporto sal\u0117s gamykla","url":"https:\/\/gymfactory.eu\/lt\/","logo":{"@type":"ImageObject","inLanguage":"lt-LT","@id":"https:\/\/gymfactory.eu\/lt\/#\/schema\/logo\/image\/","url":"https:\/\/gymfactory.eu\/wp-content\/uploads\/2024\/11\/Component-1.svg","contentUrl":"https:\/\/gymfactory.eu\/wp-content\/uploads\/2024\/11\/Component-1.svg","width":54,"height":44,"caption":"Sporto sal\u0117s gamykla"},"image":{"@id":"https:\/\/gymfactory.eu\/lt\/#\/schema\/logo\/image\/"}}]}},"_links":{"self":[{"href":"https:\/\/gymfactory.eu\/lt\/wp-json\/wp\/v2\/product\/10613","targetHints":{"allow":["GET"]}}],"collection":[{"href":"https:\/\/gymfactory.eu\/lt\/wp-json\/wp\/v2\/product"}],"about":[{"href":"https:\/\/gymfactory.eu\/lt\/wp-json\/wp\/v2\/types\/product"}],"wp:featuredmedia":[{"embeddable":true,"href":"https:\/\/gymfactory.eu\/lt\/wp-json\/wp\/v2\/media\/12375"}],"wp:attachment":[{"href":"https:\/\/gymfactory.eu\/lt\/wp-json\/wp\/v2\/media?parent=10613"}],"wp:term":[{"taxonomy":"product_brand","embeddable":true,"href":"https:\/\/gymfactory.eu\/lt\/wp-json\/wp\/v2\/product_brand?post=10613"},{"taxonomy":"product_cat","embeddable":true,"href":"https:\/\/gymfactory.eu\/lt\/wp-json\/wp\/v2\/product_cat?post=10613"},{"taxonomy":"product_tag","embeddable":true,"href":"https:\/\/gymfactory.eu\/lt\/wp-json\/wp\/v2\/product_tag?post=10613"}],"curies":[{"name":"wp","href":"https:\/\/api.w.org\/{rel}","templated":true}]}}