{"id":10597,"date":"2025-02-05T12:18:04","date_gmt":"2025-02-05T10:18:04","guid":{"rendered":"https:\/\/gymfactory.eu\/product\/c2x-kabeliu-kryzminimo-masina\/"},"modified":"2025-12-02T13:17:56","modified_gmt":"2025-12-02T11:17:56","slug":"c2x-kabeliu-kryzminimo-masina","status":"publish","type":"product","link":"https:\/\/gymfactory.eu\/lt\/produktas\/c2x-kabeliu-kryzminimo-masina\/","title":{"rendered":"C2X Kry\u017emin\u0117s traukos treniruoklis"},"content":{"rendered":"<p>C2X \u2013 tai universalus treniruo\u010di\u0173 stovas, skirtas viso k\u016bno j\u0117gos lavinimui nam\u0173 arba profesionalioje sporto sal\u0117je. Jame \u012frengtos dvi reguliuojamo auk\u0161\u010dio tros\u0173 sistemos ir centrin\u0117 prisitraukim\u0173 rankena, leid\u017eian\u010dios atlikti daugyb\u0119 skirting\u0173 pratim\u0173 viename kompakti\u0161kame treniruoklyje.<\/p>\n<p>Kiekvienas trosas komplektuojamas su vienaranke rankena, kuri leid\u017eia treniruoti \u012fvairias raumen\u0173 grupes. Treniruoklis tinka pratimams kr\u016btin\u0117s, pe\u010di\u0173, rank\u0173 ir nugaros raumenims (pvz., kry\u017emin\u0117s traukos, spaudimai vir\u0161 galvos, vir\u0161utin\u0117s traukos, traukos s\u0117dint). Taip pat galima atlikti koj\u0173 ir s\u0117dmen\u0173 pratimus, tokius kaip \u012ft\u016bpstai ar atmetimai atgal, bei sukamus ar \u012f pilvo pres\u0105 orientuotus judesius, kaip \u201ePallof\u201c st\u016bmimai ar susilenkimai.<\/p>\n<p>Skland\u017eiai veikiantys trosai ir daugyb\u0117 auk\u0161\u010dio reguliavimo pad\u0117\u010di\u0173 leid\u017eia tiksliai kontroliuoti pasiprie\u0161inim\u0105 ir prisitaikyti prie skirting\u0173 \u016bgi\u0173 ar treniruo\u010di\u0173 metodik\u0173.<\/p>\n\n    <div class=\"xs_social_share_widget xs_share_url after_content \t\tmain_content  wslu-style-1 wslu-share-box-shaped wslu-fill-colored wslu-none wslu-share-horizontal wslu-theme-font-no wslu-main_content\">\n\n\t\t\n        <ul>\n\t\t\t        <\/ul>\n    <\/div> \n","protected":false},"excerpt":{"rendered":"<p>C2X \u2013 tai universalus treniruo\u010di\u0173 stovas, skirtas viso k\u016bno j\u0117gos lavinimui nam\u0173 arba profesionalioje sporto sal\u0117je. Jame \u012frengtos dvi reguliuojamo auk\u0161\u010dio tros\u0173 sistemos ir centrin\u0117 prisitraukim\u0173 rankena, leid\u017eian\u010dios atlikti daugyb\u0119 skirting\u0173 pratim\u0173 viename kompakti\u0161kame treniruoklyje. Kiekvienas trosas komplektuojamas su vienaranke rankena, kuri leid\u017eia treniruoti \u012fvairias raumen\u0173 grupes. Treniruoklis tinka pratimams kr\u016btin\u0117s, pe\u010di\u0173, rank\u0173 ir nugaros [&hellip;]<\/p>\n","protected":false},"featured_media":9074,"template":"","meta":{"_acf_changed":false},"product_brand":[817],"product_cat":[466],"product_tag":[415],"class_list":{"0":"post-10597","1":"product","2":"type-product","3":"status-publish","4":"has-post-thumbnail","6":"product_brand-gym-factory-lt","7":"product_cat-blokiniai-treniruokliai","8":"product_tag-spalva-tik-metaline","10":"first","11":"onbackorder","12":"taxable","13":"shipping-taxable","14":"purchasable","15":"product-type-variable","16":"has-default-attributes"},"acf":[],"yoast_head":"<!-- This site is optimized with the Yoast SEO plugin v25.2 - https:\/\/yoast.com\/wordpress\/plugins\/seo\/ -->\n<title>C2X kabeli\u0173 kirtimo ma\u0161ina | Viso k\u016bno treniruokli\u0173 sal\u0117s \u012franga<\/title>\n<meta name=\"description\" content=\"Ie\u0161kote viso k\u016bno treniruoklio? &quot;C2X Cable Crossover&quot; - tai sporto sal\u0117s \u012franga, sukurta universalumui, j\u0117gai ir funkcin\u0117ms viso k\u016bno treniruot\u0117ms.\" \/>\n<meta name=\"robots\" content=\"index, follow, max-snippet:-1, max-image-preview:large, max-video-preview:-1\" \/>\n<link rel=\"canonical\" href=\"https:\/\/gymfactory.eu\/lt\/produktas\/c2x-kabeliu-kryzminimo-masina\/\" \/>\n<meta property=\"og:locale\" content=\"lt_LT\" \/>\n<meta property=\"og:type\" content=\"article\" \/>\n<meta property=\"og:title\" content=\"C2X kabeli\u0173 kirtimo ma\u0161ina | Viso k\u016bno treniruokli\u0173 sal\u0117s \u012franga\" \/>\n<meta property=\"og:description\" content=\"Ie\u0161kote viso k\u016bno treniruoklio? &quot;C2X Cable Crossover&quot; - tai sporto sal\u0117s \u012franga, sukurta universalumui, j\u0117gai ir funkcin\u0117ms viso k\u016bno treniruot\u0117ms.\" \/>\n<meta property=\"og:url\" content=\"https:\/\/gymfactory.eu\/lt\/produktas\/c2x-kabeliu-kryzminimo-masina\/\" \/>\n<meta property=\"og:site_name\" content=\"Gym Factory\" \/>\n<meta property=\"article:modified_time\" content=\"2025-12-02T11:17:56+00:00\" \/>\n<meta property=\"og:image\" content=\"https:\/\/gymfactory.eu\/wp-content\/uploads\/2025\/02\/gym-machine-cable-crossover-black-1.webp\" \/>\n\t<meta property=\"og:image:width\" content=\"1500\" \/>\n\t<meta property=\"og:image:height\" content=\"1500\" \/>\n\t<meta property=\"og:image:type\" content=\"image\/webp\" \/>\n<meta name=\"twitter:card\" content=\"summary_large_image\" \/>\n<meta name=\"twitter:label1\" content=\"Est. reading time\" \/>\n\t<meta name=\"twitter:data1\" content=\"1 minut\u0117\" \/>\n<script type=\"application\/ld+json\" class=\"yoast-schema-graph\">{\"@context\":\"https:\/\/schema.org\",\"@graph\":[{\"@type\":\"WebPage\",\"@id\":\"https:\/\/gymfactory.eu\/lt\/produktas\/c2x-kabeliu-kryzminimo-masina\/\",\"url\":\"https:\/\/gymfactory.eu\/lt\/produktas\/c2x-kabeliu-kryzminimo-masina\/\",\"name\":\"C2X kabeli\u0173 kirtimo ma\u0161ina | Viso k\u016bno treniruokli\u0173 sal\u0117s \u012franga\",\"isPartOf\":{\"@id\":\"https:\/\/gymfactory.eu\/lt\/#website\"},\"primaryImageOfPage\":{\"@id\":\"https:\/\/gymfactory.eu\/lt\/produktas\/c2x-kabeliu-kryzminimo-masina\/#primaryimage\"},\"image\":{\"@id\":\"https:\/\/gymfactory.eu\/lt\/produktas\/c2x-kabeliu-kryzminimo-masina\/#primaryimage\"},\"thumbnailUrl\":\"https:\/\/gymfactory.eu\/wp-content\/uploads\/2025\/02\/gym-machine-cable-crossover-black-1.webp\",\"datePublished\":\"2025-02-05T10:18:04+00:00\",\"dateModified\":\"2025-12-02T11:17:56+00:00\",\"description\":\"Ie\u0161kote viso k\u016bno treniruoklio? \\\"C2X Cable Crossover\\\" - tai sporto sal\u0117s \u012franga, sukurta universalumui, j\u0117gai ir funkcin\u0117ms viso k\u016bno treniruot\u0117ms.\",\"breadcrumb\":{\"@id\":\"https:\/\/gymfactory.eu\/lt\/produktas\/c2x-kabeliu-kryzminimo-masina\/#breadcrumb\"},\"inLanguage\":\"lt-LT\",\"potentialAction\":[{\"@type\":\"ReadAction\",\"target\":[\"https:\/\/gymfactory.eu\/lt\/produktas\/c2x-kabeliu-kryzminimo-masina\/\"]}]},{\"@type\":\"ImageObject\",\"inLanguage\":\"lt-LT\",\"@id\":\"https:\/\/gymfactory.eu\/lt\/produktas\/c2x-kabeliu-kryzminimo-masina\/#primaryimage\",\"url\":\"https:\/\/gymfactory.eu\/wp-content\/uploads\/2025\/02\/gym-machine-cable-crossover-black-1.webp\",\"contentUrl\":\"https:\/\/gymfactory.eu\/wp-content\/uploads\/2025\/02\/gym-machine-cable-crossover-black-1.webp\",\"width\":1500,\"height\":1500,\"caption\":\"Ry\u0161kiai geltonos spalvos krosinis treniruoklis su dviem reguliuojamais skriemuliais ir prisitraukimo baru. Stiprus r\u0117mas palaiko \u012fvairias j\u0117gos treniruotes, tod\u0117l \u0161is treniruoklis yra funkcionalus treniruoklis nam\u0173 ir komercin\u0117ms sporto sal\u0117ms. Ry\u0161ki spalva suteikia dinami\u0161k\u0105 i\u0161vaizd\u0105 treniruo\u010di\u0173 erdvei.\"},{\"@type\":\"BreadcrumbList\",\"@id\":\"https:\/\/gymfactory.eu\/lt\/produktas\/c2x-kabeliu-kryzminimo-masina\/#breadcrumb\",\"itemListElement\":[{\"@type\":\"ListItem\",\"position\":1,\"name\":\"Pagrindinis\",\"item\":\"https:\/\/gymfactory.eu\/lt\/\"},{\"@type\":\"ListItem\",\"position\":2,\"name\":\"Katalogas\",\"item\":\"https:\/\/gymfactory.eu\/lt\/katalogas\/\"},{\"@type\":\"ListItem\",\"position\":3,\"name\":\"C2X Kry\u017emin\u0117s traukos treniruoklis\"}]},{\"@type\":\"WebSite\",\"@id\":\"https:\/\/gymfactory.eu\/lt\/#website\",\"url\":\"https:\/\/gymfactory.eu\/lt\/\",\"name\":\"Gym Factory\",\"description\":\"\",\"publisher\":{\"@id\":\"https:\/\/gymfactory.eu\/lt\/#organization\"},\"potentialAction\":[{\"@type\":\"SearchAction\",\"target\":{\"@type\":\"EntryPoint\",\"urlTemplate\":\"https:\/\/gymfactory.eu\/lt\/?s={search_term_string}\"},\"query-input\":{\"@type\":\"PropertyValueSpecification\",\"valueRequired\":true,\"valueName\":\"search_term_string\"}}],\"inLanguage\":\"lt-LT\"},{\"@type\":\"Organization\",\"@id\":\"https:\/\/gymfactory.eu\/lt\/#organization\",\"name\":\"Sporto sal\u0117s gamykla\",\"url\":\"https:\/\/gymfactory.eu\/lt\/\",\"logo\":{\"@type\":\"ImageObject\",\"inLanguage\":\"lt-LT\",\"@id\":\"https:\/\/gymfactory.eu\/lt\/#\/schema\/logo\/image\/\",\"url\":\"https:\/\/gymfactory.eu\/wp-content\/uploads\/2024\/11\/Component-1.svg\",\"contentUrl\":\"https:\/\/gymfactory.eu\/wp-content\/uploads\/2024\/11\/Component-1.svg\",\"width\":54,\"height\":44,\"caption\":\"Sporto sal\u0117s gamykla\"},\"image\":{\"@id\":\"https:\/\/gymfactory.eu\/lt\/#\/schema\/logo\/image\/\"}}]}<\/script>\n<!-- \/ Yoast SEO plugin. -->","yoast_head_json":{"title":"C2X kabeli\u0173 kirtimo ma\u0161ina | Viso k\u016bno treniruokli\u0173 sal\u0117s \u012franga","description":"Ie\u0161kote viso k\u016bno treniruoklio? \"C2X Cable Crossover\" - tai sporto sal\u0117s \u012franga, sukurta universalumui, j\u0117gai ir funkcin\u0117ms viso k\u016bno treniruot\u0117ms.","robots":{"index":"index","follow":"follow","max-snippet":"max-snippet:-1","max-image-preview":"max-image-preview:large","max-video-preview":"max-video-preview:-1"},"canonical":"https:\/\/gymfactory.eu\/lt\/produktas\/c2x-kabeliu-kryzminimo-masina\/","og_locale":"lt_LT","og_type":"article","og_title":"C2X kabeli\u0173 kirtimo ma\u0161ina | Viso k\u016bno treniruokli\u0173 sal\u0117s \u012franga","og_description":"Ie\u0161kote viso k\u016bno treniruoklio? \"C2X Cable Crossover\" - tai sporto sal\u0117s \u012franga, sukurta universalumui, j\u0117gai ir funkcin\u0117ms viso k\u016bno treniruot\u0117ms.","og_url":"https:\/\/gymfactory.eu\/lt\/produktas\/c2x-kabeliu-kryzminimo-masina\/","og_site_name":"Gym Factory","article_modified_time":"2025-12-02T11:17:56+00:00","og_image":[{"width":1500,"height":1500,"url":"https:\/\/gymfactory.eu\/wp-content\/uploads\/2025\/02\/gym-machine-cable-crossover-black-1.webp","type":"image\/webp"}],"twitter_card":"summary_large_image","twitter_misc":{"Est. reading time":"1 minut\u0117"},"schema":{"@context":"https:\/\/schema.org","@graph":[{"@type":"WebPage","@id":"https:\/\/gymfactory.eu\/lt\/produktas\/c2x-kabeliu-kryzminimo-masina\/","url":"https:\/\/gymfactory.eu\/lt\/produktas\/c2x-kabeliu-kryzminimo-masina\/","name":"C2X kabeli\u0173 kirtimo ma\u0161ina | Viso k\u016bno treniruokli\u0173 sal\u0117s \u012franga","isPartOf":{"@id":"https:\/\/gymfactory.eu\/lt\/#website"},"primaryImageOfPage":{"@id":"https:\/\/gymfactory.eu\/lt\/produktas\/c2x-kabeliu-kryzminimo-masina\/#primaryimage"},"image":{"@id":"https:\/\/gymfactory.eu\/lt\/produktas\/c2x-kabeliu-kryzminimo-masina\/#primaryimage"},"thumbnailUrl":"https:\/\/gymfactory.eu\/wp-content\/uploads\/2025\/02\/gym-machine-cable-crossover-black-1.webp","datePublished":"2025-02-05T10:18:04+00:00","dateModified":"2025-12-02T11:17:56+00:00","description":"Ie\u0161kote viso k\u016bno treniruoklio? \"C2X Cable Crossover\" - tai sporto sal\u0117s \u012franga, sukurta universalumui, j\u0117gai ir funkcin\u0117ms viso k\u016bno treniruot\u0117ms.","breadcrumb":{"@id":"https:\/\/gymfactory.eu\/lt\/produktas\/c2x-kabeliu-kryzminimo-masina\/#breadcrumb"},"inLanguage":"lt-LT","potentialAction":[{"@type":"ReadAction","target":["https:\/\/gymfactory.eu\/lt\/produktas\/c2x-kabeliu-kryzminimo-masina\/"]}]},{"@type":"ImageObject","inLanguage":"lt-LT","@id":"https:\/\/gymfactory.eu\/lt\/produktas\/c2x-kabeliu-kryzminimo-masina\/#primaryimage","url":"https:\/\/gymfactory.eu\/wp-content\/uploads\/2025\/02\/gym-machine-cable-crossover-black-1.webp","contentUrl":"https:\/\/gymfactory.eu\/wp-content\/uploads\/2025\/02\/gym-machine-cable-crossover-black-1.webp","width":1500,"height":1500,"caption":"Ry\u0161kiai geltonos spalvos krosinis treniruoklis su dviem reguliuojamais skriemuliais ir prisitraukimo baru. Stiprus r\u0117mas palaiko \u012fvairias j\u0117gos treniruotes, tod\u0117l \u0161is treniruoklis yra funkcionalus treniruoklis nam\u0173 ir komercin\u0117ms sporto sal\u0117ms. Ry\u0161ki spalva suteikia dinami\u0161k\u0105 i\u0161vaizd\u0105 treniruo\u010di\u0173 erdvei."},{"@type":"BreadcrumbList","@id":"https:\/\/gymfactory.eu\/lt\/produktas\/c2x-kabeliu-kryzminimo-masina\/#breadcrumb","itemListElement":[{"@type":"ListItem","position":1,"name":"Pagrindinis","item":"https:\/\/gymfactory.eu\/lt\/"},{"@type":"ListItem","position":2,"name":"Katalogas","item":"https:\/\/gymfactory.eu\/lt\/katalogas\/"},{"@type":"ListItem","position":3,"name":"C2X Kry\u017emin\u0117s traukos treniruoklis"}]},{"@type":"WebSite","@id":"https:\/\/gymfactory.eu\/lt\/#website","url":"https:\/\/gymfactory.eu\/lt\/","name":"Gym Factory","description":"","publisher":{"@id":"https:\/\/gymfactory.eu\/lt\/#organization"},"potentialAction":[{"@type":"SearchAction","target":{"@type":"EntryPoint","urlTemplate":"https:\/\/gymfactory.eu\/lt\/?s={search_term_string}"},"query-input":{"@type":"PropertyValueSpecification","valueRequired":true,"valueName":"search_term_string"}}],"inLanguage":"lt-LT"},{"@type":"Organization","@id":"https:\/\/gymfactory.eu\/lt\/#organization","name":"Sporto sal\u0117s gamykla","url":"https:\/\/gymfactory.eu\/lt\/","logo":{"@type":"ImageObject","inLanguage":"lt-LT","@id":"https:\/\/gymfactory.eu\/lt\/#\/schema\/logo\/image\/","url":"https:\/\/gymfactory.eu\/wp-content\/uploads\/2024\/11\/Component-1.svg","contentUrl":"https:\/\/gymfactory.eu\/wp-content\/uploads\/2024\/11\/Component-1.svg","width":54,"height":44,"caption":"Sporto sal\u0117s gamykla"},"image":{"@id":"https:\/\/gymfactory.eu\/lt\/#\/schema\/logo\/image\/"}}]}},"_links":{"self":[{"href":"https:\/\/gymfactory.eu\/lt\/wp-json\/wp\/v2\/product\/10597","targetHints":{"allow":["GET"]}}],"collection":[{"href":"https:\/\/gymfactory.eu\/lt\/wp-json\/wp\/v2\/product"}],"about":[{"href":"https:\/\/gymfactory.eu\/lt\/wp-json\/wp\/v2\/types\/product"}],"wp:featuredmedia":[{"embeddable":true,"href":"https:\/\/gymfactory.eu\/lt\/wp-json\/wp\/v2\/media\/9074"}],"wp:attachment":[{"href":"https:\/\/gymfactory.eu\/lt\/wp-json\/wp\/v2\/media?parent=10597"}],"wp:term":[{"taxonomy":"product_brand","embeddable":true,"href":"https:\/\/gymfactory.eu\/lt\/wp-json\/wp\/v2\/product_brand?post=10597"},{"taxonomy":"product_cat","embeddable":true,"href":"https:\/\/gymfactory.eu\/lt\/wp-json\/wp\/v2\/product_cat?post=10597"},{"taxonomy":"product_tag","embeddable":true,"href":"https:\/\/gymfactory.eu\/lt\/wp-json\/wp\/v2\/product_tag?post=10597"}],"curies":[{"name":"wp","href":"https:\/\/api.w.org\/{rel}","templated":true}]}}