{"id":10574,"date":"2025-02-05T08:35:33","date_gmt":"2025-02-05T06:35:33","guid":{"rendered":"https:\/\/gymfactory.eu\/product\/v3x-sedmenu-masina\/"},"modified":"2025-11-21T15:51:13","modified_gmt":"2025-11-21T13:51:13","slug":"v3x-sedmenu-masina","status":"publish","type":"product","link":"https:\/\/gymfactory.eu\/lt\/produktas\/v3x-sedmenu-masina\/","title":{"rendered":"V3X S\u0117dmen\u0173 treniruoklis"},"content":{"rendered":"<p>V3X \u2013 tai treniruoklis, skirtas efektyviai treniruoti apatin\u0119 k\u016bno dal\u012f, ypa\u010d s\u0117dmen\u0173 \u0161onus ir galin\u0119 dal\u012f. S\u0117dima konstrukcija su reguliuojamu atlo\u0161o kampu, pamink\u0161tintomis \u0161laun\u0173 atramomis ir \u0161onin\u0117mis rankenomis u\u017etikrina stabilum\u0105 ir komfort\u0105. Sklandus judesys ir reguliuojama judesio amplitud\u0117 leid\u017eia treniruokl\u012f naudoti tiek nam\u0173, tiek profesionaliose sporto sal\u0117se.<\/p>\n<p>Kojos juda lenkta trajektorija \u2013 \u012f i\u0161or\u0119 ir \u0161iek tiek \u017eemyn, tod\u0117l stipriau \u012fdarbinami i\u0161oriniai ir galiniai s\u0117dmen\u0173 raumenys. Gr\u012f\u017etant \u012f pradin\u0119 pad\u0117t\u012f, aktyvuojami ir vidin\u0117s \u0161launies raumenys, kas padeda lavinti subalansuot\u0105 apatin\u0117s k\u016bno dalies j\u0117g\u0105.<\/p>\n\n    <div class=\"xs_social_share_widget xs_share_url after_content \t\tmain_content  wslu-style-1 wslu-share-box-shaped wslu-fill-colored wslu-none wslu-share-horizontal wslu-theme-font-no wslu-main_content\">\n\n\t\t\n        <ul>\n\t\t\t        <\/ul>\n    <\/div> \n","protected":false},"excerpt":{"rendered":"<p>V3X \u2013 tai treniruoklis, skirtas efektyviai treniruoti apatin\u0119 k\u016bno dal\u012f, ypa\u010d s\u0117dmen\u0173 \u0161onus ir galin\u0119 dal\u012f. S\u0117dima konstrukcija su reguliuojamu atlo\u0161o kampu, pamink\u0161tintomis \u0161laun\u0173 atramomis ir \u0161onin\u0117mis rankenomis u\u017etikrina stabilum\u0105 ir komfort\u0105. Sklandus judesys ir reguliuojama judesio amplitud\u0117 leid\u017eia treniruokl\u012f naudoti tiek nam\u0173, tiek profesionaliose sporto sal\u0117se. Kojos juda lenkta trajektorija \u2013 \u012f i\u0161or\u0119 ir [&hellip;]<\/p>\n","protected":false},"featured_media":19697,"template":"","meta":{"_acf_changed":false},"product_brand":[817],"product_cat":[421],"product_tag":[],"class_list":{"0":"post-10574","1":"product","2":"type-product","3":"status-publish","4":"has-post-thumbnail","6":"product_brand-gym-factory-lt","7":"product_cat-laisvu-svoriu-treniruokliai","9":"first","10":"onbackorder","11":"taxable","12":"shipping-taxable","13":"purchasable","14":"product-type-variable","15":"has-default-attributes"},"acf":[],"yoast_head":"<!-- This site is optimized with the Yoast SEO plugin v25.2 - https:\/\/yoast.com\/wordpress\/plugins\/seo\/ -->\n<title>V3X Glute Machine | Apatin\u0117s k\u016bno dalies j\u0117gos treniruot\u0117ms<\/title>\n<meta name=\"description\" content=\"Norite sustiprinti s\u0117dmenis? V3X s\u0117dmen\u0173 treniruoklis skirtas apatin\u0117s k\u016bno dalies j\u0117gos treniruot\u0117ms su tolygiu pasiprie\u0161inimu ir tikslingu raumen\u0173 aktyvinimu.\" \/>\n<meta name=\"robots\" content=\"index, follow, max-snippet:-1, max-image-preview:large, max-video-preview:-1\" \/>\n<link rel=\"canonical\" href=\"https:\/\/gymfactory.eu\/lt\/produktas\/v3x-sedmenu-masina\/\" \/>\n<meta property=\"og:locale\" content=\"lt_LT\" \/>\n<meta property=\"og:type\" content=\"article\" \/>\n<meta property=\"og:title\" content=\"V3X Glute Machine | Apatin\u0117s k\u016bno dalies j\u0117gos treniruot\u0117ms\" \/>\n<meta property=\"og:description\" content=\"Norite sustiprinti s\u0117dmenis? V3X s\u0117dmen\u0173 treniruoklis skirtas apatin\u0117s k\u016bno dalies j\u0117gos treniruot\u0117ms su tolygiu pasiprie\u0161inimu ir tikslingu raumen\u0173 aktyvinimu.\" \/>\n<meta property=\"og:url\" content=\"https:\/\/gymfactory.eu\/lt\/produktas\/v3x-sedmenu-masina\/\" \/>\n<meta property=\"og:site_name\" content=\"Gym Factory\" \/>\n<meta property=\"article:modified_time\" content=\"2025-11-21T13:51:13+00:00\" \/>\n<meta property=\"og:image\" content=\"https:\/\/gymfactory.eu\/wp-content\/uploads\/2025\/02\/gym-machine-V3X-glute-trainer-black-frame-1.webp\" \/>\n\t<meta property=\"og:image:width\" content=\"1500\" \/>\n\t<meta property=\"og:image:height\" content=\"1500\" \/>\n\t<meta property=\"og:image:type\" content=\"image\/webp\" \/>\n<meta name=\"twitter:card\" content=\"summary_large_image\" \/>\n<meta name=\"twitter:label1\" content=\"Est. reading time\" \/>\n\t<meta name=\"twitter:data1\" content=\"1 minut\u0117\" \/>\n<script type=\"application\/ld+json\" class=\"yoast-schema-graph\">{\"@context\":\"https:\/\/schema.org\",\"@graph\":[{\"@type\":\"WebPage\",\"@id\":\"https:\/\/gymfactory.eu\/lt\/produktas\/v3x-sedmenu-masina\/\",\"url\":\"https:\/\/gymfactory.eu\/lt\/produktas\/v3x-sedmenu-masina\/\",\"name\":\"V3X Glute Machine | Apatin\u0117s k\u016bno dalies j\u0117gos treniruot\u0117ms\",\"isPartOf\":{\"@id\":\"https:\/\/gymfactory.eu\/lt\/#website\"},\"primaryImageOfPage\":{\"@id\":\"https:\/\/gymfactory.eu\/lt\/produktas\/v3x-sedmenu-masina\/#primaryimage\"},\"image\":{\"@id\":\"https:\/\/gymfactory.eu\/lt\/produktas\/v3x-sedmenu-masina\/#primaryimage\"},\"thumbnailUrl\":\"https:\/\/gymfactory.eu\/wp-content\/uploads\/2025\/02\/gym-machine-V3X-glute-trainer-black-frame-1.webp\",\"datePublished\":\"2025-02-05T06:35:33+00:00\",\"dateModified\":\"2025-11-21T13:51:13+00:00\",\"description\":\"Norite sustiprinti s\u0117dmenis? V3X s\u0117dmen\u0173 treniruoklis skirtas apatin\u0117s k\u016bno dalies j\u0117gos treniruot\u0117ms su tolygiu pasiprie\u0161inimu ir tikslingu raumen\u0173 aktyvinimu.\",\"breadcrumb\":{\"@id\":\"https:\/\/gymfactory.eu\/lt\/produktas\/v3x-sedmenu-masina\/#breadcrumb\"},\"inLanguage\":\"lt-LT\",\"potentialAction\":[{\"@type\":\"ReadAction\",\"target\":[\"https:\/\/gymfactory.eu\/lt\/produktas\/v3x-sedmenu-masina\/\"]}]},{\"@type\":\"ImageObject\",\"inLanguage\":\"lt-LT\",\"@id\":\"https:\/\/gymfactory.eu\/lt\/produktas\/v3x-sedmenu-masina\/#primaryimage\",\"url\":\"https:\/\/gymfactory.eu\/wp-content\/uploads\/2025\/02\/gym-machine-V3X-glute-trainer-black-frame-1.webp\",\"contentUrl\":\"https:\/\/gymfactory.eu\/wp-content\/uploads\/2025\/02\/gym-machine-V3X-glute-trainer-black-frame-1.webp\",\"width\":1500,\"height\":1500,\"caption\":\"The V3X gym machine has a red frame design for durability and aesthetics. This fitness equipment is to withstand heavy usage, featuring an adjustable resistance system and ergonomic support for targeted glute training. A great addition to any gym focused on strength training.\"},{\"@type\":\"BreadcrumbList\",\"@id\":\"https:\/\/gymfactory.eu\/lt\/produktas\/v3x-sedmenu-masina\/#breadcrumb\",\"itemListElement\":[{\"@type\":\"ListItem\",\"position\":1,\"name\":\"Pagrindinis\",\"item\":\"https:\/\/gymfactory.eu\/lt\/\"},{\"@type\":\"ListItem\",\"position\":2,\"name\":\"Katalogas\",\"item\":\"https:\/\/gymfactory.eu\/lt\/katalogas\/\"},{\"@type\":\"ListItem\",\"position\":3,\"name\":\"V3X S\u0117dmen\u0173 treniruoklis\"}]},{\"@type\":\"WebSite\",\"@id\":\"https:\/\/gymfactory.eu\/lt\/#website\",\"url\":\"https:\/\/gymfactory.eu\/lt\/\",\"name\":\"Gym Factory\",\"description\":\"\",\"publisher\":{\"@id\":\"https:\/\/gymfactory.eu\/lt\/#organization\"},\"potentialAction\":[{\"@type\":\"SearchAction\",\"target\":{\"@type\":\"EntryPoint\",\"urlTemplate\":\"https:\/\/gymfactory.eu\/lt\/?s={search_term_string}\"},\"query-input\":{\"@type\":\"PropertyValueSpecification\",\"valueRequired\":true,\"valueName\":\"search_term_string\"}}],\"inLanguage\":\"lt-LT\"},{\"@type\":\"Organization\",\"@id\":\"https:\/\/gymfactory.eu\/lt\/#organization\",\"name\":\"Sporto sal\u0117s gamykla\",\"url\":\"https:\/\/gymfactory.eu\/lt\/\",\"logo\":{\"@type\":\"ImageObject\",\"inLanguage\":\"lt-LT\",\"@id\":\"https:\/\/gymfactory.eu\/lt\/#\/schema\/logo\/image\/\",\"url\":\"https:\/\/gymfactory.eu\/wp-content\/uploads\/2024\/11\/Component-1.svg\",\"contentUrl\":\"https:\/\/gymfactory.eu\/wp-content\/uploads\/2024\/11\/Component-1.svg\",\"width\":54,\"height\":44,\"caption\":\"Sporto sal\u0117s gamykla\"},\"image\":{\"@id\":\"https:\/\/gymfactory.eu\/lt\/#\/schema\/logo\/image\/\"}}]}<\/script>\n<!-- \/ Yoast SEO plugin. -->","yoast_head_json":{"title":"V3X Glute Machine | Apatin\u0117s k\u016bno dalies j\u0117gos treniruot\u0117ms","description":"Norite sustiprinti s\u0117dmenis? V3X s\u0117dmen\u0173 treniruoklis skirtas apatin\u0117s k\u016bno dalies j\u0117gos treniruot\u0117ms su tolygiu pasiprie\u0161inimu ir tikslingu raumen\u0173 aktyvinimu.","robots":{"index":"index","follow":"follow","max-snippet":"max-snippet:-1","max-image-preview":"max-image-preview:large","max-video-preview":"max-video-preview:-1"},"canonical":"https:\/\/gymfactory.eu\/lt\/produktas\/v3x-sedmenu-masina\/","og_locale":"lt_LT","og_type":"article","og_title":"V3X Glute Machine | Apatin\u0117s k\u016bno dalies j\u0117gos treniruot\u0117ms","og_description":"Norite sustiprinti s\u0117dmenis? V3X s\u0117dmen\u0173 treniruoklis skirtas apatin\u0117s k\u016bno dalies j\u0117gos treniruot\u0117ms su tolygiu pasiprie\u0161inimu ir tikslingu raumen\u0173 aktyvinimu.","og_url":"https:\/\/gymfactory.eu\/lt\/produktas\/v3x-sedmenu-masina\/","og_site_name":"Gym Factory","article_modified_time":"2025-11-21T13:51:13+00:00","og_image":[{"width":1500,"height":1500,"url":"https:\/\/gymfactory.eu\/wp-content\/uploads\/2025\/02\/gym-machine-V3X-glute-trainer-black-frame-1.webp","type":"image\/webp"}],"twitter_card":"summary_large_image","twitter_misc":{"Est. reading time":"1 minut\u0117"},"schema":{"@context":"https:\/\/schema.org","@graph":[{"@type":"WebPage","@id":"https:\/\/gymfactory.eu\/lt\/produktas\/v3x-sedmenu-masina\/","url":"https:\/\/gymfactory.eu\/lt\/produktas\/v3x-sedmenu-masina\/","name":"V3X Glute Machine | Apatin\u0117s k\u016bno dalies j\u0117gos treniruot\u0117ms","isPartOf":{"@id":"https:\/\/gymfactory.eu\/lt\/#website"},"primaryImageOfPage":{"@id":"https:\/\/gymfactory.eu\/lt\/produktas\/v3x-sedmenu-masina\/#primaryimage"},"image":{"@id":"https:\/\/gymfactory.eu\/lt\/produktas\/v3x-sedmenu-masina\/#primaryimage"},"thumbnailUrl":"https:\/\/gymfactory.eu\/wp-content\/uploads\/2025\/02\/gym-machine-V3X-glute-trainer-black-frame-1.webp","datePublished":"2025-02-05T06:35:33+00:00","dateModified":"2025-11-21T13:51:13+00:00","description":"Norite sustiprinti s\u0117dmenis? V3X s\u0117dmen\u0173 treniruoklis skirtas apatin\u0117s k\u016bno dalies j\u0117gos treniruot\u0117ms su tolygiu pasiprie\u0161inimu ir tikslingu raumen\u0173 aktyvinimu.","breadcrumb":{"@id":"https:\/\/gymfactory.eu\/lt\/produktas\/v3x-sedmenu-masina\/#breadcrumb"},"inLanguage":"lt-LT","potentialAction":[{"@type":"ReadAction","target":["https:\/\/gymfactory.eu\/lt\/produktas\/v3x-sedmenu-masina\/"]}]},{"@type":"ImageObject","inLanguage":"lt-LT","@id":"https:\/\/gymfactory.eu\/lt\/produktas\/v3x-sedmenu-masina\/#primaryimage","url":"https:\/\/gymfactory.eu\/wp-content\/uploads\/2025\/02\/gym-machine-V3X-glute-trainer-black-frame-1.webp","contentUrl":"https:\/\/gymfactory.eu\/wp-content\/uploads\/2025\/02\/gym-machine-V3X-glute-trainer-black-frame-1.webp","width":1500,"height":1500,"caption":"The V3X gym machine has a red frame design for durability and aesthetics. This fitness equipment is to withstand heavy usage, featuring an adjustable resistance system and ergonomic support for targeted glute training. A great addition to any gym focused on strength training."},{"@type":"BreadcrumbList","@id":"https:\/\/gymfactory.eu\/lt\/produktas\/v3x-sedmenu-masina\/#breadcrumb","itemListElement":[{"@type":"ListItem","position":1,"name":"Pagrindinis","item":"https:\/\/gymfactory.eu\/lt\/"},{"@type":"ListItem","position":2,"name":"Katalogas","item":"https:\/\/gymfactory.eu\/lt\/katalogas\/"},{"@type":"ListItem","position":3,"name":"V3X S\u0117dmen\u0173 treniruoklis"}]},{"@type":"WebSite","@id":"https:\/\/gymfactory.eu\/lt\/#website","url":"https:\/\/gymfactory.eu\/lt\/","name":"Gym Factory","description":"","publisher":{"@id":"https:\/\/gymfactory.eu\/lt\/#organization"},"potentialAction":[{"@type":"SearchAction","target":{"@type":"EntryPoint","urlTemplate":"https:\/\/gymfactory.eu\/lt\/?s={search_term_string}"},"query-input":{"@type":"PropertyValueSpecification","valueRequired":true,"valueName":"search_term_string"}}],"inLanguage":"lt-LT"},{"@type":"Organization","@id":"https:\/\/gymfactory.eu\/lt\/#organization","name":"Sporto sal\u0117s gamykla","url":"https:\/\/gymfactory.eu\/lt\/","logo":{"@type":"ImageObject","inLanguage":"lt-LT","@id":"https:\/\/gymfactory.eu\/lt\/#\/schema\/logo\/image\/","url":"https:\/\/gymfactory.eu\/wp-content\/uploads\/2024\/11\/Component-1.svg","contentUrl":"https:\/\/gymfactory.eu\/wp-content\/uploads\/2024\/11\/Component-1.svg","width":54,"height":44,"caption":"Sporto sal\u0117s gamykla"},"image":{"@id":"https:\/\/gymfactory.eu\/lt\/#\/schema\/logo\/image\/"}}]}},"_links":{"self":[{"href":"https:\/\/gymfactory.eu\/lt\/wp-json\/wp\/v2\/product\/10574","targetHints":{"allow":["GET"]}}],"collection":[{"href":"https:\/\/gymfactory.eu\/lt\/wp-json\/wp\/v2\/product"}],"about":[{"href":"https:\/\/gymfactory.eu\/lt\/wp-json\/wp\/v2\/types\/product"}],"wp:featuredmedia":[{"embeddable":true,"href":"https:\/\/gymfactory.eu\/lt\/wp-json\/wp\/v2\/media\/19697"}],"wp:attachment":[{"href":"https:\/\/gymfactory.eu\/lt\/wp-json\/wp\/v2\/media?parent=10574"}],"wp:term":[{"taxonomy":"product_brand","embeddable":true,"href":"https:\/\/gymfactory.eu\/lt\/wp-json\/wp\/v2\/product_brand?post=10574"},{"taxonomy":"product_cat","embeddable":true,"href":"https:\/\/gymfactory.eu\/lt\/wp-json\/wp\/v2\/product_cat?post=10574"},{"taxonomy":"product_tag","embeddable":true,"href":"https:\/\/gymfactory.eu\/lt\/wp-json\/wp\/v2\/product_tag?post=10574"}],"curies":[{"name":"wp","href":"https:\/\/api.w.org\/{rel}","templated":true}]}}