{"id":10557,"date":"2025-02-05T09:14:31","date_gmt":"2025-02-05T07:14:31","guid":{"rendered":"https:\/\/gymfactory.eu\/product\/z16xx-glute-drive-masina\/"},"modified":"2025-11-21T15:57:38","modified_gmt":"2025-11-21T13:57:38","slug":"z16xx-glute-drive-masina","status":"publish","type":"product","link":"https:\/\/gymfactory.eu\/lt\/produktas\/z16xx-glute-drive-masina\/","title":{"rendered":"Z16XX S\u0117dmen\u0173 treniruoklis"},"content":{"rendered":"<p>Z16XX \u2013 tai treniruoklis, skirtas efektyviai ir tikslingai treniruoti apatin\u0119 k\u016bno dal\u012f. Tvirta konstrukcija, pamink\u0161tintas dir\u017eas su jungtimi ir reguliuojama p\u0117d\u0173 platforma u\u017etikrina komfort\u0105 ir prisitaikym\u0105 pagal vartotojo k\u016bno pad\u0117t\u012f.<\/p>\n<p>Treniruoklis sukurtas klub\u0173 k\u0117limo (&#8222;hip thrust&#8221;) pratimams \u2013 vieniems efektyviausi\u0173 s\u0117dmen\u0173 raumen\u0173 aktyvavimui, \u012ftraukiant ir u\u017epakalinius \u0161laun\u0173 raumenis kaip pagalbinius. Atlo\u0161as juda guoliais, tod\u0117l seka nat\u016bral\u0173 k\u016bno judes\u012f ir leid\u017eia i\u0161laikyti skland\u017ei\u0105 eig\u0105 viso pakartojimo metu.<\/p>\n<p>Integruoti gumos tvirtinimo kai\u0161\u010diai leid\u017eia naudoti pasiprie\u0161inimo juostas ir reguliuoti kr\u016bvio intensyvum\u0105 pagal treniruot\u0117s lyg\u012f.<\/p>\n<p>Z16XX \u2013 tai patikimas pasirinkimas norintiems stiprinti s\u0117dmenis tiksliai, saugiai ir maksimaliai efektyviai tiek nam\u0173, tiek profesionalioje sporto sal\u0117je.<\/p>\n\n    <div class=\"xs_social_share_widget xs_share_url after_content \t\tmain_content  wslu-style-1 wslu-share-box-shaped wslu-fill-colored wslu-none wslu-share-horizontal wslu-theme-font-no wslu-main_content\">\n\n\t\t\n        <ul>\n\t\t\t        <\/ul>\n    <\/div> \n","protected":false},"excerpt":{"rendered":"<p>Z16XX \u2013 tai treniruoklis, skirtas efektyviai ir tikslingai treniruoti apatin\u0119 k\u016bno dal\u012f. Tvirta konstrukcija, pamink\u0161tintas dir\u017eas su jungtimi ir reguliuojama p\u0117d\u0173 platforma u\u017etikrina komfort\u0105 ir prisitaikym\u0105 pagal vartotojo k\u016bno pad\u0117t\u012f. Treniruoklis sukurtas klub\u0173 k\u0117limo (&#8222;hip thrust&#8221;) pratimams \u2013 vieniems efektyviausi\u0173 s\u0117dmen\u0173 raumen\u0173 aktyvavimui, \u012ftraukiant ir u\u017epakalinius \u0161laun\u0173 raumenis kaip pagalbinius. Atlo\u0161as juda guoliais, tod\u0117l seka [&hellip;]<\/p>\n","protected":false},"featured_media":8249,"template":"","meta":{"_acf_changed":false},"product_brand":[817],"product_cat":[421],"product_tag":[],"class_list":{"0":"post-10557","1":"product","2":"type-product","3":"status-publish","4":"has-post-thumbnail","6":"product_brand-gym-factory-lt","7":"product_cat-laisvu-svoriu-treniruokliai","9":"first","10":"onbackorder","11":"taxable","12":"shipping-taxable","13":"purchasable","14":"product-type-variable","15":"has-default-attributes"},"acf":[],"yoast_head":"<!-- This site is optimized with the Yoast SEO plugin v25.2 - https:\/\/yoast.com\/wordpress\/plugins\/seo\/ -->\n<title>Z16XX Glute Drive ma\u0161ina j\u0117gos treniruo\u010di\u0173 pratimams<\/title>\n<meta name=\"description\" content=\"Ie\u0161kote veiksming\u0173 s\u0117dmen\u0173 treniruo\u010di\u0173? Z16XX Glute Drive treniruoklis sukurtas j\u0117gos pratimams, skirtiems klubams, s\u0117dmenims ir apatin\u0117s k\u016bno dalies j\u0117gai lavinti.\" \/>\n<meta name=\"robots\" content=\"index, follow, max-snippet:-1, max-image-preview:large, max-video-preview:-1\" \/>\n<link rel=\"canonical\" href=\"https:\/\/gymfactory.eu\/lt\/produktas\/z16xx-glute-drive-masina\/\" \/>\n<meta property=\"og:locale\" content=\"lt_LT\" \/>\n<meta property=\"og:type\" content=\"article\" \/>\n<meta property=\"og:title\" content=\"Z16XX Glute Drive ma\u0161ina j\u0117gos treniruo\u010di\u0173 pratimams\" \/>\n<meta property=\"og:description\" content=\"Ie\u0161kote veiksming\u0173 s\u0117dmen\u0173 treniruo\u010di\u0173? Z16XX Glute Drive treniruoklis sukurtas j\u0117gos pratimams, skirtiems klubams, s\u0117dmenims ir apatin\u0117s k\u016bno dalies j\u0117gai lavinti.\" \/>\n<meta property=\"og:url\" content=\"https:\/\/gymfactory.eu\/lt\/produktas\/z16xx-glute-drive-masina\/\" \/>\n<meta property=\"og:site_name\" content=\"Gym Factory\" \/>\n<meta property=\"article:modified_time\" content=\"2025-11-21T13:57:38+00:00\" \/>\n<meta property=\"og:image\" content=\"https:\/\/gymfactory.eu\/wp-content\/uploads\/2025\/02\/gym-machine-Z16XX-hip-thrust-side-view.webp\" \/>\n\t<meta property=\"og:image:width\" content=\"1500\" \/>\n\t<meta property=\"og:image:height\" content=\"1500\" \/>\n\t<meta property=\"og:image:type\" content=\"image\/webp\" \/>\n<meta name=\"twitter:card\" content=\"summary_large_image\" \/>\n<meta name=\"twitter:label1\" content=\"Est. reading time\" \/>\n\t<meta name=\"twitter:data1\" content=\"1 minut\u0117\" \/>\n<script type=\"application\/ld+json\" class=\"yoast-schema-graph\">{\"@context\":\"https:\/\/schema.org\",\"@graph\":[{\"@type\":\"WebPage\",\"@id\":\"https:\/\/gymfactory.eu\/lt\/produktas\/z16xx-glute-drive-masina\/\",\"url\":\"https:\/\/gymfactory.eu\/lt\/produktas\/z16xx-glute-drive-masina\/\",\"name\":\"Z16XX Glute Drive ma\u0161ina j\u0117gos treniruo\u010di\u0173 pratimams\",\"isPartOf\":{\"@id\":\"https:\/\/gymfactory.eu\/lt\/#website\"},\"primaryImageOfPage\":{\"@id\":\"https:\/\/gymfactory.eu\/lt\/produktas\/z16xx-glute-drive-masina\/#primaryimage\"},\"image\":{\"@id\":\"https:\/\/gymfactory.eu\/lt\/produktas\/z16xx-glute-drive-masina\/#primaryimage\"},\"thumbnailUrl\":\"https:\/\/gymfactory.eu\/wp-content\/uploads\/2025\/02\/gym-machine-Z16XX-hip-thrust-side-view.webp\",\"datePublished\":\"2025-02-05T07:14:31+00:00\",\"dateModified\":\"2025-11-21T13:57:38+00:00\",\"description\":\"Ie\u0161kote veiksming\u0173 s\u0117dmen\u0173 treniruo\u010di\u0173? Z16XX Glute Drive treniruoklis sukurtas j\u0117gos pratimams, skirtiems klubams, s\u0117dmenims ir apatin\u0117s k\u016bno dalies j\u0117gai lavinti.\",\"breadcrumb\":{\"@id\":\"https:\/\/gymfactory.eu\/lt\/produktas\/z16xx-glute-drive-masina\/#breadcrumb\"},\"inLanguage\":\"lt-LT\",\"potentialAction\":[{\"@type\":\"ReadAction\",\"target\":[\"https:\/\/gymfactory.eu\/lt\/produktas\/z16xx-glute-drive-masina\/\"]}]},{\"@type\":\"ImageObject\",\"inLanguage\":\"lt-LT\",\"@id\":\"https:\/\/gymfactory.eu\/lt\/produktas\/z16xx-glute-drive-masina\/#primaryimage\",\"url\":\"https:\/\/gymfactory.eu\/wp-content\/uploads\/2025\/02\/gym-machine-Z16XX-hip-thrust-side-view.webp\",\"contentUrl\":\"https:\/\/gymfactory.eu\/wp-content\/uploads\/2025\/02\/gym-machine-Z16XX-hip-thrust-side-view.webp\",\"width\":1500,\"height\":1500,\"caption\":\"I\u0161samus Z16XX treniruoklio, skirto apatin\u0117s k\u016bno dalies ir s\u0117dmen\u0173 treniruot\u0117ms, \u0161oninis vaizdas. \u0160is profesionalaus lygio treniruoklis turi tvirt\u0105 plienin\u012f r\u0117m\u0105, pamink\u0161tint\u0105 nugaros atram\u0105 ir paauk\u0161tint\u0105 p\u0117d\u0173 platform\u0105 su tekst\u016bruotu pavir\u0161iumi, kad p\u0117dos b\u016bt\u0173 saugiai pad\u0117tos. Svorio \u012fkrovos kai\u0161\u010diai leid\u017eia pritaikyti pasiprie\u0161inim\u0105, tod\u0117l idealiai tinka j\u0117gos treniruot\u0117ms ir raumen\u0173 aktyvinimo pratimams.\"},{\"@type\":\"BreadcrumbList\",\"@id\":\"https:\/\/gymfactory.eu\/lt\/produktas\/z16xx-glute-drive-masina\/#breadcrumb\",\"itemListElement\":[{\"@type\":\"ListItem\",\"position\":1,\"name\":\"Pagrindinis\",\"item\":\"https:\/\/gymfactory.eu\/lt\/\"},{\"@type\":\"ListItem\",\"position\":2,\"name\":\"Katalogas\",\"item\":\"https:\/\/gymfactory.eu\/lt\/katalogas\/\"},{\"@type\":\"ListItem\",\"position\":3,\"name\":\"Z16XX S\u0117dmen\u0173 treniruoklis\"}]},{\"@type\":\"WebSite\",\"@id\":\"https:\/\/gymfactory.eu\/lt\/#website\",\"url\":\"https:\/\/gymfactory.eu\/lt\/\",\"name\":\"Gym Factory\",\"description\":\"\",\"publisher\":{\"@id\":\"https:\/\/gymfactory.eu\/lt\/#organization\"},\"potentialAction\":[{\"@type\":\"SearchAction\",\"target\":{\"@type\":\"EntryPoint\",\"urlTemplate\":\"https:\/\/gymfactory.eu\/lt\/?s={search_term_string}\"},\"query-input\":{\"@type\":\"PropertyValueSpecification\",\"valueRequired\":true,\"valueName\":\"search_term_string\"}}],\"inLanguage\":\"lt-LT\"},{\"@type\":\"Organization\",\"@id\":\"https:\/\/gymfactory.eu\/lt\/#organization\",\"name\":\"Sporto sal\u0117s gamykla\",\"url\":\"https:\/\/gymfactory.eu\/lt\/\",\"logo\":{\"@type\":\"ImageObject\",\"inLanguage\":\"lt-LT\",\"@id\":\"https:\/\/gymfactory.eu\/lt\/#\/schema\/logo\/image\/\",\"url\":\"https:\/\/gymfactory.eu\/wp-content\/uploads\/2024\/11\/Component-1.svg\",\"contentUrl\":\"https:\/\/gymfactory.eu\/wp-content\/uploads\/2024\/11\/Component-1.svg\",\"width\":54,\"height\":44,\"caption\":\"Sporto sal\u0117s gamykla\"},\"image\":{\"@id\":\"https:\/\/gymfactory.eu\/lt\/#\/schema\/logo\/image\/\"}}]}<\/script>\n<!-- \/ Yoast SEO plugin. -->","yoast_head_json":{"title":"Z16XX Glute Drive ma\u0161ina j\u0117gos treniruo\u010di\u0173 pratimams","description":"Ie\u0161kote veiksming\u0173 s\u0117dmen\u0173 treniruo\u010di\u0173? Z16XX Glute Drive treniruoklis sukurtas j\u0117gos pratimams, skirtiems klubams, s\u0117dmenims ir apatin\u0117s k\u016bno dalies j\u0117gai lavinti.","robots":{"index":"index","follow":"follow","max-snippet":"max-snippet:-1","max-image-preview":"max-image-preview:large","max-video-preview":"max-video-preview:-1"},"canonical":"https:\/\/gymfactory.eu\/lt\/produktas\/z16xx-glute-drive-masina\/","og_locale":"lt_LT","og_type":"article","og_title":"Z16XX Glute Drive ma\u0161ina j\u0117gos treniruo\u010di\u0173 pratimams","og_description":"Ie\u0161kote veiksming\u0173 s\u0117dmen\u0173 treniruo\u010di\u0173? Z16XX Glute Drive treniruoklis sukurtas j\u0117gos pratimams, skirtiems klubams, s\u0117dmenims ir apatin\u0117s k\u016bno dalies j\u0117gai lavinti.","og_url":"https:\/\/gymfactory.eu\/lt\/produktas\/z16xx-glute-drive-masina\/","og_site_name":"Gym Factory","article_modified_time":"2025-11-21T13:57:38+00:00","og_image":[{"width":1500,"height":1500,"url":"https:\/\/gymfactory.eu\/wp-content\/uploads\/2025\/02\/gym-machine-Z16XX-hip-thrust-side-view.webp","type":"image\/webp"}],"twitter_card":"summary_large_image","twitter_misc":{"Est. reading time":"1 minut\u0117"},"schema":{"@context":"https:\/\/schema.org","@graph":[{"@type":"WebPage","@id":"https:\/\/gymfactory.eu\/lt\/produktas\/z16xx-glute-drive-masina\/","url":"https:\/\/gymfactory.eu\/lt\/produktas\/z16xx-glute-drive-masina\/","name":"Z16XX Glute Drive ma\u0161ina j\u0117gos treniruo\u010di\u0173 pratimams","isPartOf":{"@id":"https:\/\/gymfactory.eu\/lt\/#website"},"primaryImageOfPage":{"@id":"https:\/\/gymfactory.eu\/lt\/produktas\/z16xx-glute-drive-masina\/#primaryimage"},"image":{"@id":"https:\/\/gymfactory.eu\/lt\/produktas\/z16xx-glute-drive-masina\/#primaryimage"},"thumbnailUrl":"https:\/\/gymfactory.eu\/wp-content\/uploads\/2025\/02\/gym-machine-Z16XX-hip-thrust-side-view.webp","datePublished":"2025-02-05T07:14:31+00:00","dateModified":"2025-11-21T13:57:38+00:00","description":"Ie\u0161kote veiksming\u0173 s\u0117dmen\u0173 treniruo\u010di\u0173? Z16XX Glute Drive treniruoklis sukurtas j\u0117gos pratimams, skirtiems klubams, s\u0117dmenims ir apatin\u0117s k\u016bno dalies j\u0117gai lavinti.","breadcrumb":{"@id":"https:\/\/gymfactory.eu\/lt\/produktas\/z16xx-glute-drive-masina\/#breadcrumb"},"inLanguage":"lt-LT","potentialAction":[{"@type":"ReadAction","target":["https:\/\/gymfactory.eu\/lt\/produktas\/z16xx-glute-drive-masina\/"]}]},{"@type":"ImageObject","inLanguage":"lt-LT","@id":"https:\/\/gymfactory.eu\/lt\/produktas\/z16xx-glute-drive-masina\/#primaryimage","url":"https:\/\/gymfactory.eu\/wp-content\/uploads\/2025\/02\/gym-machine-Z16XX-hip-thrust-side-view.webp","contentUrl":"https:\/\/gymfactory.eu\/wp-content\/uploads\/2025\/02\/gym-machine-Z16XX-hip-thrust-side-view.webp","width":1500,"height":1500,"caption":"I\u0161samus Z16XX treniruoklio, skirto apatin\u0117s k\u016bno dalies ir s\u0117dmen\u0173 treniruot\u0117ms, \u0161oninis vaizdas. \u0160is profesionalaus lygio treniruoklis turi tvirt\u0105 plienin\u012f r\u0117m\u0105, pamink\u0161tint\u0105 nugaros atram\u0105 ir paauk\u0161tint\u0105 p\u0117d\u0173 platform\u0105 su tekst\u016bruotu pavir\u0161iumi, kad p\u0117dos b\u016bt\u0173 saugiai pad\u0117tos. Svorio \u012fkrovos kai\u0161\u010diai leid\u017eia pritaikyti pasiprie\u0161inim\u0105, tod\u0117l idealiai tinka j\u0117gos treniruot\u0117ms ir raumen\u0173 aktyvinimo pratimams."},{"@type":"BreadcrumbList","@id":"https:\/\/gymfactory.eu\/lt\/produktas\/z16xx-glute-drive-masina\/#breadcrumb","itemListElement":[{"@type":"ListItem","position":1,"name":"Pagrindinis","item":"https:\/\/gymfactory.eu\/lt\/"},{"@type":"ListItem","position":2,"name":"Katalogas","item":"https:\/\/gymfactory.eu\/lt\/katalogas\/"},{"@type":"ListItem","position":3,"name":"Z16XX S\u0117dmen\u0173 treniruoklis"}]},{"@type":"WebSite","@id":"https:\/\/gymfactory.eu\/lt\/#website","url":"https:\/\/gymfactory.eu\/lt\/","name":"Gym Factory","description":"","publisher":{"@id":"https:\/\/gymfactory.eu\/lt\/#organization"},"potentialAction":[{"@type":"SearchAction","target":{"@type":"EntryPoint","urlTemplate":"https:\/\/gymfactory.eu\/lt\/?s={search_term_string}"},"query-input":{"@type":"PropertyValueSpecification","valueRequired":true,"valueName":"search_term_string"}}],"inLanguage":"lt-LT"},{"@type":"Organization","@id":"https:\/\/gymfactory.eu\/lt\/#organization","name":"Sporto sal\u0117s gamykla","url":"https:\/\/gymfactory.eu\/lt\/","logo":{"@type":"ImageObject","inLanguage":"lt-LT","@id":"https:\/\/gymfactory.eu\/lt\/#\/schema\/logo\/image\/","url":"https:\/\/gymfactory.eu\/wp-content\/uploads\/2024\/11\/Component-1.svg","contentUrl":"https:\/\/gymfactory.eu\/wp-content\/uploads\/2024\/11\/Component-1.svg","width":54,"height":44,"caption":"Sporto sal\u0117s gamykla"},"image":{"@id":"https:\/\/gymfactory.eu\/lt\/#\/schema\/logo\/image\/"}}]}},"_links":{"self":[{"href":"https:\/\/gymfactory.eu\/lt\/wp-json\/wp\/v2\/product\/10557","targetHints":{"allow":["GET"]}}],"collection":[{"href":"https:\/\/gymfactory.eu\/lt\/wp-json\/wp\/v2\/product"}],"about":[{"href":"https:\/\/gymfactory.eu\/lt\/wp-json\/wp\/v2\/types\/product"}],"wp:featuredmedia":[{"embeddable":true,"href":"https:\/\/gymfactory.eu\/lt\/wp-json\/wp\/v2\/media\/8249"}],"wp:attachment":[{"href":"https:\/\/gymfactory.eu\/lt\/wp-json\/wp\/v2\/media?parent=10557"}],"wp:term":[{"taxonomy":"product_brand","embeddable":true,"href":"https:\/\/gymfactory.eu\/lt\/wp-json\/wp\/v2\/product_brand?post=10557"},{"taxonomy":"product_cat","embeddable":true,"href":"https:\/\/gymfactory.eu\/lt\/wp-json\/wp\/v2\/product_cat?post=10557"},{"taxonomy":"product_tag","embeddable":true,"href":"https:\/\/gymfactory.eu\/lt\/wp-json\/wp\/v2\/product_tag?post=10557"}],"curies":[{"name":"wp","href":"https:\/\/api.w.org\/{rel}","templated":true}]}}