{"id":10554,"date":"2025-02-05T09:02:11","date_gmt":"2025-02-05T07:02:11","guid":{"rendered":"https:\/\/gymfactory.eu\/product\/z16xg-stovintis-klubu-traukos-aparatas\/"},"modified":"2025-11-21T15:54:32","modified_gmt":"2025-11-21T13:54:32","slug":"z16xg-stovintis-klubu-traukos-aparatas","status":"publish","type":"product","link":"https:\/\/gymfactory.eu\/lt\/produktas\/z16xg-stovintis-klubu-traukos-aparatas\/","title":{"rendered":"Z16XG S\u0117dmen\u0173 treniruoklis"},"content":{"rendered":"<p>Z16XG \u2013 tai treniruoklis, skirtas tikslingai treniruoti apatin\u0119 k\u016bno dal\u012f, ypa\u010d s\u0117dmenis, atliekant pratimus stovimoje pad\u0117tyje. Tvirta konstrukcija, pamink\u0161tintos atramos ir reguliuojami komponentai u\u017etikrina saug\u0173, stabil\u0173 jud\u0117jim\u0105.<\/p>\n<p>Pratimai atliekami stovint, tod\u0117l i\u0161laikoma nat\u016brali k\u016bno laikysena ir geresn\u0117 judesio kontrol\u0117. Treniruoklis leid\u017eia atlikti stovimus klub\u0173 st\u016bmimus ir s\u0117dmen\u0173 suspaudimus, kurie stiprina s\u0117dmenis bei gerina klubo s\u0105nari\u0173 stabilum\u0105.<\/p>\n<p>\u012eranga turi reguliuojamas koj\u0173 atramas, s\u0117dyn\u0117s auk\u0161\u010dio nustatym\u0105 bei tvirtinimo ta\u0161kus pasiprie\u0161inimo gumoms, kad b\u016bt\u0173 galima keisti kr\u016bv\u012f ir \u012fvairov\u0119 treniruot\u0117je.<\/p>\n<p>Z16XG \u2013 prakti\u0161kas sprendimas siekiantiems efektyvios s\u0117dmen\u0173 ir apatini\u0173 k\u016bno raumen\u0173 treniruot\u0117s tiek namuose, tiek profesionalioje sporto sal\u0117je.<\/p>\n\n    <div class=\"xs_social_share_widget xs_share_url after_content \t\tmain_content  wslu-style-1 wslu-share-box-shaped wslu-fill-colored wslu-none wslu-share-horizontal wslu-theme-font-no wslu-main_content\">\n\n\t\t\n        <ul>\n\t\t\t        <\/ul>\n    <\/div> \n","protected":false},"excerpt":{"rendered":"<p>Z16XG \u2013 tai treniruoklis, skirtas tikslingai treniruoti apatin\u0119 k\u016bno dal\u012f, ypa\u010d s\u0117dmenis, atliekant pratimus stovimoje pad\u0117tyje. Tvirta konstrukcija, pamink\u0161tintos atramos ir reguliuojami komponentai u\u017etikrina saug\u0173, stabil\u0173 jud\u0117jim\u0105. Pratimai atliekami stovint, tod\u0117l i\u0161laikoma nat\u016brali k\u016bno laikysena ir geresn\u0117 judesio kontrol\u0117. Treniruoklis leid\u017eia atlikti stovimus klub\u0173 st\u016bmimus ir s\u0117dmen\u0173 suspaudimus, kurie stiprina s\u0117dmenis bei gerina klubo s\u0105nari\u0173 [&hellip;]<\/p>\n","protected":false},"featured_media":8250,"template":"","meta":{"_acf_changed":false},"product_brand":[817],"product_cat":[421],"product_tag":[],"class_list":{"0":"post-10554","1":"product","2":"type-product","3":"status-publish","4":"has-post-thumbnail","6":"product_brand-gym-factory-lt","7":"product_cat-laisvu-svoriu-treniruokliai","9":"first","10":"onbackorder","11":"taxable","12":"shipping-taxable","13":"purchasable","14":"product-type-variable","15":"has-default-attributes"},"acf":[],"yoast_head":"<!-- This site is optimized with the Yoast SEO plugin v25.2 - https:\/\/yoast.com\/wordpress\/plugins\/seo\/ -->\n<title>Z16XG klub\u0173 traukos ma\u0161ina | Sporto sal\u0117s \u012franga, skirta j\u0117gai<\/title>\n<meta name=\"description\" content=\"Reikia galing\u0173 s\u0117dmen\u0173 treniruo\u010di\u0173? &quot;Z16XG Hip Thrust Machine&quot; - tai treniruokli\u0173 sal\u0117s \u012franga, sukurta siekiant u\u017etikrinti j\u0117g\u0105, stabilum\u0105 ir na\u0161um\u0105 bet kurioje komercin\u0117je ar nam\u0173 aplinkoje.\" \/>\n<meta name=\"robots\" content=\"index, follow, max-snippet:-1, max-image-preview:large, max-video-preview:-1\" \/>\n<link rel=\"canonical\" href=\"https:\/\/gymfactory.eu\/lt\/produktas\/z16xg-stovintis-klubu-traukos-aparatas\/\" \/>\n<meta property=\"og:locale\" content=\"lt_LT\" \/>\n<meta property=\"og:type\" content=\"article\" \/>\n<meta property=\"og:title\" content=\"Z16XG klub\u0173 traukos ma\u0161ina | Sporto sal\u0117s \u012franga, skirta j\u0117gai\" \/>\n<meta property=\"og:description\" content=\"Reikia galing\u0173 s\u0117dmen\u0173 treniruo\u010di\u0173? &quot;Z16XG Hip Thrust Machine&quot; - tai treniruokli\u0173 sal\u0117s \u012franga, sukurta siekiant u\u017etikrinti j\u0117g\u0105, stabilum\u0105 ir na\u0161um\u0105 bet kurioje komercin\u0117je ar nam\u0173 aplinkoje.\" \/>\n<meta property=\"og:url\" content=\"https:\/\/gymfactory.eu\/lt\/produktas\/z16xg-stovintis-klubu-traukos-aparatas\/\" \/>\n<meta property=\"og:site_name\" content=\"Gym Factory\" \/>\n<meta property=\"article:modified_time\" content=\"2025-11-21T13:54:32+00:00\" \/>\n<meta property=\"og:image\" content=\"https:\/\/gymfactory.eu\/wp-content\/uploads\/2025\/02\/gym-machine-Z16XG-standing-hip-thrust-side-view-1.webp\" \/>\n\t<meta property=\"og:image:width\" content=\"1500\" \/>\n\t<meta property=\"og:image:height\" content=\"1500\" \/>\n\t<meta property=\"og:image:type\" content=\"image\/webp\" \/>\n<meta name=\"twitter:card\" content=\"summary_large_image\" \/>\n<meta name=\"twitter:label1\" content=\"Est. reading time\" \/>\n\t<meta name=\"twitter:data1\" content=\"1 minut\u0117\" \/>\n<script type=\"application\/ld+json\" class=\"yoast-schema-graph\">{\"@context\":\"https:\/\/schema.org\",\"@graph\":[{\"@type\":\"WebPage\",\"@id\":\"https:\/\/gymfactory.eu\/lt\/produktas\/z16xg-stovintis-klubu-traukos-aparatas\/\",\"url\":\"https:\/\/gymfactory.eu\/lt\/produktas\/z16xg-stovintis-klubu-traukos-aparatas\/\",\"name\":\"Z16XG klub\u0173 traukos ma\u0161ina | Sporto sal\u0117s \u012franga, skirta j\u0117gai\",\"isPartOf\":{\"@id\":\"https:\/\/gymfactory.eu\/lt\/#website\"},\"primaryImageOfPage\":{\"@id\":\"https:\/\/gymfactory.eu\/lt\/produktas\/z16xg-stovintis-klubu-traukos-aparatas\/#primaryimage\"},\"image\":{\"@id\":\"https:\/\/gymfactory.eu\/lt\/produktas\/z16xg-stovintis-klubu-traukos-aparatas\/#primaryimage\"},\"thumbnailUrl\":\"https:\/\/gymfactory.eu\/wp-content\/uploads\/2025\/02\/gym-machine-Z16XG-standing-hip-thrust-side-view-1.webp\",\"datePublished\":\"2025-02-05T07:02:11+00:00\",\"dateModified\":\"2025-11-21T13:54:32+00:00\",\"description\":\"Reikia galing\u0173 s\u0117dmen\u0173 treniruo\u010di\u0173? \\\"Z16XG Hip Thrust Machine\\\" - tai treniruokli\u0173 sal\u0117s \u012franga, sukurta siekiant u\u017etikrinti j\u0117g\u0105, stabilum\u0105 ir na\u0161um\u0105 bet kurioje komercin\u0117je ar nam\u0173 aplinkoje.\",\"breadcrumb\":{\"@id\":\"https:\/\/gymfactory.eu\/lt\/produktas\/z16xg-stovintis-klubu-traukos-aparatas\/#breadcrumb\"},\"inLanguage\":\"lt-LT\",\"potentialAction\":[{\"@type\":\"ReadAction\",\"target\":[\"https:\/\/gymfactory.eu\/lt\/produktas\/z16xg-stovintis-klubu-traukos-aparatas\/\"]}]},{\"@type\":\"ImageObject\",\"inLanguage\":\"lt-LT\",\"@id\":\"https:\/\/gymfactory.eu\/lt\/produktas\/z16xg-stovintis-klubu-traukos-aparatas\/#primaryimage\",\"url\":\"https:\/\/gymfactory.eu\/wp-content\/uploads\/2025\/02\/gym-machine-Z16XG-standing-hip-thrust-side-view-1.webp\",\"contentUrl\":\"https:\/\/gymfactory.eu\/wp-content\/uploads\/2025\/02\/gym-machine-Z16XG-standing-hip-thrust-side-view-1.webp\",\"width\":1500,\"height\":1500,\"caption\":\"I\u0161 \u0161onin\u0117s Z16XG treniruoklio perspektyvos matyti kampuotas r\u0117mas, pamink\u0161tinta atrama ir svori\u0173 krovimo sistema. \u0160is treniruoklis sukurtas veiksmingai s\u0117dmen\u0173 ir str\u0117n\u0173 raumen\u0173 treniruotei, tod\u0117l puikiai tinka sporto sal\u0117s aplinkoje.\"},{\"@type\":\"BreadcrumbList\",\"@id\":\"https:\/\/gymfactory.eu\/lt\/produktas\/z16xg-stovintis-klubu-traukos-aparatas\/#breadcrumb\",\"itemListElement\":[{\"@type\":\"ListItem\",\"position\":1,\"name\":\"Pagrindinis\",\"item\":\"https:\/\/gymfactory.eu\/lt\/\"},{\"@type\":\"ListItem\",\"position\":2,\"name\":\"Katalogas\",\"item\":\"https:\/\/gymfactory.eu\/lt\/katalogas\/\"},{\"@type\":\"ListItem\",\"position\":3,\"name\":\"Z16XG S\u0117dmen\u0173 treniruoklis\"}]},{\"@type\":\"WebSite\",\"@id\":\"https:\/\/gymfactory.eu\/lt\/#website\",\"url\":\"https:\/\/gymfactory.eu\/lt\/\",\"name\":\"Gym Factory\",\"description\":\"\",\"publisher\":{\"@id\":\"https:\/\/gymfactory.eu\/lt\/#organization\"},\"potentialAction\":[{\"@type\":\"SearchAction\",\"target\":{\"@type\":\"EntryPoint\",\"urlTemplate\":\"https:\/\/gymfactory.eu\/lt\/?s={search_term_string}\"},\"query-input\":{\"@type\":\"PropertyValueSpecification\",\"valueRequired\":true,\"valueName\":\"search_term_string\"}}],\"inLanguage\":\"lt-LT\"},{\"@type\":\"Organization\",\"@id\":\"https:\/\/gymfactory.eu\/lt\/#organization\",\"name\":\"Sporto sal\u0117s gamykla\",\"url\":\"https:\/\/gymfactory.eu\/lt\/\",\"logo\":{\"@type\":\"ImageObject\",\"inLanguage\":\"lt-LT\",\"@id\":\"https:\/\/gymfactory.eu\/lt\/#\/schema\/logo\/image\/\",\"url\":\"https:\/\/gymfactory.eu\/wp-content\/uploads\/2024\/11\/Component-1.svg\",\"contentUrl\":\"https:\/\/gymfactory.eu\/wp-content\/uploads\/2024\/11\/Component-1.svg\",\"width\":54,\"height\":44,\"caption\":\"Sporto sal\u0117s gamykla\"},\"image\":{\"@id\":\"https:\/\/gymfactory.eu\/lt\/#\/schema\/logo\/image\/\"}}]}<\/script>\n<!-- \/ Yoast SEO plugin. -->","yoast_head_json":{"title":"Z16XG klub\u0173 traukos ma\u0161ina | Sporto sal\u0117s \u012franga, skirta j\u0117gai","description":"Reikia galing\u0173 s\u0117dmen\u0173 treniruo\u010di\u0173? \"Z16XG Hip Thrust Machine\" - tai treniruokli\u0173 sal\u0117s \u012franga, sukurta siekiant u\u017etikrinti j\u0117g\u0105, stabilum\u0105 ir na\u0161um\u0105 bet kurioje komercin\u0117je ar nam\u0173 aplinkoje.","robots":{"index":"index","follow":"follow","max-snippet":"max-snippet:-1","max-image-preview":"max-image-preview:large","max-video-preview":"max-video-preview:-1"},"canonical":"https:\/\/gymfactory.eu\/lt\/produktas\/z16xg-stovintis-klubu-traukos-aparatas\/","og_locale":"lt_LT","og_type":"article","og_title":"Z16XG klub\u0173 traukos ma\u0161ina | Sporto sal\u0117s \u012franga, skirta j\u0117gai","og_description":"Reikia galing\u0173 s\u0117dmen\u0173 treniruo\u010di\u0173? \"Z16XG Hip Thrust Machine\" - tai treniruokli\u0173 sal\u0117s \u012franga, sukurta siekiant u\u017etikrinti j\u0117g\u0105, stabilum\u0105 ir na\u0161um\u0105 bet kurioje komercin\u0117je ar nam\u0173 aplinkoje.","og_url":"https:\/\/gymfactory.eu\/lt\/produktas\/z16xg-stovintis-klubu-traukos-aparatas\/","og_site_name":"Gym Factory","article_modified_time":"2025-11-21T13:54:32+00:00","og_image":[{"width":1500,"height":1500,"url":"https:\/\/gymfactory.eu\/wp-content\/uploads\/2025\/02\/gym-machine-Z16XG-standing-hip-thrust-side-view-1.webp","type":"image\/webp"}],"twitter_card":"summary_large_image","twitter_misc":{"Est. reading time":"1 minut\u0117"},"schema":{"@context":"https:\/\/schema.org","@graph":[{"@type":"WebPage","@id":"https:\/\/gymfactory.eu\/lt\/produktas\/z16xg-stovintis-klubu-traukos-aparatas\/","url":"https:\/\/gymfactory.eu\/lt\/produktas\/z16xg-stovintis-klubu-traukos-aparatas\/","name":"Z16XG klub\u0173 traukos ma\u0161ina | Sporto sal\u0117s \u012franga, skirta j\u0117gai","isPartOf":{"@id":"https:\/\/gymfactory.eu\/lt\/#website"},"primaryImageOfPage":{"@id":"https:\/\/gymfactory.eu\/lt\/produktas\/z16xg-stovintis-klubu-traukos-aparatas\/#primaryimage"},"image":{"@id":"https:\/\/gymfactory.eu\/lt\/produktas\/z16xg-stovintis-klubu-traukos-aparatas\/#primaryimage"},"thumbnailUrl":"https:\/\/gymfactory.eu\/wp-content\/uploads\/2025\/02\/gym-machine-Z16XG-standing-hip-thrust-side-view-1.webp","datePublished":"2025-02-05T07:02:11+00:00","dateModified":"2025-11-21T13:54:32+00:00","description":"Reikia galing\u0173 s\u0117dmen\u0173 treniruo\u010di\u0173? \"Z16XG Hip Thrust Machine\" - tai treniruokli\u0173 sal\u0117s \u012franga, sukurta siekiant u\u017etikrinti j\u0117g\u0105, stabilum\u0105 ir na\u0161um\u0105 bet kurioje komercin\u0117je ar nam\u0173 aplinkoje.","breadcrumb":{"@id":"https:\/\/gymfactory.eu\/lt\/produktas\/z16xg-stovintis-klubu-traukos-aparatas\/#breadcrumb"},"inLanguage":"lt-LT","potentialAction":[{"@type":"ReadAction","target":["https:\/\/gymfactory.eu\/lt\/produktas\/z16xg-stovintis-klubu-traukos-aparatas\/"]}]},{"@type":"ImageObject","inLanguage":"lt-LT","@id":"https:\/\/gymfactory.eu\/lt\/produktas\/z16xg-stovintis-klubu-traukos-aparatas\/#primaryimage","url":"https:\/\/gymfactory.eu\/wp-content\/uploads\/2025\/02\/gym-machine-Z16XG-standing-hip-thrust-side-view-1.webp","contentUrl":"https:\/\/gymfactory.eu\/wp-content\/uploads\/2025\/02\/gym-machine-Z16XG-standing-hip-thrust-side-view-1.webp","width":1500,"height":1500,"caption":"I\u0161 \u0161onin\u0117s Z16XG treniruoklio perspektyvos matyti kampuotas r\u0117mas, pamink\u0161tinta atrama ir svori\u0173 krovimo sistema. \u0160is treniruoklis sukurtas veiksmingai s\u0117dmen\u0173 ir str\u0117n\u0173 raumen\u0173 treniruotei, tod\u0117l puikiai tinka sporto sal\u0117s aplinkoje."},{"@type":"BreadcrumbList","@id":"https:\/\/gymfactory.eu\/lt\/produktas\/z16xg-stovintis-klubu-traukos-aparatas\/#breadcrumb","itemListElement":[{"@type":"ListItem","position":1,"name":"Pagrindinis","item":"https:\/\/gymfactory.eu\/lt\/"},{"@type":"ListItem","position":2,"name":"Katalogas","item":"https:\/\/gymfactory.eu\/lt\/katalogas\/"},{"@type":"ListItem","position":3,"name":"Z16XG S\u0117dmen\u0173 treniruoklis"}]},{"@type":"WebSite","@id":"https:\/\/gymfactory.eu\/lt\/#website","url":"https:\/\/gymfactory.eu\/lt\/","name":"Gym Factory","description":"","publisher":{"@id":"https:\/\/gymfactory.eu\/lt\/#organization"},"potentialAction":[{"@type":"SearchAction","target":{"@type":"EntryPoint","urlTemplate":"https:\/\/gymfactory.eu\/lt\/?s={search_term_string}"},"query-input":{"@type":"PropertyValueSpecification","valueRequired":true,"valueName":"search_term_string"}}],"inLanguage":"lt-LT"},{"@type":"Organization","@id":"https:\/\/gymfactory.eu\/lt\/#organization","name":"Sporto sal\u0117s gamykla","url":"https:\/\/gymfactory.eu\/lt\/","logo":{"@type":"ImageObject","inLanguage":"lt-LT","@id":"https:\/\/gymfactory.eu\/lt\/#\/schema\/logo\/image\/","url":"https:\/\/gymfactory.eu\/wp-content\/uploads\/2024\/11\/Component-1.svg","contentUrl":"https:\/\/gymfactory.eu\/wp-content\/uploads\/2024\/11\/Component-1.svg","width":54,"height":44,"caption":"Sporto sal\u0117s gamykla"},"image":{"@id":"https:\/\/gymfactory.eu\/lt\/#\/schema\/logo\/image\/"}}]}},"_links":{"self":[{"href":"https:\/\/gymfactory.eu\/lt\/wp-json\/wp\/v2\/product\/10554","targetHints":{"allow":["GET"]}}],"collection":[{"href":"https:\/\/gymfactory.eu\/lt\/wp-json\/wp\/v2\/product"}],"about":[{"href":"https:\/\/gymfactory.eu\/lt\/wp-json\/wp\/v2\/types\/product"}],"wp:featuredmedia":[{"embeddable":true,"href":"https:\/\/gymfactory.eu\/lt\/wp-json\/wp\/v2\/media\/8250"}],"wp:attachment":[{"href":"https:\/\/gymfactory.eu\/lt\/wp-json\/wp\/v2\/media?parent=10554"}],"wp:term":[{"taxonomy":"product_brand","embeddable":true,"href":"https:\/\/gymfactory.eu\/lt\/wp-json\/wp\/v2\/product_brand?post=10554"},{"taxonomy":"product_cat","embeddable":true,"href":"https:\/\/gymfactory.eu\/lt\/wp-json\/wp\/v2\/product_cat?post=10554"},{"taxonomy":"product_tag","embeddable":true,"href":"https:\/\/gymfactory.eu\/lt\/wp-json\/wp\/v2\/product_tag?post=10554"}],"curies":[{"name":"wp","href":"https:\/\/api.w.org\/{rel}","templated":true}]}}