{"id":10546,"date":"2025-02-05T13:22:08","date_gmt":"2025-02-05T11:22:08","guid":{"rendered":"https:\/\/gymfactory.eu\/product\/e2-abs-treniruociu-masina\/"},"modified":"2025-12-02T13:32:00","modified_gmt":"2025-12-02T11:32:00","slug":"e2-abs-treniruociu-masina","status":"publish","type":"product","link":"https:\/\/gymfactory.eu\/lt\/produktas\/e2-abs-treniruociu-masina\/","title":{"rendered":"E2 Pilvo preso treniruoklis"},"content":{"rendered":"<p>E2 \u2013 tai j\u0117gos treniruo\u010di\u0173 treniruoklis, skirtas saugiai ir tiksliai lavinti pilvo pres\u0105. Jis u\u017etikrina valdom\u0105 pasiprie\u0161inim\u0105, padedant\u012f efektyviai \u012fjungti pilvo raumenis atliekant atsilenkimo judes\u012f.<\/p>\n<p>Treniruoklis naudojamas atsilenkimams su svoriu \u2013 pagrindinis kr\u016bvis tenka tiesiesiems pilvo raumenims, ta\u010diau \u012fsitraukia ir \u012fstri\u017einiai raumenys bei klub\u0173 lenkiamieji.<\/p>\n<p>Koj\u0173 atramos pad\u0117tis reguliuojama, tod\u0117l treniruokl\u012f galima lengvai pritaikyti skirtingo \u016bgio naudotojams ir i\u0161laikyti taisykling\u0105 k\u016bno pad\u0117t\u012f. Ai\u0161kiai jau\u010diama \u012ftampa viso pratimo metu leid\u017eia maksimaliai susitelkti \u012f pilvo preso raumen\u0173 darb\u0105.<\/p>\n\n    <div class=\"xs_social_share_widget xs_share_url after_content \t\tmain_content  wslu-style-1 wslu-share-box-shaped wslu-fill-colored wslu-none wslu-share-horizontal wslu-theme-font-no wslu-main_content\">\n\n\t\t\n        <ul>\n\t\t\t        <\/ul>\n    <\/div> \n","protected":false},"excerpt":{"rendered":"<p>E2 \u2013 tai j\u0117gos treniruo\u010di\u0173 treniruoklis, skirtas saugiai ir tiksliai lavinti pilvo pres\u0105. Jis u\u017etikrina valdom\u0105 pasiprie\u0161inim\u0105, padedant\u012f efektyviai \u012fjungti pilvo raumenis atliekant atsilenkimo judes\u012f. Treniruoklis naudojamas atsilenkimams su svoriu \u2013 pagrindinis kr\u016bvis tenka tiesiesiems pilvo raumenims, ta\u010diau \u012fsitraukia ir \u012fstri\u017einiai raumenys bei klub\u0173 lenkiamieji. Koj\u0173 atramos pad\u0117tis reguliuojama, tod\u0117l treniruokl\u012f galima lengvai pritaikyti skirtingo [&hellip;]<\/p>\n","protected":false},"featured_media":8787,"template":"","meta":{"_acf_changed":false},"product_brand":[817],"product_cat":[466],"product_tag":[],"class_list":{"0":"post-10546","1":"product","2":"type-product","3":"status-publish","4":"has-post-thumbnail","6":"product_brand-gym-factory-lt","7":"product_cat-blokiniai-treniruokliai","9":"first","10":"onbackorder","11":"taxable","12":"shipping-taxable","13":"purchasable","14":"product-type-variable","15":"has-default-attributes"},"acf":[],"yoast_head":"<!-- This site is optimized with the Yoast SEO plugin v25.2 - https:\/\/yoast.com\/wordpress\/plugins\/seo\/ -->\n<title>&quot;E2 Abs&quot; treniruo\u010di\u0173 ma\u0161ina, skirta j\u0117gos treniruot\u0117ms<\/title>\n<meta name=\"description\" content=\"Norite sustiprinti pagrindin\u0119 j\u0117g\u0105? &quot;E2 Abs&quot; treniruoklis skirtas kontroliuojamiems, veiksmingiems pilvo pratimams ir j\u0117gos treniruot\u0117ms.\" \/>\n<meta name=\"robots\" content=\"index, follow, max-snippet:-1, max-image-preview:large, max-video-preview:-1\" \/>\n<link rel=\"canonical\" href=\"https:\/\/gymfactory.eu\/lt\/produktas\/e2-abs-treniruociu-masina\/\" \/>\n<meta property=\"og:locale\" content=\"lt_LT\" \/>\n<meta property=\"og:type\" content=\"article\" \/>\n<meta property=\"og:title\" content=\"&quot;E2 Abs&quot; treniruo\u010di\u0173 ma\u0161ina, skirta j\u0117gos treniruot\u0117ms\" \/>\n<meta property=\"og:description\" content=\"Norite sustiprinti pagrindin\u0119 j\u0117g\u0105? &quot;E2 Abs&quot; treniruoklis skirtas kontroliuojamiems, veiksmingiems pilvo pratimams ir j\u0117gos treniruot\u0117ms.\" \/>\n<meta property=\"og:url\" content=\"https:\/\/gymfactory.eu\/lt\/produktas\/e2-abs-treniruociu-masina\/\" \/>\n<meta property=\"og:site_name\" content=\"Gym Factory\" \/>\n<meta property=\"article:modified_time\" content=\"2025-12-02T11:32:00+00:00\" \/>\n<meta property=\"og:image\" content=\"https:\/\/gymfactory.eu\/wp-content\/uploads\/2025\/02\/gym-machine-ab-crunch-leg-raise-side-angle-1.webp\" \/>\n\t<meta property=\"og:image:width\" content=\"1500\" \/>\n\t<meta property=\"og:image:height\" content=\"1500\" \/>\n\t<meta property=\"og:image:type\" content=\"image\/webp\" \/>\n<meta name=\"twitter:card\" content=\"summary_large_image\" \/>\n<meta name=\"twitter:label1\" content=\"Est. reading time\" \/>\n\t<meta name=\"twitter:data1\" content=\"1 minut\u0117\" \/>\n<script type=\"application\/ld+json\" class=\"yoast-schema-graph\">{\"@context\":\"https:\/\/schema.org\",\"@graph\":[{\"@type\":\"WebPage\",\"@id\":\"https:\/\/gymfactory.eu\/lt\/produktas\/e2-abs-treniruociu-masina\/\",\"url\":\"https:\/\/gymfactory.eu\/lt\/produktas\/e2-abs-treniruociu-masina\/\",\"name\":\"\\\"E2 Abs\\\" treniruo\u010di\u0173 ma\u0161ina, skirta j\u0117gos treniruot\u0117ms\",\"isPartOf\":{\"@id\":\"https:\/\/gymfactory.eu\/lt\/#website\"},\"primaryImageOfPage\":{\"@id\":\"https:\/\/gymfactory.eu\/lt\/produktas\/e2-abs-treniruociu-masina\/#primaryimage\"},\"image\":{\"@id\":\"https:\/\/gymfactory.eu\/lt\/produktas\/e2-abs-treniruociu-masina\/#primaryimage\"},\"thumbnailUrl\":\"https:\/\/gymfactory.eu\/wp-content\/uploads\/2025\/02\/gym-machine-ab-crunch-leg-raise-side-angle-1.webp\",\"datePublished\":\"2025-02-05T11:22:08+00:00\",\"dateModified\":\"2025-12-02T11:32:00+00:00\",\"description\":\"Norite sustiprinti pagrindin\u0119 j\u0117g\u0105? \\\"E2 Abs\\\" treniruoklis skirtas kontroliuojamiems, veiksmingiems pilvo pratimams ir j\u0117gos treniruot\u0117ms.\",\"breadcrumb\":{\"@id\":\"https:\/\/gymfactory.eu\/lt\/produktas\/e2-abs-treniruociu-masina\/#breadcrumb\"},\"inLanguage\":\"lt-LT\",\"potentialAction\":[{\"@type\":\"ReadAction\",\"target\":[\"https:\/\/gymfactory.eu\/lt\/produktas\/e2-abs-treniruociu-masina\/\"]}]},{\"@type\":\"ImageObject\",\"inLanguage\":\"lt-LT\",\"@id\":\"https:\/\/gymfactory.eu\/lt\/produktas\/e2-abs-treniruociu-masina\/#primaryimage\",\"url\":\"https:\/\/gymfactory.eu\/wp-content\/uploads\/2025\/02\/gym-machine-ab-crunch-leg-raise-side-angle-1.webp\",\"contentUrl\":\"https:\/\/gymfactory.eu\/wp-content\/uploads\/2025\/02\/gym-machine-ab-crunch-leg-raise-side-angle-1.webp\",\"width\":1500,\"height\":1500,\"caption\":\"Sporto treniruoklio \\\"Ab Crunch\\\" ir koj\u0173 k\u0117limo treniruoklio \u0161oninis kampas, rodantis jo ergonomi\u0161k\u0105 dizain\u0105. Raudonos spalvos pamink\u0161tinimas u\u017etikrina komfort\u0105, o plieninis r\u0117mas - ilgaam\u017ei\u0161kum\u0105. \u0160iame treniruoklyje \u012frengta pasiprie\u0161inimo treniruot\u0117ms skirta svori\u0173 lentyn\u0117l\u0117 ir jis puikiai tinka pilvo presui ir klub\u0173 lenkiamiesiems raumenims treniruoti.\"},{\"@type\":\"BreadcrumbList\",\"@id\":\"https:\/\/gymfactory.eu\/lt\/produktas\/e2-abs-treniruociu-masina\/#breadcrumb\",\"itemListElement\":[{\"@type\":\"ListItem\",\"position\":1,\"name\":\"Pagrindinis\",\"item\":\"https:\/\/gymfactory.eu\/lt\/\"},{\"@type\":\"ListItem\",\"position\":2,\"name\":\"Katalogas\",\"item\":\"https:\/\/gymfactory.eu\/lt\/katalogas\/\"},{\"@type\":\"ListItem\",\"position\":3,\"name\":\"E2 Pilvo preso treniruoklis\"}]},{\"@type\":\"WebSite\",\"@id\":\"https:\/\/gymfactory.eu\/lt\/#website\",\"url\":\"https:\/\/gymfactory.eu\/lt\/\",\"name\":\"Gym Factory\",\"description\":\"\",\"publisher\":{\"@id\":\"https:\/\/gymfactory.eu\/lt\/#organization\"},\"potentialAction\":[{\"@type\":\"SearchAction\",\"target\":{\"@type\":\"EntryPoint\",\"urlTemplate\":\"https:\/\/gymfactory.eu\/lt\/?s={search_term_string}\"},\"query-input\":{\"@type\":\"PropertyValueSpecification\",\"valueRequired\":true,\"valueName\":\"search_term_string\"}}],\"inLanguage\":\"lt-LT\"},{\"@type\":\"Organization\",\"@id\":\"https:\/\/gymfactory.eu\/lt\/#organization\",\"name\":\"Sporto sal\u0117s gamykla\",\"url\":\"https:\/\/gymfactory.eu\/lt\/\",\"logo\":{\"@type\":\"ImageObject\",\"inLanguage\":\"lt-LT\",\"@id\":\"https:\/\/gymfactory.eu\/lt\/#\/schema\/logo\/image\/\",\"url\":\"https:\/\/gymfactory.eu\/wp-content\/uploads\/2024\/11\/Component-1.svg\",\"contentUrl\":\"https:\/\/gymfactory.eu\/wp-content\/uploads\/2024\/11\/Component-1.svg\",\"width\":54,\"height\":44,\"caption\":\"Sporto sal\u0117s gamykla\"},\"image\":{\"@id\":\"https:\/\/gymfactory.eu\/lt\/#\/schema\/logo\/image\/\"}}]}<\/script>\n<!-- \/ Yoast SEO plugin. -->","yoast_head_json":{"title":"\"E2 Abs\" treniruo\u010di\u0173 ma\u0161ina, skirta j\u0117gos treniruot\u0117ms","description":"Norite sustiprinti pagrindin\u0119 j\u0117g\u0105? \"E2 Abs\" treniruoklis skirtas kontroliuojamiems, veiksmingiems pilvo pratimams ir j\u0117gos treniruot\u0117ms.","robots":{"index":"index","follow":"follow","max-snippet":"max-snippet:-1","max-image-preview":"max-image-preview:large","max-video-preview":"max-video-preview:-1"},"canonical":"https:\/\/gymfactory.eu\/lt\/produktas\/e2-abs-treniruociu-masina\/","og_locale":"lt_LT","og_type":"article","og_title":"\"E2 Abs\" treniruo\u010di\u0173 ma\u0161ina, skirta j\u0117gos treniruot\u0117ms","og_description":"Norite sustiprinti pagrindin\u0119 j\u0117g\u0105? \"E2 Abs\" treniruoklis skirtas kontroliuojamiems, veiksmingiems pilvo pratimams ir j\u0117gos treniruot\u0117ms.","og_url":"https:\/\/gymfactory.eu\/lt\/produktas\/e2-abs-treniruociu-masina\/","og_site_name":"Gym Factory","article_modified_time":"2025-12-02T11:32:00+00:00","og_image":[{"width":1500,"height":1500,"url":"https:\/\/gymfactory.eu\/wp-content\/uploads\/2025\/02\/gym-machine-ab-crunch-leg-raise-side-angle-1.webp","type":"image\/webp"}],"twitter_card":"summary_large_image","twitter_misc":{"Est. reading time":"1 minut\u0117"},"schema":{"@context":"https:\/\/schema.org","@graph":[{"@type":"WebPage","@id":"https:\/\/gymfactory.eu\/lt\/produktas\/e2-abs-treniruociu-masina\/","url":"https:\/\/gymfactory.eu\/lt\/produktas\/e2-abs-treniruociu-masina\/","name":"\"E2 Abs\" treniruo\u010di\u0173 ma\u0161ina, skirta j\u0117gos treniruot\u0117ms","isPartOf":{"@id":"https:\/\/gymfactory.eu\/lt\/#website"},"primaryImageOfPage":{"@id":"https:\/\/gymfactory.eu\/lt\/produktas\/e2-abs-treniruociu-masina\/#primaryimage"},"image":{"@id":"https:\/\/gymfactory.eu\/lt\/produktas\/e2-abs-treniruociu-masina\/#primaryimage"},"thumbnailUrl":"https:\/\/gymfactory.eu\/wp-content\/uploads\/2025\/02\/gym-machine-ab-crunch-leg-raise-side-angle-1.webp","datePublished":"2025-02-05T11:22:08+00:00","dateModified":"2025-12-02T11:32:00+00:00","description":"Norite sustiprinti pagrindin\u0119 j\u0117g\u0105? \"E2 Abs\" treniruoklis skirtas kontroliuojamiems, veiksmingiems pilvo pratimams ir j\u0117gos treniruot\u0117ms.","breadcrumb":{"@id":"https:\/\/gymfactory.eu\/lt\/produktas\/e2-abs-treniruociu-masina\/#breadcrumb"},"inLanguage":"lt-LT","potentialAction":[{"@type":"ReadAction","target":["https:\/\/gymfactory.eu\/lt\/produktas\/e2-abs-treniruociu-masina\/"]}]},{"@type":"ImageObject","inLanguage":"lt-LT","@id":"https:\/\/gymfactory.eu\/lt\/produktas\/e2-abs-treniruociu-masina\/#primaryimage","url":"https:\/\/gymfactory.eu\/wp-content\/uploads\/2025\/02\/gym-machine-ab-crunch-leg-raise-side-angle-1.webp","contentUrl":"https:\/\/gymfactory.eu\/wp-content\/uploads\/2025\/02\/gym-machine-ab-crunch-leg-raise-side-angle-1.webp","width":1500,"height":1500,"caption":"Sporto treniruoklio \"Ab Crunch\" ir koj\u0173 k\u0117limo treniruoklio \u0161oninis kampas, rodantis jo ergonomi\u0161k\u0105 dizain\u0105. Raudonos spalvos pamink\u0161tinimas u\u017etikrina komfort\u0105, o plieninis r\u0117mas - ilgaam\u017ei\u0161kum\u0105. \u0160iame treniruoklyje \u012frengta pasiprie\u0161inimo treniruot\u0117ms skirta svori\u0173 lentyn\u0117l\u0117 ir jis puikiai tinka pilvo presui ir klub\u0173 lenkiamiesiems raumenims treniruoti."},{"@type":"BreadcrumbList","@id":"https:\/\/gymfactory.eu\/lt\/produktas\/e2-abs-treniruociu-masina\/#breadcrumb","itemListElement":[{"@type":"ListItem","position":1,"name":"Pagrindinis","item":"https:\/\/gymfactory.eu\/lt\/"},{"@type":"ListItem","position":2,"name":"Katalogas","item":"https:\/\/gymfactory.eu\/lt\/katalogas\/"},{"@type":"ListItem","position":3,"name":"E2 Pilvo preso treniruoklis"}]},{"@type":"WebSite","@id":"https:\/\/gymfactory.eu\/lt\/#website","url":"https:\/\/gymfactory.eu\/lt\/","name":"Gym Factory","description":"","publisher":{"@id":"https:\/\/gymfactory.eu\/lt\/#organization"},"potentialAction":[{"@type":"SearchAction","target":{"@type":"EntryPoint","urlTemplate":"https:\/\/gymfactory.eu\/lt\/?s={search_term_string}"},"query-input":{"@type":"PropertyValueSpecification","valueRequired":true,"valueName":"search_term_string"}}],"inLanguage":"lt-LT"},{"@type":"Organization","@id":"https:\/\/gymfactory.eu\/lt\/#organization","name":"Sporto sal\u0117s gamykla","url":"https:\/\/gymfactory.eu\/lt\/","logo":{"@type":"ImageObject","inLanguage":"lt-LT","@id":"https:\/\/gymfactory.eu\/lt\/#\/schema\/logo\/image\/","url":"https:\/\/gymfactory.eu\/wp-content\/uploads\/2024\/11\/Component-1.svg","contentUrl":"https:\/\/gymfactory.eu\/wp-content\/uploads\/2024\/11\/Component-1.svg","width":54,"height":44,"caption":"Sporto sal\u0117s gamykla"},"image":{"@id":"https:\/\/gymfactory.eu\/lt\/#\/schema\/logo\/image\/"}}]}},"_links":{"self":[{"href":"https:\/\/gymfactory.eu\/lt\/wp-json\/wp\/v2\/product\/10546","targetHints":{"allow":["GET"]}}],"collection":[{"href":"https:\/\/gymfactory.eu\/lt\/wp-json\/wp\/v2\/product"}],"about":[{"href":"https:\/\/gymfactory.eu\/lt\/wp-json\/wp\/v2\/types\/product"}],"wp:featuredmedia":[{"embeddable":true,"href":"https:\/\/gymfactory.eu\/lt\/wp-json\/wp\/v2\/media\/8787"}],"wp:attachment":[{"href":"https:\/\/gymfactory.eu\/lt\/wp-json\/wp\/v2\/media?parent=10546"}],"wp:term":[{"taxonomy":"product_brand","embeddable":true,"href":"https:\/\/gymfactory.eu\/lt\/wp-json\/wp\/v2\/product_brand?post=10546"},{"taxonomy":"product_cat","embeddable":true,"href":"https:\/\/gymfactory.eu\/lt\/wp-json\/wp\/v2\/product_cat?post=10546"},{"taxonomy":"product_tag","embeddable":true,"href":"https:\/\/gymfactory.eu\/lt\/wp-json\/wp\/v2\/product_tag?post=10546"}],"curies":[{"name":"wp","href":"https:\/\/api.w.org\/{rel}","templated":true}]}}