{"id":10543,"date":"2025-01-30T15:38:57","date_gmt":"2025-01-30T13:38:57","guid":{"rendered":"https:\/\/gymfactory.eu\/product\/g3-peciu-peciu-traukimo-masina\/"},"modified":"2025-11-21T13:11:14","modified_gmt":"2025-11-21T11:11:14","slug":"g3-peciu-peciu-traukimo-masina","status":"publish","type":"product","link":"https:\/\/gymfactory.eu\/lt\/produktas\/g3-peciu-peciu-traukimo-masina\/","title":{"rendered":"G3 Trapecij\u0173 traukos treniruoklis"},"content":{"rendered":"<p>G3 \u2013 specializuotas treniruoklis trapeciniams raumenims stiprinti. Tvirta konstrukcija ir valdomas judesys u\u017etikrina pastov\u0173 ir saug\u0173 darb\u0105.<\/p>\n<p>Treniruoklis leid\u017eia atlikti stovimas traukos variacijas:<br \/>\n\u2013 klasikin\u0119 \u2013 aktyvinan\u010di\u0105 vir\u0161utin\u0119 trapecini\u0173 raumen\u0173 dal\u012f,<br \/>\n\u2013 pasilenkus \u2013 labiau nukreipt\u0105 \u012f vidurin\u0119 trapecini\u0173 raumen\u0173 dal\u012f.<\/p>\n<p>Abi pad\u0117tys padeda stiprinti laikysen\u0105, nugaros stabilum\u0105.<\/p>\n<p>G3 konstrukcija palaiko taisykling\u0105 pad\u0117t\u012f viso judesio metu, u\u017etikrindama saugi\u0105 ir krypting\u0105 trapecini\u0173 raumen\u0173 treniruot\u0119.<\/p>\n\n    <div class=\"xs_social_share_widget xs_share_url after_content \t\tmain_content  wslu-style-1 wslu-share-box-shaped wslu-fill-colored wslu-none wslu-share-horizontal wslu-theme-font-no wslu-main_content\">\n\n\t\t\n        <ul>\n\t\t\t        <\/ul>\n    <\/div> \n","protected":false},"excerpt":{"rendered":"<p>G3 \u2013 specializuotas treniruoklis trapeciniams raumenims stiprinti. Tvirta konstrukcija ir valdomas judesys u\u017etikrina pastov\u0173 ir saug\u0173 darb\u0105. Treniruoklis leid\u017eia atlikti stovimas traukos variacijas: \u2013 klasikin\u0119 \u2013 aktyvinan\u010di\u0105 vir\u0161utin\u0119 trapecini\u0173 raumen\u0173 dal\u012f, \u2013 pasilenkus \u2013 labiau nukreipt\u0105 \u012f vidurin\u0119 trapecini\u0173 raumen\u0173 dal\u012f. Abi pad\u0117tys padeda stiprinti laikysen\u0105, nugaros stabilum\u0105. G3 konstrukcija palaiko taisykling\u0105 pad\u0117t\u012f viso judesio [&hellip;]<\/p>\n","protected":false},"featured_media":8307,"template":"","meta":{"_acf_changed":false},"product_brand":[817],"product_cat":[421],"product_tag":[415],"class_list":{"0":"post-10543","1":"product","2":"type-product","3":"status-publish","4":"has-post-thumbnail","6":"product_brand-gym-factory-lt","7":"product_cat-laisvu-svoriu-treniruokliai","8":"product_tag-spalva-tik-metaline","10":"first","11":"onbackorder","12":"taxable","13":"shipping-taxable","14":"purchasable","15":"product-type-variable","16":"has-default-attributes"},"acf":[],"yoast_head":"<!-- This site is optimized with the Yoast SEO plugin v25.2 - https:\/\/yoast.com\/wordpress\/plugins\/seo\/ -->\n<title>&quot;G3 Shrug Machine&quot; | Svori\u0173 kilnojimo \u012franga treniruot\u0117ms Trap<\/title>\n<meta name=\"description\" content=\"Ie\u0161kote rimt\u0173 treniruo\u010di\u0173 su gaudykl\u0117mis? &quot;G3 Shrug Machine&quot; - tai sunkiosios atletikos \u012franga, skirta izoliuotam pe\u010di\u0173 darbui, j\u0117gos vystymui ir j\u0117gos didinimui.\" \/>\n<meta name=\"robots\" content=\"index, follow, max-snippet:-1, max-image-preview:large, max-video-preview:-1\" \/>\n<link rel=\"canonical\" href=\"https:\/\/gymfactory.eu\/lt\/produktas\/g3-peciu-peciu-traukimo-masina\/\" \/>\n<meta property=\"og:locale\" content=\"lt_LT\" \/>\n<meta property=\"og:type\" content=\"article\" \/>\n<meta property=\"og:title\" content=\"&quot;G3 Shrug Machine&quot; | Svori\u0173 kilnojimo \u012franga treniruot\u0117ms Trap\" \/>\n<meta property=\"og:description\" content=\"Ie\u0161kote rimt\u0173 treniruo\u010di\u0173 su gaudykl\u0117mis? &quot;G3 Shrug Machine&quot; - tai sunkiosios atletikos \u012franga, skirta izoliuotam pe\u010di\u0173 darbui, j\u0117gos vystymui ir j\u0117gos didinimui.\" \/>\n<meta property=\"og:url\" content=\"https:\/\/gymfactory.eu\/lt\/produktas\/g3-peciu-peciu-traukimo-masina\/\" \/>\n<meta property=\"og:site_name\" content=\"Gym Factory\" \/>\n<meta property=\"article:modified_time\" content=\"2025-11-21T11:11:14+00:00\" \/>\n<meta property=\"og:image\" content=\"https:\/\/gymfactory.eu\/wp-content\/uploads\/2025\/01\/gym-machine-G3-front-view-1.webp\" \/>\n\t<meta property=\"og:image:width\" content=\"1500\" \/>\n\t<meta property=\"og:image:height\" content=\"1500\" \/>\n\t<meta property=\"og:image:type\" content=\"image\/webp\" \/>\n<meta name=\"twitter:card\" content=\"summary_large_image\" \/>\n<meta name=\"twitter:label1\" content=\"Est. reading time\" \/>\n\t<meta name=\"twitter:data1\" content=\"1 minut\u0117\" \/>\n<script type=\"application\/ld+json\" class=\"yoast-schema-graph\">{\"@context\":\"https:\/\/schema.org\",\"@graph\":[{\"@type\":\"WebPage\",\"@id\":\"https:\/\/gymfactory.eu\/lt\/produktas\/g3-peciu-peciu-traukimo-masina\/\",\"url\":\"https:\/\/gymfactory.eu\/lt\/produktas\/g3-peciu-peciu-traukimo-masina\/\",\"name\":\"\\\"G3 Shrug Machine\\\" | Svori\u0173 kilnojimo \u012franga treniruot\u0117ms Trap\",\"isPartOf\":{\"@id\":\"https:\/\/gymfactory.eu\/lt\/#website\"},\"primaryImageOfPage\":{\"@id\":\"https:\/\/gymfactory.eu\/lt\/produktas\/g3-peciu-peciu-traukimo-masina\/#primaryimage\"},\"image\":{\"@id\":\"https:\/\/gymfactory.eu\/lt\/produktas\/g3-peciu-peciu-traukimo-masina\/#primaryimage\"},\"thumbnailUrl\":\"https:\/\/gymfactory.eu\/wp-content\/uploads\/2025\/01\/gym-machine-G3-front-view-1.webp\",\"datePublished\":\"2025-01-30T13:38:57+00:00\",\"dateModified\":\"2025-11-21T11:11:14+00:00\",\"description\":\"Ie\u0161kote rimt\u0173 treniruo\u010di\u0173 su gaudykl\u0117mis? \\\"G3 Shrug Machine\\\" - tai sunkiosios atletikos \u012franga, skirta izoliuotam pe\u010di\u0173 darbui, j\u0117gos vystymui ir j\u0117gos didinimui.\",\"breadcrumb\":{\"@id\":\"https:\/\/gymfactory.eu\/lt\/produktas\/g3-peciu-peciu-traukimo-masina\/#breadcrumb\"},\"inLanguage\":\"lt-LT\",\"potentialAction\":[{\"@type\":\"ReadAction\",\"target\":[\"https:\/\/gymfactory.eu\/lt\/produktas\/g3-peciu-peciu-traukimo-masina\/\"]}]},{\"@type\":\"ImageObject\",\"inLanguage\":\"lt-LT\",\"@id\":\"https:\/\/gymfactory.eu\/lt\/produktas\/g3-peciu-peciu-traukimo-masina\/#primaryimage\",\"url\":\"https:\/\/gymfactory.eu\/wp-content\/uploads\/2025\/01\/gym-machine-G3-front-view-1.webp\",\"contentUrl\":\"https:\/\/gymfactory.eu\/wp-content\/uploads\/2025\/01\/gym-machine-G3-front-view-1.webp\",\"width\":1500,\"height\":1500,\"caption\":\"Sunkiasvorio treniruoklio, skirto j\u0117gos treniruot\u0117ms, vaizdas i\u0161 priekio. Ry\u0161kiai raudonas plieninis r\u0117mas ir metalin\u0117 p\u0117da u\u017etikrina stabilum\u0105, o ergonomi\u0161kos rankenos leid\u017eia patogiai laikyti treniruokl\u012f. \u0160is treniruoklis skirtas nugaros ir pe\u010di\u0173 raumenims, si\u016blo kontroliuojamus ir veiksmingus treniruo\u010di\u0173 judesius.\"},{\"@type\":\"BreadcrumbList\",\"@id\":\"https:\/\/gymfactory.eu\/lt\/produktas\/g3-peciu-peciu-traukimo-masina\/#breadcrumb\",\"itemListElement\":[{\"@type\":\"ListItem\",\"position\":1,\"name\":\"Pagrindinis\",\"item\":\"https:\/\/gymfactory.eu\/lt\/\"},{\"@type\":\"ListItem\",\"position\":2,\"name\":\"Katalogas\",\"item\":\"https:\/\/gymfactory.eu\/lt\/katalogas\/\"},{\"@type\":\"ListItem\",\"position\":3,\"name\":\"G3 Trapecij\u0173 traukos treniruoklis\"}]},{\"@type\":\"WebSite\",\"@id\":\"https:\/\/gymfactory.eu\/lt\/#website\",\"url\":\"https:\/\/gymfactory.eu\/lt\/\",\"name\":\"Gym Factory\",\"description\":\"\",\"publisher\":{\"@id\":\"https:\/\/gymfactory.eu\/lt\/#organization\"},\"potentialAction\":[{\"@type\":\"SearchAction\",\"target\":{\"@type\":\"EntryPoint\",\"urlTemplate\":\"https:\/\/gymfactory.eu\/lt\/?s={search_term_string}\"},\"query-input\":{\"@type\":\"PropertyValueSpecification\",\"valueRequired\":true,\"valueName\":\"search_term_string\"}}],\"inLanguage\":\"lt-LT\"},{\"@type\":\"Organization\",\"@id\":\"https:\/\/gymfactory.eu\/lt\/#organization\",\"name\":\"Sporto sal\u0117s gamykla\",\"url\":\"https:\/\/gymfactory.eu\/lt\/\",\"logo\":{\"@type\":\"ImageObject\",\"inLanguage\":\"lt-LT\",\"@id\":\"https:\/\/gymfactory.eu\/lt\/#\/schema\/logo\/image\/\",\"url\":\"https:\/\/gymfactory.eu\/wp-content\/uploads\/2024\/11\/Component-1.svg\",\"contentUrl\":\"https:\/\/gymfactory.eu\/wp-content\/uploads\/2024\/11\/Component-1.svg\",\"width\":54,\"height\":44,\"caption\":\"Sporto sal\u0117s gamykla\"},\"image\":{\"@id\":\"https:\/\/gymfactory.eu\/lt\/#\/schema\/logo\/image\/\"}}]}<\/script>\n<!-- \/ Yoast SEO plugin. -->","yoast_head_json":{"title":"\"G3 Shrug Machine\" | Svori\u0173 kilnojimo \u012franga treniruot\u0117ms Trap","description":"Ie\u0161kote rimt\u0173 treniruo\u010di\u0173 su gaudykl\u0117mis? \"G3 Shrug Machine\" - tai sunkiosios atletikos \u012franga, skirta izoliuotam pe\u010di\u0173 darbui, j\u0117gos vystymui ir j\u0117gos didinimui.","robots":{"index":"index","follow":"follow","max-snippet":"max-snippet:-1","max-image-preview":"max-image-preview:large","max-video-preview":"max-video-preview:-1"},"canonical":"https:\/\/gymfactory.eu\/lt\/produktas\/g3-peciu-peciu-traukimo-masina\/","og_locale":"lt_LT","og_type":"article","og_title":"\"G3 Shrug Machine\" | Svori\u0173 kilnojimo \u012franga treniruot\u0117ms Trap","og_description":"Ie\u0161kote rimt\u0173 treniruo\u010di\u0173 su gaudykl\u0117mis? \"G3 Shrug Machine\" - tai sunkiosios atletikos \u012franga, skirta izoliuotam pe\u010di\u0173 darbui, j\u0117gos vystymui ir j\u0117gos didinimui.","og_url":"https:\/\/gymfactory.eu\/lt\/produktas\/g3-peciu-peciu-traukimo-masina\/","og_site_name":"Gym Factory","article_modified_time":"2025-11-21T11:11:14+00:00","og_image":[{"width":1500,"height":1500,"url":"https:\/\/gymfactory.eu\/wp-content\/uploads\/2025\/01\/gym-machine-G3-front-view-1.webp","type":"image\/webp"}],"twitter_card":"summary_large_image","twitter_misc":{"Est. reading time":"1 minut\u0117"},"schema":{"@context":"https:\/\/schema.org","@graph":[{"@type":"WebPage","@id":"https:\/\/gymfactory.eu\/lt\/produktas\/g3-peciu-peciu-traukimo-masina\/","url":"https:\/\/gymfactory.eu\/lt\/produktas\/g3-peciu-peciu-traukimo-masina\/","name":"\"G3 Shrug Machine\" | Svori\u0173 kilnojimo \u012franga treniruot\u0117ms Trap","isPartOf":{"@id":"https:\/\/gymfactory.eu\/lt\/#website"},"primaryImageOfPage":{"@id":"https:\/\/gymfactory.eu\/lt\/produktas\/g3-peciu-peciu-traukimo-masina\/#primaryimage"},"image":{"@id":"https:\/\/gymfactory.eu\/lt\/produktas\/g3-peciu-peciu-traukimo-masina\/#primaryimage"},"thumbnailUrl":"https:\/\/gymfactory.eu\/wp-content\/uploads\/2025\/01\/gym-machine-G3-front-view-1.webp","datePublished":"2025-01-30T13:38:57+00:00","dateModified":"2025-11-21T11:11:14+00:00","description":"Ie\u0161kote rimt\u0173 treniruo\u010di\u0173 su gaudykl\u0117mis? \"G3 Shrug Machine\" - tai sunkiosios atletikos \u012franga, skirta izoliuotam pe\u010di\u0173 darbui, j\u0117gos vystymui ir j\u0117gos didinimui.","breadcrumb":{"@id":"https:\/\/gymfactory.eu\/lt\/produktas\/g3-peciu-peciu-traukimo-masina\/#breadcrumb"},"inLanguage":"lt-LT","potentialAction":[{"@type":"ReadAction","target":["https:\/\/gymfactory.eu\/lt\/produktas\/g3-peciu-peciu-traukimo-masina\/"]}]},{"@type":"ImageObject","inLanguage":"lt-LT","@id":"https:\/\/gymfactory.eu\/lt\/produktas\/g3-peciu-peciu-traukimo-masina\/#primaryimage","url":"https:\/\/gymfactory.eu\/wp-content\/uploads\/2025\/01\/gym-machine-G3-front-view-1.webp","contentUrl":"https:\/\/gymfactory.eu\/wp-content\/uploads\/2025\/01\/gym-machine-G3-front-view-1.webp","width":1500,"height":1500,"caption":"Sunkiasvorio treniruoklio, skirto j\u0117gos treniruot\u0117ms, vaizdas i\u0161 priekio. Ry\u0161kiai raudonas plieninis r\u0117mas ir metalin\u0117 p\u0117da u\u017etikrina stabilum\u0105, o ergonomi\u0161kos rankenos leid\u017eia patogiai laikyti treniruokl\u012f. \u0160is treniruoklis skirtas nugaros ir pe\u010di\u0173 raumenims, si\u016blo kontroliuojamus ir veiksmingus treniruo\u010di\u0173 judesius."},{"@type":"BreadcrumbList","@id":"https:\/\/gymfactory.eu\/lt\/produktas\/g3-peciu-peciu-traukimo-masina\/#breadcrumb","itemListElement":[{"@type":"ListItem","position":1,"name":"Pagrindinis","item":"https:\/\/gymfactory.eu\/lt\/"},{"@type":"ListItem","position":2,"name":"Katalogas","item":"https:\/\/gymfactory.eu\/lt\/katalogas\/"},{"@type":"ListItem","position":3,"name":"G3 Trapecij\u0173 traukos treniruoklis"}]},{"@type":"WebSite","@id":"https:\/\/gymfactory.eu\/lt\/#website","url":"https:\/\/gymfactory.eu\/lt\/","name":"Gym Factory","description":"","publisher":{"@id":"https:\/\/gymfactory.eu\/lt\/#organization"},"potentialAction":[{"@type":"SearchAction","target":{"@type":"EntryPoint","urlTemplate":"https:\/\/gymfactory.eu\/lt\/?s={search_term_string}"},"query-input":{"@type":"PropertyValueSpecification","valueRequired":true,"valueName":"search_term_string"}}],"inLanguage":"lt-LT"},{"@type":"Organization","@id":"https:\/\/gymfactory.eu\/lt\/#organization","name":"Sporto sal\u0117s gamykla","url":"https:\/\/gymfactory.eu\/lt\/","logo":{"@type":"ImageObject","inLanguage":"lt-LT","@id":"https:\/\/gymfactory.eu\/lt\/#\/schema\/logo\/image\/","url":"https:\/\/gymfactory.eu\/wp-content\/uploads\/2024\/11\/Component-1.svg","contentUrl":"https:\/\/gymfactory.eu\/wp-content\/uploads\/2024\/11\/Component-1.svg","width":54,"height":44,"caption":"Sporto sal\u0117s gamykla"},"image":{"@id":"https:\/\/gymfactory.eu\/lt\/#\/schema\/logo\/image\/"}}]}},"_links":{"self":[{"href":"https:\/\/gymfactory.eu\/lt\/wp-json\/wp\/v2\/product\/10543","targetHints":{"allow":["GET"]}}],"collection":[{"href":"https:\/\/gymfactory.eu\/lt\/wp-json\/wp\/v2\/product"}],"about":[{"href":"https:\/\/gymfactory.eu\/lt\/wp-json\/wp\/v2\/types\/product"}],"wp:featuredmedia":[{"embeddable":true,"href":"https:\/\/gymfactory.eu\/lt\/wp-json\/wp\/v2\/media\/8307"}],"wp:attachment":[{"href":"https:\/\/gymfactory.eu\/lt\/wp-json\/wp\/v2\/media?parent=10543"}],"wp:term":[{"taxonomy":"product_brand","embeddable":true,"href":"https:\/\/gymfactory.eu\/lt\/wp-json\/wp\/v2\/product_brand?post=10543"},{"taxonomy":"product_cat","embeddable":true,"href":"https:\/\/gymfactory.eu\/lt\/wp-json\/wp\/v2\/product_cat?post=10543"},{"taxonomy":"product_tag","embeddable":true,"href":"https:\/\/gymfactory.eu\/lt\/wp-json\/wp\/v2\/product_tag?post=10543"}],"curies":[{"name":"wp","href":"https:\/\/api.w.org\/{rel}","templated":true}]}}