{"id":10540,"date":"2025-01-28T13:31:53","date_gmt":"2025-01-28T11:31:53","guid":{"rendered":"https:\/\/gymfactory.eu\/product\/d1x-hack-squat-masina\/"},"modified":"2025-11-20T15:17:40","modified_gmt":"2025-11-20T13:17:40","slug":"d1x-hack-squat-masina","status":"publish","type":"product","link":"https:\/\/gymfactory.eu\/lt\/produktas\/d1x-hack-squat-masina\/","title":{"rendered":"D1X &#8222;Hack Squat&#8221; treniruoklis"},"content":{"rendered":"<p>D1X \u2013 tvirtas ir funkcionalus treniruoklis tiems, kurie rimtai dirba su apatin\u0117s k\u016bno dalies j\u0117ga. Reguliuojama p\u0117d\u0173 platforma leid\u017eia keisti kamp\u0105 ir tiksliai paskirstyti kr\u016bv\u012f tarp skirting\u0173 raumen\u0173 grupi\u0173. Patikimas pasirinkimas tiek profesionaliems sporto klubams, tiek nam\u0173 sal\u0117s erdvei \u2013 kai svarbu komfortas, ilgaam\u017ei\u0161kumas ir rezultatas.<\/p>\n\n    <div class=\"xs_social_share_widget xs_share_url after_content \t\tmain_content  wslu-style-1 wslu-share-box-shaped wslu-fill-colored wslu-none wslu-share-horizontal wslu-theme-font-no wslu-main_content\">\n\n\t\t\n        <ul>\n\t\t\t        <\/ul>\n    <\/div> \n","protected":false},"excerpt":{"rendered":"<p>D1X \u2013 tvirtas ir funkcionalus treniruoklis tiems, kurie rimtai dirba su apatin\u0117s k\u016bno dalies j\u0117ga. Reguliuojama p\u0117d\u0173 platforma leid\u017eia keisti kamp\u0105 ir tiksliai paskirstyti kr\u016bv\u012f tarp skirting\u0173 raumen\u0173 grupi\u0173. Patikimas pasirinkimas tiek profesionaliems sporto klubams, tiek nam\u0173 sal\u0117s erdvei \u2013 kai svarbu komfortas, ilgaam\u017ei\u0161kumas ir rezultatas.<\/p>\n","protected":false},"featured_media":8274,"template":"","meta":{"_acf_changed":false},"product_brand":[817],"product_cat":[421],"product_tag":[674],"class_list":{"0":"post-10540","1":"product","2":"type-product","3":"status-publish","4":"has-post-thumbnail","6":"product_brand-gym-factory-lt","7":"product_cat-laisvu-svoriu-treniruokliai","8":"product_tag-populiarus","10":"first","11":"onbackorder","12":"taxable","13":"shipping-taxable","14":"purchasable","15":"product-type-variable"},"acf":[],"yoast_head":"<!-- This site is optimized with the Yoast SEO plugin v25.2 - https:\/\/yoast.com\/wordpress\/plugins\/seo\/ -->\n<title>D1X Hack Squat ma\u0161ina apatin\u0117s k\u016bno dalies treniruotei<\/title>\n<meta name=\"description\" content=\"Reikia patikimo &quot;Hack Squat Machine&quot; bet kuriai sporto salei? D1X u\u017etikrina j\u0117g\u0105, lankstum\u0105 ir na\u0161um\u0105 d\u0117l reguliuojamos koj\u0173 platformos.\" \/>\n<meta name=\"robots\" content=\"index, follow, max-snippet:-1, max-image-preview:large, max-video-preview:-1\" \/>\n<link rel=\"canonical\" href=\"https:\/\/gymfactory.eu\/lt\/produktas\/d1x-hack-squat-masina\/\" \/>\n<meta property=\"og:locale\" content=\"lt_LT\" \/>\n<meta property=\"og:type\" content=\"article\" \/>\n<meta property=\"og:title\" content=\"D1X Hack Squat ma\u0161ina apatin\u0117s k\u016bno dalies treniruotei\" \/>\n<meta property=\"og:description\" content=\"Reikia patikimo &quot;Hack Squat Machine&quot; bet kuriai sporto salei? D1X u\u017etikrina j\u0117g\u0105, lankstum\u0105 ir na\u0161um\u0105 d\u0117l reguliuojamos koj\u0173 platformos.\" \/>\n<meta property=\"og:url\" content=\"https:\/\/gymfactory.eu\/lt\/produktas\/d1x-hack-squat-masina\/\" \/>\n<meta property=\"og:site_name\" content=\"Gym Factory\" \/>\n<meta property=\"article:modified_time\" content=\"2025-11-20T13:17:40+00:00\" \/>\n<meta property=\"og:image\" content=\"https:\/\/gymfactory.eu\/wp-content\/uploads\/2025\/01\/gym-machine-D1X-side-view-1.webp\" \/>\n\t<meta property=\"og:image:width\" content=\"1500\" \/>\n\t<meta property=\"og:image:height\" content=\"1500\" \/>\n\t<meta property=\"og:image:type\" content=\"image\/webp\" \/>\n<meta name=\"twitter:card\" content=\"summary_large_image\" \/>\n<meta name=\"twitter:label1\" content=\"Est. reading time\" \/>\n\t<meta name=\"twitter:data1\" content=\"1 minut\u0117\" \/>\n<script type=\"application\/ld+json\" class=\"yoast-schema-graph\">{\"@context\":\"https:\/\/schema.org\",\"@graph\":[{\"@type\":\"WebPage\",\"@id\":\"https:\/\/gymfactory.eu\/lt\/produktas\/d1x-hack-squat-masina\/\",\"url\":\"https:\/\/gymfactory.eu\/lt\/produktas\/d1x-hack-squat-masina\/\",\"name\":\"D1X Hack Squat ma\u0161ina apatin\u0117s k\u016bno dalies treniruotei\",\"isPartOf\":{\"@id\":\"https:\/\/gymfactory.eu\/lt\/#website\"},\"primaryImageOfPage\":{\"@id\":\"https:\/\/gymfactory.eu\/lt\/produktas\/d1x-hack-squat-masina\/#primaryimage\"},\"image\":{\"@id\":\"https:\/\/gymfactory.eu\/lt\/produktas\/d1x-hack-squat-masina\/#primaryimage\"},\"thumbnailUrl\":\"https:\/\/gymfactory.eu\/wp-content\/uploads\/2025\/01\/gym-machine-D1X-side-view-1.webp\",\"datePublished\":\"2025-01-28T11:31:53+00:00\",\"dateModified\":\"2025-11-20T13:17:40+00:00\",\"description\":\"Reikia patikimo \\\"Hack Squat Machine\\\" bet kuriai sporto salei? D1X u\u017etikrina j\u0117g\u0105, lankstum\u0105 ir na\u0161um\u0105 d\u0117l reguliuojamos koj\u0173 platformos.\",\"breadcrumb\":{\"@id\":\"https:\/\/gymfactory.eu\/lt\/produktas\/d1x-hack-squat-masina\/#breadcrumb\"},\"inLanguage\":\"lt-LT\",\"potentialAction\":[{\"@type\":\"ReadAction\",\"target\":[\"https:\/\/gymfactory.eu\/lt\/produktas\/d1x-hack-squat-masina\/\"]}]},{\"@type\":\"ImageObject\",\"inLanguage\":\"lt-LT\",\"@id\":\"https:\/\/gymfactory.eu\/lt\/produktas\/d1x-hack-squat-masina\/#primaryimage\",\"url\":\"https:\/\/gymfactory.eu\/wp-content\/uploads\/2025\/01\/gym-machine-D1X-side-view-1.webp\",\"contentUrl\":\"https:\/\/gymfactory.eu\/wp-content\/uploads\/2025\/01\/gym-machine-D1X-side-view-1.webp\",\"width\":1500,\"height\":1500,\"caption\":\"Pilnas D1X treniruoklio \u0161oninis vaizdas, kuriame matyti jo plienin\u0117 konstrukcija, kampinis p\u0117d\u0173 pagrindas ir pamink\u0161tintos pe\u010di\u0173 atramos. \u0160i j\u0117gos treniruokli\u0173 \u012franga yra skirta \\\"Hack\\\" prit\u016bpimams ir atvirk\u0161tiniams \\\"Hack\\\" prit\u016bpimams.\"},{\"@type\":\"BreadcrumbList\",\"@id\":\"https:\/\/gymfactory.eu\/lt\/produktas\/d1x-hack-squat-masina\/#breadcrumb\",\"itemListElement\":[{\"@type\":\"ListItem\",\"position\":1,\"name\":\"Pagrindinis\",\"item\":\"https:\/\/gymfactory.eu\/lt\/\"},{\"@type\":\"ListItem\",\"position\":2,\"name\":\"Katalogas\",\"item\":\"https:\/\/gymfactory.eu\/lt\/katalogas\/\"},{\"@type\":\"ListItem\",\"position\":3,\"name\":\"D1X &#8220;Hack Squat&#8221; treniruoklis\"}]},{\"@type\":\"WebSite\",\"@id\":\"https:\/\/gymfactory.eu\/lt\/#website\",\"url\":\"https:\/\/gymfactory.eu\/lt\/\",\"name\":\"Gym Factory\",\"description\":\"\",\"publisher\":{\"@id\":\"https:\/\/gymfactory.eu\/lt\/#organization\"},\"potentialAction\":[{\"@type\":\"SearchAction\",\"target\":{\"@type\":\"EntryPoint\",\"urlTemplate\":\"https:\/\/gymfactory.eu\/lt\/?s={search_term_string}\"},\"query-input\":{\"@type\":\"PropertyValueSpecification\",\"valueRequired\":true,\"valueName\":\"search_term_string\"}}],\"inLanguage\":\"lt-LT\"},{\"@type\":\"Organization\",\"@id\":\"https:\/\/gymfactory.eu\/lt\/#organization\",\"name\":\"Sporto sal\u0117s gamykla\",\"url\":\"https:\/\/gymfactory.eu\/lt\/\",\"logo\":{\"@type\":\"ImageObject\",\"inLanguage\":\"lt-LT\",\"@id\":\"https:\/\/gymfactory.eu\/lt\/#\/schema\/logo\/image\/\",\"url\":\"https:\/\/gymfactory.eu\/wp-content\/uploads\/2024\/11\/Component-1.svg\",\"contentUrl\":\"https:\/\/gymfactory.eu\/wp-content\/uploads\/2024\/11\/Component-1.svg\",\"width\":54,\"height\":44,\"caption\":\"Sporto sal\u0117s gamykla\"},\"image\":{\"@id\":\"https:\/\/gymfactory.eu\/lt\/#\/schema\/logo\/image\/\"}}]}<\/script>\n<!-- \/ Yoast SEO plugin. -->","yoast_head_json":{"title":"D1X Hack Squat ma\u0161ina apatin\u0117s k\u016bno dalies treniruotei","description":"Reikia patikimo \"Hack Squat Machine\" bet kuriai sporto salei? D1X u\u017etikrina j\u0117g\u0105, lankstum\u0105 ir na\u0161um\u0105 d\u0117l reguliuojamos koj\u0173 platformos.","robots":{"index":"index","follow":"follow","max-snippet":"max-snippet:-1","max-image-preview":"max-image-preview:large","max-video-preview":"max-video-preview:-1"},"canonical":"https:\/\/gymfactory.eu\/lt\/produktas\/d1x-hack-squat-masina\/","og_locale":"lt_LT","og_type":"article","og_title":"D1X Hack Squat ma\u0161ina apatin\u0117s k\u016bno dalies treniruotei","og_description":"Reikia patikimo \"Hack Squat Machine\" bet kuriai sporto salei? D1X u\u017etikrina j\u0117g\u0105, lankstum\u0105 ir na\u0161um\u0105 d\u0117l reguliuojamos koj\u0173 platformos.","og_url":"https:\/\/gymfactory.eu\/lt\/produktas\/d1x-hack-squat-masina\/","og_site_name":"Gym Factory","article_modified_time":"2025-11-20T13:17:40+00:00","og_image":[{"width":1500,"height":1500,"url":"https:\/\/gymfactory.eu\/wp-content\/uploads\/2025\/01\/gym-machine-D1X-side-view-1.webp","type":"image\/webp"}],"twitter_card":"summary_large_image","twitter_misc":{"Est. reading time":"1 minut\u0117"},"schema":{"@context":"https:\/\/schema.org","@graph":[{"@type":"WebPage","@id":"https:\/\/gymfactory.eu\/lt\/produktas\/d1x-hack-squat-masina\/","url":"https:\/\/gymfactory.eu\/lt\/produktas\/d1x-hack-squat-masina\/","name":"D1X Hack Squat ma\u0161ina apatin\u0117s k\u016bno dalies treniruotei","isPartOf":{"@id":"https:\/\/gymfactory.eu\/lt\/#website"},"primaryImageOfPage":{"@id":"https:\/\/gymfactory.eu\/lt\/produktas\/d1x-hack-squat-masina\/#primaryimage"},"image":{"@id":"https:\/\/gymfactory.eu\/lt\/produktas\/d1x-hack-squat-masina\/#primaryimage"},"thumbnailUrl":"https:\/\/gymfactory.eu\/wp-content\/uploads\/2025\/01\/gym-machine-D1X-side-view-1.webp","datePublished":"2025-01-28T11:31:53+00:00","dateModified":"2025-11-20T13:17:40+00:00","description":"Reikia patikimo \"Hack Squat Machine\" bet kuriai sporto salei? D1X u\u017etikrina j\u0117g\u0105, lankstum\u0105 ir na\u0161um\u0105 d\u0117l reguliuojamos koj\u0173 platformos.","breadcrumb":{"@id":"https:\/\/gymfactory.eu\/lt\/produktas\/d1x-hack-squat-masina\/#breadcrumb"},"inLanguage":"lt-LT","potentialAction":[{"@type":"ReadAction","target":["https:\/\/gymfactory.eu\/lt\/produktas\/d1x-hack-squat-masina\/"]}]},{"@type":"ImageObject","inLanguage":"lt-LT","@id":"https:\/\/gymfactory.eu\/lt\/produktas\/d1x-hack-squat-masina\/#primaryimage","url":"https:\/\/gymfactory.eu\/wp-content\/uploads\/2025\/01\/gym-machine-D1X-side-view-1.webp","contentUrl":"https:\/\/gymfactory.eu\/wp-content\/uploads\/2025\/01\/gym-machine-D1X-side-view-1.webp","width":1500,"height":1500,"caption":"Pilnas D1X treniruoklio \u0161oninis vaizdas, kuriame matyti jo plienin\u0117 konstrukcija, kampinis p\u0117d\u0173 pagrindas ir pamink\u0161tintos pe\u010di\u0173 atramos. \u0160i j\u0117gos treniruokli\u0173 \u012franga yra skirta \"Hack\" prit\u016bpimams ir atvirk\u0161tiniams \"Hack\" prit\u016bpimams."},{"@type":"BreadcrumbList","@id":"https:\/\/gymfactory.eu\/lt\/produktas\/d1x-hack-squat-masina\/#breadcrumb","itemListElement":[{"@type":"ListItem","position":1,"name":"Pagrindinis","item":"https:\/\/gymfactory.eu\/lt\/"},{"@type":"ListItem","position":2,"name":"Katalogas","item":"https:\/\/gymfactory.eu\/lt\/katalogas\/"},{"@type":"ListItem","position":3,"name":"D1X &#8220;Hack Squat&#8221; treniruoklis"}]},{"@type":"WebSite","@id":"https:\/\/gymfactory.eu\/lt\/#website","url":"https:\/\/gymfactory.eu\/lt\/","name":"Gym Factory","description":"","publisher":{"@id":"https:\/\/gymfactory.eu\/lt\/#organization"},"potentialAction":[{"@type":"SearchAction","target":{"@type":"EntryPoint","urlTemplate":"https:\/\/gymfactory.eu\/lt\/?s={search_term_string}"},"query-input":{"@type":"PropertyValueSpecification","valueRequired":true,"valueName":"search_term_string"}}],"inLanguage":"lt-LT"},{"@type":"Organization","@id":"https:\/\/gymfactory.eu\/lt\/#organization","name":"Sporto sal\u0117s gamykla","url":"https:\/\/gymfactory.eu\/lt\/","logo":{"@type":"ImageObject","inLanguage":"lt-LT","@id":"https:\/\/gymfactory.eu\/lt\/#\/schema\/logo\/image\/","url":"https:\/\/gymfactory.eu\/wp-content\/uploads\/2024\/11\/Component-1.svg","contentUrl":"https:\/\/gymfactory.eu\/wp-content\/uploads\/2024\/11\/Component-1.svg","width":54,"height":44,"caption":"Sporto sal\u0117s gamykla"},"image":{"@id":"https:\/\/gymfactory.eu\/lt\/#\/schema\/logo\/image\/"}}]}},"_links":{"self":[{"href":"https:\/\/gymfactory.eu\/lt\/wp-json\/wp\/v2\/product\/10540","targetHints":{"allow":["GET"]}}],"collection":[{"href":"https:\/\/gymfactory.eu\/lt\/wp-json\/wp\/v2\/product"}],"about":[{"href":"https:\/\/gymfactory.eu\/lt\/wp-json\/wp\/v2\/types\/product"}],"wp:featuredmedia":[{"embeddable":true,"href":"https:\/\/gymfactory.eu\/lt\/wp-json\/wp\/v2\/media\/8274"}],"wp:attachment":[{"href":"https:\/\/gymfactory.eu\/lt\/wp-json\/wp\/v2\/media?parent=10540"}],"wp:term":[{"taxonomy":"product_brand","embeddable":true,"href":"https:\/\/gymfactory.eu\/lt\/wp-json\/wp\/v2\/product_brand?post=10540"},{"taxonomy":"product_cat","embeddable":true,"href":"https:\/\/gymfactory.eu\/lt\/wp-json\/wp\/v2\/product_cat?post=10540"},{"taxonomy":"product_tag","embeddable":true,"href":"https:\/\/gymfactory.eu\/lt\/wp-json\/wp\/v2\/product_tag?post=10540"}],"curies":[{"name":"wp","href":"https:\/\/api.w.org\/{rel}","templated":true}]}}