{"id":10537,"date":"2025-01-29T10:07:07","date_gmt":"2025-01-29T08:07:07","guid":{"rendered":"https:\/\/gymfactory.eu\/product\/d3x-koju-spaudimo-masina\/"},"modified":"2025-11-20T15:26:43","modified_gmt":"2025-11-20T13:26:43","slug":"d3x-koju-spaudimo-masina","status":"publish","type":"product","link":"https:\/\/gymfactory.eu\/lt\/produktas\/d3x-koju-spaudimo-masina\/","title":{"rendered":"D3X Koj\u0173 spaudimo &#8222;Leg prees&#8221; treniruoklis"},"content":{"rendered":"<p>D3X \u2013 tvirtas treniruoklis, skirtas apatinei k\u016bno daliai stiprinti tiek profesionaliuose, tiek nam\u0173 sporto sal\u0117se. Stabili konstrukcija ir sklandus judesys u\u017etikrina saugi\u0105 ir efektyvi\u0105 treniruot\u0119.<\/p>\n<p>\u0160is treniruoklis leid\u017eia lavinti keturgalvius, s\u0117dmenis, u\u017epakalinius \u0161laun\u0173 raumenis ir blauzdas atliekant klasikinius koj\u0173 spaudimus, vienos kojos spaudimus ir pasistiebimus. Plati stov\u0117sena labiau akcentuoja s\u0117dmenis ir vidines \u0161launis, siaura \u2013 \u0161laun\u0173 priek\u012f (keturgalv\u012f raumen\u012f). Spaudimas abiem kojomis padeda auginti j\u0117g\u0105 ir didinti apkrov\u0105, o spaudimas viena koja lavina balans\u0105 ir padeda koreguoti raumen\u0173 disbalans\u0105.<\/p>\n<p>Atlo\u0161o kampas reguliuojamas, galima pasirinkti starto pad\u0117t\u012f ir riboti judesio amplitud\u0119 saugos kai\u0161\u010di\u0173 pagalba. \u012erengti tvirtinimo ta\u0161kai pasiprie\u0161inimo gumoms leid\u017eia koreguoti pratimo sud\u0117tingum\u0105. P\u0117d\u0173 platform\u0105 galima naudoti vientis\u0105 arba padalinti \u012f dvi dalis \u2013 spaudimui viena koja.<\/p>\n\n    <div class=\"xs_social_share_widget xs_share_url after_content \t\tmain_content  wslu-style-1 wslu-share-box-shaped wslu-fill-colored wslu-none wslu-share-horizontal wslu-theme-font-no wslu-main_content\">\n\n\t\t\n        <ul>\n\t\t\t        <\/ul>\n    <\/div> \n","protected":false},"excerpt":{"rendered":"<p>D3X \u2013 tvirtas treniruoklis, skirtas apatinei k\u016bno daliai stiprinti tiek profesionaliuose, tiek nam\u0173 sporto sal\u0117se. Stabili konstrukcija ir sklandus judesys u\u017etikrina saugi\u0105 ir efektyvi\u0105 treniruot\u0119. \u0160is treniruoklis leid\u017eia lavinti keturgalvius, s\u0117dmenis, u\u017epakalinius \u0161laun\u0173 raumenis ir blauzdas atliekant klasikinius koj\u0173 spaudimus, vienos kojos spaudimus ir pasistiebimus. Plati stov\u0117sena labiau akcentuoja s\u0117dmenis ir vidines \u0161launis, siaura \u2013 [&hellip;]<\/p>\n","protected":false},"featured_media":8256,"template":"","meta":{"_acf_changed":false},"product_brand":[817],"product_cat":[421],"product_tag":[],"class_list":{"0":"post-10537","1":"product","2":"type-product","3":"status-publish","4":"has-post-thumbnail","6":"product_brand-gym-factory-lt","7":"product_cat-laisvu-svoriu-treniruokliai","9":"first","10":"onbackorder","11":"taxable","12":"shipping-taxable","13":"purchasable","14":"product-type-variable","15":"has-default-attributes"},"acf":[],"yoast_head":"<!-- This site is optimized with the Yoast SEO plugin v25.2 - https:\/\/yoast.com\/wordpress\/plugins\/seo\/ -->\n<title>D3X koj\u0173 spaudimo ma\u0161ina | Sporto sal\u0117s \u012franga j\u0117gos treniruot\u0117ms<\/title>\n<meta name=\"description\" content=\"Norite sustiprinti apatin\u0119 k\u016bno dal\u012f? D3X koj\u0173 spaudimo \u012frenginys - tai treniruokli\u0173 sal\u0117s \u012franga, skirta efektyviai keturgalvi\u0173, s\u0117dmen\u0173 ir \u0161laun\u0173 raumen\u0173 j\u0117gos treniruotei.\" \/>\n<meta name=\"robots\" content=\"index, follow, max-snippet:-1, max-image-preview:large, max-video-preview:-1\" \/>\n<link rel=\"canonical\" href=\"https:\/\/gymfactory.eu\/lt\/produktas\/d3x-koju-spaudimo-masina\/\" \/>\n<meta property=\"og:locale\" content=\"lt_LT\" \/>\n<meta property=\"og:type\" content=\"article\" \/>\n<meta property=\"og:title\" content=\"D3X koj\u0173 spaudimo ma\u0161ina | Sporto sal\u0117s \u012franga j\u0117gos treniruot\u0117ms\" \/>\n<meta property=\"og:description\" content=\"Norite sustiprinti apatin\u0119 k\u016bno dal\u012f? D3X koj\u0173 spaudimo \u012frenginys - tai treniruokli\u0173 sal\u0117s \u012franga, skirta efektyviai keturgalvi\u0173, s\u0117dmen\u0173 ir \u0161laun\u0173 raumen\u0173 j\u0117gos treniruotei.\" \/>\n<meta property=\"og:url\" content=\"https:\/\/gymfactory.eu\/lt\/produktas\/d3x-koju-spaudimo-masina\/\" \/>\n<meta property=\"og:site_name\" content=\"Gym Factory\" \/>\n<meta property=\"article:modified_time\" content=\"2025-11-20T13:26:43+00:00\" \/>\n<meta property=\"og:image\" content=\"https:\/\/gymfactory.eu\/wp-content\/uploads\/2025\/01\/gym-machine-D3X-leg-press-front-view-1.webp\" \/>\n\t<meta property=\"og:image:width\" content=\"1500\" \/>\n\t<meta property=\"og:image:height\" content=\"1500\" \/>\n\t<meta property=\"og:image:type\" content=\"image\/webp\" \/>\n<meta name=\"twitter:card\" content=\"summary_large_image\" \/>\n<meta name=\"twitter:label1\" content=\"Est. reading time\" \/>\n\t<meta name=\"twitter:data1\" content=\"1 minut\u0117\" \/>\n<script type=\"application\/ld+json\" class=\"yoast-schema-graph\">{\"@context\":\"https:\/\/schema.org\",\"@graph\":[{\"@type\":\"WebPage\",\"@id\":\"https:\/\/gymfactory.eu\/lt\/produktas\/d3x-koju-spaudimo-masina\/\",\"url\":\"https:\/\/gymfactory.eu\/lt\/produktas\/d3x-koju-spaudimo-masina\/\",\"name\":\"D3X koj\u0173 spaudimo ma\u0161ina | Sporto sal\u0117s \u012franga j\u0117gos treniruot\u0117ms\",\"isPartOf\":{\"@id\":\"https:\/\/gymfactory.eu\/lt\/#website\"},\"primaryImageOfPage\":{\"@id\":\"https:\/\/gymfactory.eu\/lt\/produktas\/d3x-koju-spaudimo-masina\/#primaryimage\"},\"image\":{\"@id\":\"https:\/\/gymfactory.eu\/lt\/produktas\/d3x-koju-spaudimo-masina\/#primaryimage\"},\"thumbnailUrl\":\"https:\/\/gymfactory.eu\/wp-content\/uploads\/2025\/01\/gym-machine-D3X-leg-press-front-view-1.webp\",\"datePublished\":\"2025-01-29T08:07:07+00:00\",\"dateModified\":\"2025-11-20T13:26:43+00:00\",\"description\":\"Norite sustiprinti apatin\u0119 k\u016bno dal\u012f? D3X koj\u0173 spaudimo \u012frenginys - tai treniruokli\u0173 sal\u0117s \u012franga, skirta efektyviai keturgalvi\u0173, s\u0117dmen\u0173 ir \u0161laun\u0173 raumen\u0173 j\u0117gos treniruotei.\",\"breadcrumb\":{\"@id\":\"https:\/\/gymfactory.eu\/lt\/produktas\/d3x-koju-spaudimo-masina\/#breadcrumb\"},\"inLanguage\":\"lt-LT\",\"potentialAction\":[{\"@type\":\"ReadAction\",\"target\":[\"https:\/\/gymfactory.eu\/lt\/produktas\/d3x-koju-spaudimo-masina\/\"]}]},{\"@type\":\"ImageObject\",\"inLanguage\":\"lt-LT\",\"@id\":\"https:\/\/gymfactory.eu\/lt\/produktas\/d3x-koju-spaudimo-masina\/#primaryimage\",\"url\":\"https:\/\/gymfactory.eu\/wp-content\/uploads\/2025\/01\/gym-machine-D3X-leg-press-front-view-1.webp\",\"contentUrl\":\"https:\/\/gymfactory.eu\/wp-content\/uploads\/2025\/01\/gym-machine-D3X-leg-press-front-view-1.webp\",\"width\":1500,\"height\":1500,\"caption\":\"Visas D3X koj\u0173 preso treniruoklio vaizdas i\u0161 priekio, i\u0161ry\u0161kinantis tvirt\u0105 r\u0117m\u0105, pamink\u0161tint\u0105 s\u0117dyn\u0119 ir kampines p\u0117d\u0173 plok\u0161tes. \u0160is j\u0117gos treniruoklis palaiko kontroliuojamo pasiprie\u0161inimo treniruotes, tod\u0117l yra vertingas bet kurios sporto sal\u0117s priedas, skirtas apatin\u0117s k\u016bno dalies raumen\u0173 grup\u0117ms lavinti.\"},{\"@type\":\"BreadcrumbList\",\"@id\":\"https:\/\/gymfactory.eu\/lt\/produktas\/d3x-koju-spaudimo-masina\/#breadcrumb\",\"itemListElement\":[{\"@type\":\"ListItem\",\"position\":1,\"name\":\"Pagrindinis\",\"item\":\"https:\/\/gymfactory.eu\/lt\/\"},{\"@type\":\"ListItem\",\"position\":2,\"name\":\"Katalogas\",\"item\":\"https:\/\/gymfactory.eu\/lt\/katalogas\/\"},{\"@type\":\"ListItem\",\"position\":3,\"name\":\"D3X Koj\u0173 spaudimo &#8220;Leg prees&#8221; treniruoklis\"}]},{\"@type\":\"WebSite\",\"@id\":\"https:\/\/gymfactory.eu\/lt\/#website\",\"url\":\"https:\/\/gymfactory.eu\/lt\/\",\"name\":\"Gym Factory\",\"description\":\"\",\"publisher\":{\"@id\":\"https:\/\/gymfactory.eu\/lt\/#organization\"},\"potentialAction\":[{\"@type\":\"SearchAction\",\"target\":{\"@type\":\"EntryPoint\",\"urlTemplate\":\"https:\/\/gymfactory.eu\/lt\/?s={search_term_string}\"},\"query-input\":{\"@type\":\"PropertyValueSpecification\",\"valueRequired\":true,\"valueName\":\"search_term_string\"}}],\"inLanguage\":\"lt-LT\"},{\"@type\":\"Organization\",\"@id\":\"https:\/\/gymfactory.eu\/lt\/#organization\",\"name\":\"Sporto sal\u0117s gamykla\",\"url\":\"https:\/\/gymfactory.eu\/lt\/\",\"logo\":{\"@type\":\"ImageObject\",\"inLanguage\":\"lt-LT\",\"@id\":\"https:\/\/gymfactory.eu\/lt\/#\/schema\/logo\/image\/\",\"url\":\"https:\/\/gymfactory.eu\/wp-content\/uploads\/2024\/11\/Component-1.svg\",\"contentUrl\":\"https:\/\/gymfactory.eu\/wp-content\/uploads\/2024\/11\/Component-1.svg\",\"width\":54,\"height\":44,\"caption\":\"Sporto sal\u0117s gamykla\"},\"image\":{\"@id\":\"https:\/\/gymfactory.eu\/lt\/#\/schema\/logo\/image\/\"}}]}<\/script>\n<!-- \/ Yoast SEO plugin. -->","yoast_head_json":{"title":"D3X koj\u0173 spaudimo ma\u0161ina | Sporto sal\u0117s \u012franga j\u0117gos treniruot\u0117ms","description":"Norite sustiprinti apatin\u0119 k\u016bno dal\u012f? D3X koj\u0173 spaudimo \u012frenginys - tai treniruokli\u0173 sal\u0117s \u012franga, skirta efektyviai keturgalvi\u0173, s\u0117dmen\u0173 ir \u0161laun\u0173 raumen\u0173 j\u0117gos treniruotei.","robots":{"index":"index","follow":"follow","max-snippet":"max-snippet:-1","max-image-preview":"max-image-preview:large","max-video-preview":"max-video-preview:-1"},"canonical":"https:\/\/gymfactory.eu\/lt\/produktas\/d3x-koju-spaudimo-masina\/","og_locale":"lt_LT","og_type":"article","og_title":"D3X koj\u0173 spaudimo ma\u0161ina | Sporto sal\u0117s \u012franga j\u0117gos treniruot\u0117ms","og_description":"Norite sustiprinti apatin\u0119 k\u016bno dal\u012f? D3X koj\u0173 spaudimo \u012frenginys - tai treniruokli\u0173 sal\u0117s \u012franga, skirta efektyviai keturgalvi\u0173, s\u0117dmen\u0173 ir \u0161laun\u0173 raumen\u0173 j\u0117gos treniruotei.","og_url":"https:\/\/gymfactory.eu\/lt\/produktas\/d3x-koju-spaudimo-masina\/","og_site_name":"Gym Factory","article_modified_time":"2025-11-20T13:26:43+00:00","og_image":[{"width":1500,"height":1500,"url":"https:\/\/gymfactory.eu\/wp-content\/uploads\/2025\/01\/gym-machine-D3X-leg-press-front-view-1.webp","type":"image\/webp"}],"twitter_card":"summary_large_image","twitter_misc":{"Est. reading time":"1 minut\u0117"},"schema":{"@context":"https:\/\/schema.org","@graph":[{"@type":"WebPage","@id":"https:\/\/gymfactory.eu\/lt\/produktas\/d3x-koju-spaudimo-masina\/","url":"https:\/\/gymfactory.eu\/lt\/produktas\/d3x-koju-spaudimo-masina\/","name":"D3X koj\u0173 spaudimo ma\u0161ina | Sporto sal\u0117s \u012franga j\u0117gos treniruot\u0117ms","isPartOf":{"@id":"https:\/\/gymfactory.eu\/lt\/#website"},"primaryImageOfPage":{"@id":"https:\/\/gymfactory.eu\/lt\/produktas\/d3x-koju-spaudimo-masina\/#primaryimage"},"image":{"@id":"https:\/\/gymfactory.eu\/lt\/produktas\/d3x-koju-spaudimo-masina\/#primaryimage"},"thumbnailUrl":"https:\/\/gymfactory.eu\/wp-content\/uploads\/2025\/01\/gym-machine-D3X-leg-press-front-view-1.webp","datePublished":"2025-01-29T08:07:07+00:00","dateModified":"2025-11-20T13:26:43+00:00","description":"Norite sustiprinti apatin\u0119 k\u016bno dal\u012f? D3X koj\u0173 spaudimo \u012frenginys - tai treniruokli\u0173 sal\u0117s \u012franga, skirta efektyviai keturgalvi\u0173, s\u0117dmen\u0173 ir \u0161laun\u0173 raumen\u0173 j\u0117gos treniruotei.","breadcrumb":{"@id":"https:\/\/gymfactory.eu\/lt\/produktas\/d3x-koju-spaudimo-masina\/#breadcrumb"},"inLanguage":"lt-LT","potentialAction":[{"@type":"ReadAction","target":["https:\/\/gymfactory.eu\/lt\/produktas\/d3x-koju-spaudimo-masina\/"]}]},{"@type":"ImageObject","inLanguage":"lt-LT","@id":"https:\/\/gymfactory.eu\/lt\/produktas\/d3x-koju-spaudimo-masina\/#primaryimage","url":"https:\/\/gymfactory.eu\/wp-content\/uploads\/2025\/01\/gym-machine-D3X-leg-press-front-view-1.webp","contentUrl":"https:\/\/gymfactory.eu\/wp-content\/uploads\/2025\/01\/gym-machine-D3X-leg-press-front-view-1.webp","width":1500,"height":1500,"caption":"Visas D3X koj\u0173 preso treniruoklio vaizdas i\u0161 priekio, i\u0161ry\u0161kinantis tvirt\u0105 r\u0117m\u0105, pamink\u0161tint\u0105 s\u0117dyn\u0119 ir kampines p\u0117d\u0173 plok\u0161tes. \u0160is j\u0117gos treniruoklis palaiko kontroliuojamo pasiprie\u0161inimo treniruotes, tod\u0117l yra vertingas bet kurios sporto sal\u0117s priedas, skirtas apatin\u0117s k\u016bno dalies raumen\u0173 grup\u0117ms lavinti."},{"@type":"BreadcrumbList","@id":"https:\/\/gymfactory.eu\/lt\/produktas\/d3x-koju-spaudimo-masina\/#breadcrumb","itemListElement":[{"@type":"ListItem","position":1,"name":"Pagrindinis","item":"https:\/\/gymfactory.eu\/lt\/"},{"@type":"ListItem","position":2,"name":"Katalogas","item":"https:\/\/gymfactory.eu\/lt\/katalogas\/"},{"@type":"ListItem","position":3,"name":"D3X Koj\u0173 spaudimo &#8220;Leg prees&#8221; treniruoklis"}]},{"@type":"WebSite","@id":"https:\/\/gymfactory.eu\/lt\/#website","url":"https:\/\/gymfactory.eu\/lt\/","name":"Gym Factory","description":"","publisher":{"@id":"https:\/\/gymfactory.eu\/lt\/#organization"},"potentialAction":[{"@type":"SearchAction","target":{"@type":"EntryPoint","urlTemplate":"https:\/\/gymfactory.eu\/lt\/?s={search_term_string}"},"query-input":{"@type":"PropertyValueSpecification","valueRequired":true,"valueName":"search_term_string"}}],"inLanguage":"lt-LT"},{"@type":"Organization","@id":"https:\/\/gymfactory.eu\/lt\/#organization","name":"Sporto sal\u0117s gamykla","url":"https:\/\/gymfactory.eu\/lt\/","logo":{"@type":"ImageObject","inLanguage":"lt-LT","@id":"https:\/\/gymfactory.eu\/lt\/#\/schema\/logo\/image\/","url":"https:\/\/gymfactory.eu\/wp-content\/uploads\/2024\/11\/Component-1.svg","contentUrl":"https:\/\/gymfactory.eu\/wp-content\/uploads\/2024\/11\/Component-1.svg","width":54,"height":44,"caption":"Sporto sal\u0117s gamykla"},"image":{"@id":"https:\/\/gymfactory.eu\/lt\/#\/schema\/logo\/image\/"}}]}},"_links":{"self":[{"href":"https:\/\/gymfactory.eu\/lt\/wp-json\/wp\/v2\/product\/10537","targetHints":{"allow":["GET"]}}],"collection":[{"href":"https:\/\/gymfactory.eu\/lt\/wp-json\/wp\/v2\/product"}],"about":[{"href":"https:\/\/gymfactory.eu\/lt\/wp-json\/wp\/v2\/types\/product"}],"wp:featuredmedia":[{"embeddable":true,"href":"https:\/\/gymfactory.eu\/lt\/wp-json\/wp\/v2\/media\/8256"}],"wp:attachment":[{"href":"https:\/\/gymfactory.eu\/lt\/wp-json\/wp\/v2\/media?parent=10537"}],"wp:term":[{"taxonomy":"product_brand","embeddable":true,"href":"https:\/\/gymfactory.eu\/lt\/wp-json\/wp\/v2\/product_brand?post=10537"},{"taxonomy":"product_cat","embeddable":true,"href":"https:\/\/gymfactory.eu\/lt\/wp-json\/wp\/v2\/product_cat?post=10537"},{"taxonomy":"product_tag","embeddable":true,"href":"https:\/\/gymfactory.eu\/lt\/wp-json\/wp\/v2\/product_tag?post=10537"}],"curies":[{"name":"wp","href":"https:\/\/api.w.org\/{rel}","templated":true}]}}