{"id":10526,"date":"2025-01-28T11:53:58","date_gmt":"2025-01-28T09:53:58","guid":{"rendered":"https:\/\/gymfactory.eu\/product\/b11-ultimate-power-rack\/"},"modified":"2025-11-20T13:42:20","modified_gmt":"2025-11-20T11:42:20","slug":"b11-ultimate-power-rack","status":"publish","type":"product","link":"https:\/\/gymfactory.eu\/lt\/produktas\/b11-ultimate-power-rack\/","title":{"rendered":"B11 Daugiafunkcinis j\u0117gos treniruoklis"},"content":{"rendered":"<p>B11 \u2013 tai daugiafunkcinis j\u0117gos treniruoklis, sukurtas nam\u0173 sporto sal\u0117ms, ta\u010diau visi\u0161kai tinkamas ir profesionaliam naudojimui. Kompakti\u0161kas, bet universalus sprendimas, kai svarbu ir vietos taupymas, ir treniruo\u010di\u0173 \u012fvairov\u0117.<\/p>\n<p><strong>Stovas apjungia tris pagrindinius elementus:<\/strong><\/p>\n<ul>\n<li>\u0160tangos stovas su dviem J formos laikikliais ir apsaugin\u0117mis atramomis \u2013 pratimams su laisvaisiais svoriais.<\/li>\n<li>Fiksuotos \u0161tangos stovas su integruotu fiksavimo mechanizmu ir daugybe u\u017erakinimo pad\u0117\u010di\u0173 \u2013 saugesn\u0117 alternatyva klasikinei \u0161tangai.<\/li>\n<li>Dviguba reguliuojama tros\u0173 sistema su vienarank\u0117mis rankenomis \u2013 pla\u010diam funkcini\u0173 pratim\u0173 pasirinkimui.<\/li>\n<\/ul>\n<p>Fiksuotos \u0161tangos stovas leid\u017eia saugiai atlikti prit\u016bpimus, spaudimus nuo suolelio ar spaudimus vir\u0161 galvos \u2013 judesys yra valdomas ir stabilus. Tros\u0173 sistema suteikia galimyb\u0119 atlikti daugyb\u0119 pratim\u0173: vir\u0161utinius traukimus, traukas s\u0117dint, biceps\u0173 lenkimus, triceps\u0173 st\u016bmimus, \u201ecable fly\u201c, \u201eface pull\u201c ir daugiau. \u0160tangos stovas tinkamas klasikiniams pratimams su laisvaisiais svoriais \u2013 prit\u016bpimams, &#8222;mirties traukai&#8221;, \u0161tangos spaudimui.<\/p>\n<p>Visi komponentai turi kelis reguliavimo ir fiksavimo ta\u0161kus \u2013 tai leid\u017eia tiksliai prisitaikyti prie skirting\u0173 pratim\u0173 ir naudotojo \u016bgio.<\/p>\n<p>B11 \u2013 tai prakti\u0161kas ir funkcionalus sprendimas nam\u0173 sporto salei, kai ie\u0161koma maksimalaus universalumo viename \u012frenginyje.<br \/>\nNorint dar daugiau galimybi\u0173, rekomenduojame derinti su <a href=\"https:\/\/gymfactory.eu\/lt\/produktas\/j2-reguliuojamas-suolas\/\" target=\"_blank\" rel=\"noopener\">J2<\/a> arba <a href=\"https:\/\/gymfactory.eu\/lt\/produktas\/j3-reguliuojamas-suolas\/\" target=\"_blank\" rel=\"noopener\">J3 reguliuojamais suoleliais<\/a>.<\/p>\n\n    <div class=\"xs_social_share_widget xs_share_url after_content \t\tmain_content  wslu-style-1 wslu-share-box-shaped wslu-fill-colored wslu-none wslu-share-horizontal wslu-theme-font-no wslu-main_content\">\n\n\t\t\n        <ul>\n\t\t\t        <\/ul>\n    <\/div> \n","protected":false},"excerpt":{"rendered":"<p>B11 \u2013 tai daugiafunkcinis j\u0117gos treniruoklis, sukurtas nam\u0173 sporto sal\u0117ms, ta\u010diau visi\u0161kai tinkamas ir profesionaliam naudojimui. Kompakti\u0161kas, bet universalus sprendimas, kai svarbu ir vietos taupymas, ir treniruo\u010di\u0173 \u012fvairov\u0117. Stovas apjungia tris pagrindinius elementus: \u0160tangos stovas su dviem J formos laikikliais ir apsaugin\u0117mis atramomis \u2013 pratimams su laisvaisiais svoriais. Fiksuotos \u0161tangos stovas su integruotu fiksavimo mechanizmu [&hellip;]<\/p>\n","protected":false},"featured_media":29225,"template":"","meta":{"_acf_changed":false},"product_brand":[817],"product_cat":[466],"product_tag":[674,415],"class_list":{"0":"post-10526","1":"product","2":"type-product","3":"status-publish","4":"has-post-thumbnail","6":"product_brand-gym-factory-lt","7":"product_cat-blokiniai-treniruokliai","8":"product_tag-populiarus","9":"product_tag-spalva-tik-metaline","11":"first","12":"onbackorder","13":"taxable","14":"shipping-taxable","15":"purchasable","16":"product-type-variable","17":"has-default-attributes"},"acf":[],"yoast_head":"<!-- This site is optimized with the Yoast SEO plugin v25.2 - https:\/\/yoast.com\/wordpress\/plugins\/seo\/ -->\n<title>&quot;B11 Ultimate Power Rack&quot; | Viso k\u016bno j\u0117gos treniruot\u0117s<\/title>\n<meta name=\"description\" content=\"Reikia galingos s\u0105rankos viso k\u016bno treniruot\u0117ms? &quot;B11 Ultimate Power Rack&quot; yra patvarus, universalus ir puikiai tinka rimtoms j\u0117gos treniruot\u0117ms bet kur.\" \/>\n<meta name=\"robots\" content=\"index, follow, max-snippet:-1, max-image-preview:large, max-video-preview:-1\" \/>\n<link rel=\"canonical\" href=\"https:\/\/gymfactory.eu\/lt\/produktas\/b11-ultimate-power-rack\/\" \/>\n<meta property=\"og:locale\" content=\"lt_LT\" \/>\n<meta property=\"og:type\" content=\"article\" \/>\n<meta property=\"og:title\" content=\"&quot;B11 Ultimate Power Rack&quot; | Viso k\u016bno j\u0117gos treniruot\u0117s\" \/>\n<meta property=\"og:description\" content=\"Reikia galingos s\u0105rankos viso k\u016bno treniruot\u0117ms? &quot;B11 Ultimate Power Rack&quot; yra patvarus, universalus ir puikiai tinka rimtoms j\u0117gos treniruot\u0117ms bet kur.\" \/>\n<meta property=\"og:url\" content=\"https:\/\/gymfactory.eu\/lt\/produktas\/b11-ultimate-power-rack\/\" \/>\n<meta property=\"og:site_name\" content=\"Gym Factory\" \/>\n<meta property=\"article:modified_time\" content=\"2025-11-20T11:42:20+00:00\" \/>\n<meta property=\"og:image\" content=\"https:\/\/gymfactory.eu\/wp-content\/uploads\/2025\/01\/gym-machine-B11-black-frame-1.webp\" \/>\n\t<meta property=\"og:image:width\" content=\"1500\" \/>\n\t<meta property=\"og:image:height\" content=\"1500\" \/>\n\t<meta property=\"og:image:type\" content=\"image\/webp\" \/>\n<meta name=\"twitter:card\" content=\"summary_large_image\" \/>\n<meta name=\"twitter:label1\" content=\"Est. reading time\" \/>\n\t<meta name=\"twitter:data1\" content=\"1 minut\u0117\" \/>\n<script type=\"application\/ld+json\" class=\"yoast-schema-graph\">{\"@context\":\"https:\/\/schema.org\",\"@graph\":[{\"@type\":\"WebPage\",\"@id\":\"https:\/\/gymfactory.eu\/lt\/produktas\/b11-ultimate-power-rack\/\",\"url\":\"https:\/\/gymfactory.eu\/lt\/produktas\/b11-ultimate-power-rack\/\",\"name\":\"\\\"B11 Ultimate Power Rack\\\" | Viso k\u016bno j\u0117gos treniruot\u0117s\",\"isPartOf\":{\"@id\":\"https:\/\/gymfactory.eu\/lt\/#website\"},\"primaryImageOfPage\":{\"@id\":\"https:\/\/gymfactory.eu\/lt\/produktas\/b11-ultimate-power-rack\/#primaryimage\"},\"image\":{\"@id\":\"https:\/\/gymfactory.eu\/lt\/produktas\/b11-ultimate-power-rack\/#primaryimage\"},\"thumbnailUrl\":\"https:\/\/gymfactory.eu\/wp-content\/uploads\/2026\/03\/b11-power-rack-smith-machine-cable-system.jpg\",\"datePublished\":\"2025-01-28T09:53:58+00:00\",\"dateModified\":\"2025-11-20T11:42:20+00:00\",\"description\":\"Reikia galingos s\u0105rankos viso k\u016bno treniruot\u0117ms? \\\"B11 Ultimate Power Rack\\\" yra patvarus, universalus ir puikiai tinka rimtoms j\u0117gos treniruot\u0117ms bet kur.\",\"breadcrumb\":{\"@id\":\"https:\/\/gymfactory.eu\/lt\/produktas\/b11-ultimate-power-rack\/#breadcrumb\"},\"inLanguage\":\"lt-LT\",\"potentialAction\":[{\"@type\":\"ReadAction\",\"target\":[\"https:\/\/gymfactory.eu\/lt\/produktas\/b11-ultimate-power-rack\/\"]}]},{\"@type\":\"ImageObject\",\"inLanguage\":\"lt-LT\",\"@id\":\"https:\/\/gymfactory.eu\/lt\/produktas\/b11-ultimate-power-rack\/#primaryimage\",\"url\":\"https:\/\/gymfactory.eu\/wp-content\/uploads\/2026\/03\/b11-power-rack-smith-machine-cable-system.jpg\",\"contentUrl\":\"https:\/\/gymfactory.eu\/wp-content\/uploads\/2026\/03\/b11-power-rack-smith-machine-cable-system.jpg\",\"width\":1500,\"height\":1500,\"caption\":\"Power rack, Smith machine and cable system combined into one structure\"},{\"@type\":\"BreadcrumbList\",\"@id\":\"https:\/\/gymfactory.eu\/lt\/produktas\/b11-ultimate-power-rack\/#breadcrumb\",\"itemListElement\":[{\"@type\":\"ListItem\",\"position\":1,\"name\":\"Pagrindinis\",\"item\":\"https:\/\/gymfactory.eu\/lt\/\"},{\"@type\":\"ListItem\",\"position\":2,\"name\":\"Katalogas\",\"item\":\"https:\/\/gymfactory.eu\/lt\/katalogas\/\"},{\"@type\":\"ListItem\",\"position\":3,\"name\":\"B11 Daugiafunkcinis j\u0117gos treniruoklis\"}]},{\"@type\":\"WebSite\",\"@id\":\"https:\/\/gymfactory.eu\/lt\/#website\",\"url\":\"https:\/\/gymfactory.eu\/lt\/\",\"name\":\"Gym Factory\",\"description\":\"\",\"publisher\":{\"@id\":\"https:\/\/gymfactory.eu\/lt\/#organization\"},\"potentialAction\":[{\"@type\":\"SearchAction\",\"target\":{\"@type\":\"EntryPoint\",\"urlTemplate\":\"https:\/\/gymfactory.eu\/lt\/?s={search_term_string}\"},\"query-input\":{\"@type\":\"PropertyValueSpecification\",\"valueRequired\":true,\"valueName\":\"search_term_string\"}}],\"inLanguage\":\"lt-LT\"},{\"@type\":\"Organization\",\"@id\":\"https:\/\/gymfactory.eu\/lt\/#organization\",\"name\":\"Sporto sal\u0117s gamykla\",\"url\":\"https:\/\/gymfactory.eu\/lt\/\",\"logo\":{\"@type\":\"ImageObject\",\"inLanguage\":\"lt-LT\",\"@id\":\"https:\/\/gymfactory.eu\/lt\/#\/schema\/logo\/image\/\",\"url\":\"https:\/\/gymfactory.eu\/wp-content\/uploads\/2024\/11\/Component-1.svg\",\"contentUrl\":\"https:\/\/gymfactory.eu\/wp-content\/uploads\/2024\/11\/Component-1.svg\",\"width\":54,\"height\":44,\"caption\":\"Sporto sal\u0117s gamykla\"},\"image\":{\"@id\":\"https:\/\/gymfactory.eu\/lt\/#\/schema\/logo\/image\/\"}}]}<\/script>\n<!-- \/ Yoast SEO plugin. -->","yoast_head_json":{"title":"\"B11 Ultimate Power Rack\" | Viso k\u016bno j\u0117gos treniruot\u0117s","description":"Reikia galingos s\u0105rankos viso k\u016bno treniruot\u0117ms? \"B11 Ultimate Power Rack\" yra patvarus, universalus ir puikiai tinka rimtoms j\u0117gos treniruot\u0117ms bet kur.","robots":{"index":"index","follow":"follow","max-snippet":"max-snippet:-1","max-image-preview":"max-image-preview:large","max-video-preview":"max-video-preview:-1"},"canonical":"https:\/\/gymfactory.eu\/lt\/produktas\/b11-ultimate-power-rack\/","og_locale":"lt_LT","og_type":"article","og_title":"\"B11 Ultimate Power Rack\" | Viso k\u016bno j\u0117gos treniruot\u0117s","og_description":"Reikia galingos s\u0105rankos viso k\u016bno treniruot\u0117ms? \"B11 Ultimate Power Rack\" yra patvarus, universalus ir puikiai tinka rimtoms j\u0117gos treniruot\u0117ms bet kur.","og_url":"https:\/\/gymfactory.eu\/lt\/produktas\/b11-ultimate-power-rack\/","og_site_name":"Gym Factory","article_modified_time":"2025-11-20T11:42:20+00:00","og_image":[{"width":1500,"height":1500,"url":"https:\/\/gymfactory.eu\/wp-content\/uploads\/2025\/01\/gym-machine-B11-black-frame-1.webp","type":"image\/webp"}],"twitter_card":"summary_large_image","twitter_misc":{"Est. reading time":"1 minut\u0117"},"schema":{"@context":"https:\/\/schema.org","@graph":[{"@type":"WebPage","@id":"https:\/\/gymfactory.eu\/lt\/produktas\/b11-ultimate-power-rack\/","url":"https:\/\/gymfactory.eu\/lt\/produktas\/b11-ultimate-power-rack\/","name":"\"B11 Ultimate Power Rack\" | Viso k\u016bno j\u0117gos treniruot\u0117s","isPartOf":{"@id":"https:\/\/gymfactory.eu\/lt\/#website"},"primaryImageOfPage":{"@id":"https:\/\/gymfactory.eu\/lt\/produktas\/b11-ultimate-power-rack\/#primaryimage"},"image":{"@id":"https:\/\/gymfactory.eu\/lt\/produktas\/b11-ultimate-power-rack\/#primaryimage"},"thumbnailUrl":"https:\/\/gymfactory.eu\/wp-content\/uploads\/2026\/03\/b11-power-rack-smith-machine-cable-system.jpg","datePublished":"2025-01-28T09:53:58+00:00","dateModified":"2025-11-20T11:42:20+00:00","description":"Reikia galingos s\u0105rankos viso k\u016bno treniruot\u0117ms? \"B11 Ultimate Power Rack\" yra patvarus, universalus ir puikiai tinka rimtoms j\u0117gos treniruot\u0117ms bet kur.","breadcrumb":{"@id":"https:\/\/gymfactory.eu\/lt\/produktas\/b11-ultimate-power-rack\/#breadcrumb"},"inLanguage":"lt-LT","potentialAction":[{"@type":"ReadAction","target":["https:\/\/gymfactory.eu\/lt\/produktas\/b11-ultimate-power-rack\/"]}]},{"@type":"ImageObject","inLanguage":"lt-LT","@id":"https:\/\/gymfactory.eu\/lt\/produktas\/b11-ultimate-power-rack\/#primaryimage","url":"https:\/\/gymfactory.eu\/wp-content\/uploads\/2026\/03\/b11-power-rack-smith-machine-cable-system.jpg","contentUrl":"https:\/\/gymfactory.eu\/wp-content\/uploads\/2026\/03\/b11-power-rack-smith-machine-cable-system.jpg","width":1500,"height":1500,"caption":"Power rack, Smith machine and cable system combined into one structure"},{"@type":"BreadcrumbList","@id":"https:\/\/gymfactory.eu\/lt\/produktas\/b11-ultimate-power-rack\/#breadcrumb","itemListElement":[{"@type":"ListItem","position":1,"name":"Pagrindinis","item":"https:\/\/gymfactory.eu\/lt\/"},{"@type":"ListItem","position":2,"name":"Katalogas","item":"https:\/\/gymfactory.eu\/lt\/katalogas\/"},{"@type":"ListItem","position":3,"name":"B11 Daugiafunkcinis j\u0117gos treniruoklis"}]},{"@type":"WebSite","@id":"https:\/\/gymfactory.eu\/lt\/#website","url":"https:\/\/gymfactory.eu\/lt\/","name":"Gym Factory","description":"","publisher":{"@id":"https:\/\/gymfactory.eu\/lt\/#organization"},"potentialAction":[{"@type":"SearchAction","target":{"@type":"EntryPoint","urlTemplate":"https:\/\/gymfactory.eu\/lt\/?s={search_term_string}"},"query-input":{"@type":"PropertyValueSpecification","valueRequired":true,"valueName":"search_term_string"}}],"inLanguage":"lt-LT"},{"@type":"Organization","@id":"https:\/\/gymfactory.eu\/lt\/#organization","name":"Sporto sal\u0117s gamykla","url":"https:\/\/gymfactory.eu\/lt\/","logo":{"@type":"ImageObject","inLanguage":"lt-LT","@id":"https:\/\/gymfactory.eu\/lt\/#\/schema\/logo\/image\/","url":"https:\/\/gymfactory.eu\/wp-content\/uploads\/2024\/11\/Component-1.svg","contentUrl":"https:\/\/gymfactory.eu\/wp-content\/uploads\/2024\/11\/Component-1.svg","width":54,"height":44,"caption":"Sporto sal\u0117s gamykla"},"image":{"@id":"https:\/\/gymfactory.eu\/lt\/#\/schema\/logo\/image\/"}}]}},"_links":{"self":[{"href":"https:\/\/gymfactory.eu\/lt\/wp-json\/wp\/v2\/product\/10526","targetHints":{"allow":["GET"]}}],"collection":[{"href":"https:\/\/gymfactory.eu\/lt\/wp-json\/wp\/v2\/product"}],"about":[{"href":"https:\/\/gymfactory.eu\/lt\/wp-json\/wp\/v2\/types\/product"}],"wp:featuredmedia":[{"embeddable":true,"href":"https:\/\/gymfactory.eu\/lt\/wp-json\/wp\/v2\/media\/29225"}],"wp:attachment":[{"href":"https:\/\/gymfactory.eu\/lt\/wp-json\/wp\/v2\/media?parent=10526"}],"wp:term":[{"taxonomy":"product_brand","embeddable":true,"href":"https:\/\/gymfactory.eu\/lt\/wp-json\/wp\/v2\/product_brand?post=10526"},{"taxonomy":"product_cat","embeddable":true,"href":"https:\/\/gymfactory.eu\/lt\/wp-json\/wp\/v2\/product_cat?post=10526"},{"taxonomy":"product_tag","embeddable":true,"href":"https:\/\/gymfactory.eu\/lt\/wp-json\/wp\/v2\/product_tag?post=10526"}],"curies":[{"name":"wp","href":"https:\/\/api.w.org\/{rel}","templated":true}]}}