{"id":10521,"date":"2025-01-28T11:06:07","date_gmt":"2025-01-28T09:06:07","guid":{"rendered":"https:\/\/gymfactory.eu\/product\/b5xx-peciu-ir-krutines-spaudimo-masina\/"},"modified":"2025-11-20T14:02:50","modified_gmt":"2025-11-20T12:02:50","slug":"b5xx-peciu-ir-krutines-spaudimo-masina","status":"publish","type":"product","link":"https:\/\/gymfactory.eu\/lt\/produktas\/b5xx-peciu-ir-krutines-spaudimo-masina\/","title":{"rendered":"B5XX Smito treniruoklis"},"content":{"rendered":"<p>B5XX \u2013 didel\u0117s apimties daugiafunkcis treniruoklis, skirtas tikslingai vir\u0161utin\u0117s k\u016bno dalies j\u0117gos treniruotei. Tinka tiek sporto klubams, tiek nam\u0173 sal\u0117ms \u2013 leid\u017eia atlikti kelis skirtingus pratimus viename \u012frenginyje.<\/p>\n<p>Su B5XX galima atlikti pe\u010di\u0173 spaudim\u0105, taip pat kr\u016btin\u0117s spaudimus lygiu arba \u012fvairiais kampais. Judesys pradedamas pla\u010diau ir vir\u0161uje susiaur\u0117ja \u2013 tai sukuria nat\u016brali\u0105 jud\u0117jimo trajektorij\u0105, u\u017etikrinan\u010di\u0105 stipr\u0173 kr\u016btin\u0117s tempim\u0105 apa\u010dioje ir efektyv\u0173 susitraukim\u0105 vir\u0161uje.<\/p>\n<p>S\u0117dyn\u0117s auk\u0161tis, atlo\u0161o kampas ir visos s\u0117dyn\u0117s pad\u0117tis reguliuojama \u2013 ji slankioja b\u0117geliu konstrukcijoje, tod\u0117l naudotojas gali tiksliai prisitaikyti pagal savo \u016bg\u012f ir pratimo tip\u0105.<\/p>\n<p>\u0160is sprendimas u\u017etikrina komfort\u0105, lankstum\u0105, i\u0161laikant saugi\u0105 ir koncentruot\u0105 treniruot\u0119.<\/p>\n\n    <div class=\"xs_social_share_widget xs_share_url after_content \t\tmain_content  wslu-style-1 wslu-share-box-shaped wslu-fill-colored wslu-none wslu-share-horizontal wslu-theme-font-no wslu-main_content\">\n\n\t\t\n        <ul>\n\t\t\t        <\/ul>\n    <\/div> \n","protected":false},"excerpt":{"rendered":"<p>B5XX \u2013 didel\u0117s apimties daugiafunkcis treniruoklis, skirtas tikslingai vir\u0161utin\u0117s k\u016bno dalies j\u0117gos treniruotei. Tinka tiek sporto klubams, tiek nam\u0173 sal\u0117ms \u2013 leid\u017eia atlikti kelis skirtingus pratimus viename \u012frenginyje. Su B5XX galima atlikti pe\u010di\u0173 spaudim\u0105, taip pat kr\u016btin\u0117s spaudimus lygiu arba \u012fvairiais kampais. Judesys pradedamas pla\u010diau ir vir\u0161uje susiaur\u0117ja \u2013 tai sukuria nat\u016brali\u0105 jud\u0117jimo trajektorij\u0105, u\u017etikrinan\u010di\u0105 [&hellip;]<\/p>\n","protected":false},"featured_media":27836,"template":"","meta":{"_acf_changed":false},"product_brand":[817],"product_cat":[421],"product_tag":[674],"class_list":{"0":"post-10521","1":"product","2":"type-product","3":"status-publish","4":"has-post-thumbnail","6":"product_brand-gym-factory-lt","7":"product_cat-laisvu-svoriu-treniruokliai","8":"product_tag-populiarus","10":"first","11":"onbackorder","12":"taxable","13":"shipping-taxable","14":"purchasable","15":"product-type-variable","16":"has-default-attributes"},"acf":[],"yoast_head":"<!-- This site is optimized with the Yoast SEO plugin v25.2 - https:\/\/yoast.com\/wordpress\/plugins\/seo\/ -->\n<title>B5XX pe\u010di\u0173 ir kr\u016btin\u0117s spaudimo ma\u0161ina | 2-in-1 treniruokli\u0173 sal\u0117s \u012franga<\/title>\n<meta name=\"description\" content=\"Norite vienu treniruokliu treniruoti kr\u016btin\u0119 ir pe\u010dius? B5XX pe\u010di\u0173 ir kr\u016btin\u0117s spaudimo aparatas yra b\u016btina sporto sal\u0117s \u012franga j\u0117gos treniruot\u0117ms.\" \/>\n<meta name=\"robots\" content=\"index, follow, max-snippet:-1, max-image-preview:large, max-video-preview:-1\" \/>\n<link rel=\"canonical\" href=\"https:\/\/gymfactory.eu\/lt\/produktas\/b5xx-peciu-ir-krutines-spaudimo-masina\/\" \/>\n<meta property=\"og:locale\" content=\"lt_LT\" \/>\n<meta property=\"og:type\" content=\"article\" \/>\n<meta property=\"og:title\" content=\"B5XX pe\u010di\u0173 ir kr\u016btin\u0117s spaudimo ma\u0161ina | 2-in-1 treniruokli\u0173 sal\u0117s \u012franga\" \/>\n<meta property=\"og:description\" content=\"Norite vienu treniruokliu treniruoti kr\u016btin\u0119 ir pe\u010dius? B5XX pe\u010di\u0173 ir kr\u016btin\u0117s spaudimo aparatas yra b\u016btina sporto sal\u0117s \u012franga j\u0117gos treniruot\u0117ms.\" \/>\n<meta property=\"og:url\" content=\"https:\/\/gymfactory.eu\/lt\/produktas\/b5xx-peciu-ir-krutines-spaudimo-masina\/\" \/>\n<meta property=\"og:site_name\" content=\"Gym Factory\" \/>\n<meta property=\"article:modified_time\" content=\"2025-11-20T12:02:50+00:00\" \/>\n<meta property=\"og:image\" content=\"https:\/\/gymfactory.eu\/wp-content\/uploads\/2025\/01\/gym-machine-B5XX-overview-1.webp\" \/>\n\t<meta property=\"og:image:width\" content=\"1500\" \/>\n\t<meta property=\"og:image:height\" content=\"1500\" \/>\n\t<meta property=\"og:image:type\" content=\"image\/webp\" \/>\n<meta name=\"twitter:card\" content=\"summary_large_image\" \/>\n<meta name=\"twitter:label1\" content=\"Est. reading time\" \/>\n\t<meta name=\"twitter:data1\" content=\"1 minut\u0117\" \/>\n<script type=\"application\/ld+json\" class=\"yoast-schema-graph\">{\"@context\":\"https:\/\/schema.org\",\"@graph\":[{\"@type\":\"WebPage\",\"@id\":\"https:\/\/gymfactory.eu\/lt\/produktas\/b5xx-peciu-ir-krutines-spaudimo-masina\/\",\"url\":\"https:\/\/gymfactory.eu\/lt\/produktas\/b5xx-peciu-ir-krutines-spaudimo-masina\/\",\"name\":\"B5XX pe\u010di\u0173 ir kr\u016btin\u0117s spaudimo ma\u0161ina | 2-in-1 treniruokli\u0173 sal\u0117s \u012franga\",\"isPartOf\":{\"@id\":\"https:\/\/gymfactory.eu\/lt\/#website\"},\"primaryImageOfPage\":{\"@id\":\"https:\/\/gymfactory.eu\/lt\/produktas\/b5xx-peciu-ir-krutines-spaudimo-masina\/#primaryimage\"},\"image\":{\"@id\":\"https:\/\/gymfactory.eu\/lt\/produktas\/b5xx-peciu-ir-krutines-spaudimo-masina\/#primaryimage\"},\"thumbnailUrl\":\"https:\/\/gymfactory.eu\/wp-content\/uploads\/2025\/01\/gym-machine-B5XX-overview.webp\",\"datePublished\":\"2025-01-28T09:06:07+00:00\",\"dateModified\":\"2025-11-20T12:02:50+00:00\",\"description\":\"Norite vienu treniruokliu treniruoti kr\u016btin\u0119 ir pe\u010dius? B5XX pe\u010di\u0173 ir kr\u016btin\u0117s spaudimo aparatas yra b\u016btina sporto sal\u0117s \u012franga j\u0117gos treniruot\u0117ms.\",\"breadcrumb\":{\"@id\":\"https:\/\/gymfactory.eu\/lt\/produktas\/b5xx-peciu-ir-krutines-spaudimo-masina\/#breadcrumb\"},\"inLanguage\":\"lt-LT\",\"potentialAction\":[{\"@type\":\"ReadAction\",\"target\":[\"https:\/\/gymfactory.eu\/lt\/produktas\/b5xx-peciu-ir-krutines-spaudimo-masina\/\"]}]},{\"@type\":\"ImageObject\",\"inLanguage\":\"lt-LT\",\"@id\":\"https:\/\/gymfactory.eu\/lt\/produktas\/b5xx-peciu-ir-krutines-spaudimo-masina\/#primaryimage\",\"url\":\"https:\/\/gymfactory.eu\/wp-content\/uploads\/2025\/01\/gym-machine-B5XX-overview.webp\",\"contentUrl\":\"https:\/\/gymfactory.eu\/wp-content\/uploads\/2025\/01\/gym-machine-B5XX-overview.webp\",\"width\":1500,\"height\":1500,\"caption\":\"Full view of the B5XX gym machine, featuring an ergonomic incline bench, weight plate storage, and precision barbell guides. This strength-training gym machine is perfect for controlled presses, squats, and lower-body workouts.\"},{\"@type\":\"BreadcrumbList\",\"@id\":\"https:\/\/gymfactory.eu\/lt\/produktas\/b5xx-peciu-ir-krutines-spaudimo-masina\/#breadcrumb\",\"itemListElement\":[{\"@type\":\"ListItem\",\"position\":1,\"name\":\"Pagrindinis\",\"item\":\"https:\/\/gymfactory.eu\/lt\/\"},{\"@type\":\"ListItem\",\"position\":2,\"name\":\"Katalogas\",\"item\":\"https:\/\/gymfactory.eu\/lt\/katalogas\/\"},{\"@type\":\"ListItem\",\"position\":3,\"name\":\"B5XX Smito treniruoklis\"}]},{\"@type\":\"WebSite\",\"@id\":\"https:\/\/gymfactory.eu\/lt\/#website\",\"url\":\"https:\/\/gymfactory.eu\/lt\/\",\"name\":\"Gym Factory\",\"description\":\"\",\"publisher\":{\"@id\":\"https:\/\/gymfactory.eu\/lt\/#organization\"},\"potentialAction\":[{\"@type\":\"SearchAction\",\"target\":{\"@type\":\"EntryPoint\",\"urlTemplate\":\"https:\/\/gymfactory.eu\/lt\/?s={search_term_string}\"},\"query-input\":{\"@type\":\"PropertyValueSpecification\",\"valueRequired\":true,\"valueName\":\"search_term_string\"}}],\"inLanguage\":\"lt-LT\"},{\"@type\":\"Organization\",\"@id\":\"https:\/\/gymfactory.eu\/lt\/#organization\",\"name\":\"Sporto sal\u0117s gamykla\",\"url\":\"https:\/\/gymfactory.eu\/lt\/\",\"logo\":{\"@type\":\"ImageObject\",\"inLanguage\":\"lt-LT\",\"@id\":\"https:\/\/gymfactory.eu\/lt\/#\/schema\/logo\/image\/\",\"url\":\"https:\/\/gymfactory.eu\/wp-content\/uploads\/2024\/11\/Component-1.svg\",\"contentUrl\":\"https:\/\/gymfactory.eu\/wp-content\/uploads\/2024\/11\/Component-1.svg\",\"width\":54,\"height\":44,\"caption\":\"Sporto sal\u0117s gamykla\"},\"image\":{\"@id\":\"https:\/\/gymfactory.eu\/lt\/#\/schema\/logo\/image\/\"}}]}<\/script>\n<!-- \/ Yoast SEO plugin. -->","yoast_head_json":{"title":"B5XX pe\u010di\u0173 ir kr\u016btin\u0117s spaudimo ma\u0161ina | 2-in-1 treniruokli\u0173 sal\u0117s \u012franga","description":"Norite vienu treniruokliu treniruoti kr\u016btin\u0119 ir pe\u010dius? B5XX pe\u010di\u0173 ir kr\u016btin\u0117s spaudimo aparatas yra b\u016btina sporto sal\u0117s \u012franga j\u0117gos treniruot\u0117ms.","robots":{"index":"index","follow":"follow","max-snippet":"max-snippet:-1","max-image-preview":"max-image-preview:large","max-video-preview":"max-video-preview:-1"},"canonical":"https:\/\/gymfactory.eu\/lt\/produktas\/b5xx-peciu-ir-krutines-spaudimo-masina\/","og_locale":"lt_LT","og_type":"article","og_title":"B5XX pe\u010di\u0173 ir kr\u016btin\u0117s spaudimo ma\u0161ina | 2-in-1 treniruokli\u0173 sal\u0117s \u012franga","og_description":"Norite vienu treniruokliu treniruoti kr\u016btin\u0119 ir pe\u010dius? B5XX pe\u010di\u0173 ir kr\u016btin\u0117s spaudimo aparatas yra b\u016btina sporto sal\u0117s \u012franga j\u0117gos treniruot\u0117ms.","og_url":"https:\/\/gymfactory.eu\/lt\/produktas\/b5xx-peciu-ir-krutines-spaudimo-masina\/","og_site_name":"Gym Factory","article_modified_time":"2025-11-20T12:02:50+00:00","og_image":[{"width":1500,"height":1500,"url":"https:\/\/gymfactory.eu\/wp-content\/uploads\/2025\/01\/gym-machine-B5XX-overview-1.webp","type":"image\/webp"}],"twitter_card":"summary_large_image","twitter_misc":{"Est. reading time":"1 minut\u0117"},"schema":{"@context":"https:\/\/schema.org","@graph":[{"@type":"WebPage","@id":"https:\/\/gymfactory.eu\/lt\/produktas\/b5xx-peciu-ir-krutines-spaudimo-masina\/","url":"https:\/\/gymfactory.eu\/lt\/produktas\/b5xx-peciu-ir-krutines-spaudimo-masina\/","name":"B5XX pe\u010di\u0173 ir kr\u016btin\u0117s spaudimo ma\u0161ina | 2-in-1 treniruokli\u0173 sal\u0117s \u012franga","isPartOf":{"@id":"https:\/\/gymfactory.eu\/lt\/#website"},"primaryImageOfPage":{"@id":"https:\/\/gymfactory.eu\/lt\/produktas\/b5xx-peciu-ir-krutines-spaudimo-masina\/#primaryimage"},"image":{"@id":"https:\/\/gymfactory.eu\/lt\/produktas\/b5xx-peciu-ir-krutines-spaudimo-masina\/#primaryimage"},"thumbnailUrl":"https:\/\/gymfactory.eu\/wp-content\/uploads\/2025\/01\/gym-machine-B5XX-overview.webp","datePublished":"2025-01-28T09:06:07+00:00","dateModified":"2025-11-20T12:02:50+00:00","description":"Norite vienu treniruokliu treniruoti kr\u016btin\u0119 ir pe\u010dius? B5XX pe\u010di\u0173 ir kr\u016btin\u0117s spaudimo aparatas yra b\u016btina sporto sal\u0117s \u012franga j\u0117gos treniruot\u0117ms.","breadcrumb":{"@id":"https:\/\/gymfactory.eu\/lt\/produktas\/b5xx-peciu-ir-krutines-spaudimo-masina\/#breadcrumb"},"inLanguage":"lt-LT","potentialAction":[{"@type":"ReadAction","target":["https:\/\/gymfactory.eu\/lt\/produktas\/b5xx-peciu-ir-krutines-spaudimo-masina\/"]}]},{"@type":"ImageObject","inLanguage":"lt-LT","@id":"https:\/\/gymfactory.eu\/lt\/produktas\/b5xx-peciu-ir-krutines-spaudimo-masina\/#primaryimage","url":"https:\/\/gymfactory.eu\/wp-content\/uploads\/2025\/01\/gym-machine-B5XX-overview.webp","contentUrl":"https:\/\/gymfactory.eu\/wp-content\/uploads\/2025\/01\/gym-machine-B5XX-overview.webp","width":1500,"height":1500,"caption":"Full view of the B5XX gym machine, featuring an ergonomic incline bench, weight plate storage, and precision barbell guides. This strength-training gym machine is perfect for controlled presses, squats, and lower-body workouts."},{"@type":"BreadcrumbList","@id":"https:\/\/gymfactory.eu\/lt\/produktas\/b5xx-peciu-ir-krutines-spaudimo-masina\/#breadcrumb","itemListElement":[{"@type":"ListItem","position":1,"name":"Pagrindinis","item":"https:\/\/gymfactory.eu\/lt\/"},{"@type":"ListItem","position":2,"name":"Katalogas","item":"https:\/\/gymfactory.eu\/lt\/katalogas\/"},{"@type":"ListItem","position":3,"name":"B5XX Smito treniruoklis"}]},{"@type":"WebSite","@id":"https:\/\/gymfactory.eu\/lt\/#website","url":"https:\/\/gymfactory.eu\/lt\/","name":"Gym Factory","description":"","publisher":{"@id":"https:\/\/gymfactory.eu\/lt\/#organization"},"potentialAction":[{"@type":"SearchAction","target":{"@type":"EntryPoint","urlTemplate":"https:\/\/gymfactory.eu\/lt\/?s={search_term_string}"},"query-input":{"@type":"PropertyValueSpecification","valueRequired":true,"valueName":"search_term_string"}}],"inLanguage":"lt-LT"},{"@type":"Organization","@id":"https:\/\/gymfactory.eu\/lt\/#organization","name":"Sporto sal\u0117s gamykla","url":"https:\/\/gymfactory.eu\/lt\/","logo":{"@type":"ImageObject","inLanguage":"lt-LT","@id":"https:\/\/gymfactory.eu\/lt\/#\/schema\/logo\/image\/","url":"https:\/\/gymfactory.eu\/wp-content\/uploads\/2024\/11\/Component-1.svg","contentUrl":"https:\/\/gymfactory.eu\/wp-content\/uploads\/2024\/11\/Component-1.svg","width":54,"height":44,"caption":"Sporto sal\u0117s gamykla"},"image":{"@id":"https:\/\/gymfactory.eu\/lt\/#\/schema\/logo\/image\/"}}]}},"_links":{"self":[{"href":"https:\/\/gymfactory.eu\/lt\/wp-json\/wp\/v2\/product\/10521","targetHints":{"allow":["GET"]}}],"collection":[{"href":"https:\/\/gymfactory.eu\/lt\/wp-json\/wp\/v2\/product"}],"about":[{"href":"https:\/\/gymfactory.eu\/lt\/wp-json\/wp\/v2\/types\/product"}],"wp:featuredmedia":[{"embeddable":true,"href":"https:\/\/gymfactory.eu\/lt\/wp-json\/wp\/v2\/media\/27836"}],"wp:attachment":[{"href":"https:\/\/gymfactory.eu\/lt\/wp-json\/wp\/v2\/media?parent=10521"}],"wp:term":[{"taxonomy":"product_brand","embeddable":true,"href":"https:\/\/gymfactory.eu\/lt\/wp-json\/wp\/v2\/product_brand?post=10521"},{"taxonomy":"product_cat","embeddable":true,"href":"https:\/\/gymfactory.eu\/lt\/wp-json\/wp\/v2\/product_cat?post=10521"},{"taxonomy":"product_tag","embeddable":true,"href":"https:\/\/gymfactory.eu\/lt\/wp-json\/wp\/v2\/product_tag?post=10521"}],"curies":[{"name":"wp","href":"https:\/\/api.w.org\/{rel}","templated":true}]}}