{"id":10515,"date":"2025-01-28T08:52:42","date_gmt":"2025-01-28T06:52:42","guid":{"rendered":"https:\/\/gymfactory.eu\/product\/a8x-pec-fly-masina\/"},"modified":"2025-11-20T13:26:05","modified_gmt":"2025-11-20T11:26:05","slug":"a8x-pec-fly-masina","status":"publish","type":"product","link":"https:\/\/gymfactory.eu\/lt\/produktas\/a8x-pec-fly-masina\/","title":{"rendered":"A8X Galini\u0173 delt\u0173 ir kr\u016btin\u0117s treniruoklis"},"content":{"rendered":"<p>A8X treniruoklis sukurtas vir\u0161utin\u0117s k\u016bno dalies raumen\u0173 lavinimui \u2013 tiek kr\u016btinei, tiek priekinei ir galinei pe\u010di\u0173 daliai. Sklandus, valdomas judesys padeda efektyviai aktyvuoti tikslines raumen\u0173 grupes ir i\u0161laikyti taisykling\u0105 atlikimo technik\u0105.<\/p>\n<p>Treniruoklis leid\u017eia atlikti du pratimus: kr\u016btin\u0117s suvedimo pratim\u0105 (stiprina kr\u016btin\u0117s ir priekinius deltinius raumenis) ir mostus atgal (lavina galinius pe\u010di\u0173 deltinius raumenis). Reguliuojamas s\u0117dyn\u0117s auk\u0161tis u\u017etikrina patogi\u0105 pad\u0117t\u012f ir leid\u017eia prisitaikyti prie skirting\u0173 naudotoj\u0173.<\/p>\n<p>A8X \u2013 kompakti\u0161kas ir tikslus sprendimas \u012fvairaus lygio vir\u0161utin\u0117s k\u016bno dalies treniruot\u0117ms.<\/p>\n\n    <div class=\"xs_social_share_widget xs_share_url after_content \t\tmain_content  wslu-style-1 wslu-share-box-shaped wslu-fill-colored wslu-none wslu-share-horizontal wslu-theme-font-no wslu-main_content\">\n\n\t\t\n        <ul>\n\t\t\t        <\/ul>\n    <\/div> \n","protected":false},"excerpt":{"rendered":"<p>A8X treniruoklis sukurtas vir\u0161utin\u0117s k\u016bno dalies raumen\u0173 lavinimui \u2013 tiek kr\u016btinei, tiek priekinei ir galinei pe\u010di\u0173 daliai. Sklandus, valdomas judesys padeda efektyviai aktyvuoti tikslines raumen\u0173 grupes ir i\u0161laikyti taisykling\u0105 atlikimo technik\u0105. Treniruoklis leid\u017eia atlikti du pratimus: kr\u016btin\u0117s suvedimo pratim\u0105 (stiprina kr\u016btin\u0117s ir priekinius deltinius raumenis) ir mostus atgal (lavina galinius pe\u010di\u0173 deltinius raumenis). Reguliuojamas s\u0117dyn\u0117s [&hellip;]<\/p>\n","protected":false},"featured_media":9150,"template":"","meta":{"_acf_changed":false},"product_brand":[817],"product_cat":[421],"product_tag":[],"class_list":{"0":"post-10515","1":"product","2":"type-product","3":"status-publish","4":"has-post-thumbnail","6":"product_brand-gym-factory-lt","7":"product_cat-laisvu-svoriu-treniruokliai","9":"first","10":"onbackorder","11":"taxable","12":"shipping-taxable","13":"purchasable","14":"product-type-variable","15":"has-default-attributes"},"acf":[],"yoast_head":"<!-- This site is optimized with the Yoast SEO plugin v25.2 - https:\/\/yoast.com\/wordpress\/plugins\/seo\/ -->\n<title>&quot;A8X Pec Fly&quot; treniruo\u010di\u0173 ma\u0161ina kr\u016btin\u0117s ir galinio delto treniruot\u0117ms<\/title>\n<meta name=\"description\" content=\"&quot;A8X Pec Fly&quot; treniruoklis yra b\u016btinas treniruokli\u0173 sal\u0117s \u012frenginys kr\u016btin\u0117s ir nugaros raumenims treniruoti, padedantis stiprinti j\u0117g\u0105 ir formuoti vir\u0161utin\u0119 k\u016bno dal\u012f.\" \/>\n<meta name=\"robots\" content=\"index, follow, max-snippet:-1, max-image-preview:large, max-video-preview:-1\" \/>\n<link rel=\"canonical\" href=\"https:\/\/gymfactory.eu\/lt\/produktas\/a8x-pec-fly-masina\/\" \/>\n<meta property=\"og:locale\" content=\"lt_LT\" \/>\n<meta property=\"og:type\" content=\"article\" \/>\n<meta property=\"og:title\" content=\"&quot;A8X Pec Fly&quot; treniruo\u010di\u0173 ma\u0161ina kr\u016btin\u0117s ir galinio delto treniruot\u0117ms\" \/>\n<meta property=\"og:description\" content=\"&quot;A8X Pec Fly&quot; treniruoklis yra b\u016btinas treniruokli\u0173 sal\u0117s \u012frenginys kr\u016btin\u0117s ir nugaros raumenims treniruoti, padedantis stiprinti j\u0117g\u0105 ir formuoti vir\u0161utin\u0119 k\u016bno dal\u012f.\" \/>\n<meta property=\"og:url\" content=\"https:\/\/gymfactory.eu\/lt\/produktas\/a8x-pec-fly-masina\/\" \/>\n<meta property=\"og:site_name\" content=\"Gym Factory\" \/>\n<meta property=\"article:modified_time\" content=\"2025-11-20T11:26:05+00:00\" \/>\n<meta property=\"og:image\" content=\"https:\/\/gymfactory.eu\/wp-content\/uploads\/2025\/01\/A8X-gym-machine-2.webp\" \/>\n\t<meta property=\"og:image:width\" content=\"1500\" \/>\n\t<meta property=\"og:image:height\" content=\"1500\" \/>\n\t<meta property=\"og:image:type\" content=\"image\/webp\" \/>\n<meta name=\"twitter:card\" content=\"summary_large_image\" \/>\n<meta name=\"twitter:label1\" content=\"Est. reading time\" \/>\n\t<meta name=\"twitter:data1\" content=\"1 minut\u0117\" \/>\n<script type=\"application\/ld+json\" class=\"yoast-schema-graph\">{\"@context\":\"https:\/\/schema.org\",\"@graph\":[{\"@type\":\"WebPage\",\"@id\":\"https:\/\/gymfactory.eu\/lt\/produktas\/a8x-pec-fly-masina\/\",\"url\":\"https:\/\/gymfactory.eu\/lt\/produktas\/a8x-pec-fly-masina\/\",\"name\":\"\\\"A8X Pec Fly\\\" treniruo\u010di\u0173 ma\u0161ina kr\u016btin\u0117s ir galinio delto treniruot\u0117ms\",\"isPartOf\":{\"@id\":\"https:\/\/gymfactory.eu\/lt\/#website\"},\"primaryImageOfPage\":{\"@id\":\"https:\/\/gymfactory.eu\/lt\/produktas\/a8x-pec-fly-masina\/#primaryimage\"},\"image\":{\"@id\":\"https:\/\/gymfactory.eu\/lt\/produktas\/a8x-pec-fly-masina\/#primaryimage\"},\"thumbnailUrl\":\"https:\/\/gymfactory.eu\/wp-content\/uploads\/2025\/01\/A8X-gym-machine-2.webp\",\"datePublished\":\"2025-01-28T06:52:42+00:00\",\"dateModified\":\"2025-11-20T11:26:05+00:00\",\"description\":\"\\\"A8X Pec Fly\\\" treniruoklis yra b\u016btinas treniruokli\u0173 sal\u0117s \u012frenginys kr\u016btin\u0117s ir nugaros raumenims treniruoti, padedantis stiprinti j\u0117g\u0105 ir formuoti vir\u0161utin\u0119 k\u016bno dal\u012f.\",\"breadcrumb\":{\"@id\":\"https:\/\/gymfactory.eu\/lt\/produktas\/a8x-pec-fly-masina\/#breadcrumb\"},\"inLanguage\":\"lt-LT\",\"potentialAction\":[{\"@type\":\"ReadAction\",\"target\":[\"https:\/\/gymfactory.eu\/lt\/produktas\/a8x-pec-fly-masina\/\"]}]},{\"@type\":\"ImageObject\",\"inLanguage\":\"lt-LT\",\"@id\":\"https:\/\/gymfactory.eu\/lt\/produktas\/a8x-pec-fly-masina\/#primaryimage\",\"url\":\"https:\/\/gymfactory.eu\/wp-content\/uploads\/2025\/01\/A8X-gym-machine-2.webp\",\"contentUrl\":\"https:\/\/gymfactory.eu\/wp-content\/uploads\/2025\/01\/A8X-gym-machine-2.webp\",\"width\":1500,\"height\":1500,\"caption\":\"Auk\u0161tos kokyb\u0117s A8X treniruoklis, skirtas vir\u0161utin\u0117s k\u016bno dalies treniruot\u0117ms, su kampu pasvirusiu juodu pamink\u0161tintu suolu ir tvirtu plieniniu r\u0117mu. \u0160is treniruoklis sukurtas rimtoms j\u0117gos treniruot\u0117ms, turi ergonomi\u0161kas rankenas ir svori\u0173 plok\u0161teli\u0173 laikiklius, kad b\u016bt\u0173 lengva pakrauti. Jis idealiai tinka nuo\u017eulniems atsispaudimams ir kitiems j\u0117gos pratimams atlikti.\"},{\"@type\":\"BreadcrumbList\",\"@id\":\"https:\/\/gymfactory.eu\/lt\/produktas\/a8x-pec-fly-masina\/#breadcrumb\",\"itemListElement\":[{\"@type\":\"ListItem\",\"position\":1,\"name\":\"Pagrindinis\",\"item\":\"https:\/\/gymfactory.eu\/lt\/\"},{\"@type\":\"ListItem\",\"position\":2,\"name\":\"Katalogas\",\"item\":\"https:\/\/gymfactory.eu\/lt\/katalogas\/\"},{\"@type\":\"ListItem\",\"position\":3,\"name\":\"A8X Galini\u0173 delt\u0173 ir kr\u016btin\u0117s treniruoklis\"}]},{\"@type\":\"WebSite\",\"@id\":\"https:\/\/gymfactory.eu\/lt\/#website\",\"url\":\"https:\/\/gymfactory.eu\/lt\/\",\"name\":\"Gym Factory\",\"description\":\"\",\"publisher\":{\"@id\":\"https:\/\/gymfactory.eu\/lt\/#organization\"},\"potentialAction\":[{\"@type\":\"SearchAction\",\"target\":{\"@type\":\"EntryPoint\",\"urlTemplate\":\"https:\/\/gymfactory.eu\/lt\/?s={search_term_string}\"},\"query-input\":{\"@type\":\"PropertyValueSpecification\",\"valueRequired\":true,\"valueName\":\"search_term_string\"}}],\"inLanguage\":\"lt-LT\"},{\"@type\":\"Organization\",\"@id\":\"https:\/\/gymfactory.eu\/lt\/#organization\",\"name\":\"Sporto sal\u0117s gamykla\",\"url\":\"https:\/\/gymfactory.eu\/lt\/\",\"logo\":{\"@type\":\"ImageObject\",\"inLanguage\":\"lt-LT\",\"@id\":\"https:\/\/gymfactory.eu\/lt\/#\/schema\/logo\/image\/\",\"url\":\"https:\/\/gymfactory.eu\/wp-content\/uploads\/2024\/11\/Component-1.svg\",\"contentUrl\":\"https:\/\/gymfactory.eu\/wp-content\/uploads\/2024\/11\/Component-1.svg\",\"width\":54,\"height\":44,\"caption\":\"Sporto sal\u0117s gamykla\"},\"image\":{\"@id\":\"https:\/\/gymfactory.eu\/lt\/#\/schema\/logo\/image\/\"}}]}<\/script>\n<!-- \/ Yoast SEO plugin. -->","yoast_head_json":{"title":"\"A8X Pec Fly\" treniruo\u010di\u0173 ma\u0161ina kr\u016btin\u0117s ir galinio delto treniruot\u0117ms","description":"\"A8X Pec Fly\" treniruoklis yra b\u016btinas treniruokli\u0173 sal\u0117s \u012frenginys kr\u016btin\u0117s ir nugaros raumenims treniruoti, padedantis stiprinti j\u0117g\u0105 ir formuoti vir\u0161utin\u0119 k\u016bno dal\u012f.","robots":{"index":"index","follow":"follow","max-snippet":"max-snippet:-1","max-image-preview":"max-image-preview:large","max-video-preview":"max-video-preview:-1"},"canonical":"https:\/\/gymfactory.eu\/lt\/produktas\/a8x-pec-fly-masina\/","og_locale":"lt_LT","og_type":"article","og_title":"\"A8X Pec Fly\" treniruo\u010di\u0173 ma\u0161ina kr\u016btin\u0117s ir galinio delto treniruot\u0117ms","og_description":"\"A8X Pec Fly\" treniruoklis yra b\u016btinas treniruokli\u0173 sal\u0117s \u012frenginys kr\u016btin\u0117s ir nugaros raumenims treniruoti, padedantis stiprinti j\u0117g\u0105 ir formuoti vir\u0161utin\u0119 k\u016bno dal\u012f.","og_url":"https:\/\/gymfactory.eu\/lt\/produktas\/a8x-pec-fly-masina\/","og_site_name":"Gym Factory","article_modified_time":"2025-11-20T11:26:05+00:00","og_image":[{"width":1500,"height":1500,"url":"https:\/\/gymfactory.eu\/wp-content\/uploads\/2025\/01\/A8X-gym-machine-2.webp","type":"image\/webp"}],"twitter_card":"summary_large_image","twitter_misc":{"Est. reading time":"1 minut\u0117"},"schema":{"@context":"https:\/\/schema.org","@graph":[{"@type":"WebPage","@id":"https:\/\/gymfactory.eu\/lt\/produktas\/a8x-pec-fly-masina\/","url":"https:\/\/gymfactory.eu\/lt\/produktas\/a8x-pec-fly-masina\/","name":"\"A8X Pec Fly\" treniruo\u010di\u0173 ma\u0161ina kr\u016btin\u0117s ir galinio delto treniruot\u0117ms","isPartOf":{"@id":"https:\/\/gymfactory.eu\/lt\/#website"},"primaryImageOfPage":{"@id":"https:\/\/gymfactory.eu\/lt\/produktas\/a8x-pec-fly-masina\/#primaryimage"},"image":{"@id":"https:\/\/gymfactory.eu\/lt\/produktas\/a8x-pec-fly-masina\/#primaryimage"},"thumbnailUrl":"https:\/\/gymfactory.eu\/wp-content\/uploads\/2025\/01\/A8X-gym-machine-2.webp","datePublished":"2025-01-28T06:52:42+00:00","dateModified":"2025-11-20T11:26:05+00:00","description":"\"A8X Pec Fly\" treniruoklis yra b\u016btinas treniruokli\u0173 sal\u0117s \u012frenginys kr\u016btin\u0117s ir nugaros raumenims treniruoti, padedantis stiprinti j\u0117g\u0105 ir formuoti vir\u0161utin\u0119 k\u016bno dal\u012f.","breadcrumb":{"@id":"https:\/\/gymfactory.eu\/lt\/produktas\/a8x-pec-fly-masina\/#breadcrumb"},"inLanguage":"lt-LT","potentialAction":[{"@type":"ReadAction","target":["https:\/\/gymfactory.eu\/lt\/produktas\/a8x-pec-fly-masina\/"]}]},{"@type":"ImageObject","inLanguage":"lt-LT","@id":"https:\/\/gymfactory.eu\/lt\/produktas\/a8x-pec-fly-masina\/#primaryimage","url":"https:\/\/gymfactory.eu\/wp-content\/uploads\/2025\/01\/A8X-gym-machine-2.webp","contentUrl":"https:\/\/gymfactory.eu\/wp-content\/uploads\/2025\/01\/A8X-gym-machine-2.webp","width":1500,"height":1500,"caption":"Auk\u0161tos kokyb\u0117s A8X treniruoklis, skirtas vir\u0161utin\u0117s k\u016bno dalies treniruot\u0117ms, su kampu pasvirusiu juodu pamink\u0161tintu suolu ir tvirtu plieniniu r\u0117mu. \u0160is treniruoklis sukurtas rimtoms j\u0117gos treniruot\u0117ms, turi ergonomi\u0161kas rankenas ir svori\u0173 plok\u0161teli\u0173 laikiklius, kad b\u016bt\u0173 lengva pakrauti. Jis idealiai tinka nuo\u017eulniems atsispaudimams ir kitiems j\u0117gos pratimams atlikti."},{"@type":"BreadcrumbList","@id":"https:\/\/gymfactory.eu\/lt\/produktas\/a8x-pec-fly-masina\/#breadcrumb","itemListElement":[{"@type":"ListItem","position":1,"name":"Pagrindinis","item":"https:\/\/gymfactory.eu\/lt\/"},{"@type":"ListItem","position":2,"name":"Katalogas","item":"https:\/\/gymfactory.eu\/lt\/katalogas\/"},{"@type":"ListItem","position":3,"name":"A8X Galini\u0173 delt\u0173 ir kr\u016btin\u0117s treniruoklis"}]},{"@type":"WebSite","@id":"https:\/\/gymfactory.eu\/lt\/#website","url":"https:\/\/gymfactory.eu\/lt\/","name":"Gym Factory","description":"","publisher":{"@id":"https:\/\/gymfactory.eu\/lt\/#organization"},"potentialAction":[{"@type":"SearchAction","target":{"@type":"EntryPoint","urlTemplate":"https:\/\/gymfactory.eu\/lt\/?s={search_term_string}"},"query-input":{"@type":"PropertyValueSpecification","valueRequired":true,"valueName":"search_term_string"}}],"inLanguage":"lt-LT"},{"@type":"Organization","@id":"https:\/\/gymfactory.eu\/lt\/#organization","name":"Sporto sal\u0117s gamykla","url":"https:\/\/gymfactory.eu\/lt\/","logo":{"@type":"ImageObject","inLanguage":"lt-LT","@id":"https:\/\/gymfactory.eu\/lt\/#\/schema\/logo\/image\/","url":"https:\/\/gymfactory.eu\/wp-content\/uploads\/2024\/11\/Component-1.svg","contentUrl":"https:\/\/gymfactory.eu\/wp-content\/uploads\/2024\/11\/Component-1.svg","width":54,"height":44,"caption":"Sporto sal\u0117s gamykla"},"image":{"@id":"https:\/\/gymfactory.eu\/lt\/#\/schema\/logo\/image\/"}}]}},"_links":{"self":[{"href":"https:\/\/gymfactory.eu\/lt\/wp-json\/wp\/v2\/product\/10515","targetHints":{"allow":["GET"]}}],"collection":[{"href":"https:\/\/gymfactory.eu\/lt\/wp-json\/wp\/v2\/product"}],"about":[{"href":"https:\/\/gymfactory.eu\/lt\/wp-json\/wp\/v2\/types\/product"}],"wp:featuredmedia":[{"embeddable":true,"href":"https:\/\/gymfactory.eu\/lt\/wp-json\/wp\/v2\/media\/9150"}],"wp:attachment":[{"href":"https:\/\/gymfactory.eu\/lt\/wp-json\/wp\/v2\/media?parent=10515"}],"wp:term":[{"taxonomy":"product_brand","embeddable":true,"href":"https:\/\/gymfactory.eu\/lt\/wp-json\/wp\/v2\/product_brand?post=10515"},{"taxonomy":"product_cat","embeddable":true,"href":"https:\/\/gymfactory.eu\/lt\/wp-json\/wp\/v2\/product_cat?post=10515"},{"taxonomy":"product_tag","embeddable":true,"href":"https:\/\/gymfactory.eu\/lt\/wp-json\/wp\/v2\/product_tag?post=10515"}],"curies":[{"name":"wp","href":"https:\/\/api.w.org\/{rel}","templated":true}]}}