{"id":10472,"date":"2025-02-06T08:09:19","date_gmt":"2025-02-06T06:09:19","guid":{"rendered":"https:\/\/gymfactory.eu\/product\/l7xx-sedimuju-eiliu-masina\/"},"modified":"2025-12-02T13:41:40","modified_gmt":"2025-12-02T11:41:40","slug":"l7xx-sedimuju-eiliu-masina","status":"publish","type":"product","link":"https:\/\/gymfactory.eu\/lt\/produktas\/l7xx-sedimuju-eiliu-masina\/","title":{"rendered":"L7XX Nugaros treniruoklis &#8211; horizontali trauka"},"content":{"rendered":"<p>L7XX \u2013 tai treniruoklis, skirtas nugaros raumen\u0173 stiprinimui atliekant traukos pratimus s\u0117dint. Jis puikiai tinka tiek nam\u0173 sporto zonai, tiek profesionaliai salei \u2013 stabilus, patogus ir lengvai pritaikomas pagal naudotojo poreikius.<\/p>\n<p>Treniruot\u0117s metu galima efektyviai lavinti vir\u0161utin\u0119 ir vidurin\u0119 nugaros dal\u012f. Kei\u010diant s\u0117dyn\u0117s ir kr\u016btin\u0117s atramos pad\u0117t\u012f, galima reguliuoti apkrovos krypt\u012f. Kelios skirtingos ranken\u0173 pad\u0117tys leid\u017eia pasirinkti siaur\u0105 arba plat\u0173 su\u0117mim\u0105.<\/p>\n<p>S\u0117dyn\u0117 ir atrama lengvai reguliuojamos, tod\u0117l treniruoklis tinka skirtingo \u016bgio \u017emon\u0117ms. Koj\u0173 atramos suteikia stabilumo, o integruotas pagalbinis pedalas palengvina treniruot\u0117s prad\u017ei\u0105 \u2013 jis \u0161iek tiek pakelia svor\u012f nuo pradinio ta\u0161ko, kad b\u016bt\u0173 papras\u010diau prad\u0117ti pirm\u0105 pakartojim\u0105.<\/p>\n<p>L7XX Traukos treniruoklis s\u0117dint \u2013 tai patikimas ir funkcionalus sprendimas tikslingai nugaros treniruotei.<\/p>\n\n    <div class=\"xs_social_share_widget xs_share_url after_content \t\tmain_content  wslu-style-1 wslu-share-box-shaped wslu-fill-colored wslu-none wslu-share-horizontal wslu-theme-font-no wslu-main_content\">\n\n\t\t\n        <ul>\n\t\t\t        <\/ul>\n    <\/div> \n","protected":false},"excerpt":{"rendered":"<p>L7XX \u2013 tai treniruoklis, skirtas nugaros raumen\u0173 stiprinimui atliekant traukos pratimus s\u0117dint. Jis puikiai tinka tiek nam\u0173 sporto zonai, tiek profesionaliai salei \u2013 stabilus, patogus ir lengvai pritaikomas pagal naudotojo poreikius. Treniruot\u0117s metu galima efektyviai lavinti vir\u0161utin\u0119 ir vidurin\u0119 nugaros dal\u012f. Kei\u010diant s\u0117dyn\u0117s ir kr\u016btin\u0117s atramos pad\u0117t\u012f, galima reguliuoti apkrovos krypt\u012f. Kelios skirtingos ranken\u0173 pad\u0117tys [&hellip;]<\/p>\n","protected":false},"featured_media":9075,"template":"","meta":{"_acf_changed":false},"product_brand":[817],"product_cat":[466],"product_tag":[],"class_list":{"0":"post-10472","1":"product","2":"type-product","3":"status-publish","4":"has-post-thumbnail","6":"product_brand-gym-factory-lt","7":"product_cat-blokiniai-treniruokliai","9":"first","10":"onbackorder","11":"taxable","12":"shipping-taxable","13":"purchasable","14":"product-type-variable","15":"has-default-attributes"},"acf":[],"yoast_head":"<!-- This site is optimized with the Yoast SEO plugin v25.2 - https:\/\/yoast.com\/wordpress\/plugins\/seo\/ -->\n<title>L7XX s\u0117dim\u0173j\u0173 eili\u0173 ma\u0161ina | Stiprinimo treniruo\u010di\u0173 sporto sal\u0117s s\u0105ranka<\/title>\n<meta name=\"description\" content=\"Savo sporto sal\u0117je stiprinate nugar\u0105? L7XX s\u0117dim\u0173j\u0173 eili\u0173 treniruoklis si\u016blo skland\u0173, kontroliuojam\u0105 traukim\u0105, skirt\u0105 j\u0117gai treniruoti ir vir\u0161utinei k\u016bno daliai lavinti.\" \/>\n<meta name=\"robots\" content=\"index, follow, max-snippet:-1, max-image-preview:large, max-video-preview:-1\" \/>\n<link rel=\"canonical\" href=\"https:\/\/gymfactory.eu\/lt\/produktas\/l7xx-sedimuju-eiliu-masina\/\" \/>\n<meta property=\"og:locale\" content=\"lt_LT\" \/>\n<meta property=\"og:type\" content=\"article\" \/>\n<meta property=\"og:title\" content=\"L7XX s\u0117dim\u0173j\u0173 eili\u0173 ma\u0161ina | Stiprinimo treniruo\u010di\u0173 sporto sal\u0117s s\u0105ranka\" \/>\n<meta property=\"og:description\" content=\"Savo sporto sal\u0117je stiprinate nugar\u0105? L7XX s\u0117dim\u0173j\u0173 eili\u0173 treniruoklis si\u016blo skland\u0173, kontroliuojam\u0105 traukim\u0105, skirt\u0105 j\u0117gai treniruoti ir vir\u0161utinei k\u016bno daliai lavinti.\" \/>\n<meta property=\"og:url\" content=\"https:\/\/gymfactory.eu\/lt\/produktas\/l7xx-sedimuju-eiliu-masina\/\" \/>\n<meta property=\"og:site_name\" content=\"Gym Factory\" \/>\n<meta property=\"article:modified_time\" content=\"2025-12-02T11:41:40+00:00\" \/>\n<meta property=\"og:image\" content=\"https:\/\/gymfactory.eu\/wp-content\/uploads\/2025\/02\/Seated-Row-Gym-Machine-Full-View-1.webp\" \/>\n\t<meta property=\"og:image:width\" content=\"1500\" \/>\n\t<meta property=\"og:image:height\" content=\"1500\" \/>\n\t<meta property=\"og:image:type\" content=\"image\/webp\" \/>\n<meta name=\"twitter:card\" content=\"summary_large_image\" \/>\n<meta name=\"twitter:label1\" content=\"Est. reading time\" \/>\n\t<meta name=\"twitter:data1\" content=\"1 minut\u0117\" \/>\n<script type=\"application\/ld+json\" class=\"yoast-schema-graph\">{\"@context\":\"https:\/\/schema.org\",\"@graph\":[{\"@type\":\"WebPage\",\"@id\":\"https:\/\/gymfactory.eu\/lt\/produktas\/l7xx-sedimuju-eiliu-masina\/\",\"url\":\"https:\/\/gymfactory.eu\/lt\/produktas\/l7xx-sedimuju-eiliu-masina\/\",\"name\":\"L7XX s\u0117dim\u0173j\u0173 eili\u0173 ma\u0161ina | Stiprinimo treniruo\u010di\u0173 sporto sal\u0117s s\u0105ranka\",\"isPartOf\":{\"@id\":\"https:\/\/gymfactory.eu\/lt\/#website\"},\"primaryImageOfPage\":{\"@id\":\"https:\/\/gymfactory.eu\/lt\/produktas\/l7xx-sedimuju-eiliu-masina\/#primaryimage\"},\"image\":{\"@id\":\"https:\/\/gymfactory.eu\/lt\/produktas\/l7xx-sedimuju-eiliu-masina\/#primaryimage\"},\"thumbnailUrl\":\"https:\/\/gymfactory.eu\/wp-content\/uploads\/2025\/02\/Seated-Row-Gym-Machine-Full-View-1.webp\",\"datePublished\":\"2025-02-06T06:09:19+00:00\",\"dateModified\":\"2025-12-02T11:41:40+00:00\",\"description\":\"Savo sporto sal\u0117je stiprinate nugar\u0105? L7XX s\u0117dim\u0173j\u0173 eili\u0173 treniruoklis si\u016blo skland\u0173, kontroliuojam\u0105 traukim\u0105, skirt\u0105 j\u0117gai treniruoti ir vir\u0161utinei k\u016bno daliai lavinti.\",\"breadcrumb\":{\"@id\":\"https:\/\/gymfactory.eu\/lt\/produktas\/l7xx-sedimuju-eiliu-masina\/#breadcrumb\"},\"inLanguage\":\"lt-LT\",\"potentialAction\":[{\"@type\":\"ReadAction\",\"target\":[\"https:\/\/gymfactory.eu\/lt\/produktas\/l7xx-sedimuju-eiliu-masina\/\"]}]},{\"@type\":\"ImageObject\",\"inLanguage\":\"lt-LT\",\"@id\":\"https:\/\/gymfactory.eu\/lt\/produktas\/l7xx-sedimuju-eiliu-masina\/#primaryimage\",\"url\":\"https:\/\/gymfactory.eu\/wp-content\/uploads\/2025\/02\/Seated-Row-Gym-Machine-Full-View-1.webp\",\"contentUrl\":\"https:\/\/gymfactory.eu\/wp-content\/uploads\/2025\/02\/Seated-Row-Gym-Machine-Full-View-1.webp\",\"width\":1500,\"height\":1500,\"caption\":\"S\u0117dimosios eilut\u0117s treniruokli\u0173 sal\u0117s ma\u0161inos, skirtos vir\u0161utin\u0117s k\u016bno dalies treniruot\u0117ms, vaizdas i\u0161tisai. \u0160is treniruoklis turi tvirt\u0105 r\u0117m\u0105, daugyb\u0119 ranken\u0173 ir skland\u0173 pasiprie\u0161inim\u0105 u\u017etikrinan\u010di\u0105 skriemuli\u0173 sistem\u0105. Jis skirtas komercin\u0117ms treniruokli\u0173 sal\u0117ms ir nam\u0173 treniruokliams.\"},{\"@type\":\"BreadcrumbList\",\"@id\":\"https:\/\/gymfactory.eu\/lt\/produktas\/l7xx-sedimuju-eiliu-masina\/#breadcrumb\",\"itemListElement\":[{\"@type\":\"ListItem\",\"position\":1,\"name\":\"Pagrindinis\",\"item\":\"https:\/\/gymfactory.eu\/lt\/\"},{\"@type\":\"ListItem\",\"position\":2,\"name\":\"Katalogas\",\"item\":\"https:\/\/gymfactory.eu\/lt\/katalogas\/\"},{\"@type\":\"ListItem\",\"position\":3,\"name\":\"L7XX Nugaros treniruoklis &#8211; horizontali trauka\"}]},{\"@type\":\"WebSite\",\"@id\":\"https:\/\/gymfactory.eu\/lt\/#website\",\"url\":\"https:\/\/gymfactory.eu\/lt\/\",\"name\":\"Gym Factory\",\"description\":\"\",\"publisher\":{\"@id\":\"https:\/\/gymfactory.eu\/lt\/#organization\"},\"potentialAction\":[{\"@type\":\"SearchAction\",\"target\":{\"@type\":\"EntryPoint\",\"urlTemplate\":\"https:\/\/gymfactory.eu\/lt\/?s={search_term_string}\"},\"query-input\":{\"@type\":\"PropertyValueSpecification\",\"valueRequired\":true,\"valueName\":\"search_term_string\"}}],\"inLanguage\":\"lt-LT\"},{\"@type\":\"Organization\",\"@id\":\"https:\/\/gymfactory.eu\/lt\/#organization\",\"name\":\"Sporto sal\u0117s gamykla\",\"url\":\"https:\/\/gymfactory.eu\/lt\/\",\"logo\":{\"@type\":\"ImageObject\",\"inLanguage\":\"lt-LT\",\"@id\":\"https:\/\/gymfactory.eu\/lt\/#\/schema\/logo\/image\/\",\"url\":\"https:\/\/gymfactory.eu\/wp-content\/uploads\/2024\/11\/Component-1.svg\",\"contentUrl\":\"https:\/\/gymfactory.eu\/wp-content\/uploads\/2024\/11\/Component-1.svg\",\"width\":54,\"height\":44,\"caption\":\"Sporto sal\u0117s gamykla\"},\"image\":{\"@id\":\"https:\/\/gymfactory.eu\/lt\/#\/schema\/logo\/image\/\"}}]}<\/script>\n<!-- \/ Yoast SEO plugin. -->","yoast_head_json":{"title":"L7XX s\u0117dim\u0173j\u0173 eili\u0173 ma\u0161ina | Stiprinimo treniruo\u010di\u0173 sporto sal\u0117s s\u0105ranka","description":"Savo sporto sal\u0117je stiprinate nugar\u0105? L7XX s\u0117dim\u0173j\u0173 eili\u0173 treniruoklis si\u016blo skland\u0173, kontroliuojam\u0105 traukim\u0105, skirt\u0105 j\u0117gai treniruoti ir vir\u0161utinei k\u016bno daliai lavinti.","robots":{"index":"index","follow":"follow","max-snippet":"max-snippet:-1","max-image-preview":"max-image-preview:large","max-video-preview":"max-video-preview:-1"},"canonical":"https:\/\/gymfactory.eu\/lt\/produktas\/l7xx-sedimuju-eiliu-masina\/","og_locale":"lt_LT","og_type":"article","og_title":"L7XX s\u0117dim\u0173j\u0173 eili\u0173 ma\u0161ina | Stiprinimo treniruo\u010di\u0173 sporto sal\u0117s s\u0105ranka","og_description":"Savo sporto sal\u0117je stiprinate nugar\u0105? L7XX s\u0117dim\u0173j\u0173 eili\u0173 treniruoklis si\u016blo skland\u0173, kontroliuojam\u0105 traukim\u0105, skirt\u0105 j\u0117gai treniruoti ir vir\u0161utinei k\u016bno daliai lavinti.","og_url":"https:\/\/gymfactory.eu\/lt\/produktas\/l7xx-sedimuju-eiliu-masina\/","og_site_name":"Gym Factory","article_modified_time":"2025-12-02T11:41:40+00:00","og_image":[{"width":1500,"height":1500,"url":"https:\/\/gymfactory.eu\/wp-content\/uploads\/2025\/02\/Seated-Row-Gym-Machine-Full-View-1.webp","type":"image\/webp"}],"twitter_card":"summary_large_image","twitter_misc":{"Est. reading time":"1 minut\u0117"},"schema":{"@context":"https:\/\/schema.org","@graph":[{"@type":"WebPage","@id":"https:\/\/gymfactory.eu\/lt\/produktas\/l7xx-sedimuju-eiliu-masina\/","url":"https:\/\/gymfactory.eu\/lt\/produktas\/l7xx-sedimuju-eiliu-masina\/","name":"L7XX s\u0117dim\u0173j\u0173 eili\u0173 ma\u0161ina | Stiprinimo treniruo\u010di\u0173 sporto sal\u0117s s\u0105ranka","isPartOf":{"@id":"https:\/\/gymfactory.eu\/lt\/#website"},"primaryImageOfPage":{"@id":"https:\/\/gymfactory.eu\/lt\/produktas\/l7xx-sedimuju-eiliu-masina\/#primaryimage"},"image":{"@id":"https:\/\/gymfactory.eu\/lt\/produktas\/l7xx-sedimuju-eiliu-masina\/#primaryimage"},"thumbnailUrl":"https:\/\/gymfactory.eu\/wp-content\/uploads\/2025\/02\/Seated-Row-Gym-Machine-Full-View-1.webp","datePublished":"2025-02-06T06:09:19+00:00","dateModified":"2025-12-02T11:41:40+00:00","description":"Savo sporto sal\u0117je stiprinate nugar\u0105? L7XX s\u0117dim\u0173j\u0173 eili\u0173 treniruoklis si\u016blo skland\u0173, kontroliuojam\u0105 traukim\u0105, skirt\u0105 j\u0117gai treniruoti ir vir\u0161utinei k\u016bno daliai lavinti.","breadcrumb":{"@id":"https:\/\/gymfactory.eu\/lt\/produktas\/l7xx-sedimuju-eiliu-masina\/#breadcrumb"},"inLanguage":"lt-LT","potentialAction":[{"@type":"ReadAction","target":["https:\/\/gymfactory.eu\/lt\/produktas\/l7xx-sedimuju-eiliu-masina\/"]}]},{"@type":"ImageObject","inLanguage":"lt-LT","@id":"https:\/\/gymfactory.eu\/lt\/produktas\/l7xx-sedimuju-eiliu-masina\/#primaryimage","url":"https:\/\/gymfactory.eu\/wp-content\/uploads\/2025\/02\/Seated-Row-Gym-Machine-Full-View-1.webp","contentUrl":"https:\/\/gymfactory.eu\/wp-content\/uploads\/2025\/02\/Seated-Row-Gym-Machine-Full-View-1.webp","width":1500,"height":1500,"caption":"S\u0117dimosios eilut\u0117s treniruokli\u0173 sal\u0117s ma\u0161inos, skirtos vir\u0161utin\u0117s k\u016bno dalies treniruot\u0117ms, vaizdas i\u0161tisai. \u0160is treniruoklis turi tvirt\u0105 r\u0117m\u0105, daugyb\u0119 ranken\u0173 ir skland\u0173 pasiprie\u0161inim\u0105 u\u017etikrinan\u010di\u0105 skriemuli\u0173 sistem\u0105. Jis skirtas komercin\u0117ms treniruokli\u0173 sal\u0117ms ir nam\u0173 treniruokliams."},{"@type":"BreadcrumbList","@id":"https:\/\/gymfactory.eu\/lt\/produktas\/l7xx-sedimuju-eiliu-masina\/#breadcrumb","itemListElement":[{"@type":"ListItem","position":1,"name":"Pagrindinis","item":"https:\/\/gymfactory.eu\/lt\/"},{"@type":"ListItem","position":2,"name":"Katalogas","item":"https:\/\/gymfactory.eu\/lt\/katalogas\/"},{"@type":"ListItem","position":3,"name":"L7XX Nugaros treniruoklis &#8211; horizontali trauka"}]},{"@type":"WebSite","@id":"https:\/\/gymfactory.eu\/lt\/#website","url":"https:\/\/gymfactory.eu\/lt\/","name":"Gym Factory","description":"","publisher":{"@id":"https:\/\/gymfactory.eu\/lt\/#organization"},"potentialAction":[{"@type":"SearchAction","target":{"@type":"EntryPoint","urlTemplate":"https:\/\/gymfactory.eu\/lt\/?s={search_term_string}"},"query-input":{"@type":"PropertyValueSpecification","valueRequired":true,"valueName":"search_term_string"}}],"inLanguage":"lt-LT"},{"@type":"Organization","@id":"https:\/\/gymfactory.eu\/lt\/#organization","name":"Sporto sal\u0117s gamykla","url":"https:\/\/gymfactory.eu\/lt\/","logo":{"@type":"ImageObject","inLanguage":"lt-LT","@id":"https:\/\/gymfactory.eu\/lt\/#\/schema\/logo\/image\/","url":"https:\/\/gymfactory.eu\/wp-content\/uploads\/2024\/11\/Component-1.svg","contentUrl":"https:\/\/gymfactory.eu\/wp-content\/uploads\/2024\/11\/Component-1.svg","width":54,"height":44,"caption":"Sporto sal\u0117s gamykla"},"image":{"@id":"https:\/\/gymfactory.eu\/lt\/#\/schema\/logo\/image\/"}}]}},"_links":{"self":[{"href":"https:\/\/gymfactory.eu\/lt\/wp-json\/wp\/v2\/product\/10472","targetHints":{"allow":["GET"]}}],"collection":[{"href":"https:\/\/gymfactory.eu\/lt\/wp-json\/wp\/v2\/product"}],"about":[{"href":"https:\/\/gymfactory.eu\/lt\/wp-json\/wp\/v2\/types\/product"}],"wp:featuredmedia":[{"embeddable":true,"href":"https:\/\/gymfactory.eu\/lt\/wp-json\/wp\/v2\/media\/9075"}],"wp:attachment":[{"href":"https:\/\/gymfactory.eu\/lt\/wp-json\/wp\/v2\/media?parent=10472"}],"wp:term":[{"taxonomy":"product_brand","embeddable":true,"href":"https:\/\/gymfactory.eu\/lt\/wp-json\/wp\/v2\/product_brand?post=10472"},{"taxonomy":"product_cat","embeddable":true,"href":"https:\/\/gymfactory.eu\/lt\/wp-json\/wp\/v2\/product_cat?post=10472"},{"taxonomy":"product_tag","embeddable":true,"href":"https:\/\/gymfactory.eu\/lt\/wp-json\/wp\/v2\/product_tag?post=10472"}],"curies":[{"name":"wp","href":"https:\/\/api.w.org\/{rel}","templated":true}]}}