{"id":10456,"date":"2025-02-06T10:05:31","date_gmt":"2025-02-06T08:05:31","guid":{"rendered":"https:\/\/gymfactory.eu\/product\/m3-tricepso-stumimo-masina\/"},"modified":"2025-12-02T13:56:07","modified_gmt":"2025-12-02T11:56:07","slug":"m3-tricepso-stumimo-masina","status":"publish","type":"product","link":"https:\/\/gymfactory.eu\/lt\/produktas\/m3-tricepso-stumimo-masina\/","title":{"rendered":"M3 Tricepso treniruoklis"},"content":{"rendered":"<p>M3 \u2013 tai specializuotas treniruoklis, skirtas tikslingam triceps\u0173 stiprinimui. Stabilios konstrukcijos ir ilgaam\u017eis sprendimas, tinkantis tiek nam\u0173 sporto zonai, tiek profesionaliai treniruokli\u0173 salei.<\/p>\n<p>Treniruot\u0117 atliekama kontroliuotais triceps\u0173 tiesimo judesiais, kurie padeda izoliuoti raumen\u0173 darb\u0105 ir lavinti vir\u0161utin\u0117s rankos galin\u0119 dal\u012f.<br \/>\nTreniruoklyje \u012fmontuota fiksuota nugaros atrama, u\u017etikrinanti vir\u0161utin\u0117s k\u016bno dalies stabilum\u0105 per vis\u0105 pratim\u0105 \u2013 tai leid\u017eia geriau susitelkti \u012f triceps\u0173 apkrov\u0105. Komplekte taip pat yra lenkta rankena, kuri suteikia nat\u016bralesn\u012f rie\u0161o kamp\u0105 ir patogesn\u012f su\u0117mim\u0105.<\/p>\n<p>M3 Triceps\u0173 tiesimo treniruoklis \u2013 tai patikimas pasirinkimas norintiems kryptingai \u012ftraukti triceps\u0173 treniruotes \u012f j\u0117gos lavinimo program\u0105.<\/p>\n\n    <div class=\"xs_social_share_widget xs_share_url after_content \t\tmain_content  wslu-style-1 wslu-share-box-shaped wslu-fill-colored wslu-none wslu-share-horizontal wslu-theme-font-no wslu-main_content\">\n\n\t\t\n        <ul>\n\t\t\t        <\/ul>\n    <\/div> \n","protected":false},"excerpt":{"rendered":"<p>M3 \u2013 tai specializuotas treniruoklis, skirtas tikslingam triceps\u0173 stiprinimui. Stabilios konstrukcijos ir ilgaam\u017eis sprendimas, tinkantis tiek nam\u0173 sporto zonai, tiek profesionaliai treniruokli\u0173 salei. Treniruot\u0117 atliekama kontroliuotais triceps\u0173 tiesimo judesiais, kurie padeda izoliuoti raumen\u0173 darb\u0105 ir lavinti vir\u0161utin\u0117s rankos galin\u0119 dal\u012f. Treniruoklyje \u012fmontuota fiksuota nugaros atrama, u\u017etikrinanti vir\u0161utin\u0117s k\u016bno dalies stabilum\u0105 per vis\u0105 pratim\u0105 \u2013 tai [&hellip;]<\/p>\n","protected":false},"featured_media":7785,"template":"","meta":{"_acf_changed":false},"product_brand":[817],"product_cat":[466],"product_tag":[],"class_list":{"0":"post-10456","1":"product","2":"type-product","3":"status-publish","4":"has-post-thumbnail","6":"product_brand-gym-factory-lt","7":"product_cat-blokiniai-treniruokliai","9":"first","10":"onbackorder","11":"taxable","12":"shipping-taxable","13":"purchasable","14":"product-type-variable","15":"has-default-attributes"},"acf":[],"yoast_head":"<!-- This site is optimized with the Yoast SEO plugin v25.2 - https:\/\/yoast.com\/wordpress\/plugins\/seo\/ -->\n<title>M3 Triceps Pushdown Machine | Sporto sal\u0117s \u012franga rank\u0173 treniruot\u0117ms<\/title>\n<meta name=\"description\" content=\"Tikslin\u0117 tricepso j\u0117ga? M3 triceps\u0173 st\u016bmimo treniruoklis suteikia kontroliuojam\u0105 pasiprie\u0161inim\u0105, kad b\u016bt\u0173 galima kryptingai treniruoti rankas namuose ar komercin\u0117se sporto sal\u0117se.\" \/>\n<meta name=\"robots\" content=\"index, follow, max-snippet:-1, max-image-preview:large, max-video-preview:-1\" \/>\n<link rel=\"canonical\" href=\"https:\/\/gymfactory.eu\/lt\/produktas\/m3-tricepso-stumimo-masina\/\" \/>\n<meta property=\"og:locale\" content=\"lt_LT\" \/>\n<meta property=\"og:type\" content=\"article\" \/>\n<meta property=\"og:title\" content=\"M3 Triceps Pushdown Machine | Sporto sal\u0117s \u012franga rank\u0173 treniruot\u0117ms\" \/>\n<meta property=\"og:description\" content=\"Tikslin\u0117 tricepso j\u0117ga? M3 triceps\u0173 st\u016bmimo treniruoklis suteikia kontroliuojam\u0105 pasiprie\u0161inim\u0105, kad b\u016bt\u0173 galima kryptingai treniruoti rankas namuose ar komercin\u0117se sporto sal\u0117se.\" \/>\n<meta property=\"og:url\" content=\"https:\/\/gymfactory.eu\/lt\/produktas\/m3-tricepso-stumimo-masina\/\" \/>\n<meta property=\"og:site_name\" content=\"Gym Factory\" \/>\n<meta property=\"article:modified_time\" content=\"2025-12-02T11:56:07+00:00\" \/>\n<meta property=\"og:image\" content=\"https:\/\/gymfactory.eu\/wp-content\/uploads\/2025\/02\/Standing-Crunch-Gym-Machine-Side-View.webp\" \/>\n\t<meta property=\"og:image:width\" content=\"1500\" \/>\n\t<meta property=\"og:image:height\" content=\"1500\" \/>\n\t<meta property=\"og:image:type\" content=\"image\/webp\" \/>\n<meta name=\"twitter:card\" content=\"summary_large_image\" \/>\n<meta name=\"twitter:label1\" content=\"Est. reading time\" \/>\n\t<meta name=\"twitter:data1\" content=\"1 minut\u0117\" \/>\n<script type=\"application\/ld+json\" class=\"yoast-schema-graph\">{\"@context\":\"https:\/\/schema.org\",\"@graph\":[{\"@type\":\"WebPage\",\"@id\":\"https:\/\/gymfactory.eu\/lt\/produktas\/m3-tricepso-stumimo-masina\/\",\"url\":\"https:\/\/gymfactory.eu\/lt\/produktas\/m3-tricepso-stumimo-masina\/\",\"name\":\"M3 Triceps Pushdown Machine | Sporto sal\u0117s \u012franga rank\u0173 treniruot\u0117ms\",\"isPartOf\":{\"@id\":\"https:\/\/gymfactory.eu\/lt\/#website\"},\"primaryImageOfPage\":{\"@id\":\"https:\/\/gymfactory.eu\/lt\/produktas\/m3-tricepso-stumimo-masina\/#primaryimage\"},\"image\":{\"@id\":\"https:\/\/gymfactory.eu\/lt\/produktas\/m3-tricepso-stumimo-masina\/#primaryimage\"},\"thumbnailUrl\":\"https:\/\/gymfactory.eu\/wp-content\/uploads\/2025\/02\/Standing-Crunch-Gym-Machine-Side-View.webp\",\"datePublished\":\"2025-02-06T08:05:31+00:00\",\"dateModified\":\"2025-12-02T11:56:07+00:00\",\"description\":\"Tikslin\u0117 tricepso j\u0117ga? M3 triceps\u0173 st\u016bmimo treniruoklis suteikia kontroliuojam\u0105 pasiprie\u0161inim\u0105, kad b\u016bt\u0173 galima kryptingai treniruoti rankas namuose ar komercin\u0117se sporto sal\u0117se.\",\"breadcrumb\":{\"@id\":\"https:\/\/gymfactory.eu\/lt\/produktas\/m3-tricepso-stumimo-masina\/#breadcrumb\"},\"inLanguage\":\"lt-LT\",\"potentialAction\":[{\"@type\":\"ReadAction\",\"target\":[\"https:\/\/gymfactory.eu\/lt\/produktas\/m3-tricepso-stumimo-masina\/\"]}]},{\"@type\":\"ImageObject\",\"inLanguage\":\"lt-LT\",\"@id\":\"https:\/\/gymfactory.eu\/lt\/produktas\/m3-tricepso-stumimo-masina\/#primaryimage\",\"url\":\"https:\/\/gymfactory.eu\/wp-content\/uploads\/2025\/02\/Standing-Crunch-Gym-Machine-Side-View.webp\",\"contentUrl\":\"https:\/\/gymfactory.eu\/wp-content\/uploads\/2025\/02\/Standing-Crunch-Gym-Machine-Side-View.webp\",\"width\":1500,\"height\":1500,\"caption\":\"Stovin\u010dio treniruoklio \\\"crunch\\\" vaizdas i\u0161 \u0161ono, kuriame matyti tvirtas r\u0117mas, svori\u0173 kr\u016bva ir ergonomi\u0161kas pamink\u0161tinimas. \u0160is treniruoklis yra specialiai sukurtas tiksliniams pilvo pratimams, o sklandus lyno judesys u\u017etikrina veiksming\u0105 \u0161erdies stiprinim\u0105.\"},{\"@type\":\"BreadcrumbList\",\"@id\":\"https:\/\/gymfactory.eu\/lt\/produktas\/m3-tricepso-stumimo-masina\/#breadcrumb\",\"itemListElement\":[{\"@type\":\"ListItem\",\"position\":1,\"name\":\"Pagrindinis\",\"item\":\"https:\/\/gymfactory.eu\/lt\/\"},{\"@type\":\"ListItem\",\"position\":2,\"name\":\"Katalogas\",\"item\":\"https:\/\/gymfactory.eu\/lt\/katalogas\/\"},{\"@type\":\"ListItem\",\"position\":3,\"name\":\"M3 Tricepso treniruoklis\"}]},{\"@type\":\"WebSite\",\"@id\":\"https:\/\/gymfactory.eu\/lt\/#website\",\"url\":\"https:\/\/gymfactory.eu\/lt\/\",\"name\":\"Gym Factory\",\"description\":\"\",\"publisher\":{\"@id\":\"https:\/\/gymfactory.eu\/lt\/#organization\"},\"potentialAction\":[{\"@type\":\"SearchAction\",\"target\":{\"@type\":\"EntryPoint\",\"urlTemplate\":\"https:\/\/gymfactory.eu\/lt\/?s={search_term_string}\"},\"query-input\":{\"@type\":\"PropertyValueSpecification\",\"valueRequired\":true,\"valueName\":\"search_term_string\"}}],\"inLanguage\":\"lt-LT\"},{\"@type\":\"Organization\",\"@id\":\"https:\/\/gymfactory.eu\/lt\/#organization\",\"name\":\"Sporto sal\u0117s gamykla\",\"url\":\"https:\/\/gymfactory.eu\/lt\/\",\"logo\":{\"@type\":\"ImageObject\",\"inLanguage\":\"lt-LT\",\"@id\":\"https:\/\/gymfactory.eu\/lt\/#\/schema\/logo\/image\/\",\"url\":\"https:\/\/gymfactory.eu\/wp-content\/uploads\/2024\/11\/Component-1.svg\",\"contentUrl\":\"https:\/\/gymfactory.eu\/wp-content\/uploads\/2024\/11\/Component-1.svg\",\"width\":54,\"height\":44,\"caption\":\"Sporto sal\u0117s gamykla\"},\"image\":{\"@id\":\"https:\/\/gymfactory.eu\/lt\/#\/schema\/logo\/image\/\"}}]}<\/script>\n<!-- \/ Yoast SEO plugin. -->","yoast_head_json":{"title":"M3 Triceps Pushdown Machine | Sporto sal\u0117s \u012franga rank\u0173 treniruot\u0117ms","description":"Tikslin\u0117 tricepso j\u0117ga? M3 triceps\u0173 st\u016bmimo treniruoklis suteikia kontroliuojam\u0105 pasiprie\u0161inim\u0105, kad b\u016bt\u0173 galima kryptingai treniruoti rankas namuose ar komercin\u0117se sporto sal\u0117se.","robots":{"index":"index","follow":"follow","max-snippet":"max-snippet:-1","max-image-preview":"max-image-preview:large","max-video-preview":"max-video-preview:-1"},"canonical":"https:\/\/gymfactory.eu\/lt\/produktas\/m3-tricepso-stumimo-masina\/","og_locale":"lt_LT","og_type":"article","og_title":"M3 Triceps Pushdown Machine | Sporto sal\u0117s \u012franga rank\u0173 treniruot\u0117ms","og_description":"Tikslin\u0117 tricepso j\u0117ga? M3 triceps\u0173 st\u016bmimo treniruoklis suteikia kontroliuojam\u0105 pasiprie\u0161inim\u0105, kad b\u016bt\u0173 galima kryptingai treniruoti rankas namuose ar komercin\u0117se sporto sal\u0117se.","og_url":"https:\/\/gymfactory.eu\/lt\/produktas\/m3-tricepso-stumimo-masina\/","og_site_name":"Gym Factory","article_modified_time":"2025-12-02T11:56:07+00:00","og_image":[{"width":1500,"height":1500,"url":"https:\/\/gymfactory.eu\/wp-content\/uploads\/2025\/02\/Standing-Crunch-Gym-Machine-Side-View.webp","type":"image\/webp"}],"twitter_card":"summary_large_image","twitter_misc":{"Est. reading time":"1 minut\u0117"},"schema":{"@context":"https:\/\/schema.org","@graph":[{"@type":"WebPage","@id":"https:\/\/gymfactory.eu\/lt\/produktas\/m3-tricepso-stumimo-masina\/","url":"https:\/\/gymfactory.eu\/lt\/produktas\/m3-tricepso-stumimo-masina\/","name":"M3 Triceps Pushdown Machine | Sporto sal\u0117s \u012franga rank\u0173 treniruot\u0117ms","isPartOf":{"@id":"https:\/\/gymfactory.eu\/lt\/#website"},"primaryImageOfPage":{"@id":"https:\/\/gymfactory.eu\/lt\/produktas\/m3-tricepso-stumimo-masina\/#primaryimage"},"image":{"@id":"https:\/\/gymfactory.eu\/lt\/produktas\/m3-tricepso-stumimo-masina\/#primaryimage"},"thumbnailUrl":"https:\/\/gymfactory.eu\/wp-content\/uploads\/2025\/02\/Standing-Crunch-Gym-Machine-Side-View.webp","datePublished":"2025-02-06T08:05:31+00:00","dateModified":"2025-12-02T11:56:07+00:00","description":"Tikslin\u0117 tricepso j\u0117ga? M3 triceps\u0173 st\u016bmimo treniruoklis suteikia kontroliuojam\u0105 pasiprie\u0161inim\u0105, kad b\u016bt\u0173 galima kryptingai treniruoti rankas namuose ar komercin\u0117se sporto sal\u0117se.","breadcrumb":{"@id":"https:\/\/gymfactory.eu\/lt\/produktas\/m3-tricepso-stumimo-masina\/#breadcrumb"},"inLanguage":"lt-LT","potentialAction":[{"@type":"ReadAction","target":["https:\/\/gymfactory.eu\/lt\/produktas\/m3-tricepso-stumimo-masina\/"]}]},{"@type":"ImageObject","inLanguage":"lt-LT","@id":"https:\/\/gymfactory.eu\/lt\/produktas\/m3-tricepso-stumimo-masina\/#primaryimage","url":"https:\/\/gymfactory.eu\/wp-content\/uploads\/2025\/02\/Standing-Crunch-Gym-Machine-Side-View.webp","contentUrl":"https:\/\/gymfactory.eu\/wp-content\/uploads\/2025\/02\/Standing-Crunch-Gym-Machine-Side-View.webp","width":1500,"height":1500,"caption":"Stovin\u010dio treniruoklio \"crunch\" vaizdas i\u0161 \u0161ono, kuriame matyti tvirtas r\u0117mas, svori\u0173 kr\u016bva ir ergonomi\u0161kas pamink\u0161tinimas. \u0160is treniruoklis yra specialiai sukurtas tiksliniams pilvo pratimams, o sklandus lyno judesys u\u017etikrina veiksming\u0105 \u0161erdies stiprinim\u0105."},{"@type":"BreadcrumbList","@id":"https:\/\/gymfactory.eu\/lt\/produktas\/m3-tricepso-stumimo-masina\/#breadcrumb","itemListElement":[{"@type":"ListItem","position":1,"name":"Pagrindinis","item":"https:\/\/gymfactory.eu\/lt\/"},{"@type":"ListItem","position":2,"name":"Katalogas","item":"https:\/\/gymfactory.eu\/lt\/katalogas\/"},{"@type":"ListItem","position":3,"name":"M3 Tricepso treniruoklis"}]},{"@type":"WebSite","@id":"https:\/\/gymfactory.eu\/lt\/#website","url":"https:\/\/gymfactory.eu\/lt\/","name":"Gym Factory","description":"","publisher":{"@id":"https:\/\/gymfactory.eu\/lt\/#organization"},"potentialAction":[{"@type":"SearchAction","target":{"@type":"EntryPoint","urlTemplate":"https:\/\/gymfactory.eu\/lt\/?s={search_term_string}"},"query-input":{"@type":"PropertyValueSpecification","valueRequired":true,"valueName":"search_term_string"}}],"inLanguage":"lt-LT"},{"@type":"Organization","@id":"https:\/\/gymfactory.eu\/lt\/#organization","name":"Sporto sal\u0117s gamykla","url":"https:\/\/gymfactory.eu\/lt\/","logo":{"@type":"ImageObject","inLanguage":"lt-LT","@id":"https:\/\/gymfactory.eu\/lt\/#\/schema\/logo\/image\/","url":"https:\/\/gymfactory.eu\/wp-content\/uploads\/2024\/11\/Component-1.svg","contentUrl":"https:\/\/gymfactory.eu\/wp-content\/uploads\/2024\/11\/Component-1.svg","width":54,"height":44,"caption":"Sporto sal\u0117s gamykla"},"image":{"@id":"https:\/\/gymfactory.eu\/lt\/#\/schema\/logo\/image\/"}}]}},"_links":{"self":[{"href":"https:\/\/gymfactory.eu\/lt\/wp-json\/wp\/v2\/product\/10456","targetHints":{"allow":["GET"]}}],"collection":[{"href":"https:\/\/gymfactory.eu\/lt\/wp-json\/wp\/v2\/product"}],"about":[{"href":"https:\/\/gymfactory.eu\/lt\/wp-json\/wp\/v2\/types\/product"}],"wp:featuredmedia":[{"embeddable":true,"href":"https:\/\/gymfactory.eu\/lt\/wp-json\/wp\/v2\/media\/7785"}],"wp:attachment":[{"href":"https:\/\/gymfactory.eu\/lt\/wp-json\/wp\/v2\/media?parent=10456"}],"wp:term":[{"taxonomy":"product_brand","embeddable":true,"href":"https:\/\/gymfactory.eu\/lt\/wp-json\/wp\/v2\/product_brand?post=10456"},{"taxonomy":"product_cat","embeddable":true,"href":"https:\/\/gymfactory.eu\/lt\/wp-json\/wp\/v2\/product_cat?post=10456"},{"taxonomy":"product_tag","embeddable":true,"href":"https:\/\/gymfactory.eu\/lt\/wp-json\/wp\/v2\/product_tag?post=10456"}],"curies":[{"name":"wp","href":"https:\/\/api.w.org\/{rel}","templated":true}]}}