{"id":10432,"date":"2025-02-05T13:56:50","date_gmt":"2025-02-05T11:56:50","guid":{"rendered":"https:\/\/gymfactory.eu\/product\/k3p-dip-pull-up-assist-machine\/"},"modified":"2025-12-02T13:36:25","modified_gmt":"2025-12-02T11:36:25","slug":"k3p-dip-pull-up-assist-machine","status":"publish","type":"product","link":"https:\/\/gymfactory.eu\/lt\/produktas\/k3p-dip-pull-up-assist-machine\/","title":{"rendered":"K3P Tricepso atsispaudim\u0173 ir prisitraukim\u0173 treniruoklis su pagalba"},"content":{"rendered":"<p>K3P \u2013 tai universalus vir\u0161utin\u0117s k\u016bno dalies treniruoklis, tinkantis tiek nam\u0173 sporto erdv\u0117ms, tiek profesionalioms sal\u0117ms. Jis suteikia pagalb\u0105 atliekant pagrindinius pratimus su savo k\u016bno svoriu, bet taip pat leid\u017eia juos atlikti ir be jos.<\/p>\n<p>Treniruoklis pritaikytas pagalbiniams atsispaudimams bei prisitraukimams. Atsispaudim\u0173 metu galima fokusuotis \u012f triceps\u0105 arba kr\u016btin\u0117s raumenis \u2013 priklausomai nuo liemens pasvirimo kampo. Prisitraukimai stiprina nugar\u0105 ir bicepsus, o reguliuojamas pasiprie\u0161inimo lygis padeda i\u0161laikyti taisykling\u0105 judes\u012f.<\/p>\n<p>Atramin\u0117 platforma gali b\u016bti nulenkiama \u2013 tai leid\u017eia treniruokl\u012f naudoti ir nepadedant, atliekant \u012fprastus atsispaudimus bei prisitraukimus. Integruoti laipteliai u\u017etikrina patog\u0173 ir saug\u0173 u\u017elipim\u0105 \u012f pradin\u0119 pad\u0117t\u012f.<\/p>\n<p>K3P \u2013 tai kompakti\u0161kas, lengvai pritaikomas sprendimas efektyvioms vir\u0161utin\u0117s k\u016bno dalies treniruot\u0117ms \u2013 su arba be pagalbos.<\/p>\n\n    <div class=\"xs_social_share_widget xs_share_url after_content \t\tmain_content  wslu-style-1 wslu-share-box-shaped wslu-fill-colored wslu-none wslu-share-horizontal wslu-theme-font-no wslu-main_content\">\n\n\t\t\n        <ul>\n\t\t\t        <\/ul>\n    <\/div> \n","protected":false},"excerpt":{"rendered":"<p>K3P \u2013 tai universalus vir\u0161utin\u0117s k\u016bno dalies treniruoklis, tinkantis tiek nam\u0173 sporto erdv\u0117ms, tiek profesionalioms sal\u0117ms. Jis suteikia pagalb\u0105 atliekant pagrindinius pratimus su savo k\u016bno svoriu, bet taip pat leid\u017eia juos atlikti ir be jos. Treniruoklis pritaikytas pagalbiniams atsispaudimams bei prisitraukimams. Atsispaudim\u0173 metu galima fokusuotis \u012f triceps\u0105 arba kr\u016btin\u0117s raumenis \u2013 priklausomai nuo liemens pasvirimo [&hellip;]<\/p>\n","protected":false},"featured_media":20119,"template":"","meta":{"_acf_changed":false},"product_brand":[817],"product_cat":[466],"product_tag":[],"class_list":{"0":"post-10432","1":"product","2":"type-product","3":"status-publish","4":"has-post-thumbnail","6":"product_brand-gym-factory-lt","7":"product_cat-blokiniai-treniruokliai","9":"first","10":"onbackorder","11":"taxable","12":"shipping-taxable","13":"purchasable","14":"product-type-variable","15":"has-default-attributes"},"acf":[],"yoast_head":"<!-- This site is optimized with the Yoast SEO plugin v25.2 - https:\/\/yoast.com\/wordpress\/plugins\/seo\/ -->\n<title>&quot;K3P Dip Pull-Up Assist Machine&quot; | J\u0117gos treniruo\u010di\u0173 \u012franga<\/title>\n<meta name=\"description\" content=\"Reikia pagalbos atliekant \u012ft\u016bpstus ar prisitraukimus? K3P pagalbinis aparatas padeda atlikti k\u016bno svorio pratimus ir stiprina j\u0117g\u0105 skland\u017eiai reguliuojamu pasiprie\u0161inimu.\" \/>\n<meta name=\"robots\" content=\"index, follow, max-snippet:-1, max-image-preview:large, max-video-preview:-1\" \/>\n<link rel=\"canonical\" href=\"https:\/\/gymfactory.eu\/lt\/produktas\/k3p-dip-pull-up-assist-machine\/\" \/>\n<meta property=\"og:locale\" content=\"lt_LT\" \/>\n<meta property=\"og:type\" content=\"article\" \/>\n<meta property=\"og:title\" content=\"&quot;K3P Dip Pull-Up Assist Machine&quot; | J\u0117gos treniruo\u010di\u0173 \u012franga\" \/>\n<meta property=\"og:description\" content=\"Reikia pagalbos atliekant \u012ft\u016bpstus ar prisitraukimus? K3P pagalbinis aparatas padeda atlikti k\u016bno svorio pratimus ir stiprina j\u0117g\u0105 skland\u017eiai reguliuojamu pasiprie\u0161inimu.\" \/>\n<meta property=\"og:url\" content=\"https:\/\/gymfactory.eu\/lt\/produktas\/k3p-dip-pull-up-assist-machine\/\" \/>\n<meta property=\"og:site_name\" content=\"Gym Factory\" \/>\n<meta property=\"article:modified_time\" content=\"2025-12-02T11:36:25+00:00\" \/>\n<meta property=\"og:image\" content=\"https:\/\/gymfactory.eu\/wp-content\/uploads\/2025\/02\/gym-machine-assisted-dip-pull-up-red-close-up-1.webp\" \/>\n\t<meta property=\"og:image:width\" content=\"1500\" \/>\n\t<meta property=\"og:image:height\" content=\"1500\" \/>\n\t<meta property=\"og:image:type\" content=\"image\/webp\" \/>\n<meta name=\"twitter:card\" content=\"summary_large_image\" \/>\n<meta name=\"twitter:label1\" content=\"Est. reading time\" \/>\n\t<meta name=\"twitter:data1\" content=\"1 minut\u0117\" \/>\n<script type=\"application\/ld+json\" class=\"yoast-schema-graph\">{\"@context\":\"https:\/\/schema.org\",\"@graph\":[{\"@type\":\"WebPage\",\"@id\":\"https:\/\/gymfactory.eu\/lt\/produktas\/k3p-dip-pull-up-assist-machine\/\",\"url\":\"https:\/\/gymfactory.eu\/lt\/produktas\/k3p-dip-pull-up-assist-machine\/\",\"name\":\"\\\"K3P Dip Pull-Up Assist Machine\\\" | J\u0117gos treniruo\u010di\u0173 \u012franga\",\"isPartOf\":{\"@id\":\"https:\/\/gymfactory.eu\/lt\/#website\"},\"primaryImageOfPage\":{\"@id\":\"https:\/\/gymfactory.eu\/lt\/produktas\/k3p-dip-pull-up-assist-machine\/#primaryimage\"},\"image\":{\"@id\":\"https:\/\/gymfactory.eu\/lt\/produktas\/k3p-dip-pull-up-assist-machine\/#primaryimage\"},\"thumbnailUrl\":\"https:\/\/gymfactory.eu\/wp-content\/uploads\/2025\/02\/gym-machine-assisted-dip-pull-up-red-close-up-1.webp\",\"datePublished\":\"2025-02-05T11:56:50+00:00\",\"dateModified\":\"2025-12-02T11:36:25+00:00\",\"description\":\"Reikia pagalbos atliekant \u012ft\u016bpstus ar prisitraukimus? K3P pagalbinis aparatas padeda atlikti k\u016bno svorio pratimus ir stiprina j\u0117g\u0105 skland\u017eiai reguliuojamu pasiprie\u0161inimu.\",\"breadcrumb\":{\"@id\":\"https:\/\/gymfactory.eu\/lt\/produktas\/k3p-dip-pull-up-assist-machine\/#breadcrumb\"},\"inLanguage\":\"lt-LT\",\"potentialAction\":[{\"@type\":\"ReadAction\",\"target\":[\"https:\/\/gymfactory.eu\/lt\/produktas\/k3p-dip-pull-up-assist-machine\/\"]}]},{\"@type\":\"ImageObject\",\"inLanguage\":\"lt-LT\",\"@id\":\"https:\/\/gymfactory.eu\/lt\/produktas\/k3p-dip-pull-up-assist-machine\/#primaryimage\",\"url\":\"https:\/\/gymfactory.eu\/wp-content\/uploads\/2025\/02\/gym-machine-assisted-dip-pull-up-red-close-up-1.webp\",\"contentUrl\":\"https:\/\/gymfactory.eu\/wp-content\/uploads\/2025\/02\/gym-machine-assisted-dip-pull-up-red-close-up-1.webp\",\"width\":1500,\"height\":1500},{\"@type\":\"BreadcrumbList\",\"@id\":\"https:\/\/gymfactory.eu\/lt\/produktas\/k3p-dip-pull-up-assist-machine\/#breadcrumb\",\"itemListElement\":[{\"@type\":\"ListItem\",\"position\":1,\"name\":\"Pagrindinis\",\"item\":\"https:\/\/gymfactory.eu\/lt\/\"},{\"@type\":\"ListItem\",\"position\":2,\"name\":\"Katalogas\",\"item\":\"https:\/\/gymfactory.eu\/lt\/katalogas\/\"},{\"@type\":\"ListItem\",\"position\":3,\"name\":\"K3P Tricepso atsispaudim\u0173 ir prisitraukim\u0173 treniruoklis su pagalba\"}]},{\"@type\":\"WebSite\",\"@id\":\"https:\/\/gymfactory.eu\/lt\/#website\",\"url\":\"https:\/\/gymfactory.eu\/lt\/\",\"name\":\"Gym Factory\",\"description\":\"\",\"publisher\":{\"@id\":\"https:\/\/gymfactory.eu\/lt\/#organization\"},\"potentialAction\":[{\"@type\":\"SearchAction\",\"target\":{\"@type\":\"EntryPoint\",\"urlTemplate\":\"https:\/\/gymfactory.eu\/lt\/?s={search_term_string}\"},\"query-input\":{\"@type\":\"PropertyValueSpecification\",\"valueRequired\":true,\"valueName\":\"search_term_string\"}}],\"inLanguage\":\"lt-LT\"},{\"@type\":\"Organization\",\"@id\":\"https:\/\/gymfactory.eu\/lt\/#organization\",\"name\":\"Sporto sal\u0117s gamykla\",\"url\":\"https:\/\/gymfactory.eu\/lt\/\",\"logo\":{\"@type\":\"ImageObject\",\"inLanguage\":\"lt-LT\",\"@id\":\"https:\/\/gymfactory.eu\/lt\/#\/schema\/logo\/image\/\",\"url\":\"https:\/\/gymfactory.eu\/wp-content\/uploads\/2024\/11\/Component-1.svg\",\"contentUrl\":\"https:\/\/gymfactory.eu\/wp-content\/uploads\/2024\/11\/Component-1.svg\",\"width\":54,\"height\":44,\"caption\":\"Sporto sal\u0117s gamykla\"},\"image\":{\"@id\":\"https:\/\/gymfactory.eu\/lt\/#\/schema\/logo\/image\/\"}}]}<\/script>\n<!-- \/ Yoast SEO plugin. -->","yoast_head_json":{"title":"\"K3P Dip Pull-Up Assist Machine\" | J\u0117gos treniruo\u010di\u0173 \u012franga","description":"Reikia pagalbos atliekant \u012ft\u016bpstus ar prisitraukimus? K3P pagalbinis aparatas padeda atlikti k\u016bno svorio pratimus ir stiprina j\u0117g\u0105 skland\u017eiai reguliuojamu pasiprie\u0161inimu.","robots":{"index":"index","follow":"follow","max-snippet":"max-snippet:-1","max-image-preview":"max-image-preview:large","max-video-preview":"max-video-preview:-1"},"canonical":"https:\/\/gymfactory.eu\/lt\/produktas\/k3p-dip-pull-up-assist-machine\/","og_locale":"lt_LT","og_type":"article","og_title":"\"K3P Dip Pull-Up Assist Machine\" | J\u0117gos treniruo\u010di\u0173 \u012franga","og_description":"Reikia pagalbos atliekant \u012ft\u016bpstus ar prisitraukimus? K3P pagalbinis aparatas padeda atlikti k\u016bno svorio pratimus ir stiprina j\u0117g\u0105 skland\u017eiai reguliuojamu pasiprie\u0161inimu.","og_url":"https:\/\/gymfactory.eu\/lt\/produktas\/k3p-dip-pull-up-assist-machine\/","og_site_name":"Gym Factory","article_modified_time":"2025-12-02T11:36:25+00:00","og_image":[{"width":1500,"height":1500,"url":"https:\/\/gymfactory.eu\/wp-content\/uploads\/2025\/02\/gym-machine-assisted-dip-pull-up-red-close-up-1.webp","type":"image\/webp"}],"twitter_card":"summary_large_image","twitter_misc":{"Est. reading time":"1 minut\u0117"},"schema":{"@context":"https:\/\/schema.org","@graph":[{"@type":"WebPage","@id":"https:\/\/gymfactory.eu\/lt\/produktas\/k3p-dip-pull-up-assist-machine\/","url":"https:\/\/gymfactory.eu\/lt\/produktas\/k3p-dip-pull-up-assist-machine\/","name":"\"K3P Dip Pull-Up Assist Machine\" | J\u0117gos treniruo\u010di\u0173 \u012franga","isPartOf":{"@id":"https:\/\/gymfactory.eu\/lt\/#website"},"primaryImageOfPage":{"@id":"https:\/\/gymfactory.eu\/lt\/produktas\/k3p-dip-pull-up-assist-machine\/#primaryimage"},"image":{"@id":"https:\/\/gymfactory.eu\/lt\/produktas\/k3p-dip-pull-up-assist-machine\/#primaryimage"},"thumbnailUrl":"https:\/\/gymfactory.eu\/wp-content\/uploads\/2025\/02\/gym-machine-assisted-dip-pull-up-red-close-up-1.webp","datePublished":"2025-02-05T11:56:50+00:00","dateModified":"2025-12-02T11:36:25+00:00","description":"Reikia pagalbos atliekant \u012ft\u016bpstus ar prisitraukimus? K3P pagalbinis aparatas padeda atlikti k\u016bno svorio pratimus ir stiprina j\u0117g\u0105 skland\u017eiai reguliuojamu pasiprie\u0161inimu.","breadcrumb":{"@id":"https:\/\/gymfactory.eu\/lt\/produktas\/k3p-dip-pull-up-assist-machine\/#breadcrumb"},"inLanguage":"lt-LT","potentialAction":[{"@type":"ReadAction","target":["https:\/\/gymfactory.eu\/lt\/produktas\/k3p-dip-pull-up-assist-machine\/"]}]},{"@type":"ImageObject","inLanguage":"lt-LT","@id":"https:\/\/gymfactory.eu\/lt\/produktas\/k3p-dip-pull-up-assist-machine\/#primaryimage","url":"https:\/\/gymfactory.eu\/wp-content\/uploads\/2025\/02\/gym-machine-assisted-dip-pull-up-red-close-up-1.webp","contentUrl":"https:\/\/gymfactory.eu\/wp-content\/uploads\/2025\/02\/gym-machine-assisted-dip-pull-up-red-close-up-1.webp","width":1500,"height":1500},{"@type":"BreadcrumbList","@id":"https:\/\/gymfactory.eu\/lt\/produktas\/k3p-dip-pull-up-assist-machine\/#breadcrumb","itemListElement":[{"@type":"ListItem","position":1,"name":"Pagrindinis","item":"https:\/\/gymfactory.eu\/lt\/"},{"@type":"ListItem","position":2,"name":"Katalogas","item":"https:\/\/gymfactory.eu\/lt\/katalogas\/"},{"@type":"ListItem","position":3,"name":"K3P Tricepso atsispaudim\u0173 ir prisitraukim\u0173 treniruoklis su pagalba"}]},{"@type":"WebSite","@id":"https:\/\/gymfactory.eu\/lt\/#website","url":"https:\/\/gymfactory.eu\/lt\/","name":"Gym Factory","description":"","publisher":{"@id":"https:\/\/gymfactory.eu\/lt\/#organization"},"potentialAction":[{"@type":"SearchAction","target":{"@type":"EntryPoint","urlTemplate":"https:\/\/gymfactory.eu\/lt\/?s={search_term_string}"},"query-input":{"@type":"PropertyValueSpecification","valueRequired":true,"valueName":"search_term_string"}}],"inLanguage":"lt-LT"},{"@type":"Organization","@id":"https:\/\/gymfactory.eu\/lt\/#organization","name":"Sporto sal\u0117s gamykla","url":"https:\/\/gymfactory.eu\/lt\/","logo":{"@type":"ImageObject","inLanguage":"lt-LT","@id":"https:\/\/gymfactory.eu\/lt\/#\/schema\/logo\/image\/","url":"https:\/\/gymfactory.eu\/wp-content\/uploads\/2024\/11\/Component-1.svg","contentUrl":"https:\/\/gymfactory.eu\/wp-content\/uploads\/2024\/11\/Component-1.svg","width":54,"height":44,"caption":"Sporto sal\u0117s gamykla"},"image":{"@id":"https:\/\/gymfactory.eu\/lt\/#\/schema\/logo\/image\/"}}]}},"_links":{"self":[{"href":"https:\/\/gymfactory.eu\/lt\/wp-json\/wp\/v2\/product\/10432","targetHints":{"allow":["GET"]}}],"collection":[{"href":"https:\/\/gymfactory.eu\/lt\/wp-json\/wp\/v2\/product"}],"about":[{"href":"https:\/\/gymfactory.eu\/lt\/wp-json\/wp\/v2\/types\/product"}],"wp:featuredmedia":[{"embeddable":true,"href":"https:\/\/gymfactory.eu\/lt\/wp-json\/wp\/v2\/media\/20119"}],"wp:attachment":[{"href":"https:\/\/gymfactory.eu\/lt\/wp-json\/wp\/v2\/media?parent=10432"}],"wp:term":[{"taxonomy":"product_brand","embeddable":true,"href":"https:\/\/gymfactory.eu\/lt\/wp-json\/wp\/v2\/product_brand?post=10432"},{"taxonomy":"product_cat","embeddable":true,"href":"https:\/\/gymfactory.eu\/lt\/wp-json\/wp\/v2\/product_cat?post=10432"},{"taxonomy":"product_tag","embeddable":true,"href":"https:\/\/gymfactory.eu\/lt\/wp-json\/wp\/v2\/product_tag?post=10432"}],"curies":[{"name":"wp","href":"https:\/\/api.w.org\/{rel}","templated":true}]}}