{"id":10426,"date":"2025-02-05T13:45:11","date_gmt":"2025-02-05T11:45:11","guid":{"rendered":"https:\/\/gymfactory.eu\/product\/f3x-bicepsu-ir-tricepsu-masina\/"},"modified":"2025-12-02T13:34:11","modified_gmt":"2025-12-02T11:34:11","slug":"f3x-bicepsu-ir-tricepsu-masina","status":"publish","type":"product","link":"https:\/\/gymfactory.eu\/lt\/produktas\/f3x-bicepsu-ir-tricepsu-masina\/","title":{"rendered":"F3X Bicepso ir tricepso treniruoklis"},"content":{"rendered":"<p>F3X \u2013 tai dvigubos funkcijos rank\u0173 treniruoklis, skirtas tikslingiems j\u0117gos pratimams. Jame galima atlikti tiek biceps\u0173 lenkimus, tiek triceps\u0173 tiesimus \u2013 tai universalus sprendimas tiek nam\u0173, tiek profesionaliai sporto salei.<\/p>\n<p>Treniruoklis u\u017etikrina valdom\u0105, izoliuot\u0105 judes\u012f: s\u0117dint atliekami biceps\u0173 lenkimai, pakeitus pad\u0117t\u012f \u2013 triceps\u0173 tiesimai. Tokia konstrukcija leid\u017eia kryptingai stiprinti tiek rankos priekin\u0119, tiek galin\u0119 dal\u012f.<\/p>\n<p>Reguliuojamo auk\u0161\u010dio s\u0117dyn\u0117 leid\u017eia prisitaikyti prie skirting\u0173 k\u016bno proporcij\u0173 ir u\u017etikrina taisykling\u0105 pad\u0117t\u012f. Stabilus r\u0117mas ir sklandus tros\u0173 veikimas garantuoja efektyvi\u0105, nuosekli\u0105 treniruot\u0119 kompakti\u0161koje erdv\u0117je.<\/p>\n\n    <div class=\"xs_social_share_widget xs_share_url after_content \t\tmain_content  wslu-style-1 wslu-share-box-shaped wslu-fill-colored wslu-none wslu-share-horizontal wslu-theme-font-no wslu-main_content\">\n\n\t\t\n        <ul>\n\t\t\t        <\/ul>\n    <\/div> \n","protected":false},"excerpt":{"rendered":"<p>F3X \u2013 tai dvigubos funkcijos rank\u0173 treniruoklis, skirtas tikslingiems j\u0117gos pratimams. Jame galima atlikti tiek biceps\u0173 lenkimus, tiek triceps\u0173 tiesimus \u2013 tai universalus sprendimas tiek nam\u0173, tiek profesionaliai sporto salei. Treniruoklis u\u017etikrina valdom\u0105, izoliuot\u0105 judes\u012f: s\u0117dint atliekami biceps\u0173 lenkimai, pakeitus pad\u0117t\u012f \u2013 triceps\u0173 tiesimai. Tokia konstrukcija leid\u017eia kryptingai stiprinti tiek rankos priekin\u0119, tiek galin\u0119 dal\u012f. [&hellip;]<\/p>\n","protected":false},"featured_media":7761,"template":"","meta":{"_acf_changed":false},"product_brand":[817],"product_cat":[466],"product_tag":[],"class_list":{"0":"post-10426","1":"product","2":"type-product","3":"status-publish","4":"has-post-thumbnail","6":"product_brand-gym-factory-lt","7":"product_cat-blokiniai-treniruokliai","9":"first","10":"onbackorder","11":"taxable","12":"shipping-taxable","13":"purchasable","14":"product-type-variable","15":"has-default-attributes"},"acf":[],"yoast_head":"<!-- This site is optimized with the Yoast SEO plugin v25.2 - https:\/\/yoast.com\/wordpress\/plugins\/seo\/ -->\n<title>&quot;F3XX Biceps Curl Machine&quot; | Sporto sal\u0117s \u012franga rank\u0173 treniruot\u0117ms<\/title>\n<meta name=\"description\" content=\"Taikote \u012f rankas? &quot;F3XX Biceps Curl Machine&quot; - tai treniruokli\u0173 sal\u0117s \u012franga, skirta izoliuotoms, veiksmingoms biceps\u0173 treniruot\u0117ms su skland\u017eiais, kontroliuojamais judesiais.\" \/>\n<meta name=\"robots\" content=\"index, follow, max-snippet:-1, max-image-preview:large, max-video-preview:-1\" \/>\n<link rel=\"canonical\" href=\"https:\/\/gymfactory.eu\/lt\/produktas\/f3x-bicepsu-ir-tricepsu-masina\/\" \/>\n<meta property=\"og:locale\" content=\"lt_LT\" \/>\n<meta property=\"og:type\" content=\"article\" \/>\n<meta property=\"og:title\" content=\"&quot;F3XX Biceps Curl Machine&quot; | Sporto sal\u0117s \u012franga rank\u0173 treniruot\u0117ms\" \/>\n<meta property=\"og:description\" content=\"Taikote \u012f rankas? &quot;F3XX Biceps Curl Machine&quot; - tai treniruokli\u0173 sal\u0117s \u012franga, skirta izoliuotoms, veiksmingoms biceps\u0173 treniruot\u0117ms su skland\u017eiais, kontroliuojamais judesiais.\" \/>\n<meta property=\"og:url\" content=\"https:\/\/gymfactory.eu\/lt\/produktas\/f3x-bicepsu-ir-tricepsu-masina\/\" \/>\n<meta property=\"og:site_name\" content=\"Gym Factory\" \/>\n<meta property=\"article:modified_time\" content=\"2025-12-02T11:34:11+00:00\" \/>\n<meta property=\"og:image\" content=\"https:\/\/gymfactory.eu\/wp-content\/uploads\/2025\/02\/gym-machine-biceps-curl-full-view.webp\" \/>\n\t<meta property=\"og:image:width\" content=\"1500\" \/>\n\t<meta property=\"og:image:height\" content=\"1500\" \/>\n\t<meta property=\"og:image:type\" content=\"image\/webp\" \/>\n<meta name=\"twitter:card\" content=\"summary_large_image\" \/>\n<meta name=\"twitter:label1\" content=\"Est. reading time\" \/>\n\t<meta name=\"twitter:data1\" content=\"1 minut\u0117\" \/>\n<script type=\"application\/ld+json\" class=\"yoast-schema-graph\">{\"@context\":\"https:\/\/schema.org\",\"@graph\":[{\"@type\":\"WebPage\",\"@id\":\"https:\/\/gymfactory.eu\/lt\/produktas\/f3x-bicepsu-ir-tricepsu-masina\/\",\"url\":\"https:\/\/gymfactory.eu\/lt\/produktas\/f3x-bicepsu-ir-tricepsu-masina\/\",\"name\":\"\\\"F3XX Biceps Curl Machine\\\" | Sporto sal\u0117s \u012franga rank\u0173 treniruot\u0117ms\",\"isPartOf\":{\"@id\":\"https:\/\/gymfactory.eu\/lt\/#website\"},\"primaryImageOfPage\":{\"@id\":\"https:\/\/gymfactory.eu\/lt\/produktas\/f3x-bicepsu-ir-tricepsu-masina\/#primaryimage\"},\"image\":{\"@id\":\"https:\/\/gymfactory.eu\/lt\/produktas\/f3x-bicepsu-ir-tricepsu-masina\/#primaryimage\"},\"thumbnailUrl\":\"https:\/\/gymfactory.eu\/wp-content\/uploads\/2025\/02\/gym-machine-biceps-curl-full-view.webp\",\"datePublished\":\"2025-02-05T11:45:11+00:00\",\"dateModified\":\"2025-12-02T11:34:11+00:00\",\"description\":\"Taikote \u012f rankas? \\\"F3XX Biceps Curl Machine\\\" - tai treniruokli\u0173 sal\u0117s \u012franga, skirta izoliuotoms, veiksmingoms biceps\u0173 treniruot\u0117ms su skland\u017eiais, kontroliuojamais judesiais.\",\"breadcrumb\":{\"@id\":\"https:\/\/gymfactory.eu\/lt\/produktas\/f3x-bicepsu-ir-tricepsu-masina\/#breadcrumb\"},\"inLanguage\":\"lt-LT\",\"potentialAction\":[{\"@type\":\"ReadAction\",\"target\":[\"https:\/\/gymfactory.eu\/lt\/produktas\/f3x-bicepsu-ir-tricepsu-masina\/\"]}]},{\"@type\":\"ImageObject\",\"inLanguage\":\"lt-LT\",\"@id\":\"https:\/\/gymfactory.eu\/lt\/produktas\/f3x-bicepsu-ir-tricepsu-masina\/#primaryimage\",\"url\":\"https:\/\/gymfactory.eu\/wp-content\/uploads\/2025\/02\/gym-machine-biceps-curl-full-view.webp\",\"contentUrl\":\"https:\/\/gymfactory.eu\/wp-content\/uploads\/2025\/02\/gym-machine-biceps-curl-full-view.webp\",\"width\":1500,\"height\":1500,\"caption\":\"Dvigubo raumens lenkimo treniruoklio vaizdas su juodu plieniniu r\u0117mu ir svori\u0173 sustatymo sistema. Sporto treniruoklyje yra reguliuojama rank\u0173 pagalv\u0117l\u0117, skriemuliai ir ergonomi\u0161kos rankenos, skirtos tikslingai treniruoti bicepsus. Kompakti\u0161kas ir patvarus treniruoklis, puikiai tinkantis tiek nam\u0173, tiek komercin\u0117ms treniruokli\u0173 sal\u0117ms, skirtas vir\u0161utin\u0117s rank\u0173 dalies j\u0117gai didinti naudojant kontroliuojam\u0105 pasiprie\u0161inim\u0105.\"},{\"@type\":\"BreadcrumbList\",\"@id\":\"https:\/\/gymfactory.eu\/lt\/produktas\/f3x-bicepsu-ir-tricepsu-masina\/#breadcrumb\",\"itemListElement\":[{\"@type\":\"ListItem\",\"position\":1,\"name\":\"Pagrindinis\",\"item\":\"https:\/\/gymfactory.eu\/lt\/\"},{\"@type\":\"ListItem\",\"position\":2,\"name\":\"Katalogas\",\"item\":\"https:\/\/gymfactory.eu\/lt\/katalogas\/\"},{\"@type\":\"ListItem\",\"position\":3,\"name\":\"F3X Bicepso ir tricepso treniruoklis\"}]},{\"@type\":\"WebSite\",\"@id\":\"https:\/\/gymfactory.eu\/lt\/#website\",\"url\":\"https:\/\/gymfactory.eu\/lt\/\",\"name\":\"Gym Factory\",\"description\":\"\",\"publisher\":{\"@id\":\"https:\/\/gymfactory.eu\/lt\/#organization\"},\"potentialAction\":[{\"@type\":\"SearchAction\",\"target\":{\"@type\":\"EntryPoint\",\"urlTemplate\":\"https:\/\/gymfactory.eu\/lt\/?s={search_term_string}\"},\"query-input\":{\"@type\":\"PropertyValueSpecification\",\"valueRequired\":true,\"valueName\":\"search_term_string\"}}],\"inLanguage\":\"lt-LT\"},{\"@type\":\"Organization\",\"@id\":\"https:\/\/gymfactory.eu\/lt\/#organization\",\"name\":\"Sporto sal\u0117s gamykla\",\"url\":\"https:\/\/gymfactory.eu\/lt\/\",\"logo\":{\"@type\":\"ImageObject\",\"inLanguage\":\"lt-LT\",\"@id\":\"https:\/\/gymfactory.eu\/lt\/#\/schema\/logo\/image\/\",\"url\":\"https:\/\/gymfactory.eu\/wp-content\/uploads\/2024\/11\/Component-1.svg\",\"contentUrl\":\"https:\/\/gymfactory.eu\/wp-content\/uploads\/2024\/11\/Component-1.svg\",\"width\":54,\"height\":44,\"caption\":\"Sporto sal\u0117s gamykla\"},\"image\":{\"@id\":\"https:\/\/gymfactory.eu\/lt\/#\/schema\/logo\/image\/\"}}]}<\/script>\n<!-- \/ Yoast SEO plugin. -->","yoast_head_json":{"title":"\"F3XX Biceps Curl Machine\" | Sporto sal\u0117s \u012franga rank\u0173 treniruot\u0117ms","description":"Taikote \u012f rankas? \"F3XX Biceps Curl Machine\" - tai treniruokli\u0173 sal\u0117s \u012franga, skirta izoliuotoms, veiksmingoms biceps\u0173 treniruot\u0117ms su skland\u017eiais, kontroliuojamais judesiais.","robots":{"index":"index","follow":"follow","max-snippet":"max-snippet:-1","max-image-preview":"max-image-preview:large","max-video-preview":"max-video-preview:-1"},"canonical":"https:\/\/gymfactory.eu\/lt\/produktas\/f3x-bicepsu-ir-tricepsu-masina\/","og_locale":"lt_LT","og_type":"article","og_title":"\"F3XX Biceps Curl Machine\" | Sporto sal\u0117s \u012franga rank\u0173 treniruot\u0117ms","og_description":"Taikote \u012f rankas? \"F3XX Biceps Curl Machine\" - tai treniruokli\u0173 sal\u0117s \u012franga, skirta izoliuotoms, veiksmingoms biceps\u0173 treniruot\u0117ms su skland\u017eiais, kontroliuojamais judesiais.","og_url":"https:\/\/gymfactory.eu\/lt\/produktas\/f3x-bicepsu-ir-tricepsu-masina\/","og_site_name":"Gym Factory","article_modified_time":"2025-12-02T11:34:11+00:00","og_image":[{"width":1500,"height":1500,"url":"https:\/\/gymfactory.eu\/wp-content\/uploads\/2025\/02\/gym-machine-biceps-curl-full-view.webp","type":"image\/webp"}],"twitter_card":"summary_large_image","twitter_misc":{"Est. reading time":"1 minut\u0117"},"schema":{"@context":"https:\/\/schema.org","@graph":[{"@type":"WebPage","@id":"https:\/\/gymfactory.eu\/lt\/produktas\/f3x-bicepsu-ir-tricepsu-masina\/","url":"https:\/\/gymfactory.eu\/lt\/produktas\/f3x-bicepsu-ir-tricepsu-masina\/","name":"\"F3XX Biceps Curl Machine\" | Sporto sal\u0117s \u012franga rank\u0173 treniruot\u0117ms","isPartOf":{"@id":"https:\/\/gymfactory.eu\/lt\/#website"},"primaryImageOfPage":{"@id":"https:\/\/gymfactory.eu\/lt\/produktas\/f3x-bicepsu-ir-tricepsu-masina\/#primaryimage"},"image":{"@id":"https:\/\/gymfactory.eu\/lt\/produktas\/f3x-bicepsu-ir-tricepsu-masina\/#primaryimage"},"thumbnailUrl":"https:\/\/gymfactory.eu\/wp-content\/uploads\/2025\/02\/gym-machine-biceps-curl-full-view.webp","datePublished":"2025-02-05T11:45:11+00:00","dateModified":"2025-12-02T11:34:11+00:00","description":"Taikote \u012f rankas? \"F3XX Biceps Curl Machine\" - tai treniruokli\u0173 sal\u0117s \u012franga, skirta izoliuotoms, veiksmingoms biceps\u0173 treniruot\u0117ms su skland\u017eiais, kontroliuojamais judesiais.","breadcrumb":{"@id":"https:\/\/gymfactory.eu\/lt\/produktas\/f3x-bicepsu-ir-tricepsu-masina\/#breadcrumb"},"inLanguage":"lt-LT","potentialAction":[{"@type":"ReadAction","target":["https:\/\/gymfactory.eu\/lt\/produktas\/f3x-bicepsu-ir-tricepsu-masina\/"]}]},{"@type":"ImageObject","inLanguage":"lt-LT","@id":"https:\/\/gymfactory.eu\/lt\/produktas\/f3x-bicepsu-ir-tricepsu-masina\/#primaryimage","url":"https:\/\/gymfactory.eu\/wp-content\/uploads\/2025\/02\/gym-machine-biceps-curl-full-view.webp","contentUrl":"https:\/\/gymfactory.eu\/wp-content\/uploads\/2025\/02\/gym-machine-biceps-curl-full-view.webp","width":1500,"height":1500,"caption":"Dvigubo raumens lenkimo treniruoklio vaizdas su juodu plieniniu r\u0117mu ir svori\u0173 sustatymo sistema. Sporto treniruoklyje yra reguliuojama rank\u0173 pagalv\u0117l\u0117, skriemuliai ir ergonomi\u0161kos rankenos, skirtos tikslingai treniruoti bicepsus. Kompakti\u0161kas ir patvarus treniruoklis, puikiai tinkantis tiek nam\u0173, tiek komercin\u0117ms treniruokli\u0173 sal\u0117ms, skirtas vir\u0161utin\u0117s rank\u0173 dalies j\u0117gai didinti naudojant kontroliuojam\u0105 pasiprie\u0161inim\u0105."},{"@type":"BreadcrumbList","@id":"https:\/\/gymfactory.eu\/lt\/produktas\/f3x-bicepsu-ir-tricepsu-masina\/#breadcrumb","itemListElement":[{"@type":"ListItem","position":1,"name":"Pagrindinis","item":"https:\/\/gymfactory.eu\/lt\/"},{"@type":"ListItem","position":2,"name":"Katalogas","item":"https:\/\/gymfactory.eu\/lt\/katalogas\/"},{"@type":"ListItem","position":3,"name":"F3X Bicepso ir tricepso treniruoklis"}]},{"@type":"WebSite","@id":"https:\/\/gymfactory.eu\/lt\/#website","url":"https:\/\/gymfactory.eu\/lt\/","name":"Gym Factory","description":"","publisher":{"@id":"https:\/\/gymfactory.eu\/lt\/#organization"},"potentialAction":[{"@type":"SearchAction","target":{"@type":"EntryPoint","urlTemplate":"https:\/\/gymfactory.eu\/lt\/?s={search_term_string}"},"query-input":{"@type":"PropertyValueSpecification","valueRequired":true,"valueName":"search_term_string"}}],"inLanguage":"lt-LT"},{"@type":"Organization","@id":"https:\/\/gymfactory.eu\/lt\/#organization","name":"Sporto sal\u0117s gamykla","url":"https:\/\/gymfactory.eu\/lt\/","logo":{"@type":"ImageObject","inLanguage":"lt-LT","@id":"https:\/\/gymfactory.eu\/lt\/#\/schema\/logo\/image\/","url":"https:\/\/gymfactory.eu\/wp-content\/uploads\/2024\/11\/Component-1.svg","contentUrl":"https:\/\/gymfactory.eu\/wp-content\/uploads\/2024\/11\/Component-1.svg","width":54,"height":44,"caption":"Sporto sal\u0117s gamykla"},"image":{"@id":"https:\/\/gymfactory.eu\/lt\/#\/schema\/logo\/image\/"}}]}},"_links":{"self":[{"href":"https:\/\/gymfactory.eu\/lt\/wp-json\/wp\/v2\/product\/10426","targetHints":{"allow":["GET"]}}],"collection":[{"href":"https:\/\/gymfactory.eu\/lt\/wp-json\/wp\/v2\/product"}],"about":[{"href":"https:\/\/gymfactory.eu\/lt\/wp-json\/wp\/v2\/types\/product"}],"wp:featuredmedia":[{"embeddable":true,"href":"https:\/\/gymfactory.eu\/lt\/wp-json\/wp\/v2\/media\/7761"}],"wp:attachment":[{"href":"https:\/\/gymfactory.eu\/lt\/wp-json\/wp\/v2\/media?parent=10426"}],"wp:term":[{"taxonomy":"product_brand","embeddable":true,"href":"https:\/\/gymfactory.eu\/lt\/wp-json\/wp\/v2\/product_brand?post=10426"},{"taxonomy":"product_cat","embeddable":true,"href":"https:\/\/gymfactory.eu\/lt\/wp-json\/wp\/v2\/product_cat?post=10426"},{"taxonomy":"product_tag","embeddable":true,"href":"https:\/\/gymfactory.eu\/lt\/wp-json\/wp\/v2\/product_tag?post=10426"}],"curies":[{"name":"wp","href":"https:\/\/api.w.org\/{rel}","templated":true}]}}