{"id":10423,"date":"2025-01-31T09:42:57","date_gmt":"2025-01-31T07:42:57","guid":{"rendered":"https:\/\/gymfactory.eu\/product\/l1-t-bar-row-masina\/"},"modified":"2025-11-21T13:29:25","modified_gmt":"2025-11-21T11:29:25","slug":"l1-t-bar-row-masina","status":"publish","type":"product","link":"https:\/\/gymfactory.eu\/lt\/produktas\/l1-t-bar-row-masina\/","title":{"rendered":"L1 Nugaros treniruoklis &#8211; horizontali trauka"},"content":{"rendered":"<p>L1 nugaros treniruoklis-horizontali trauka \u2013 efektyvi priemon\u0117 vir\u0161utin\u0117s k\u016bno dalies stiprinimui, tinkama tiek profesionalioms sporto sal\u0117ms, tiek nam\u0173 treniruot\u0117ms. Skirtas traukos pratimams su atrama kr\u016btinei, jis leid\u017eia atlikti intensyvius judesius i\u0161laikant taisykling\u0105 pad\u0117t\u012f ir suma\u017einant apkrov\u0105 juosmeniui.<\/p>\n<p>Treniruoklis stiprina vir\u0161utin\u0119 nugaros dal\u012f, plat\u0173j\u012f nugaros raumen\u012f ir u\u017epakalinius deltinius raumenis. Taip pat padeda gerinti laikysen\u0105 ir traukos j\u0117g\u0105. \u012evairios ranken\u0173 pad\u0117tys leid\u017eia keisti su\u0117mim\u0105 (platesn\u012f arba siauresn\u012f) ir nukreipti kr\u016bv\u012f \u012f skirtingas raumen\u0173 grupes.<\/p>\n<p>Paprastas, tvirtas ir efektyvus \u2013 L1 T-Bar yra puikus pasirinkimas tikslingam nugaros treniravimui bet kurioje rimto j\u0117gos sporto programoje.<\/p>\n\n    <div class=\"xs_social_share_widget xs_share_url after_content \t\tmain_content  wslu-style-1 wslu-share-box-shaped wslu-fill-colored wslu-none wslu-share-horizontal wslu-theme-font-no wslu-main_content\">\n\n\t\t\n        <ul>\n\t\t\t        <\/ul>\n    <\/div> \n","protected":false},"excerpt":{"rendered":"<p>L1 nugaros treniruoklis-horizontali trauka \u2013 efektyvi priemon\u0117 vir\u0161utin\u0117s k\u016bno dalies stiprinimui, tinkama tiek profesionalioms sporto sal\u0117ms, tiek nam\u0173 treniruot\u0117ms. Skirtas traukos pratimams su atrama kr\u016btinei, jis leid\u017eia atlikti intensyvius judesius i\u0161laikant taisykling\u0105 pad\u0117t\u012f ir suma\u017einant apkrov\u0105 juosmeniui. Treniruoklis stiprina vir\u0161utin\u0119 nugaros dal\u012f, plat\u0173j\u012f nugaros raumen\u012f ir u\u017epakalinius deltinius raumenis. Taip pat padeda gerinti laikysen\u0105 ir [&hellip;]<\/p>\n","protected":false},"featured_media":8316,"template":"","meta":{"_acf_changed":false},"product_brand":[817],"product_cat":[421],"product_tag":[],"class_list":{"0":"post-10423","1":"product","2":"type-product","3":"status-publish","4":"has-post-thumbnail","6":"product_brand-gym-factory-lt","7":"product_cat-laisvu-svoriu-treniruokliai","9":"first","10":"onbackorder","11":"taxable","12":"shipping-taxable","13":"purchasable","14":"product-type-variable","15":"has-default-attributes"},"acf":[],"yoast_head":"<!-- This site is optimized with the Yoast SEO plugin v25.2 - https:\/\/yoast.com\/wordpress\/plugins\/seo\/ -->\n<title>&quot;L1 T-Bar Row Machine&quot; | Sukurta j\u0117gos treniruot\u0117ms<\/title>\n<meta name=\"description\" content=\"Norite sustiprinti nugar\u0105? L1 &quot;T-Bar Row&quot; treniruoklis yra skirtas j\u0117gos treniruot\u0117ms, nes u\u017etikrina galingus ir tikslingus judesius, kad raumenys b\u016bt\u0173 stipriai i\u0161vystyti.\" \/>\n<meta name=\"robots\" content=\"index, follow, max-snippet:-1, max-image-preview:large, max-video-preview:-1\" \/>\n<link rel=\"canonical\" href=\"https:\/\/gymfactory.eu\/lt\/produktas\/l1-t-bar-row-masina\/\" \/>\n<meta property=\"og:locale\" content=\"lt_LT\" \/>\n<meta property=\"og:type\" content=\"article\" \/>\n<meta property=\"og:title\" content=\"&quot;L1 T-Bar Row Machine&quot; | Sukurta j\u0117gos treniruot\u0117ms\" \/>\n<meta property=\"og:description\" content=\"Norite sustiprinti nugar\u0105? L1 &quot;T-Bar Row&quot; treniruoklis yra skirtas j\u0117gos treniruot\u0117ms, nes u\u017etikrina galingus ir tikslingus judesius, kad raumenys b\u016bt\u0173 stipriai i\u0161vystyti.\" \/>\n<meta property=\"og:url\" content=\"https:\/\/gymfactory.eu\/lt\/produktas\/l1-t-bar-row-masina\/\" \/>\n<meta property=\"og:site_name\" content=\"Gym Factory\" \/>\n<meta property=\"article:modified_time\" content=\"2025-11-21T11:29:25+00:00\" \/>\n<meta property=\"og:image\" content=\"https:\/\/gymfactory.eu\/wp-content\/uploads\/2025\/01\/gym-machine-L1-t-bar-row-side-view-1.webp\" \/>\n\t<meta property=\"og:image:width\" content=\"1500\" \/>\n\t<meta property=\"og:image:height\" content=\"1500\" \/>\n\t<meta property=\"og:image:type\" content=\"image\/webp\" \/>\n<meta name=\"twitter:card\" content=\"summary_large_image\" \/>\n<meta name=\"twitter:label1\" content=\"Est. reading time\" \/>\n\t<meta name=\"twitter:data1\" content=\"1 minut\u0117\" \/>\n<script type=\"application\/ld+json\" class=\"yoast-schema-graph\">{\"@context\":\"https:\/\/schema.org\",\"@graph\":[{\"@type\":\"WebPage\",\"@id\":\"https:\/\/gymfactory.eu\/lt\/produktas\/l1-t-bar-row-masina\/\",\"url\":\"https:\/\/gymfactory.eu\/lt\/produktas\/l1-t-bar-row-masina\/\",\"name\":\"\\\"L1 T-Bar Row Machine\\\" | Sukurta j\u0117gos treniruot\u0117ms\",\"isPartOf\":{\"@id\":\"https:\/\/gymfactory.eu\/lt\/#website\"},\"primaryImageOfPage\":{\"@id\":\"https:\/\/gymfactory.eu\/lt\/produktas\/l1-t-bar-row-masina\/#primaryimage\"},\"image\":{\"@id\":\"https:\/\/gymfactory.eu\/lt\/produktas\/l1-t-bar-row-masina\/#primaryimage\"},\"thumbnailUrl\":\"https:\/\/gymfactory.eu\/wp-content\/uploads\/2025\/01\/gym-machine-L1-t-bar-row-side-view-1.webp\",\"datePublished\":\"2025-01-31T07:42:57+00:00\",\"dateModified\":\"2025-11-21T11:29:25+00:00\",\"description\":\"Norite sustiprinti nugar\u0105? L1 \\\"T-Bar Row\\\" treniruoklis yra skirtas j\u0117gos treniruot\u0117ms, nes u\u017etikrina galingus ir tikslingus judesius, kad raumenys b\u016bt\u0173 stipriai i\u0161vystyti.\",\"breadcrumb\":{\"@id\":\"https:\/\/gymfactory.eu\/lt\/produktas\/l1-t-bar-row-masina\/#breadcrumb\"},\"inLanguage\":\"lt-LT\",\"potentialAction\":[{\"@type\":\"ReadAction\",\"target\":[\"https:\/\/gymfactory.eu\/lt\/produktas\/l1-t-bar-row-masina\/\"]}]},{\"@type\":\"ImageObject\",\"inLanguage\":\"lt-LT\",\"@id\":\"https:\/\/gymfactory.eu\/lt\/produktas\/l1-t-bar-row-masina\/#primaryimage\",\"url\":\"https:\/\/gymfactory.eu\/wp-content\/uploads\/2025\/01\/gym-machine-L1-t-bar-row-side-view-1.webp\",\"contentUrl\":\"https:\/\/gymfactory.eu\/wp-content\/uploads\/2025\/01\/gym-machine-L1-t-bar-row-side-view-1.webp\",\"width\":1500,\"height\":1500,\"caption\":\"I\u0161 \u0161onin\u0117s \\\"T-Bar Row\\\" perspektyvos matomas reguliuojamo svorio k\u0117limo mechanizmas ir sustiprintas plieninis r\u0117mas. \u0160is treniruoklis turi pasukam\u0105 \u0161tangos konstrukcij\u0105, kuri leid\u017eia nat\u016braliai atlikti judesius ir u\u017etikrina veiksming\u0105 vir\u0161utin\u0117s ir apatin\u0117s nugaros dalies raumen\u0173 treniruot\u0119.\"},{\"@type\":\"BreadcrumbList\",\"@id\":\"https:\/\/gymfactory.eu\/lt\/produktas\/l1-t-bar-row-masina\/#breadcrumb\",\"itemListElement\":[{\"@type\":\"ListItem\",\"position\":1,\"name\":\"Pagrindinis\",\"item\":\"https:\/\/gymfactory.eu\/lt\/\"},{\"@type\":\"ListItem\",\"position\":2,\"name\":\"Katalogas\",\"item\":\"https:\/\/gymfactory.eu\/lt\/katalogas\/\"},{\"@type\":\"ListItem\",\"position\":3,\"name\":\"L1 Nugaros treniruoklis &#8211; horizontali trauka\"}]},{\"@type\":\"WebSite\",\"@id\":\"https:\/\/gymfactory.eu\/lt\/#website\",\"url\":\"https:\/\/gymfactory.eu\/lt\/\",\"name\":\"Gym Factory\",\"description\":\"\",\"publisher\":{\"@id\":\"https:\/\/gymfactory.eu\/lt\/#organization\"},\"potentialAction\":[{\"@type\":\"SearchAction\",\"target\":{\"@type\":\"EntryPoint\",\"urlTemplate\":\"https:\/\/gymfactory.eu\/lt\/?s={search_term_string}\"},\"query-input\":{\"@type\":\"PropertyValueSpecification\",\"valueRequired\":true,\"valueName\":\"search_term_string\"}}],\"inLanguage\":\"lt-LT\"},{\"@type\":\"Organization\",\"@id\":\"https:\/\/gymfactory.eu\/lt\/#organization\",\"name\":\"Sporto sal\u0117s gamykla\",\"url\":\"https:\/\/gymfactory.eu\/lt\/\",\"logo\":{\"@type\":\"ImageObject\",\"inLanguage\":\"lt-LT\",\"@id\":\"https:\/\/gymfactory.eu\/lt\/#\/schema\/logo\/image\/\",\"url\":\"https:\/\/gymfactory.eu\/wp-content\/uploads\/2024\/11\/Component-1.svg\",\"contentUrl\":\"https:\/\/gymfactory.eu\/wp-content\/uploads\/2024\/11\/Component-1.svg\",\"width\":54,\"height\":44,\"caption\":\"Sporto sal\u0117s gamykla\"},\"image\":{\"@id\":\"https:\/\/gymfactory.eu\/lt\/#\/schema\/logo\/image\/\"}}]}<\/script>\n<!-- \/ Yoast SEO plugin. -->","yoast_head_json":{"title":"\"L1 T-Bar Row Machine\" | Sukurta j\u0117gos treniruot\u0117ms","description":"Norite sustiprinti nugar\u0105? L1 \"T-Bar Row\" treniruoklis yra skirtas j\u0117gos treniruot\u0117ms, nes u\u017etikrina galingus ir tikslingus judesius, kad raumenys b\u016bt\u0173 stipriai i\u0161vystyti.","robots":{"index":"index","follow":"follow","max-snippet":"max-snippet:-1","max-image-preview":"max-image-preview:large","max-video-preview":"max-video-preview:-1"},"canonical":"https:\/\/gymfactory.eu\/lt\/produktas\/l1-t-bar-row-masina\/","og_locale":"lt_LT","og_type":"article","og_title":"\"L1 T-Bar Row Machine\" | Sukurta j\u0117gos treniruot\u0117ms","og_description":"Norite sustiprinti nugar\u0105? L1 \"T-Bar Row\" treniruoklis yra skirtas j\u0117gos treniruot\u0117ms, nes u\u017etikrina galingus ir tikslingus judesius, kad raumenys b\u016bt\u0173 stipriai i\u0161vystyti.","og_url":"https:\/\/gymfactory.eu\/lt\/produktas\/l1-t-bar-row-masina\/","og_site_name":"Gym Factory","article_modified_time":"2025-11-21T11:29:25+00:00","og_image":[{"width":1500,"height":1500,"url":"https:\/\/gymfactory.eu\/wp-content\/uploads\/2025\/01\/gym-machine-L1-t-bar-row-side-view-1.webp","type":"image\/webp"}],"twitter_card":"summary_large_image","twitter_misc":{"Est. reading time":"1 minut\u0117"},"schema":{"@context":"https:\/\/schema.org","@graph":[{"@type":"WebPage","@id":"https:\/\/gymfactory.eu\/lt\/produktas\/l1-t-bar-row-masina\/","url":"https:\/\/gymfactory.eu\/lt\/produktas\/l1-t-bar-row-masina\/","name":"\"L1 T-Bar Row Machine\" | Sukurta j\u0117gos treniruot\u0117ms","isPartOf":{"@id":"https:\/\/gymfactory.eu\/lt\/#website"},"primaryImageOfPage":{"@id":"https:\/\/gymfactory.eu\/lt\/produktas\/l1-t-bar-row-masina\/#primaryimage"},"image":{"@id":"https:\/\/gymfactory.eu\/lt\/produktas\/l1-t-bar-row-masina\/#primaryimage"},"thumbnailUrl":"https:\/\/gymfactory.eu\/wp-content\/uploads\/2025\/01\/gym-machine-L1-t-bar-row-side-view-1.webp","datePublished":"2025-01-31T07:42:57+00:00","dateModified":"2025-11-21T11:29:25+00:00","description":"Norite sustiprinti nugar\u0105? L1 \"T-Bar Row\" treniruoklis yra skirtas j\u0117gos treniruot\u0117ms, nes u\u017etikrina galingus ir tikslingus judesius, kad raumenys b\u016bt\u0173 stipriai i\u0161vystyti.","breadcrumb":{"@id":"https:\/\/gymfactory.eu\/lt\/produktas\/l1-t-bar-row-masina\/#breadcrumb"},"inLanguage":"lt-LT","potentialAction":[{"@type":"ReadAction","target":["https:\/\/gymfactory.eu\/lt\/produktas\/l1-t-bar-row-masina\/"]}]},{"@type":"ImageObject","inLanguage":"lt-LT","@id":"https:\/\/gymfactory.eu\/lt\/produktas\/l1-t-bar-row-masina\/#primaryimage","url":"https:\/\/gymfactory.eu\/wp-content\/uploads\/2025\/01\/gym-machine-L1-t-bar-row-side-view-1.webp","contentUrl":"https:\/\/gymfactory.eu\/wp-content\/uploads\/2025\/01\/gym-machine-L1-t-bar-row-side-view-1.webp","width":1500,"height":1500,"caption":"I\u0161 \u0161onin\u0117s \"T-Bar Row\" perspektyvos matomas reguliuojamo svorio k\u0117limo mechanizmas ir sustiprintas plieninis r\u0117mas. \u0160is treniruoklis turi pasukam\u0105 \u0161tangos konstrukcij\u0105, kuri leid\u017eia nat\u016braliai atlikti judesius ir u\u017etikrina veiksming\u0105 vir\u0161utin\u0117s ir apatin\u0117s nugaros dalies raumen\u0173 treniruot\u0119."},{"@type":"BreadcrumbList","@id":"https:\/\/gymfactory.eu\/lt\/produktas\/l1-t-bar-row-masina\/#breadcrumb","itemListElement":[{"@type":"ListItem","position":1,"name":"Pagrindinis","item":"https:\/\/gymfactory.eu\/lt\/"},{"@type":"ListItem","position":2,"name":"Katalogas","item":"https:\/\/gymfactory.eu\/lt\/katalogas\/"},{"@type":"ListItem","position":3,"name":"L1 Nugaros treniruoklis &#8211; horizontali trauka"}]},{"@type":"WebSite","@id":"https:\/\/gymfactory.eu\/lt\/#website","url":"https:\/\/gymfactory.eu\/lt\/","name":"Gym Factory","description":"","publisher":{"@id":"https:\/\/gymfactory.eu\/lt\/#organization"},"potentialAction":[{"@type":"SearchAction","target":{"@type":"EntryPoint","urlTemplate":"https:\/\/gymfactory.eu\/lt\/?s={search_term_string}"},"query-input":{"@type":"PropertyValueSpecification","valueRequired":true,"valueName":"search_term_string"}}],"inLanguage":"lt-LT"},{"@type":"Organization","@id":"https:\/\/gymfactory.eu\/lt\/#organization","name":"Sporto sal\u0117s gamykla","url":"https:\/\/gymfactory.eu\/lt\/","logo":{"@type":"ImageObject","inLanguage":"lt-LT","@id":"https:\/\/gymfactory.eu\/lt\/#\/schema\/logo\/image\/","url":"https:\/\/gymfactory.eu\/wp-content\/uploads\/2024\/11\/Component-1.svg","contentUrl":"https:\/\/gymfactory.eu\/wp-content\/uploads\/2024\/11\/Component-1.svg","width":54,"height":44,"caption":"Sporto sal\u0117s gamykla"},"image":{"@id":"https:\/\/gymfactory.eu\/lt\/#\/schema\/logo\/image\/"}}]}},"_links":{"self":[{"href":"https:\/\/gymfactory.eu\/lt\/wp-json\/wp\/v2\/product\/10423","targetHints":{"allow":["GET"]}}],"collection":[{"href":"https:\/\/gymfactory.eu\/lt\/wp-json\/wp\/v2\/product"}],"about":[{"href":"https:\/\/gymfactory.eu\/lt\/wp-json\/wp\/v2\/types\/product"}],"wp:featuredmedia":[{"embeddable":true,"href":"https:\/\/gymfactory.eu\/lt\/wp-json\/wp\/v2\/media\/8316"}],"wp:attachment":[{"href":"https:\/\/gymfactory.eu\/lt\/wp-json\/wp\/v2\/media?parent=10423"}],"wp:term":[{"taxonomy":"product_brand","embeddable":true,"href":"https:\/\/gymfactory.eu\/lt\/wp-json\/wp\/v2\/product_brand?post=10423"},{"taxonomy":"product_cat","embeddable":true,"href":"https:\/\/gymfactory.eu\/lt\/wp-json\/wp\/v2\/product_cat?post=10423"},{"taxonomy":"product_tag","embeddable":true,"href":"https:\/\/gymfactory.eu\/lt\/wp-json\/wp\/v2\/product_tag?post=10423"}],"curies":[{"name":"wp","href":"https:\/\/api.w.org\/{rel}","templated":true}]}}