{"id":10416,"date":"2025-01-31T10:59:52","date_gmt":"2025-01-31T08:59:52","guid":{"rendered":"https:\/\/gymfactory.eu\/product\/l4x-atvirkstinio-lenkimo-masina\/"},"modified":"2025-11-21T13:42:26","modified_gmt":"2025-11-21T11:42:26","slug":"l4x-atvirkstinio-lenkimo-masina","status":"publish","type":"product","link":"https:\/\/gymfactory.eu\/lt\/produktas\/l4x-atvirkstinio-lenkimo-masina\/","title":{"rendered":"L4X S\u0117dmen\u0173 ir \u0161laun\u0173 treniruoklis"},"content":{"rendered":"<p>L4X s\u0117dmen\u0173 ir \u0161laun\u0173 treniruoklis skirtas efektyviai lavinti u\u017epakalin\u0119 \u0161laun\u0173 dal\u012f, s\u0117dmenis ir apatin\u0119 nugaros dal\u012f. Tvirta konstrukcija ir ergonomi\u0161ki pamink\u0161tinimai u\u017etikrina komfort\u0105 ir stabilum\u0105 kiekvienos treniruot\u0117s metu.<\/p>\n<p>Pagrindinis pratimas \u2013 s\u0117dmen\u0173 ir \u0161laun\u0173 k\u0117limas (glute ham raise) \u2013 stiprina raumen\u0173 grandin\u0119, atsaking\u0105 u\u017e b\u0117gim\u0105, \u0161uolius ir bendr\u0105 stabilum\u0105.<\/p>\n\n    <div class=\"xs_social_share_widget xs_share_url after_content \t\tmain_content  wslu-style-1 wslu-share-box-shaped wslu-fill-colored wslu-none wslu-share-horizontal wslu-theme-font-no wslu-main_content\">\n\n\t\t\n        <ul>\n\t\t\t        <\/ul>\n    <\/div> \n","protected":false},"excerpt":{"rendered":"<p>L4X s\u0117dmen\u0173 ir \u0161laun\u0173 treniruoklis skirtas efektyviai lavinti u\u017epakalin\u0119 \u0161laun\u0173 dal\u012f, s\u0117dmenis ir apatin\u0119 nugaros dal\u012f. Tvirta konstrukcija ir ergonomi\u0161ki pamink\u0161tinimai u\u017etikrina komfort\u0105 ir stabilum\u0105 kiekvienos treniruot\u0117s metu. Pagrindinis pratimas \u2013 s\u0117dmen\u0173 ir \u0161laun\u0173 k\u0117limas (glute ham raise) \u2013 stiprina raumen\u0173 grandin\u0119, atsaking\u0105 u\u017e b\u0117gim\u0105, \u0161uolius ir bendr\u0105 stabilum\u0105.<\/p>\n","protected":false},"featured_media":8333,"template":"","meta":{"_acf_changed":false},"product_brand":[817],"product_cat":[421],"product_tag":[],"class_list":{"0":"post-10416","1":"product","2":"type-product","3":"status-publish","4":"has-post-thumbnail","6":"product_brand-gym-factory-lt","7":"product_cat-laisvu-svoriu-treniruokliai","9":"first","10":"onbackorder","11":"taxable","12":"shipping-taxable","13":"purchasable","14":"product-type-variable","15":"has-default-attributes"},"acf":[],"yoast_head":"<!-- This site is optimized with the Yoast SEO plugin v25.2 - https:\/\/yoast.com\/wordpress\/plugins\/seo\/ -->\n<title>&quot;L4X Inverse Curl Machine&quot; | Hamstringams, s\u0117dmenims ir nugarai<\/title>\n<meta name=\"description\" content=\"Norite sustiprinti str\u0117nas, s\u0117dmenis ir nugar\u0105? L4X atvirk\u0161tinio lenkimo treniruoklis suteikia veiksming\u0105 pasiprie\u0161inim\u0105 apatin\u0117s k\u016bno dalies ir u\u017epakalin\u0117s grandin\u0117s treniruot\u0117ms.\" \/>\n<meta name=\"robots\" content=\"index, follow, max-snippet:-1, max-image-preview:large, max-video-preview:-1\" \/>\n<link rel=\"canonical\" href=\"https:\/\/gymfactory.eu\/lt\/produktas\/l4x-atvirkstinio-lenkimo-masina\/\" \/>\n<meta property=\"og:locale\" content=\"lt_LT\" \/>\n<meta property=\"og:type\" content=\"article\" \/>\n<meta property=\"og:title\" content=\"&quot;L4X Inverse Curl Machine&quot; | Hamstringams, s\u0117dmenims ir nugarai\" \/>\n<meta property=\"og:description\" content=\"Norite sustiprinti str\u0117nas, s\u0117dmenis ir nugar\u0105? L4X atvirk\u0161tinio lenkimo treniruoklis suteikia veiksming\u0105 pasiprie\u0161inim\u0105 apatin\u0117s k\u016bno dalies ir u\u017epakalin\u0117s grandin\u0117s treniruot\u0117ms.\" \/>\n<meta property=\"og:url\" content=\"https:\/\/gymfactory.eu\/lt\/produktas\/l4x-atvirkstinio-lenkimo-masina\/\" \/>\n<meta property=\"og:site_name\" content=\"Gym Factory\" \/>\n<meta property=\"article:modified_time\" content=\"2025-11-21T11:42:26+00:00\" \/>\n<meta property=\"og:image\" content=\"https:\/\/gymfactory.eu\/wp-content\/uploads\/2025\/01\/gym-machine-L4X-inverse-curl-machine-side-view-1.webp\" \/>\n\t<meta property=\"og:image:width\" content=\"1500\" \/>\n\t<meta property=\"og:image:height\" content=\"1500\" \/>\n\t<meta property=\"og:image:type\" content=\"image\/webp\" \/>\n<meta name=\"twitter:card\" content=\"summary_large_image\" \/>\n<meta name=\"twitter:label1\" content=\"Est. reading time\" \/>\n\t<meta name=\"twitter:data1\" content=\"1 minut\u0117\" \/>\n<script type=\"application\/ld+json\" class=\"yoast-schema-graph\">{\"@context\":\"https:\/\/schema.org\",\"@graph\":[{\"@type\":\"WebPage\",\"@id\":\"https:\/\/gymfactory.eu\/lt\/produktas\/l4x-atvirkstinio-lenkimo-masina\/\",\"url\":\"https:\/\/gymfactory.eu\/lt\/produktas\/l4x-atvirkstinio-lenkimo-masina\/\",\"name\":\"\\\"L4X Inverse Curl Machine\\\" | Hamstringams, s\u0117dmenims ir nugarai\",\"isPartOf\":{\"@id\":\"https:\/\/gymfactory.eu\/lt\/#website\"},\"primaryImageOfPage\":{\"@id\":\"https:\/\/gymfactory.eu\/lt\/produktas\/l4x-atvirkstinio-lenkimo-masina\/#primaryimage\"},\"image\":{\"@id\":\"https:\/\/gymfactory.eu\/lt\/produktas\/l4x-atvirkstinio-lenkimo-masina\/#primaryimage\"},\"thumbnailUrl\":\"https:\/\/gymfactory.eu\/wp-content\/uploads\/2025\/01\/gym-machine-L4X-inverse-curl-machine-side-view-1.webp\",\"datePublished\":\"2025-01-31T08:59:52+00:00\",\"dateModified\":\"2025-11-21T11:42:26+00:00\",\"description\":\"Norite sustiprinti str\u0117nas, s\u0117dmenis ir nugar\u0105? L4X atvirk\u0161tinio lenkimo treniruoklis suteikia veiksming\u0105 pasiprie\u0161inim\u0105 apatin\u0117s k\u016bno dalies ir u\u017epakalin\u0117s grandin\u0117s treniruot\u0117ms.\",\"breadcrumb\":{\"@id\":\"https:\/\/gymfactory.eu\/lt\/produktas\/l4x-atvirkstinio-lenkimo-masina\/#breadcrumb\"},\"inLanguage\":\"lt-LT\",\"potentialAction\":[{\"@type\":\"ReadAction\",\"target\":[\"https:\/\/gymfactory.eu\/lt\/produktas\/l4x-atvirkstinio-lenkimo-masina\/\"]}]},{\"@type\":\"ImageObject\",\"inLanguage\":\"lt-LT\",\"@id\":\"https:\/\/gymfactory.eu\/lt\/produktas\/l4x-atvirkstinio-lenkimo-masina\/#primaryimage\",\"url\":\"https:\/\/gymfactory.eu\/wp-content\/uploads\/2025\/01\/gym-machine-L4X-inverse-curl-machine-side-view-1.webp\",\"contentUrl\":\"https:\/\/gymfactory.eu\/wp-content\/uploads\/2025\/01\/gym-machine-L4X-inverse-curl-machine-side-view-1.webp\",\"width\":1500,\"height\":1500,\"caption\":\"L4X atvirk\u0161tinio lenkimo treniruoklio \u0161oninis vaizdas, kuriame matyti tvirtas raudonos ir juodos spalvos plieno r\u0117mas. Treniruoklyje yra pamink\u0161tinta \u0161laun\u0173 atrama, reguliuojami koj\u0173 ritin\u0117liai ir tvirtas deimantais dengtas koj\u0173 pagrindas, u\u017etikrinantis maksimal\u0173 stabilum\u0105. \u0160is treniruoklis skirtas str\u0117n\u0173 ir s\u0117dmen\u0173 raumenims vystyti, jame galima saugiai ir patogiai atlikti pa\u017eangius j\u0117gos pratimus.\"},{\"@type\":\"BreadcrumbList\",\"@id\":\"https:\/\/gymfactory.eu\/lt\/produktas\/l4x-atvirkstinio-lenkimo-masina\/#breadcrumb\",\"itemListElement\":[{\"@type\":\"ListItem\",\"position\":1,\"name\":\"Pagrindinis\",\"item\":\"https:\/\/gymfactory.eu\/lt\/\"},{\"@type\":\"ListItem\",\"position\":2,\"name\":\"Katalogas\",\"item\":\"https:\/\/gymfactory.eu\/lt\/katalogas\/\"},{\"@type\":\"ListItem\",\"position\":3,\"name\":\"L4X S\u0117dmen\u0173 ir \u0161laun\u0173 treniruoklis\"}]},{\"@type\":\"WebSite\",\"@id\":\"https:\/\/gymfactory.eu\/lt\/#website\",\"url\":\"https:\/\/gymfactory.eu\/lt\/\",\"name\":\"Gym Factory\",\"description\":\"\",\"publisher\":{\"@id\":\"https:\/\/gymfactory.eu\/lt\/#organization\"},\"potentialAction\":[{\"@type\":\"SearchAction\",\"target\":{\"@type\":\"EntryPoint\",\"urlTemplate\":\"https:\/\/gymfactory.eu\/lt\/?s={search_term_string}\"},\"query-input\":{\"@type\":\"PropertyValueSpecification\",\"valueRequired\":true,\"valueName\":\"search_term_string\"}}],\"inLanguage\":\"lt-LT\"},{\"@type\":\"Organization\",\"@id\":\"https:\/\/gymfactory.eu\/lt\/#organization\",\"name\":\"Sporto sal\u0117s gamykla\",\"url\":\"https:\/\/gymfactory.eu\/lt\/\",\"logo\":{\"@type\":\"ImageObject\",\"inLanguage\":\"lt-LT\",\"@id\":\"https:\/\/gymfactory.eu\/lt\/#\/schema\/logo\/image\/\",\"url\":\"https:\/\/gymfactory.eu\/wp-content\/uploads\/2024\/11\/Component-1.svg\",\"contentUrl\":\"https:\/\/gymfactory.eu\/wp-content\/uploads\/2024\/11\/Component-1.svg\",\"width\":54,\"height\":44,\"caption\":\"Sporto sal\u0117s gamykla\"},\"image\":{\"@id\":\"https:\/\/gymfactory.eu\/lt\/#\/schema\/logo\/image\/\"}}]}<\/script>\n<!-- \/ Yoast SEO plugin. -->","yoast_head_json":{"title":"\"L4X Inverse Curl Machine\" | Hamstringams, s\u0117dmenims ir nugarai","description":"Norite sustiprinti str\u0117nas, s\u0117dmenis ir nugar\u0105? L4X atvirk\u0161tinio lenkimo treniruoklis suteikia veiksming\u0105 pasiprie\u0161inim\u0105 apatin\u0117s k\u016bno dalies ir u\u017epakalin\u0117s grandin\u0117s treniruot\u0117ms.","robots":{"index":"index","follow":"follow","max-snippet":"max-snippet:-1","max-image-preview":"max-image-preview:large","max-video-preview":"max-video-preview:-1"},"canonical":"https:\/\/gymfactory.eu\/lt\/produktas\/l4x-atvirkstinio-lenkimo-masina\/","og_locale":"lt_LT","og_type":"article","og_title":"\"L4X Inverse Curl Machine\" | Hamstringams, s\u0117dmenims ir nugarai","og_description":"Norite sustiprinti str\u0117nas, s\u0117dmenis ir nugar\u0105? L4X atvirk\u0161tinio lenkimo treniruoklis suteikia veiksming\u0105 pasiprie\u0161inim\u0105 apatin\u0117s k\u016bno dalies ir u\u017epakalin\u0117s grandin\u0117s treniruot\u0117ms.","og_url":"https:\/\/gymfactory.eu\/lt\/produktas\/l4x-atvirkstinio-lenkimo-masina\/","og_site_name":"Gym Factory","article_modified_time":"2025-11-21T11:42:26+00:00","og_image":[{"width":1500,"height":1500,"url":"https:\/\/gymfactory.eu\/wp-content\/uploads\/2025\/01\/gym-machine-L4X-inverse-curl-machine-side-view-1.webp","type":"image\/webp"}],"twitter_card":"summary_large_image","twitter_misc":{"Est. reading time":"1 minut\u0117"},"schema":{"@context":"https:\/\/schema.org","@graph":[{"@type":"WebPage","@id":"https:\/\/gymfactory.eu\/lt\/produktas\/l4x-atvirkstinio-lenkimo-masina\/","url":"https:\/\/gymfactory.eu\/lt\/produktas\/l4x-atvirkstinio-lenkimo-masina\/","name":"\"L4X Inverse Curl Machine\" | Hamstringams, s\u0117dmenims ir nugarai","isPartOf":{"@id":"https:\/\/gymfactory.eu\/lt\/#website"},"primaryImageOfPage":{"@id":"https:\/\/gymfactory.eu\/lt\/produktas\/l4x-atvirkstinio-lenkimo-masina\/#primaryimage"},"image":{"@id":"https:\/\/gymfactory.eu\/lt\/produktas\/l4x-atvirkstinio-lenkimo-masina\/#primaryimage"},"thumbnailUrl":"https:\/\/gymfactory.eu\/wp-content\/uploads\/2025\/01\/gym-machine-L4X-inverse-curl-machine-side-view-1.webp","datePublished":"2025-01-31T08:59:52+00:00","dateModified":"2025-11-21T11:42:26+00:00","description":"Norite sustiprinti str\u0117nas, s\u0117dmenis ir nugar\u0105? L4X atvirk\u0161tinio lenkimo treniruoklis suteikia veiksming\u0105 pasiprie\u0161inim\u0105 apatin\u0117s k\u016bno dalies ir u\u017epakalin\u0117s grandin\u0117s treniruot\u0117ms.","breadcrumb":{"@id":"https:\/\/gymfactory.eu\/lt\/produktas\/l4x-atvirkstinio-lenkimo-masina\/#breadcrumb"},"inLanguage":"lt-LT","potentialAction":[{"@type":"ReadAction","target":["https:\/\/gymfactory.eu\/lt\/produktas\/l4x-atvirkstinio-lenkimo-masina\/"]}]},{"@type":"ImageObject","inLanguage":"lt-LT","@id":"https:\/\/gymfactory.eu\/lt\/produktas\/l4x-atvirkstinio-lenkimo-masina\/#primaryimage","url":"https:\/\/gymfactory.eu\/wp-content\/uploads\/2025\/01\/gym-machine-L4X-inverse-curl-machine-side-view-1.webp","contentUrl":"https:\/\/gymfactory.eu\/wp-content\/uploads\/2025\/01\/gym-machine-L4X-inverse-curl-machine-side-view-1.webp","width":1500,"height":1500,"caption":"L4X atvirk\u0161tinio lenkimo treniruoklio \u0161oninis vaizdas, kuriame matyti tvirtas raudonos ir juodos spalvos plieno r\u0117mas. Treniruoklyje yra pamink\u0161tinta \u0161laun\u0173 atrama, reguliuojami koj\u0173 ritin\u0117liai ir tvirtas deimantais dengtas koj\u0173 pagrindas, u\u017etikrinantis maksimal\u0173 stabilum\u0105. \u0160is treniruoklis skirtas str\u0117n\u0173 ir s\u0117dmen\u0173 raumenims vystyti, jame galima saugiai ir patogiai atlikti pa\u017eangius j\u0117gos pratimus."},{"@type":"BreadcrumbList","@id":"https:\/\/gymfactory.eu\/lt\/produktas\/l4x-atvirkstinio-lenkimo-masina\/#breadcrumb","itemListElement":[{"@type":"ListItem","position":1,"name":"Pagrindinis","item":"https:\/\/gymfactory.eu\/lt\/"},{"@type":"ListItem","position":2,"name":"Katalogas","item":"https:\/\/gymfactory.eu\/lt\/katalogas\/"},{"@type":"ListItem","position":3,"name":"L4X S\u0117dmen\u0173 ir \u0161laun\u0173 treniruoklis"}]},{"@type":"WebSite","@id":"https:\/\/gymfactory.eu\/lt\/#website","url":"https:\/\/gymfactory.eu\/lt\/","name":"Gym Factory","description":"","publisher":{"@id":"https:\/\/gymfactory.eu\/lt\/#organization"},"potentialAction":[{"@type":"SearchAction","target":{"@type":"EntryPoint","urlTemplate":"https:\/\/gymfactory.eu\/lt\/?s={search_term_string}"},"query-input":{"@type":"PropertyValueSpecification","valueRequired":true,"valueName":"search_term_string"}}],"inLanguage":"lt-LT"},{"@type":"Organization","@id":"https:\/\/gymfactory.eu\/lt\/#organization","name":"Sporto sal\u0117s gamykla","url":"https:\/\/gymfactory.eu\/lt\/","logo":{"@type":"ImageObject","inLanguage":"lt-LT","@id":"https:\/\/gymfactory.eu\/lt\/#\/schema\/logo\/image\/","url":"https:\/\/gymfactory.eu\/wp-content\/uploads\/2024\/11\/Component-1.svg","contentUrl":"https:\/\/gymfactory.eu\/wp-content\/uploads\/2024\/11\/Component-1.svg","width":54,"height":44,"caption":"Sporto sal\u0117s gamykla"},"image":{"@id":"https:\/\/gymfactory.eu\/lt\/#\/schema\/logo\/image\/"}}]}},"_links":{"self":[{"href":"https:\/\/gymfactory.eu\/lt\/wp-json\/wp\/v2\/product\/10416","targetHints":{"allow":["GET"]}}],"collection":[{"href":"https:\/\/gymfactory.eu\/lt\/wp-json\/wp\/v2\/product"}],"about":[{"href":"https:\/\/gymfactory.eu\/lt\/wp-json\/wp\/v2\/types\/product"}],"wp:featuredmedia":[{"embeddable":true,"href":"https:\/\/gymfactory.eu\/lt\/wp-json\/wp\/v2\/media\/8333"}],"wp:attachment":[{"href":"https:\/\/gymfactory.eu\/lt\/wp-json\/wp\/v2\/media?parent=10416"}],"wp:term":[{"taxonomy":"product_brand","embeddable":true,"href":"https:\/\/gymfactory.eu\/lt\/wp-json\/wp\/v2\/product_brand?post=10416"},{"taxonomy":"product_cat","embeddable":true,"href":"https:\/\/gymfactory.eu\/lt\/wp-json\/wp\/v2\/product_cat?post=10416"},{"taxonomy":"product_tag","embeddable":true,"href":"https:\/\/gymfactory.eu\/lt\/wp-json\/wp\/v2\/product_tag?post=10416"}],"curies":[{"name":"wp","href":"https:\/\/api.w.org\/{rel}","templated":true}]}}