{"id":10408,"date":"2025-01-31T07:48:54","date_gmt":"2025-01-31T05:48:54","guid":{"rendered":"https:\/\/gymfactory.eu\/product\/i2-pirstu-ir-dilbiu-masina\/"},"modified":"2025-11-21T13:17:10","modified_gmt":"2025-11-21T11:17:10","slug":"i2-pirstu-ir-dilbiu-masina","status":"publish","type":"product","link":"https:\/\/gymfactory.eu\/lt\/produktas\/i2-pirstu-ir-dilbiu-masina\/","title":{"rendered":"I2 Pir\u0161t\u0173 ir dilbi\u0173 treniruoklis"},"content":{"rendered":"<p>I2 \u2013 treniruoklis, skirtas pir\u0161t\u0173 sukibimo j\u0117gai lavinti ir dilbi\u0173 i\u0161tvermei gerinti atliekant kontroliuojamus pir\u0161t\u0173 suspaudimo judesius. Tvirta konstrukcija leid\u017eia naudoti \u012frengin\u012f tiek nam\u0173, tiek profesionaliose sporto sal\u0117se \u2013 fokusuotai rank\u0173 ir dilbi\u0173 treniruotei.<\/p>\n<p>Treniruoklis aktyvina giluminius ir pavir\u0161inius pir\u0161t\u0173 lenkiamuosius raumenis, taip pat dilbi\u0173 raumenis, atsakingus u\u017e su\u0117mim\u0105 ir rankos kontrol\u0119. Reguliarios treniruot\u0117s padeda stiprinti sukibim\u0105, lavina pir\u0161t\u0173 koordinacij\u0105 ir didina atsparum\u0105 nuovargiui traukimo ar laikymo metu.<\/p>\n\n    <div class=\"xs_social_share_widget xs_share_url after_content \t\tmain_content  wslu-style-1 wslu-share-box-shaped wslu-fill-colored wslu-none wslu-share-horizontal wslu-theme-font-no wslu-main_content\">\n\n\t\t\n        <ul>\n\t\t\t        <\/ul>\n    <\/div> \n","protected":false},"excerpt":{"rendered":"<p>I2 \u2013 treniruoklis, skirtas pir\u0161t\u0173 sukibimo j\u0117gai lavinti ir dilbi\u0173 i\u0161tvermei gerinti atliekant kontroliuojamus pir\u0161t\u0173 suspaudimo judesius. Tvirta konstrukcija leid\u017eia naudoti \u012frengin\u012f tiek nam\u0173, tiek profesionaliose sporto sal\u0117se \u2013 fokusuotai rank\u0173 ir dilbi\u0173 treniruotei. Treniruoklis aktyvina giluminius ir pavir\u0161inius pir\u0161t\u0173 lenkiamuosius raumenis, taip pat dilbi\u0173 raumenis, atsakingus u\u017e su\u0117mim\u0105 ir rankos kontrol\u0119. Reguliarios treniruot\u0117s padeda [&hellip;]<\/p>\n","protected":false},"featured_media":8311,"template":"","meta":{"_acf_changed":false},"product_brand":[817],"product_cat":[421,407],"product_tag":[415],"class_list":{"0":"post-10408","1":"product","2":"type-product","3":"status-publish","4":"has-post-thumbnail","6":"product_brand-gym-factory-lt","7":"product_cat-laisvu-svoriu-treniruokliai","8":"product_cat-kita-sporto-iranga","9":"product_tag-spalva-tik-metaline","11":"first","12":"onbackorder","13":"taxable","14":"shipping-taxable","15":"purchasable","16":"product-type-variable","17":"has-default-attributes"},"acf":[],"yoast_head":"<!-- This site is optimized with the Yoast SEO plugin v25.2 - https:\/\/yoast.com\/wordpress\/plugins\/seo\/ -->\n<title>I2 pir\u0161t\u0173 ir dilbi\u0173 treniruoklis | J\u0117gos treniruokli\u0173 \u012franga<\/title>\n<meta name=\"description\" content=\"Norite pagerinti rankos ir dilbio j\u0117g\u0105? I2 pir\u0161t\u0173 ir dilbi\u0173 treniruoklis yra patvari \u012franga, skirta izoliuoti, kontroliuoti ir didinti j\u0117g\u0105.\" \/>\n<meta name=\"robots\" content=\"index, follow, max-snippet:-1, max-image-preview:large, max-video-preview:-1\" \/>\n<link rel=\"canonical\" href=\"https:\/\/gymfactory.eu\/lt\/produktas\/i2-pirstu-ir-dilbiu-masina\/\" \/>\n<meta property=\"og:locale\" content=\"lt_LT\" \/>\n<meta property=\"og:type\" content=\"article\" \/>\n<meta property=\"og:title\" content=\"I2 pir\u0161t\u0173 ir dilbi\u0173 treniruoklis | J\u0117gos treniruokli\u0173 \u012franga\" \/>\n<meta property=\"og:description\" content=\"Norite pagerinti rankos ir dilbio j\u0117g\u0105? I2 pir\u0161t\u0173 ir dilbi\u0173 treniruoklis yra patvari \u012franga, skirta izoliuoti, kontroliuoti ir didinti j\u0117g\u0105.\" \/>\n<meta property=\"og:url\" content=\"https:\/\/gymfactory.eu\/lt\/produktas\/i2-pirstu-ir-dilbiu-masina\/\" \/>\n<meta property=\"og:site_name\" content=\"Gym Factory\" \/>\n<meta property=\"article:modified_time\" content=\"2025-11-21T11:17:10+00:00\" \/>\n<meta property=\"og:image\" content=\"https:\/\/gymfactory.eu\/wp-content\/uploads\/2025\/01\/gym-machine-I2-grip-trainer-top-view-1.webp\" \/>\n\t<meta property=\"og:image:width\" content=\"1500\" \/>\n\t<meta property=\"og:image:height\" content=\"1500\" \/>\n\t<meta property=\"og:image:type\" content=\"image\/webp\" \/>\n<meta name=\"twitter:card\" content=\"summary_large_image\" \/>\n<meta name=\"twitter:label1\" content=\"Est. reading time\" \/>\n\t<meta name=\"twitter:data1\" content=\"1 minut\u0117\" \/>\n<script type=\"application\/ld+json\" class=\"yoast-schema-graph\">{\"@context\":\"https:\/\/schema.org\",\"@graph\":[{\"@type\":\"WebPage\",\"@id\":\"https:\/\/gymfactory.eu\/lt\/produktas\/i2-pirstu-ir-dilbiu-masina\/\",\"url\":\"https:\/\/gymfactory.eu\/lt\/produktas\/i2-pirstu-ir-dilbiu-masina\/\",\"name\":\"I2 pir\u0161t\u0173 ir dilbi\u0173 treniruoklis | J\u0117gos treniruokli\u0173 \u012franga\",\"isPartOf\":{\"@id\":\"https:\/\/gymfactory.eu\/lt\/#website\"},\"primaryImageOfPage\":{\"@id\":\"https:\/\/gymfactory.eu\/lt\/produktas\/i2-pirstu-ir-dilbiu-masina\/#primaryimage\"},\"image\":{\"@id\":\"https:\/\/gymfactory.eu\/lt\/produktas\/i2-pirstu-ir-dilbiu-masina\/#primaryimage\"},\"thumbnailUrl\":\"https:\/\/gymfactory.eu\/wp-content\/uploads\/2025\/01\/gym-machine-I2-grip-trainer-top-view-1.webp\",\"datePublished\":\"2025-01-31T05:48:54+00:00\",\"dateModified\":\"2025-11-21T11:17:10+00:00\",\"description\":\"Norite pagerinti rankos ir dilbio j\u0117g\u0105? I2 pir\u0161t\u0173 ir dilbi\u0173 treniruoklis yra patvari \u012franga, skirta izoliuoti, kontroliuoti ir didinti j\u0117g\u0105.\",\"breadcrumb\":{\"@id\":\"https:\/\/gymfactory.eu\/lt\/produktas\/i2-pirstu-ir-dilbiu-masina\/#breadcrumb\"},\"inLanguage\":\"lt-LT\",\"potentialAction\":[{\"@type\":\"ReadAction\",\"target\":[\"https:\/\/gymfactory.eu\/lt\/produktas\/i2-pirstu-ir-dilbiu-masina\/\"]}]},{\"@type\":\"ImageObject\",\"inLanguage\":\"lt-LT\",\"@id\":\"https:\/\/gymfactory.eu\/lt\/produktas\/i2-pirstu-ir-dilbiu-masina\/#primaryimage\",\"url\":\"https:\/\/gymfactory.eu\/wp-content\/uploads\/2025\/01\/gym-machine-I2-grip-trainer-top-view-1.webp\",\"contentUrl\":\"https:\/\/gymfactory.eu\/wp-content\/uploads\/2025\/01\/gym-machine-I2-grip-trainer-top-view-1.webp\",\"width\":1500,\"height\":1500,\"caption\":\"\\\"Gym Machine I2 Grip Trainer\\\" treniruoklio vaizdas i\u0161 vir\u0161aus \u012f apa\u010di\u0105, i\u0161ry\u0161kinantis tvirt\u0105 konstrukcij\u0105 ir ergonomi\u0161kas rankenas. Paveiksl\u0117lyje matyti plieniniai strypai su tekst\u016brine rauk\u0161l\u0117ta apdaila, u\u017etikrinan\u010dia tvirt\u0105 sukibim\u0105. Centrin\u0117je vietoje esan\u010diame svori\u0173 \u012fkrovimo kai\u0161tyje telpa \u012fvairios plok\u0161tel\u0117s, kad b\u016bt\u0173 galima pritaikyti pasiprie\u0161inimo lygius. \u0160is treniruoklis skirtas dilbi\u0173 ir pla\u0161tak\u0173 j\u0117gai ugdyti, tod\u0117l jis yra vertinga priemon\u0117 sportininkams ir fitneso entuziastams.\"},{\"@type\":\"BreadcrumbList\",\"@id\":\"https:\/\/gymfactory.eu\/lt\/produktas\/i2-pirstu-ir-dilbiu-masina\/#breadcrumb\",\"itemListElement\":[{\"@type\":\"ListItem\",\"position\":1,\"name\":\"Pagrindinis\",\"item\":\"https:\/\/gymfactory.eu\/lt\/\"},{\"@type\":\"ListItem\",\"position\":2,\"name\":\"Katalogas\",\"item\":\"https:\/\/gymfactory.eu\/lt\/katalogas\/\"},{\"@type\":\"ListItem\",\"position\":3,\"name\":\"I2 Pir\u0161t\u0173 ir dilbi\u0173 treniruoklis\"}]},{\"@type\":\"WebSite\",\"@id\":\"https:\/\/gymfactory.eu\/lt\/#website\",\"url\":\"https:\/\/gymfactory.eu\/lt\/\",\"name\":\"Gym Factory\",\"description\":\"\",\"publisher\":{\"@id\":\"https:\/\/gymfactory.eu\/lt\/#organization\"},\"potentialAction\":[{\"@type\":\"SearchAction\",\"target\":{\"@type\":\"EntryPoint\",\"urlTemplate\":\"https:\/\/gymfactory.eu\/lt\/?s={search_term_string}\"},\"query-input\":{\"@type\":\"PropertyValueSpecification\",\"valueRequired\":true,\"valueName\":\"search_term_string\"}}],\"inLanguage\":\"lt-LT\"},{\"@type\":\"Organization\",\"@id\":\"https:\/\/gymfactory.eu\/lt\/#organization\",\"name\":\"Sporto sal\u0117s gamykla\",\"url\":\"https:\/\/gymfactory.eu\/lt\/\",\"logo\":{\"@type\":\"ImageObject\",\"inLanguage\":\"lt-LT\",\"@id\":\"https:\/\/gymfactory.eu\/lt\/#\/schema\/logo\/image\/\",\"url\":\"https:\/\/gymfactory.eu\/wp-content\/uploads\/2024\/11\/Component-1.svg\",\"contentUrl\":\"https:\/\/gymfactory.eu\/wp-content\/uploads\/2024\/11\/Component-1.svg\",\"width\":54,\"height\":44,\"caption\":\"Sporto sal\u0117s gamykla\"},\"image\":{\"@id\":\"https:\/\/gymfactory.eu\/lt\/#\/schema\/logo\/image\/\"}}]}<\/script>\n<!-- \/ Yoast SEO plugin. -->","yoast_head_json":{"title":"I2 pir\u0161t\u0173 ir dilbi\u0173 treniruoklis | J\u0117gos treniruokli\u0173 \u012franga","description":"Norite pagerinti rankos ir dilbio j\u0117g\u0105? I2 pir\u0161t\u0173 ir dilbi\u0173 treniruoklis yra patvari \u012franga, skirta izoliuoti, kontroliuoti ir didinti j\u0117g\u0105.","robots":{"index":"index","follow":"follow","max-snippet":"max-snippet:-1","max-image-preview":"max-image-preview:large","max-video-preview":"max-video-preview:-1"},"canonical":"https:\/\/gymfactory.eu\/lt\/produktas\/i2-pirstu-ir-dilbiu-masina\/","og_locale":"lt_LT","og_type":"article","og_title":"I2 pir\u0161t\u0173 ir dilbi\u0173 treniruoklis | J\u0117gos treniruokli\u0173 \u012franga","og_description":"Norite pagerinti rankos ir dilbio j\u0117g\u0105? I2 pir\u0161t\u0173 ir dilbi\u0173 treniruoklis yra patvari \u012franga, skirta izoliuoti, kontroliuoti ir didinti j\u0117g\u0105.","og_url":"https:\/\/gymfactory.eu\/lt\/produktas\/i2-pirstu-ir-dilbiu-masina\/","og_site_name":"Gym Factory","article_modified_time":"2025-11-21T11:17:10+00:00","og_image":[{"width":1500,"height":1500,"url":"https:\/\/gymfactory.eu\/wp-content\/uploads\/2025\/01\/gym-machine-I2-grip-trainer-top-view-1.webp","type":"image\/webp"}],"twitter_card":"summary_large_image","twitter_misc":{"Est. reading time":"1 minut\u0117"},"schema":{"@context":"https:\/\/schema.org","@graph":[{"@type":"WebPage","@id":"https:\/\/gymfactory.eu\/lt\/produktas\/i2-pirstu-ir-dilbiu-masina\/","url":"https:\/\/gymfactory.eu\/lt\/produktas\/i2-pirstu-ir-dilbiu-masina\/","name":"I2 pir\u0161t\u0173 ir dilbi\u0173 treniruoklis | J\u0117gos treniruokli\u0173 \u012franga","isPartOf":{"@id":"https:\/\/gymfactory.eu\/lt\/#website"},"primaryImageOfPage":{"@id":"https:\/\/gymfactory.eu\/lt\/produktas\/i2-pirstu-ir-dilbiu-masina\/#primaryimage"},"image":{"@id":"https:\/\/gymfactory.eu\/lt\/produktas\/i2-pirstu-ir-dilbiu-masina\/#primaryimage"},"thumbnailUrl":"https:\/\/gymfactory.eu\/wp-content\/uploads\/2025\/01\/gym-machine-I2-grip-trainer-top-view-1.webp","datePublished":"2025-01-31T05:48:54+00:00","dateModified":"2025-11-21T11:17:10+00:00","description":"Norite pagerinti rankos ir dilbio j\u0117g\u0105? I2 pir\u0161t\u0173 ir dilbi\u0173 treniruoklis yra patvari \u012franga, skirta izoliuoti, kontroliuoti ir didinti j\u0117g\u0105.","breadcrumb":{"@id":"https:\/\/gymfactory.eu\/lt\/produktas\/i2-pirstu-ir-dilbiu-masina\/#breadcrumb"},"inLanguage":"lt-LT","potentialAction":[{"@type":"ReadAction","target":["https:\/\/gymfactory.eu\/lt\/produktas\/i2-pirstu-ir-dilbiu-masina\/"]}]},{"@type":"ImageObject","inLanguage":"lt-LT","@id":"https:\/\/gymfactory.eu\/lt\/produktas\/i2-pirstu-ir-dilbiu-masina\/#primaryimage","url":"https:\/\/gymfactory.eu\/wp-content\/uploads\/2025\/01\/gym-machine-I2-grip-trainer-top-view-1.webp","contentUrl":"https:\/\/gymfactory.eu\/wp-content\/uploads\/2025\/01\/gym-machine-I2-grip-trainer-top-view-1.webp","width":1500,"height":1500,"caption":"\"Gym Machine I2 Grip Trainer\" treniruoklio vaizdas i\u0161 vir\u0161aus \u012f apa\u010di\u0105, i\u0161ry\u0161kinantis tvirt\u0105 konstrukcij\u0105 ir ergonomi\u0161kas rankenas. Paveiksl\u0117lyje matyti plieniniai strypai su tekst\u016brine rauk\u0161l\u0117ta apdaila, u\u017etikrinan\u010dia tvirt\u0105 sukibim\u0105. Centrin\u0117je vietoje esan\u010diame svori\u0173 \u012fkrovimo kai\u0161tyje telpa \u012fvairios plok\u0161tel\u0117s, kad b\u016bt\u0173 galima pritaikyti pasiprie\u0161inimo lygius. \u0160is treniruoklis skirtas dilbi\u0173 ir pla\u0161tak\u0173 j\u0117gai ugdyti, tod\u0117l jis yra vertinga priemon\u0117 sportininkams ir fitneso entuziastams."},{"@type":"BreadcrumbList","@id":"https:\/\/gymfactory.eu\/lt\/produktas\/i2-pirstu-ir-dilbiu-masina\/#breadcrumb","itemListElement":[{"@type":"ListItem","position":1,"name":"Pagrindinis","item":"https:\/\/gymfactory.eu\/lt\/"},{"@type":"ListItem","position":2,"name":"Katalogas","item":"https:\/\/gymfactory.eu\/lt\/katalogas\/"},{"@type":"ListItem","position":3,"name":"I2 Pir\u0161t\u0173 ir dilbi\u0173 treniruoklis"}]},{"@type":"WebSite","@id":"https:\/\/gymfactory.eu\/lt\/#website","url":"https:\/\/gymfactory.eu\/lt\/","name":"Gym Factory","description":"","publisher":{"@id":"https:\/\/gymfactory.eu\/lt\/#organization"},"potentialAction":[{"@type":"SearchAction","target":{"@type":"EntryPoint","urlTemplate":"https:\/\/gymfactory.eu\/lt\/?s={search_term_string}"},"query-input":{"@type":"PropertyValueSpecification","valueRequired":true,"valueName":"search_term_string"}}],"inLanguage":"lt-LT"},{"@type":"Organization","@id":"https:\/\/gymfactory.eu\/lt\/#organization","name":"Sporto sal\u0117s gamykla","url":"https:\/\/gymfactory.eu\/lt\/","logo":{"@type":"ImageObject","inLanguage":"lt-LT","@id":"https:\/\/gymfactory.eu\/lt\/#\/schema\/logo\/image\/","url":"https:\/\/gymfactory.eu\/wp-content\/uploads\/2024\/11\/Component-1.svg","contentUrl":"https:\/\/gymfactory.eu\/wp-content\/uploads\/2024\/11\/Component-1.svg","width":54,"height":44,"caption":"Sporto sal\u0117s gamykla"},"image":{"@id":"https:\/\/gymfactory.eu\/lt\/#\/schema\/logo\/image\/"}}]}},"_links":{"self":[{"href":"https:\/\/gymfactory.eu\/lt\/wp-json\/wp\/v2\/product\/10408","targetHints":{"allow":["GET"]}}],"collection":[{"href":"https:\/\/gymfactory.eu\/lt\/wp-json\/wp\/v2\/product"}],"about":[{"href":"https:\/\/gymfactory.eu\/lt\/wp-json\/wp\/v2\/types\/product"}],"wp:featuredmedia":[{"embeddable":true,"href":"https:\/\/gymfactory.eu\/lt\/wp-json\/wp\/v2\/media\/8311"}],"wp:attachment":[{"href":"https:\/\/gymfactory.eu\/lt\/wp-json\/wp\/v2\/media?parent=10408"}],"wp:term":[{"taxonomy":"product_brand","embeddable":true,"href":"https:\/\/gymfactory.eu\/lt\/wp-json\/wp\/v2\/product_brand?post=10408"},{"taxonomy":"product_cat","embeddable":true,"href":"https:\/\/gymfactory.eu\/lt\/wp-json\/wp\/v2\/product_cat?post=10408"},{"taxonomy":"product_tag","embeddable":true,"href":"https:\/\/gymfactory.eu\/lt\/wp-json\/wp\/v2\/product_tag?post=10408"}],"curies":[{"name":"wp","href":"https:\/\/api.w.org\/{rel}","templated":true}]}}