{"id":10403,"date":"2025-01-31T10:04:59","date_gmt":"2025-01-31T08:04:59","guid":{"rendered":"https:\/\/gymfactory.eu\/product\/l1xx-t-bar-row-masina\/"},"modified":"2025-11-21T13:36:25","modified_gmt":"2025-11-21T11:36:25","slug":"l1xx-t-bar-row-masina","status":"publish","type":"product","link":"https:\/\/gymfactory.eu\/lt\/produktas\/l1xx-t-bar-row-masina\/","title":{"rendered":"L1XX Nugaros treniruoklis &#8211; horizontali trauka"},"content":{"rendered":"<p>L1XX nugaros treniruoklis-horizontali trauka su reguliuojamomis rankenomis ir koj\u0173 platforma \u2013 patikimas sprendimas efektyvioms nugaros treniruot\u0117ms tiek namuose, tiek profesionaliose sporto sal\u0117se. Atrama kr\u016btinei leid\u017eia atlikti traukos pratimus i\u0161laikant taisykling\u0105 laikysen\u0105 ir ma\u017einant juosmens apkrov\u0105 net dirbant su dideliais svoriais.<\/p>\n<p>\u0160is treniruoklis lavina vir\u0161utin\u0119 nugaros dal\u012f, plat\u0173j\u012f nugaros raumen\u012f ir galinius delt\u0173 raumenis \u2013 stiprina traukos j\u0117g\u0105 ir gerina laikysen\u0105. Laisvai judan\u010dios rankenos nat\u016braliai prisitaiko prie judesio, o j\u0173 plot\u012f galima reguliuoti pagal individual\u0173 su\u0117mim\u0105 ar treniruojam\u0105 nugaros srit\u012f. Auk\u0161\u010dio reguliavimo funkcij\u0105 turinti koj\u0173 platforma u\u017etikrina patogi\u0105 ir stabili\u0105 pad\u0117t\u012f skirtingo \u016bgio naudotojams.<\/p>\n<p>L1XX sukurtas tikslingiems ir kontroliuojamiems traukos pratimams \u2013 tai prakti\u0161kas pasirinkimas rimtai nugaros treniruotei.<\/p>\n\n    <div class=\"xs_social_share_widget xs_share_url after_content \t\tmain_content  wslu-style-1 wslu-share-box-shaped wslu-fill-colored wslu-none wslu-share-horizontal wslu-theme-font-no wslu-main_content\">\n\n\t\t\n        <ul>\n\t\t\t        <\/ul>\n    <\/div> \n","protected":false},"excerpt":{"rendered":"<p>L1XX nugaros treniruoklis-horizontali trauka su reguliuojamomis rankenomis ir koj\u0173 platforma \u2013 patikimas sprendimas efektyvioms nugaros treniruot\u0117ms tiek namuose, tiek profesionaliose sporto sal\u0117se. Atrama kr\u016btinei leid\u017eia atlikti traukos pratimus i\u0161laikant taisykling\u0105 laikysen\u0105 ir ma\u017einant juosmens apkrov\u0105 net dirbant su dideliais svoriais. \u0160is treniruoklis lavina vir\u0161utin\u0119 nugaros dal\u012f, plat\u0173j\u012f nugaros raumen\u012f ir galinius delt\u0173 raumenis \u2013 stiprina [&hellip;]<\/p>\n","protected":false},"featured_media":19633,"template":"","meta":{"_acf_changed":false},"product_brand":[817],"product_cat":[421],"product_tag":[],"class_list":{"0":"post-10403","1":"product","2":"type-product","3":"status-publish","4":"has-post-thumbnail","6":"product_brand-gym-factory-lt","7":"product_cat-laisvu-svoriu-treniruokliai","9":"first","10":"onbackorder","11":"taxable","12":"shipping-taxable","13":"purchasable","14":"product-type-variable","15":"has-default-attributes"},"acf":[],"yoast_head":"<!-- This site is optimized with the Yoast SEO plugin v25.2 - https:\/\/yoast.com\/wordpress\/plugins\/seo\/ -->\n<title>&quot;L1XX T-Bar Row Machine&quot; | Nam\u0173 ir komercinis fitneso naudojimas<\/title>\n<meta name=\"description\" content=\"\u012erengiate treniruokli\u0173 sal\u0119 namuose ar sporto sal\u0117je? &quot;L1XX T-Bar Row Machine&quot; si\u016blo galing\u0105 nugaros treniruot\u0119 komerciniams ir nam\u0173 treniruokliams.\" \/>\n<meta name=\"robots\" content=\"index, follow, max-snippet:-1, max-image-preview:large, max-video-preview:-1\" \/>\n<link rel=\"canonical\" href=\"https:\/\/gymfactory.eu\/lt\/produktas\/l1xx-t-bar-row-masina\/\" \/>\n<meta property=\"og:locale\" content=\"lt_LT\" \/>\n<meta property=\"og:type\" content=\"article\" \/>\n<meta property=\"og:title\" content=\"&quot;L1XX T-Bar Row Machine&quot; | Nam\u0173 ir komercinis fitneso naudojimas\" \/>\n<meta property=\"og:description\" content=\"\u012erengiate treniruokli\u0173 sal\u0119 namuose ar sporto sal\u0117je? &quot;L1XX T-Bar Row Machine&quot; si\u016blo galing\u0105 nugaros treniruot\u0119 komerciniams ir nam\u0173 treniruokliams.\" \/>\n<meta property=\"og:url\" content=\"https:\/\/gymfactory.eu\/lt\/produktas\/l1xx-t-bar-row-masina\/\" \/>\n<meta property=\"og:site_name\" content=\"Gym Factory\" \/>\n<meta property=\"article:modified_time\" content=\"2025-11-21T11:36:25+00:00\" \/>\n<meta property=\"og:image\" content=\"https:\/\/gymfactory.eu\/wp-content\/uploads\/2025\/01\/gym-machine-L1XX-t-bar-row-red-side-view-1.webp\" \/>\n\t<meta property=\"og:image:width\" content=\"1500\" \/>\n\t<meta property=\"og:image:height\" content=\"1500\" \/>\n\t<meta property=\"og:image:type\" content=\"image\/webp\" \/>\n<meta name=\"twitter:card\" content=\"summary_large_image\" \/>\n<meta name=\"twitter:label1\" content=\"Est. reading time\" \/>\n\t<meta name=\"twitter:data1\" content=\"1 minut\u0117\" \/>\n<script type=\"application\/ld+json\" class=\"yoast-schema-graph\">{\"@context\":\"https:\/\/schema.org\",\"@graph\":[{\"@type\":\"WebPage\",\"@id\":\"https:\/\/gymfactory.eu\/lt\/produktas\/l1xx-t-bar-row-masina\/\",\"url\":\"https:\/\/gymfactory.eu\/lt\/produktas\/l1xx-t-bar-row-masina\/\",\"name\":\"\\\"L1XX T-Bar Row Machine\\\" | Nam\u0173 ir komercinis fitneso naudojimas\",\"isPartOf\":{\"@id\":\"https:\/\/gymfactory.eu\/lt\/#website\"},\"primaryImageOfPage\":{\"@id\":\"https:\/\/gymfactory.eu\/lt\/produktas\/l1xx-t-bar-row-masina\/#primaryimage\"},\"image\":{\"@id\":\"https:\/\/gymfactory.eu\/lt\/produktas\/l1xx-t-bar-row-masina\/#primaryimage\"},\"thumbnailUrl\":\"https:\/\/gymfactory.eu\/wp-content\/uploads\/2025\/01\/gym-machine-L1XX-t-bar-row-red-side-view-1.webp\",\"datePublished\":\"2025-01-31T08:04:59+00:00\",\"dateModified\":\"2025-11-21T11:36:25+00:00\",\"description\":\"\u012erengiate treniruokli\u0173 sal\u0119 namuose ar sporto sal\u0117je? \\\"L1XX T-Bar Row Machine\\\" si\u016blo galing\u0105 nugaros treniruot\u0119 komerciniams ir nam\u0173 treniruokliams.\",\"breadcrumb\":{\"@id\":\"https:\/\/gymfactory.eu\/lt\/produktas\/l1xx-t-bar-row-masina\/#breadcrumb\"},\"inLanguage\":\"lt-LT\",\"potentialAction\":[{\"@type\":\"ReadAction\",\"target\":[\"https:\/\/gymfactory.eu\/lt\/produktas\/l1xx-t-bar-row-masina\/\"]}]},{\"@type\":\"ImageObject\",\"inLanguage\":\"lt-LT\",\"@id\":\"https:\/\/gymfactory.eu\/lt\/produktas\/l1xx-t-bar-row-masina\/#primaryimage\",\"url\":\"https:\/\/gymfactory.eu\/wp-content\/uploads\/2025\/01\/gym-machine-L1XX-t-bar-row-red-side-view-1.webp\",\"contentUrl\":\"https:\/\/gymfactory.eu\/wp-content\/uploads\/2025\/01\/gym-machine-L1XX-t-bar-row-red-side-view-1.webp\",\"width\":1500,\"height\":1500,\"caption\":\"A front-facing view of the black T-Bar Row gym machine showcases its angled frame, adjustable handle positions, and weight-loading system. The ergonomic design makes this gym machine perfect for strengthening the back, traps, and lats.\"},{\"@type\":\"BreadcrumbList\",\"@id\":\"https:\/\/gymfactory.eu\/lt\/produktas\/l1xx-t-bar-row-masina\/#breadcrumb\",\"itemListElement\":[{\"@type\":\"ListItem\",\"position\":1,\"name\":\"Pagrindinis\",\"item\":\"https:\/\/gymfactory.eu\/lt\/\"},{\"@type\":\"ListItem\",\"position\":2,\"name\":\"Katalogas\",\"item\":\"https:\/\/gymfactory.eu\/lt\/katalogas\/\"},{\"@type\":\"ListItem\",\"position\":3,\"name\":\"L1XX Nugaros treniruoklis &#8211; horizontali trauka\"}]},{\"@type\":\"WebSite\",\"@id\":\"https:\/\/gymfactory.eu\/lt\/#website\",\"url\":\"https:\/\/gymfactory.eu\/lt\/\",\"name\":\"Gym Factory\",\"description\":\"\",\"publisher\":{\"@id\":\"https:\/\/gymfactory.eu\/lt\/#organization\"},\"potentialAction\":[{\"@type\":\"SearchAction\",\"target\":{\"@type\":\"EntryPoint\",\"urlTemplate\":\"https:\/\/gymfactory.eu\/lt\/?s={search_term_string}\"},\"query-input\":{\"@type\":\"PropertyValueSpecification\",\"valueRequired\":true,\"valueName\":\"search_term_string\"}}],\"inLanguage\":\"lt-LT\"},{\"@type\":\"Organization\",\"@id\":\"https:\/\/gymfactory.eu\/lt\/#organization\",\"name\":\"Sporto sal\u0117s gamykla\",\"url\":\"https:\/\/gymfactory.eu\/lt\/\",\"logo\":{\"@type\":\"ImageObject\",\"inLanguage\":\"lt-LT\",\"@id\":\"https:\/\/gymfactory.eu\/lt\/#\/schema\/logo\/image\/\",\"url\":\"https:\/\/gymfactory.eu\/wp-content\/uploads\/2024\/11\/Component-1.svg\",\"contentUrl\":\"https:\/\/gymfactory.eu\/wp-content\/uploads\/2024\/11\/Component-1.svg\",\"width\":54,\"height\":44,\"caption\":\"Sporto sal\u0117s gamykla\"},\"image\":{\"@id\":\"https:\/\/gymfactory.eu\/lt\/#\/schema\/logo\/image\/\"}}]}<\/script>\n<!-- \/ Yoast SEO plugin. -->","yoast_head_json":{"title":"\"L1XX T-Bar Row Machine\" | Nam\u0173 ir komercinis fitneso naudojimas","description":"\u012erengiate treniruokli\u0173 sal\u0119 namuose ar sporto sal\u0117je? \"L1XX T-Bar Row Machine\" si\u016blo galing\u0105 nugaros treniruot\u0119 komerciniams ir nam\u0173 treniruokliams.","robots":{"index":"index","follow":"follow","max-snippet":"max-snippet:-1","max-image-preview":"max-image-preview:large","max-video-preview":"max-video-preview:-1"},"canonical":"https:\/\/gymfactory.eu\/lt\/produktas\/l1xx-t-bar-row-masina\/","og_locale":"lt_LT","og_type":"article","og_title":"\"L1XX T-Bar Row Machine\" | Nam\u0173 ir komercinis fitneso naudojimas","og_description":"\u012erengiate treniruokli\u0173 sal\u0119 namuose ar sporto sal\u0117je? \"L1XX T-Bar Row Machine\" si\u016blo galing\u0105 nugaros treniruot\u0119 komerciniams ir nam\u0173 treniruokliams.","og_url":"https:\/\/gymfactory.eu\/lt\/produktas\/l1xx-t-bar-row-masina\/","og_site_name":"Gym Factory","article_modified_time":"2025-11-21T11:36:25+00:00","og_image":[{"width":1500,"height":1500,"url":"https:\/\/gymfactory.eu\/wp-content\/uploads\/2025\/01\/gym-machine-L1XX-t-bar-row-red-side-view-1.webp","type":"image\/webp"}],"twitter_card":"summary_large_image","twitter_misc":{"Est. reading time":"1 minut\u0117"},"schema":{"@context":"https:\/\/schema.org","@graph":[{"@type":"WebPage","@id":"https:\/\/gymfactory.eu\/lt\/produktas\/l1xx-t-bar-row-masina\/","url":"https:\/\/gymfactory.eu\/lt\/produktas\/l1xx-t-bar-row-masina\/","name":"\"L1XX T-Bar Row Machine\" | Nam\u0173 ir komercinis fitneso naudojimas","isPartOf":{"@id":"https:\/\/gymfactory.eu\/lt\/#website"},"primaryImageOfPage":{"@id":"https:\/\/gymfactory.eu\/lt\/produktas\/l1xx-t-bar-row-masina\/#primaryimage"},"image":{"@id":"https:\/\/gymfactory.eu\/lt\/produktas\/l1xx-t-bar-row-masina\/#primaryimage"},"thumbnailUrl":"https:\/\/gymfactory.eu\/wp-content\/uploads\/2025\/01\/gym-machine-L1XX-t-bar-row-red-side-view-1.webp","datePublished":"2025-01-31T08:04:59+00:00","dateModified":"2025-11-21T11:36:25+00:00","description":"\u012erengiate treniruokli\u0173 sal\u0119 namuose ar sporto sal\u0117je? \"L1XX T-Bar Row Machine\" si\u016blo galing\u0105 nugaros treniruot\u0119 komerciniams ir nam\u0173 treniruokliams.","breadcrumb":{"@id":"https:\/\/gymfactory.eu\/lt\/produktas\/l1xx-t-bar-row-masina\/#breadcrumb"},"inLanguage":"lt-LT","potentialAction":[{"@type":"ReadAction","target":["https:\/\/gymfactory.eu\/lt\/produktas\/l1xx-t-bar-row-masina\/"]}]},{"@type":"ImageObject","inLanguage":"lt-LT","@id":"https:\/\/gymfactory.eu\/lt\/produktas\/l1xx-t-bar-row-masina\/#primaryimage","url":"https:\/\/gymfactory.eu\/wp-content\/uploads\/2025\/01\/gym-machine-L1XX-t-bar-row-red-side-view-1.webp","contentUrl":"https:\/\/gymfactory.eu\/wp-content\/uploads\/2025\/01\/gym-machine-L1XX-t-bar-row-red-side-view-1.webp","width":1500,"height":1500,"caption":"A front-facing view of the black T-Bar Row gym machine showcases its angled frame, adjustable handle positions, and weight-loading system. The ergonomic design makes this gym machine perfect for strengthening the back, traps, and lats."},{"@type":"BreadcrumbList","@id":"https:\/\/gymfactory.eu\/lt\/produktas\/l1xx-t-bar-row-masina\/#breadcrumb","itemListElement":[{"@type":"ListItem","position":1,"name":"Pagrindinis","item":"https:\/\/gymfactory.eu\/lt\/"},{"@type":"ListItem","position":2,"name":"Katalogas","item":"https:\/\/gymfactory.eu\/lt\/katalogas\/"},{"@type":"ListItem","position":3,"name":"L1XX Nugaros treniruoklis &#8211; horizontali trauka"}]},{"@type":"WebSite","@id":"https:\/\/gymfactory.eu\/lt\/#website","url":"https:\/\/gymfactory.eu\/lt\/","name":"Gym Factory","description":"","publisher":{"@id":"https:\/\/gymfactory.eu\/lt\/#organization"},"potentialAction":[{"@type":"SearchAction","target":{"@type":"EntryPoint","urlTemplate":"https:\/\/gymfactory.eu\/lt\/?s={search_term_string}"},"query-input":{"@type":"PropertyValueSpecification","valueRequired":true,"valueName":"search_term_string"}}],"inLanguage":"lt-LT"},{"@type":"Organization","@id":"https:\/\/gymfactory.eu\/lt\/#organization","name":"Sporto sal\u0117s gamykla","url":"https:\/\/gymfactory.eu\/lt\/","logo":{"@type":"ImageObject","inLanguage":"lt-LT","@id":"https:\/\/gymfactory.eu\/lt\/#\/schema\/logo\/image\/","url":"https:\/\/gymfactory.eu\/wp-content\/uploads\/2024\/11\/Component-1.svg","contentUrl":"https:\/\/gymfactory.eu\/wp-content\/uploads\/2024\/11\/Component-1.svg","width":54,"height":44,"caption":"Sporto sal\u0117s gamykla"},"image":{"@id":"https:\/\/gymfactory.eu\/lt\/#\/schema\/logo\/image\/"}}]}},"_links":{"self":[{"href":"https:\/\/gymfactory.eu\/lt\/wp-json\/wp\/v2\/product\/10403","targetHints":{"allow":["GET"]}}],"collection":[{"href":"https:\/\/gymfactory.eu\/lt\/wp-json\/wp\/v2\/product"}],"about":[{"href":"https:\/\/gymfactory.eu\/lt\/wp-json\/wp\/v2\/types\/product"}],"wp:featuredmedia":[{"embeddable":true,"href":"https:\/\/gymfactory.eu\/lt\/wp-json\/wp\/v2\/media\/19633"}],"wp:attachment":[{"href":"https:\/\/gymfactory.eu\/lt\/wp-json\/wp\/v2\/media?parent=10403"}],"wp:term":[{"taxonomy":"product_brand","embeddable":true,"href":"https:\/\/gymfactory.eu\/lt\/wp-json\/wp\/v2\/product_brand?post=10403"},{"taxonomy":"product_cat","embeddable":true,"href":"https:\/\/gymfactory.eu\/lt\/wp-json\/wp\/v2\/product_cat?post=10403"},{"taxonomy":"product_tag","embeddable":true,"href":"https:\/\/gymfactory.eu\/lt\/wp-json\/wp\/v2\/product_tag?post=10403"}],"curies":[{"name":"wp","href":"https:\/\/api.w.org\/{rel}","templated":true}]}}