{"id":10380,"date":"2025-02-06T15:17:48","date_gmt":"2025-02-06T13:17:48","guid":{"rendered":"https:\/\/gymfactory.eu\/product\/m5-nugaros-sedimuju-eiliu-masina-lat-pulldown\/"},"modified":"2025-12-02T14:07:23","modified_gmt":"2025-12-02T12:07:23","slug":"m5-nugaros-sedimuju-eiliu-masina-lat-pulldown","status":"publish","type":"product","link":"https:\/\/gymfactory.eu\/lt\/produktas\/m5-nugaros-sedimuju-eiliu-masina-lat-pulldown\/","title":{"rendered":"M5 Nugaros treniruoklis &#8211; horizontali ir vertikali trauka"},"content":{"rendered":"<p>M5 \u2013 tai dvigubos funkcijos treniruoklis, sujungiantis dvi klasikines nugaros stiprinimo stotis viename \u012frenginyje: vir\u0161utin\u0119 trauk\u0105 (&#8222;lat pulldown&#8221;) ir trauk\u0105 s\u0117dint. Tinka tiek nam\u0173 sporto zonai, tiek profesionaliam naudojimui, kai siekiama maksimalios naudos ir kompakti\u0161ko sprendimo.<\/p>\n<p>Vir\u0161utin\u0117 trauka stiprina vir\u0161utin\u0119 nugaros dal\u012f ir rankas, atliekant trauk\u0105 i\u0161 vir\u0161aus \u2013 tai padeda formuoti nugaros plot\u012f ir bendr\u0105 vir\u0161utin\u0117s k\u016bno dalies j\u0117g\u0105. Trauka s\u0117dint aktyvina vidurin\u0119 nugaros dal\u012f bei u\u017epakalinius deltinius raumenis per horizontal\u0173 traukos judes\u012f. Abi \u0161ios traukos gerina laikysen\u0105 ir traukos j\u0117g\u0105.<\/p>\n<p>Treniruoklyje integruotos reguliuojamos keli\u0173 atramos, kurios stabilizuoja k\u016bn\u0105 vir\u0161utin\u0117s traukos metu, o reguliuojamo atstumo p\u0117d\u0173 atramos suteikia patogi\u0105 atram\u0105 traukos s\u0117dint metu. Tai u\u017etikrina taisykling\u0105 k\u016bno pad\u0117t\u012f ir komfort\u0105 kiekvieno judesio metu.<\/p>\n<p>Komplekte yra plati vir\u0161utin\u0117s traukos rankena ir siaura traukos s\u0117dint rankena. Norint daugiau variacijos, galima papildomai \u012fsigyti W10 ranken\u0173 rinkin\u012f, kuris suteikia daugiau su\u0117mimo tip\u0173 ir leid\u017eia keisti traukos kampus bei raumen\u0173 aktyvacij\u0105.<\/p>\n<p>M5 Dvigubos traukos nugarai treniruoklis \u2013 tai universalus pasirinkimas, jei ie\u0161kote sprendimo tiek vertikaliems, tiek horizontaliems traukos judesiams viename \u012frenginyje.<\/p>\n<p>&nbsp;<\/p>\n\n    <div class=\"xs_social_share_widget xs_share_url after_content \t\tmain_content  wslu-style-1 wslu-share-box-shaped wslu-fill-colored wslu-none wslu-share-horizontal wslu-theme-font-no wslu-main_content\">\n\n\t\t\n        <ul>\n\t\t\t        <\/ul>\n    <\/div> \n","protected":false},"excerpt":{"rendered":"<p>M5 \u2013 tai dvigubos funkcijos treniruoklis, sujungiantis dvi klasikines nugaros stiprinimo stotis viename \u012frenginyje: vir\u0161utin\u0119 trauk\u0105 (&#8222;lat pulldown&#8221;) ir trauk\u0105 s\u0117dint. Tinka tiek nam\u0173 sporto zonai, tiek profesionaliam naudojimui, kai siekiama maksimalios naudos ir kompakti\u0161ko sprendimo. Vir\u0161utin\u0117 trauka stiprina vir\u0161utin\u0119 nugaros dal\u012f ir rankas, atliekant trauk\u0105 i\u0161 vir\u0161aus \u2013 tai padeda formuoti nugaros plot\u012f ir [&hellip;]<\/p>\n","protected":false},"featured_media":27971,"template":"","meta":{"_acf_changed":false},"product_brand":[817],"product_cat":[466],"product_tag":[],"class_list":{"0":"post-10380","1":"product","2":"type-product","3":"status-publish","4":"has-post-thumbnail","6":"product_brand-gym-factory-lt","7":"product_cat-blokiniai-treniruokliai","9":"first","10":"onbackorder","11":"taxable","12":"shipping-taxable","13":"purchasable","14":"product-type-variable","15":"has-default-attributes"},"acf":[],"yoast_head":"<!-- This site is optimized with the Yoast SEO plugin v25.2 - https:\/\/yoast.com\/wordpress\/plugins\/seo\/ -->\n<title>M5 nugaros s\u0117dim\u0173j\u0173 irkl\u0173 ma\u0161ina | Irklavimo pratim\u0173 \u012franga<\/title>\n<meta name=\"description\" content=\"Reikia treniruoklio \u012f nugar\u0105 orientuotoms eil\u0117ms? M5 s\u0117dim\u0173j\u0173 irklavimo ant nugaros treniruokli\u0173 treniruoklis M5 u\u017etikrina tolyg\u0173, tiksling\u0105 pasiprie\u0161inim\u0105 irklavimo pratimams ir j\u0117gos treniruot\u0117ms.\" \/>\n<meta name=\"robots\" content=\"index, follow, max-snippet:-1, max-image-preview:large, max-video-preview:-1\" \/>\n<link rel=\"canonical\" href=\"https:\/\/gymfactory.eu\/lt\/produktas\/m5-nugaros-sedimuju-eiliu-masina-lat-pulldown\/\" \/>\n<meta property=\"og:locale\" content=\"lt_LT\" \/>\n<meta property=\"og:type\" content=\"article\" \/>\n<meta property=\"og:title\" content=\"M5 nugaros s\u0117dim\u0173j\u0173 irkl\u0173 ma\u0161ina | Irklavimo pratim\u0173 \u012franga\" \/>\n<meta property=\"og:description\" content=\"Reikia treniruoklio \u012f nugar\u0105 orientuotoms eil\u0117ms? M5 s\u0117dim\u0173j\u0173 irklavimo ant nugaros treniruokli\u0173 treniruoklis M5 u\u017etikrina tolyg\u0173, tiksling\u0105 pasiprie\u0161inim\u0105 irklavimo pratimams ir j\u0117gos treniruot\u0117ms.\" \/>\n<meta property=\"og:url\" content=\"https:\/\/gymfactory.eu\/lt\/produktas\/m5-nugaros-sedimuju-eiliu-masina-lat-pulldown\/\" \/>\n<meta property=\"og:site_name\" content=\"Gym Factory\" \/>\n<meta property=\"article:modified_time\" content=\"2025-12-02T12:07:23+00:00\" \/>\n<meta property=\"og:image\" content=\"https:\/\/gymfactory.eu\/wp-content\/uploads\/2025\/02\/Lat-Pulldown-Seated-Row-Gym-Machine-Side-View-1.webp\" \/>\n\t<meta property=\"og:image:width\" content=\"1500\" \/>\n\t<meta property=\"og:image:height\" content=\"1500\" \/>\n\t<meta property=\"og:image:type\" content=\"image\/webp\" \/>\n<meta name=\"twitter:card\" content=\"summary_large_image\" \/>\n<meta name=\"twitter:label1\" content=\"Est. reading time\" \/>\n\t<meta name=\"twitter:data1\" content=\"1 minut\u0117\" \/>\n<script type=\"application\/ld+json\" class=\"yoast-schema-graph\">{\"@context\":\"https:\/\/schema.org\",\"@graph\":[{\"@type\":\"WebPage\",\"@id\":\"https:\/\/gymfactory.eu\/lt\/produktas\/m5-nugaros-sedimuju-eiliu-masina-lat-pulldown\/\",\"url\":\"https:\/\/gymfactory.eu\/lt\/produktas\/m5-nugaros-sedimuju-eiliu-masina-lat-pulldown\/\",\"name\":\"M5 nugaros s\u0117dim\u0173j\u0173 irkl\u0173 ma\u0161ina | Irklavimo pratim\u0173 \u012franga\",\"isPartOf\":{\"@id\":\"https:\/\/gymfactory.eu\/lt\/#website\"},\"primaryImageOfPage\":{\"@id\":\"https:\/\/gymfactory.eu\/lt\/produktas\/m5-nugaros-sedimuju-eiliu-masina-lat-pulldown\/#primaryimage\"},\"image\":{\"@id\":\"https:\/\/gymfactory.eu\/lt\/produktas\/m5-nugaros-sedimuju-eiliu-masina-lat-pulldown\/#primaryimage\"},\"thumbnailUrl\":\"https:\/\/gymfactory.eu\/wp-content\/uploads\/2025\/02\/Lat-Pulldown-Seated-Row-Gym-Machine-Side-View-1.webp\",\"datePublished\":\"2025-02-06T13:17:48+00:00\",\"dateModified\":\"2025-12-02T12:07:23+00:00\",\"description\":\"Reikia treniruoklio \u012f nugar\u0105 orientuotoms eil\u0117ms? M5 s\u0117dim\u0173j\u0173 irklavimo ant nugaros treniruokli\u0173 treniruoklis M5 u\u017etikrina tolyg\u0173, tiksling\u0105 pasiprie\u0161inim\u0105 irklavimo pratimams ir j\u0117gos treniruot\u0117ms.\",\"breadcrumb\":{\"@id\":\"https:\/\/gymfactory.eu\/lt\/produktas\/m5-nugaros-sedimuju-eiliu-masina-lat-pulldown\/#breadcrumb\"},\"inLanguage\":\"lt-LT\",\"potentialAction\":[{\"@type\":\"ReadAction\",\"target\":[\"https:\/\/gymfactory.eu\/lt\/produktas\/m5-nugaros-sedimuju-eiliu-masina-lat-pulldown\/\"]}]},{\"@type\":\"ImageObject\",\"inLanguage\":\"lt-LT\",\"@id\":\"https:\/\/gymfactory.eu\/lt\/produktas\/m5-nugaros-sedimuju-eiliu-masina-lat-pulldown\/#primaryimage\",\"url\":\"https:\/\/gymfactory.eu\/wp-content\/uploads\/2025\/02\/Lat-Pulldown-Seated-Row-Gym-Machine-Side-View-1.webp\",\"contentUrl\":\"https:\/\/gymfactory.eu\/wp-content\/uploads\/2025\/02\/Lat-Pulldown-Seated-Row-Gym-Machine-Side-View-1.webp\",\"width\":1500,\"height\":1500},{\"@type\":\"BreadcrumbList\",\"@id\":\"https:\/\/gymfactory.eu\/lt\/produktas\/m5-nugaros-sedimuju-eiliu-masina-lat-pulldown\/#breadcrumb\",\"itemListElement\":[{\"@type\":\"ListItem\",\"position\":1,\"name\":\"Pagrindinis\",\"item\":\"https:\/\/gymfactory.eu\/lt\/\"},{\"@type\":\"ListItem\",\"position\":2,\"name\":\"Katalogas\",\"item\":\"https:\/\/gymfactory.eu\/lt\/katalogas\/\"},{\"@type\":\"ListItem\",\"position\":3,\"name\":\"M5 Nugaros treniruoklis &#8211; horizontali ir vertikali trauka\"}]},{\"@type\":\"WebSite\",\"@id\":\"https:\/\/gymfactory.eu\/lt\/#website\",\"url\":\"https:\/\/gymfactory.eu\/lt\/\",\"name\":\"Gym Factory\",\"description\":\"\",\"publisher\":{\"@id\":\"https:\/\/gymfactory.eu\/lt\/#organization\"},\"potentialAction\":[{\"@type\":\"SearchAction\",\"target\":{\"@type\":\"EntryPoint\",\"urlTemplate\":\"https:\/\/gymfactory.eu\/lt\/?s={search_term_string}\"},\"query-input\":{\"@type\":\"PropertyValueSpecification\",\"valueRequired\":true,\"valueName\":\"search_term_string\"}}],\"inLanguage\":\"lt-LT\"},{\"@type\":\"Organization\",\"@id\":\"https:\/\/gymfactory.eu\/lt\/#organization\",\"name\":\"Sporto sal\u0117s gamykla\",\"url\":\"https:\/\/gymfactory.eu\/lt\/\",\"logo\":{\"@type\":\"ImageObject\",\"inLanguage\":\"lt-LT\",\"@id\":\"https:\/\/gymfactory.eu\/lt\/#\/schema\/logo\/image\/\",\"url\":\"https:\/\/gymfactory.eu\/wp-content\/uploads\/2024\/11\/Component-1.svg\",\"contentUrl\":\"https:\/\/gymfactory.eu\/wp-content\/uploads\/2024\/11\/Component-1.svg\",\"width\":54,\"height\":44,\"caption\":\"Sporto sal\u0117s gamykla\"},\"image\":{\"@id\":\"https:\/\/gymfactory.eu\/lt\/#\/schema\/logo\/image\/\"}}]}<\/script>\n<!-- \/ Yoast SEO plugin. -->","yoast_head_json":{"title":"M5 nugaros s\u0117dim\u0173j\u0173 irkl\u0173 ma\u0161ina | Irklavimo pratim\u0173 \u012franga","description":"Reikia treniruoklio \u012f nugar\u0105 orientuotoms eil\u0117ms? M5 s\u0117dim\u0173j\u0173 irklavimo ant nugaros treniruokli\u0173 treniruoklis M5 u\u017etikrina tolyg\u0173, tiksling\u0105 pasiprie\u0161inim\u0105 irklavimo pratimams ir j\u0117gos treniruot\u0117ms.","robots":{"index":"index","follow":"follow","max-snippet":"max-snippet:-1","max-image-preview":"max-image-preview:large","max-video-preview":"max-video-preview:-1"},"canonical":"https:\/\/gymfactory.eu\/lt\/produktas\/m5-nugaros-sedimuju-eiliu-masina-lat-pulldown\/","og_locale":"lt_LT","og_type":"article","og_title":"M5 nugaros s\u0117dim\u0173j\u0173 irkl\u0173 ma\u0161ina | Irklavimo pratim\u0173 \u012franga","og_description":"Reikia treniruoklio \u012f nugar\u0105 orientuotoms eil\u0117ms? M5 s\u0117dim\u0173j\u0173 irklavimo ant nugaros treniruokli\u0173 treniruoklis M5 u\u017etikrina tolyg\u0173, tiksling\u0105 pasiprie\u0161inim\u0105 irklavimo pratimams ir j\u0117gos treniruot\u0117ms.","og_url":"https:\/\/gymfactory.eu\/lt\/produktas\/m5-nugaros-sedimuju-eiliu-masina-lat-pulldown\/","og_site_name":"Gym Factory","article_modified_time":"2025-12-02T12:07:23+00:00","og_image":[{"width":1500,"height":1500,"url":"https:\/\/gymfactory.eu\/wp-content\/uploads\/2025\/02\/Lat-Pulldown-Seated-Row-Gym-Machine-Side-View-1.webp","type":"image\/webp"}],"twitter_card":"summary_large_image","twitter_misc":{"Est. reading time":"1 minut\u0117"},"schema":{"@context":"https:\/\/schema.org","@graph":[{"@type":"WebPage","@id":"https:\/\/gymfactory.eu\/lt\/produktas\/m5-nugaros-sedimuju-eiliu-masina-lat-pulldown\/","url":"https:\/\/gymfactory.eu\/lt\/produktas\/m5-nugaros-sedimuju-eiliu-masina-lat-pulldown\/","name":"M5 nugaros s\u0117dim\u0173j\u0173 irkl\u0173 ma\u0161ina | Irklavimo pratim\u0173 \u012franga","isPartOf":{"@id":"https:\/\/gymfactory.eu\/lt\/#website"},"primaryImageOfPage":{"@id":"https:\/\/gymfactory.eu\/lt\/produktas\/m5-nugaros-sedimuju-eiliu-masina-lat-pulldown\/#primaryimage"},"image":{"@id":"https:\/\/gymfactory.eu\/lt\/produktas\/m5-nugaros-sedimuju-eiliu-masina-lat-pulldown\/#primaryimage"},"thumbnailUrl":"https:\/\/gymfactory.eu\/wp-content\/uploads\/2025\/02\/Lat-Pulldown-Seated-Row-Gym-Machine-Side-View-1.webp","datePublished":"2025-02-06T13:17:48+00:00","dateModified":"2025-12-02T12:07:23+00:00","description":"Reikia treniruoklio \u012f nugar\u0105 orientuotoms eil\u0117ms? M5 s\u0117dim\u0173j\u0173 irklavimo ant nugaros treniruokli\u0173 treniruoklis M5 u\u017etikrina tolyg\u0173, tiksling\u0105 pasiprie\u0161inim\u0105 irklavimo pratimams ir j\u0117gos treniruot\u0117ms.","breadcrumb":{"@id":"https:\/\/gymfactory.eu\/lt\/produktas\/m5-nugaros-sedimuju-eiliu-masina-lat-pulldown\/#breadcrumb"},"inLanguage":"lt-LT","potentialAction":[{"@type":"ReadAction","target":["https:\/\/gymfactory.eu\/lt\/produktas\/m5-nugaros-sedimuju-eiliu-masina-lat-pulldown\/"]}]},{"@type":"ImageObject","inLanguage":"lt-LT","@id":"https:\/\/gymfactory.eu\/lt\/produktas\/m5-nugaros-sedimuju-eiliu-masina-lat-pulldown\/#primaryimage","url":"https:\/\/gymfactory.eu\/wp-content\/uploads\/2025\/02\/Lat-Pulldown-Seated-Row-Gym-Machine-Side-View-1.webp","contentUrl":"https:\/\/gymfactory.eu\/wp-content\/uploads\/2025\/02\/Lat-Pulldown-Seated-Row-Gym-Machine-Side-View-1.webp","width":1500,"height":1500},{"@type":"BreadcrumbList","@id":"https:\/\/gymfactory.eu\/lt\/produktas\/m5-nugaros-sedimuju-eiliu-masina-lat-pulldown\/#breadcrumb","itemListElement":[{"@type":"ListItem","position":1,"name":"Pagrindinis","item":"https:\/\/gymfactory.eu\/lt\/"},{"@type":"ListItem","position":2,"name":"Katalogas","item":"https:\/\/gymfactory.eu\/lt\/katalogas\/"},{"@type":"ListItem","position":3,"name":"M5 Nugaros treniruoklis &#8211; horizontali ir vertikali trauka"}]},{"@type":"WebSite","@id":"https:\/\/gymfactory.eu\/lt\/#website","url":"https:\/\/gymfactory.eu\/lt\/","name":"Gym Factory","description":"","publisher":{"@id":"https:\/\/gymfactory.eu\/lt\/#organization"},"potentialAction":[{"@type":"SearchAction","target":{"@type":"EntryPoint","urlTemplate":"https:\/\/gymfactory.eu\/lt\/?s={search_term_string}"},"query-input":{"@type":"PropertyValueSpecification","valueRequired":true,"valueName":"search_term_string"}}],"inLanguage":"lt-LT"},{"@type":"Organization","@id":"https:\/\/gymfactory.eu\/lt\/#organization","name":"Sporto sal\u0117s gamykla","url":"https:\/\/gymfactory.eu\/lt\/","logo":{"@type":"ImageObject","inLanguage":"lt-LT","@id":"https:\/\/gymfactory.eu\/lt\/#\/schema\/logo\/image\/","url":"https:\/\/gymfactory.eu\/wp-content\/uploads\/2024\/11\/Component-1.svg","contentUrl":"https:\/\/gymfactory.eu\/wp-content\/uploads\/2024\/11\/Component-1.svg","width":54,"height":44,"caption":"Sporto sal\u0117s gamykla"},"image":{"@id":"https:\/\/gymfactory.eu\/lt\/#\/schema\/logo\/image\/"}}]}},"_links":{"self":[{"href":"https:\/\/gymfactory.eu\/lt\/wp-json\/wp\/v2\/product\/10380","targetHints":{"allow":["GET"]}}],"collection":[{"href":"https:\/\/gymfactory.eu\/lt\/wp-json\/wp\/v2\/product"}],"about":[{"href":"https:\/\/gymfactory.eu\/lt\/wp-json\/wp\/v2\/types\/product"}],"wp:featuredmedia":[{"embeddable":true,"href":"https:\/\/gymfactory.eu\/lt\/wp-json\/wp\/v2\/media\/27971"}],"wp:attachment":[{"href":"https:\/\/gymfactory.eu\/lt\/wp-json\/wp\/v2\/media?parent=10380"}],"wp:term":[{"taxonomy":"product_brand","embeddable":true,"href":"https:\/\/gymfactory.eu\/lt\/wp-json\/wp\/v2\/product_brand?post=10380"},{"taxonomy":"product_cat","embeddable":true,"href":"https:\/\/gymfactory.eu\/lt\/wp-json\/wp\/v2\/product_cat?post=10380"},{"taxonomy":"product_tag","embeddable":true,"href":"https:\/\/gymfactory.eu\/lt\/wp-json\/wp\/v2\/product_tag?post=10380"}],"curies":[{"name":"wp","href":"https:\/\/api.w.org\/{rel}","templated":true}]}}