{"id":10378,"date":"2025-01-29T13:02:47","date_gmt":"2025-01-29T11:02:47","guid":{"rendered":"https:\/\/gymfactory.eu\/product\/d6-koju-pratesimo-masina\/"},"modified":"2025-11-20T15:36:38","modified_gmt":"2025-11-20T13:36:38","slug":"d6-koju-pratesimo-masina","status":"publish","type":"product","link":"https:\/\/gymfactory.eu\/lt\/produktas\/d6-koju-pratesimo-masina\/","title":{"rendered":"D6 Koj\u0173 tiesimo treniruoklis"},"content":{"rendered":"<p>D6 \u2013 treniruoklis, skirtas keturgalvi\u0173 \u0161launies raumen\u0173 treniruotei. Tvirta konstrukcija u\u017etikrina stabilum\u0105 ir kontrol\u0119 tiek nam\u0173, tiek profesionalioje sporto sal\u0117je.<\/p>\n<p>Treniruoklis sukurtas vienos kojos tiesimui, ta\u010diau leid\u017eia treniruoti abi kojas vienu metu. Kiekvienai kojai pasiprie\u0161inimas taikomas atskirai, tod\u0117l treniruot\u0117 padeda tolygiai lavinti j\u0117g\u0105 ir koreguoti raumen\u0173 asimetrij\u0105.<\/p>\n<p>Reguliuojamas koj\u0173 atramos auk\u0161tis prisitaiko prie skirtingo koj\u0173 ilgio, o reguliuojama atlo\u0161o pad\u0117tis leid\u017eia u\u017etikrinti taisykling\u0105 ir patogi\u0105 k\u016bno pad\u0117t\u012f.<\/p>\n\n    <div class=\"xs_social_share_widget xs_share_url after_content \t\tmain_content  wslu-style-1 wslu-share-box-shaped wslu-fill-colored wslu-none wslu-share-horizontal wslu-theme-font-no wslu-main_content\">\n\n\t\t\n        <ul>\n\t\t\t        <\/ul>\n    <\/div> \n","protected":false},"excerpt":{"rendered":"<p>D6 \u2013 treniruoklis, skirtas keturgalvi\u0173 \u0161launies raumen\u0173 treniruotei. Tvirta konstrukcija u\u017etikrina stabilum\u0105 ir kontrol\u0119 tiek nam\u0173, tiek profesionalioje sporto sal\u0117je. Treniruoklis sukurtas vienos kojos tiesimui, ta\u010diau leid\u017eia treniruoti abi kojas vienu metu. Kiekvienai kojai pasiprie\u0161inimas taikomas atskirai, tod\u0117l treniruot\u0117 padeda tolygiai lavinti j\u0117g\u0105 ir koreguoti raumen\u0173 asimetrij\u0105. Reguliuojamas koj\u0173 atramos auk\u0161tis prisitaiko prie skirtingo koj\u0173 [&hellip;]<\/p>\n","protected":false},"featured_media":8294,"template":"","meta":{"_acf_changed":false},"product_brand":[817],"product_cat":[421],"product_tag":[],"class_list":{"0":"post-10378","1":"product","2":"type-product","3":"status-publish","4":"has-post-thumbnail","6":"product_brand-gym-factory-lt","7":"product_cat-laisvu-svoriu-treniruokliai","9":"first","10":"onbackorder","11":"taxable","12":"shipping-taxable","13":"purchasable","14":"product-type-variable","15":"has-default-attributes"},"acf":[],"yoast_head":"<!-- This site is optimized with the Yoast SEO plugin v25.2 - https:\/\/yoast.com\/wordpress\/plugins\/seo\/ -->\n<title>D6 koj\u0173 prat\u0119simo ma\u0161ina | Treniruo\u010di\u0173 \u012franga apatinei k\u016bno daliai<\/title>\n<meta name=\"description\" content=\"Norite sustiprinti keturra\u010di\u0173 raumenis? D6 koj\u0173 tiesimo treniruoklis - tai apatin\u0117s k\u016bno dalies treniruokli\u0173 \u012franga, sukurta siekiant tikslumo, patogumo ir veiksmingos raumen\u0173 izoliacijos.\" \/>\n<meta name=\"robots\" content=\"index, follow, max-snippet:-1, max-image-preview:large, max-video-preview:-1\" \/>\n<link rel=\"canonical\" href=\"https:\/\/gymfactory.eu\/lt\/produktas\/d6-koju-pratesimo-masina\/\" \/>\n<meta property=\"og:locale\" content=\"lt_LT\" \/>\n<meta property=\"og:type\" content=\"article\" \/>\n<meta property=\"og:title\" content=\"D6 koj\u0173 prat\u0119simo ma\u0161ina | Treniruo\u010di\u0173 \u012franga apatinei k\u016bno daliai\" \/>\n<meta property=\"og:description\" content=\"Norite sustiprinti keturra\u010di\u0173 raumenis? D6 koj\u0173 tiesimo treniruoklis - tai apatin\u0117s k\u016bno dalies treniruokli\u0173 \u012franga, sukurta siekiant tikslumo, patogumo ir veiksmingos raumen\u0173 izoliacijos.\" \/>\n<meta property=\"og:url\" content=\"https:\/\/gymfactory.eu\/lt\/produktas\/d6-koju-pratesimo-masina\/\" \/>\n<meta property=\"og:site_name\" content=\"Gym Factory\" \/>\n<meta property=\"article:modified_time\" content=\"2025-11-20T13:36:38+00:00\" \/>\n<meta property=\"og:image\" content=\"https:\/\/gymfactory.eu\/wp-content\/uploads\/2025\/01\/gym-machine-D6-front-view-1.webp\" \/>\n\t<meta property=\"og:image:width\" content=\"1500\" \/>\n\t<meta property=\"og:image:height\" content=\"1500\" \/>\n\t<meta property=\"og:image:type\" content=\"image\/webp\" \/>\n<meta name=\"twitter:card\" content=\"summary_large_image\" \/>\n<meta name=\"twitter:label1\" content=\"Est. reading time\" \/>\n\t<meta name=\"twitter:data1\" content=\"1 minut\u0117\" \/>\n<script type=\"application\/ld+json\" class=\"yoast-schema-graph\">{\"@context\":\"https:\/\/schema.org\",\"@graph\":[{\"@type\":\"WebPage\",\"@id\":\"https:\/\/gymfactory.eu\/lt\/produktas\/d6-koju-pratesimo-masina\/\",\"url\":\"https:\/\/gymfactory.eu\/lt\/produktas\/d6-koju-pratesimo-masina\/\",\"name\":\"D6 koj\u0173 prat\u0119simo ma\u0161ina | Treniruo\u010di\u0173 \u012franga apatinei k\u016bno daliai\",\"isPartOf\":{\"@id\":\"https:\/\/gymfactory.eu\/lt\/#website\"},\"primaryImageOfPage\":{\"@id\":\"https:\/\/gymfactory.eu\/lt\/produktas\/d6-koju-pratesimo-masina\/#primaryimage\"},\"image\":{\"@id\":\"https:\/\/gymfactory.eu\/lt\/produktas\/d6-koju-pratesimo-masina\/#primaryimage\"},\"thumbnailUrl\":\"https:\/\/gymfactory.eu\/wp-content\/uploads\/2025\/01\/gym-machine-D6-front-view-1.webp\",\"datePublished\":\"2025-01-29T11:02:47+00:00\",\"dateModified\":\"2025-11-20T13:36:38+00:00\",\"description\":\"Norite sustiprinti keturra\u010di\u0173 raumenis? D6 koj\u0173 tiesimo treniruoklis - tai apatin\u0117s k\u016bno dalies treniruokli\u0173 \u012franga, sukurta siekiant tikslumo, patogumo ir veiksmingos raumen\u0173 izoliacijos.\",\"breadcrumb\":{\"@id\":\"https:\/\/gymfactory.eu\/lt\/produktas\/d6-koju-pratesimo-masina\/#breadcrumb\"},\"inLanguage\":\"lt-LT\",\"potentialAction\":[{\"@type\":\"ReadAction\",\"target\":[\"https:\/\/gymfactory.eu\/lt\/produktas\/d6-koju-pratesimo-masina\/\"]}]},{\"@type\":\"ImageObject\",\"inLanguage\":\"lt-LT\",\"@id\":\"https:\/\/gymfactory.eu\/lt\/produktas\/d6-koju-pratesimo-masina\/#primaryimage\",\"url\":\"https:\/\/gymfactory.eu\/wp-content\/uploads\/2025\/01\/gym-machine-D6-front-view-1.webp\",\"contentUrl\":\"https:\/\/gymfactory.eu\/wp-content\/uploads\/2025\/01\/gym-machine-D6-front-view-1.webp\",\"width\":1500,\"height\":1500,\"caption\":\"Profesionalios klas\u0117s treniruoklio, skirto j\u0117gos pratimams atlikti, vaizdas i\u0161 priekio. Ergonomi\u0161ka s\u0117dyn\u0117 ir reguliuojami nustatymai leid\u017eia efektyviai ir patogiai treniruoti apatin\u0119 k\u016bno dal\u012f, idealiai tinka kojoms stiprinti ir i\u0161tvermei lavinti.\"},{\"@type\":\"BreadcrumbList\",\"@id\":\"https:\/\/gymfactory.eu\/lt\/produktas\/d6-koju-pratesimo-masina\/#breadcrumb\",\"itemListElement\":[{\"@type\":\"ListItem\",\"position\":1,\"name\":\"Pagrindinis\",\"item\":\"https:\/\/gymfactory.eu\/lt\/\"},{\"@type\":\"ListItem\",\"position\":2,\"name\":\"Katalogas\",\"item\":\"https:\/\/gymfactory.eu\/lt\/katalogas\/\"},{\"@type\":\"ListItem\",\"position\":3,\"name\":\"D6 Koj\u0173 tiesimo treniruoklis\"}]},{\"@type\":\"WebSite\",\"@id\":\"https:\/\/gymfactory.eu\/lt\/#website\",\"url\":\"https:\/\/gymfactory.eu\/lt\/\",\"name\":\"Gym Factory\",\"description\":\"\",\"publisher\":{\"@id\":\"https:\/\/gymfactory.eu\/lt\/#organization\"},\"potentialAction\":[{\"@type\":\"SearchAction\",\"target\":{\"@type\":\"EntryPoint\",\"urlTemplate\":\"https:\/\/gymfactory.eu\/lt\/?s={search_term_string}\"},\"query-input\":{\"@type\":\"PropertyValueSpecification\",\"valueRequired\":true,\"valueName\":\"search_term_string\"}}],\"inLanguage\":\"lt-LT\"},{\"@type\":\"Organization\",\"@id\":\"https:\/\/gymfactory.eu\/lt\/#organization\",\"name\":\"Sporto sal\u0117s gamykla\",\"url\":\"https:\/\/gymfactory.eu\/lt\/\",\"logo\":{\"@type\":\"ImageObject\",\"inLanguage\":\"lt-LT\",\"@id\":\"https:\/\/gymfactory.eu\/lt\/#\/schema\/logo\/image\/\",\"url\":\"https:\/\/gymfactory.eu\/wp-content\/uploads\/2024\/11\/Component-1.svg\",\"contentUrl\":\"https:\/\/gymfactory.eu\/wp-content\/uploads\/2024\/11\/Component-1.svg\",\"width\":54,\"height\":44,\"caption\":\"Sporto sal\u0117s gamykla\"},\"image\":{\"@id\":\"https:\/\/gymfactory.eu\/lt\/#\/schema\/logo\/image\/\"}}]}<\/script>\n<!-- \/ Yoast SEO plugin. -->","yoast_head_json":{"title":"D6 koj\u0173 prat\u0119simo ma\u0161ina | Treniruo\u010di\u0173 \u012franga apatinei k\u016bno daliai","description":"Norite sustiprinti keturra\u010di\u0173 raumenis? D6 koj\u0173 tiesimo treniruoklis - tai apatin\u0117s k\u016bno dalies treniruokli\u0173 \u012franga, sukurta siekiant tikslumo, patogumo ir veiksmingos raumen\u0173 izoliacijos.","robots":{"index":"index","follow":"follow","max-snippet":"max-snippet:-1","max-image-preview":"max-image-preview:large","max-video-preview":"max-video-preview:-1"},"canonical":"https:\/\/gymfactory.eu\/lt\/produktas\/d6-koju-pratesimo-masina\/","og_locale":"lt_LT","og_type":"article","og_title":"D6 koj\u0173 prat\u0119simo ma\u0161ina | Treniruo\u010di\u0173 \u012franga apatinei k\u016bno daliai","og_description":"Norite sustiprinti keturra\u010di\u0173 raumenis? D6 koj\u0173 tiesimo treniruoklis - tai apatin\u0117s k\u016bno dalies treniruokli\u0173 \u012franga, sukurta siekiant tikslumo, patogumo ir veiksmingos raumen\u0173 izoliacijos.","og_url":"https:\/\/gymfactory.eu\/lt\/produktas\/d6-koju-pratesimo-masina\/","og_site_name":"Gym Factory","article_modified_time":"2025-11-20T13:36:38+00:00","og_image":[{"width":1500,"height":1500,"url":"https:\/\/gymfactory.eu\/wp-content\/uploads\/2025\/01\/gym-machine-D6-front-view-1.webp","type":"image\/webp"}],"twitter_card":"summary_large_image","twitter_misc":{"Est. reading time":"1 minut\u0117"},"schema":{"@context":"https:\/\/schema.org","@graph":[{"@type":"WebPage","@id":"https:\/\/gymfactory.eu\/lt\/produktas\/d6-koju-pratesimo-masina\/","url":"https:\/\/gymfactory.eu\/lt\/produktas\/d6-koju-pratesimo-masina\/","name":"D6 koj\u0173 prat\u0119simo ma\u0161ina | Treniruo\u010di\u0173 \u012franga apatinei k\u016bno daliai","isPartOf":{"@id":"https:\/\/gymfactory.eu\/lt\/#website"},"primaryImageOfPage":{"@id":"https:\/\/gymfactory.eu\/lt\/produktas\/d6-koju-pratesimo-masina\/#primaryimage"},"image":{"@id":"https:\/\/gymfactory.eu\/lt\/produktas\/d6-koju-pratesimo-masina\/#primaryimage"},"thumbnailUrl":"https:\/\/gymfactory.eu\/wp-content\/uploads\/2025\/01\/gym-machine-D6-front-view-1.webp","datePublished":"2025-01-29T11:02:47+00:00","dateModified":"2025-11-20T13:36:38+00:00","description":"Norite sustiprinti keturra\u010di\u0173 raumenis? D6 koj\u0173 tiesimo treniruoklis - tai apatin\u0117s k\u016bno dalies treniruokli\u0173 \u012franga, sukurta siekiant tikslumo, patogumo ir veiksmingos raumen\u0173 izoliacijos.","breadcrumb":{"@id":"https:\/\/gymfactory.eu\/lt\/produktas\/d6-koju-pratesimo-masina\/#breadcrumb"},"inLanguage":"lt-LT","potentialAction":[{"@type":"ReadAction","target":["https:\/\/gymfactory.eu\/lt\/produktas\/d6-koju-pratesimo-masina\/"]}]},{"@type":"ImageObject","inLanguage":"lt-LT","@id":"https:\/\/gymfactory.eu\/lt\/produktas\/d6-koju-pratesimo-masina\/#primaryimage","url":"https:\/\/gymfactory.eu\/wp-content\/uploads\/2025\/01\/gym-machine-D6-front-view-1.webp","contentUrl":"https:\/\/gymfactory.eu\/wp-content\/uploads\/2025\/01\/gym-machine-D6-front-view-1.webp","width":1500,"height":1500,"caption":"Profesionalios klas\u0117s treniruoklio, skirto j\u0117gos pratimams atlikti, vaizdas i\u0161 priekio. Ergonomi\u0161ka s\u0117dyn\u0117 ir reguliuojami nustatymai leid\u017eia efektyviai ir patogiai treniruoti apatin\u0119 k\u016bno dal\u012f, idealiai tinka kojoms stiprinti ir i\u0161tvermei lavinti."},{"@type":"BreadcrumbList","@id":"https:\/\/gymfactory.eu\/lt\/produktas\/d6-koju-pratesimo-masina\/#breadcrumb","itemListElement":[{"@type":"ListItem","position":1,"name":"Pagrindinis","item":"https:\/\/gymfactory.eu\/lt\/"},{"@type":"ListItem","position":2,"name":"Katalogas","item":"https:\/\/gymfactory.eu\/lt\/katalogas\/"},{"@type":"ListItem","position":3,"name":"D6 Koj\u0173 tiesimo treniruoklis"}]},{"@type":"WebSite","@id":"https:\/\/gymfactory.eu\/lt\/#website","url":"https:\/\/gymfactory.eu\/lt\/","name":"Gym Factory","description":"","publisher":{"@id":"https:\/\/gymfactory.eu\/lt\/#organization"},"potentialAction":[{"@type":"SearchAction","target":{"@type":"EntryPoint","urlTemplate":"https:\/\/gymfactory.eu\/lt\/?s={search_term_string}"},"query-input":{"@type":"PropertyValueSpecification","valueRequired":true,"valueName":"search_term_string"}}],"inLanguage":"lt-LT"},{"@type":"Organization","@id":"https:\/\/gymfactory.eu\/lt\/#organization","name":"Sporto sal\u0117s gamykla","url":"https:\/\/gymfactory.eu\/lt\/","logo":{"@type":"ImageObject","inLanguage":"lt-LT","@id":"https:\/\/gymfactory.eu\/lt\/#\/schema\/logo\/image\/","url":"https:\/\/gymfactory.eu\/wp-content\/uploads\/2024\/11\/Component-1.svg","contentUrl":"https:\/\/gymfactory.eu\/wp-content\/uploads\/2024\/11\/Component-1.svg","width":54,"height":44,"caption":"Sporto sal\u0117s gamykla"},"image":{"@id":"https:\/\/gymfactory.eu\/lt\/#\/schema\/logo\/image\/"}}]}},"_links":{"self":[{"href":"https:\/\/gymfactory.eu\/lt\/wp-json\/wp\/v2\/product\/10378","targetHints":{"allow":["GET"]}}],"collection":[{"href":"https:\/\/gymfactory.eu\/lt\/wp-json\/wp\/v2\/product"}],"about":[{"href":"https:\/\/gymfactory.eu\/lt\/wp-json\/wp\/v2\/types\/product"}],"wp:featuredmedia":[{"embeddable":true,"href":"https:\/\/gymfactory.eu\/lt\/wp-json\/wp\/v2\/media\/8294"}],"wp:attachment":[{"href":"https:\/\/gymfactory.eu\/lt\/wp-json\/wp\/v2\/media?parent=10378"}],"wp:term":[{"taxonomy":"product_brand","embeddable":true,"href":"https:\/\/gymfactory.eu\/lt\/wp-json\/wp\/v2\/product_brand?post=10378"},{"taxonomy":"product_cat","embeddable":true,"href":"https:\/\/gymfactory.eu\/lt\/wp-json\/wp\/v2\/product_cat?post=10378"},{"taxonomy":"product_tag","embeddable":true,"href":"https:\/\/gymfactory.eu\/lt\/wp-json\/wp\/v2\/product_tag?post=10378"}],"curies":[{"name":"wp","href":"https:\/\/api.w.org\/{rel}","templated":true}]}}