{"id":10367,"date":"2025-02-06T13:44:03","date_gmt":"2025-02-06T11:44:03","guid":{"rendered":"https:\/\/gymfactory.eu\/product\/m4-sedimuju-eiliu-masina\/"},"modified":"2025-12-02T14:04:03","modified_gmt":"2025-12-02T12:04:03","slug":"m4-sedimuju-eiliu-masina","status":"publish","type":"product","link":"https:\/\/gymfactory.eu\/lt\/produktas\/m4-sedimuju-eiliu-masina\/","title":{"rendered":"M4 Nugaros treniruoklis &#8211; horizontali trauka"},"content":{"rendered":"<p>M4 \u2013 tai patikimas treniruoklis, skirtas nugaros raumen\u0173 stiprinimui atliekant traukos pratimus s\u0117dint. Tinka tiek nam\u0173 sporto erdvei, tiek profesionaliai treniruo\u010di\u0173 salei. Jis u\u017etikrina stabil\u0173 judes\u012f, o reguliuojami nustatymai leid\u017eia pritaikyti treniruokl\u012f pagal skirtingus naudotojus ir treniruo\u010di\u0173 stilius.<\/p>\n<p>S\u0117dyn\u0117s auk\u0161tis ir kr\u016btin\u0117s atramos pad\u0117tis reguliuojami, kad b\u016bt\u0173 galima i\u0161laikyti taisykling\u0105 k\u016bno pad\u0117t\u012f ir maksimal\u0173 komfort\u0105. Su \u0161iuo treniruokliu galima atlikti trauk\u0105 viena arba abiem rankomis, o keli\u0173 skirting\u0173 ranken\u0173 pad\u0117\u010di\u0173 pasirinkimas leid\u017eia keisti su\u0117mimo plot\u012f ir keisti kr\u016bv\u012f skirtingoms nugaros sritims.<\/p>\n<p>Trauka s\u0117dint aktyvina vir\u0161utinius ir vidurinius nugaros raumenis. Priklausomai nuo su\u0117mimo kampo ir judesio technikos, taip pat \u012fsitraukia u\u017epakaliniai delt\u0173 raumenys bei rankos.<\/p>\n<p>M4 Nugaros traukos s\u0117dint treniruoklis \u2013 tai stabilus ir efektyvus sprendimas kryptingai nugaros treniruotei tiek namuose, tiek sporto klube.<\/p>\n\n    <div class=\"xs_social_share_widget xs_share_url after_content \t\tmain_content  wslu-style-1 wslu-share-box-shaped wslu-fill-colored wslu-none wslu-share-horizontal wslu-theme-font-no wslu-main_content\">\n\n\t\t\n        <ul>\n\t\t\t        <\/ul>\n    <\/div> \n","protected":false},"excerpt":{"rendered":"<p>M4 \u2013 tai patikimas treniruoklis, skirtas nugaros raumen\u0173 stiprinimui atliekant traukos pratimus s\u0117dint. Tinka tiek nam\u0173 sporto erdvei, tiek profesionaliai treniruo\u010di\u0173 salei. Jis u\u017etikrina stabil\u0173 judes\u012f, o reguliuojami nustatymai leid\u017eia pritaikyti treniruokl\u012f pagal skirtingus naudotojus ir treniruo\u010di\u0173 stilius. S\u0117dyn\u0117s auk\u0161tis ir kr\u016btin\u0117s atramos pad\u0117tis reguliuojami, kad b\u016bt\u0173 galima i\u0161laikyti taisykling\u0105 k\u016bno pad\u0117t\u012f ir maksimal\u0173 komfort\u0105. [&hellip;]<\/p>\n","protected":false},"featured_media":7790,"template":"","meta":{"_acf_changed":false},"product_brand":[817],"product_cat":[466],"product_tag":[],"class_list":{"0":"post-10367","1":"product","2":"type-product","3":"status-publish","4":"has-post-thumbnail","6":"product_brand-gym-factory-lt","7":"product_cat-blokiniai-treniruokliai","9":"first","10":"onbackorder","11":"taxable","12":"shipping-taxable","13":"purchasable","14":"product-type-variable","15":"has-default-attributes"},"acf":[],"yoast_head":"<!-- This site is optimized with the Yoast SEO plugin v25.2 - https:\/\/yoast.com\/wordpress\/plugins\/seo\/ -->\n<title>M4 s\u0117dim\u0173j\u0173 eili\u0173 ma\u0161ina | Nam\u0173 ir sporto sal\u0117s treniruo\u010di\u0173 \u012franga<\/title>\n<meta name=\"description\" content=\"Treniruojate nugar\u0105 namuose ar sporto sal\u0117je? M4 s\u0117dim\u0173j\u0173 eiliavimo treniruokli\u0173 aparatas u\u017etikrina skland\u0173 pasiprie\u0161inim\u0105 ir vir\u0161utin\u0117s k\u016bno dalies j\u0117gos ugdym\u0105 bet kokioje treniruot\u0117s konfig\u016bracijoje.\" \/>\n<meta name=\"robots\" content=\"index, follow, max-snippet:-1, max-image-preview:large, max-video-preview:-1\" \/>\n<link rel=\"canonical\" href=\"https:\/\/gymfactory.eu\/lt\/produktas\/m4-sedimuju-eiliu-masina\/\" \/>\n<meta property=\"og:locale\" content=\"lt_LT\" \/>\n<meta property=\"og:type\" content=\"article\" \/>\n<meta property=\"og:title\" content=\"M4 s\u0117dim\u0173j\u0173 eili\u0173 ma\u0161ina | Nam\u0173 ir sporto sal\u0117s treniruo\u010di\u0173 \u012franga\" \/>\n<meta property=\"og:description\" content=\"Treniruojate nugar\u0105 namuose ar sporto sal\u0117je? M4 s\u0117dim\u0173j\u0173 eiliavimo treniruokli\u0173 aparatas u\u017etikrina skland\u0173 pasiprie\u0161inim\u0105 ir vir\u0161utin\u0117s k\u016bno dalies j\u0117gos ugdym\u0105 bet kokioje treniruot\u0117s konfig\u016bracijoje.\" \/>\n<meta property=\"og:url\" content=\"https:\/\/gymfactory.eu\/lt\/produktas\/m4-sedimuju-eiliu-masina\/\" \/>\n<meta property=\"og:site_name\" content=\"Gym Factory\" \/>\n<meta property=\"article:modified_time\" content=\"2025-12-02T12:04:03+00:00\" \/>\n<meta property=\"og:image\" content=\"https:\/\/gymfactory.eu\/wp-content\/uploads\/2025\/02\/Seated-Row-Gym-Machine-Black.webp\" \/>\n\t<meta property=\"og:image:width\" content=\"1500\" \/>\n\t<meta property=\"og:image:height\" content=\"1500\" \/>\n\t<meta property=\"og:image:type\" content=\"image\/webp\" \/>\n<meta name=\"twitter:card\" content=\"summary_large_image\" \/>\n<meta name=\"twitter:label1\" content=\"Est. reading time\" \/>\n\t<meta name=\"twitter:data1\" content=\"1 minut\u0117\" \/>\n<script type=\"application\/ld+json\" class=\"yoast-schema-graph\">{\"@context\":\"https:\/\/schema.org\",\"@graph\":[{\"@type\":\"WebPage\",\"@id\":\"https:\/\/gymfactory.eu\/lt\/produktas\/m4-sedimuju-eiliu-masina\/\",\"url\":\"https:\/\/gymfactory.eu\/lt\/produktas\/m4-sedimuju-eiliu-masina\/\",\"name\":\"M4 s\u0117dim\u0173j\u0173 eili\u0173 ma\u0161ina | Nam\u0173 ir sporto sal\u0117s treniruo\u010di\u0173 \u012franga\",\"isPartOf\":{\"@id\":\"https:\/\/gymfactory.eu\/lt\/#website\"},\"primaryImageOfPage\":{\"@id\":\"https:\/\/gymfactory.eu\/lt\/produktas\/m4-sedimuju-eiliu-masina\/#primaryimage\"},\"image\":{\"@id\":\"https:\/\/gymfactory.eu\/lt\/produktas\/m4-sedimuju-eiliu-masina\/#primaryimage\"},\"thumbnailUrl\":\"https:\/\/gymfactory.eu\/wp-content\/uploads\/2025\/02\/Seated-Row-Gym-Machine-Black.webp\",\"datePublished\":\"2025-02-06T11:44:03+00:00\",\"dateModified\":\"2025-12-02T12:04:03+00:00\",\"description\":\"Treniruojate nugar\u0105 namuose ar sporto sal\u0117je? M4 s\u0117dim\u0173j\u0173 eiliavimo treniruokli\u0173 aparatas u\u017etikrina skland\u0173 pasiprie\u0161inim\u0105 ir vir\u0161utin\u0117s k\u016bno dalies j\u0117gos ugdym\u0105 bet kokioje treniruot\u0117s konfig\u016bracijoje.\",\"breadcrumb\":{\"@id\":\"https:\/\/gymfactory.eu\/lt\/produktas\/m4-sedimuju-eiliu-masina\/#breadcrumb\"},\"inLanguage\":\"lt-LT\",\"potentialAction\":[{\"@type\":\"ReadAction\",\"target\":[\"https:\/\/gymfactory.eu\/lt\/produktas\/m4-sedimuju-eiliu-masina\/\"]}]},{\"@type\":\"ImageObject\",\"inLanguage\":\"lt-LT\",\"@id\":\"https:\/\/gymfactory.eu\/lt\/produktas\/m4-sedimuju-eiliu-masina\/#primaryimage\",\"url\":\"https:\/\/gymfactory.eu\/wp-content\/uploads\/2025\/02\/Seated-Row-Gym-Machine-Black.webp\",\"contentUrl\":\"https:\/\/gymfactory.eu\/wp-content\/uploads\/2025\/02\/Seated-Row-Gym-Machine-Black.webp\",\"width\":1500,\"height\":1500,\"caption\":\"Sporto sal\u0117s treniruoklis, skirtas vir\u0161utinei k\u016bno daliai stiprinti. \u0160is treniruoklis turi patvar\u0173 plienin\u012f r\u0117m\u0105, reguliuojamo pasiprie\u0161inimo svori\u0173 komplekt\u0105, ergonomi\u0161kas rankenas ir pamink\u0161tint\u0105 s\u0117dyn\u0119 su atlo\u0161u. Lyn\u0173 skriemuli\u0173 sistema u\u017etikrina skland\u0173 jud\u0117jim\u0105, kad b\u016bt\u0173 veiksmingai \u012fdarbinti nugaros raumenys.\"},{\"@type\":\"BreadcrumbList\",\"@id\":\"https:\/\/gymfactory.eu\/lt\/produktas\/m4-sedimuju-eiliu-masina\/#breadcrumb\",\"itemListElement\":[{\"@type\":\"ListItem\",\"position\":1,\"name\":\"Pagrindinis\",\"item\":\"https:\/\/gymfactory.eu\/lt\/\"},{\"@type\":\"ListItem\",\"position\":2,\"name\":\"Katalogas\",\"item\":\"https:\/\/gymfactory.eu\/lt\/katalogas\/\"},{\"@type\":\"ListItem\",\"position\":3,\"name\":\"M4 Nugaros treniruoklis &#8211; horizontali trauka\"}]},{\"@type\":\"WebSite\",\"@id\":\"https:\/\/gymfactory.eu\/lt\/#website\",\"url\":\"https:\/\/gymfactory.eu\/lt\/\",\"name\":\"Gym Factory\",\"description\":\"\",\"publisher\":{\"@id\":\"https:\/\/gymfactory.eu\/lt\/#organization\"},\"potentialAction\":[{\"@type\":\"SearchAction\",\"target\":{\"@type\":\"EntryPoint\",\"urlTemplate\":\"https:\/\/gymfactory.eu\/lt\/?s={search_term_string}\"},\"query-input\":{\"@type\":\"PropertyValueSpecification\",\"valueRequired\":true,\"valueName\":\"search_term_string\"}}],\"inLanguage\":\"lt-LT\"},{\"@type\":\"Organization\",\"@id\":\"https:\/\/gymfactory.eu\/lt\/#organization\",\"name\":\"Sporto sal\u0117s gamykla\",\"url\":\"https:\/\/gymfactory.eu\/lt\/\",\"logo\":{\"@type\":\"ImageObject\",\"inLanguage\":\"lt-LT\",\"@id\":\"https:\/\/gymfactory.eu\/lt\/#\/schema\/logo\/image\/\",\"url\":\"https:\/\/gymfactory.eu\/wp-content\/uploads\/2024\/11\/Component-1.svg\",\"contentUrl\":\"https:\/\/gymfactory.eu\/wp-content\/uploads\/2024\/11\/Component-1.svg\",\"width\":54,\"height\":44,\"caption\":\"Sporto sal\u0117s gamykla\"},\"image\":{\"@id\":\"https:\/\/gymfactory.eu\/lt\/#\/schema\/logo\/image\/\"}}]}<\/script>\n<!-- \/ Yoast SEO plugin. -->","yoast_head_json":{"title":"M4 s\u0117dim\u0173j\u0173 eili\u0173 ma\u0161ina | Nam\u0173 ir sporto sal\u0117s treniruo\u010di\u0173 \u012franga","description":"Treniruojate nugar\u0105 namuose ar sporto sal\u0117je? M4 s\u0117dim\u0173j\u0173 eiliavimo treniruokli\u0173 aparatas u\u017etikrina skland\u0173 pasiprie\u0161inim\u0105 ir vir\u0161utin\u0117s k\u016bno dalies j\u0117gos ugdym\u0105 bet kokioje treniruot\u0117s konfig\u016bracijoje.","robots":{"index":"index","follow":"follow","max-snippet":"max-snippet:-1","max-image-preview":"max-image-preview:large","max-video-preview":"max-video-preview:-1"},"canonical":"https:\/\/gymfactory.eu\/lt\/produktas\/m4-sedimuju-eiliu-masina\/","og_locale":"lt_LT","og_type":"article","og_title":"M4 s\u0117dim\u0173j\u0173 eili\u0173 ma\u0161ina | Nam\u0173 ir sporto sal\u0117s treniruo\u010di\u0173 \u012franga","og_description":"Treniruojate nugar\u0105 namuose ar sporto sal\u0117je? M4 s\u0117dim\u0173j\u0173 eiliavimo treniruokli\u0173 aparatas u\u017etikrina skland\u0173 pasiprie\u0161inim\u0105 ir vir\u0161utin\u0117s k\u016bno dalies j\u0117gos ugdym\u0105 bet kokioje treniruot\u0117s konfig\u016bracijoje.","og_url":"https:\/\/gymfactory.eu\/lt\/produktas\/m4-sedimuju-eiliu-masina\/","og_site_name":"Gym Factory","article_modified_time":"2025-12-02T12:04:03+00:00","og_image":[{"width":1500,"height":1500,"url":"https:\/\/gymfactory.eu\/wp-content\/uploads\/2025\/02\/Seated-Row-Gym-Machine-Black.webp","type":"image\/webp"}],"twitter_card":"summary_large_image","twitter_misc":{"Est. reading time":"1 minut\u0117"},"schema":{"@context":"https:\/\/schema.org","@graph":[{"@type":"WebPage","@id":"https:\/\/gymfactory.eu\/lt\/produktas\/m4-sedimuju-eiliu-masina\/","url":"https:\/\/gymfactory.eu\/lt\/produktas\/m4-sedimuju-eiliu-masina\/","name":"M4 s\u0117dim\u0173j\u0173 eili\u0173 ma\u0161ina | Nam\u0173 ir sporto sal\u0117s treniruo\u010di\u0173 \u012franga","isPartOf":{"@id":"https:\/\/gymfactory.eu\/lt\/#website"},"primaryImageOfPage":{"@id":"https:\/\/gymfactory.eu\/lt\/produktas\/m4-sedimuju-eiliu-masina\/#primaryimage"},"image":{"@id":"https:\/\/gymfactory.eu\/lt\/produktas\/m4-sedimuju-eiliu-masina\/#primaryimage"},"thumbnailUrl":"https:\/\/gymfactory.eu\/wp-content\/uploads\/2025\/02\/Seated-Row-Gym-Machine-Black.webp","datePublished":"2025-02-06T11:44:03+00:00","dateModified":"2025-12-02T12:04:03+00:00","description":"Treniruojate nugar\u0105 namuose ar sporto sal\u0117je? M4 s\u0117dim\u0173j\u0173 eiliavimo treniruokli\u0173 aparatas u\u017etikrina skland\u0173 pasiprie\u0161inim\u0105 ir vir\u0161utin\u0117s k\u016bno dalies j\u0117gos ugdym\u0105 bet kokioje treniruot\u0117s konfig\u016bracijoje.","breadcrumb":{"@id":"https:\/\/gymfactory.eu\/lt\/produktas\/m4-sedimuju-eiliu-masina\/#breadcrumb"},"inLanguage":"lt-LT","potentialAction":[{"@type":"ReadAction","target":["https:\/\/gymfactory.eu\/lt\/produktas\/m4-sedimuju-eiliu-masina\/"]}]},{"@type":"ImageObject","inLanguage":"lt-LT","@id":"https:\/\/gymfactory.eu\/lt\/produktas\/m4-sedimuju-eiliu-masina\/#primaryimage","url":"https:\/\/gymfactory.eu\/wp-content\/uploads\/2025\/02\/Seated-Row-Gym-Machine-Black.webp","contentUrl":"https:\/\/gymfactory.eu\/wp-content\/uploads\/2025\/02\/Seated-Row-Gym-Machine-Black.webp","width":1500,"height":1500,"caption":"Sporto sal\u0117s treniruoklis, skirtas vir\u0161utinei k\u016bno daliai stiprinti. \u0160is treniruoklis turi patvar\u0173 plienin\u012f r\u0117m\u0105, reguliuojamo pasiprie\u0161inimo svori\u0173 komplekt\u0105, ergonomi\u0161kas rankenas ir pamink\u0161tint\u0105 s\u0117dyn\u0119 su atlo\u0161u. Lyn\u0173 skriemuli\u0173 sistema u\u017etikrina skland\u0173 jud\u0117jim\u0105, kad b\u016bt\u0173 veiksmingai \u012fdarbinti nugaros raumenys."},{"@type":"BreadcrumbList","@id":"https:\/\/gymfactory.eu\/lt\/produktas\/m4-sedimuju-eiliu-masina\/#breadcrumb","itemListElement":[{"@type":"ListItem","position":1,"name":"Pagrindinis","item":"https:\/\/gymfactory.eu\/lt\/"},{"@type":"ListItem","position":2,"name":"Katalogas","item":"https:\/\/gymfactory.eu\/lt\/katalogas\/"},{"@type":"ListItem","position":3,"name":"M4 Nugaros treniruoklis &#8211; horizontali trauka"}]},{"@type":"WebSite","@id":"https:\/\/gymfactory.eu\/lt\/#website","url":"https:\/\/gymfactory.eu\/lt\/","name":"Gym Factory","description":"","publisher":{"@id":"https:\/\/gymfactory.eu\/lt\/#organization"},"potentialAction":[{"@type":"SearchAction","target":{"@type":"EntryPoint","urlTemplate":"https:\/\/gymfactory.eu\/lt\/?s={search_term_string}"},"query-input":{"@type":"PropertyValueSpecification","valueRequired":true,"valueName":"search_term_string"}}],"inLanguage":"lt-LT"},{"@type":"Organization","@id":"https:\/\/gymfactory.eu\/lt\/#organization","name":"Sporto sal\u0117s gamykla","url":"https:\/\/gymfactory.eu\/lt\/","logo":{"@type":"ImageObject","inLanguage":"lt-LT","@id":"https:\/\/gymfactory.eu\/lt\/#\/schema\/logo\/image\/","url":"https:\/\/gymfactory.eu\/wp-content\/uploads\/2024\/11\/Component-1.svg","contentUrl":"https:\/\/gymfactory.eu\/wp-content\/uploads\/2024\/11\/Component-1.svg","width":54,"height":44,"caption":"Sporto sal\u0117s gamykla"},"image":{"@id":"https:\/\/gymfactory.eu\/lt\/#\/schema\/logo\/image\/"}}]}},"_links":{"self":[{"href":"https:\/\/gymfactory.eu\/lt\/wp-json\/wp\/v2\/product\/10367","targetHints":{"allow":["GET"]}}],"collection":[{"href":"https:\/\/gymfactory.eu\/lt\/wp-json\/wp\/v2\/product"}],"about":[{"href":"https:\/\/gymfactory.eu\/lt\/wp-json\/wp\/v2\/types\/product"}],"wp:featuredmedia":[{"embeddable":true,"href":"https:\/\/gymfactory.eu\/lt\/wp-json\/wp\/v2\/media\/7790"}],"wp:attachment":[{"href":"https:\/\/gymfactory.eu\/lt\/wp-json\/wp\/v2\/media?parent=10367"}],"wp:term":[{"taxonomy":"product_brand","embeddable":true,"href":"https:\/\/gymfactory.eu\/lt\/wp-json\/wp\/v2\/product_brand?post=10367"},{"taxonomy":"product_cat","embeddable":true,"href":"https:\/\/gymfactory.eu\/lt\/wp-json\/wp\/v2\/product_cat?post=10367"},{"taxonomy":"product_tag","embeddable":true,"href":"https:\/\/gymfactory.eu\/lt\/wp-json\/wp\/v2\/product_tag?post=10367"}],"curies":[{"name":"wp","href":"https:\/\/api.w.org\/{rel}","templated":true}]}}