{"id":10365,"date":"2025-01-29T12:33:41","date_gmt":"2025-01-29T10:33:41","guid":{"rendered":"https:\/\/gymfactory.eu\/product\/d5x-koju-lenkimo-masina\/"},"modified":"2025-11-20T15:35:15","modified_gmt":"2025-11-20T13:35:15","slug":"d5x-koju-lenkimo-masina","status":"publish","type":"product","link":"https:\/\/gymfactory.eu\/lt\/produktas\/d5x-koju-lenkimo-masina\/","title":{"rendered":"D5X Vienos kojos lenkimo treniruoklis"},"content":{"rendered":"<p>D5X \u2013 vienos kojos j\u0117gos treniruoklis, skirtas izoliuotai u\u017epakalini\u0173 \u0161laun\u0173 raumen\u0173 treniruotei. Tvirta konstrukcija ir pamink\u0161tintos atramos u\u017etikrina saug\u0173 bei kontroliuojam\u0105 judes\u012f kiekvienos treniruot\u0117s metu.<\/p>\n<p>Pratimas atliekamas viena koja: viena kelio atrama \u2013 atramai, kita koja atlieka lenkim\u0105. Toks treniruot\u0117s b\u016bdas padeda sustiprinti koj\u0173 dvigalvius, koreguoti raumen\u0173 disbalans\u0105 tarp koj\u0173 ir lavinti geresn\u0119 kojos judesi\u0173 kontrol\u0119.<\/p>\n<p>Tai kompakti\u0161kas ir tikslingai suprojektuotas treniruoklis, puikiai tinkantis tiek profesionaliai treniruo\u010di\u0173 aplinkai.<\/p>\n\n    <div class=\"xs_social_share_widget xs_share_url after_content \t\tmain_content  wslu-style-1 wslu-share-box-shaped wslu-fill-colored wslu-none wslu-share-horizontal wslu-theme-font-no wslu-main_content\">\n\n\t\t\n        <ul>\n\t\t\t        <\/ul>\n    <\/div> \n","protected":false},"excerpt":{"rendered":"<p>D5X \u2013 vienos kojos j\u0117gos treniruoklis, skirtas izoliuotai u\u017epakalini\u0173 \u0161laun\u0173 raumen\u0173 treniruotei. Tvirta konstrukcija ir pamink\u0161tintos atramos u\u017etikrina saug\u0173 bei kontroliuojam\u0105 judes\u012f kiekvienos treniruot\u0117s metu. Pratimas atliekamas viena koja: viena kelio atrama \u2013 atramai, kita koja atlieka lenkim\u0105. Toks treniruot\u0117s b\u016bdas padeda sustiprinti koj\u0173 dvigalvius, koreguoti raumen\u0173 disbalans\u0105 tarp koj\u0173 ir lavinti geresn\u0119 kojos judesi\u0173 [&hellip;]<\/p>\n","protected":false},"featured_media":8293,"template":"","meta":{"_acf_changed":false},"product_brand":[817],"product_cat":[421],"product_tag":[],"class_list":{"0":"post-10365","1":"product","2":"type-product","3":"status-publish","4":"has-post-thumbnail","6":"product_brand-gym-factory-lt","7":"product_cat-laisvu-svoriu-treniruokliai","9":"first","10":"onbackorder","11":"taxable","12":"shipping-taxable","13":"purchasable","14":"product-type-variable","15":"has-default-attributes"},"acf":[],"yoast_head":"<!-- This site is optimized with the Yoast SEO plugin v25.2 - https:\/\/yoast.com\/wordpress\/plugins\/seo\/ -->\n<title>D5X koj\u0173 lenkimo ma\u0161ina | Sporto sal\u0117s \u012franga koj\u0173 treniruot\u0117ms<\/title>\n<meta name=\"description\" content=\"Norite efektyviau treniruoti sprando raumenis? D5X koj\u0173 lenkimo treniruoklis - tai treniruokli\u0173 sal\u0117s \u012franga, sukurta izoliacijai, patogumui ir j\u0117gos lavinimui.\" \/>\n<meta name=\"robots\" content=\"index, follow, max-snippet:-1, max-image-preview:large, max-video-preview:-1\" \/>\n<link rel=\"canonical\" href=\"https:\/\/gymfactory.eu\/lt\/produktas\/d5x-koju-lenkimo-masina\/\" \/>\n<meta property=\"og:locale\" content=\"lt_LT\" \/>\n<meta property=\"og:type\" content=\"article\" \/>\n<meta property=\"og:title\" content=\"D5X koj\u0173 lenkimo ma\u0161ina | Sporto sal\u0117s \u012franga koj\u0173 treniruot\u0117ms\" \/>\n<meta property=\"og:description\" content=\"Norite efektyviau treniruoti sprando raumenis? D5X koj\u0173 lenkimo treniruoklis - tai treniruokli\u0173 sal\u0117s \u012franga, sukurta izoliacijai, patogumui ir j\u0117gos lavinimui.\" \/>\n<meta property=\"og:url\" content=\"https:\/\/gymfactory.eu\/lt\/produktas\/d5x-koju-lenkimo-masina\/\" \/>\n<meta property=\"og:site_name\" content=\"Gym Factory\" \/>\n<meta property=\"article:modified_time\" content=\"2025-11-20T13:35:15+00:00\" \/>\n<meta property=\"og:image\" content=\"https:\/\/gymfactory.eu\/wp-content\/uploads\/2025\/01\/gym-machine-D5X-leg-curl-loaded-with-weights-1.webp\" \/>\n\t<meta property=\"og:image:width\" content=\"1500\" \/>\n\t<meta property=\"og:image:height\" content=\"1500\" \/>\n\t<meta property=\"og:image:type\" content=\"image\/webp\" \/>\n<meta name=\"twitter:card\" content=\"summary_large_image\" \/>\n<meta name=\"twitter:label1\" content=\"Est. reading time\" \/>\n\t<meta name=\"twitter:data1\" content=\"1 minut\u0117\" \/>\n<script type=\"application\/ld+json\" class=\"yoast-schema-graph\">{\"@context\":\"https:\/\/schema.org\",\"@graph\":[{\"@type\":\"WebPage\",\"@id\":\"https:\/\/gymfactory.eu\/lt\/produktas\/d5x-koju-lenkimo-masina\/\",\"url\":\"https:\/\/gymfactory.eu\/lt\/produktas\/d5x-koju-lenkimo-masina\/\",\"name\":\"D5X koj\u0173 lenkimo ma\u0161ina | Sporto sal\u0117s \u012franga koj\u0173 treniruot\u0117ms\",\"isPartOf\":{\"@id\":\"https:\/\/gymfactory.eu\/lt\/#website\"},\"primaryImageOfPage\":{\"@id\":\"https:\/\/gymfactory.eu\/lt\/produktas\/d5x-koju-lenkimo-masina\/#primaryimage\"},\"image\":{\"@id\":\"https:\/\/gymfactory.eu\/lt\/produktas\/d5x-koju-lenkimo-masina\/#primaryimage\"},\"thumbnailUrl\":\"https:\/\/gymfactory.eu\/wp-content\/uploads\/2025\/01\/gym-machine-D5X-leg-curl-loaded-with-weights-1.webp\",\"datePublished\":\"2025-01-29T10:33:41+00:00\",\"dateModified\":\"2025-11-20T13:35:15+00:00\",\"description\":\"Norite efektyviau treniruoti sprando raumenis? D5X koj\u0173 lenkimo treniruoklis - tai treniruokli\u0173 sal\u0117s \u012franga, sukurta izoliacijai, patogumui ir j\u0117gos lavinimui.\",\"breadcrumb\":{\"@id\":\"https:\/\/gymfactory.eu\/lt\/produktas\/d5x-koju-lenkimo-masina\/#breadcrumb\"},\"inLanguage\":\"lt-LT\",\"potentialAction\":[{\"@type\":\"ReadAction\",\"target\":[\"https:\/\/gymfactory.eu\/lt\/produktas\/d5x-koju-lenkimo-masina\/\"]}]},{\"@type\":\"ImageObject\",\"inLanguage\":\"lt-LT\",\"@id\":\"https:\/\/gymfactory.eu\/lt\/produktas\/d5x-koju-lenkimo-masina\/#primaryimage\",\"url\":\"https:\/\/gymfactory.eu\/wp-content\/uploads\/2025\/01\/gym-machine-D5X-leg-curl-loaded-with-weights-1.webp\",\"contentUrl\":\"https:\/\/gymfactory.eu\/wp-content\/uploads\/2025\/01\/gym-machine-D5X-leg-curl-loaded-with-weights-1.webp\",\"width\":1500,\"height\":1500,\"caption\":\"Sporto sal\u0117s koj\u0173 lenkimo treniruoklis su svori\u0173 plok\u0161t\u0117mis, demonstruojantis, kad j\u012f galima naudoti j\u0117gos pratimams atlikti. Patvarus juodo plieno r\u0117mas, raudona pagalv\u0117l\u0117 ir biomechaninis dizainas u\u017etikrina skland\u017ei\u0105 treniruot\u0119 str\u0117n\u0173 raumenims vystyti.\"},{\"@type\":\"BreadcrumbList\",\"@id\":\"https:\/\/gymfactory.eu\/lt\/produktas\/d5x-koju-lenkimo-masina\/#breadcrumb\",\"itemListElement\":[{\"@type\":\"ListItem\",\"position\":1,\"name\":\"Pagrindinis\",\"item\":\"https:\/\/gymfactory.eu\/lt\/\"},{\"@type\":\"ListItem\",\"position\":2,\"name\":\"Katalogas\",\"item\":\"https:\/\/gymfactory.eu\/lt\/katalogas\/\"},{\"@type\":\"ListItem\",\"position\":3,\"name\":\"D5X Vienos kojos lenkimo treniruoklis\"}]},{\"@type\":\"WebSite\",\"@id\":\"https:\/\/gymfactory.eu\/lt\/#website\",\"url\":\"https:\/\/gymfactory.eu\/lt\/\",\"name\":\"Gym Factory\",\"description\":\"\",\"publisher\":{\"@id\":\"https:\/\/gymfactory.eu\/lt\/#organization\"},\"potentialAction\":[{\"@type\":\"SearchAction\",\"target\":{\"@type\":\"EntryPoint\",\"urlTemplate\":\"https:\/\/gymfactory.eu\/lt\/?s={search_term_string}\"},\"query-input\":{\"@type\":\"PropertyValueSpecification\",\"valueRequired\":true,\"valueName\":\"search_term_string\"}}],\"inLanguage\":\"lt-LT\"},{\"@type\":\"Organization\",\"@id\":\"https:\/\/gymfactory.eu\/lt\/#organization\",\"name\":\"Sporto sal\u0117s gamykla\",\"url\":\"https:\/\/gymfactory.eu\/lt\/\",\"logo\":{\"@type\":\"ImageObject\",\"inLanguage\":\"lt-LT\",\"@id\":\"https:\/\/gymfactory.eu\/lt\/#\/schema\/logo\/image\/\",\"url\":\"https:\/\/gymfactory.eu\/wp-content\/uploads\/2024\/11\/Component-1.svg\",\"contentUrl\":\"https:\/\/gymfactory.eu\/wp-content\/uploads\/2024\/11\/Component-1.svg\",\"width\":54,\"height\":44,\"caption\":\"Sporto sal\u0117s gamykla\"},\"image\":{\"@id\":\"https:\/\/gymfactory.eu\/lt\/#\/schema\/logo\/image\/\"}}]}<\/script>\n<!-- \/ Yoast SEO plugin. -->","yoast_head_json":{"title":"D5X koj\u0173 lenkimo ma\u0161ina | Sporto sal\u0117s \u012franga koj\u0173 treniruot\u0117ms","description":"Norite efektyviau treniruoti sprando raumenis? D5X koj\u0173 lenkimo treniruoklis - tai treniruokli\u0173 sal\u0117s \u012franga, sukurta izoliacijai, patogumui ir j\u0117gos lavinimui.","robots":{"index":"index","follow":"follow","max-snippet":"max-snippet:-1","max-image-preview":"max-image-preview:large","max-video-preview":"max-video-preview:-1"},"canonical":"https:\/\/gymfactory.eu\/lt\/produktas\/d5x-koju-lenkimo-masina\/","og_locale":"lt_LT","og_type":"article","og_title":"D5X koj\u0173 lenkimo ma\u0161ina | Sporto sal\u0117s \u012franga koj\u0173 treniruot\u0117ms","og_description":"Norite efektyviau treniruoti sprando raumenis? D5X koj\u0173 lenkimo treniruoklis - tai treniruokli\u0173 sal\u0117s \u012franga, sukurta izoliacijai, patogumui ir j\u0117gos lavinimui.","og_url":"https:\/\/gymfactory.eu\/lt\/produktas\/d5x-koju-lenkimo-masina\/","og_site_name":"Gym Factory","article_modified_time":"2025-11-20T13:35:15+00:00","og_image":[{"width":1500,"height":1500,"url":"https:\/\/gymfactory.eu\/wp-content\/uploads\/2025\/01\/gym-machine-D5X-leg-curl-loaded-with-weights-1.webp","type":"image\/webp"}],"twitter_card":"summary_large_image","twitter_misc":{"Est. reading time":"1 minut\u0117"},"schema":{"@context":"https:\/\/schema.org","@graph":[{"@type":"WebPage","@id":"https:\/\/gymfactory.eu\/lt\/produktas\/d5x-koju-lenkimo-masina\/","url":"https:\/\/gymfactory.eu\/lt\/produktas\/d5x-koju-lenkimo-masina\/","name":"D5X koj\u0173 lenkimo ma\u0161ina | Sporto sal\u0117s \u012franga koj\u0173 treniruot\u0117ms","isPartOf":{"@id":"https:\/\/gymfactory.eu\/lt\/#website"},"primaryImageOfPage":{"@id":"https:\/\/gymfactory.eu\/lt\/produktas\/d5x-koju-lenkimo-masina\/#primaryimage"},"image":{"@id":"https:\/\/gymfactory.eu\/lt\/produktas\/d5x-koju-lenkimo-masina\/#primaryimage"},"thumbnailUrl":"https:\/\/gymfactory.eu\/wp-content\/uploads\/2025\/01\/gym-machine-D5X-leg-curl-loaded-with-weights-1.webp","datePublished":"2025-01-29T10:33:41+00:00","dateModified":"2025-11-20T13:35:15+00:00","description":"Norite efektyviau treniruoti sprando raumenis? D5X koj\u0173 lenkimo treniruoklis - tai treniruokli\u0173 sal\u0117s \u012franga, sukurta izoliacijai, patogumui ir j\u0117gos lavinimui.","breadcrumb":{"@id":"https:\/\/gymfactory.eu\/lt\/produktas\/d5x-koju-lenkimo-masina\/#breadcrumb"},"inLanguage":"lt-LT","potentialAction":[{"@type":"ReadAction","target":["https:\/\/gymfactory.eu\/lt\/produktas\/d5x-koju-lenkimo-masina\/"]}]},{"@type":"ImageObject","inLanguage":"lt-LT","@id":"https:\/\/gymfactory.eu\/lt\/produktas\/d5x-koju-lenkimo-masina\/#primaryimage","url":"https:\/\/gymfactory.eu\/wp-content\/uploads\/2025\/01\/gym-machine-D5X-leg-curl-loaded-with-weights-1.webp","contentUrl":"https:\/\/gymfactory.eu\/wp-content\/uploads\/2025\/01\/gym-machine-D5X-leg-curl-loaded-with-weights-1.webp","width":1500,"height":1500,"caption":"Sporto sal\u0117s koj\u0173 lenkimo treniruoklis su svori\u0173 plok\u0161t\u0117mis, demonstruojantis, kad j\u012f galima naudoti j\u0117gos pratimams atlikti. Patvarus juodo plieno r\u0117mas, raudona pagalv\u0117l\u0117 ir biomechaninis dizainas u\u017etikrina skland\u017ei\u0105 treniruot\u0119 str\u0117n\u0173 raumenims vystyti."},{"@type":"BreadcrumbList","@id":"https:\/\/gymfactory.eu\/lt\/produktas\/d5x-koju-lenkimo-masina\/#breadcrumb","itemListElement":[{"@type":"ListItem","position":1,"name":"Pagrindinis","item":"https:\/\/gymfactory.eu\/lt\/"},{"@type":"ListItem","position":2,"name":"Katalogas","item":"https:\/\/gymfactory.eu\/lt\/katalogas\/"},{"@type":"ListItem","position":3,"name":"D5X Vienos kojos lenkimo treniruoklis"}]},{"@type":"WebSite","@id":"https:\/\/gymfactory.eu\/lt\/#website","url":"https:\/\/gymfactory.eu\/lt\/","name":"Gym Factory","description":"","publisher":{"@id":"https:\/\/gymfactory.eu\/lt\/#organization"},"potentialAction":[{"@type":"SearchAction","target":{"@type":"EntryPoint","urlTemplate":"https:\/\/gymfactory.eu\/lt\/?s={search_term_string}"},"query-input":{"@type":"PropertyValueSpecification","valueRequired":true,"valueName":"search_term_string"}}],"inLanguage":"lt-LT"},{"@type":"Organization","@id":"https:\/\/gymfactory.eu\/lt\/#organization","name":"Sporto sal\u0117s gamykla","url":"https:\/\/gymfactory.eu\/lt\/","logo":{"@type":"ImageObject","inLanguage":"lt-LT","@id":"https:\/\/gymfactory.eu\/lt\/#\/schema\/logo\/image\/","url":"https:\/\/gymfactory.eu\/wp-content\/uploads\/2024\/11\/Component-1.svg","contentUrl":"https:\/\/gymfactory.eu\/wp-content\/uploads\/2024\/11\/Component-1.svg","width":54,"height":44,"caption":"Sporto sal\u0117s gamykla"},"image":{"@id":"https:\/\/gymfactory.eu\/lt\/#\/schema\/logo\/image\/"}}]}},"_links":{"self":[{"href":"https:\/\/gymfactory.eu\/lt\/wp-json\/wp\/v2\/product\/10365","targetHints":{"allow":["GET"]}}],"collection":[{"href":"https:\/\/gymfactory.eu\/lt\/wp-json\/wp\/v2\/product"}],"about":[{"href":"https:\/\/gymfactory.eu\/lt\/wp-json\/wp\/v2\/types\/product"}],"wp:featuredmedia":[{"embeddable":true,"href":"https:\/\/gymfactory.eu\/lt\/wp-json\/wp\/v2\/media\/8293"}],"wp:attachment":[{"href":"https:\/\/gymfactory.eu\/lt\/wp-json\/wp\/v2\/media?parent=10365"}],"wp:term":[{"taxonomy":"product_brand","embeddable":true,"href":"https:\/\/gymfactory.eu\/lt\/wp-json\/wp\/v2\/product_brand?post=10365"},{"taxonomy":"product_cat","embeddable":true,"href":"https:\/\/gymfactory.eu\/lt\/wp-json\/wp\/v2\/product_cat?post=10365"},{"taxonomy":"product_tag","embeddable":true,"href":"https:\/\/gymfactory.eu\/lt\/wp-json\/wp\/v2\/product_tag?post=10365"}],"curies":[{"name":"wp","href":"https:\/\/api.w.org\/{rel}","templated":true}]}}