{"id":10354,"date":"2025-02-06T10:27:43","date_gmt":"2025-02-06T08:27:43","guid":{"rendered":"https:\/\/gymfactory.eu\/product\/m3x-tricepso-masina\/"},"modified":"2025-12-02T13:59:52","modified_gmt":"2025-12-02T11:59:52","slug":"m3x-tricepso-masina","status":"publish","type":"product","link":"https:\/\/gymfactory.eu\/lt\/produktas\/m3x-tricepso-masina\/","title":{"rendered":"M3X Tricepso tiesimo treniruoklis"},"content":{"rendered":"<p>M3X \u2013 tai specializuotas treniruoklis, skirtas triceps\u0173 treniruot\u0117ms nam\u0173 ar profesionalioje sporto sal\u0117je. Stabilus, s\u0117dimas dizainas ir reguliuojamos dalys leid\u017eia tiksliai valdyti judes\u012f bei prisitaikyti prie kiekvieno naudotojo.<\/p>\n<p>Pratimas atliekamas s\u0117dint, nugar\u0105 prilaiko atrama, o integruota p\u0117d\u0173 platforma u\u017etikrina stabili\u0105 pad\u0117t\u012f judesio metu.<\/p>\n<p>Treniruoklis palaiko du pagrindinius triceps\u0173 tiesimo variantus:<br \/>\n\u2013 Vertikal\u0173 tiesim\u0105, kai trosas traukiamas i\u0161 apa\u010dios auk\u0161tyn, visi\u0161kai i\u0161tiesiant rankas vir\u0161 galvos;<br \/>\n\u2013 Horizontal\u0173 tiesim\u0105, kai trosas startuoja u\u017e nugaros ir traukiamas pirmyn, baigiant judes\u012f ties kakta. Abu variantai leid\u017eia izoliuoti tricepsus skirtingais kampais.<\/p>\n<p>S\u0117dyn\u0117s auk\u0161tis reguliuojamas pagal naudotojo \u016bg\u012f ir judesio trajektorij\u0105. Komplekte \u2013 dvi rankenos: tiesi su centriniu guoliu ir lenkta, leid\u017eianti i\u0161laikyti nat\u016bralesn\u0119 rie\u0161o pad\u0117t\u012f.<\/p>\n<p>M3X Triceps\u0173 tiesimo treniruoklis \u2013 tai patikimas pasirinkimas norintiems treniruoti tricepsus tiksliai, saugiai ir i\u0161 skirting\u0173 kamp\u0173.<\/p>\n\n    <div class=\"xs_social_share_widget xs_share_url after_content \t\tmain_content  wslu-style-1 wslu-share-box-shaped wslu-fill-colored wslu-none wslu-share-horizontal wslu-theme-font-no wslu-main_content\">\n\n\t\t\n        <ul>\n\t\t\t        <\/ul>\n    <\/div> \n","protected":false},"excerpt":{"rendered":"<p>M3X \u2013 tai specializuotas treniruoklis, skirtas triceps\u0173 treniruot\u0117ms nam\u0173 ar profesionalioje sporto sal\u0117je. Stabilus, s\u0117dimas dizainas ir reguliuojamos dalys leid\u017eia tiksliai valdyti judes\u012f bei prisitaikyti prie kiekvieno naudotojo. Pratimas atliekamas s\u0117dint, nugar\u0105 prilaiko atrama, o integruota p\u0117d\u0173 platforma u\u017etikrina stabili\u0105 pad\u0117t\u012f judesio metu. Treniruoklis palaiko du pagrindinius triceps\u0173 tiesimo variantus: \u2013 Vertikal\u0173 tiesim\u0105, kai trosas [&hellip;]<\/p>\n","protected":false},"featured_media":7788,"template":"","meta":{"_acf_changed":false},"product_brand":[817],"product_cat":[466],"product_tag":[],"class_list":{"0":"post-10354","1":"product","2":"type-product","3":"status-publish","4":"has-post-thumbnail","6":"product_brand-gym-factory-lt","7":"product_cat-blokiniai-treniruokliai","9":"first","10":"onbackorder","11":"taxable","12":"shipping-taxable","13":"purchasable","14":"product-type-variable","15":"has-default-attributes"},"acf":[],"yoast_head":"<!-- This site is optimized with the Yoast SEO plugin v25.2 - https:\/\/yoast.com\/wordpress\/plugins\/seo\/ -->\n<title>&quot;M3X Triceps Machine&quot; | Sporto sal\u0117s \u012franga rank\u0173 stiprumo treniruot\u0117ms<\/title>\n<meta name=\"description\" content=\"Treniruot\u0117s stipresn\u0117ms rankoms? M3X tricepso treniruoklis - tai treniruokli\u0173 sal\u0117s \u012franga, sukurta rank\u0173 j\u0117gai izoliuoti ir lavinti skland\u017eiais, kontroliuojamais judesiais.\" \/>\n<meta name=\"robots\" content=\"index, follow, max-snippet:-1, max-image-preview:large, max-video-preview:-1\" \/>\n<link rel=\"canonical\" href=\"https:\/\/gymfactory.eu\/lt\/produktas\/m3x-tricepso-masina\/\" \/>\n<meta property=\"og:locale\" content=\"lt_LT\" \/>\n<meta property=\"og:type\" content=\"article\" \/>\n<meta property=\"og:title\" content=\"&quot;M3X Triceps Machine&quot; | Sporto sal\u0117s \u012franga rank\u0173 stiprumo treniruot\u0117ms\" \/>\n<meta property=\"og:description\" content=\"Treniruot\u0117s stipresn\u0117ms rankoms? M3X tricepso treniruoklis - tai treniruokli\u0173 sal\u0117s \u012franga, sukurta rank\u0173 j\u0117gai izoliuoti ir lavinti skland\u017eiais, kontroliuojamais judesiais.\" \/>\n<meta property=\"og:url\" content=\"https:\/\/gymfactory.eu\/lt\/produktas\/m3x-tricepso-masina\/\" \/>\n<meta property=\"og:site_name\" content=\"Gym Factory\" \/>\n<meta property=\"article:modified_time\" content=\"2025-12-02T11:59:52+00:00\" \/>\n<meta property=\"og:image\" content=\"https:\/\/gymfactory.eu\/wp-content\/uploads\/2025\/02\/Seated-Row-Gym-Machine-Front-View-1.webp\" \/>\n\t<meta property=\"og:image:width\" content=\"1500\" \/>\n\t<meta property=\"og:image:height\" content=\"1500\" \/>\n\t<meta property=\"og:image:type\" content=\"image\/webp\" \/>\n<meta name=\"twitter:card\" content=\"summary_large_image\" \/>\n<meta name=\"twitter:label1\" content=\"Est. reading time\" \/>\n\t<meta name=\"twitter:data1\" content=\"1 minut\u0117\" \/>\n<script type=\"application\/ld+json\" class=\"yoast-schema-graph\">{\"@context\":\"https:\/\/schema.org\",\"@graph\":[{\"@type\":\"WebPage\",\"@id\":\"https:\/\/gymfactory.eu\/lt\/produktas\/m3x-tricepso-masina\/\",\"url\":\"https:\/\/gymfactory.eu\/lt\/produktas\/m3x-tricepso-masina\/\",\"name\":\"\\\"M3X Triceps Machine\\\" | Sporto sal\u0117s \u012franga rank\u0173 stiprumo treniruot\u0117ms\",\"isPartOf\":{\"@id\":\"https:\/\/gymfactory.eu\/lt\/#website\"},\"primaryImageOfPage\":{\"@id\":\"https:\/\/gymfactory.eu\/lt\/produktas\/m3x-tricepso-masina\/#primaryimage\"},\"image\":{\"@id\":\"https:\/\/gymfactory.eu\/lt\/produktas\/m3x-tricepso-masina\/#primaryimage\"},\"thumbnailUrl\":\"https:\/\/gymfactory.eu\/wp-content\/uploads\/2025\/02\/Seated-Row-Gym-Machine-Front-View-1.webp\",\"datePublished\":\"2025-02-06T08:27:43+00:00\",\"dateModified\":\"2025-12-02T11:59:52+00:00\",\"description\":\"Treniruot\u0117s stipresn\u0117ms rankoms? M3X tricepso treniruoklis - tai treniruokli\u0173 sal\u0117s \u012franga, sukurta rank\u0173 j\u0117gai izoliuoti ir lavinti skland\u017eiais, kontroliuojamais judesiais.\",\"breadcrumb\":{\"@id\":\"https:\/\/gymfactory.eu\/lt\/produktas\/m3x-tricepso-masina\/#breadcrumb\"},\"inLanguage\":\"lt-LT\",\"potentialAction\":[{\"@type\":\"ReadAction\",\"target\":[\"https:\/\/gymfactory.eu\/lt\/produktas\/m3x-tricepso-masina\/\"]}]},{\"@type\":\"ImageObject\",\"inLanguage\":\"lt-LT\",\"@id\":\"https:\/\/gymfactory.eu\/lt\/produktas\/m3x-tricepso-masina\/#primaryimage\",\"url\":\"https:\/\/gymfactory.eu\/wp-content\/uploads\/2025\/02\/Seated-Row-Gym-Machine-Front-View-1.webp\",\"contentUrl\":\"https:\/\/gymfactory.eu\/wp-content\/uploads\/2025\/02\/Seated-Row-Gym-Machine-Front-View-1.webp\",\"width\":1500,\"height\":1500,\"caption\":\"Sporto sal\u0117s treniruoklio, skirto nugaros raumenims treniruoti, vaizdas i\u0161 priekio. \u0160iame juodo plieno r\u0117mo treniruoklyje yra pamink\u0161tinta s\u0117dyn\u0117, ergonomi\u0161kos rankenos, lyn\u0173 skriemuli\u0173 sistema ir reguliuojama svori\u0173 kr\u016bva, leid\u017eianti atlikti kontroliuojamas ir j\u0117gos treniruotes.\"},{\"@type\":\"BreadcrumbList\",\"@id\":\"https:\/\/gymfactory.eu\/lt\/produktas\/m3x-tricepso-masina\/#breadcrumb\",\"itemListElement\":[{\"@type\":\"ListItem\",\"position\":1,\"name\":\"Pagrindinis\",\"item\":\"https:\/\/gymfactory.eu\/lt\/\"},{\"@type\":\"ListItem\",\"position\":2,\"name\":\"Katalogas\",\"item\":\"https:\/\/gymfactory.eu\/lt\/katalogas\/\"},{\"@type\":\"ListItem\",\"position\":3,\"name\":\"M3X Tricepso tiesimo treniruoklis\"}]},{\"@type\":\"WebSite\",\"@id\":\"https:\/\/gymfactory.eu\/lt\/#website\",\"url\":\"https:\/\/gymfactory.eu\/lt\/\",\"name\":\"Gym Factory\",\"description\":\"\",\"publisher\":{\"@id\":\"https:\/\/gymfactory.eu\/lt\/#organization\"},\"potentialAction\":[{\"@type\":\"SearchAction\",\"target\":{\"@type\":\"EntryPoint\",\"urlTemplate\":\"https:\/\/gymfactory.eu\/lt\/?s={search_term_string}\"},\"query-input\":{\"@type\":\"PropertyValueSpecification\",\"valueRequired\":true,\"valueName\":\"search_term_string\"}}],\"inLanguage\":\"lt-LT\"},{\"@type\":\"Organization\",\"@id\":\"https:\/\/gymfactory.eu\/lt\/#organization\",\"name\":\"Sporto sal\u0117s gamykla\",\"url\":\"https:\/\/gymfactory.eu\/lt\/\",\"logo\":{\"@type\":\"ImageObject\",\"inLanguage\":\"lt-LT\",\"@id\":\"https:\/\/gymfactory.eu\/lt\/#\/schema\/logo\/image\/\",\"url\":\"https:\/\/gymfactory.eu\/wp-content\/uploads\/2024\/11\/Component-1.svg\",\"contentUrl\":\"https:\/\/gymfactory.eu\/wp-content\/uploads\/2024\/11\/Component-1.svg\",\"width\":54,\"height\":44,\"caption\":\"Sporto sal\u0117s gamykla\"},\"image\":{\"@id\":\"https:\/\/gymfactory.eu\/lt\/#\/schema\/logo\/image\/\"}}]}<\/script>\n<!-- \/ Yoast SEO plugin. -->","yoast_head_json":{"title":"\"M3X Triceps Machine\" | Sporto sal\u0117s \u012franga rank\u0173 stiprumo treniruot\u0117ms","description":"Treniruot\u0117s stipresn\u0117ms rankoms? M3X tricepso treniruoklis - tai treniruokli\u0173 sal\u0117s \u012franga, sukurta rank\u0173 j\u0117gai izoliuoti ir lavinti skland\u017eiais, kontroliuojamais judesiais.","robots":{"index":"index","follow":"follow","max-snippet":"max-snippet:-1","max-image-preview":"max-image-preview:large","max-video-preview":"max-video-preview:-1"},"canonical":"https:\/\/gymfactory.eu\/lt\/produktas\/m3x-tricepso-masina\/","og_locale":"lt_LT","og_type":"article","og_title":"\"M3X Triceps Machine\" | Sporto sal\u0117s \u012franga rank\u0173 stiprumo treniruot\u0117ms","og_description":"Treniruot\u0117s stipresn\u0117ms rankoms? M3X tricepso treniruoklis - tai treniruokli\u0173 sal\u0117s \u012franga, sukurta rank\u0173 j\u0117gai izoliuoti ir lavinti skland\u017eiais, kontroliuojamais judesiais.","og_url":"https:\/\/gymfactory.eu\/lt\/produktas\/m3x-tricepso-masina\/","og_site_name":"Gym Factory","article_modified_time":"2025-12-02T11:59:52+00:00","og_image":[{"width":1500,"height":1500,"url":"https:\/\/gymfactory.eu\/wp-content\/uploads\/2025\/02\/Seated-Row-Gym-Machine-Front-View-1.webp","type":"image\/webp"}],"twitter_card":"summary_large_image","twitter_misc":{"Est. reading time":"1 minut\u0117"},"schema":{"@context":"https:\/\/schema.org","@graph":[{"@type":"WebPage","@id":"https:\/\/gymfactory.eu\/lt\/produktas\/m3x-tricepso-masina\/","url":"https:\/\/gymfactory.eu\/lt\/produktas\/m3x-tricepso-masina\/","name":"\"M3X Triceps Machine\" | Sporto sal\u0117s \u012franga rank\u0173 stiprumo treniruot\u0117ms","isPartOf":{"@id":"https:\/\/gymfactory.eu\/lt\/#website"},"primaryImageOfPage":{"@id":"https:\/\/gymfactory.eu\/lt\/produktas\/m3x-tricepso-masina\/#primaryimage"},"image":{"@id":"https:\/\/gymfactory.eu\/lt\/produktas\/m3x-tricepso-masina\/#primaryimage"},"thumbnailUrl":"https:\/\/gymfactory.eu\/wp-content\/uploads\/2025\/02\/Seated-Row-Gym-Machine-Front-View-1.webp","datePublished":"2025-02-06T08:27:43+00:00","dateModified":"2025-12-02T11:59:52+00:00","description":"Treniruot\u0117s stipresn\u0117ms rankoms? M3X tricepso treniruoklis - tai treniruokli\u0173 sal\u0117s \u012franga, sukurta rank\u0173 j\u0117gai izoliuoti ir lavinti skland\u017eiais, kontroliuojamais judesiais.","breadcrumb":{"@id":"https:\/\/gymfactory.eu\/lt\/produktas\/m3x-tricepso-masina\/#breadcrumb"},"inLanguage":"lt-LT","potentialAction":[{"@type":"ReadAction","target":["https:\/\/gymfactory.eu\/lt\/produktas\/m3x-tricepso-masina\/"]}]},{"@type":"ImageObject","inLanguage":"lt-LT","@id":"https:\/\/gymfactory.eu\/lt\/produktas\/m3x-tricepso-masina\/#primaryimage","url":"https:\/\/gymfactory.eu\/wp-content\/uploads\/2025\/02\/Seated-Row-Gym-Machine-Front-View-1.webp","contentUrl":"https:\/\/gymfactory.eu\/wp-content\/uploads\/2025\/02\/Seated-Row-Gym-Machine-Front-View-1.webp","width":1500,"height":1500,"caption":"Sporto sal\u0117s treniruoklio, skirto nugaros raumenims treniruoti, vaizdas i\u0161 priekio. \u0160iame juodo plieno r\u0117mo treniruoklyje yra pamink\u0161tinta s\u0117dyn\u0117, ergonomi\u0161kos rankenos, lyn\u0173 skriemuli\u0173 sistema ir reguliuojama svori\u0173 kr\u016bva, leid\u017eianti atlikti kontroliuojamas ir j\u0117gos treniruotes."},{"@type":"BreadcrumbList","@id":"https:\/\/gymfactory.eu\/lt\/produktas\/m3x-tricepso-masina\/#breadcrumb","itemListElement":[{"@type":"ListItem","position":1,"name":"Pagrindinis","item":"https:\/\/gymfactory.eu\/lt\/"},{"@type":"ListItem","position":2,"name":"Katalogas","item":"https:\/\/gymfactory.eu\/lt\/katalogas\/"},{"@type":"ListItem","position":3,"name":"M3X Tricepso tiesimo treniruoklis"}]},{"@type":"WebSite","@id":"https:\/\/gymfactory.eu\/lt\/#website","url":"https:\/\/gymfactory.eu\/lt\/","name":"Gym Factory","description":"","publisher":{"@id":"https:\/\/gymfactory.eu\/lt\/#organization"},"potentialAction":[{"@type":"SearchAction","target":{"@type":"EntryPoint","urlTemplate":"https:\/\/gymfactory.eu\/lt\/?s={search_term_string}"},"query-input":{"@type":"PropertyValueSpecification","valueRequired":true,"valueName":"search_term_string"}}],"inLanguage":"lt-LT"},{"@type":"Organization","@id":"https:\/\/gymfactory.eu\/lt\/#organization","name":"Sporto sal\u0117s gamykla","url":"https:\/\/gymfactory.eu\/lt\/","logo":{"@type":"ImageObject","inLanguage":"lt-LT","@id":"https:\/\/gymfactory.eu\/lt\/#\/schema\/logo\/image\/","url":"https:\/\/gymfactory.eu\/wp-content\/uploads\/2024\/11\/Component-1.svg","contentUrl":"https:\/\/gymfactory.eu\/wp-content\/uploads\/2024\/11\/Component-1.svg","width":54,"height":44,"caption":"Sporto sal\u0117s gamykla"},"image":{"@id":"https:\/\/gymfactory.eu\/lt\/#\/schema\/logo\/image\/"}}]}},"_links":{"self":[{"href":"https:\/\/gymfactory.eu\/lt\/wp-json\/wp\/v2\/product\/10354","targetHints":{"allow":["GET"]}}],"collection":[{"href":"https:\/\/gymfactory.eu\/lt\/wp-json\/wp\/v2\/product"}],"about":[{"href":"https:\/\/gymfactory.eu\/lt\/wp-json\/wp\/v2\/types\/product"}],"wp:featuredmedia":[{"embeddable":true,"href":"https:\/\/gymfactory.eu\/lt\/wp-json\/wp\/v2\/media\/7788"}],"wp:attachment":[{"href":"https:\/\/gymfactory.eu\/lt\/wp-json\/wp\/v2\/media?parent=10354"}],"wp:term":[{"taxonomy":"product_brand","embeddable":true,"href":"https:\/\/gymfactory.eu\/lt\/wp-json\/wp\/v2\/product_brand?post=10354"},{"taxonomy":"product_cat","embeddable":true,"href":"https:\/\/gymfactory.eu\/lt\/wp-json\/wp\/v2\/product_cat?post=10354"},{"taxonomy":"product_tag","embeddable":true,"href":"https:\/\/gymfactory.eu\/lt\/wp-json\/wp\/v2\/product_tag?post=10354"}],"curies":[{"name":"wp","href":"https:\/\/api.w.org\/{rel}","templated":true}]}}