{"id":10351,"date":"2025-01-29T12:06:05","date_gmt":"2025-01-29T10:06:05","guid":{"rendered":"https:\/\/gymfactory.eu\/product\/d5-sedimuju-koju-sukimo-masina\/"},"modified":"2025-11-20T15:33:53","modified_gmt":"2025-11-20T13:33:53","slug":"d5-sedimuju-koju-sukimo-masina","status":"publish","type":"product","link":"https:\/\/gymfactory.eu\/lt\/produktas\/d5-sedimuju-koju-sukimo-masina\/","title":{"rendered":"D5 Koj\u0173 lenkimo treniruoklis"},"content":{"rendered":"<p>D5 \u2013 patikimas treniruoklis, skirtas izoliuotai koj\u0173 treniruotei. Tvirta konstrukcija ir valdomas judesys u\u017etikrina ilgaam\u017ei\u0161kum\u0105 ir saugum\u0105 tiek profesionaliuose, tiek nam\u0173 sporto sal\u0117se.<\/p>\n<p>\u0160is treniruoklis aktyvina u\u017epakalinius \u0161laun\u0173 raumenis (hamstring&#8217;us), gerina j\u0173 j\u0117g\u0105 ir valdym\u0105. Galima atlikti s\u0117dim\u0105 koj\u0173 lenkim\u0105 abiem kojom arba viena koja \u2013 tai padeda koreguoti raumen\u0173 disbalans\u0105 ir lavinti koordinacij\u0105.<\/p>\n<p>Reguliuojama atlo\u0161o pad\u0117tis leid\u017eia prisitaikyti prie kiekvieno naudotojo \u016bgio ir mobilumo, u\u017etikrinant optimal\u0173 judesio diapazon\u0105.<\/p>\n\n    <div class=\"xs_social_share_widget xs_share_url after_content \t\tmain_content  wslu-style-1 wslu-share-box-shaped wslu-fill-colored wslu-none wslu-share-horizontal wslu-theme-font-no wslu-main_content\">\n\n\t\t\n        <ul>\n\t\t\t        <\/ul>\n    <\/div> \n","protected":false},"excerpt":{"rendered":"<p>D5 \u2013 patikimas treniruoklis, skirtas izoliuotai koj\u0173 treniruotei. Tvirta konstrukcija ir valdomas judesys u\u017etikrina ilgaam\u017ei\u0161kum\u0105 ir saugum\u0105 tiek profesionaliuose, tiek nam\u0173 sporto sal\u0117se. \u0160is treniruoklis aktyvina u\u017epakalinius \u0161laun\u0173 raumenis (hamstring&#8217;us), gerina j\u0173 j\u0117g\u0105 ir valdym\u0105. Galima atlikti s\u0117dim\u0105 koj\u0173 lenkim\u0105 abiem kojom arba viena koja \u2013 tai padeda koreguoti raumen\u0173 disbalans\u0105 ir lavinti koordinacij\u0105. Reguliuojama [&hellip;]<\/p>\n","protected":false},"featured_media":8292,"template":"","meta":{"_acf_changed":false},"product_brand":[817],"product_cat":[421],"product_tag":[],"class_list":{"0":"post-10351","1":"product","2":"type-product","3":"status-publish","4":"has-post-thumbnail","6":"product_brand-gym-factory-lt","7":"product_cat-laisvu-svoriu-treniruokliai","9":"first","10":"onbackorder","11":"taxable","12":"shipping-taxable","13":"purchasable","14":"product-type-variable","15":"has-default-attributes"},"acf":[],"yoast_head":"<!-- This site is optimized with the Yoast SEO plugin v25.2 - https:\/\/yoast.com\/wordpress\/plugins\/seo\/ -->\n<title>D5 s\u0117dim\u0173 koj\u0173 lenkimo ma\u0161ina | Stiprumo treniruo\u010di\u0173 \u012franga<\/title>\n<meta name=\"description\" content=\"Norite izoliuoti ir sustiprinti \u0161laun\u0173 raumenis? D5 s\u0117dim\u0173 koj\u0173 lenkimo treniruoklis yra patikima treniruokli\u0173 sal\u0117s \u012franga, sukurta tikslingoms j\u0117gos treniruot\u0117ms ir patogumui.\" \/>\n<meta name=\"robots\" content=\"index, follow, max-snippet:-1, max-image-preview:large, max-video-preview:-1\" \/>\n<link rel=\"canonical\" href=\"https:\/\/gymfactory.eu\/lt\/produktas\/d5-sedimuju-koju-sukimo-masina\/\" \/>\n<meta property=\"og:locale\" content=\"lt_LT\" \/>\n<meta property=\"og:type\" content=\"article\" \/>\n<meta property=\"og:title\" content=\"D5 s\u0117dim\u0173 koj\u0173 lenkimo ma\u0161ina | Stiprumo treniruo\u010di\u0173 \u012franga\" \/>\n<meta property=\"og:description\" content=\"Norite izoliuoti ir sustiprinti \u0161laun\u0173 raumenis? D5 s\u0117dim\u0173 koj\u0173 lenkimo treniruoklis yra patikima treniruokli\u0173 sal\u0117s \u012franga, sukurta tikslingoms j\u0117gos treniruot\u0117ms ir patogumui.\" \/>\n<meta property=\"og:url\" content=\"https:\/\/gymfactory.eu\/lt\/produktas\/d5-sedimuju-koju-sukimo-masina\/\" \/>\n<meta property=\"og:site_name\" content=\"Gym Factory\" \/>\n<meta property=\"article:modified_time\" content=\"2025-11-20T13:33:53+00:00\" \/>\n<meta property=\"og:image\" content=\"https:\/\/gymfactory.eu\/wp-content\/uploads\/2025\/01\/gym-machine-D5-leg-curl-black-version.webp\" \/>\n\t<meta property=\"og:image:width\" content=\"1500\" \/>\n\t<meta property=\"og:image:height\" content=\"1500\" \/>\n\t<meta property=\"og:image:type\" content=\"image\/webp\" \/>\n<meta name=\"twitter:card\" content=\"summary_large_image\" \/>\n<meta name=\"twitter:label1\" content=\"Est. reading time\" \/>\n\t<meta name=\"twitter:data1\" content=\"1 minut\u0117\" \/>\n<script type=\"application\/ld+json\" class=\"yoast-schema-graph\">{\"@context\":\"https:\/\/schema.org\",\"@graph\":[{\"@type\":\"WebPage\",\"@id\":\"https:\/\/gymfactory.eu\/lt\/produktas\/d5-sedimuju-koju-sukimo-masina\/\",\"url\":\"https:\/\/gymfactory.eu\/lt\/produktas\/d5-sedimuju-koju-sukimo-masina\/\",\"name\":\"D5 s\u0117dim\u0173 koj\u0173 lenkimo ma\u0161ina | Stiprumo treniruo\u010di\u0173 \u012franga\",\"isPartOf\":{\"@id\":\"https:\/\/gymfactory.eu\/lt\/#website\"},\"primaryImageOfPage\":{\"@id\":\"https:\/\/gymfactory.eu\/lt\/produktas\/d5-sedimuju-koju-sukimo-masina\/#primaryimage\"},\"image\":{\"@id\":\"https:\/\/gymfactory.eu\/lt\/produktas\/d5-sedimuju-koju-sukimo-masina\/#primaryimage\"},\"thumbnailUrl\":\"https:\/\/gymfactory.eu\/wp-content\/uploads\/2025\/01\/gym-machine-D5-leg-curl-black-version.webp\",\"datePublished\":\"2025-01-29T10:06:05+00:00\",\"dateModified\":\"2025-11-20T13:33:53+00:00\",\"description\":\"Norite izoliuoti ir sustiprinti \u0161laun\u0173 raumenis? D5 s\u0117dim\u0173 koj\u0173 lenkimo treniruoklis yra patikima treniruokli\u0173 sal\u0117s \u012franga, sukurta tikslingoms j\u0117gos treniruot\u0117ms ir patogumui.\",\"breadcrumb\":{\"@id\":\"https:\/\/gymfactory.eu\/lt\/produktas\/d5-sedimuju-koju-sukimo-masina\/#breadcrumb\"},\"inLanguage\":\"lt-LT\",\"potentialAction\":[{\"@type\":\"ReadAction\",\"target\":[\"https:\/\/gymfactory.eu\/lt\/produktas\/d5-sedimuju-koju-sukimo-masina\/\"]}]},{\"@type\":\"ImageObject\",\"inLanguage\":\"lt-LT\",\"@id\":\"https:\/\/gymfactory.eu\/lt\/produktas\/d5-sedimuju-koju-sukimo-masina\/#primaryimage\",\"url\":\"https:\/\/gymfactory.eu\/wp-content\/uploads\/2025\/01\/gym-machine-D5-leg-curl-black-version.webp\",\"contentUrl\":\"https:\/\/gymfactory.eu\/wp-content\/uploads\/2025\/01\/gym-machine-D5-leg-curl-black-version.webp\",\"width\":1500,\"height\":1500,\"caption\":\"Eleganti\u0161kas juodos spalvos koj\u0173 lenkimo treniruoklis, skirtas apatin\u0117s k\u016bno dalies j\u0117gos pratimams. \u0160is \u012frenginys pagamintas su tvirtu r\u0117mu, ergonomi\u0161ka s\u0117dyne ir patogiai pamink\u0161tinta atrama. Treniruoklis leid\u017eia atlikti skland\u017eius, kontroliuojamus judesius, tod\u0117l puikiai tinka \u0161laun\u0173 raumenims izoliuoti ir raumenims vystyti.\"},{\"@type\":\"BreadcrumbList\",\"@id\":\"https:\/\/gymfactory.eu\/lt\/produktas\/d5-sedimuju-koju-sukimo-masina\/#breadcrumb\",\"itemListElement\":[{\"@type\":\"ListItem\",\"position\":1,\"name\":\"Pagrindinis\",\"item\":\"https:\/\/gymfactory.eu\/lt\/\"},{\"@type\":\"ListItem\",\"position\":2,\"name\":\"Katalogas\",\"item\":\"https:\/\/gymfactory.eu\/lt\/katalogas\/\"},{\"@type\":\"ListItem\",\"position\":3,\"name\":\"D5 Koj\u0173 lenkimo treniruoklis\"}]},{\"@type\":\"WebSite\",\"@id\":\"https:\/\/gymfactory.eu\/lt\/#website\",\"url\":\"https:\/\/gymfactory.eu\/lt\/\",\"name\":\"Gym Factory\",\"description\":\"\",\"publisher\":{\"@id\":\"https:\/\/gymfactory.eu\/lt\/#organization\"},\"potentialAction\":[{\"@type\":\"SearchAction\",\"target\":{\"@type\":\"EntryPoint\",\"urlTemplate\":\"https:\/\/gymfactory.eu\/lt\/?s={search_term_string}\"},\"query-input\":{\"@type\":\"PropertyValueSpecification\",\"valueRequired\":true,\"valueName\":\"search_term_string\"}}],\"inLanguage\":\"lt-LT\"},{\"@type\":\"Organization\",\"@id\":\"https:\/\/gymfactory.eu\/lt\/#organization\",\"name\":\"Sporto sal\u0117s gamykla\",\"url\":\"https:\/\/gymfactory.eu\/lt\/\",\"logo\":{\"@type\":\"ImageObject\",\"inLanguage\":\"lt-LT\",\"@id\":\"https:\/\/gymfactory.eu\/lt\/#\/schema\/logo\/image\/\",\"url\":\"https:\/\/gymfactory.eu\/wp-content\/uploads\/2024\/11\/Component-1.svg\",\"contentUrl\":\"https:\/\/gymfactory.eu\/wp-content\/uploads\/2024\/11\/Component-1.svg\",\"width\":54,\"height\":44,\"caption\":\"Sporto sal\u0117s gamykla\"},\"image\":{\"@id\":\"https:\/\/gymfactory.eu\/lt\/#\/schema\/logo\/image\/\"}}]}<\/script>\n<!-- \/ Yoast SEO plugin. -->","yoast_head_json":{"title":"D5 s\u0117dim\u0173 koj\u0173 lenkimo ma\u0161ina | Stiprumo treniruo\u010di\u0173 \u012franga","description":"Norite izoliuoti ir sustiprinti \u0161laun\u0173 raumenis? D5 s\u0117dim\u0173 koj\u0173 lenkimo treniruoklis yra patikima treniruokli\u0173 sal\u0117s \u012franga, sukurta tikslingoms j\u0117gos treniruot\u0117ms ir patogumui.","robots":{"index":"index","follow":"follow","max-snippet":"max-snippet:-1","max-image-preview":"max-image-preview:large","max-video-preview":"max-video-preview:-1"},"canonical":"https:\/\/gymfactory.eu\/lt\/produktas\/d5-sedimuju-koju-sukimo-masina\/","og_locale":"lt_LT","og_type":"article","og_title":"D5 s\u0117dim\u0173 koj\u0173 lenkimo ma\u0161ina | Stiprumo treniruo\u010di\u0173 \u012franga","og_description":"Norite izoliuoti ir sustiprinti \u0161laun\u0173 raumenis? D5 s\u0117dim\u0173 koj\u0173 lenkimo treniruoklis yra patikima treniruokli\u0173 sal\u0117s \u012franga, sukurta tikslingoms j\u0117gos treniruot\u0117ms ir patogumui.","og_url":"https:\/\/gymfactory.eu\/lt\/produktas\/d5-sedimuju-koju-sukimo-masina\/","og_site_name":"Gym Factory","article_modified_time":"2025-11-20T13:33:53+00:00","og_image":[{"width":1500,"height":1500,"url":"https:\/\/gymfactory.eu\/wp-content\/uploads\/2025\/01\/gym-machine-D5-leg-curl-black-version.webp","type":"image\/webp"}],"twitter_card":"summary_large_image","twitter_misc":{"Est. reading time":"1 minut\u0117"},"schema":{"@context":"https:\/\/schema.org","@graph":[{"@type":"WebPage","@id":"https:\/\/gymfactory.eu\/lt\/produktas\/d5-sedimuju-koju-sukimo-masina\/","url":"https:\/\/gymfactory.eu\/lt\/produktas\/d5-sedimuju-koju-sukimo-masina\/","name":"D5 s\u0117dim\u0173 koj\u0173 lenkimo ma\u0161ina | Stiprumo treniruo\u010di\u0173 \u012franga","isPartOf":{"@id":"https:\/\/gymfactory.eu\/lt\/#website"},"primaryImageOfPage":{"@id":"https:\/\/gymfactory.eu\/lt\/produktas\/d5-sedimuju-koju-sukimo-masina\/#primaryimage"},"image":{"@id":"https:\/\/gymfactory.eu\/lt\/produktas\/d5-sedimuju-koju-sukimo-masina\/#primaryimage"},"thumbnailUrl":"https:\/\/gymfactory.eu\/wp-content\/uploads\/2025\/01\/gym-machine-D5-leg-curl-black-version.webp","datePublished":"2025-01-29T10:06:05+00:00","dateModified":"2025-11-20T13:33:53+00:00","description":"Norite izoliuoti ir sustiprinti \u0161laun\u0173 raumenis? D5 s\u0117dim\u0173 koj\u0173 lenkimo treniruoklis yra patikima treniruokli\u0173 sal\u0117s \u012franga, sukurta tikslingoms j\u0117gos treniruot\u0117ms ir patogumui.","breadcrumb":{"@id":"https:\/\/gymfactory.eu\/lt\/produktas\/d5-sedimuju-koju-sukimo-masina\/#breadcrumb"},"inLanguage":"lt-LT","potentialAction":[{"@type":"ReadAction","target":["https:\/\/gymfactory.eu\/lt\/produktas\/d5-sedimuju-koju-sukimo-masina\/"]}]},{"@type":"ImageObject","inLanguage":"lt-LT","@id":"https:\/\/gymfactory.eu\/lt\/produktas\/d5-sedimuju-koju-sukimo-masina\/#primaryimage","url":"https:\/\/gymfactory.eu\/wp-content\/uploads\/2025\/01\/gym-machine-D5-leg-curl-black-version.webp","contentUrl":"https:\/\/gymfactory.eu\/wp-content\/uploads\/2025\/01\/gym-machine-D5-leg-curl-black-version.webp","width":1500,"height":1500,"caption":"Eleganti\u0161kas juodos spalvos koj\u0173 lenkimo treniruoklis, skirtas apatin\u0117s k\u016bno dalies j\u0117gos pratimams. \u0160is \u012frenginys pagamintas su tvirtu r\u0117mu, ergonomi\u0161ka s\u0117dyne ir patogiai pamink\u0161tinta atrama. Treniruoklis leid\u017eia atlikti skland\u017eius, kontroliuojamus judesius, tod\u0117l puikiai tinka \u0161laun\u0173 raumenims izoliuoti ir raumenims vystyti."},{"@type":"BreadcrumbList","@id":"https:\/\/gymfactory.eu\/lt\/produktas\/d5-sedimuju-koju-sukimo-masina\/#breadcrumb","itemListElement":[{"@type":"ListItem","position":1,"name":"Pagrindinis","item":"https:\/\/gymfactory.eu\/lt\/"},{"@type":"ListItem","position":2,"name":"Katalogas","item":"https:\/\/gymfactory.eu\/lt\/katalogas\/"},{"@type":"ListItem","position":3,"name":"D5 Koj\u0173 lenkimo treniruoklis"}]},{"@type":"WebSite","@id":"https:\/\/gymfactory.eu\/lt\/#website","url":"https:\/\/gymfactory.eu\/lt\/","name":"Gym Factory","description":"","publisher":{"@id":"https:\/\/gymfactory.eu\/lt\/#organization"},"potentialAction":[{"@type":"SearchAction","target":{"@type":"EntryPoint","urlTemplate":"https:\/\/gymfactory.eu\/lt\/?s={search_term_string}"},"query-input":{"@type":"PropertyValueSpecification","valueRequired":true,"valueName":"search_term_string"}}],"inLanguage":"lt-LT"},{"@type":"Organization","@id":"https:\/\/gymfactory.eu\/lt\/#organization","name":"Sporto sal\u0117s gamykla","url":"https:\/\/gymfactory.eu\/lt\/","logo":{"@type":"ImageObject","inLanguage":"lt-LT","@id":"https:\/\/gymfactory.eu\/lt\/#\/schema\/logo\/image\/","url":"https:\/\/gymfactory.eu\/wp-content\/uploads\/2024\/11\/Component-1.svg","contentUrl":"https:\/\/gymfactory.eu\/wp-content\/uploads\/2024\/11\/Component-1.svg","width":54,"height":44,"caption":"Sporto sal\u0117s gamykla"},"image":{"@id":"https:\/\/gymfactory.eu\/lt\/#\/schema\/logo\/image\/"}}]}},"_links":{"self":[{"href":"https:\/\/gymfactory.eu\/lt\/wp-json\/wp\/v2\/product\/10351","targetHints":{"allow":["GET"]}}],"collection":[{"href":"https:\/\/gymfactory.eu\/lt\/wp-json\/wp\/v2\/product"}],"about":[{"href":"https:\/\/gymfactory.eu\/lt\/wp-json\/wp\/v2\/types\/product"}],"wp:featuredmedia":[{"embeddable":true,"href":"https:\/\/gymfactory.eu\/lt\/wp-json\/wp\/v2\/media\/8292"}],"wp:attachment":[{"href":"https:\/\/gymfactory.eu\/lt\/wp-json\/wp\/v2\/media?parent=10351"}],"wp:term":[{"taxonomy":"product_brand","embeddable":true,"href":"https:\/\/gymfactory.eu\/lt\/wp-json\/wp\/v2\/product_brand?post=10351"},{"taxonomy":"product_cat","embeddable":true,"href":"https:\/\/gymfactory.eu\/lt\/wp-json\/wp\/v2\/product_cat?post=10351"},{"taxonomy":"product_tag","embeddable":true,"href":"https:\/\/gymfactory.eu\/lt\/wp-json\/wp\/v2\/product_tag?post=10351"}],"curies":[{"name":"wp","href":"https:\/\/api.w.org\/{rel}","templated":true}]}}