{"id":10347,"date":"2025-01-29T11:20:12","date_gmt":"2025-01-29T09:20:12","guid":{"rendered":"https:\/\/gymfactory.eu\/product\/d4x-power-runner-masina\/"},"modified":"2025-11-20T15:31:40","modified_gmt":"2025-11-20T13:31:40","slug":"d4x-power-runner-masina","status":"publish","type":"product","link":"https:\/\/gymfactory.eu\/lt\/produktas\/d4x-power-runner-masina\/","title":{"rendered":"D4X \u201ePower Runner\u201c treniruoklis"},"content":{"rendered":"<p>D4X \u2013 auk\u0161tos klas\u0117s treniruoklis, skirtas j\u0117gai, i\u0161tvermei ir sprogstamajai galiai lavinti sprinto tipo judesiais. Jis atkartoja b\u0117gimo biomechanik\u0105 ir dinami\u0161kus apatin\u0117s k\u016bno dalies judesius, tod\u0117l puikiai tinka profesionaliems sportininkams bei funkcin\u0117ms treniruot\u0117ms.<\/p>\n<p>Treniruoklis leid\u017eia aktyvinti pagrindines raumen\u0173 grupes \u2013 keturgalvius, s\u0117dmenis, u\u017epakalinius \u0161laun\u0173 raumenis ir blauzdas. Pratimai, tokie kaip galingi koj\u0173 spaudimai, sprinto imitacijos ir dinaminiai \u017eingsniai vietoje, stiprina koj\u0173 raumenis ir gerina judesi\u0173 efektyvum\u0105.<\/p>\n<p>Tvirta konstrukcija ir reguliuojamo kampo pe\u010di\u0173 atrama leid\u017eia pritaikyti treniruokl\u012f pagal naudotojo \u016bg\u012f ir treniruo\u010di\u0173 tikslus, u\u017etikrinant komfort\u0105 ir judesi\u0173 kontrol\u0119.<\/p>\n\n    <div class=\"xs_social_share_widget xs_share_url after_content \t\tmain_content  wslu-style-1 wslu-share-box-shaped wslu-fill-colored wslu-none wslu-share-horizontal wslu-theme-font-no wslu-main_content\">\n\n\t\t\n        <ul>\n\t\t\t        <\/ul>\n    <\/div> \n","protected":false},"excerpt":{"rendered":"<p>D4X \u2013 auk\u0161tos klas\u0117s treniruoklis, skirtas j\u0117gai, i\u0161tvermei ir sprogstamajai galiai lavinti sprinto tipo judesiais. Jis atkartoja b\u0117gimo biomechanik\u0105 ir dinami\u0161kus apatin\u0117s k\u016bno dalies judesius, tod\u0117l puikiai tinka profesionaliems sportininkams bei funkcin\u0117ms treniruot\u0117ms. Treniruoklis leid\u017eia aktyvinti pagrindines raumen\u0173 grupes \u2013 keturgalvius, s\u0117dmenis, u\u017epakalinius \u0161laun\u0173 raumenis ir blauzdas. Pratimai, tokie kaip galingi koj\u0173 spaudimai, sprinto imitacijos [&hellip;]<\/p>\n","protected":false},"featured_media":8291,"template":"","meta":{"_acf_changed":false},"product_brand":[817],"product_cat":[421],"product_tag":[],"class_list":{"0":"post-10347","1":"product","2":"type-product","3":"status-publish","4":"has-post-thumbnail","6":"product_brand-gym-factory-lt","7":"product_cat-laisvu-svoriu-treniruokliai","9":"first","10":"onbackorder","11":"taxable","12":"shipping-taxable","13":"purchasable","14":"product-type-variable","15":"has-default-attributes"},"acf":[],"yoast_head":"<!-- This site is optimized with the Yoast SEO plugin v25.2 - https:\/\/yoast.com\/wordpress\/plugins\/seo\/ -->\n<title>4X Power Runner Machine | Greit\u0173j\u0173 treniruo\u010di\u0173 sporto sal\u0117s \u012franga<\/title>\n<meta name=\"description\" content=\"Norite pagerinti savo sportin\u012f greit\u012f ir gali\u0105? &quot;4X Power Runner Machine&quot; - tai treniruokli\u0173 sal\u0117s \u012franga, skirta sprogstamiesiems judesiams ir sprinto rezultatams treniruoti.\" \/>\n<meta name=\"robots\" content=\"index, follow, max-snippet:-1, max-image-preview:large, max-video-preview:-1\" \/>\n<link rel=\"canonical\" href=\"https:\/\/gymfactory.eu\/lt\/produktas\/d4x-power-runner-masina\/\" \/>\n<meta property=\"og:locale\" content=\"lt_LT\" \/>\n<meta property=\"og:type\" content=\"article\" \/>\n<meta property=\"og:title\" content=\"4X Power Runner Machine | Greit\u0173j\u0173 treniruo\u010di\u0173 sporto sal\u0117s \u012franga\" \/>\n<meta property=\"og:description\" content=\"Norite pagerinti savo sportin\u012f greit\u012f ir gali\u0105? &quot;4X Power Runner Machine&quot; - tai treniruokli\u0173 sal\u0117s \u012franga, skirta sprogstamiesiems judesiams ir sprinto rezultatams treniruoti.\" \/>\n<meta property=\"og:url\" content=\"https:\/\/gymfactory.eu\/lt\/produktas\/d4x-power-runner-masina\/\" \/>\n<meta property=\"og:site_name\" content=\"Gym Factory\" \/>\n<meta property=\"article:modified_time\" content=\"2025-11-20T13:31:40+00:00\" \/>\n<meta property=\"og:image\" content=\"https:\/\/gymfactory.eu\/wp-content\/uploads\/2025\/01\/gym-machine-D4X-iso-lateral-leg-press-front-view-1.webp\" \/>\n\t<meta property=\"og:image:width\" content=\"1500\" \/>\n\t<meta property=\"og:image:height\" content=\"1500\" \/>\n\t<meta property=\"og:image:type\" content=\"image\/webp\" \/>\n<meta name=\"twitter:card\" content=\"summary_large_image\" \/>\n<meta name=\"twitter:label1\" content=\"Est. reading time\" \/>\n\t<meta name=\"twitter:data1\" content=\"1 minut\u0117\" \/>\n<script type=\"application\/ld+json\" class=\"yoast-schema-graph\">{\"@context\":\"https:\/\/schema.org\",\"@graph\":[{\"@type\":\"WebPage\",\"@id\":\"https:\/\/gymfactory.eu\/lt\/produktas\/d4x-power-runner-masina\/\",\"url\":\"https:\/\/gymfactory.eu\/lt\/produktas\/d4x-power-runner-masina\/\",\"name\":\"4X Power Runner Machine | Greit\u0173j\u0173 treniruo\u010di\u0173 sporto sal\u0117s \u012franga\",\"isPartOf\":{\"@id\":\"https:\/\/gymfactory.eu\/lt\/#website\"},\"primaryImageOfPage\":{\"@id\":\"https:\/\/gymfactory.eu\/lt\/produktas\/d4x-power-runner-masina\/#primaryimage\"},\"image\":{\"@id\":\"https:\/\/gymfactory.eu\/lt\/produktas\/d4x-power-runner-masina\/#primaryimage\"},\"thumbnailUrl\":\"https:\/\/gymfactory.eu\/wp-content\/uploads\/2025\/01\/gym-machine-D4X-iso-lateral-leg-press-front-view-1.webp\",\"datePublished\":\"2025-01-29T09:20:12+00:00\",\"dateModified\":\"2025-11-20T13:31:40+00:00\",\"description\":\"Norite pagerinti savo sportin\u012f greit\u012f ir gali\u0105? \\\"4X Power Runner Machine\\\" - tai treniruokli\u0173 sal\u0117s \u012franga, skirta sprogstamiesiems judesiams ir sprinto rezultatams treniruoti.\",\"breadcrumb\":{\"@id\":\"https:\/\/gymfactory.eu\/lt\/produktas\/d4x-power-runner-masina\/#breadcrumb\"},\"inLanguage\":\"lt-LT\",\"potentialAction\":[{\"@type\":\"ReadAction\",\"target\":[\"https:\/\/gymfactory.eu\/lt\/produktas\/d4x-power-runner-masina\/\"]}]},{\"@type\":\"ImageObject\",\"inLanguage\":\"lt-LT\",\"@id\":\"https:\/\/gymfactory.eu\/lt\/produktas\/d4x-power-runner-masina\/#primaryimage\",\"url\":\"https:\/\/gymfactory.eu\/wp-content\/uploads\/2025\/01\/gym-machine-D4X-iso-lateral-leg-press-front-view-1.webp\",\"contentUrl\":\"https:\/\/gymfactory.eu\/wp-content\/uploads\/2025\/01\/gym-machine-D4X-iso-lateral-leg-press-front-view-1.webp\",\"width\":1500,\"height\":1500,\"caption\":\"D4X izo-\u0161oninio koj\u0173 preso treniruoklio \u0161oninis vaizdas, kuriame matomas kampinis r\u0117mas, nepriklausomos jud\u0117jimo rankenos ir svori\u0173 laikymo \u012ftaisai. \u0160is treniruoklis, skirtas j\u0117gos pratimams, skirtas vienpusiam apatin\u0117s k\u016bno dalies raumen\u0173 vystymui ir kontroliuojamam pasiprie\u0161inimui lavinti.\"},{\"@type\":\"BreadcrumbList\",\"@id\":\"https:\/\/gymfactory.eu\/lt\/produktas\/d4x-power-runner-masina\/#breadcrumb\",\"itemListElement\":[{\"@type\":\"ListItem\",\"position\":1,\"name\":\"Pagrindinis\",\"item\":\"https:\/\/gymfactory.eu\/lt\/\"},{\"@type\":\"ListItem\",\"position\":2,\"name\":\"Katalogas\",\"item\":\"https:\/\/gymfactory.eu\/lt\/katalogas\/\"},{\"@type\":\"ListItem\",\"position\":3,\"name\":\"D4X \u201ePower Runner\u201c treniruoklis\"}]},{\"@type\":\"WebSite\",\"@id\":\"https:\/\/gymfactory.eu\/lt\/#website\",\"url\":\"https:\/\/gymfactory.eu\/lt\/\",\"name\":\"Gym Factory\",\"description\":\"\",\"publisher\":{\"@id\":\"https:\/\/gymfactory.eu\/lt\/#organization\"},\"potentialAction\":[{\"@type\":\"SearchAction\",\"target\":{\"@type\":\"EntryPoint\",\"urlTemplate\":\"https:\/\/gymfactory.eu\/lt\/?s={search_term_string}\"},\"query-input\":{\"@type\":\"PropertyValueSpecification\",\"valueRequired\":true,\"valueName\":\"search_term_string\"}}],\"inLanguage\":\"lt-LT\"},{\"@type\":\"Organization\",\"@id\":\"https:\/\/gymfactory.eu\/lt\/#organization\",\"name\":\"Sporto sal\u0117s gamykla\",\"url\":\"https:\/\/gymfactory.eu\/lt\/\",\"logo\":{\"@type\":\"ImageObject\",\"inLanguage\":\"lt-LT\",\"@id\":\"https:\/\/gymfactory.eu\/lt\/#\/schema\/logo\/image\/\",\"url\":\"https:\/\/gymfactory.eu\/wp-content\/uploads\/2024\/11\/Component-1.svg\",\"contentUrl\":\"https:\/\/gymfactory.eu\/wp-content\/uploads\/2024\/11\/Component-1.svg\",\"width\":54,\"height\":44,\"caption\":\"Sporto sal\u0117s gamykla\"},\"image\":{\"@id\":\"https:\/\/gymfactory.eu\/lt\/#\/schema\/logo\/image\/\"}}]}<\/script>\n<!-- \/ Yoast SEO plugin. -->","yoast_head_json":{"title":"4X Power Runner Machine | Greit\u0173j\u0173 treniruo\u010di\u0173 sporto sal\u0117s \u012franga","description":"Norite pagerinti savo sportin\u012f greit\u012f ir gali\u0105? \"4X Power Runner Machine\" - tai treniruokli\u0173 sal\u0117s \u012franga, skirta sprogstamiesiems judesiams ir sprinto rezultatams treniruoti.","robots":{"index":"index","follow":"follow","max-snippet":"max-snippet:-1","max-image-preview":"max-image-preview:large","max-video-preview":"max-video-preview:-1"},"canonical":"https:\/\/gymfactory.eu\/lt\/produktas\/d4x-power-runner-masina\/","og_locale":"lt_LT","og_type":"article","og_title":"4X Power Runner Machine | Greit\u0173j\u0173 treniruo\u010di\u0173 sporto sal\u0117s \u012franga","og_description":"Norite pagerinti savo sportin\u012f greit\u012f ir gali\u0105? \"4X Power Runner Machine\" - tai treniruokli\u0173 sal\u0117s \u012franga, skirta sprogstamiesiems judesiams ir sprinto rezultatams treniruoti.","og_url":"https:\/\/gymfactory.eu\/lt\/produktas\/d4x-power-runner-masina\/","og_site_name":"Gym Factory","article_modified_time":"2025-11-20T13:31:40+00:00","og_image":[{"width":1500,"height":1500,"url":"https:\/\/gymfactory.eu\/wp-content\/uploads\/2025\/01\/gym-machine-D4X-iso-lateral-leg-press-front-view-1.webp","type":"image\/webp"}],"twitter_card":"summary_large_image","twitter_misc":{"Est. reading time":"1 minut\u0117"},"schema":{"@context":"https:\/\/schema.org","@graph":[{"@type":"WebPage","@id":"https:\/\/gymfactory.eu\/lt\/produktas\/d4x-power-runner-masina\/","url":"https:\/\/gymfactory.eu\/lt\/produktas\/d4x-power-runner-masina\/","name":"4X Power Runner Machine | Greit\u0173j\u0173 treniruo\u010di\u0173 sporto sal\u0117s \u012franga","isPartOf":{"@id":"https:\/\/gymfactory.eu\/lt\/#website"},"primaryImageOfPage":{"@id":"https:\/\/gymfactory.eu\/lt\/produktas\/d4x-power-runner-masina\/#primaryimage"},"image":{"@id":"https:\/\/gymfactory.eu\/lt\/produktas\/d4x-power-runner-masina\/#primaryimage"},"thumbnailUrl":"https:\/\/gymfactory.eu\/wp-content\/uploads\/2025\/01\/gym-machine-D4X-iso-lateral-leg-press-front-view-1.webp","datePublished":"2025-01-29T09:20:12+00:00","dateModified":"2025-11-20T13:31:40+00:00","description":"Norite pagerinti savo sportin\u012f greit\u012f ir gali\u0105? \"4X Power Runner Machine\" - tai treniruokli\u0173 sal\u0117s \u012franga, skirta sprogstamiesiems judesiams ir sprinto rezultatams treniruoti.","breadcrumb":{"@id":"https:\/\/gymfactory.eu\/lt\/produktas\/d4x-power-runner-masina\/#breadcrumb"},"inLanguage":"lt-LT","potentialAction":[{"@type":"ReadAction","target":["https:\/\/gymfactory.eu\/lt\/produktas\/d4x-power-runner-masina\/"]}]},{"@type":"ImageObject","inLanguage":"lt-LT","@id":"https:\/\/gymfactory.eu\/lt\/produktas\/d4x-power-runner-masina\/#primaryimage","url":"https:\/\/gymfactory.eu\/wp-content\/uploads\/2025\/01\/gym-machine-D4X-iso-lateral-leg-press-front-view-1.webp","contentUrl":"https:\/\/gymfactory.eu\/wp-content\/uploads\/2025\/01\/gym-machine-D4X-iso-lateral-leg-press-front-view-1.webp","width":1500,"height":1500,"caption":"D4X izo-\u0161oninio koj\u0173 preso treniruoklio \u0161oninis vaizdas, kuriame matomas kampinis r\u0117mas, nepriklausomos jud\u0117jimo rankenos ir svori\u0173 laikymo \u012ftaisai. \u0160is treniruoklis, skirtas j\u0117gos pratimams, skirtas vienpusiam apatin\u0117s k\u016bno dalies raumen\u0173 vystymui ir kontroliuojamam pasiprie\u0161inimui lavinti."},{"@type":"BreadcrumbList","@id":"https:\/\/gymfactory.eu\/lt\/produktas\/d4x-power-runner-masina\/#breadcrumb","itemListElement":[{"@type":"ListItem","position":1,"name":"Pagrindinis","item":"https:\/\/gymfactory.eu\/lt\/"},{"@type":"ListItem","position":2,"name":"Katalogas","item":"https:\/\/gymfactory.eu\/lt\/katalogas\/"},{"@type":"ListItem","position":3,"name":"D4X \u201ePower Runner\u201c treniruoklis"}]},{"@type":"WebSite","@id":"https:\/\/gymfactory.eu\/lt\/#website","url":"https:\/\/gymfactory.eu\/lt\/","name":"Gym Factory","description":"","publisher":{"@id":"https:\/\/gymfactory.eu\/lt\/#organization"},"potentialAction":[{"@type":"SearchAction","target":{"@type":"EntryPoint","urlTemplate":"https:\/\/gymfactory.eu\/lt\/?s={search_term_string}"},"query-input":{"@type":"PropertyValueSpecification","valueRequired":true,"valueName":"search_term_string"}}],"inLanguage":"lt-LT"},{"@type":"Organization","@id":"https:\/\/gymfactory.eu\/lt\/#organization","name":"Sporto sal\u0117s gamykla","url":"https:\/\/gymfactory.eu\/lt\/","logo":{"@type":"ImageObject","inLanguage":"lt-LT","@id":"https:\/\/gymfactory.eu\/lt\/#\/schema\/logo\/image\/","url":"https:\/\/gymfactory.eu\/wp-content\/uploads\/2024\/11\/Component-1.svg","contentUrl":"https:\/\/gymfactory.eu\/wp-content\/uploads\/2024\/11\/Component-1.svg","width":54,"height":44,"caption":"Sporto sal\u0117s gamykla"},"image":{"@id":"https:\/\/gymfactory.eu\/lt\/#\/schema\/logo\/image\/"}}]}},"_links":{"self":[{"href":"https:\/\/gymfactory.eu\/lt\/wp-json\/wp\/v2\/product\/10347","targetHints":{"allow":["GET"]}}],"collection":[{"href":"https:\/\/gymfactory.eu\/lt\/wp-json\/wp\/v2\/product"}],"about":[{"href":"https:\/\/gymfactory.eu\/lt\/wp-json\/wp\/v2\/types\/product"}],"wp:featuredmedia":[{"embeddable":true,"href":"https:\/\/gymfactory.eu\/lt\/wp-json\/wp\/v2\/media\/8291"}],"wp:attachment":[{"href":"https:\/\/gymfactory.eu\/lt\/wp-json\/wp\/v2\/media?parent=10347"}],"wp:term":[{"taxonomy":"product_brand","embeddable":true,"href":"https:\/\/gymfactory.eu\/lt\/wp-json\/wp\/v2\/product_brand?post=10347"},{"taxonomy":"product_cat","embeddable":true,"href":"https:\/\/gymfactory.eu\/lt\/wp-json\/wp\/v2\/product_cat?post=10347"},{"taxonomy":"product_tag","embeddable":true,"href":"https:\/\/gymfactory.eu\/lt\/wp-json\/wp\/v2\/product_tag?post=10347"}],"curies":[{"name":"wp","href":"https:\/\/api.w.org\/{rel}","templated":true}]}}