{"id":10346,"date":"2025-01-29T14:14:35","date_gmt":"2025-01-29T12:14:35","guid":{"rendered":"https:\/\/gymfactory.eu\/product\/d8-pritupimu-stovas\/"},"modified":"2025-11-20T15:41:07","modified_gmt":"2025-11-20T13:41:07","slug":"d8-pritupimu-stovas","status":"publish","type":"product","link":"https:\/\/gymfactory.eu\/lt\/produktas\/d8-pritupimu-stovas\/","title":{"rendered":"D8 Prit\u016bpim\u0173 stovas"},"content":{"rendered":"<p>D8 \u2013 skirtas apatinei k\u016bno daliai treniruoti tiek nam\u0173, tiek profesionaliuose sporto sal\u0117se. Kompakti\u0161ka konstrukcija leid\u017eia lengvai pritaikyti stov\u0105 \u012fvairiose erdv\u0117se, i\u0161laikant saugum\u0105 net dirbant su didesniais svoriais.<\/p>\n<p>Stovas skirtas \u012fvairiems prit\u016bpim\u0173 variantams: klasikiniams, pla\u010dios ar siauros stov\u0117senos. Taip pat galima atlikti ir blauzd\u0173 k\u0117limus. Pratimai aktyvina pagrindines raumen\u0173 grupes \u2013 keturgalvius \u0161laun\u0173 raumenis, s\u0117dmenis, u\u017epakalinius \u0161laun\u0173 raumenis ir blauzdas.<\/p>\n<p>Integruotos rankenos padeda i\u0161laikyti taisykling\u0105 laikysen\u0105 ir kontroliuoti judes\u012f kiekvieno pakartojimo metu \u2013 u\u017etikrinant saugum\u0105 ir technin\u012f tikslum\u0105 visos treniruot\u0117s metu.<\/p>\n\n    <div class=\"xs_social_share_widget xs_share_url after_content \t\tmain_content  wslu-style-1 wslu-share-box-shaped wslu-fill-colored wslu-none wslu-share-horizontal wslu-theme-font-no wslu-main_content\">\n\n\t\t\n        <ul>\n\t\t\t        <\/ul>\n    <\/div> \n","protected":false},"excerpt":{"rendered":"<p>D8 \u2013 skirtas apatinei k\u016bno daliai treniruoti tiek nam\u0173, tiek profesionaliuose sporto sal\u0117se. Kompakti\u0161ka konstrukcija leid\u017eia lengvai pritaikyti stov\u0105 \u012fvairiose erdv\u0117se, i\u0161laikant saugum\u0105 net dirbant su didesniais svoriais. Stovas skirtas \u012fvairiems prit\u016bpim\u0173 variantams: klasikiniams, pla\u010dios ar siauros stov\u0117senos. Taip pat galima atlikti ir blauzd\u0173 k\u0117limus. Pratimai aktyvina pagrindines raumen\u0173 grupes \u2013 keturgalvius \u0161laun\u0173 raumenis, s\u0117dmenis, [&hellip;]<\/p>\n","protected":false},"featured_media":8297,"template":"","meta":{"_acf_changed":false},"product_brand":[817],"product_cat":[421],"product_tag":[],"class_list":{"0":"post-10346","1":"product","2":"type-product","3":"status-publish","4":"has-post-thumbnail","6":"product_brand-gym-factory-lt","7":"product_cat-laisvu-svoriu-treniruokliai","9":"first","10":"onbackorder","11":"taxable","12":"shipping-taxable","13":"purchasable","14":"product-type-variable","15":"has-default-attributes"},"acf":[],"yoast_head":"<!-- This site is optimized with the Yoast SEO plugin v25.2 - https:\/\/yoast.com\/wordpress\/plugins\/seo\/ -->\n<title>D8 prit\u016bpim\u0173 stendas | Sporto sal\u0117s \u012franga koj\u0173 stiprumo treniruot\u0117ms<\/title>\n<meta name=\"description\" content=\"Pasiruo\u0161imas stipresniems prit\u016bpimams? D8 prit\u016bpim\u0173 stovas - tai treniruokli\u0173 sal\u0117s \u012franga, skirta koj\u0173 j\u0117gos treniruot\u0117ms, pasi\u017eyminti patvarumu, stabilumu ir lengvu reguliavimu.\" \/>\n<meta name=\"robots\" content=\"index, follow, max-snippet:-1, max-image-preview:large, max-video-preview:-1\" \/>\n<link rel=\"canonical\" href=\"https:\/\/gymfactory.eu\/lt\/produktas\/d8-pritupimu-stovas\/\" \/>\n<meta property=\"og:locale\" content=\"lt_LT\" \/>\n<meta property=\"og:type\" content=\"article\" \/>\n<meta property=\"og:title\" content=\"D8 prit\u016bpim\u0173 stendas | Sporto sal\u0117s \u012franga koj\u0173 stiprumo treniruot\u0117ms\" \/>\n<meta property=\"og:description\" content=\"Pasiruo\u0161imas stipresniems prit\u016bpimams? D8 prit\u016bpim\u0173 stovas - tai treniruokli\u0173 sal\u0117s \u012franga, skirta koj\u0173 j\u0117gos treniruot\u0117ms, pasi\u017eyminti patvarumu, stabilumu ir lengvu reguliavimu.\" \/>\n<meta property=\"og:url\" content=\"https:\/\/gymfactory.eu\/lt\/produktas\/d8-pritupimu-stovas\/\" \/>\n<meta property=\"og:site_name\" content=\"Gym Factory\" \/>\n<meta property=\"article:modified_time\" content=\"2025-11-20T13:41:07+00:00\" \/>\n<meta property=\"og:image\" content=\"https:\/\/gymfactory.eu\/wp-content\/uploads\/2025\/01\/gym-machine-D8-squat-front-view-1-1.webp\" \/>\n\t<meta property=\"og:image:width\" content=\"1500\" \/>\n\t<meta property=\"og:image:height\" content=\"1500\" \/>\n\t<meta property=\"og:image:type\" content=\"image\/webp\" \/>\n<meta name=\"twitter:card\" content=\"summary_large_image\" \/>\n<meta name=\"twitter:label1\" content=\"Est. reading time\" \/>\n\t<meta name=\"twitter:data1\" content=\"1 minut\u0117\" \/>\n<script type=\"application\/ld+json\" class=\"yoast-schema-graph\">{\"@context\":\"https:\/\/schema.org\",\"@graph\":[{\"@type\":\"WebPage\",\"@id\":\"https:\/\/gymfactory.eu\/lt\/produktas\/d8-pritupimu-stovas\/\",\"url\":\"https:\/\/gymfactory.eu\/lt\/produktas\/d8-pritupimu-stovas\/\",\"name\":\"D8 prit\u016bpim\u0173 stendas | Sporto sal\u0117s \u012franga koj\u0173 stiprumo treniruot\u0117ms\",\"isPartOf\":{\"@id\":\"https:\/\/gymfactory.eu\/lt\/#website\"},\"primaryImageOfPage\":{\"@id\":\"https:\/\/gymfactory.eu\/lt\/produktas\/d8-pritupimu-stovas\/#primaryimage\"},\"image\":{\"@id\":\"https:\/\/gymfactory.eu\/lt\/produktas\/d8-pritupimu-stovas\/#primaryimage\"},\"thumbnailUrl\":\"https:\/\/gymfactory.eu\/wp-content\/uploads\/2025\/01\/gym-machine-D8-squat-front-view-1-1.webp\",\"datePublished\":\"2025-01-29T12:14:35+00:00\",\"dateModified\":\"2025-11-20T13:41:07+00:00\",\"description\":\"Pasiruo\u0161imas stipresniems prit\u016bpimams? D8 prit\u016bpim\u0173 stovas - tai treniruokli\u0173 sal\u0117s \u012franga, skirta koj\u0173 j\u0117gos treniruot\u0117ms, pasi\u017eyminti patvarumu, stabilumu ir lengvu reguliavimu.\",\"breadcrumb\":{\"@id\":\"https:\/\/gymfactory.eu\/lt\/produktas\/d8-pritupimu-stovas\/#breadcrumb\"},\"inLanguage\":\"lt-LT\",\"potentialAction\":[{\"@type\":\"ReadAction\",\"target\":[\"https:\/\/gymfactory.eu\/lt\/produktas\/d8-pritupimu-stovas\/\"]}]},{\"@type\":\"ImageObject\",\"inLanguage\":\"lt-LT\",\"@id\":\"https:\/\/gymfactory.eu\/lt\/produktas\/d8-pritupimu-stovas\/#primaryimage\",\"url\":\"https:\/\/gymfactory.eu\/wp-content\/uploads\/2025\/01\/gym-machine-D8-squat-front-view-1-1.webp\",\"contentUrl\":\"https:\/\/gymfactory.eu\/wp-content\/uploads\/2025\/01\/gym-machine-D8-squat-front-view-1-1.webp\",\"width\":1500,\"height\":1500,\"caption\":\"Sporto treniruoklio vaizdas i\u0161 priekio, kuriame matomos ergonomi\u0161kos pe\u010di\u0173 pagalv\u0117l\u0117s, neslystanti koj\u0173 platforma ir tvirtas r\u0117mas. \u0160is treniruoklis idealiai tinka j\u0117gos treniruot\u0117ms, u\u017etikrina tinkam\u0105 laikysen\u0105 ir saugum\u0105 atliekant prit\u016bpimus.\"},{\"@type\":\"BreadcrumbList\",\"@id\":\"https:\/\/gymfactory.eu\/lt\/produktas\/d8-pritupimu-stovas\/#breadcrumb\",\"itemListElement\":[{\"@type\":\"ListItem\",\"position\":1,\"name\":\"Pagrindinis\",\"item\":\"https:\/\/gymfactory.eu\/lt\/\"},{\"@type\":\"ListItem\",\"position\":2,\"name\":\"Katalogas\",\"item\":\"https:\/\/gymfactory.eu\/lt\/katalogas\/\"},{\"@type\":\"ListItem\",\"position\":3,\"name\":\"D8 Prit\u016bpim\u0173 stovas\"}]},{\"@type\":\"WebSite\",\"@id\":\"https:\/\/gymfactory.eu\/lt\/#website\",\"url\":\"https:\/\/gymfactory.eu\/lt\/\",\"name\":\"Gym Factory\",\"description\":\"\",\"publisher\":{\"@id\":\"https:\/\/gymfactory.eu\/lt\/#organization\"},\"potentialAction\":[{\"@type\":\"SearchAction\",\"target\":{\"@type\":\"EntryPoint\",\"urlTemplate\":\"https:\/\/gymfactory.eu\/lt\/?s={search_term_string}\"},\"query-input\":{\"@type\":\"PropertyValueSpecification\",\"valueRequired\":true,\"valueName\":\"search_term_string\"}}],\"inLanguage\":\"lt-LT\"},{\"@type\":\"Organization\",\"@id\":\"https:\/\/gymfactory.eu\/lt\/#organization\",\"name\":\"Sporto sal\u0117s gamykla\",\"url\":\"https:\/\/gymfactory.eu\/lt\/\",\"logo\":{\"@type\":\"ImageObject\",\"inLanguage\":\"lt-LT\",\"@id\":\"https:\/\/gymfactory.eu\/lt\/#\/schema\/logo\/image\/\",\"url\":\"https:\/\/gymfactory.eu\/wp-content\/uploads\/2024\/11\/Component-1.svg\",\"contentUrl\":\"https:\/\/gymfactory.eu\/wp-content\/uploads\/2024\/11\/Component-1.svg\",\"width\":54,\"height\":44,\"caption\":\"Sporto sal\u0117s gamykla\"},\"image\":{\"@id\":\"https:\/\/gymfactory.eu\/lt\/#\/schema\/logo\/image\/\"}}]}<\/script>\n<!-- \/ Yoast SEO plugin. -->","yoast_head_json":{"title":"D8 prit\u016bpim\u0173 stendas | Sporto sal\u0117s \u012franga koj\u0173 stiprumo treniruot\u0117ms","description":"Pasiruo\u0161imas stipresniems prit\u016bpimams? D8 prit\u016bpim\u0173 stovas - tai treniruokli\u0173 sal\u0117s \u012franga, skirta koj\u0173 j\u0117gos treniruot\u0117ms, pasi\u017eyminti patvarumu, stabilumu ir lengvu reguliavimu.","robots":{"index":"index","follow":"follow","max-snippet":"max-snippet:-1","max-image-preview":"max-image-preview:large","max-video-preview":"max-video-preview:-1"},"canonical":"https:\/\/gymfactory.eu\/lt\/produktas\/d8-pritupimu-stovas\/","og_locale":"lt_LT","og_type":"article","og_title":"D8 prit\u016bpim\u0173 stendas | Sporto sal\u0117s \u012franga koj\u0173 stiprumo treniruot\u0117ms","og_description":"Pasiruo\u0161imas stipresniems prit\u016bpimams? D8 prit\u016bpim\u0173 stovas - tai treniruokli\u0173 sal\u0117s \u012franga, skirta koj\u0173 j\u0117gos treniruot\u0117ms, pasi\u017eyminti patvarumu, stabilumu ir lengvu reguliavimu.","og_url":"https:\/\/gymfactory.eu\/lt\/produktas\/d8-pritupimu-stovas\/","og_site_name":"Gym Factory","article_modified_time":"2025-11-20T13:41:07+00:00","og_image":[{"width":1500,"height":1500,"url":"https:\/\/gymfactory.eu\/wp-content\/uploads\/2025\/01\/gym-machine-D8-squat-front-view-1-1.webp","type":"image\/webp"}],"twitter_card":"summary_large_image","twitter_misc":{"Est. reading time":"1 minut\u0117"},"schema":{"@context":"https:\/\/schema.org","@graph":[{"@type":"WebPage","@id":"https:\/\/gymfactory.eu\/lt\/produktas\/d8-pritupimu-stovas\/","url":"https:\/\/gymfactory.eu\/lt\/produktas\/d8-pritupimu-stovas\/","name":"D8 prit\u016bpim\u0173 stendas | Sporto sal\u0117s \u012franga koj\u0173 stiprumo treniruot\u0117ms","isPartOf":{"@id":"https:\/\/gymfactory.eu\/lt\/#website"},"primaryImageOfPage":{"@id":"https:\/\/gymfactory.eu\/lt\/produktas\/d8-pritupimu-stovas\/#primaryimage"},"image":{"@id":"https:\/\/gymfactory.eu\/lt\/produktas\/d8-pritupimu-stovas\/#primaryimage"},"thumbnailUrl":"https:\/\/gymfactory.eu\/wp-content\/uploads\/2025\/01\/gym-machine-D8-squat-front-view-1-1.webp","datePublished":"2025-01-29T12:14:35+00:00","dateModified":"2025-11-20T13:41:07+00:00","description":"Pasiruo\u0161imas stipresniems prit\u016bpimams? D8 prit\u016bpim\u0173 stovas - tai treniruokli\u0173 sal\u0117s \u012franga, skirta koj\u0173 j\u0117gos treniruot\u0117ms, pasi\u017eyminti patvarumu, stabilumu ir lengvu reguliavimu.","breadcrumb":{"@id":"https:\/\/gymfactory.eu\/lt\/produktas\/d8-pritupimu-stovas\/#breadcrumb"},"inLanguage":"lt-LT","potentialAction":[{"@type":"ReadAction","target":["https:\/\/gymfactory.eu\/lt\/produktas\/d8-pritupimu-stovas\/"]}]},{"@type":"ImageObject","inLanguage":"lt-LT","@id":"https:\/\/gymfactory.eu\/lt\/produktas\/d8-pritupimu-stovas\/#primaryimage","url":"https:\/\/gymfactory.eu\/wp-content\/uploads\/2025\/01\/gym-machine-D8-squat-front-view-1-1.webp","contentUrl":"https:\/\/gymfactory.eu\/wp-content\/uploads\/2025\/01\/gym-machine-D8-squat-front-view-1-1.webp","width":1500,"height":1500,"caption":"Sporto treniruoklio vaizdas i\u0161 priekio, kuriame matomos ergonomi\u0161kos pe\u010di\u0173 pagalv\u0117l\u0117s, neslystanti koj\u0173 platforma ir tvirtas r\u0117mas. \u0160is treniruoklis idealiai tinka j\u0117gos treniruot\u0117ms, u\u017etikrina tinkam\u0105 laikysen\u0105 ir saugum\u0105 atliekant prit\u016bpimus."},{"@type":"BreadcrumbList","@id":"https:\/\/gymfactory.eu\/lt\/produktas\/d8-pritupimu-stovas\/#breadcrumb","itemListElement":[{"@type":"ListItem","position":1,"name":"Pagrindinis","item":"https:\/\/gymfactory.eu\/lt\/"},{"@type":"ListItem","position":2,"name":"Katalogas","item":"https:\/\/gymfactory.eu\/lt\/katalogas\/"},{"@type":"ListItem","position":3,"name":"D8 Prit\u016bpim\u0173 stovas"}]},{"@type":"WebSite","@id":"https:\/\/gymfactory.eu\/lt\/#website","url":"https:\/\/gymfactory.eu\/lt\/","name":"Gym Factory","description":"","publisher":{"@id":"https:\/\/gymfactory.eu\/lt\/#organization"},"potentialAction":[{"@type":"SearchAction","target":{"@type":"EntryPoint","urlTemplate":"https:\/\/gymfactory.eu\/lt\/?s={search_term_string}"},"query-input":{"@type":"PropertyValueSpecification","valueRequired":true,"valueName":"search_term_string"}}],"inLanguage":"lt-LT"},{"@type":"Organization","@id":"https:\/\/gymfactory.eu\/lt\/#organization","name":"Sporto sal\u0117s gamykla","url":"https:\/\/gymfactory.eu\/lt\/","logo":{"@type":"ImageObject","inLanguage":"lt-LT","@id":"https:\/\/gymfactory.eu\/lt\/#\/schema\/logo\/image\/","url":"https:\/\/gymfactory.eu\/wp-content\/uploads\/2024\/11\/Component-1.svg","contentUrl":"https:\/\/gymfactory.eu\/wp-content\/uploads\/2024\/11\/Component-1.svg","width":54,"height":44,"caption":"Sporto sal\u0117s gamykla"},"image":{"@id":"https:\/\/gymfactory.eu\/lt\/#\/schema\/logo\/image\/"}}]}},"_links":{"self":[{"href":"https:\/\/gymfactory.eu\/lt\/wp-json\/wp\/v2\/product\/10346","targetHints":{"allow":["GET"]}}],"collection":[{"href":"https:\/\/gymfactory.eu\/lt\/wp-json\/wp\/v2\/product"}],"about":[{"href":"https:\/\/gymfactory.eu\/lt\/wp-json\/wp\/v2\/types\/product"}],"wp:featuredmedia":[{"embeddable":true,"href":"https:\/\/gymfactory.eu\/lt\/wp-json\/wp\/v2\/media\/8297"}],"wp:attachment":[{"href":"https:\/\/gymfactory.eu\/lt\/wp-json\/wp\/v2\/media?parent=10346"}],"wp:term":[{"taxonomy":"product_brand","embeddable":true,"href":"https:\/\/gymfactory.eu\/lt\/wp-json\/wp\/v2\/product_brand?post=10346"},{"taxonomy":"product_cat","embeddable":true,"href":"https:\/\/gymfactory.eu\/lt\/wp-json\/wp\/v2\/product_cat?post=10346"},{"taxonomy":"product_tag","embeddable":true,"href":"https:\/\/gymfactory.eu\/lt\/wp-json\/wp\/v2\/product_tag?post=10346"}],"curies":[{"name":"wp","href":"https:\/\/api.w.org\/{rel}","templated":true}]}}