{"id":10341,"date":"2025-01-29T13:41:31","date_gmt":"2025-01-29T11:41:31","guid":{"rendered":"https:\/\/gymfactory.eu\/product\/d7-vertikalaus-koju-spaudimo-masina\/"},"modified":"2025-11-20T15:38:40","modified_gmt":"2025-11-20T13:38:40","slug":"d7-vertikalaus-koju-spaudimo-masina","status":"publish","type":"product","link":"https:\/\/gymfactory.eu\/lt\/produktas\/d7-vertikalaus-koju-spaudimo-masina\/","title":{"rendered":"D7 Koj\u0173 treniruoklis &#8211; vertikalus spaudimas"},"content":{"rendered":"<p>D7 skirtas apatini\u0173 k\u016bno raumen\u0173 j\u0117gai lavinti. Vertikali spaudimo pad\u0117tis u\u017etikrina tiesiogin\u012f kr\u016bv\u012f keturgalviams, s\u0117dmenims ir u\u017epakaliniams \u0161laun\u0173 raumenims, i\u0161laikant taisykling\u0105 s\u0105nari\u0173 pad\u0117t\u012f. Treniruoklis leid\u017eia atlikti vertikal\u0173 koj\u0173 spaudim\u0105, vienos kojos spaudim\u0105 bei blauzd\u0173 k\u0117limus. Plati koj\u0173 pad\u0117tis labiau apkrauna s\u0117dmenis ir vidines \u0161launis, siaura \u2013 keturgalvius.<\/p>\n<p>Reguliuojamas atlo\u0161o kampas, kelios starto pad\u0117tys ir apsaugos mechanizmas, kuris automati\u0161kai atsijungia judesio prad\u017eioje, leid\u017eia prad\u0117ti pratim\u0105 i\u0161 patogios ir stabilios pad\u0117ties. Tvirta konstrukcija ir pamink\u0161tintos atramos u\u017etikrina komfort\u0105 bei saugum\u0105 net intensyvi\u0173 treniruo\u010di\u0173 metu.<\/p>\n\n    <div class=\"xs_social_share_widget xs_share_url after_content \t\tmain_content  wslu-style-1 wslu-share-box-shaped wslu-fill-colored wslu-none wslu-share-horizontal wslu-theme-font-no wslu-main_content\">\n\n\t\t\n        <ul>\n\t\t\t        <\/ul>\n    <\/div> \n","protected":false},"excerpt":{"rendered":"<p>D7 skirtas apatini\u0173 k\u016bno raumen\u0173 j\u0117gai lavinti. Vertikali spaudimo pad\u0117tis u\u017etikrina tiesiogin\u012f kr\u016bv\u012f keturgalviams, s\u0117dmenims ir u\u017epakaliniams \u0161laun\u0173 raumenims, i\u0161laikant taisykling\u0105 s\u0105nari\u0173 pad\u0117t\u012f. Treniruoklis leid\u017eia atlikti vertikal\u0173 koj\u0173 spaudim\u0105, vienos kojos spaudim\u0105 bei blauzd\u0173 k\u0117limus. Plati koj\u0173 pad\u0117tis labiau apkrauna s\u0117dmenis ir vidines \u0161launis, siaura \u2013 keturgalvius. Reguliuojamas atlo\u0161o kampas, kelios starto pad\u0117tys ir apsaugos [&hellip;]<\/p>\n","protected":false},"featured_media":27998,"template":"","meta":{"_acf_changed":false},"product_brand":[817],"product_cat":[421],"product_tag":[],"class_list":{"0":"post-10341","1":"product","2":"type-product","3":"status-publish","4":"has-post-thumbnail","6":"product_brand-gym-factory-lt","7":"product_cat-laisvu-svoriu-treniruokliai","9":"first","10":"onbackorder","11":"taxable","12":"shipping-taxable","13":"purchasable","14":"product-type-variable","15":"has-default-attributes"},"acf":[],"yoast_head":"<!-- This site is optimized with the Yoast SEO plugin v25.2 - https:\/\/yoast.com\/wordpress\/plugins\/seo\/ -->\n<title>D7 vertikalus koj\u0173 spaudimo aparatas j\u0117gos treniruot\u0117ms<\/title>\n<meta name=\"description\" content=\"Norite padidinti j\u0117g\u0105 ir stabilum\u0105? D7 vertikalaus koj\u0173 spaudimo treniruoklis skirtas kryptingai apatin\u0117s k\u016bno dalies treniruotei su skland\u017eiais ir galingais judesiais.\" \/>\n<meta name=\"robots\" content=\"index, follow, max-snippet:-1, max-image-preview:large, max-video-preview:-1\" \/>\n<link rel=\"canonical\" href=\"https:\/\/gymfactory.eu\/lt\/produktas\/d7-vertikalaus-koju-spaudimo-masina\/\" \/>\n<meta property=\"og:locale\" content=\"lt_LT\" \/>\n<meta property=\"og:type\" content=\"article\" \/>\n<meta property=\"og:title\" content=\"D7 vertikalus koj\u0173 spaudimo aparatas j\u0117gos treniruot\u0117ms\" \/>\n<meta property=\"og:description\" content=\"Norite padidinti j\u0117g\u0105 ir stabilum\u0105? D7 vertikalaus koj\u0173 spaudimo treniruoklis skirtas kryptingai apatin\u0117s k\u016bno dalies treniruotei su skland\u017eiais ir galingais judesiais.\" \/>\n<meta property=\"og:url\" content=\"https:\/\/gymfactory.eu\/lt\/produktas\/d7-vertikalaus-koju-spaudimo-masina\/\" \/>\n<meta property=\"og:site_name\" content=\"Gym Factory\" \/>\n<meta property=\"article:modified_time\" content=\"2025-11-20T13:38:40+00:00\" \/>\n<meta property=\"og:image\" content=\"https:\/\/gymfactory.eu\/wp-content\/uploads\/2025\/01\/gym-machine-D7-smith-machine-full-front-view.jpg\" \/>\n\t<meta property=\"og:image:width\" content=\"1500\" \/>\n\t<meta property=\"og:image:height\" content=\"1500\" \/>\n\t<meta property=\"og:image:type\" content=\"image\/jpeg\" \/>\n<meta name=\"twitter:card\" content=\"summary_large_image\" \/>\n<meta name=\"twitter:label1\" content=\"Est. reading time\" \/>\n\t<meta name=\"twitter:data1\" content=\"1 minut\u0117\" \/>\n<script type=\"application\/ld+json\" class=\"yoast-schema-graph\">{\"@context\":\"https:\/\/schema.org\",\"@graph\":[{\"@type\":\"WebPage\",\"@id\":\"https:\/\/gymfactory.eu\/lt\/produktas\/d7-vertikalaus-koju-spaudimo-masina\/\",\"url\":\"https:\/\/gymfactory.eu\/lt\/produktas\/d7-vertikalaus-koju-spaudimo-masina\/\",\"name\":\"D7 vertikalus koj\u0173 spaudimo aparatas j\u0117gos treniruot\u0117ms\",\"isPartOf\":{\"@id\":\"https:\/\/gymfactory.eu\/lt\/#website\"},\"primaryImageOfPage\":{\"@id\":\"https:\/\/gymfactory.eu\/lt\/produktas\/d7-vertikalaus-koju-spaudimo-masina\/#primaryimage\"},\"image\":{\"@id\":\"https:\/\/gymfactory.eu\/lt\/produktas\/d7-vertikalaus-koju-spaudimo-masina\/#primaryimage\"},\"thumbnailUrl\":\"https:\/\/gymfactory.eu\/wp-content\/uploads\/2025\/01\/D7.webp\",\"datePublished\":\"2025-01-29T11:41:31+00:00\",\"dateModified\":\"2025-11-20T13:38:40+00:00\",\"description\":\"Norite padidinti j\u0117g\u0105 ir stabilum\u0105? D7 vertikalaus koj\u0173 spaudimo treniruoklis skirtas kryptingai apatin\u0117s k\u016bno dalies treniruotei su skland\u017eiais ir galingais judesiais.\",\"breadcrumb\":{\"@id\":\"https:\/\/gymfactory.eu\/lt\/produktas\/d7-vertikalaus-koju-spaudimo-masina\/#breadcrumb\"},\"inLanguage\":\"lt-LT\",\"potentialAction\":[{\"@type\":\"ReadAction\",\"target\":[\"https:\/\/gymfactory.eu\/lt\/produktas\/d7-vertikalaus-koju-spaudimo-masina\/\"]}]},{\"@type\":\"ImageObject\",\"inLanguage\":\"lt-LT\",\"@id\":\"https:\/\/gymfactory.eu\/lt\/produktas\/d7-vertikalaus-koju-spaudimo-masina\/#primaryimage\",\"url\":\"https:\/\/gymfactory.eu\/wp-content\/uploads\/2025\/01\/D7.webp\",\"contentUrl\":\"https:\/\/gymfactory.eu\/wp-content\/uploads\/2025\/01\/D7.webp\",\"width\":1500,\"height\":1500,\"caption\":\"A black Smith machine viewed from the back angle showcasing its sturdy steel frame and smooth-guided barbell system. This gym machine is designed for safe and controlled strength-training exercises, featuring multiple safety catches and plate storage pegs.\"},{\"@type\":\"BreadcrumbList\",\"@id\":\"https:\/\/gymfactory.eu\/lt\/produktas\/d7-vertikalaus-koju-spaudimo-masina\/#breadcrumb\",\"itemListElement\":[{\"@type\":\"ListItem\",\"position\":1,\"name\":\"Pagrindinis\",\"item\":\"https:\/\/gymfactory.eu\/lt\/\"},{\"@type\":\"ListItem\",\"position\":2,\"name\":\"Katalogas\",\"item\":\"https:\/\/gymfactory.eu\/lt\/katalogas\/\"},{\"@type\":\"ListItem\",\"position\":3,\"name\":\"D7 Koj\u0173 treniruoklis &#8211; vertikalus spaudimas\"}]},{\"@type\":\"WebSite\",\"@id\":\"https:\/\/gymfactory.eu\/lt\/#website\",\"url\":\"https:\/\/gymfactory.eu\/lt\/\",\"name\":\"Gym Factory\",\"description\":\"\",\"publisher\":{\"@id\":\"https:\/\/gymfactory.eu\/lt\/#organization\"},\"potentialAction\":[{\"@type\":\"SearchAction\",\"target\":{\"@type\":\"EntryPoint\",\"urlTemplate\":\"https:\/\/gymfactory.eu\/lt\/?s={search_term_string}\"},\"query-input\":{\"@type\":\"PropertyValueSpecification\",\"valueRequired\":true,\"valueName\":\"search_term_string\"}}],\"inLanguage\":\"lt-LT\"},{\"@type\":\"Organization\",\"@id\":\"https:\/\/gymfactory.eu\/lt\/#organization\",\"name\":\"Sporto sal\u0117s gamykla\",\"url\":\"https:\/\/gymfactory.eu\/lt\/\",\"logo\":{\"@type\":\"ImageObject\",\"inLanguage\":\"lt-LT\",\"@id\":\"https:\/\/gymfactory.eu\/lt\/#\/schema\/logo\/image\/\",\"url\":\"https:\/\/gymfactory.eu\/wp-content\/uploads\/2024\/11\/Component-1.svg\",\"contentUrl\":\"https:\/\/gymfactory.eu\/wp-content\/uploads\/2024\/11\/Component-1.svg\",\"width\":54,\"height\":44,\"caption\":\"Sporto sal\u0117s gamykla\"},\"image\":{\"@id\":\"https:\/\/gymfactory.eu\/lt\/#\/schema\/logo\/image\/\"}}]}<\/script>\n<!-- \/ Yoast SEO plugin. -->","yoast_head_json":{"title":"D7 vertikalus koj\u0173 spaudimo aparatas j\u0117gos treniruot\u0117ms","description":"Norite padidinti j\u0117g\u0105 ir stabilum\u0105? D7 vertikalaus koj\u0173 spaudimo treniruoklis skirtas kryptingai apatin\u0117s k\u016bno dalies treniruotei su skland\u017eiais ir galingais judesiais.","robots":{"index":"index","follow":"follow","max-snippet":"max-snippet:-1","max-image-preview":"max-image-preview:large","max-video-preview":"max-video-preview:-1"},"canonical":"https:\/\/gymfactory.eu\/lt\/produktas\/d7-vertikalaus-koju-spaudimo-masina\/","og_locale":"lt_LT","og_type":"article","og_title":"D7 vertikalus koj\u0173 spaudimo aparatas j\u0117gos treniruot\u0117ms","og_description":"Norite padidinti j\u0117g\u0105 ir stabilum\u0105? D7 vertikalaus koj\u0173 spaudimo treniruoklis skirtas kryptingai apatin\u0117s k\u016bno dalies treniruotei su skland\u017eiais ir galingais judesiais.","og_url":"https:\/\/gymfactory.eu\/lt\/produktas\/d7-vertikalaus-koju-spaudimo-masina\/","og_site_name":"Gym Factory","article_modified_time":"2025-11-20T13:38:40+00:00","og_image":[{"width":1500,"height":1500,"url":"https:\/\/gymfactory.eu\/wp-content\/uploads\/2025\/01\/gym-machine-D7-smith-machine-full-front-view.jpg","type":"image\/jpeg"}],"twitter_card":"summary_large_image","twitter_misc":{"Est. reading time":"1 minut\u0117"},"schema":{"@context":"https:\/\/schema.org","@graph":[{"@type":"WebPage","@id":"https:\/\/gymfactory.eu\/lt\/produktas\/d7-vertikalaus-koju-spaudimo-masina\/","url":"https:\/\/gymfactory.eu\/lt\/produktas\/d7-vertikalaus-koju-spaudimo-masina\/","name":"D7 vertikalus koj\u0173 spaudimo aparatas j\u0117gos treniruot\u0117ms","isPartOf":{"@id":"https:\/\/gymfactory.eu\/lt\/#website"},"primaryImageOfPage":{"@id":"https:\/\/gymfactory.eu\/lt\/produktas\/d7-vertikalaus-koju-spaudimo-masina\/#primaryimage"},"image":{"@id":"https:\/\/gymfactory.eu\/lt\/produktas\/d7-vertikalaus-koju-spaudimo-masina\/#primaryimage"},"thumbnailUrl":"https:\/\/gymfactory.eu\/wp-content\/uploads\/2025\/01\/D7.webp","datePublished":"2025-01-29T11:41:31+00:00","dateModified":"2025-11-20T13:38:40+00:00","description":"Norite padidinti j\u0117g\u0105 ir stabilum\u0105? D7 vertikalaus koj\u0173 spaudimo treniruoklis skirtas kryptingai apatin\u0117s k\u016bno dalies treniruotei su skland\u017eiais ir galingais judesiais.","breadcrumb":{"@id":"https:\/\/gymfactory.eu\/lt\/produktas\/d7-vertikalaus-koju-spaudimo-masina\/#breadcrumb"},"inLanguage":"lt-LT","potentialAction":[{"@type":"ReadAction","target":["https:\/\/gymfactory.eu\/lt\/produktas\/d7-vertikalaus-koju-spaudimo-masina\/"]}]},{"@type":"ImageObject","inLanguage":"lt-LT","@id":"https:\/\/gymfactory.eu\/lt\/produktas\/d7-vertikalaus-koju-spaudimo-masina\/#primaryimage","url":"https:\/\/gymfactory.eu\/wp-content\/uploads\/2025\/01\/D7.webp","contentUrl":"https:\/\/gymfactory.eu\/wp-content\/uploads\/2025\/01\/D7.webp","width":1500,"height":1500,"caption":"A black Smith machine viewed from the back angle showcasing its sturdy steel frame and smooth-guided barbell system. This gym machine is designed for safe and controlled strength-training exercises, featuring multiple safety catches and plate storage pegs."},{"@type":"BreadcrumbList","@id":"https:\/\/gymfactory.eu\/lt\/produktas\/d7-vertikalaus-koju-spaudimo-masina\/#breadcrumb","itemListElement":[{"@type":"ListItem","position":1,"name":"Pagrindinis","item":"https:\/\/gymfactory.eu\/lt\/"},{"@type":"ListItem","position":2,"name":"Katalogas","item":"https:\/\/gymfactory.eu\/lt\/katalogas\/"},{"@type":"ListItem","position":3,"name":"D7 Koj\u0173 treniruoklis &#8211; vertikalus spaudimas"}]},{"@type":"WebSite","@id":"https:\/\/gymfactory.eu\/lt\/#website","url":"https:\/\/gymfactory.eu\/lt\/","name":"Gym Factory","description":"","publisher":{"@id":"https:\/\/gymfactory.eu\/lt\/#organization"},"potentialAction":[{"@type":"SearchAction","target":{"@type":"EntryPoint","urlTemplate":"https:\/\/gymfactory.eu\/lt\/?s={search_term_string}"},"query-input":{"@type":"PropertyValueSpecification","valueRequired":true,"valueName":"search_term_string"}}],"inLanguage":"lt-LT"},{"@type":"Organization","@id":"https:\/\/gymfactory.eu\/lt\/#organization","name":"Sporto sal\u0117s gamykla","url":"https:\/\/gymfactory.eu\/lt\/","logo":{"@type":"ImageObject","inLanguage":"lt-LT","@id":"https:\/\/gymfactory.eu\/lt\/#\/schema\/logo\/image\/","url":"https:\/\/gymfactory.eu\/wp-content\/uploads\/2024\/11\/Component-1.svg","contentUrl":"https:\/\/gymfactory.eu\/wp-content\/uploads\/2024\/11\/Component-1.svg","width":54,"height":44,"caption":"Sporto sal\u0117s gamykla"},"image":{"@id":"https:\/\/gymfactory.eu\/lt\/#\/schema\/logo\/image\/"}}]}},"_links":{"self":[{"href":"https:\/\/gymfactory.eu\/lt\/wp-json\/wp\/v2\/product\/10341","targetHints":{"allow":["GET"]}}],"collection":[{"href":"https:\/\/gymfactory.eu\/lt\/wp-json\/wp\/v2\/product"}],"about":[{"href":"https:\/\/gymfactory.eu\/lt\/wp-json\/wp\/v2\/types\/product"}],"wp:featuredmedia":[{"embeddable":true,"href":"https:\/\/gymfactory.eu\/lt\/wp-json\/wp\/v2\/media\/27998"}],"wp:attachment":[{"href":"https:\/\/gymfactory.eu\/lt\/wp-json\/wp\/v2\/media?parent=10341"}],"wp:term":[{"taxonomy":"product_brand","embeddable":true,"href":"https:\/\/gymfactory.eu\/lt\/wp-json\/wp\/v2\/product_brand?post=10341"},{"taxonomy":"product_cat","embeddable":true,"href":"https:\/\/gymfactory.eu\/lt\/wp-json\/wp\/v2\/product_cat?post=10341"},{"taxonomy":"product_tag","embeddable":true,"href":"https:\/\/gymfactory.eu\/lt\/wp-json\/wp\/v2\/product_tag?post=10341"}],"curies":[{"name":"wp","href":"https:\/\/api.w.org\/{rel}","templated":true}]}}