{"id":10340,"date":"2025-01-29T11:00:47","date_gmt":"2025-01-29T09:00:47","guid":{"rendered":"https:\/\/gymfactory.eu\/product\/d4-horizontali-koju-spaudimo-masina\/"},"modified":"2025-11-20T15:28:37","modified_gmt":"2025-11-20T13:28:37","slug":"d4-horizontali-koju-spaudimo-masina","status":"publish","type":"product","link":"https:\/\/gymfactory.eu\/lt\/produktas\/d4-horizontali-koju-spaudimo-masina\/","title":{"rendered":"D4 Koj\u0173 treniruoklis &#8211; horizontalus spaudimas"},"content":{"rendered":"<p>D4 \u2013 patikimas ir ilgaam\u017eis treniruoklis. Tvirta konstrukcija ir sklandus judesys u\u017etikrina saugi\u0105 bei stabili\u0105 apatini\u0173 k\u016bno raumen\u0173 treniruot\u0119. Horizontalus koj\u0173 spaudimas padeda auginti bendr\u0105 j\u0117g\u0105, o vienos kojos spaudimas lavina balans\u0105 ir koreguoja raumen\u0173 disbalans\u0105.<\/p>\n<p>P\u0117d\u0173 platformos gali b\u016bti naudojamos kartu arba atskirai \u2013 priklausomai nuo svirties nustatymo. Atstumas tarp atlo\u0161o ir p\u0117d\u0173 platformos reguliuojamas, kad kiekvienas naudotojas gal\u0117t\u0173 rasti patogiausi\u0105 pad\u0117t\u012f.<\/p>\n\n    <div class=\"xs_social_share_widget xs_share_url after_content \t\tmain_content  wslu-style-1 wslu-share-box-shaped wslu-fill-colored wslu-none wslu-share-horizontal wslu-theme-font-no wslu-main_content\">\n\n\t\t\n        <ul>\n\t\t\t        <\/ul>\n    <\/div> \n","protected":false},"excerpt":{"rendered":"<p>D4 \u2013 patikimas ir ilgaam\u017eis treniruoklis. Tvirta konstrukcija ir sklandus judesys u\u017etikrina saugi\u0105 bei stabili\u0105 apatini\u0173 k\u016bno raumen\u0173 treniruot\u0119. Horizontalus koj\u0173 spaudimas padeda auginti bendr\u0105 j\u0117g\u0105, o vienos kojos spaudimas lavina balans\u0105 ir koreguoja raumen\u0173 disbalans\u0105. P\u0117d\u0173 platformos gali b\u016bti naudojamos kartu arba atskirai \u2013 priklausomai nuo svirties nustatymo. Atstumas tarp atlo\u0161o ir p\u0117d\u0173 platformos [&hellip;]<\/p>\n","protected":false},"featured_media":8653,"template":"","meta":{"_acf_changed":false},"product_brand":[817],"product_cat":[421],"product_tag":[],"class_list":{"0":"post-10340","1":"product","2":"type-product","3":"status-publish","4":"has-post-thumbnail","6":"product_brand-gym-factory-lt","7":"product_cat-laisvu-svoriu-treniruokliai","9":"first","10":"onbackorder","11":"taxable","12":"shipping-taxable","13":"purchasable","14":"product-type-variable","15":"has-default-attributes"},"acf":[],"yoast_head":"<!-- This site is optimized with the Yoast SEO plugin v25.2 - https:\/\/yoast.com\/wordpress\/plugins\/seo\/ -->\n<title>D4 horizontali koj\u0173 spaudimo ma\u0161ina | Sukurta kiekvienai sporto salei<\/title>\n<meta name=\"description\" content=\"\u012erengti sporto sal\u0119 su patikima \u012franga? D4 horizontalaus koj\u0173 spaudimo treniruoklis sukurtas taip, kad veikt\u0173 skland\u017eiai, b\u016bt\u0173 ilgaam\u017eis ir u\u017etikrint\u0173 veiksmingas koj\u0173 treniruotes.\" \/>\n<meta name=\"robots\" content=\"index, follow, max-snippet:-1, max-image-preview:large, max-video-preview:-1\" \/>\n<link rel=\"canonical\" href=\"https:\/\/gymfactory.eu\/lt\/produktas\/d4-horizontali-koju-spaudimo-masina\/\" \/>\n<meta property=\"og:locale\" content=\"lt_LT\" \/>\n<meta property=\"og:type\" content=\"article\" \/>\n<meta property=\"og:title\" content=\"D4 horizontali koj\u0173 spaudimo ma\u0161ina | Sukurta kiekvienai sporto salei\" \/>\n<meta property=\"og:description\" content=\"\u012erengti sporto sal\u0119 su patikima \u012franga? D4 horizontalaus koj\u0173 spaudimo treniruoklis sukurtas taip, kad veikt\u0173 skland\u017eiai, b\u016bt\u0173 ilgaam\u017eis ir u\u017etikrint\u0173 veiksmingas koj\u0173 treniruotes.\" \/>\n<meta property=\"og:url\" content=\"https:\/\/gymfactory.eu\/lt\/produktas\/d4-horizontali-koju-spaudimo-masina\/\" \/>\n<meta property=\"og:site_name\" content=\"Gym Factory\" \/>\n<meta property=\"article:modified_time\" content=\"2025-11-20T13:28:37+00:00\" \/>\n<meta property=\"og:image\" content=\"https:\/\/gymfactory.eu\/wp-content\/uploads\/2025\/01\/gym-machine-D4-leg-press-black-front-view-1.webp\" \/>\n\t<meta property=\"og:image:width\" content=\"1500\" \/>\n\t<meta property=\"og:image:height\" content=\"1500\" \/>\n\t<meta property=\"og:image:type\" content=\"image\/webp\" \/>\n<meta name=\"twitter:card\" content=\"summary_large_image\" \/>\n<meta name=\"twitter:label1\" content=\"Est. reading time\" \/>\n\t<meta name=\"twitter:data1\" content=\"1 minut\u0117\" \/>\n<script type=\"application\/ld+json\" class=\"yoast-schema-graph\">{\"@context\":\"https:\/\/schema.org\",\"@graph\":[{\"@type\":\"WebPage\",\"@id\":\"https:\/\/gymfactory.eu\/lt\/produktas\/d4-horizontali-koju-spaudimo-masina\/\",\"url\":\"https:\/\/gymfactory.eu\/lt\/produktas\/d4-horizontali-koju-spaudimo-masina\/\",\"name\":\"D4 horizontali koj\u0173 spaudimo ma\u0161ina | Sukurta kiekvienai sporto salei\",\"isPartOf\":{\"@id\":\"https:\/\/gymfactory.eu\/lt\/#website\"},\"primaryImageOfPage\":{\"@id\":\"https:\/\/gymfactory.eu\/lt\/produktas\/d4-horizontali-koju-spaudimo-masina\/#primaryimage\"},\"image\":{\"@id\":\"https:\/\/gymfactory.eu\/lt\/produktas\/d4-horizontali-koju-spaudimo-masina\/#primaryimage\"},\"thumbnailUrl\":\"https:\/\/gymfactory.eu\/wp-content\/uploads\/2025\/01\/gym-machine-D4-leg-press-black-front-view-1.webp\",\"datePublished\":\"2025-01-29T09:00:47+00:00\",\"dateModified\":\"2025-11-20T13:28:37+00:00\",\"description\":\"\u012erengti sporto sal\u0119 su patikima \u012franga? D4 horizontalaus koj\u0173 spaudimo treniruoklis sukurtas taip, kad veikt\u0173 skland\u017eiai, b\u016bt\u0173 ilgaam\u017eis ir u\u017etikrint\u0173 veiksmingas koj\u0173 treniruotes.\",\"breadcrumb\":{\"@id\":\"https:\/\/gymfactory.eu\/lt\/produktas\/d4-horizontali-koju-spaudimo-masina\/#breadcrumb\"},\"inLanguage\":\"lt-LT\",\"potentialAction\":[{\"@type\":\"ReadAction\",\"target\":[\"https:\/\/gymfactory.eu\/lt\/produktas\/d4-horizontali-koju-spaudimo-masina\/\"]}]},{\"@type\":\"ImageObject\",\"inLanguage\":\"lt-LT\",\"@id\":\"https:\/\/gymfactory.eu\/lt\/produktas\/d4-horizontali-koju-spaudimo-masina\/#primaryimage\",\"url\":\"https:\/\/gymfactory.eu\/wp-content\/uploads\/2025\/01\/gym-machine-D4-leg-press-black-front-view-1.webp\",\"contentUrl\":\"https:\/\/gymfactory.eu\/wp-content\/uploads\/2025\/01\/gym-machine-D4-leg-press-black-front-view-1.webp\",\"width\":1500,\"height\":1500,\"caption\":\"Visi\u0161kas D4 koj\u0173 spaudimo treniruoklio vaizdas i\u0161 priekio su raudonu r\u0117mu, juoda pamink\u0161tinta s\u0117dyne ir dvigubomis p\u0117d\u0173 plok\u0161t\u0117mis. \u0160is treniruoklis skirtas j\u0117gos pratimams, u\u017etikrina stabilum\u0105 ir kontroliuojamus judesius, kad optimaliai suaktyv\u0117t\u0173 apatin\u0117s k\u016bno dalies raumenys.\"},{\"@type\":\"BreadcrumbList\",\"@id\":\"https:\/\/gymfactory.eu\/lt\/produktas\/d4-horizontali-koju-spaudimo-masina\/#breadcrumb\",\"itemListElement\":[{\"@type\":\"ListItem\",\"position\":1,\"name\":\"Pagrindinis\",\"item\":\"https:\/\/gymfactory.eu\/lt\/\"},{\"@type\":\"ListItem\",\"position\":2,\"name\":\"Katalogas\",\"item\":\"https:\/\/gymfactory.eu\/lt\/katalogas\/\"},{\"@type\":\"ListItem\",\"position\":3,\"name\":\"D4 Koj\u0173 treniruoklis &#8211; horizontalus spaudimas\"}]},{\"@type\":\"WebSite\",\"@id\":\"https:\/\/gymfactory.eu\/lt\/#website\",\"url\":\"https:\/\/gymfactory.eu\/lt\/\",\"name\":\"Gym Factory\",\"description\":\"\",\"publisher\":{\"@id\":\"https:\/\/gymfactory.eu\/lt\/#organization\"},\"potentialAction\":[{\"@type\":\"SearchAction\",\"target\":{\"@type\":\"EntryPoint\",\"urlTemplate\":\"https:\/\/gymfactory.eu\/lt\/?s={search_term_string}\"},\"query-input\":{\"@type\":\"PropertyValueSpecification\",\"valueRequired\":true,\"valueName\":\"search_term_string\"}}],\"inLanguage\":\"lt-LT\"},{\"@type\":\"Organization\",\"@id\":\"https:\/\/gymfactory.eu\/lt\/#organization\",\"name\":\"Sporto sal\u0117s gamykla\",\"url\":\"https:\/\/gymfactory.eu\/lt\/\",\"logo\":{\"@type\":\"ImageObject\",\"inLanguage\":\"lt-LT\",\"@id\":\"https:\/\/gymfactory.eu\/lt\/#\/schema\/logo\/image\/\",\"url\":\"https:\/\/gymfactory.eu\/wp-content\/uploads\/2024\/11\/Component-1.svg\",\"contentUrl\":\"https:\/\/gymfactory.eu\/wp-content\/uploads\/2024\/11\/Component-1.svg\",\"width\":54,\"height\":44,\"caption\":\"Sporto sal\u0117s gamykla\"},\"image\":{\"@id\":\"https:\/\/gymfactory.eu\/lt\/#\/schema\/logo\/image\/\"}}]}<\/script>\n<!-- \/ Yoast SEO plugin. -->","yoast_head_json":{"title":"D4 horizontali koj\u0173 spaudimo ma\u0161ina | Sukurta kiekvienai sporto salei","description":"\u012erengti sporto sal\u0119 su patikima \u012franga? D4 horizontalaus koj\u0173 spaudimo treniruoklis sukurtas taip, kad veikt\u0173 skland\u017eiai, b\u016bt\u0173 ilgaam\u017eis ir u\u017etikrint\u0173 veiksmingas koj\u0173 treniruotes.","robots":{"index":"index","follow":"follow","max-snippet":"max-snippet:-1","max-image-preview":"max-image-preview:large","max-video-preview":"max-video-preview:-1"},"canonical":"https:\/\/gymfactory.eu\/lt\/produktas\/d4-horizontali-koju-spaudimo-masina\/","og_locale":"lt_LT","og_type":"article","og_title":"D4 horizontali koj\u0173 spaudimo ma\u0161ina | Sukurta kiekvienai sporto salei","og_description":"\u012erengti sporto sal\u0119 su patikima \u012franga? D4 horizontalaus koj\u0173 spaudimo treniruoklis sukurtas taip, kad veikt\u0173 skland\u017eiai, b\u016bt\u0173 ilgaam\u017eis ir u\u017etikrint\u0173 veiksmingas koj\u0173 treniruotes.","og_url":"https:\/\/gymfactory.eu\/lt\/produktas\/d4-horizontali-koju-spaudimo-masina\/","og_site_name":"Gym Factory","article_modified_time":"2025-11-20T13:28:37+00:00","og_image":[{"width":1500,"height":1500,"url":"https:\/\/gymfactory.eu\/wp-content\/uploads\/2025\/01\/gym-machine-D4-leg-press-black-front-view-1.webp","type":"image\/webp"}],"twitter_card":"summary_large_image","twitter_misc":{"Est. reading time":"1 minut\u0117"},"schema":{"@context":"https:\/\/schema.org","@graph":[{"@type":"WebPage","@id":"https:\/\/gymfactory.eu\/lt\/produktas\/d4-horizontali-koju-spaudimo-masina\/","url":"https:\/\/gymfactory.eu\/lt\/produktas\/d4-horizontali-koju-spaudimo-masina\/","name":"D4 horizontali koj\u0173 spaudimo ma\u0161ina | Sukurta kiekvienai sporto salei","isPartOf":{"@id":"https:\/\/gymfactory.eu\/lt\/#website"},"primaryImageOfPage":{"@id":"https:\/\/gymfactory.eu\/lt\/produktas\/d4-horizontali-koju-spaudimo-masina\/#primaryimage"},"image":{"@id":"https:\/\/gymfactory.eu\/lt\/produktas\/d4-horizontali-koju-spaudimo-masina\/#primaryimage"},"thumbnailUrl":"https:\/\/gymfactory.eu\/wp-content\/uploads\/2025\/01\/gym-machine-D4-leg-press-black-front-view-1.webp","datePublished":"2025-01-29T09:00:47+00:00","dateModified":"2025-11-20T13:28:37+00:00","description":"\u012erengti sporto sal\u0119 su patikima \u012franga? D4 horizontalaus koj\u0173 spaudimo treniruoklis sukurtas taip, kad veikt\u0173 skland\u017eiai, b\u016bt\u0173 ilgaam\u017eis ir u\u017etikrint\u0173 veiksmingas koj\u0173 treniruotes.","breadcrumb":{"@id":"https:\/\/gymfactory.eu\/lt\/produktas\/d4-horizontali-koju-spaudimo-masina\/#breadcrumb"},"inLanguage":"lt-LT","potentialAction":[{"@type":"ReadAction","target":["https:\/\/gymfactory.eu\/lt\/produktas\/d4-horizontali-koju-spaudimo-masina\/"]}]},{"@type":"ImageObject","inLanguage":"lt-LT","@id":"https:\/\/gymfactory.eu\/lt\/produktas\/d4-horizontali-koju-spaudimo-masina\/#primaryimage","url":"https:\/\/gymfactory.eu\/wp-content\/uploads\/2025\/01\/gym-machine-D4-leg-press-black-front-view-1.webp","contentUrl":"https:\/\/gymfactory.eu\/wp-content\/uploads\/2025\/01\/gym-machine-D4-leg-press-black-front-view-1.webp","width":1500,"height":1500,"caption":"Visi\u0161kas D4 koj\u0173 spaudimo treniruoklio vaizdas i\u0161 priekio su raudonu r\u0117mu, juoda pamink\u0161tinta s\u0117dyne ir dvigubomis p\u0117d\u0173 plok\u0161t\u0117mis. \u0160is treniruoklis skirtas j\u0117gos pratimams, u\u017etikrina stabilum\u0105 ir kontroliuojamus judesius, kad optimaliai suaktyv\u0117t\u0173 apatin\u0117s k\u016bno dalies raumenys."},{"@type":"BreadcrumbList","@id":"https:\/\/gymfactory.eu\/lt\/produktas\/d4-horizontali-koju-spaudimo-masina\/#breadcrumb","itemListElement":[{"@type":"ListItem","position":1,"name":"Pagrindinis","item":"https:\/\/gymfactory.eu\/lt\/"},{"@type":"ListItem","position":2,"name":"Katalogas","item":"https:\/\/gymfactory.eu\/lt\/katalogas\/"},{"@type":"ListItem","position":3,"name":"D4 Koj\u0173 treniruoklis &#8211; horizontalus spaudimas"}]},{"@type":"WebSite","@id":"https:\/\/gymfactory.eu\/lt\/#website","url":"https:\/\/gymfactory.eu\/lt\/","name":"Gym Factory","description":"","publisher":{"@id":"https:\/\/gymfactory.eu\/lt\/#organization"},"potentialAction":[{"@type":"SearchAction","target":{"@type":"EntryPoint","urlTemplate":"https:\/\/gymfactory.eu\/lt\/?s={search_term_string}"},"query-input":{"@type":"PropertyValueSpecification","valueRequired":true,"valueName":"search_term_string"}}],"inLanguage":"lt-LT"},{"@type":"Organization","@id":"https:\/\/gymfactory.eu\/lt\/#organization","name":"Sporto sal\u0117s gamykla","url":"https:\/\/gymfactory.eu\/lt\/","logo":{"@type":"ImageObject","inLanguage":"lt-LT","@id":"https:\/\/gymfactory.eu\/lt\/#\/schema\/logo\/image\/","url":"https:\/\/gymfactory.eu\/wp-content\/uploads\/2024\/11\/Component-1.svg","contentUrl":"https:\/\/gymfactory.eu\/wp-content\/uploads\/2024\/11\/Component-1.svg","width":54,"height":44,"caption":"Sporto sal\u0117s gamykla"},"image":{"@id":"https:\/\/gymfactory.eu\/lt\/#\/schema\/logo\/image\/"}}]}},"_links":{"self":[{"href":"https:\/\/gymfactory.eu\/lt\/wp-json\/wp\/v2\/product\/10340","targetHints":{"allow":["GET"]}}],"collection":[{"href":"https:\/\/gymfactory.eu\/lt\/wp-json\/wp\/v2\/product"}],"about":[{"href":"https:\/\/gymfactory.eu\/lt\/wp-json\/wp\/v2\/types\/product"}],"wp:featuredmedia":[{"embeddable":true,"href":"https:\/\/gymfactory.eu\/lt\/wp-json\/wp\/v2\/media\/8653"}],"wp:attachment":[{"href":"https:\/\/gymfactory.eu\/lt\/wp-json\/wp\/v2\/media?parent=10340"}],"wp:term":[{"taxonomy":"product_brand","embeddable":true,"href":"https:\/\/gymfactory.eu\/lt\/wp-json\/wp\/v2\/product_brand?post=10340"},{"taxonomy":"product_cat","embeddable":true,"href":"https:\/\/gymfactory.eu\/lt\/wp-json\/wp\/v2\/product_cat?post=10340"},{"taxonomy":"product_tag","embeddable":true,"href":"https:\/\/gymfactory.eu\/lt\/wp-json\/wp\/v2\/product_tag?post=10340"}],"curies":[{"name":"wp","href":"https:\/\/api.w.org\/{rel}","templated":true}]}}