{"id":10334,"date":"2025-01-31T13:19:54","date_gmt":"2025-01-31T11:19:54","guid":{"rendered":"https:\/\/gymfactory.eu\/product\/l7y-linijine-eiliavimo-masina\/"},"modified":"2025-11-21T14:18:39","modified_gmt":"2025-11-21T12:18:39","slug":"l7y-linijine-eiliavimo-masina","status":"publish","type":"product","link":"https:\/\/gymfactory.eu\/lt\/produktas\/l7y-linijine-eiliavimo-masina\/","title":{"rendered":"L7Y Nugaros treniruoklis &#8211; linijin\u0117 trauka"},"content":{"rendered":"<p>L7Y linijin\u0117s traukos treniruoklis sukurtas nugaros j\u0117gai lavinti per skland\u0173, kontroliuojam\u0105 traukos judes\u012f. Tvirtas r\u0117mas, kokybi\u0161ki guoliai ir keli reguliavimo ta\u0161kai leid\u017eia tiksliai prisitaikyti prie individuali\u0173 treniruo\u010di\u0173 poreiki\u0173. Tinka tiek profesionaliems sporto klubams, tiek treniruot\u0117ms namuose.<\/p>\n<p>Treniruoklis skirtas kampiniams traukos pratimams, kurie stiprina plat\u0173j\u012f nugaros raumen\u012f, vidurin\u0119 nugaros dal\u012f, galinius delt\u0173 raumenis. Reguliuojamas ranken\u0173 atstumas leid\u017eia keisti su\u0117mimo plot\u012f, o 360\u00b0 pasukamos rankenos prisitaiko prie nat\u016bralaus rie\u0161o judesio traukos metu. Rankenos juda fiksuota linija guoliais, tod\u0117l kiekvienas pakartojimas yra tikslus ir sklandus.<\/p>\n<p>Taip pat reguliuojamas nugaros atramos kampas ir koj\u0173 platformos auk\u0161tis, kad treniruot\u0117 b\u016bt\u0173 patogi ir efektyvi pagal individualius \u012fpro\u010dius ar k\u016bno sud\u0117jim\u0105.<\/p>\n<p>L7Y \u2013 funkcionalus ir tikslus \u012frankis vir\u0161utinei k\u016bno daliai lavinti, leid\u017eiantis nukreipti kr\u016bv\u012f ten, kur jo reikia labiausiai.<\/p>\n\n    <div class=\"xs_social_share_widget xs_share_url after_content \t\tmain_content  wslu-style-1 wslu-share-box-shaped wslu-fill-colored wslu-none wslu-share-horizontal wslu-theme-font-no wslu-main_content\">\n\n\t\t\n        <ul>\n\t\t\t        <\/ul>\n    <\/div> \n","protected":false},"excerpt":{"rendered":"<p>L7Y linijin\u0117s traukos treniruoklis sukurtas nugaros j\u0117gai lavinti per skland\u0173, kontroliuojam\u0105 traukos judes\u012f. Tvirtas r\u0117mas, kokybi\u0161ki guoliai ir keli reguliavimo ta\u0161kai leid\u017eia tiksliai prisitaikyti prie individuali\u0173 treniruo\u010di\u0173 poreiki\u0173. Tinka tiek profesionaliems sporto klubams, tiek treniruot\u0117ms namuose. Treniruoklis skirtas kampiniams traukos pratimams, kurie stiprina plat\u0173j\u012f nugaros raumen\u012f, vidurin\u0119 nugaros dal\u012f, galinius delt\u0173 raumenis. Reguliuojamas ranken\u0173 atstumas [&hellip;]<\/p>\n","protected":false},"featured_media":8992,"template":"","meta":{"_acf_changed":false},"product_brand":[817],"product_cat":[421],"product_tag":[],"class_list":{"0":"post-10334","1":"product","2":"type-product","3":"status-publish","4":"has-post-thumbnail","6":"product_brand-gym-factory-lt","7":"product_cat-laisvu-svoriu-treniruokliai","9":"first","10":"onbackorder","11":"taxable","12":"shipping-taxable","13":"purchasable","14":"product-type-variable","15":"has-default-attributes"},"acf":[],"yoast_head":"<!-- This site is optimized with the Yoast SEO plugin v25.2 - https:\/\/yoast.com\/wordpress\/plugins\/seo\/ -->\n<title>L7Y linijin\u0117 eiliavimo ma\u0161ina | Stiprumo treniruo\u010di\u0173 \u012franga nugarai<\/title>\n<meta name=\"description\" content=\"Norite sustiprinti nugar\u0105 ir \u012fgyti rimt\u0105 traukos j\u0117g\u0105? L7Y linijinis irklavimo treniruoklis L7Y u\u017etikrina tolyg\u0173 pasiprie\u0161inim\u0105, kad gal\u0117tum\u0117te kryptingai treniruoti j\u0117g\u0105 ir pasiekti rezultat\u0173.\" \/>\n<meta name=\"robots\" content=\"index, follow, max-snippet:-1, max-image-preview:large, max-video-preview:-1\" \/>\n<link rel=\"canonical\" href=\"https:\/\/gymfactory.eu\/lt\/produktas\/l7y-linijine-eiliavimo-masina\/\" \/>\n<meta property=\"og:locale\" content=\"lt_LT\" \/>\n<meta property=\"og:type\" content=\"article\" \/>\n<meta property=\"og:title\" content=\"L7Y linijin\u0117 eiliavimo ma\u0161ina | Stiprumo treniruo\u010di\u0173 \u012franga nugarai\" \/>\n<meta property=\"og:description\" content=\"Norite sustiprinti nugar\u0105 ir \u012fgyti rimt\u0105 traukos j\u0117g\u0105? L7Y linijinis irklavimo treniruoklis L7Y u\u017etikrina tolyg\u0173 pasiprie\u0161inim\u0105, kad gal\u0117tum\u0117te kryptingai treniruoti j\u0117g\u0105 ir pasiekti rezultat\u0173.\" \/>\n<meta property=\"og:url\" content=\"https:\/\/gymfactory.eu\/lt\/produktas\/l7y-linijine-eiliavimo-masina\/\" \/>\n<meta property=\"og:site_name\" content=\"Gym Factory\" \/>\n<meta property=\"article:modified_time\" content=\"2025-11-21T12:18:39+00:00\" \/>\n<meta property=\"og:image\" content=\"https:\/\/gymfactory.eu\/wp-content\/uploads\/2025\/01\/gym-machine-L7Y-seated-calf-raise-side-angle-1-1.webp\" \/>\n\t<meta property=\"og:image:width\" content=\"1500\" \/>\n\t<meta property=\"og:image:height\" content=\"1500\" \/>\n\t<meta property=\"og:image:type\" content=\"image\/webp\" \/>\n<meta name=\"twitter:card\" content=\"summary_large_image\" \/>\n<meta name=\"twitter:label1\" content=\"Est. reading time\" \/>\n\t<meta name=\"twitter:data1\" content=\"1 minut\u0117\" \/>\n<script type=\"application\/ld+json\" class=\"yoast-schema-graph\">{\"@context\":\"https:\/\/schema.org\",\"@graph\":[{\"@type\":\"WebPage\",\"@id\":\"https:\/\/gymfactory.eu\/lt\/produktas\/l7y-linijine-eiliavimo-masina\/\",\"url\":\"https:\/\/gymfactory.eu\/lt\/produktas\/l7y-linijine-eiliavimo-masina\/\",\"name\":\"L7Y linijin\u0117 eiliavimo ma\u0161ina | Stiprumo treniruo\u010di\u0173 \u012franga nugarai\",\"isPartOf\":{\"@id\":\"https:\/\/gymfactory.eu\/lt\/#website\"},\"primaryImageOfPage\":{\"@id\":\"https:\/\/gymfactory.eu\/lt\/produktas\/l7y-linijine-eiliavimo-masina\/#primaryimage\"},\"image\":{\"@id\":\"https:\/\/gymfactory.eu\/lt\/produktas\/l7y-linijine-eiliavimo-masina\/#primaryimage\"},\"thumbnailUrl\":\"https:\/\/gymfactory.eu\/wp-content\/uploads\/2025\/01\/gym-machine-L7Y-seated-calf-raise-side-angle-1-1.webp\",\"datePublished\":\"2025-01-31T11:19:54+00:00\",\"dateModified\":\"2025-11-21T12:18:39+00:00\",\"description\":\"Norite sustiprinti nugar\u0105 ir \u012fgyti rimt\u0105 traukos j\u0117g\u0105? L7Y linijinis irklavimo treniruoklis L7Y u\u017etikrina tolyg\u0173 pasiprie\u0161inim\u0105, kad gal\u0117tum\u0117te kryptingai treniruoti j\u0117g\u0105 ir pasiekti rezultat\u0173.\",\"breadcrumb\":{\"@id\":\"https:\/\/gymfactory.eu\/lt\/produktas\/l7y-linijine-eiliavimo-masina\/#breadcrumb\"},\"inLanguage\":\"lt-LT\",\"potentialAction\":[{\"@type\":\"ReadAction\",\"target\":[\"https:\/\/gymfactory.eu\/lt\/produktas\/l7y-linijine-eiliavimo-masina\/\"]}]},{\"@type\":\"ImageObject\",\"inLanguage\":\"lt-LT\",\"@id\":\"https:\/\/gymfactory.eu\/lt\/produktas\/l7y-linijine-eiliavimo-masina\/#primaryimage\",\"url\":\"https:\/\/gymfactory.eu\/wp-content\/uploads\/2025\/01\/gym-machine-L7Y-seated-calf-raise-side-angle-1-1.webp\",\"contentUrl\":\"https:\/\/gymfactory.eu\/wp-content\/uploads\/2025\/01\/gym-machine-L7Y-seated-calf-raise-side-angle-1-1.webp\",\"width\":1500,\"height\":1500,\"caption\":\"S\u0117dimos blauzd\u0173 k\u0117limo treniruoklio vaizdas i\u0161 \u0161ono, i\u0161ry\u0161kinantis tvirt\u0105 r\u0117m\u0105, pamink\u0161tint\u0105 s\u0117dyn\u0119 ir ergonomi\u0161k\u0105 dizain\u0105. Dvigubos chromuotos kreipian\u010diosios u\u017etikrina skland\u0173 jud\u0117jim\u0105, o plok\u0161teli\u0173 pasiprie\u0161inimo sistema leid\u017eia reguliuoti svor\u012f. Puikiai tinka sporto sal\u0117s lankytojams, norintiems kontroliuoti ir treniruoti blauzdas.\"},{\"@type\":\"BreadcrumbList\",\"@id\":\"https:\/\/gymfactory.eu\/lt\/produktas\/l7y-linijine-eiliavimo-masina\/#breadcrumb\",\"itemListElement\":[{\"@type\":\"ListItem\",\"position\":1,\"name\":\"Pagrindinis\",\"item\":\"https:\/\/gymfactory.eu\/lt\/\"},{\"@type\":\"ListItem\",\"position\":2,\"name\":\"Katalogas\",\"item\":\"https:\/\/gymfactory.eu\/lt\/katalogas\/\"},{\"@type\":\"ListItem\",\"position\":3,\"name\":\"L7Y Nugaros treniruoklis &#8211; linijin\u0117 trauka\"}]},{\"@type\":\"WebSite\",\"@id\":\"https:\/\/gymfactory.eu\/lt\/#website\",\"url\":\"https:\/\/gymfactory.eu\/lt\/\",\"name\":\"Gym Factory\",\"description\":\"\",\"publisher\":{\"@id\":\"https:\/\/gymfactory.eu\/lt\/#organization\"},\"potentialAction\":[{\"@type\":\"SearchAction\",\"target\":{\"@type\":\"EntryPoint\",\"urlTemplate\":\"https:\/\/gymfactory.eu\/lt\/?s={search_term_string}\"},\"query-input\":{\"@type\":\"PropertyValueSpecification\",\"valueRequired\":true,\"valueName\":\"search_term_string\"}}],\"inLanguage\":\"lt-LT\"},{\"@type\":\"Organization\",\"@id\":\"https:\/\/gymfactory.eu\/lt\/#organization\",\"name\":\"Sporto sal\u0117s gamykla\",\"url\":\"https:\/\/gymfactory.eu\/lt\/\",\"logo\":{\"@type\":\"ImageObject\",\"inLanguage\":\"lt-LT\",\"@id\":\"https:\/\/gymfactory.eu\/lt\/#\/schema\/logo\/image\/\",\"url\":\"https:\/\/gymfactory.eu\/wp-content\/uploads\/2024\/11\/Component-1.svg\",\"contentUrl\":\"https:\/\/gymfactory.eu\/wp-content\/uploads\/2024\/11\/Component-1.svg\",\"width\":54,\"height\":44,\"caption\":\"Sporto sal\u0117s gamykla\"},\"image\":{\"@id\":\"https:\/\/gymfactory.eu\/lt\/#\/schema\/logo\/image\/\"}}]}<\/script>\n<!-- \/ Yoast SEO plugin. -->","yoast_head_json":{"title":"L7Y linijin\u0117 eiliavimo ma\u0161ina | Stiprumo treniruo\u010di\u0173 \u012franga nugarai","description":"Norite sustiprinti nugar\u0105 ir \u012fgyti rimt\u0105 traukos j\u0117g\u0105? L7Y linijinis irklavimo treniruoklis L7Y u\u017etikrina tolyg\u0173 pasiprie\u0161inim\u0105, kad gal\u0117tum\u0117te kryptingai treniruoti j\u0117g\u0105 ir pasiekti rezultat\u0173.","robots":{"index":"index","follow":"follow","max-snippet":"max-snippet:-1","max-image-preview":"max-image-preview:large","max-video-preview":"max-video-preview:-1"},"canonical":"https:\/\/gymfactory.eu\/lt\/produktas\/l7y-linijine-eiliavimo-masina\/","og_locale":"lt_LT","og_type":"article","og_title":"L7Y linijin\u0117 eiliavimo ma\u0161ina | Stiprumo treniruo\u010di\u0173 \u012franga nugarai","og_description":"Norite sustiprinti nugar\u0105 ir \u012fgyti rimt\u0105 traukos j\u0117g\u0105? L7Y linijinis irklavimo treniruoklis L7Y u\u017etikrina tolyg\u0173 pasiprie\u0161inim\u0105, kad gal\u0117tum\u0117te kryptingai treniruoti j\u0117g\u0105 ir pasiekti rezultat\u0173.","og_url":"https:\/\/gymfactory.eu\/lt\/produktas\/l7y-linijine-eiliavimo-masina\/","og_site_name":"Gym Factory","article_modified_time":"2025-11-21T12:18:39+00:00","og_image":[{"width":1500,"height":1500,"url":"https:\/\/gymfactory.eu\/wp-content\/uploads\/2025\/01\/gym-machine-L7Y-seated-calf-raise-side-angle-1-1.webp","type":"image\/webp"}],"twitter_card":"summary_large_image","twitter_misc":{"Est. reading time":"1 minut\u0117"},"schema":{"@context":"https:\/\/schema.org","@graph":[{"@type":"WebPage","@id":"https:\/\/gymfactory.eu\/lt\/produktas\/l7y-linijine-eiliavimo-masina\/","url":"https:\/\/gymfactory.eu\/lt\/produktas\/l7y-linijine-eiliavimo-masina\/","name":"L7Y linijin\u0117 eiliavimo ma\u0161ina | Stiprumo treniruo\u010di\u0173 \u012franga nugarai","isPartOf":{"@id":"https:\/\/gymfactory.eu\/lt\/#website"},"primaryImageOfPage":{"@id":"https:\/\/gymfactory.eu\/lt\/produktas\/l7y-linijine-eiliavimo-masina\/#primaryimage"},"image":{"@id":"https:\/\/gymfactory.eu\/lt\/produktas\/l7y-linijine-eiliavimo-masina\/#primaryimage"},"thumbnailUrl":"https:\/\/gymfactory.eu\/wp-content\/uploads\/2025\/01\/gym-machine-L7Y-seated-calf-raise-side-angle-1-1.webp","datePublished":"2025-01-31T11:19:54+00:00","dateModified":"2025-11-21T12:18:39+00:00","description":"Norite sustiprinti nugar\u0105 ir \u012fgyti rimt\u0105 traukos j\u0117g\u0105? L7Y linijinis irklavimo treniruoklis L7Y u\u017etikrina tolyg\u0173 pasiprie\u0161inim\u0105, kad gal\u0117tum\u0117te kryptingai treniruoti j\u0117g\u0105 ir pasiekti rezultat\u0173.","breadcrumb":{"@id":"https:\/\/gymfactory.eu\/lt\/produktas\/l7y-linijine-eiliavimo-masina\/#breadcrumb"},"inLanguage":"lt-LT","potentialAction":[{"@type":"ReadAction","target":["https:\/\/gymfactory.eu\/lt\/produktas\/l7y-linijine-eiliavimo-masina\/"]}]},{"@type":"ImageObject","inLanguage":"lt-LT","@id":"https:\/\/gymfactory.eu\/lt\/produktas\/l7y-linijine-eiliavimo-masina\/#primaryimage","url":"https:\/\/gymfactory.eu\/wp-content\/uploads\/2025\/01\/gym-machine-L7Y-seated-calf-raise-side-angle-1-1.webp","contentUrl":"https:\/\/gymfactory.eu\/wp-content\/uploads\/2025\/01\/gym-machine-L7Y-seated-calf-raise-side-angle-1-1.webp","width":1500,"height":1500,"caption":"S\u0117dimos blauzd\u0173 k\u0117limo treniruoklio vaizdas i\u0161 \u0161ono, i\u0161ry\u0161kinantis tvirt\u0105 r\u0117m\u0105, pamink\u0161tint\u0105 s\u0117dyn\u0119 ir ergonomi\u0161k\u0105 dizain\u0105. Dvigubos chromuotos kreipian\u010diosios u\u017etikrina skland\u0173 jud\u0117jim\u0105, o plok\u0161teli\u0173 pasiprie\u0161inimo sistema leid\u017eia reguliuoti svor\u012f. Puikiai tinka sporto sal\u0117s lankytojams, norintiems kontroliuoti ir treniruoti blauzdas."},{"@type":"BreadcrumbList","@id":"https:\/\/gymfactory.eu\/lt\/produktas\/l7y-linijine-eiliavimo-masina\/#breadcrumb","itemListElement":[{"@type":"ListItem","position":1,"name":"Pagrindinis","item":"https:\/\/gymfactory.eu\/lt\/"},{"@type":"ListItem","position":2,"name":"Katalogas","item":"https:\/\/gymfactory.eu\/lt\/katalogas\/"},{"@type":"ListItem","position":3,"name":"L7Y Nugaros treniruoklis &#8211; linijin\u0117 trauka"}]},{"@type":"WebSite","@id":"https:\/\/gymfactory.eu\/lt\/#website","url":"https:\/\/gymfactory.eu\/lt\/","name":"Gym Factory","description":"","publisher":{"@id":"https:\/\/gymfactory.eu\/lt\/#organization"},"potentialAction":[{"@type":"SearchAction","target":{"@type":"EntryPoint","urlTemplate":"https:\/\/gymfactory.eu\/lt\/?s={search_term_string}"},"query-input":{"@type":"PropertyValueSpecification","valueRequired":true,"valueName":"search_term_string"}}],"inLanguage":"lt-LT"},{"@type":"Organization","@id":"https:\/\/gymfactory.eu\/lt\/#organization","name":"Sporto sal\u0117s gamykla","url":"https:\/\/gymfactory.eu\/lt\/","logo":{"@type":"ImageObject","inLanguage":"lt-LT","@id":"https:\/\/gymfactory.eu\/lt\/#\/schema\/logo\/image\/","url":"https:\/\/gymfactory.eu\/wp-content\/uploads\/2024\/11\/Component-1.svg","contentUrl":"https:\/\/gymfactory.eu\/wp-content\/uploads\/2024\/11\/Component-1.svg","width":54,"height":44,"caption":"Sporto sal\u0117s gamykla"},"image":{"@id":"https:\/\/gymfactory.eu\/lt\/#\/schema\/logo\/image\/"}}]}},"_links":{"self":[{"href":"https:\/\/gymfactory.eu\/lt\/wp-json\/wp\/v2\/product\/10334","targetHints":{"allow":["GET"]}}],"collection":[{"href":"https:\/\/gymfactory.eu\/lt\/wp-json\/wp\/v2\/product"}],"about":[{"href":"https:\/\/gymfactory.eu\/lt\/wp-json\/wp\/v2\/types\/product"}],"wp:featuredmedia":[{"embeddable":true,"href":"https:\/\/gymfactory.eu\/lt\/wp-json\/wp\/v2\/media\/8992"}],"wp:attachment":[{"href":"https:\/\/gymfactory.eu\/lt\/wp-json\/wp\/v2\/media?parent=10334"}],"wp:term":[{"taxonomy":"product_brand","embeddable":true,"href":"https:\/\/gymfactory.eu\/lt\/wp-json\/wp\/v2\/product_brand?post=10334"},{"taxonomy":"product_cat","embeddable":true,"href":"https:\/\/gymfactory.eu\/lt\/wp-json\/wp\/v2\/product_cat?post=10334"},{"taxonomy":"product_tag","embeddable":true,"href":"https:\/\/gymfactory.eu\/lt\/wp-json\/wp\/v2\/product_tag?post=10334"}],"curies":[{"name":"wp","href":"https:\/\/api.w.org\/{rel}","templated":true}]}}