{"id":10328,"date":"2025-01-31T12:57:47","date_gmt":"2025-01-31T10:57:47","guid":{"rendered":"https:\/\/gymfactory.eu\/product\/l7-sverto-sedimuju-eiliu-masina\/"},"modified":"2025-11-21T14:09:23","modified_gmt":"2025-11-21T12:09:23","slug":"l7-sverto-sedimuju-eiliu-masina","status":"publish","type":"product","link":"https:\/\/gymfactory.eu\/lt\/produktas\/l7-sverto-sedimuju-eiliu-masina\/","title":{"rendered":"L7 Nugaros treniruoklis &#8211; horizontali trauka"},"content":{"rendered":"<p>L7 nugaros treniruoklis-horizontali trauka \u2013 patikimas sprendimas stiprinti vir\u0161utin\u0119 k\u016bno dal\u012f. Tvirta konstrukcija ir svirties mechanizmas u\u017etikrina skland\u0173, kontroliuojam\u0105 judes\u012f, leid\u017eiant\u012f efektyviai lavinti nugar\u0105 be papildomos apkrovos juosmeniui. Tinka tiek profesionaliems sporto klubams, tiek individualioms treniruot\u0117ms namuose.<\/p>\n<p>Treniruoklis skirtas traukoms s\u0117dint, kurios aktyvina vidurin\u0119 ir vir\u0161utin\u0119 nugaros dal\u012f \u2013 pla\u010diuosius nugaros raumenis, trapecij\u0105, galinius delt\u0173 raumenis. Judesio metu taip pat dirba bicepsai ir dilbiai. Reguliuojamas s\u0117dyn\u0117s ir kr\u016btin\u0117s atramos auk\u0161tis leid\u017eia prisitaikyti prie individualios k\u016bno pad\u0117ties. Judanti kr\u016btin\u0117s atrama, padeda i\u0161laikyti taisykling\u0105 laikysen\u0105 ir suteikia daugiau komforto.<\/p>\n<p>Traukos eiga prasideda siaurai ir baigiasi pla\u010diau \u2013 toks judesys leid\u017eia raumenims dirbti nat\u016braliai, o rankena su keliais su\u0117mimo variantais padeda keisti akcentuojamas raumen\u0173 grupes.<\/p>\n<p>L7 \u2013 puikus pasirinkimas norintiems saugiai ir efektyviai lavinti nugaros j\u0117g\u0105 bei laikysen\u0105.<\/p>\n\n    <div class=\"xs_social_share_widget xs_share_url after_content \t\tmain_content  wslu-style-1 wslu-share-box-shaped wslu-fill-colored wslu-none wslu-share-horizontal wslu-theme-font-no wslu-main_content\">\n\n\t\t\n        <ul>\n\t\t\t        <\/ul>\n    <\/div> \n","protected":false},"excerpt":{"rendered":"<p>L7 nugaros treniruoklis-horizontali trauka \u2013 patikimas sprendimas stiprinti vir\u0161utin\u0119 k\u016bno dal\u012f. Tvirta konstrukcija ir svirties mechanizmas u\u017etikrina skland\u0173, kontroliuojam\u0105 judes\u012f, leid\u017eiant\u012f efektyviai lavinti nugar\u0105 be papildomos apkrovos juosmeniui. Tinka tiek profesionaliems sporto klubams, tiek individualioms treniruot\u0117ms namuose. Treniruoklis skirtas traukoms s\u0117dint, kurios aktyvina vidurin\u0119 ir vir\u0161utin\u0119 nugaros dal\u012f \u2013 pla\u010diuosius nugaros raumenis, trapecij\u0105, galinius delt\u0173 [&hellip;]<\/p>\n","protected":false},"featured_media":23538,"template":"","meta":{"_acf_changed":false},"product_brand":[817],"product_cat":[421],"product_tag":[],"class_list":{"0":"post-10328","1":"product","2":"type-product","3":"status-publish","4":"has-post-thumbnail","6":"product_brand-gym-factory-lt","7":"product_cat-laisvu-svoriu-treniruokliai","9":"first","10":"onbackorder","11":"taxable","12":"shipping-taxable","13":"purchasable","14":"product-type-variable","15":"has-default-attributes"},"acf":[],"yoast_head":"<!-- This site is optimized with the Yoast SEO plugin v25.2 - https:\/\/yoast.com\/wordpress\/plugins\/seo\/ -->\n<title>L7 s\u0117dim\u0173j\u0173 eili\u0173 ma\u0161ina | Stiprinimo \u012franga nugarai<\/title>\n<meta name=\"description\" content=\"Norite sustiprinti nugar\u0105? &quot;L7 Seated Row Machine&quot; - tai j\u0117gos \u012franga, skirta galingoms vir\u0161utin\u0117s k\u016bno dalies treniruot\u0117ms ir efektyviam nugaros lavinimui.\" \/>\n<meta name=\"robots\" content=\"index, follow, max-snippet:-1, max-image-preview:large, max-video-preview:-1\" \/>\n<link rel=\"canonical\" href=\"https:\/\/gymfactory.eu\/lt\/produktas\/l7-sverto-sedimuju-eiliu-masina\/\" \/>\n<meta property=\"og:locale\" content=\"lt_LT\" \/>\n<meta property=\"og:type\" content=\"article\" \/>\n<meta property=\"og:title\" content=\"L7 s\u0117dim\u0173j\u0173 eili\u0173 ma\u0161ina | Stiprinimo \u012franga nugarai\" \/>\n<meta property=\"og:description\" content=\"Norite sustiprinti nugar\u0105? &quot;L7 Seated Row Machine&quot; - tai j\u0117gos \u012franga, skirta galingoms vir\u0161utin\u0117s k\u016bno dalies treniruot\u0117ms ir efektyviam nugaros lavinimui.\" \/>\n<meta property=\"og:url\" content=\"https:\/\/gymfactory.eu\/lt\/produktas\/l7-sverto-sedimuju-eiliu-masina\/\" \/>\n<meta property=\"og:site_name\" content=\"Gym Factory\" \/>\n<meta property=\"article:modified_time\" content=\"2025-11-21T12:09:23+00:00\" \/>\n<meta property=\"og:image\" content=\"https:\/\/gymfactory.eu\/wp-content\/uploads\/2025\/01\/gym-machine-L7-lever-seated-row-side-view-2.webp\" \/>\n\t<meta property=\"og:image:width\" content=\"1500\" \/>\n\t<meta property=\"og:image:height\" content=\"1500\" \/>\n\t<meta property=\"og:image:type\" content=\"image\/webp\" \/>\n<meta name=\"twitter:card\" content=\"summary_large_image\" \/>\n<meta name=\"twitter:label1\" content=\"Est. reading time\" \/>\n\t<meta name=\"twitter:data1\" content=\"1 minut\u0117\" \/>\n<script type=\"application\/ld+json\" class=\"yoast-schema-graph\">{\"@context\":\"https:\/\/schema.org\",\"@graph\":[{\"@type\":\"WebPage\",\"@id\":\"https:\/\/gymfactory.eu\/lt\/produktas\/l7-sverto-sedimuju-eiliu-masina\/\",\"url\":\"https:\/\/gymfactory.eu\/lt\/produktas\/l7-sverto-sedimuju-eiliu-masina\/\",\"name\":\"L7 s\u0117dim\u0173j\u0173 eili\u0173 ma\u0161ina | Stiprinimo \u012franga nugarai\",\"isPartOf\":{\"@id\":\"https:\/\/gymfactory.eu\/lt\/#website\"},\"primaryImageOfPage\":{\"@id\":\"https:\/\/gymfactory.eu\/lt\/produktas\/l7-sverto-sedimuju-eiliu-masina\/#primaryimage\"},\"image\":{\"@id\":\"https:\/\/gymfactory.eu\/lt\/produktas\/l7-sverto-sedimuju-eiliu-masina\/#primaryimage\"},\"thumbnailUrl\":\"https:\/\/gymfactory.eu\/wp-content\/uploads\/2025\/01\/gym-machine-L7-lever-seated-row-side-view.webp\",\"datePublished\":\"2025-01-31T10:57:47+00:00\",\"dateModified\":\"2025-11-21T12:09:23+00:00\",\"description\":\"Norite sustiprinti nugar\u0105? \\\"L7 Seated Row Machine\\\" - tai j\u0117gos \u012franga, skirta galingoms vir\u0161utin\u0117s k\u016bno dalies treniruot\u0117ms ir efektyviam nugaros lavinimui.\",\"breadcrumb\":{\"@id\":\"https:\/\/gymfactory.eu\/lt\/produktas\/l7-sverto-sedimuju-eiliu-masina\/#breadcrumb\"},\"inLanguage\":\"lt-LT\",\"potentialAction\":[{\"@type\":\"ReadAction\",\"target\":[\"https:\/\/gymfactory.eu\/lt\/produktas\/l7-sverto-sedimuju-eiliu-masina\/\"]}]},{\"@type\":\"ImageObject\",\"inLanguage\":\"lt-LT\",\"@id\":\"https:\/\/gymfactory.eu\/lt\/produktas\/l7-sverto-sedimuju-eiliu-masina\/#primaryimage\",\"url\":\"https:\/\/gymfactory.eu\/wp-content\/uploads\/2025\/01\/gym-machine-L7-lever-seated-row-side-view.webp\",\"contentUrl\":\"https:\/\/gymfactory.eu\/wp-content\/uploads\/2025\/01\/gym-machine-L7-lever-seated-row-side-view.webp\",\"width\":1500,\"height\":1500,\"caption\":\"Gym machine L7 lever seated row side view\"},{\"@type\":\"BreadcrumbList\",\"@id\":\"https:\/\/gymfactory.eu\/lt\/produktas\/l7-sverto-sedimuju-eiliu-masina\/#breadcrumb\",\"itemListElement\":[{\"@type\":\"ListItem\",\"position\":1,\"name\":\"Pagrindinis\",\"item\":\"https:\/\/gymfactory.eu\/lt\/\"},{\"@type\":\"ListItem\",\"position\":2,\"name\":\"Katalogas\",\"item\":\"https:\/\/gymfactory.eu\/lt\/katalogas\/\"},{\"@type\":\"ListItem\",\"position\":3,\"name\":\"L7 Nugaros treniruoklis &#8211; horizontali trauka\"}]},{\"@type\":\"WebSite\",\"@id\":\"https:\/\/gymfactory.eu\/lt\/#website\",\"url\":\"https:\/\/gymfactory.eu\/lt\/\",\"name\":\"Gym Factory\",\"description\":\"\",\"publisher\":{\"@id\":\"https:\/\/gymfactory.eu\/lt\/#organization\"},\"potentialAction\":[{\"@type\":\"SearchAction\",\"target\":{\"@type\":\"EntryPoint\",\"urlTemplate\":\"https:\/\/gymfactory.eu\/lt\/?s={search_term_string}\"},\"query-input\":{\"@type\":\"PropertyValueSpecification\",\"valueRequired\":true,\"valueName\":\"search_term_string\"}}],\"inLanguage\":\"lt-LT\"},{\"@type\":\"Organization\",\"@id\":\"https:\/\/gymfactory.eu\/lt\/#organization\",\"name\":\"Sporto sal\u0117s gamykla\",\"url\":\"https:\/\/gymfactory.eu\/lt\/\",\"logo\":{\"@type\":\"ImageObject\",\"inLanguage\":\"lt-LT\",\"@id\":\"https:\/\/gymfactory.eu\/lt\/#\/schema\/logo\/image\/\",\"url\":\"https:\/\/gymfactory.eu\/wp-content\/uploads\/2024\/11\/Component-1.svg\",\"contentUrl\":\"https:\/\/gymfactory.eu\/wp-content\/uploads\/2024\/11\/Component-1.svg\",\"width\":54,\"height\":44,\"caption\":\"Sporto sal\u0117s gamykla\"},\"image\":{\"@id\":\"https:\/\/gymfactory.eu\/lt\/#\/schema\/logo\/image\/\"}}]}<\/script>\n<!-- \/ Yoast SEO plugin. -->","yoast_head_json":{"title":"L7 s\u0117dim\u0173j\u0173 eili\u0173 ma\u0161ina | Stiprinimo \u012franga nugarai","description":"Norite sustiprinti nugar\u0105? \"L7 Seated Row Machine\" - tai j\u0117gos \u012franga, skirta galingoms vir\u0161utin\u0117s k\u016bno dalies treniruot\u0117ms ir efektyviam nugaros lavinimui.","robots":{"index":"index","follow":"follow","max-snippet":"max-snippet:-1","max-image-preview":"max-image-preview:large","max-video-preview":"max-video-preview:-1"},"canonical":"https:\/\/gymfactory.eu\/lt\/produktas\/l7-sverto-sedimuju-eiliu-masina\/","og_locale":"lt_LT","og_type":"article","og_title":"L7 s\u0117dim\u0173j\u0173 eili\u0173 ma\u0161ina | Stiprinimo \u012franga nugarai","og_description":"Norite sustiprinti nugar\u0105? \"L7 Seated Row Machine\" - tai j\u0117gos \u012franga, skirta galingoms vir\u0161utin\u0117s k\u016bno dalies treniruot\u0117ms ir efektyviam nugaros lavinimui.","og_url":"https:\/\/gymfactory.eu\/lt\/produktas\/l7-sverto-sedimuju-eiliu-masina\/","og_site_name":"Gym Factory","article_modified_time":"2025-11-21T12:09:23+00:00","og_image":[{"width":1500,"height":1500,"url":"https:\/\/gymfactory.eu\/wp-content\/uploads\/2025\/01\/gym-machine-L7-lever-seated-row-side-view-2.webp","type":"image\/webp"}],"twitter_card":"summary_large_image","twitter_misc":{"Est. reading time":"1 minut\u0117"},"schema":{"@context":"https:\/\/schema.org","@graph":[{"@type":"WebPage","@id":"https:\/\/gymfactory.eu\/lt\/produktas\/l7-sverto-sedimuju-eiliu-masina\/","url":"https:\/\/gymfactory.eu\/lt\/produktas\/l7-sverto-sedimuju-eiliu-masina\/","name":"L7 s\u0117dim\u0173j\u0173 eili\u0173 ma\u0161ina | Stiprinimo \u012franga nugarai","isPartOf":{"@id":"https:\/\/gymfactory.eu\/lt\/#website"},"primaryImageOfPage":{"@id":"https:\/\/gymfactory.eu\/lt\/produktas\/l7-sverto-sedimuju-eiliu-masina\/#primaryimage"},"image":{"@id":"https:\/\/gymfactory.eu\/lt\/produktas\/l7-sverto-sedimuju-eiliu-masina\/#primaryimage"},"thumbnailUrl":"https:\/\/gymfactory.eu\/wp-content\/uploads\/2025\/01\/gym-machine-L7-lever-seated-row-side-view.webp","datePublished":"2025-01-31T10:57:47+00:00","dateModified":"2025-11-21T12:09:23+00:00","description":"Norite sustiprinti nugar\u0105? \"L7 Seated Row Machine\" - tai j\u0117gos \u012franga, skirta galingoms vir\u0161utin\u0117s k\u016bno dalies treniruot\u0117ms ir efektyviam nugaros lavinimui.","breadcrumb":{"@id":"https:\/\/gymfactory.eu\/lt\/produktas\/l7-sverto-sedimuju-eiliu-masina\/#breadcrumb"},"inLanguage":"lt-LT","potentialAction":[{"@type":"ReadAction","target":["https:\/\/gymfactory.eu\/lt\/produktas\/l7-sverto-sedimuju-eiliu-masina\/"]}]},{"@type":"ImageObject","inLanguage":"lt-LT","@id":"https:\/\/gymfactory.eu\/lt\/produktas\/l7-sverto-sedimuju-eiliu-masina\/#primaryimage","url":"https:\/\/gymfactory.eu\/wp-content\/uploads\/2025\/01\/gym-machine-L7-lever-seated-row-side-view.webp","contentUrl":"https:\/\/gymfactory.eu\/wp-content\/uploads\/2025\/01\/gym-machine-L7-lever-seated-row-side-view.webp","width":1500,"height":1500,"caption":"Gym machine L7 lever seated row side view"},{"@type":"BreadcrumbList","@id":"https:\/\/gymfactory.eu\/lt\/produktas\/l7-sverto-sedimuju-eiliu-masina\/#breadcrumb","itemListElement":[{"@type":"ListItem","position":1,"name":"Pagrindinis","item":"https:\/\/gymfactory.eu\/lt\/"},{"@type":"ListItem","position":2,"name":"Katalogas","item":"https:\/\/gymfactory.eu\/lt\/katalogas\/"},{"@type":"ListItem","position":3,"name":"L7 Nugaros treniruoklis &#8211; horizontali trauka"}]},{"@type":"WebSite","@id":"https:\/\/gymfactory.eu\/lt\/#website","url":"https:\/\/gymfactory.eu\/lt\/","name":"Gym Factory","description":"","publisher":{"@id":"https:\/\/gymfactory.eu\/lt\/#organization"},"potentialAction":[{"@type":"SearchAction","target":{"@type":"EntryPoint","urlTemplate":"https:\/\/gymfactory.eu\/lt\/?s={search_term_string}"},"query-input":{"@type":"PropertyValueSpecification","valueRequired":true,"valueName":"search_term_string"}}],"inLanguage":"lt-LT"},{"@type":"Organization","@id":"https:\/\/gymfactory.eu\/lt\/#organization","name":"Sporto sal\u0117s gamykla","url":"https:\/\/gymfactory.eu\/lt\/","logo":{"@type":"ImageObject","inLanguage":"lt-LT","@id":"https:\/\/gymfactory.eu\/lt\/#\/schema\/logo\/image\/","url":"https:\/\/gymfactory.eu\/wp-content\/uploads\/2024\/11\/Component-1.svg","contentUrl":"https:\/\/gymfactory.eu\/wp-content\/uploads\/2024\/11\/Component-1.svg","width":54,"height":44,"caption":"Sporto sal\u0117s gamykla"},"image":{"@id":"https:\/\/gymfactory.eu\/lt\/#\/schema\/logo\/image\/"}}]}},"_links":{"self":[{"href":"https:\/\/gymfactory.eu\/lt\/wp-json\/wp\/v2\/product\/10328","targetHints":{"allow":["GET"]}}],"collection":[{"href":"https:\/\/gymfactory.eu\/lt\/wp-json\/wp\/v2\/product"}],"about":[{"href":"https:\/\/gymfactory.eu\/lt\/wp-json\/wp\/v2\/types\/product"}],"wp:featuredmedia":[{"embeddable":true,"href":"https:\/\/gymfactory.eu\/lt\/wp-json\/wp\/v2\/media\/23538"}],"wp:attachment":[{"href":"https:\/\/gymfactory.eu\/lt\/wp-json\/wp\/v2\/media?parent=10328"}],"wp:term":[{"taxonomy":"product_brand","embeddable":true,"href":"https:\/\/gymfactory.eu\/lt\/wp-json\/wp\/v2\/product_brand?post=10328"},{"taxonomy":"product_cat","embeddable":true,"href":"https:\/\/gymfactory.eu\/lt\/wp-json\/wp\/v2\/product_cat?post=10328"},{"taxonomy":"product_tag","embeddable":true,"href":"https:\/\/gymfactory.eu\/lt\/wp-json\/wp\/v2\/product_tag?post=10328"}],"curies":[{"name":"wp","href":"https:\/\/api.w.org\/{rel}","templated":true}]}}