{"id":10325,"date":"2025-01-30T08:19:05","date_gmt":"2025-01-30T06:19:05","guid":{"rendered":"https:\/\/gymfactory.eu\/product\/d8xx-dirzo-pritupimu-masina\/"},"modified":"2025-09-09T14:33:50","modified_gmt":"2025-09-09T11:33:50","slug":"d8xx-dirzo-pritupimu-masina","status":"publish","type":"product","link":"https:\/\/gymfactory.eu\/lt\/produktas\/d8xx-dirzo-pritupimu-masina\/","title":{"rendered":"D8XX Prit\u016bpim\u0173 platforma su dir\u017eu"},"content":{"rendered":"<p>D8XX \u2013 kompakti\u0161kas ir patvarus sprendimas apatini\u0173 k\u016bno raumen\u0173 treniruot\u0117ms be apkrovos stuburui ar pe\u010diams. Lyginant su D8X modeliu, \u0161i versija u\u017eima ma\u017eiau vietos, tod\u0117l ypa\u010d tinkama naudoti nam\u0173 sporto sal\u0117je.<\/p>\n<p>Treniruoklis skirtas prit\u016bpimams su dir\u017eu, efektyviai aktyvinantiems keturgalvius \u0161laun\u0173 raumenis, s\u0117dmenis ir u\u017epakalinius \u0161laun\u0173 raumenis. Kai kurie naudotojai pritaiko j\u012f ir rom\u0117ni\u0161kai mirties traukai \u2013 vietoje dir\u017eo pritvirtinant ranken\u0105.<\/p>\n<p>Dir\u017eo tvirtinimo laikiklis turi kelias fiksuotas angas, leid\u017eian\u010dias reguliuoti traukos ta\u0161k\u0105 pagal naudotojo \u016bg\u012f ir pratimo tip\u0105. Tvirta konstrukcija u\u017etikrina stabilum\u0105 ir saugum\u0105 intensyvi\u0173 treniruo\u010di\u0173 metu.<\/p>\n<p>&nbsp;<\/p>\n\n    <div class=\"xs_social_share_widget xs_share_url after_content \t\tmain_content  wslu-style-1 wslu-share-box-shaped wslu-fill-colored wslu-none wslu-share-horizontal wslu-theme-font-no wslu-main_content\">\n\n\t\t\n        <ul>\n\t\t\t        <\/ul>\n    <\/div> \n","protected":false},"excerpt":{"rendered":"<p>D8XX \u2013 kompakti\u0161kas ir patvarus sprendimas apatini\u0173 k\u016bno raumen\u0173 treniruot\u0117ms be apkrovos stuburui ar pe\u010diams. Lyginant su D8X modeliu, \u0161i versija u\u017eima ma\u017eiau vietos, tod\u0117l ypa\u010d tinkama naudoti nam\u0173 sporto sal\u0117je. Treniruoklis skirtas prit\u016bpimams su dir\u017eu, efektyviai aktyvinantiems keturgalvius \u0161laun\u0173 raumenis, s\u0117dmenis ir u\u017epakalinius \u0161laun\u0173 raumenis. Kai kurie naudotojai pritaiko j\u012f ir rom\u0117ni\u0161kai mirties traukai [&hellip;]<\/p>\n","protected":false},"featured_media":8298,"template":"","meta":{"_acf_changed":false},"product_brand":[817],"product_cat":[421],"product_tag":[415],"class_list":{"0":"post-10325","1":"product","2":"type-product","3":"status-publish","4":"has-post-thumbnail","6":"product_brand-gym-factory-lt","7":"product_cat-laisvu-svoriu-treniruokliai","8":"product_tag-spalva-tik-metaline","10":"first","11":"onbackorder","12":"taxable","13":"shipping-taxable","14":"purchasable","15":"product-type-variable","16":"has-default-attributes"},"acf":[],"yoast_head":"<!-- This site is optimized with the Yoast SEO plugin v25.2 - https:\/\/yoast.com\/wordpress\/plugins\/seo\/ -->\n<title>D8XX dir\u017eo prit\u016bpim\u0173 ma\u0161ina | Sporto sal\u0117s \u012franga koj\u0173 pratimams<\/title>\n<meta name=\"description\" content=\"Norite sustiprinti kojas, ma\u017eiau apkraudami stubur\u0105? D8XX dir\u017einis prit\u016bpim\u0173 treniruoklis - tai treniruokli\u0173 sal\u0117s \u012franga, skirta saugiems ir efektyviems koj\u0173 pratimams.\" \/>\n<meta name=\"robots\" content=\"index, follow, max-snippet:-1, max-image-preview:large, max-video-preview:-1\" \/>\n<link rel=\"canonical\" href=\"https:\/\/gymfactory.eu\/lt\/produktas\/d8xx-dirzo-pritupimu-masina\/\" \/>\n<meta property=\"og:locale\" content=\"lt_LT\" \/>\n<meta property=\"og:type\" content=\"article\" \/>\n<meta property=\"og:title\" content=\"D8XX dir\u017eo prit\u016bpim\u0173 ma\u0161ina | Sporto sal\u0117s \u012franga koj\u0173 pratimams\" \/>\n<meta property=\"og:description\" content=\"Norite sustiprinti kojas, ma\u017eiau apkraudami stubur\u0105? D8XX dir\u017einis prit\u016bpim\u0173 treniruoklis - tai treniruokli\u0173 sal\u0117s \u012franga, skirta saugiems ir efektyviems koj\u0173 pratimams.\" \/>\n<meta property=\"og:url\" content=\"https:\/\/gymfactory.eu\/lt\/produktas\/d8xx-dirzo-pritupimu-masina\/\" \/>\n<meta property=\"og:site_name\" content=\"Gym Factory\" \/>\n<meta property=\"article:modified_time\" content=\"2025-09-09T11:33:50+00:00\" \/>\n<meta property=\"og:image\" content=\"https:\/\/gymfactory.eu\/wp-content\/uploads\/2025\/01\/gym-machine-D8XX-belt-squat-front-view-1.jpg\" \/>\n\t<meta property=\"og:image:width\" content=\"1500\" \/>\n\t<meta property=\"og:image:height\" content=\"1500\" \/>\n\t<meta property=\"og:image:type\" content=\"image\/jpeg\" \/>\n<meta name=\"twitter:card\" content=\"summary_large_image\" \/>\n<meta name=\"twitter:label1\" content=\"Est. reading time\" \/>\n\t<meta name=\"twitter:data1\" content=\"1 minut\u0117\" \/>\n<script type=\"application\/ld+json\" class=\"yoast-schema-graph\">{\"@context\":\"https:\/\/schema.org\",\"@graph\":[{\"@type\":\"WebPage\",\"@id\":\"https:\/\/gymfactory.eu\/lt\/produktas\/d8xx-dirzo-pritupimu-masina\/\",\"url\":\"https:\/\/gymfactory.eu\/lt\/produktas\/d8xx-dirzo-pritupimu-masina\/\",\"name\":\"D8XX dir\u017eo prit\u016bpim\u0173 ma\u0161ina | Sporto sal\u0117s \u012franga koj\u0173 pratimams\",\"isPartOf\":{\"@id\":\"https:\/\/gymfactory.eu\/lt\/#website\"},\"primaryImageOfPage\":{\"@id\":\"https:\/\/gymfactory.eu\/lt\/produktas\/d8xx-dirzo-pritupimu-masina\/#primaryimage\"},\"image\":{\"@id\":\"https:\/\/gymfactory.eu\/lt\/produktas\/d8xx-dirzo-pritupimu-masina\/#primaryimage\"},\"thumbnailUrl\":\"https:\/\/gymfactory.eu\/wp-content\/uploads\/2025\/01\/gym-machine-D8XX-belt-squat-front-view-1.jpg\",\"datePublished\":\"2025-01-30T06:19:05+00:00\",\"dateModified\":\"2025-09-09T11:33:50+00:00\",\"description\":\"Norite sustiprinti kojas, ma\u017eiau apkraudami stubur\u0105? D8XX dir\u017einis prit\u016bpim\u0173 treniruoklis - tai treniruokli\u0173 sal\u0117s \u012franga, skirta saugiems ir efektyviems koj\u0173 pratimams.\",\"breadcrumb\":{\"@id\":\"https:\/\/gymfactory.eu\/lt\/produktas\/d8xx-dirzo-pritupimu-masina\/#breadcrumb\"},\"inLanguage\":\"lt-LT\",\"potentialAction\":[{\"@type\":\"ReadAction\",\"target\":[\"https:\/\/gymfactory.eu\/lt\/produktas\/d8xx-dirzo-pritupimu-masina\/\"]}]},{\"@type\":\"ImageObject\",\"inLanguage\":\"lt-LT\",\"@id\":\"https:\/\/gymfactory.eu\/lt\/produktas\/d8xx-dirzo-pritupimu-masina\/#primaryimage\",\"url\":\"https:\/\/gymfactory.eu\/wp-content\/uploads\/2025\/01\/gym-machine-D8XX-belt-squat-front-view-1.jpg\",\"contentUrl\":\"https:\/\/gymfactory.eu\/wp-content\/uploads\/2025\/01\/gym-machine-D8XX-belt-squat-front-view-1.jpg\",\"width\":1500,\"height\":1500,\"caption\":\"I\u0161 priekio matomas dir\u017einis prit\u016bpim\u0173 treniruoklis su tvirtu juodu plieniniu r\u0117mu, dviej\u0173 platform\u0173 p\u0117d\u0173 atrama su tekst\u016bruotu pavir\u0161iumi ir keliomis rankenomis. \u0160is treniruoklis skirtas apatin\u0117s k\u016bno dalies j\u0117gos treniruot\u0117ms, tod\u0117l naudotojai gali atlikti prit\u016bpimus su ma\u017eesne stuburo apkrova, i\u0161laikydami tinkam\u0105 form\u0105.\"},{\"@type\":\"BreadcrumbList\",\"@id\":\"https:\/\/gymfactory.eu\/lt\/produktas\/d8xx-dirzo-pritupimu-masina\/#breadcrumb\",\"itemListElement\":[{\"@type\":\"ListItem\",\"position\":1,\"name\":\"Pagrindinis\",\"item\":\"https:\/\/gymfactory.eu\/lt\/\"},{\"@type\":\"ListItem\",\"position\":2,\"name\":\"Katalogas\",\"item\":\"https:\/\/gymfactory.eu\/lt\/katalogas\/\"},{\"@type\":\"ListItem\",\"position\":3,\"name\":\"D8XX Prit\u016bpim\u0173 platforma su dir\u017eu\"}]},{\"@type\":\"WebSite\",\"@id\":\"https:\/\/gymfactory.eu\/lt\/#website\",\"url\":\"https:\/\/gymfactory.eu\/lt\/\",\"name\":\"Gym Factory\",\"description\":\"\",\"publisher\":{\"@id\":\"https:\/\/gymfactory.eu\/lt\/#organization\"},\"potentialAction\":[{\"@type\":\"SearchAction\",\"target\":{\"@type\":\"EntryPoint\",\"urlTemplate\":\"https:\/\/gymfactory.eu\/lt\/?s={search_term_string}\"},\"query-input\":{\"@type\":\"PropertyValueSpecification\",\"valueRequired\":true,\"valueName\":\"search_term_string\"}}],\"inLanguage\":\"lt-LT\"},{\"@type\":\"Organization\",\"@id\":\"https:\/\/gymfactory.eu\/lt\/#organization\",\"name\":\"Sporto sal\u0117s gamykla\",\"url\":\"https:\/\/gymfactory.eu\/lt\/\",\"logo\":{\"@type\":\"ImageObject\",\"inLanguage\":\"lt-LT\",\"@id\":\"https:\/\/gymfactory.eu\/lt\/#\/schema\/logo\/image\/\",\"url\":\"https:\/\/gymfactory.eu\/wp-content\/uploads\/2024\/11\/Component-1.svg\",\"contentUrl\":\"https:\/\/gymfactory.eu\/wp-content\/uploads\/2024\/11\/Component-1.svg\",\"width\":54,\"height\":44,\"caption\":\"Sporto sal\u0117s gamykla\"},\"image\":{\"@id\":\"https:\/\/gymfactory.eu\/lt\/#\/schema\/logo\/image\/\"}}]}<\/script>\n<!-- \/ Yoast SEO plugin. -->","yoast_head_json":{"title":"D8XX dir\u017eo prit\u016bpim\u0173 ma\u0161ina | Sporto sal\u0117s \u012franga koj\u0173 pratimams","description":"Norite sustiprinti kojas, ma\u017eiau apkraudami stubur\u0105? D8XX dir\u017einis prit\u016bpim\u0173 treniruoklis - tai treniruokli\u0173 sal\u0117s \u012franga, skirta saugiems ir efektyviems koj\u0173 pratimams.","robots":{"index":"index","follow":"follow","max-snippet":"max-snippet:-1","max-image-preview":"max-image-preview:large","max-video-preview":"max-video-preview:-1"},"canonical":"https:\/\/gymfactory.eu\/lt\/produktas\/d8xx-dirzo-pritupimu-masina\/","og_locale":"lt_LT","og_type":"article","og_title":"D8XX dir\u017eo prit\u016bpim\u0173 ma\u0161ina | Sporto sal\u0117s \u012franga koj\u0173 pratimams","og_description":"Norite sustiprinti kojas, ma\u017eiau apkraudami stubur\u0105? D8XX dir\u017einis prit\u016bpim\u0173 treniruoklis - tai treniruokli\u0173 sal\u0117s \u012franga, skirta saugiems ir efektyviems koj\u0173 pratimams.","og_url":"https:\/\/gymfactory.eu\/lt\/produktas\/d8xx-dirzo-pritupimu-masina\/","og_site_name":"Gym Factory","article_modified_time":"2025-09-09T11:33:50+00:00","og_image":[{"width":1500,"height":1500,"url":"https:\/\/gymfactory.eu\/wp-content\/uploads\/2025\/01\/gym-machine-D8XX-belt-squat-front-view-1.jpg","type":"image\/jpeg"}],"twitter_card":"summary_large_image","twitter_misc":{"Est. reading time":"1 minut\u0117"},"schema":{"@context":"https:\/\/schema.org","@graph":[{"@type":"WebPage","@id":"https:\/\/gymfactory.eu\/lt\/produktas\/d8xx-dirzo-pritupimu-masina\/","url":"https:\/\/gymfactory.eu\/lt\/produktas\/d8xx-dirzo-pritupimu-masina\/","name":"D8XX dir\u017eo prit\u016bpim\u0173 ma\u0161ina | Sporto sal\u0117s \u012franga koj\u0173 pratimams","isPartOf":{"@id":"https:\/\/gymfactory.eu\/lt\/#website"},"primaryImageOfPage":{"@id":"https:\/\/gymfactory.eu\/lt\/produktas\/d8xx-dirzo-pritupimu-masina\/#primaryimage"},"image":{"@id":"https:\/\/gymfactory.eu\/lt\/produktas\/d8xx-dirzo-pritupimu-masina\/#primaryimage"},"thumbnailUrl":"https:\/\/gymfactory.eu\/wp-content\/uploads\/2025\/01\/gym-machine-D8XX-belt-squat-front-view-1.jpg","datePublished":"2025-01-30T06:19:05+00:00","dateModified":"2025-09-09T11:33:50+00:00","description":"Norite sustiprinti kojas, ma\u017eiau apkraudami stubur\u0105? D8XX dir\u017einis prit\u016bpim\u0173 treniruoklis - tai treniruokli\u0173 sal\u0117s \u012franga, skirta saugiems ir efektyviems koj\u0173 pratimams.","breadcrumb":{"@id":"https:\/\/gymfactory.eu\/lt\/produktas\/d8xx-dirzo-pritupimu-masina\/#breadcrumb"},"inLanguage":"lt-LT","potentialAction":[{"@type":"ReadAction","target":["https:\/\/gymfactory.eu\/lt\/produktas\/d8xx-dirzo-pritupimu-masina\/"]}]},{"@type":"ImageObject","inLanguage":"lt-LT","@id":"https:\/\/gymfactory.eu\/lt\/produktas\/d8xx-dirzo-pritupimu-masina\/#primaryimage","url":"https:\/\/gymfactory.eu\/wp-content\/uploads\/2025\/01\/gym-machine-D8XX-belt-squat-front-view-1.jpg","contentUrl":"https:\/\/gymfactory.eu\/wp-content\/uploads\/2025\/01\/gym-machine-D8XX-belt-squat-front-view-1.jpg","width":1500,"height":1500,"caption":"I\u0161 priekio matomas dir\u017einis prit\u016bpim\u0173 treniruoklis su tvirtu juodu plieniniu r\u0117mu, dviej\u0173 platform\u0173 p\u0117d\u0173 atrama su tekst\u016bruotu pavir\u0161iumi ir keliomis rankenomis. \u0160is treniruoklis skirtas apatin\u0117s k\u016bno dalies j\u0117gos treniruot\u0117ms, tod\u0117l naudotojai gali atlikti prit\u016bpimus su ma\u017eesne stuburo apkrova, i\u0161laikydami tinkam\u0105 form\u0105."},{"@type":"BreadcrumbList","@id":"https:\/\/gymfactory.eu\/lt\/produktas\/d8xx-dirzo-pritupimu-masina\/#breadcrumb","itemListElement":[{"@type":"ListItem","position":1,"name":"Pagrindinis","item":"https:\/\/gymfactory.eu\/lt\/"},{"@type":"ListItem","position":2,"name":"Katalogas","item":"https:\/\/gymfactory.eu\/lt\/katalogas\/"},{"@type":"ListItem","position":3,"name":"D8XX Prit\u016bpim\u0173 platforma su dir\u017eu"}]},{"@type":"WebSite","@id":"https:\/\/gymfactory.eu\/lt\/#website","url":"https:\/\/gymfactory.eu\/lt\/","name":"Gym Factory","description":"","publisher":{"@id":"https:\/\/gymfactory.eu\/lt\/#organization"},"potentialAction":[{"@type":"SearchAction","target":{"@type":"EntryPoint","urlTemplate":"https:\/\/gymfactory.eu\/lt\/?s={search_term_string}"},"query-input":{"@type":"PropertyValueSpecification","valueRequired":true,"valueName":"search_term_string"}}],"inLanguage":"lt-LT"},{"@type":"Organization","@id":"https:\/\/gymfactory.eu\/lt\/#organization","name":"Sporto sal\u0117s gamykla","url":"https:\/\/gymfactory.eu\/lt\/","logo":{"@type":"ImageObject","inLanguage":"lt-LT","@id":"https:\/\/gymfactory.eu\/lt\/#\/schema\/logo\/image\/","url":"https:\/\/gymfactory.eu\/wp-content\/uploads\/2024\/11\/Component-1.svg","contentUrl":"https:\/\/gymfactory.eu\/wp-content\/uploads\/2024\/11\/Component-1.svg","width":54,"height":44,"caption":"Sporto sal\u0117s gamykla"},"image":{"@id":"https:\/\/gymfactory.eu\/lt\/#\/schema\/logo\/image\/"}}]}},"_links":{"self":[{"href":"https:\/\/gymfactory.eu\/lt\/wp-json\/wp\/v2\/product\/10325","targetHints":{"allow":["GET"]}}],"collection":[{"href":"https:\/\/gymfactory.eu\/lt\/wp-json\/wp\/v2\/product"}],"about":[{"href":"https:\/\/gymfactory.eu\/lt\/wp-json\/wp\/v2\/types\/product"}],"wp:featuredmedia":[{"embeddable":true,"href":"https:\/\/gymfactory.eu\/lt\/wp-json\/wp\/v2\/media\/8298"}],"wp:attachment":[{"href":"https:\/\/gymfactory.eu\/lt\/wp-json\/wp\/v2\/media?parent=10325"}],"wp:term":[{"taxonomy":"product_brand","embeddable":true,"href":"https:\/\/gymfactory.eu\/lt\/wp-json\/wp\/v2\/product_brand?post=10325"},{"taxonomy":"product_cat","embeddable":true,"href":"https:\/\/gymfactory.eu\/lt\/wp-json\/wp\/v2\/product_cat?post=10325"},{"taxonomy":"product_tag","embeddable":true,"href":"https:\/\/gymfactory.eu\/lt\/wp-json\/wp\/v2\/product_tag?post=10325"}],"curies":[{"name":"wp","href":"https:\/\/api.w.org\/{rel}","templated":true}]}}