{"id":10319,"date":"2025-01-30T08:05:48","date_gmt":"2025-01-30T06:05:48","guid":{"rendered":"https:\/\/gymfactory.eu\/product\/d8x-dirzo-pritupimu-masina\/"},"modified":"2025-11-20T15:43:21","modified_gmt":"2025-11-20T13:43:21","slug":"d8x-dirzo-pritupimu-masina","status":"publish","type":"product","link":"https:\/\/gymfactory.eu\/lt\/produktas\/d8x-dirzo-pritupimu-masina\/","title":{"rendered":"D8X Prit\u016bpim\u0173 platforma su dir\u017eu"},"content":{"rendered":"<p>D8X \u2013 treniruoklis, skirtas efektyvioms apatini\u0173 k\u016bno raumen\u0173 treniruot\u0117ms be apkrovos stuburui ar pe\u010diams. Tinka tiek nam\u0173, tiek profesionalioms sporto sal\u0117ms. Stabilus pagrindas u\u017etikrina saug\u0173 judes\u012f ir kontroliuojam\u0105 kr\u016bv\u012f.<\/p>\n<p>Pagrindinis pratimas \u2013 prit\u016bpimai su dir\u017eu, aktyvinantys keturgalvius, s\u0117dmenis ir u\u017epakalinius \u0161laun\u0173 raumenis. Kai kurie naudotojai treniruokl\u012f naudoja ir rom\u0117ni\u0161kiems &#8222;mirties&#8221; traukos variantams \u2013 pritvirtinant ranken\u0105 vietoje dir\u017eo.<\/p>\n<p>Reguliuojamas dir\u017eo tvirtinimo b\u0117gelio ilgis leid\u017eia prisitaikyti prie skirtingo \u016bgio ar pratimo variacijos.<\/p>\n\n    <div class=\"xs_social_share_widget xs_share_url after_content \t\tmain_content  wslu-style-1 wslu-share-box-shaped wslu-fill-colored wslu-none wslu-share-horizontal wslu-theme-font-no wslu-main_content\">\n\n\t\t\n        <ul>\n\t\t\t        <\/ul>\n    <\/div> \n","protected":false},"excerpt":{"rendered":"<p>D8X \u2013 treniruoklis, skirtas efektyvioms apatini\u0173 k\u016bno raumen\u0173 treniruot\u0117ms be apkrovos stuburui ar pe\u010diams. Tinka tiek nam\u0173, tiek profesionalioms sporto sal\u0117ms. Stabilus pagrindas u\u017etikrina saug\u0173 judes\u012f ir kontroliuojam\u0105 kr\u016bv\u012f. Pagrindinis pratimas \u2013 prit\u016bpimai su dir\u017eu, aktyvinantys keturgalvius, s\u0117dmenis ir u\u017epakalinius \u0161laun\u0173 raumenis. Kai kurie naudotojai treniruokl\u012f naudoja ir rom\u0117ni\u0161kiems &#8222;mirties&#8221; traukos variantams \u2013 pritvirtinant ranken\u0105 [&hellip;]<\/p>\n","protected":false},"featured_media":23563,"template":"","meta":{"_acf_changed":false},"product_brand":[817],"product_cat":[421],"product_tag":[415],"class_list":{"0":"post-10319","1":"product","2":"type-product","3":"status-publish","4":"has-post-thumbnail","6":"product_brand-gym-factory-lt","7":"product_cat-laisvu-svoriu-treniruokliai","8":"product_tag-spalva-tik-metaline","10":"first","11":"onbackorder","12":"taxable","13":"shipping-taxable","14":"purchasable","15":"product-type-variable","16":"has-default-attributes"},"acf":[],"yoast_head":"<!-- This site is optimized with the Yoast SEO plugin v25.2 - https:\/\/yoast.com\/wordpress\/plugins\/seo\/ -->\n<title>D8X dir\u017eo prit\u016bpim\u0173 ma\u0161ina | Puikiai tinka nam\u0173 ar komercinei sporto salei<\/title>\n<meta name=\"description\" content=\"Reikia saugaus b\u016bdo treniruoti kojas neapkraunant stuburo? D8X dir\u017einis prit\u016bpim\u0173 treniruoklis puikiai tinka nam\u0173 ar komercin\u0117ms treniruokli\u0173 sal\u0117ms, sukurtas j\u0117gos treniruot\u0117ms.\" \/>\n<meta name=\"robots\" content=\"index, follow, max-snippet:-1, max-image-preview:large, max-video-preview:-1\" \/>\n<link rel=\"canonical\" href=\"https:\/\/gymfactory.eu\/lt\/produktas\/d8x-dirzo-pritupimu-masina\/\" \/>\n<meta property=\"og:locale\" content=\"lt_LT\" \/>\n<meta property=\"og:type\" content=\"article\" \/>\n<meta property=\"og:title\" content=\"D8X dir\u017eo prit\u016bpim\u0173 ma\u0161ina | Puikiai tinka nam\u0173 ar komercinei sporto salei\" \/>\n<meta property=\"og:description\" content=\"Reikia saugaus b\u016bdo treniruoti kojas neapkraunant stuburo? D8X dir\u017einis prit\u016bpim\u0173 treniruoklis puikiai tinka nam\u0173 ar komercin\u0117ms treniruokli\u0173 sal\u0117ms, sukurtas j\u0117gos treniruot\u0117ms.\" \/>\n<meta property=\"og:url\" content=\"https:\/\/gymfactory.eu\/lt\/produktas\/d8x-dirzo-pritupimu-masina\/\" \/>\n<meta property=\"og:site_name\" content=\"Gym Factory\" \/>\n<meta property=\"article:modified_time\" content=\"2025-11-20T13:43:21+00:00\" \/>\n<meta property=\"og:image\" content=\"https:\/\/gymfactory.eu\/wp-content\/uploads\/2025\/01\/D8X-gym-machine-D8X-front-view-.webp\" \/>\n\t<meta property=\"og:image:width\" content=\"1500\" \/>\n\t<meta property=\"og:image:height\" content=\"1500\" \/>\n\t<meta property=\"og:image:type\" content=\"image\/webp\" \/>\n<meta name=\"twitter:card\" content=\"summary_large_image\" \/>\n<meta name=\"twitter:label1\" content=\"Est. reading time\" \/>\n\t<meta name=\"twitter:data1\" content=\"1 minut\u0117\" \/>\n<script type=\"application\/ld+json\" class=\"yoast-schema-graph\">{\"@context\":\"https:\/\/schema.org\",\"@graph\":[{\"@type\":\"WebPage\",\"@id\":\"https:\/\/gymfactory.eu\/lt\/produktas\/d8x-dirzo-pritupimu-masina\/\",\"url\":\"https:\/\/gymfactory.eu\/lt\/produktas\/d8x-dirzo-pritupimu-masina\/\",\"name\":\"D8X dir\u017eo prit\u016bpim\u0173 ma\u0161ina | Puikiai tinka nam\u0173 ar komercinei sporto salei\",\"isPartOf\":{\"@id\":\"https:\/\/gymfactory.eu\/lt\/#website\"},\"primaryImageOfPage\":{\"@id\":\"https:\/\/gymfactory.eu\/lt\/produktas\/d8x-dirzo-pritupimu-masina\/#primaryimage\"},\"image\":{\"@id\":\"https:\/\/gymfactory.eu\/lt\/produktas\/d8x-dirzo-pritupimu-masina\/#primaryimage\"},\"thumbnailUrl\":\"https:\/\/gymfactory.eu\/wp-content\/uploads\/2025\/01\/D8X-gym-machine-D8X-front-view.webp\",\"datePublished\":\"2025-01-30T06:05:48+00:00\",\"dateModified\":\"2025-11-20T13:43:21+00:00\",\"description\":\"Reikia saugaus b\u016bdo treniruoti kojas neapkraunant stuburo? D8X dir\u017einis prit\u016bpim\u0173 treniruoklis puikiai tinka nam\u0173 ar komercin\u0117ms treniruokli\u0173 sal\u0117ms, sukurtas j\u0117gos treniruot\u0117ms.\",\"breadcrumb\":{\"@id\":\"https:\/\/gymfactory.eu\/lt\/produktas\/d8x-dirzo-pritupimu-masina\/#breadcrumb\"},\"inLanguage\":\"lt-LT\",\"potentialAction\":[{\"@type\":\"ReadAction\",\"target\":[\"https:\/\/gymfactory.eu\/lt\/produktas\/d8x-dirzo-pritupimu-masina\/\"]}]},{\"@type\":\"ImageObject\",\"inLanguage\":\"lt-LT\",\"@id\":\"https:\/\/gymfactory.eu\/lt\/produktas\/d8x-dirzo-pritupimu-masina\/#primaryimage\",\"url\":\"https:\/\/gymfactory.eu\/wp-content\/uploads\/2025\/01\/D8X-gym-machine-D8X-front-view.webp\",\"contentUrl\":\"https:\/\/gymfactory.eu\/wp-content\/uploads\/2025\/01\/D8X-gym-machine-D8X-front-view.webp\",\"width\":1500,\"height\":1500,\"caption\":\"Front view of a gym machine designed for strength-training exercises, featuring a sturdy black frame, multiple grip handles, and a textured steel foot platform. This machine is ideal for targeting lower-body muscles with guided movements.\"},{\"@type\":\"BreadcrumbList\",\"@id\":\"https:\/\/gymfactory.eu\/lt\/produktas\/d8x-dirzo-pritupimu-masina\/#breadcrumb\",\"itemListElement\":[{\"@type\":\"ListItem\",\"position\":1,\"name\":\"Pagrindinis\",\"item\":\"https:\/\/gymfactory.eu\/lt\/\"},{\"@type\":\"ListItem\",\"position\":2,\"name\":\"Katalogas\",\"item\":\"https:\/\/gymfactory.eu\/lt\/katalogas\/\"},{\"@type\":\"ListItem\",\"position\":3,\"name\":\"D8X Prit\u016bpim\u0173 platforma su dir\u017eu\"}]},{\"@type\":\"WebSite\",\"@id\":\"https:\/\/gymfactory.eu\/lt\/#website\",\"url\":\"https:\/\/gymfactory.eu\/lt\/\",\"name\":\"Gym Factory\",\"description\":\"\",\"publisher\":{\"@id\":\"https:\/\/gymfactory.eu\/lt\/#organization\"},\"potentialAction\":[{\"@type\":\"SearchAction\",\"target\":{\"@type\":\"EntryPoint\",\"urlTemplate\":\"https:\/\/gymfactory.eu\/lt\/?s={search_term_string}\"},\"query-input\":{\"@type\":\"PropertyValueSpecification\",\"valueRequired\":true,\"valueName\":\"search_term_string\"}}],\"inLanguage\":\"lt-LT\"},{\"@type\":\"Organization\",\"@id\":\"https:\/\/gymfactory.eu\/lt\/#organization\",\"name\":\"Sporto sal\u0117s gamykla\",\"url\":\"https:\/\/gymfactory.eu\/lt\/\",\"logo\":{\"@type\":\"ImageObject\",\"inLanguage\":\"lt-LT\",\"@id\":\"https:\/\/gymfactory.eu\/lt\/#\/schema\/logo\/image\/\",\"url\":\"https:\/\/gymfactory.eu\/wp-content\/uploads\/2024\/11\/Component-1.svg\",\"contentUrl\":\"https:\/\/gymfactory.eu\/wp-content\/uploads\/2024\/11\/Component-1.svg\",\"width\":54,\"height\":44,\"caption\":\"Sporto sal\u0117s gamykla\"},\"image\":{\"@id\":\"https:\/\/gymfactory.eu\/lt\/#\/schema\/logo\/image\/\"}}]}<\/script>\n<!-- \/ Yoast SEO plugin. -->","yoast_head_json":{"title":"D8X dir\u017eo prit\u016bpim\u0173 ma\u0161ina | Puikiai tinka nam\u0173 ar komercinei sporto salei","description":"Reikia saugaus b\u016bdo treniruoti kojas neapkraunant stuburo? D8X dir\u017einis prit\u016bpim\u0173 treniruoklis puikiai tinka nam\u0173 ar komercin\u0117ms treniruokli\u0173 sal\u0117ms, sukurtas j\u0117gos treniruot\u0117ms.","robots":{"index":"index","follow":"follow","max-snippet":"max-snippet:-1","max-image-preview":"max-image-preview:large","max-video-preview":"max-video-preview:-1"},"canonical":"https:\/\/gymfactory.eu\/lt\/produktas\/d8x-dirzo-pritupimu-masina\/","og_locale":"lt_LT","og_type":"article","og_title":"D8X dir\u017eo prit\u016bpim\u0173 ma\u0161ina | Puikiai tinka nam\u0173 ar komercinei sporto salei","og_description":"Reikia saugaus b\u016bdo treniruoti kojas neapkraunant stuburo? D8X dir\u017einis prit\u016bpim\u0173 treniruoklis puikiai tinka nam\u0173 ar komercin\u0117ms treniruokli\u0173 sal\u0117ms, sukurtas j\u0117gos treniruot\u0117ms.","og_url":"https:\/\/gymfactory.eu\/lt\/produktas\/d8x-dirzo-pritupimu-masina\/","og_site_name":"Gym Factory","article_modified_time":"2025-11-20T13:43:21+00:00","og_image":[{"width":1500,"height":1500,"url":"https:\/\/gymfactory.eu\/wp-content\/uploads\/2025\/01\/D8X-gym-machine-D8X-front-view-.webp","type":"image\/webp"}],"twitter_card":"summary_large_image","twitter_misc":{"Est. reading time":"1 minut\u0117"},"schema":{"@context":"https:\/\/schema.org","@graph":[{"@type":"WebPage","@id":"https:\/\/gymfactory.eu\/lt\/produktas\/d8x-dirzo-pritupimu-masina\/","url":"https:\/\/gymfactory.eu\/lt\/produktas\/d8x-dirzo-pritupimu-masina\/","name":"D8X dir\u017eo prit\u016bpim\u0173 ma\u0161ina | Puikiai tinka nam\u0173 ar komercinei sporto salei","isPartOf":{"@id":"https:\/\/gymfactory.eu\/lt\/#website"},"primaryImageOfPage":{"@id":"https:\/\/gymfactory.eu\/lt\/produktas\/d8x-dirzo-pritupimu-masina\/#primaryimage"},"image":{"@id":"https:\/\/gymfactory.eu\/lt\/produktas\/d8x-dirzo-pritupimu-masina\/#primaryimage"},"thumbnailUrl":"https:\/\/gymfactory.eu\/wp-content\/uploads\/2025\/01\/D8X-gym-machine-D8X-front-view.webp","datePublished":"2025-01-30T06:05:48+00:00","dateModified":"2025-11-20T13:43:21+00:00","description":"Reikia saugaus b\u016bdo treniruoti kojas neapkraunant stuburo? D8X dir\u017einis prit\u016bpim\u0173 treniruoklis puikiai tinka nam\u0173 ar komercin\u0117ms treniruokli\u0173 sal\u0117ms, sukurtas j\u0117gos treniruot\u0117ms.","breadcrumb":{"@id":"https:\/\/gymfactory.eu\/lt\/produktas\/d8x-dirzo-pritupimu-masina\/#breadcrumb"},"inLanguage":"lt-LT","potentialAction":[{"@type":"ReadAction","target":["https:\/\/gymfactory.eu\/lt\/produktas\/d8x-dirzo-pritupimu-masina\/"]}]},{"@type":"ImageObject","inLanguage":"lt-LT","@id":"https:\/\/gymfactory.eu\/lt\/produktas\/d8x-dirzo-pritupimu-masina\/#primaryimage","url":"https:\/\/gymfactory.eu\/wp-content\/uploads\/2025\/01\/D8X-gym-machine-D8X-front-view.webp","contentUrl":"https:\/\/gymfactory.eu\/wp-content\/uploads\/2025\/01\/D8X-gym-machine-D8X-front-view.webp","width":1500,"height":1500,"caption":"Front view of a gym machine designed for strength-training exercises, featuring a sturdy black frame, multiple grip handles, and a textured steel foot platform. This machine is ideal for targeting lower-body muscles with guided movements."},{"@type":"BreadcrumbList","@id":"https:\/\/gymfactory.eu\/lt\/produktas\/d8x-dirzo-pritupimu-masina\/#breadcrumb","itemListElement":[{"@type":"ListItem","position":1,"name":"Pagrindinis","item":"https:\/\/gymfactory.eu\/lt\/"},{"@type":"ListItem","position":2,"name":"Katalogas","item":"https:\/\/gymfactory.eu\/lt\/katalogas\/"},{"@type":"ListItem","position":3,"name":"D8X Prit\u016bpim\u0173 platforma su dir\u017eu"}]},{"@type":"WebSite","@id":"https:\/\/gymfactory.eu\/lt\/#website","url":"https:\/\/gymfactory.eu\/lt\/","name":"Gym Factory","description":"","publisher":{"@id":"https:\/\/gymfactory.eu\/lt\/#organization"},"potentialAction":[{"@type":"SearchAction","target":{"@type":"EntryPoint","urlTemplate":"https:\/\/gymfactory.eu\/lt\/?s={search_term_string}"},"query-input":{"@type":"PropertyValueSpecification","valueRequired":true,"valueName":"search_term_string"}}],"inLanguage":"lt-LT"},{"@type":"Organization","@id":"https:\/\/gymfactory.eu\/lt\/#organization","name":"Sporto sal\u0117s gamykla","url":"https:\/\/gymfactory.eu\/lt\/","logo":{"@type":"ImageObject","inLanguage":"lt-LT","@id":"https:\/\/gymfactory.eu\/lt\/#\/schema\/logo\/image\/","url":"https:\/\/gymfactory.eu\/wp-content\/uploads\/2024\/11\/Component-1.svg","contentUrl":"https:\/\/gymfactory.eu\/wp-content\/uploads\/2024\/11\/Component-1.svg","width":54,"height":44,"caption":"Sporto sal\u0117s gamykla"},"image":{"@id":"https:\/\/gymfactory.eu\/lt\/#\/schema\/logo\/image\/"}}]}},"_links":{"self":[{"href":"https:\/\/gymfactory.eu\/lt\/wp-json\/wp\/v2\/product\/10319","targetHints":{"allow":["GET"]}}],"collection":[{"href":"https:\/\/gymfactory.eu\/lt\/wp-json\/wp\/v2\/product"}],"about":[{"href":"https:\/\/gymfactory.eu\/lt\/wp-json\/wp\/v2\/types\/product"}],"wp:featuredmedia":[{"embeddable":true,"href":"https:\/\/gymfactory.eu\/lt\/wp-json\/wp\/v2\/media\/23563"}],"wp:attachment":[{"href":"https:\/\/gymfactory.eu\/lt\/wp-json\/wp\/v2\/media?parent=10319"}],"wp:term":[{"taxonomy":"product_brand","embeddable":true,"href":"https:\/\/gymfactory.eu\/lt\/wp-json\/wp\/v2\/product_brand?post=10319"},{"taxonomy":"product_cat","embeddable":true,"href":"https:\/\/gymfactory.eu\/lt\/wp-json\/wp\/v2\/product_cat?post=10319"},{"taxonomy":"product_tag","embeddable":true,"href":"https:\/\/gymfactory.eu\/lt\/wp-json\/wp\/v2\/product_tag?post=10319"}],"curies":[{"name":"wp","href":"https:\/\/api.w.org\/{rel}","templated":true}]}}