{"id":10313,"date":"2025-01-29T13:56:54","date_gmt":"2025-01-29T11:56:54","guid":{"rendered":"https:\/\/gymfactory.eu\/product\/d7x-vertikalaus-koju-spaudimo-masina\/"},"modified":"2025-11-20T15:40:06","modified_gmt":"2025-11-20T13:40:06","slug":"d7x-vertikalaus-koju-spaudimo-masina","status":"publish","type":"product","link":"https:\/\/gymfactory.eu\/lt\/produktas\/d7x-vertikalaus-koju-spaudimo-masina\/","title":{"rendered":"D7X Koj\u0173 treniruoklis &#8211; vertikalus spaudimas"},"content":{"rendered":"<p>D7X \u2013 kompakti\u0161ka D7 modelio versija, skirta efektyvioms apatini\u0173 k\u016bno raumen\u0173 treniruot\u0117ms nam\u0173 ar profesionalioje sporto sal\u0117je. Vertikali spaudimo pad\u0117tis suteikia tiesiogin\u012f kr\u016bv\u012f keturgalviams, s\u0117dmenims ir u\u017epakaliniams \u0161laun\u0173 raumenims, suma\u017eindama apkrov\u0105 apatinei nugaros daliai.<\/p>\n<p>Treniruoklis tinka vertikaliam koj\u0173 spaudimui, vienos kojos spaudimui, blauzd\u0173 k\u0117limams ir stov\u0117senos variacijoms, leid\u017eian\u010dioms paskirstyti kr\u016bv\u012f skirtingoms raumen\u0173 grup\u0117ms. Reguliuojamas atlo\u0161o kampas padeda rasti optimali\u0105 treniruo\u010di\u0173 pad\u0117t\u012f. Kompakti\u0161kas dizainas leid\u017eia taupyti viet\u0105, i\u0161laikant visavert\u0119 treniruo\u010di\u0173 kokyb\u0119.<\/p>\n\n    <div class=\"xs_social_share_widget xs_share_url after_content \t\tmain_content  wslu-style-1 wslu-share-box-shaped wslu-fill-colored wslu-none wslu-share-horizontal wslu-theme-font-no wslu-main_content\">\n\n\t\t\n        <ul>\n\t\t\t        <\/ul>\n    <\/div> \n","protected":false},"excerpt":{"rendered":"<p>D7X \u2013 kompakti\u0161ka D7 modelio versija, skirta efektyvioms apatini\u0173 k\u016bno raumen\u0173 treniruot\u0117ms nam\u0173 ar profesionalioje sporto sal\u0117je. Vertikali spaudimo pad\u0117tis suteikia tiesiogin\u012f kr\u016bv\u012f keturgalviams, s\u0117dmenims ir u\u017epakaliniams \u0161laun\u0173 raumenims, suma\u017eindama apkrov\u0105 apatinei nugaros daliai. Treniruoklis tinka vertikaliam koj\u0173 spaudimui, vienos kojos spaudimui, blauzd\u0173 k\u0117limams ir stov\u0117senos variacijoms, leid\u017eian\u010dioms paskirstyti kr\u016bv\u012f skirtingoms raumen\u0173 grup\u0117ms. Reguliuojamas atlo\u0161o [&hellip;]<\/p>\n","protected":false},"featured_media":8296,"template":"","meta":{"_acf_changed":false},"product_brand":[817],"product_cat":[421],"product_tag":[],"class_list":{"0":"post-10313","1":"product","2":"type-product","3":"status-publish","4":"has-post-thumbnail","6":"product_brand-gym-factory-lt","7":"product_cat-laisvu-svoriu-treniruokliai","9":"first","10":"onbackorder","11":"taxable","12":"shipping-taxable","13":"purchasable","14":"product-type-variable"},"acf":[],"yoast_head":"<!-- This site is optimized with the Yoast SEO plugin v25.2 - https:\/\/yoast.com\/wordpress\/plugins\/seo\/ -->\n<title>D7X vertikali koj\u0173 spaudimo ma\u0161ina | Svori\u0173 kilnojimo \u012franga<\/title>\n<meta name=\"description\" content=\"Ie\u0161kote rimtos pagalbos kilnojant svor\u012f? D7X vertikalaus koj\u0173 spaudimo \u012frenginys si\u016blo kontroliuojamas, galingas apatin\u0117s k\u016bno dalies treniruotes j\u0117gai ir na\u0161umui didinti.\" \/>\n<meta name=\"robots\" content=\"index, follow, max-snippet:-1, max-image-preview:large, max-video-preview:-1\" \/>\n<link rel=\"canonical\" href=\"https:\/\/gymfactory.eu\/lt\/produktas\/d7x-vertikalaus-koju-spaudimo-masina\/\" \/>\n<meta property=\"og:locale\" content=\"lt_LT\" \/>\n<meta property=\"og:type\" content=\"article\" \/>\n<meta property=\"og:title\" content=\"D7X vertikali koj\u0173 spaudimo ma\u0161ina | Svori\u0173 kilnojimo \u012franga\" \/>\n<meta property=\"og:description\" content=\"Ie\u0161kote rimtos pagalbos kilnojant svor\u012f? D7X vertikalaus koj\u0173 spaudimo \u012frenginys si\u016blo kontroliuojamas, galingas apatin\u0117s k\u016bno dalies treniruotes j\u0117gai ir na\u0161umui didinti.\" \/>\n<meta property=\"og:url\" content=\"https:\/\/gymfactory.eu\/lt\/produktas\/d7x-vertikalaus-koju-spaudimo-masina\/\" \/>\n<meta property=\"og:site_name\" content=\"Gym Factory\" \/>\n<meta property=\"article:modified_time\" content=\"2025-11-20T13:40:06+00:00\" \/>\n<meta property=\"og:image\" content=\"https:\/\/gymfactory.eu\/wp-content\/uploads\/2025\/01\/gym-machine-D7X-vertical-leg-press-top-view-1.webp\" \/>\n\t<meta property=\"og:image:width\" content=\"1500\" \/>\n\t<meta property=\"og:image:height\" content=\"1500\" \/>\n\t<meta property=\"og:image:type\" content=\"image\/webp\" \/>\n<meta name=\"twitter:card\" content=\"summary_large_image\" \/>\n<meta name=\"twitter:label1\" content=\"Est. reading time\" \/>\n\t<meta name=\"twitter:data1\" content=\"1 minut\u0117\" \/>\n<script type=\"application\/ld+json\" class=\"yoast-schema-graph\">{\"@context\":\"https:\/\/schema.org\",\"@graph\":[{\"@type\":\"WebPage\",\"@id\":\"https:\/\/gymfactory.eu\/lt\/produktas\/d7x-vertikalaus-koju-spaudimo-masina\/\",\"url\":\"https:\/\/gymfactory.eu\/lt\/produktas\/d7x-vertikalaus-koju-spaudimo-masina\/\",\"name\":\"D7X vertikali koj\u0173 spaudimo ma\u0161ina | Svori\u0173 kilnojimo \u012franga\",\"isPartOf\":{\"@id\":\"https:\/\/gymfactory.eu\/lt\/#website\"},\"primaryImageOfPage\":{\"@id\":\"https:\/\/gymfactory.eu\/lt\/produktas\/d7x-vertikalaus-koju-spaudimo-masina\/#primaryimage\"},\"image\":{\"@id\":\"https:\/\/gymfactory.eu\/lt\/produktas\/d7x-vertikalaus-koju-spaudimo-masina\/#primaryimage\"},\"thumbnailUrl\":\"https:\/\/gymfactory.eu\/wp-content\/uploads\/2025\/01\/gym-machine-D7X-vertical-leg-press-top-view-1.webp\",\"datePublished\":\"2025-01-29T11:56:54+00:00\",\"dateModified\":\"2025-11-20T13:40:06+00:00\",\"description\":\"Ie\u0161kote rimtos pagalbos kilnojant svor\u012f? D7X vertikalaus koj\u0173 spaudimo \u012frenginys si\u016blo kontroliuojamas, galingas apatin\u0117s k\u016bno dalies treniruotes j\u0117gai ir na\u0161umui didinti.\",\"breadcrumb\":{\"@id\":\"https:\/\/gymfactory.eu\/lt\/produktas\/d7x-vertikalaus-koju-spaudimo-masina\/#breadcrumb\"},\"inLanguage\":\"lt-LT\",\"potentialAction\":[{\"@type\":\"ReadAction\",\"target\":[\"https:\/\/gymfactory.eu\/lt\/produktas\/d7x-vertikalaus-koju-spaudimo-masina\/\"]}]},{\"@type\":\"ImageObject\",\"inLanguage\":\"lt-LT\",\"@id\":\"https:\/\/gymfactory.eu\/lt\/produktas\/d7x-vertikalaus-koju-spaudimo-masina\/#primaryimage\",\"url\":\"https:\/\/gymfactory.eu\/wp-content\/uploads\/2025\/01\/gym-machine-D7X-vertical-leg-press-top-view-1.webp\",\"contentUrl\":\"https:\/\/gymfactory.eu\/wp-content\/uploads\/2025\/01\/gym-machine-D7X-vertical-leg-press-top-view-1.webp\",\"width\":1500,\"height\":1500,\"caption\":\"Vertikalaus koj\u0173 spaudimo treniruoklio vaizdas i\u0161 vir\u0161aus, i\u0161ry\u0161kinantis plat\u0173, pamink\u0161tint\u0105 suol\u0105 ir sustiprint\u0105 r\u0117m\u0105, u\u017etikrinant\u012f optimali\u0105 atram\u0105 atliekant j\u0117gos pratimus. Valdomo takelio sistema u\u017etikrina kontroliuojam\u0105 judesi\u0173 diapazon\u0105 saugioms ir veiksmingoms koj\u0173 treniruot\u0117ms.\"},{\"@type\":\"BreadcrumbList\",\"@id\":\"https:\/\/gymfactory.eu\/lt\/produktas\/d7x-vertikalaus-koju-spaudimo-masina\/#breadcrumb\",\"itemListElement\":[{\"@type\":\"ListItem\",\"position\":1,\"name\":\"Pagrindinis\",\"item\":\"https:\/\/gymfactory.eu\/lt\/\"},{\"@type\":\"ListItem\",\"position\":2,\"name\":\"Katalogas\",\"item\":\"https:\/\/gymfactory.eu\/lt\/katalogas\/\"},{\"@type\":\"ListItem\",\"position\":3,\"name\":\"D7X Koj\u0173 treniruoklis &#8211; vertikalus spaudimas\"}]},{\"@type\":\"WebSite\",\"@id\":\"https:\/\/gymfactory.eu\/lt\/#website\",\"url\":\"https:\/\/gymfactory.eu\/lt\/\",\"name\":\"Gym Factory\",\"description\":\"\",\"publisher\":{\"@id\":\"https:\/\/gymfactory.eu\/lt\/#organization\"},\"potentialAction\":[{\"@type\":\"SearchAction\",\"target\":{\"@type\":\"EntryPoint\",\"urlTemplate\":\"https:\/\/gymfactory.eu\/lt\/?s={search_term_string}\"},\"query-input\":{\"@type\":\"PropertyValueSpecification\",\"valueRequired\":true,\"valueName\":\"search_term_string\"}}],\"inLanguage\":\"lt-LT\"},{\"@type\":\"Organization\",\"@id\":\"https:\/\/gymfactory.eu\/lt\/#organization\",\"name\":\"Sporto sal\u0117s gamykla\",\"url\":\"https:\/\/gymfactory.eu\/lt\/\",\"logo\":{\"@type\":\"ImageObject\",\"inLanguage\":\"lt-LT\",\"@id\":\"https:\/\/gymfactory.eu\/lt\/#\/schema\/logo\/image\/\",\"url\":\"https:\/\/gymfactory.eu\/wp-content\/uploads\/2024\/11\/Component-1.svg\",\"contentUrl\":\"https:\/\/gymfactory.eu\/wp-content\/uploads\/2024\/11\/Component-1.svg\",\"width\":54,\"height\":44,\"caption\":\"Sporto sal\u0117s gamykla\"},\"image\":{\"@id\":\"https:\/\/gymfactory.eu\/lt\/#\/schema\/logo\/image\/\"}}]}<\/script>\n<!-- \/ Yoast SEO plugin. -->","yoast_head_json":{"title":"D7X vertikali koj\u0173 spaudimo ma\u0161ina | Svori\u0173 kilnojimo \u012franga","description":"Ie\u0161kote rimtos pagalbos kilnojant svor\u012f? D7X vertikalaus koj\u0173 spaudimo \u012frenginys si\u016blo kontroliuojamas, galingas apatin\u0117s k\u016bno dalies treniruotes j\u0117gai ir na\u0161umui didinti.","robots":{"index":"index","follow":"follow","max-snippet":"max-snippet:-1","max-image-preview":"max-image-preview:large","max-video-preview":"max-video-preview:-1"},"canonical":"https:\/\/gymfactory.eu\/lt\/produktas\/d7x-vertikalaus-koju-spaudimo-masina\/","og_locale":"lt_LT","og_type":"article","og_title":"D7X vertikali koj\u0173 spaudimo ma\u0161ina | Svori\u0173 kilnojimo \u012franga","og_description":"Ie\u0161kote rimtos pagalbos kilnojant svor\u012f? D7X vertikalaus koj\u0173 spaudimo \u012frenginys si\u016blo kontroliuojamas, galingas apatin\u0117s k\u016bno dalies treniruotes j\u0117gai ir na\u0161umui didinti.","og_url":"https:\/\/gymfactory.eu\/lt\/produktas\/d7x-vertikalaus-koju-spaudimo-masina\/","og_site_name":"Gym Factory","article_modified_time":"2025-11-20T13:40:06+00:00","og_image":[{"width":1500,"height":1500,"url":"https:\/\/gymfactory.eu\/wp-content\/uploads\/2025\/01\/gym-machine-D7X-vertical-leg-press-top-view-1.webp","type":"image\/webp"}],"twitter_card":"summary_large_image","twitter_misc":{"Est. reading time":"1 minut\u0117"},"schema":{"@context":"https:\/\/schema.org","@graph":[{"@type":"WebPage","@id":"https:\/\/gymfactory.eu\/lt\/produktas\/d7x-vertikalaus-koju-spaudimo-masina\/","url":"https:\/\/gymfactory.eu\/lt\/produktas\/d7x-vertikalaus-koju-spaudimo-masina\/","name":"D7X vertikali koj\u0173 spaudimo ma\u0161ina | Svori\u0173 kilnojimo \u012franga","isPartOf":{"@id":"https:\/\/gymfactory.eu\/lt\/#website"},"primaryImageOfPage":{"@id":"https:\/\/gymfactory.eu\/lt\/produktas\/d7x-vertikalaus-koju-spaudimo-masina\/#primaryimage"},"image":{"@id":"https:\/\/gymfactory.eu\/lt\/produktas\/d7x-vertikalaus-koju-spaudimo-masina\/#primaryimage"},"thumbnailUrl":"https:\/\/gymfactory.eu\/wp-content\/uploads\/2025\/01\/gym-machine-D7X-vertical-leg-press-top-view-1.webp","datePublished":"2025-01-29T11:56:54+00:00","dateModified":"2025-11-20T13:40:06+00:00","description":"Ie\u0161kote rimtos pagalbos kilnojant svor\u012f? D7X vertikalaus koj\u0173 spaudimo \u012frenginys si\u016blo kontroliuojamas, galingas apatin\u0117s k\u016bno dalies treniruotes j\u0117gai ir na\u0161umui didinti.","breadcrumb":{"@id":"https:\/\/gymfactory.eu\/lt\/produktas\/d7x-vertikalaus-koju-spaudimo-masina\/#breadcrumb"},"inLanguage":"lt-LT","potentialAction":[{"@type":"ReadAction","target":["https:\/\/gymfactory.eu\/lt\/produktas\/d7x-vertikalaus-koju-spaudimo-masina\/"]}]},{"@type":"ImageObject","inLanguage":"lt-LT","@id":"https:\/\/gymfactory.eu\/lt\/produktas\/d7x-vertikalaus-koju-spaudimo-masina\/#primaryimage","url":"https:\/\/gymfactory.eu\/wp-content\/uploads\/2025\/01\/gym-machine-D7X-vertical-leg-press-top-view-1.webp","contentUrl":"https:\/\/gymfactory.eu\/wp-content\/uploads\/2025\/01\/gym-machine-D7X-vertical-leg-press-top-view-1.webp","width":1500,"height":1500,"caption":"Vertikalaus koj\u0173 spaudimo treniruoklio vaizdas i\u0161 vir\u0161aus, i\u0161ry\u0161kinantis plat\u0173, pamink\u0161tint\u0105 suol\u0105 ir sustiprint\u0105 r\u0117m\u0105, u\u017etikrinant\u012f optimali\u0105 atram\u0105 atliekant j\u0117gos pratimus. Valdomo takelio sistema u\u017etikrina kontroliuojam\u0105 judesi\u0173 diapazon\u0105 saugioms ir veiksmingoms koj\u0173 treniruot\u0117ms."},{"@type":"BreadcrumbList","@id":"https:\/\/gymfactory.eu\/lt\/produktas\/d7x-vertikalaus-koju-spaudimo-masina\/#breadcrumb","itemListElement":[{"@type":"ListItem","position":1,"name":"Pagrindinis","item":"https:\/\/gymfactory.eu\/lt\/"},{"@type":"ListItem","position":2,"name":"Katalogas","item":"https:\/\/gymfactory.eu\/lt\/katalogas\/"},{"@type":"ListItem","position":3,"name":"D7X Koj\u0173 treniruoklis &#8211; vertikalus spaudimas"}]},{"@type":"WebSite","@id":"https:\/\/gymfactory.eu\/lt\/#website","url":"https:\/\/gymfactory.eu\/lt\/","name":"Gym Factory","description":"","publisher":{"@id":"https:\/\/gymfactory.eu\/lt\/#organization"},"potentialAction":[{"@type":"SearchAction","target":{"@type":"EntryPoint","urlTemplate":"https:\/\/gymfactory.eu\/lt\/?s={search_term_string}"},"query-input":{"@type":"PropertyValueSpecification","valueRequired":true,"valueName":"search_term_string"}}],"inLanguage":"lt-LT"},{"@type":"Organization","@id":"https:\/\/gymfactory.eu\/lt\/#organization","name":"Sporto sal\u0117s gamykla","url":"https:\/\/gymfactory.eu\/lt\/","logo":{"@type":"ImageObject","inLanguage":"lt-LT","@id":"https:\/\/gymfactory.eu\/lt\/#\/schema\/logo\/image\/","url":"https:\/\/gymfactory.eu\/wp-content\/uploads\/2024\/11\/Component-1.svg","contentUrl":"https:\/\/gymfactory.eu\/wp-content\/uploads\/2024\/11\/Component-1.svg","width":54,"height":44,"caption":"Sporto sal\u0117s gamykla"},"image":{"@id":"https:\/\/gymfactory.eu\/lt\/#\/schema\/logo\/image\/"}}]}},"_links":{"self":[{"href":"https:\/\/gymfactory.eu\/lt\/wp-json\/wp\/v2\/product\/10313","targetHints":{"allow":["GET"]}}],"collection":[{"href":"https:\/\/gymfactory.eu\/lt\/wp-json\/wp\/v2\/product"}],"about":[{"href":"https:\/\/gymfactory.eu\/lt\/wp-json\/wp\/v2\/types\/product"}],"wp:featuredmedia":[{"embeddable":true,"href":"https:\/\/gymfactory.eu\/lt\/wp-json\/wp\/v2\/media\/8296"}],"wp:attachment":[{"href":"https:\/\/gymfactory.eu\/lt\/wp-json\/wp\/v2\/media?parent=10313"}],"wp:term":[{"taxonomy":"product_brand","embeddable":true,"href":"https:\/\/gymfactory.eu\/lt\/wp-json\/wp\/v2\/product_brand?post=10313"},{"taxonomy":"product_cat","embeddable":true,"href":"https:\/\/gymfactory.eu\/lt\/wp-json\/wp\/v2\/product_cat?post=10313"},{"taxonomy":"product_tag","embeddable":true,"href":"https:\/\/gymfactory.eu\/lt\/wp-json\/wp\/v2\/product_tag?post=10313"}],"curies":[{"name":"wp","href":"https:\/\/api.w.org\/{rel}","templated":true}]}}