{"id":10290,"date":"2025-02-07T11:43:49","date_gmt":"2025-02-07T09:43:49","guid":{"rendered":"https:\/\/gymfactory.eu\/product\/v2-sedmenu-masina\/"},"modified":"2025-12-02T14:49:31","modified_gmt":"2025-12-02T12:49:31","slug":"v2-sedmenu-masina","status":"publish","type":"product","link":"https:\/\/gymfactory.eu\/lt\/produktas\/v2-sedmenu-masina\/","title":{"rendered":"V2 S\u0117dmen\u0173 treniruoklis"},"content":{"rendered":"<p>V2 \u2013 tai specializuotas treniruoklis, skirtas izoliuotai s\u0117dmen\u0173 raumen\u0173 treniruotei. Patikimas pasirinkimas tiek nam\u0173 sporto zonai, tiek profesionaliai treniruo\u010di\u0173 salei. Konstrukcija leid\u017eia atlikti krypting\u0105 judes\u012f su reguliuojamais nustatymais individualiam komfortui ir tikslumui u\u017etikrinti.<\/p>\n<p>Pratimas atliekamas st\u016bmimo atgal judesiu \u2013 viena koja stumiama atgal kontroliuota trajektorija, aktyvuojant s\u0117dmenis. Reguliuojama pradin\u0117 pad\u0117tis leid\u017eia prisitaikyti prie individualios judesio amplitud\u0117s, o kr\u016btin\u0117s atramos auk\u0161tis derinamas taip, kad vir\u0161utin\u0117 k\u016bno dalis i\u0161likt\u0173 taisyklingai i\u0161lygiuota. Kelio atramos auk\u0161tis taip pat reguliuojamas \u2013 tai padeda stabilizuoti k\u016bn\u0105 atliekant judes\u012f.<\/p>\n<p>Dilbi\u0173 ir alk\u016bni\u0173 atrama su integruotomis rankenomis u\u017etikrina tvirt\u0105 pad\u0117t\u012f viso pratimo metu. P\u0117dos platforma \u012fmontuota ant guolio, tod\u0117l nat\u016braliai seka kojos judes\u012f. Papildoma apvali atrama vir\u0161 platformos fiksuoja p\u0117d\u0105, kad judesio metu ji nei\u0161slyst\u0173.<\/p>\n<p>V2 S\u0117dmen\u0173 treniruoklis \u2013 tai patikimas sprendimas efektyviam s\u0117dmen\u0173 ir visos u\u017epakalin\u0117s raumen\u0173 grandin\u0117s stiprinimui.<\/p>\n\n    <div class=\"xs_social_share_widget xs_share_url after_content \t\tmain_content  wslu-style-1 wslu-share-box-shaped wslu-fill-colored wslu-none wslu-share-horizontal wslu-theme-font-no wslu-main_content\">\n\n\t\t\n        <ul>\n\t\t\t        <\/ul>\n    <\/div> \n","protected":false},"excerpt":{"rendered":"<p>V2 \u2013 tai specializuotas treniruoklis, skirtas izoliuotai s\u0117dmen\u0173 raumen\u0173 treniruotei. Patikimas pasirinkimas tiek nam\u0173 sporto zonai, tiek profesionaliai treniruo\u010di\u0173 salei. Konstrukcija leid\u017eia atlikti krypting\u0105 judes\u012f su reguliuojamais nustatymais individualiam komfortui ir tikslumui u\u017etikrinti. Pratimas atliekamas st\u016bmimo atgal judesiu \u2013 viena koja stumiama atgal kontroliuota trajektorija, aktyvuojant s\u0117dmenis. Reguliuojama pradin\u0117 pad\u0117tis leid\u017eia prisitaikyti prie individualios judesio [&hellip;]<\/p>\n","protected":false},"featured_media":9062,"template":"","meta":{"_acf_changed":false},"product_brand":[817],"product_cat":[466],"product_tag":[],"class_list":{"0":"post-10290","1":"product","2":"type-product","3":"status-publish","4":"has-post-thumbnail","6":"product_brand-gym-factory-lt","7":"product_cat-blokiniai-treniruokliai","9":"first","10":"onbackorder","11":"taxable","12":"shipping-taxable","13":"purchasable","14":"product-type-variable","15":"has-default-attributes"},"acf":[],"yoast_head":"<!-- This site is optimized with the Yoast SEO plugin v25.2 - https:\/\/yoast.com\/wordpress\/plugins\/seo\/ -->\n<title>V2 Glute Machine | Sporto sal\u0117s \u012franga apatin\u0117s k\u016bno dalies stiprinimui<\/title>\n<meta name=\"description\" content=\"Daugiausia d\u0117mesio skiriate s\u0117dmen\u0173 j\u0117gai? &quot;V2 Glute Machine&quot; - tai treniruokli\u0173 sal\u0117s \u012franga, skirta stiprinti apatin\u0117s k\u016bno dalies j\u0117g\u0105 kontroliuojamais izoliuotais judesiais.\" \/>\n<meta name=\"robots\" content=\"index, follow, max-snippet:-1, max-image-preview:large, max-video-preview:-1\" \/>\n<link rel=\"canonical\" href=\"https:\/\/gymfactory.eu\/lt\/produktas\/v2-sedmenu-masina\/\" \/>\n<meta property=\"og:locale\" content=\"lt_LT\" \/>\n<meta property=\"og:type\" content=\"article\" \/>\n<meta property=\"og:title\" content=\"V2 Glute Machine | Sporto sal\u0117s \u012franga apatin\u0117s k\u016bno dalies stiprinimui\" \/>\n<meta property=\"og:description\" content=\"Daugiausia d\u0117mesio skiriate s\u0117dmen\u0173 j\u0117gai? &quot;V2 Glute Machine&quot; - tai treniruokli\u0173 sal\u0117s \u012franga, skirta stiprinti apatin\u0117s k\u016bno dalies j\u0117g\u0105 kontroliuojamais izoliuotais judesiais.\" \/>\n<meta property=\"og:url\" content=\"https:\/\/gymfactory.eu\/lt\/produktas\/v2-sedmenu-masina\/\" \/>\n<meta property=\"og:site_name\" content=\"Gym Factory\" \/>\n<meta property=\"article:modified_time\" content=\"2025-12-02T12:49:31+00:00\" \/>\n<meta property=\"og:image\" content=\"https:\/\/gymfactory.eu\/wp-content\/uploads\/2025\/02\/Gym-Machine-Leg-Press-Side-View-1.webp\" \/>\n\t<meta property=\"og:image:width\" content=\"1500\" \/>\n\t<meta property=\"og:image:height\" content=\"1500\" \/>\n\t<meta property=\"og:image:type\" content=\"image\/webp\" \/>\n<meta name=\"twitter:card\" content=\"summary_large_image\" \/>\n<meta name=\"twitter:label1\" content=\"Est. reading time\" \/>\n\t<meta name=\"twitter:data1\" content=\"1 minut\u0117\" \/>\n<script type=\"application\/ld+json\" class=\"yoast-schema-graph\">{\"@context\":\"https:\/\/schema.org\",\"@graph\":[{\"@type\":\"WebPage\",\"@id\":\"https:\/\/gymfactory.eu\/lt\/produktas\/v2-sedmenu-masina\/\",\"url\":\"https:\/\/gymfactory.eu\/lt\/produktas\/v2-sedmenu-masina\/\",\"name\":\"V2 Glute Machine | Sporto sal\u0117s \u012franga apatin\u0117s k\u016bno dalies stiprinimui\",\"isPartOf\":{\"@id\":\"https:\/\/gymfactory.eu\/lt\/#website\"},\"primaryImageOfPage\":{\"@id\":\"https:\/\/gymfactory.eu\/lt\/produktas\/v2-sedmenu-masina\/#primaryimage\"},\"image\":{\"@id\":\"https:\/\/gymfactory.eu\/lt\/produktas\/v2-sedmenu-masina\/#primaryimage\"},\"thumbnailUrl\":\"https:\/\/gymfactory.eu\/wp-content\/uploads\/2025\/02\/Gym-Machine-Leg-Press-Side-View-1.webp\",\"datePublished\":\"2025-02-07T09:43:49+00:00\",\"dateModified\":\"2025-12-02T12:49:31+00:00\",\"description\":\"Daugiausia d\u0117mesio skiriate s\u0117dmen\u0173 j\u0117gai? \\\"V2 Glute Machine\\\" - tai treniruokli\u0173 sal\u0117s \u012franga, skirta stiprinti apatin\u0117s k\u016bno dalies j\u0117g\u0105 kontroliuojamais izoliuotais judesiais.\",\"breadcrumb\":{\"@id\":\"https:\/\/gymfactory.eu\/lt\/produktas\/v2-sedmenu-masina\/#breadcrumb\"},\"inLanguage\":\"lt-LT\",\"potentialAction\":[{\"@type\":\"ReadAction\",\"target\":[\"https:\/\/gymfactory.eu\/lt\/produktas\/v2-sedmenu-masina\/\"]}]},{\"@type\":\"ImageObject\",\"inLanguage\":\"lt-LT\",\"@id\":\"https:\/\/gymfactory.eu\/lt\/produktas\/v2-sedmenu-masina\/#primaryimage\",\"url\":\"https:\/\/gymfactory.eu\/wp-content\/uploads\/2025\/02\/Gym-Machine-Leg-Press-Side-View-1.webp\",\"contentUrl\":\"https:\/\/gymfactory.eu\/wp-content\/uploads\/2025\/02\/Gym-Machine-Leg-Press-Side-View-1.webp\",\"width\":1500,\"height\":1500,\"caption\":\"Sporto treniruoklio su juodu metaliniu r\u0117mu, reguliuojama pamink\u0161tinta s\u0117dyne ir p\u0117d\u0173 platforma vaizdas i\u0161 \u0161ono. Skriemuli\u0173 sistema jungiama prie svori\u0173 kr\u016bvos, tod\u0117l naudotojai gali valdyti pasiprie\u0161inim\u0105 apatin\u0117s k\u016bno dalies stiprinimui.\"},{\"@type\":\"BreadcrumbList\",\"@id\":\"https:\/\/gymfactory.eu\/lt\/produktas\/v2-sedmenu-masina\/#breadcrumb\",\"itemListElement\":[{\"@type\":\"ListItem\",\"position\":1,\"name\":\"Pagrindinis\",\"item\":\"https:\/\/gymfactory.eu\/lt\/\"},{\"@type\":\"ListItem\",\"position\":2,\"name\":\"Katalogas\",\"item\":\"https:\/\/gymfactory.eu\/lt\/katalogas\/\"},{\"@type\":\"ListItem\",\"position\":3,\"name\":\"V2 S\u0117dmen\u0173 treniruoklis\"}]},{\"@type\":\"WebSite\",\"@id\":\"https:\/\/gymfactory.eu\/lt\/#website\",\"url\":\"https:\/\/gymfactory.eu\/lt\/\",\"name\":\"Gym Factory\",\"description\":\"\",\"publisher\":{\"@id\":\"https:\/\/gymfactory.eu\/lt\/#organization\"},\"potentialAction\":[{\"@type\":\"SearchAction\",\"target\":{\"@type\":\"EntryPoint\",\"urlTemplate\":\"https:\/\/gymfactory.eu\/lt\/?s={search_term_string}\"},\"query-input\":{\"@type\":\"PropertyValueSpecification\",\"valueRequired\":true,\"valueName\":\"search_term_string\"}}],\"inLanguage\":\"lt-LT\"},{\"@type\":\"Organization\",\"@id\":\"https:\/\/gymfactory.eu\/lt\/#organization\",\"name\":\"Sporto sal\u0117s gamykla\",\"url\":\"https:\/\/gymfactory.eu\/lt\/\",\"logo\":{\"@type\":\"ImageObject\",\"inLanguage\":\"lt-LT\",\"@id\":\"https:\/\/gymfactory.eu\/lt\/#\/schema\/logo\/image\/\",\"url\":\"https:\/\/gymfactory.eu\/wp-content\/uploads\/2024\/11\/Component-1.svg\",\"contentUrl\":\"https:\/\/gymfactory.eu\/wp-content\/uploads\/2024\/11\/Component-1.svg\",\"width\":54,\"height\":44,\"caption\":\"Sporto sal\u0117s gamykla\"},\"image\":{\"@id\":\"https:\/\/gymfactory.eu\/lt\/#\/schema\/logo\/image\/\"}}]}<\/script>\n<!-- \/ Yoast SEO plugin. -->","yoast_head_json":{"title":"V2 Glute Machine | Sporto sal\u0117s \u012franga apatin\u0117s k\u016bno dalies stiprinimui","description":"Daugiausia d\u0117mesio skiriate s\u0117dmen\u0173 j\u0117gai? \"V2 Glute Machine\" - tai treniruokli\u0173 sal\u0117s \u012franga, skirta stiprinti apatin\u0117s k\u016bno dalies j\u0117g\u0105 kontroliuojamais izoliuotais judesiais.","robots":{"index":"index","follow":"follow","max-snippet":"max-snippet:-1","max-image-preview":"max-image-preview:large","max-video-preview":"max-video-preview:-1"},"canonical":"https:\/\/gymfactory.eu\/lt\/produktas\/v2-sedmenu-masina\/","og_locale":"lt_LT","og_type":"article","og_title":"V2 Glute Machine | Sporto sal\u0117s \u012franga apatin\u0117s k\u016bno dalies stiprinimui","og_description":"Daugiausia d\u0117mesio skiriate s\u0117dmen\u0173 j\u0117gai? \"V2 Glute Machine\" - tai treniruokli\u0173 sal\u0117s \u012franga, skirta stiprinti apatin\u0117s k\u016bno dalies j\u0117g\u0105 kontroliuojamais izoliuotais judesiais.","og_url":"https:\/\/gymfactory.eu\/lt\/produktas\/v2-sedmenu-masina\/","og_site_name":"Gym Factory","article_modified_time":"2025-12-02T12:49:31+00:00","og_image":[{"width":1500,"height":1500,"url":"https:\/\/gymfactory.eu\/wp-content\/uploads\/2025\/02\/Gym-Machine-Leg-Press-Side-View-1.webp","type":"image\/webp"}],"twitter_card":"summary_large_image","twitter_misc":{"Est. reading time":"1 minut\u0117"},"schema":{"@context":"https:\/\/schema.org","@graph":[{"@type":"WebPage","@id":"https:\/\/gymfactory.eu\/lt\/produktas\/v2-sedmenu-masina\/","url":"https:\/\/gymfactory.eu\/lt\/produktas\/v2-sedmenu-masina\/","name":"V2 Glute Machine | Sporto sal\u0117s \u012franga apatin\u0117s k\u016bno dalies stiprinimui","isPartOf":{"@id":"https:\/\/gymfactory.eu\/lt\/#website"},"primaryImageOfPage":{"@id":"https:\/\/gymfactory.eu\/lt\/produktas\/v2-sedmenu-masina\/#primaryimage"},"image":{"@id":"https:\/\/gymfactory.eu\/lt\/produktas\/v2-sedmenu-masina\/#primaryimage"},"thumbnailUrl":"https:\/\/gymfactory.eu\/wp-content\/uploads\/2025\/02\/Gym-Machine-Leg-Press-Side-View-1.webp","datePublished":"2025-02-07T09:43:49+00:00","dateModified":"2025-12-02T12:49:31+00:00","description":"Daugiausia d\u0117mesio skiriate s\u0117dmen\u0173 j\u0117gai? \"V2 Glute Machine\" - tai treniruokli\u0173 sal\u0117s \u012franga, skirta stiprinti apatin\u0117s k\u016bno dalies j\u0117g\u0105 kontroliuojamais izoliuotais judesiais.","breadcrumb":{"@id":"https:\/\/gymfactory.eu\/lt\/produktas\/v2-sedmenu-masina\/#breadcrumb"},"inLanguage":"lt-LT","potentialAction":[{"@type":"ReadAction","target":["https:\/\/gymfactory.eu\/lt\/produktas\/v2-sedmenu-masina\/"]}]},{"@type":"ImageObject","inLanguage":"lt-LT","@id":"https:\/\/gymfactory.eu\/lt\/produktas\/v2-sedmenu-masina\/#primaryimage","url":"https:\/\/gymfactory.eu\/wp-content\/uploads\/2025\/02\/Gym-Machine-Leg-Press-Side-View-1.webp","contentUrl":"https:\/\/gymfactory.eu\/wp-content\/uploads\/2025\/02\/Gym-Machine-Leg-Press-Side-View-1.webp","width":1500,"height":1500,"caption":"Sporto treniruoklio su juodu metaliniu r\u0117mu, reguliuojama pamink\u0161tinta s\u0117dyne ir p\u0117d\u0173 platforma vaizdas i\u0161 \u0161ono. Skriemuli\u0173 sistema jungiama prie svori\u0173 kr\u016bvos, tod\u0117l naudotojai gali valdyti pasiprie\u0161inim\u0105 apatin\u0117s k\u016bno dalies stiprinimui."},{"@type":"BreadcrumbList","@id":"https:\/\/gymfactory.eu\/lt\/produktas\/v2-sedmenu-masina\/#breadcrumb","itemListElement":[{"@type":"ListItem","position":1,"name":"Pagrindinis","item":"https:\/\/gymfactory.eu\/lt\/"},{"@type":"ListItem","position":2,"name":"Katalogas","item":"https:\/\/gymfactory.eu\/lt\/katalogas\/"},{"@type":"ListItem","position":3,"name":"V2 S\u0117dmen\u0173 treniruoklis"}]},{"@type":"WebSite","@id":"https:\/\/gymfactory.eu\/lt\/#website","url":"https:\/\/gymfactory.eu\/lt\/","name":"Gym Factory","description":"","publisher":{"@id":"https:\/\/gymfactory.eu\/lt\/#organization"},"potentialAction":[{"@type":"SearchAction","target":{"@type":"EntryPoint","urlTemplate":"https:\/\/gymfactory.eu\/lt\/?s={search_term_string}"},"query-input":{"@type":"PropertyValueSpecification","valueRequired":true,"valueName":"search_term_string"}}],"inLanguage":"lt-LT"},{"@type":"Organization","@id":"https:\/\/gymfactory.eu\/lt\/#organization","name":"Sporto sal\u0117s gamykla","url":"https:\/\/gymfactory.eu\/lt\/","logo":{"@type":"ImageObject","inLanguage":"lt-LT","@id":"https:\/\/gymfactory.eu\/lt\/#\/schema\/logo\/image\/","url":"https:\/\/gymfactory.eu\/wp-content\/uploads\/2024\/11\/Component-1.svg","contentUrl":"https:\/\/gymfactory.eu\/wp-content\/uploads\/2024\/11\/Component-1.svg","width":54,"height":44,"caption":"Sporto sal\u0117s gamykla"},"image":{"@id":"https:\/\/gymfactory.eu\/lt\/#\/schema\/logo\/image\/"}}]}},"_links":{"self":[{"href":"https:\/\/gymfactory.eu\/lt\/wp-json\/wp\/v2\/product\/10290","targetHints":{"allow":["GET"]}}],"collection":[{"href":"https:\/\/gymfactory.eu\/lt\/wp-json\/wp\/v2\/product"}],"about":[{"href":"https:\/\/gymfactory.eu\/lt\/wp-json\/wp\/v2\/types\/product"}],"wp:featuredmedia":[{"embeddable":true,"href":"https:\/\/gymfactory.eu\/lt\/wp-json\/wp\/v2\/media\/9062"}],"wp:attachment":[{"href":"https:\/\/gymfactory.eu\/lt\/wp-json\/wp\/v2\/media?parent=10290"}],"wp:term":[{"taxonomy":"product_brand","embeddable":true,"href":"https:\/\/gymfactory.eu\/lt\/wp-json\/wp\/v2\/product_brand?post=10290"},{"taxonomy":"product_cat","embeddable":true,"href":"https:\/\/gymfactory.eu\/lt\/wp-json\/wp\/v2\/product_cat?post=10290"},{"taxonomy":"product_tag","embeddable":true,"href":"https:\/\/gymfactory.eu\/lt\/wp-json\/wp\/v2\/product_tag?post=10290"}],"curies":[{"name":"wp","href":"https:\/\/api.w.org\/{rel}","templated":true}]}}