{"id":10277,"date":"2025-02-07T11:34:12","date_gmt":"2025-02-07T09:34:12","guid":{"rendered":"https:\/\/gymfactory.eu\/product\/p3xx-soninio-peciu-pakelimo-masina\/"},"modified":"2025-12-02T14:46:18","modified_gmt":"2025-12-02T12:46:18","slug":"p3xx-soninio-peciu-pakelimo-masina","status":"publish","type":"product","link":"https:\/\/gymfactory.eu\/lt\/produktas\/p3xx-soninio-peciu-pakelimo-masina\/","title":{"rendered":"P3XX Pe\u010di\u0173 treniruoklis &#8211; mostai \u012f \u0161alis s\u0117dint"},"content":{"rendered":"<p>P3XX \u2013 tai treniruoklis, skirtas tikslinei deltini\u0173 raumen\u0173 izoliacijai naudojant trosin\u0119 apkrov\u0105. Tinka tiek profesionaliai treniruo\u010di\u0173 salei, tiek funkcionaliai nam\u0173 sporto erdvei.<\/p>\n<p>Treniruoklis leid\u017eia atlikti \u0161oninius pe\u010di\u0173 k\u0117limus, stiprinan\u010dius \u0161oninius deltinius raumenis. Pratim\u0105 galima atlikti viena arba abiem rankomis. Reguliuojamo auk\u0161\u010dio s\u0117dyn\u0117 padeda i\u0161lyginti pe\u010di\u0173 pad\u0117t\u012f su sukimosi a\u0161imi, o reguliuojama kr\u016btin\u0117s atrama ir pradin\u0117 ranken\u0173 pozicija leid\u017eia prisitaikyti prie skirting\u0173 k\u016bno proporcij\u0173.<\/p>\n<p>Rankenos pritvirtintos prie laisvai judan\u010di\u0173 jung\u010di\u0173, tod\u0117l seka nat\u016bral\u0173 pe\u010di\u0173 judes\u012f viso pakartojimo metu.<\/p>\n<p>P3XX Deltini\u0173 raumen\u0173 treniruoklis \u2013 tai tikslus, saugus ir reguliuojamas \u012frenginys, sukurtas efektyviai pe\u010di\u0173 izoliacijai kiekvienos treniruot\u0117s metu.<\/p>\n\n    <div class=\"xs_social_share_widget xs_share_url after_content \t\tmain_content  wslu-style-1 wslu-share-box-shaped wslu-fill-colored wslu-none wslu-share-horizontal wslu-theme-font-no wslu-main_content\">\n\n\t\t\n        <ul>\n\t\t\t        <\/ul>\n    <\/div> \n","protected":false},"excerpt":{"rendered":"<p>P3XX \u2013 tai treniruoklis, skirtas tikslinei deltini\u0173 raumen\u0173 izoliacijai naudojant trosin\u0119 apkrov\u0105. Tinka tiek profesionaliai treniruo\u010di\u0173 salei, tiek funkcionaliai nam\u0173 sporto erdvei. Treniruoklis leid\u017eia atlikti \u0161oninius pe\u010di\u0173 k\u0117limus, stiprinan\u010dius \u0161oninius deltinius raumenis. Pratim\u0105 galima atlikti viena arba abiem rankomis. Reguliuojamo auk\u0161\u010dio s\u0117dyn\u0117 padeda i\u0161lyginti pe\u010di\u0173 pad\u0117t\u012f su sukimosi a\u0161imi, o reguliuojama kr\u016btin\u0117s atrama ir pradin\u0117 [&hellip;]<\/p>\n","protected":false},"featured_media":8794,"template":"","meta":{"_acf_changed":false},"product_brand":[817],"product_cat":[466],"product_tag":[],"class_list":{"0":"post-10277","1":"product","2":"type-product","3":"status-publish","4":"has-post-thumbnail","6":"product_brand-gym-factory-lt","7":"product_cat-blokiniai-treniruokliai","9":"first","10":"onbackorder","11":"taxable","12":"shipping-taxable","13":"purchasable","14":"product-type-variable","15":"has-default-attributes"},"acf":[],"yoast_head":"<!-- This site is optimized with the Yoast SEO plugin v25.2 - https:\/\/yoast.com\/wordpress\/plugins\/seo\/ -->\n<title>P3XX \u0161oninis pe\u010di\u0173 pak\u0117limo aparatas treniruot\u0117ms su svoriais<\/title>\n<meta name=\"description\" content=\"Norite sustiprinti pe\u010dius? P3XX \u0161oninio pe\u010di\u0173 k\u0117limo treniruoklis yra vir\u0161utin\u0117s k\u016bno dalies raumenis lavinantis treniruoklis.\" \/>\n<meta name=\"robots\" content=\"index, follow, max-snippet:-1, max-image-preview:large, max-video-preview:-1\" \/>\n<link rel=\"canonical\" href=\"https:\/\/gymfactory.eu\/lt\/produktas\/p3xx-soninio-peciu-pakelimo-masina\/\" \/>\n<meta property=\"og:locale\" content=\"lt_LT\" \/>\n<meta property=\"og:type\" content=\"article\" \/>\n<meta property=\"og:title\" content=\"P3XX \u0161oninis pe\u010di\u0173 pak\u0117limo aparatas treniruot\u0117ms su svoriais\" \/>\n<meta property=\"og:description\" content=\"Norite sustiprinti pe\u010dius? P3XX \u0161oninio pe\u010di\u0173 k\u0117limo treniruoklis yra vir\u0161utin\u0117s k\u016bno dalies raumenis lavinantis treniruoklis.\" \/>\n<meta property=\"og:url\" content=\"https:\/\/gymfactory.eu\/lt\/produktas\/p3xx-soninio-peciu-pakelimo-masina\/\" \/>\n<meta property=\"og:site_name\" content=\"Gym Factory\" \/>\n<meta property=\"article:modified_time\" content=\"2025-12-02T12:46:18+00:00\" \/>\n<meta property=\"og:image\" content=\"https:\/\/gymfactory.eu\/wp-content\/uploads\/2025\/02\/Gym-Machine-Seated-Press-Side-View-1.webp\" \/>\n\t<meta property=\"og:image:width\" content=\"1500\" \/>\n\t<meta property=\"og:image:height\" content=\"1500\" \/>\n\t<meta property=\"og:image:type\" content=\"image\/webp\" \/>\n<meta name=\"twitter:card\" content=\"summary_large_image\" \/>\n<meta name=\"twitter:label1\" content=\"Est. reading time\" \/>\n\t<meta name=\"twitter:data1\" content=\"1 minut\u0117\" \/>\n<script type=\"application\/ld+json\" class=\"yoast-schema-graph\">{\"@context\":\"https:\/\/schema.org\",\"@graph\":[{\"@type\":\"WebPage\",\"@id\":\"https:\/\/gymfactory.eu\/lt\/produktas\/p3xx-soninio-peciu-pakelimo-masina\/\",\"url\":\"https:\/\/gymfactory.eu\/lt\/produktas\/p3xx-soninio-peciu-pakelimo-masina\/\",\"name\":\"P3XX \u0161oninis pe\u010di\u0173 pak\u0117limo aparatas treniruot\u0117ms su svoriais\",\"isPartOf\":{\"@id\":\"https:\/\/gymfactory.eu\/lt\/#website\"},\"primaryImageOfPage\":{\"@id\":\"https:\/\/gymfactory.eu\/lt\/produktas\/p3xx-soninio-peciu-pakelimo-masina\/#primaryimage\"},\"image\":{\"@id\":\"https:\/\/gymfactory.eu\/lt\/produktas\/p3xx-soninio-peciu-pakelimo-masina\/#primaryimage\"},\"thumbnailUrl\":\"https:\/\/gymfactory.eu\/wp-content\/uploads\/2025\/02\/Gym-Machine-Seated-Press-Side-View-1.webp\",\"datePublished\":\"2025-02-07T09:34:12+00:00\",\"dateModified\":\"2025-12-02T12:46:18+00:00\",\"description\":\"Norite sustiprinti pe\u010dius? P3XX \u0161oninio pe\u010di\u0173 k\u0117limo treniruoklis yra vir\u0161utin\u0117s k\u016bno dalies raumenis lavinantis treniruoklis.\",\"breadcrumb\":{\"@id\":\"https:\/\/gymfactory.eu\/lt\/produktas\/p3xx-soninio-peciu-pakelimo-masina\/#breadcrumb\"},\"inLanguage\":\"lt-LT\",\"potentialAction\":[{\"@type\":\"ReadAction\",\"target\":[\"https:\/\/gymfactory.eu\/lt\/produktas\/p3xx-soninio-peciu-pakelimo-masina\/\"]}]},{\"@type\":\"ImageObject\",\"inLanguage\":\"lt-LT\",\"@id\":\"https:\/\/gymfactory.eu\/lt\/produktas\/p3xx-soninio-peciu-pakelimo-masina\/#primaryimage\",\"url\":\"https:\/\/gymfactory.eu\/wp-content\/uploads\/2025\/02\/Gym-Machine-Seated-Press-Side-View-1.webp\",\"contentUrl\":\"https:\/\/gymfactory.eu\/wp-content\/uploads\/2025\/02\/Gym-Machine-Seated-Press-Side-View-1.webp\",\"width\":1500,\"height\":1500,\"caption\":\"S\u0117dimojo preso treniruoklio vaizdas i\u0161 \u0161ono. Paveiksl\u0117lyje matomas tvirtas r\u0117mas, reguliuojamos ranken\u0173 rankenos ir svori\u0173 kr\u016bva, sujungta skriemuli\u0173 sistema. Juodos ir sidabrin\u0117s spalvos dizainas suteikia moderni\u0105 i\u0161vaizd\u0105 bet kokiai treniruokli\u0173 salei.\"},{\"@type\":\"BreadcrumbList\",\"@id\":\"https:\/\/gymfactory.eu\/lt\/produktas\/p3xx-soninio-peciu-pakelimo-masina\/#breadcrumb\",\"itemListElement\":[{\"@type\":\"ListItem\",\"position\":1,\"name\":\"Pagrindinis\",\"item\":\"https:\/\/gymfactory.eu\/lt\/\"},{\"@type\":\"ListItem\",\"position\":2,\"name\":\"Katalogas\",\"item\":\"https:\/\/gymfactory.eu\/lt\/katalogas\/\"},{\"@type\":\"ListItem\",\"position\":3,\"name\":\"P3XX Pe\u010di\u0173 treniruoklis &#8211; mostai \u012f \u0161alis s\u0117dint\"}]},{\"@type\":\"WebSite\",\"@id\":\"https:\/\/gymfactory.eu\/lt\/#website\",\"url\":\"https:\/\/gymfactory.eu\/lt\/\",\"name\":\"Gym Factory\",\"description\":\"\",\"publisher\":{\"@id\":\"https:\/\/gymfactory.eu\/lt\/#organization\"},\"potentialAction\":[{\"@type\":\"SearchAction\",\"target\":{\"@type\":\"EntryPoint\",\"urlTemplate\":\"https:\/\/gymfactory.eu\/lt\/?s={search_term_string}\"},\"query-input\":{\"@type\":\"PropertyValueSpecification\",\"valueRequired\":true,\"valueName\":\"search_term_string\"}}],\"inLanguage\":\"lt-LT\"},{\"@type\":\"Organization\",\"@id\":\"https:\/\/gymfactory.eu\/lt\/#organization\",\"name\":\"Sporto sal\u0117s gamykla\",\"url\":\"https:\/\/gymfactory.eu\/lt\/\",\"logo\":{\"@type\":\"ImageObject\",\"inLanguage\":\"lt-LT\",\"@id\":\"https:\/\/gymfactory.eu\/lt\/#\/schema\/logo\/image\/\",\"url\":\"https:\/\/gymfactory.eu\/wp-content\/uploads\/2024\/11\/Component-1.svg\",\"contentUrl\":\"https:\/\/gymfactory.eu\/wp-content\/uploads\/2024\/11\/Component-1.svg\",\"width\":54,\"height\":44,\"caption\":\"Sporto sal\u0117s gamykla\"},\"image\":{\"@id\":\"https:\/\/gymfactory.eu\/lt\/#\/schema\/logo\/image\/\"}}]}<\/script>\n<!-- \/ Yoast SEO plugin. -->","yoast_head_json":{"title":"P3XX \u0161oninis pe\u010di\u0173 pak\u0117limo aparatas treniruot\u0117ms su svoriais","description":"Norite sustiprinti pe\u010dius? P3XX \u0161oninio pe\u010di\u0173 k\u0117limo treniruoklis yra vir\u0161utin\u0117s k\u016bno dalies raumenis lavinantis treniruoklis.","robots":{"index":"index","follow":"follow","max-snippet":"max-snippet:-1","max-image-preview":"max-image-preview:large","max-video-preview":"max-video-preview:-1"},"canonical":"https:\/\/gymfactory.eu\/lt\/produktas\/p3xx-soninio-peciu-pakelimo-masina\/","og_locale":"lt_LT","og_type":"article","og_title":"P3XX \u0161oninis pe\u010di\u0173 pak\u0117limo aparatas treniruot\u0117ms su svoriais","og_description":"Norite sustiprinti pe\u010dius? P3XX \u0161oninio pe\u010di\u0173 k\u0117limo treniruoklis yra vir\u0161utin\u0117s k\u016bno dalies raumenis lavinantis treniruoklis.","og_url":"https:\/\/gymfactory.eu\/lt\/produktas\/p3xx-soninio-peciu-pakelimo-masina\/","og_site_name":"Gym Factory","article_modified_time":"2025-12-02T12:46:18+00:00","og_image":[{"width":1500,"height":1500,"url":"https:\/\/gymfactory.eu\/wp-content\/uploads\/2025\/02\/Gym-Machine-Seated-Press-Side-View-1.webp","type":"image\/webp"}],"twitter_card":"summary_large_image","twitter_misc":{"Est. reading time":"1 minut\u0117"},"schema":{"@context":"https:\/\/schema.org","@graph":[{"@type":"WebPage","@id":"https:\/\/gymfactory.eu\/lt\/produktas\/p3xx-soninio-peciu-pakelimo-masina\/","url":"https:\/\/gymfactory.eu\/lt\/produktas\/p3xx-soninio-peciu-pakelimo-masina\/","name":"P3XX \u0161oninis pe\u010di\u0173 pak\u0117limo aparatas treniruot\u0117ms su svoriais","isPartOf":{"@id":"https:\/\/gymfactory.eu\/lt\/#website"},"primaryImageOfPage":{"@id":"https:\/\/gymfactory.eu\/lt\/produktas\/p3xx-soninio-peciu-pakelimo-masina\/#primaryimage"},"image":{"@id":"https:\/\/gymfactory.eu\/lt\/produktas\/p3xx-soninio-peciu-pakelimo-masina\/#primaryimage"},"thumbnailUrl":"https:\/\/gymfactory.eu\/wp-content\/uploads\/2025\/02\/Gym-Machine-Seated-Press-Side-View-1.webp","datePublished":"2025-02-07T09:34:12+00:00","dateModified":"2025-12-02T12:46:18+00:00","description":"Norite sustiprinti pe\u010dius? P3XX \u0161oninio pe\u010di\u0173 k\u0117limo treniruoklis yra vir\u0161utin\u0117s k\u016bno dalies raumenis lavinantis treniruoklis.","breadcrumb":{"@id":"https:\/\/gymfactory.eu\/lt\/produktas\/p3xx-soninio-peciu-pakelimo-masina\/#breadcrumb"},"inLanguage":"lt-LT","potentialAction":[{"@type":"ReadAction","target":["https:\/\/gymfactory.eu\/lt\/produktas\/p3xx-soninio-peciu-pakelimo-masina\/"]}]},{"@type":"ImageObject","inLanguage":"lt-LT","@id":"https:\/\/gymfactory.eu\/lt\/produktas\/p3xx-soninio-peciu-pakelimo-masina\/#primaryimage","url":"https:\/\/gymfactory.eu\/wp-content\/uploads\/2025\/02\/Gym-Machine-Seated-Press-Side-View-1.webp","contentUrl":"https:\/\/gymfactory.eu\/wp-content\/uploads\/2025\/02\/Gym-Machine-Seated-Press-Side-View-1.webp","width":1500,"height":1500,"caption":"S\u0117dimojo preso treniruoklio vaizdas i\u0161 \u0161ono. Paveiksl\u0117lyje matomas tvirtas r\u0117mas, reguliuojamos ranken\u0173 rankenos ir svori\u0173 kr\u016bva, sujungta skriemuli\u0173 sistema. Juodos ir sidabrin\u0117s spalvos dizainas suteikia moderni\u0105 i\u0161vaizd\u0105 bet kokiai treniruokli\u0173 salei."},{"@type":"BreadcrumbList","@id":"https:\/\/gymfactory.eu\/lt\/produktas\/p3xx-soninio-peciu-pakelimo-masina\/#breadcrumb","itemListElement":[{"@type":"ListItem","position":1,"name":"Pagrindinis","item":"https:\/\/gymfactory.eu\/lt\/"},{"@type":"ListItem","position":2,"name":"Katalogas","item":"https:\/\/gymfactory.eu\/lt\/katalogas\/"},{"@type":"ListItem","position":3,"name":"P3XX Pe\u010di\u0173 treniruoklis &#8211; mostai \u012f \u0161alis s\u0117dint"}]},{"@type":"WebSite","@id":"https:\/\/gymfactory.eu\/lt\/#website","url":"https:\/\/gymfactory.eu\/lt\/","name":"Gym Factory","description":"","publisher":{"@id":"https:\/\/gymfactory.eu\/lt\/#organization"},"potentialAction":[{"@type":"SearchAction","target":{"@type":"EntryPoint","urlTemplate":"https:\/\/gymfactory.eu\/lt\/?s={search_term_string}"},"query-input":{"@type":"PropertyValueSpecification","valueRequired":true,"valueName":"search_term_string"}}],"inLanguage":"lt-LT"},{"@type":"Organization","@id":"https:\/\/gymfactory.eu\/lt\/#organization","name":"Sporto sal\u0117s gamykla","url":"https:\/\/gymfactory.eu\/lt\/","logo":{"@type":"ImageObject","inLanguage":"lt-LT","@id":"https:\/\/gymfactory.eu\/lt\/#\/schema\/logo\/image\/","url":"https:\/\/gymfactory.eu\/wp-content\/uploads\/2024\/11\/Component-1.svg","contentUrl":"https:\/\/gymfactory.eu\/wp-content\/uploads\/2024\/11\/Component-1.svg","width":54,"height":44,"caption":"Sporto sal\u0117s gamykla"},"image":{"@id":"https:\/\/gymfactory.eu\/lt\/#\/schema\/logo\/image\/"}}]}},"_links":{"self":[{"href":"https:\/\/gymfactory.eu\/lt\/wp-json\/wp\/v2\/product\/10277","targetHints":{"allow":["GET"]}}],"collection":[{"href":"https:\/\/gymfactory.eu\/lt\/wp-json\/wp\/v2\/product"}],"about":[{"href":"https:\/\/gymfactory.eu\/lt\/wp-json\/wp\/v2\/types\/product"}],"wp:featuredmedia":[{"embeddable":true,"href":"https:\/\/gymfactory.eu\/lt\/wp-json\/wp\/v2\/media\/8794"}],"wp:attachment":[{"href":"https:\/\/gymfactory.eu\/lt\/wp-json\/wp\/v2\/media?parent=10277"}],"wp:term":[{"taxonomy":"product_brand","embeddable":true,"href":"https:\/\/gymfactory.eu\/lt\/wp-json\/wp\/v2\/product_brand?post=10277"},{"taxonomy":"product_cat","embeddable":true,"href":"https:\/\/gymfactory.eu\/lt\/wp-json\/wp\/v2\/product_cat?post=10277"},{"taxonomy":"product_tag","embeddable":true,"href":"https:\/\/gymfactory.eu\/lt\/wp-json\/wp\/v2\/product_tag?post=10277"}],"curies":[{"name":"wp","href":"https:\/\/api.w.org\/{rel}","templated":true}]}}