{"id":10263,"date":"2025-02-07T11:29:27","date_gmt":"2025-02-07T09:29:27","guid":{"rendered":"https:\/\/gymfactory.eu\/product\/p3lxx-daugkartinis-skrydzio-aparatas\/"},"modified":"2025-12-02T14:43:11","modified_gmt":"2025-12-02T12:43:11","slug":"p3lxx-daugkartinis-skrydzio-aparatas","status":"publish","type":"product","link":"https:\/\/gymfactory.eu\/lt\/produktas\/p3lxx-daugkartinis-skrydzio-aparatas\/","title":{"rendered":"P3LXX Pe\u010di\u0173 ir kr\u016btin\u0117s treniruoklis"},"content":{"rendered":"<p>P3LXX \u2013 tai universalus treniruoklis, skirtas \u012fvairiems vir\u0161utin\u0117s k\u016bno dalies pratimams viename \u012frenginyje. Tinka tiek nam\u0173 sporto zonai, tiek profesionaliai treniruo\u010di\u0173 salei \u2013 kompakti\u0161kas, bet si\u016blantis plat\u0173 pe\u010di\u0173 ir kr\u016btin\u0117s pratim\u0173 spektr\u0105.<\/p>\n<p><strong>Treniruoklis leid\u017eia atlikti:<\/strong><\/p>\n<ul>\n<li>\u0160oninius pe\u010di\u0173 k\u0117limus (&#8222;lateral raises&#8221;),<\/li>\n<li>Galini\u0173 delt\u0173 trauk\u0105 (&#8222;rear delt fly&#8221;),<\/li>\n<li>Priekini\u0173 delt\u0173 k\u0117limus,<\/li>\n<li>Kr\u016btin\u0117s suspaudimus (&#8222;chest fly&#8221;).<\/li>\n<\/ul>\n<p>Visi pratimai gali b\u016bti atliekami viena arba abiem rankomis vienu metu.<\/p>\n<p>Rank\u0173 mechanizmo auk\u0161tis reguliuojamas \u2013 tai leid\u017eia tiksliai suderinti pe\u010di\u0173 pad\u0117t\u012f su judesio a\u0161imi ir u\u017etikrina taisykling\u0105 atlikim\u0105. Galima pasirinkti ir pradin\u0119 ranken\u0173 pad\u0117t\u012f, pritaikant j\u0105 prie norimos judesio amplitud\u0117s.<\/p>\n<p>Rankenos tvirtinamos ant laisvai judan\u010di\u0173 jung\u010di\u0173, tod\u0117l nat\u016braliai seka rank\u0173 judes\u012f viso pratimo metu. Platforma su neslystan\u010diu pavir\u0161iumi u\u017etikrina stabili\u0105 stov\u0117sen\u0105.<\/p>\n<p>P3LXX Daugiafunkcis pe\u010di\u0173 ir kr\u016btin\u0117s treniruoklis \u2013 tai s\u0105nariams draugi\u0161kas, tiksliai reguliuojamas sprendimas tikslinei vir\u0161utin\u0117s k\u016bno dalies izoliacijai ir treniruo\u010di\u0173 \u012fvairovei.<\/p>\n\n    <div class=\"xs_social_share_widget xs_share_url after_content \t\tmain_content  wslu-style-1 wslu-share-box-shaped wslu-fill-colored wslu-none wslu-share-horizontal wslu-theme-font-no wslu-main_content\">\n\n\t\t\n        <ul>\n\t\t\t        <\/ul>\n    <\/div> \n","protected":false},"excerpt":{"rendered":"<p>P3LXX \u2013 tai universalus treniruoklis, skirtas \u012fvairiems vir\u0161utin\u0117s k\u016bno dalies pratimams viename \u012frenginyje. Tinka tiek nam\u0173 sporto zonai, tiek profesionaliai treniruo\u010di\u0173 salei \u2013 kompakti\u0161kas, bet si\u016blantis plat\u0173 pe\u010di\u0173 ir kr\u016btin\u0117s pratim\u0173 spektr\u0105. Treniruoklis leid\u017eia atlikti: \u0160oninius pe\u010di\u0173 k\u0117limus (&#8222;lateral raises&#8221;), Galini\u0173 delt\u0173 trauk\u0105 (&#8222;rear delt fly&#8221;), Priekini\u0173 delt\u0173 k\u0117limus, Kr\u016btin\u0117s suspaudimus (&#8222;chest fly&#8221;). Visi pratimai [&hellip;]<\/p>\n","protected":false},"featured_media":8246,"template":"","meta":{"_acf_changed":false},"product_brand":[817],"product_cat":[466],"product_tag":[],"class_list":{"0":"post-10263","1":"product","2":"type-product","3":"status-publish","4":"has-post-thumbnail","6":"product_brand-gym-factory-lt","7":"product_cat-blokiniai-treniruokliai","9":"first","10":"onbackorder","11":"taxable","12":"shipping-taxable","13":"purchasable","14":"product-type-variable","15":"has-default-attributes"},"acf":[],"yoast_head":"<!-- This site is optimized with the Yoast SEO plugin v25.2 - https:\/\/yoast.com\/wordpress\/plugins\/seo\/ -->\n<title>&quot;P3LXX Standing Lateral Raise Machine&quot; vir\u0161utin\u0117s k\u016bno dalies treniruot\u0117ms<\/title>\n<meta name=\"description\" content=\"Tiksliniai pe\u010di\u0173 ir delt\u0173 raumenys? P3LXX stovimas \u0161oninio k\u0117limo treniruoklis si\u016blo tikslius ir efektyvius judesius vir\u0161utin\u0117s k\u016bno dalies izoliacijai ir j\u0117gos treniruot\u0117ms.\" \/>\n<meta name=\"robots\" content=\"index, follow, max-snippet:-1, max-image-preview:large, max-video-preview:-1\" \/>\n<link rel=\"canonical\" href=\"https:\/\/gymfactory.eu\/lt\/produktas\/p3lxx-daugkartinis-skrydzio-aparatas\/\" \/>\n<meta property=\"og:locale\" content=\"lt_LT\" \/>\n<meta property=\"og:type\" content=\"article\" \/>\n<meta property=\"og:title\" content=\"&quot;P3LXX Standing Lateral Raise Machine&quot; vir\u0161utin\u0117s k\u016bno dalies treniruot\u0117ms\" \/>\n<meta property=\"og:description\" content=\"Tiksliniai pe\u010di\u0173 ir delt\u0173 raumenys? P3LXX stovimas \u0161oninio k\u0117limo treniruoklis si\u016blo tikslius ir efektyvius judesius vir\u0161utin\u0117s k\u016bno dalies izoliacijai ir j\u0117gos treniruot\u0117ms.\" \/>\n<meta property=\"og:url\" content=\"https:\/\/gymfactory.eu\/lt\/produktas\/p3lxx-daugkartinis-skrydzio-aparatas\/\" \/>\n<meta property=\"og:site_name\" content=\"Gym Factory\" \/>\n<meta property=\"article:modified_time\" content=\"2025-12-02T12:43:11+00:00\" \/>\n<meta property=\"og:image\" content=\"https:\/\/gymfactory.eu\/wp-content\/uploads\/2025\/02\/P3LXX-Gym-Machine-Multi-Flight-Side-View-1.webp\" \/>\n\t<meta property=\"og:image:width\" content=\"1500\" \/>\n\t<meta property=\"og:image:height\" content=\"1500\" \/>\n\t<meta property=\"og:image:type\" content=\"image\/webp\" \/>\n<meta name=\"twitter:card\" content=\"summary_large_image\" \/>\n<meta name=\"twitter:label1\" content=\"Est. reading time\" \/>\n\t<meta name=\"twitter:data1\" content=\"1 minut\u0117\" \/>\n<script type=\"application\/ld+json\" class=\"yoast-schema-graph\">{\"@context\":\"https:\/\/schema.org\",\"@graph\":[{\"@type\":\"WebPage\",\"@id\":\"https:\/\/gymfactory.eu\/lt\/produktas\/p3lxx-daugkartinis-skrydzio-aparatas\/\",\"url\":\"https:\/\/gymfactory.eu\/lt\/produktas\/p3lxx-daugkartinis-skrydzio-aparatas\/\",\"name\":\"\\\"P3LXX Standing Lateral Raise Machine\\\" vir\u0161utin\u0117s k\u016bno dalies treniruot\u0117ms\",\"isPartOf\":{\"@id\":\"https:\/\/gymfactory.eu\/lt\/#website\"},\"primaryImageOfPage\":{\"@id\":\"https:\/\/gymfactory.eu\/lt\/produktas\/p3lxx-daugkartinis-skrydzio-aparatas\/#primaryimage\"},\"image\":{\"@id\":\"https:\/\/gymfactory.eu\/lt\/produktas\/p3lxx-daugkartinis-skrydzio-aparatas\/#primaryimage\"},\"thumbnailUrl\":\"https:\/\/gymfactory.eu\/wp-content\/uploads\/2025\/02\/P3LXX-Gym-Machine-Multi-Flight-Side-View-1.webp\",\"datePublished\":\"2025-02-07T09:29:27+00:00\",\"dateModified\":\"2025-12-02T12:43:11+00:00\",\"description\":\"Tiksliniai pe\u010di\u0173 ir delt\u0173 raumenys? P3LXX stovimas \u0161oninio k\u0117limo treniruoklis si\u016blo tikslius ir efektyvius judesius vir\u0161utin\u0117s k\u016bno dalies izoliacijai ir j\u0117gos treniruot\u0117ms.\",\"breadcrumb\":{\"@id\":\"https:\/\/gymfactory.eu\/lt\/produktas\/p3lxx-daugkartinis-skrydzio-aparatas\/#breadcrumb\"},\"inLanguage\":\"lt-LT\",\"potentialAction\":[{\"@type\":\"ReadAction\",\"target\":[\"https:\/\/gymfactory.eu\/lt\/produktas\/p3lxx-daugkartinis-skrydzio-aparatas\/\"]}]},{\"@type\":\"ImageObject\",\"inLanguage\":\"lt-LT\",\"@id\":\"https:\/\/gymfactory.eu\/lt\/produktas\/p3lxx-daugkartinis-skrydzio-aparatas\/#primaryimage\",\"url\":\"https:\/\/gymfactory.eu\/wp-content\/uploads\/2025\/02\/P3LXX-Gym-Machine-Multi-Flight-Side-View-1.webp\",\"contentUrl\":\"https:\/\/gymfactory.eu\/wp-content\/uploads\/2025\/02\/P3LXX-Gym-Machine-Multi-Flight-Side-View-1.webp\",\"width\":1500,\"height\":1500},{\"@type\":\"BreadcrumbList\",\"@id\":\"https:\/\/gymfactory.eu\/lt\/produktas\/p3lxx-daugkartinis-skrydzio-aparatas\/#breadcrumb\",\"itemListElement\":[{\"@type\":\"ListItem\",\"position\":1,\"name\":\"Pagrindinis\",\"item\":\"https:\/\/gymfactory.eu\/lt\/\"},{\"@type\":\"ListItem\",\"position\":2,\"name\":\"Katalogas\",\"item\":\"https:\/\/gymfactory.eu\/lt\/katalogas\/\"},{\"@type\":\"ListItem\",\"position\":3,\"name\":\"P3LXX Pe\u010di\u0173 ir kr\u016btin\u0117s treniruoklis\"}]},{\"@type\":\"WebSite\",\"@id\":\"https:\/\/gymfactory.eu\/lt\/#website\",\"url\":\"https:\/\/gymfactory.eu\/lt\/\",\"name\":\"Gym Factory\",\"description\":\"\",\"publisher\":{\"@id\":\"https:\/\/gymfactory.eu\/lt\/#organization\"},\"potentialAction\":[{\"@type\":\"SearchAction\",\"target\":{\"@type\":\"EntryPoint\",\"urlTemplate\":\"https:\/\/gymfactory.eu\/lt\/?s={search_term_string}\"},\"query-input\":{\"@type\":\"PropertyValueSpecification\",\"valueRequired\":true,\"valueName\":\"search_term_string\"}}],\"inLanguage\":\"lt-LT\"},{\"@type\":\"Organization\",\"@id\":\"https:\/\/gymfactory.eu\/lt\/#organization\",\"name\":\"Sporto sal\u0117s gamykla\",\"url\":\"https:\/\/gymfactory.eu\/lt\/\",\"logo\":{\"@type\":\"ImageObject\",\"inLanguage\":\"lt-LT\",\"@id\":\"https:\/\/gymfactory.eu\/lt\/#\/schema\/logo\/image\/\",\"url\":\"https:\/\/gymfactory.eu\/wp-content\/uploads\/2024\/11\/Component-1.svg\",\"contentUrl\":\"https:\/\/gymfactory.eu\/wp-content\/uploads\/2024\/11\/Component-1.svg\",\"width\":54,\"height\":44,\"caption\":\"Sporto sal\u0117s gamykla\"},\"image\":{\"@id\":\"https:\/\/gymfactory.eu\/lt\/#\/schema\/logo\/image\/\"}}]}<\/script>\n<!-- \/ Yoast SEO plugin. -->","yoast_head_json":{"title":"\"P3LXX Standing Lateral Raise Machine\" vir\u0161utin\u0117s k\u016bno dalies treniruot\u0117ms","description":"Tiksliniai pe\u010di\u0173 ir delt\u0173 raumenys? P3LXX stovimas \u0161oninio k\u0117limo treniruoklis si\u016blo tikslius ir efektyvius judesius vir\u0161utin\u0117s k\u016bno dalies izoliacijai ir j\u0117gos treniruot\u0117ms.","robots":{"index":"index","follow":"follow","max-snippet":"max-snippet:-1","max-image-preview":"max-image-preview:large","max-video-preview":"max-video-preview:-1"},"canonical":"https:\/\/gymfactory.eu\/lt\/produktas\/p3lxx-daugkartinis-skrydzio-aparatas\/","og_locale":"lt_LT","og_type":"article","og_title":"\"P3LXX Standing Lateral Raise Machine\" vir\u0161utin\u0117s k\u016bno dalies treniruot\u0117ms","og_description":"Tiksliniai pe\u010di\u0173 ir delt\u0173 raumenys? P3LXX stovimas \u0161oninio k\u0117limo treniruoklis si\u016blo tikslius ir efektyvius judesius vir\u0161utin\u0117s k\u016bno dalies izoliacijai ir j\u0117gos treniruot\u0117ms.","og_url":"https:\/\/gymfactory.eu\/lt\/produktas\/p3lxx-daugkartinis-skrydzio-aparatas\/","og_site_name":"Gym Factory","article_modified_time":"2025-12-02T12:43:11+00:00","og_image":[{"width":1500,"height":1500,"url":"https:\/\/gymfactory.eu\/wp-content\/uploads\/2025\/02\/P3LXX-Gym-Machine-Multi-Flight-Side-View-1.webp","type":"image\/webp"}],"twitter_card":"summary_large_image","twitter_misc":{"Est. reading time":"1 minut\u0117"},"schema":{"@context":"https:\/\/schema.org","@graph":[{"@type":"WebPage","@id":"https:\/\/gymfactory.eu\/lt\/produktas\/p3lxx-daugkartinis-skrydzio-aparatas\/","url":"https:\/\/gymfactory.eu\/lt\/produktas\/p3lxx-daugkartinis-skrydzio-aparatas\/","name":"\"P3LXX Standing Lateral Raise Machine\" vir\u0161utin\u0117s k\u016bno dalies treniruot\u0117ms","isPartOf":{"@id":"https:\/\/gymfactory.eu\/lt\/#website"},"primaryImageOfPage":{"@id":"https:\/\/gymfactory.eu\/lt\/produktas\/p3lxx-daugkartinis-skrydzio-aparatas\/#primaryimage"},"image":{"@id":"https:\/\/gymfactory.eu\/lt\/produktas\/p3lxx-daugkartinis-skrydzio-aparatas\/#primaryimage"},"thumbnailUrl":"https:\/\/gymfactory.eu\/wp-content\/uploads\/2025\/02\/P3LXX-Gym-Machine-Multi-Flight-Side-View-1.webp","datePublished":"2025-02-07T09:29:27+00:00","dateModified":"2025-12-02T12:43:11+00:00","description":"Tiksliniai pe\u010di\u0173 ir delt\u0173 raumenys? P3LXX stovimas \u0161oninio k\u0117limo treniruoklis si\u016blo tikslius ir efektyvius judesius vir\u0161utin\u0117s k\u016bno dalies izoliacijai ir j\u0117gos treniruot\u0117ms.","breadcrumb":{"@id":"https:\/\/gymfactory.eu\/lt\/produktas\/p3lxx-daugkartinis-skrydzio-aparatas\/#breadcrumb"},"inLanguage":"lt-LT","potentialAction":[{"@type":"ReadAction","target":["https:\/\/gymfactory.eu\/lt\/produktas\/p3lxx-daugkartinis-skrydzio-aparatas\/"]}]},{"@type":"ImageObject","inLanguage":"lt-LT","@id":"https:\/\/gymfactory.eu\/lt\/produktas\/p3lxx-daugkartinis-skrydzio-aparatas\/#primaryimage","url":"https:\/\/gymfactory.eu\/wp-content\/uploads\/2025\/02\/P3LXX-Gym-Machine-Multi-Flight-Side-View-1.webp","contentUrl":"https:\/\/gymfactory.eu\/wp-content\/uploads\/2025\/02\/P3LXX-Gym-Machine-Multi-Flight-Side-View-1.webp","width":1500,"height":1500},{"@type":"BreadcrumbList","@id":"https:\/\/gymfactory.eu\/lt\/produktas\/p3lxx-daugkartinis-skrydzio-aparatas\/#breadcrumb","itemListElement":[{"@type":"ListItem","position":1,"name":"Pagrindinis","item":"https:\/\/gymfactory.eu\/lt\/"},{"@type":"ListItem","position":2,"name":"Katalogas","item":"https:\/\/gymfactory.eu\/lt\/katalogas\/"},{"@type":"ListItem","position":3,"name":"P3LXX Pe\u010di\u0173 ir kr\u016btin\u0117s treniruoklis"}]},{"@type":"WebSite","@id":"https:\/\/gymfactory.eu\/lt\/#website","url":"https:\/\/gymfactory.eu\/lt\/","name":"Gym Factory","description":"","publisher":{"@id":"https:\/\/gymfactory.eu\/lt\/#organization"},"potentialAction":[{"@type":"SearchAction","target":{"@type":"EntryPoint","urlTemplate":"https:\/\/gymfactory.eu\/lt\/?s={search_term_string}"},"query-input":{"@type":"PropertyValueSpecification","valueRequired":true,"valueName":"search_term_string"}}],"inLanguage":"lt-LT"},{"@type":"Organization","@id":"https:\/\/gymfactory.eu\/lt\/#organization","name":"Sporto sal\u0117s gamykla","url":"https:\/\/gymfactory.eu\/lt\/","logo":{"@type":"ImageObject","inLanguage":"lt-LT","@id":"https:\/\/gymfactory.eu\/lt\/#\/schema\/logo\/image\/","url":"https:\/\/gymfactory.eu\/wp-content\/uploads\/2024\/11\/Component-1.svg","contentUrl":"https:\/\/gymfactory.eu\/wp-content\/uploads\/2024\/11\/Component-1.svg","width":54,"height":44,"caption":"Sporto sal\u0117s gamykla"},"image":{"@id":"https:\/\/gymfactory.eu\/lt\/#\/schema\/logo\/image\/"}}]}},"_links":{"self":[{"href":"https:\/\/gymfactory.eu\/lt\/wp-json\/wp\/v2\/product\/10263","targetHints":{"allow":["GET"]}}],"collection":[{"href":"https:\/\/gymfactory.eu\/lt\/wp-json\/wp\/v2\/product"}],"about":[{"href":"https:\/\/gymfactory.eu\/lt\/wp-json\/wp\/v2\/types\/product"}],"wp:featuredmedia":[{"embeddable":true,"href":"https:\/\/gymfactory.eu\/lt\/wp-json\/wp\/v2\/media\/8246"}],"wp:attachment":[{"href":"https:\/\/gymfactory.eu\/lt\/wp-json\/wp\/v2\/media?parent=10263"}],"wp:term":[{"taxonomy":"product_brand","embeddable":true,"href":"https:\/\/gymfactory.eu\/lt\/wp-json\/wp\/v2\/product_brand?post=10263"},{"taxonomy":"product_cat","embeddable":true,"href":"https:\/\/gymfactory.eu\/lt\/wp-json\/wp\/v2\/product_cat?post=10263"},{"taxonomy":"product_tag","embeddable":true,"href":"https:\/\/gymfactory.eu\/lt\/wp-json\/wp\/v2\/product_tag?post=10263"}],"curies":[{"name":"wp","href":"https:\/\/api.w.org\/{rel}","templated":true}]}}