{"id":10262,"date":"2025-02-10T10:02:47","date_gmt":"2025-02-10T08:02:47","guid":{"rendered":"https:\/\/gymfactory.eu\/product\/e3-istrizinio-sukimo-masina\/"},"modified":"2025-12-08T14:48:31","modified_gmt":"2025-12-08T12:48:31","slug":"e3-istrizinio-sukimo-masina","status":"publish","type":"product","link":"https:\/\/gymfactory.eu\/lt\/produktas\/e3-istrizinio-sukimo-masina\/","title":{"rendered":"E3 Juosmens treniruoklis"},"content":{"rendered":"<p>E3 juosmens treniruoklis \u2013 kompakti\u0161ka treniruo\u010di\u0173 \u012franga, skirta sukamiesiems liemens judesiams ir \u012fstri\u017eini\u0173 pilvo raumen\u0173 stiprinimui. Sukurtas stovimiems sukimo pratimams, \u0161is treniruoklis padeda lavinti centro raumen\u0173 j\u0117g\u0105 ir mobilum\u0105.<\/p>\n<p>360 laipsni\u0173 kampu besisukanti platforma u\u017etikrina skland\u0173 judes\u012f be apribojim\u0173, o keli\u0173 pad\u0117\u010di\u0173 rankenos leid\u017eia prisitaikyti prie individualaus stov\u0117jimo ir stabilumo poreikio.<\/p>\n<p>Stabilus ir dinami\u0161kam judesiui pritaikytas treniruoklis \u2013 puikus pasirinkimas tiek nam\u0173, tiek profesionalioms treniruot\u0117ms, orientuotoms \u012f liemens kontrol\u0119 ir centro \u012fsitraukim\u0105.<\/p>\n\n    <div class=\"xs_social_share_widget xs_share_url after_content \t\tmain_content  wslu-style-1 wslu-share-box-shaped wslu-fill-colored wslu-none wslu-share-horizontal wslu-theme-font-no wslu-main_content\">\n\n\t\t\n        <ul>\n\t\t\t        <\/ul>\n    <\/div> \n","protected":false},"excerpt":{"rendered":"<p>E3 juosmens treniruoklis \u2013 kompakti\u0161ka treniruo\u010di\u0173 \u012franga, skirta sukamiesiems liemens judesiams ir \u012fstri\u017eini\u0173 pilvo raumen\u0173 stiprinimui. Sukurtas stovimiems sukimo pratimams, \u0161is treniruoklis padeda lavinti centro raumen\u0173 j\u0117g\u0105 ir mobilum\u0105. 360 laipsni\u0173 kampu besisukanti platforma u\u017etikrina skland\u0173 judes\u012f be apribojim\u0173, o keli\u0173 pad\u0117\u010di\u0173 rankenos leid\u017eia prisitaikyti prie individualaus stov\u0117jimo ir stabilumo poreikio. Stabilus ir dinami\u0161kam judesiui [&hellip;]<\/p>\n","protected":false},"featured_media":8908,"template":"","meta":{"_acf_changed":false},"product_brand":[817],"product_cat":[407],"product_tag":[415],"class_list":{"0":"post-10262","1":"product","2":"type-product","3":"status-publish","4":"has-post-thumbnail","6":"product_brand-gym-factory-lt","7":"product_cat-kita-sporto-iranga","8":"product_tag-spalva-tik-metaline","10":"first","11":"onbackorder","12":"taxable","13":"shipping-taxable","14":"purchasable","15":"product-type-variable","16":"has-default-attributes"},"acf":[],"yoast_head":"<!-- This site is optimized with the Yoast SEO plugin v25.2 - https:\/\/yoast.com\/wordpress\/plugins\/seo\/ -->\n<title>&quot;E3 Oblique Twist Machine&quot; - J\u0117gos treniruokli\u0173 \u012franga<\/title>\n<meta name=\"description\" content=\"Pagerinkite savo nam\u0173 fitneso rutin\u0105 naudodami pilvo preso treniruokl\u012f. Puikiai tinka \u0161erd\u017eiai stiprinti ir treniruot\u0117ms padaryti veiksmingesn\u0117ms.\" \/>\n<meta name=\"robots\" content=\"index, follow, max-snippet:-1, max-image-preview:large, max-video-preview:-1\" \/>\n<link rel=\"canonical\" href=\"https:\/\/gymfactory.eu\/lt\/produktas\/e3-istrizinio-sukimo-masina\/\" \/>\n<meta property=\"og:locale\" content=\"lt_LT\" \/>\n<meta property=\"og:type\" content=\"article\" \/>\n<meta property=\"og:title\" content=\"&quot;E3 Oblique Twist Machine&quot; - J\u0117gos treniruokli\u0173 \u012franga\" \/>\n<meta property=\"og:description\" content=\"Pagerinkite savo nam\u0173 fitneso rutin\u0105 naudodami pilvo preso treniruokl\u012f. Puikiai tinka \u0161erd\u017eiai stiprinti ir treniruot\u0117ms padaryti veiksmingesn\u0117ms.\" \/>\n<meta property=\"og:url\" content=\"https:\/\/gymfactory.eu\/lt\/produktas\/e3-istrizinio-sukimo-masina\/\" \/>\n<meta property=\"og:site_name\" content=\"Gym Factory\" \/>\n<meta property=\"article:modified_time\" content=\"2025-12-08T12:48:31+00:00\" \/>\n<meta property=\"og:image\" content=\"https:\/\/gymfactory.eu\/wp-content\/uploads\/2025\/02\/Gym-Machine-Twister-Station-1.webp\" \/>\n\t<meta property=\"og:image:width\" content=\"1500\" \/>\n\t<meta property=\"og:image:height\" content=\"1500\" \/>\n\t<meta property=\"og:image:type\" content=\"image\/webp\" \/>\n<meta name=\"twitter:card\" content=\"summary_large_image\" \/>\n<meta name=\"twitter:label1\" content=\"Est. reading time\" \/>\n\t<meta name=\"twitter:data1\" content=\"1 minut\u0117\" \/>\n<script type=\"application\/ld+json\" class=\"yoast-schema-graph\">{\"@context\":\"https:\/\/schema.org\",\"@graph\":[{\"@type\":\"WebPage\",\"@id\":\"https:\/\/gymfactory.eu\/lt\/produktas\/e3-istrizinio-sukimo-masina\/\",\"url\":\"https:\/\/gymfactory.eu\/lt\/produktas\/e3-istrizinio-sukimo-masina\/\",\"name\":\"\\\"E3 Oblique Twist Machine\\\" - J\u0117gos treniruokli\u0173 \u012franga\",\"isPartOf\":{\"@id\":\"https:\/\/gymfactory.eu\/lt\/#website\"},\"primaryImageOfPage\":{\"@id\":\"https:\/\/gymfactory.eu\/lt\/produktas\/e3-istrizinio-sukimo-masina\/#primaryimage\"},\"image\":{\"@id\":\"https:\/\/gymfactory.eu\/lt\/produktas\/e3-istrizinio-sukimo-masina\/#primaryimage\"},\"thumbnailUrl\":\"https:\/\/gymfactory.eu\/wp-content\/uploads\/2025\/02\/Gym-Machine-Twister-Station-1.webp\",\"datePublished\":\"2025-02-10T08:02:47+00:00\",\"dateModified\":\"2025-12-08T12:48:31+00:00\",\"description\":\"Pagerinkite savo nam\u0173 fitneso rutin\u0105 naudodami pilvo preso treniruokl\u012f. Puikiai tinka \u0161erd\u017eiai stiprinti ir treniruot\u0117ms padaryti veiksmingesn\u0117ms.\",\"breadcrumb\":{\"@id\":\"https:\/\/gymfactory.eu\/lt\/produktas\/e3-istrizinio-sukimo-masina\/#breadcrumb\"},\"inLanguage\":\"lt-LT\",\"potentialAction\":[{\"@type\":\"ReadAction\",\"target\":[\"https:\/\/gymfactory.eu\/lt\/produktas\/e3-istrizinio-sukimo-masina\/\"]}]},{\"@type\":\"ImageObject\",\"inLanguage\":\"lt-LT\",\"@id\":\"https:\/\/gymfactory.eu\/lt\/produktas\/e3-istrizinio-sukimo-masina\/#primaryimage\",\"url\":\"https:\/\/gymfactory.eu\/wp-content\/uploads\/2025\/02\/Gym-Machine-Twister-Station-1.webp\",\"contentUrl\":\"https:\/\/gymfactory.eu\/wp-content\/uploads\/2025\/02\/Gym-Machine-Twister-Station-1.webp\",\"width\":1500,\"height\":1500,\"caption\":\"Tvirtas treniruoklis, skirtas branduolio sukimo pratimams. Treniruoklis turi vertikal\u0173 juod\u0105 plienin\u012f r\u0117m\u0105 su dviem chromuotomis rankenomis, i\u0161d\u0117stytomis skirtinguose auk\u0161\u010diuose. Pagrind\u0105 sudaro tekst\u016bruota, apskrita besisukanti platforma, kad b\u016bt\u0173 galima saugiai pastatyti kojas. Konstrukcija sutvirtinta pla\u010diu, stabiliu r\u0117mu, kad b\u016bt\u0173 u\u017etikrintas patvarumas treniruo\u010di\u0173 metu.\"},{\"@type\":\"BreadcrumbList\",\"@id\":\"https:\/\/gymfactory.eu\/lt\/produktas\/e3-istrizinio-sukimo-masina\/#breadcrumb\",\"itemListElement\":[{\"@type\":\"ListItem\",\"position\":1,\"name\":\"Pagrindinis\",\"item\":\"https:\/\/gymfactory.eu\/lt\/\"},{\"@type\":\"ListItem\",\"position\":2,\"name\":\"Katalogas\",\"item\":\"https:\/\/gymfactory.eu\/lt\/katalogas\/\"},{\"@type\":\"ListItem\",\"position\":3,\"name\":\"E3 Juosmens treniruoklis\"}]},{\"@type\":\"WebSite\",\"@id\":\"https:\/\/gymfactory.eu\/lt\/#website\",\"url\":\"https:\/\/gymfactory.eu\/lt\/\",\"name\":\"Gym Factory\",\"description\":\"\",\"publisher\":{\"@id\":\"https:\/\/gymfactory.eu\/lt\/#organization\"},\"potentialAction\":[{\"@type\":\"SearchAction\",\"target\":{\"@type\":\"EntryPoint\",\"urlTemplate\":\"https:\/\/gymfactory.eu\/lt\/?s={search_term_string}\"},\"query-input\":{\"@type\":\"PropertyValueSpecification\",\"valueRequired\":true,\"valueName\":\"search_term_string\"}}],\"inLanguage\":\"lt-LT\"},{\"@type\":\"Organization\",\"@id\":\"https:\/\/gymfactory.eu\/lt\/#organization\",\"name\":\"Sporto sal\u0117s gamykla\",\"url\":\"https:\/\/gymfactory.eu\/lt\/\",\"logo\":{\"@type\":\"ImageObject\",\"inLanguage\":\"lt-LT\",\"@id\":\"https:\/\/gymfactory.eu\/lt\/#\/schema\/logo\/image\/\",\"url\":\"https:\/\/gymfactory.eu\/wp-content\/uploads\/2024\/11\/Component-1.svg\",\"contentUrl\":\"https:\/\/gymfactory.eu\/wp-content\/uploads\/2024\/11\/Component-1.svg\",\"width\":54,\"height\":44,\"caption\":\"Sporto sal\u0117s gamykla\"},\"image\":{\"@id\":\"https:\/\/gymfactory.eu\/lt\/#\/schema\/logo\/image\/\"}}]}<\/script>\n<!-- \/ Yoast SEO plugin. -->","yoast_head_json":{"title":"\"E3 Oblique Twist Machine\" - J\u0117gos treniruokli\u0173 \u012franga","description":"Pagerinkite savo nam\u0173 fitneso rutin\u0105 naudodami pilvo preso treniruokl\u012f. Puikiai tinka \u0161erd\u017eiai stiprinti ir treniruot\u0117ms padaryti veiksmingesn\u0117ms.","robots":{"index":"index","follow":"follow","max-snippet":"max-snippet:-1","max-image-preview":"max-image-preview:large","max-video-preview":"max-video-preview:-1"},"canonical":"https:\/\/gymfactory.eu\/lt\/produktas\/e3-istrizinio-sukimo-masina\/","og_locale":"lt_LT","og_type":"article","og_title":"\"E3 Oblique Twist Machine\" - J\u0117gos treniruokli\u0173 \u012franga","og_description":"Pagerinkite savo nam\u0173 fitneso rutin\u0105 naudodami pilvo preso treniruokl\u012f. Puikiai tinka \u0161erd\u017eiai stiprinti ir treniruot\u0117ms padaryti veiksmingesn\u0117ms.","og_url":"https:\/\/gymfactory.eu\/lt\/produktas\/e3-istrizinio-sukimo-masina\/","og_site_name":"Gym Factory","article_modified_time":"2025-12-08T12:48:31+00:00","og_image":[{"width":1500,"height":1500,"url":"https:\/\/gymfactory.eu\/wp-content\/uploads\/2025\/02\/Gym-Machine-Twister-Station-1.webp","type":"image\/webp"}],"twitter_card":"summary_large_image","twitter_misc":{"Est. reading time":"1 minut\u0117"},"schema":{"@context":"https:\/\/schema.org","@graph":[{"@type":"WebPage","@id":"https:\/\/gymfactory.eu\/lt\/produktas\/e3-istrizinio-sukimo-masina\/","url":"https:\/\/gymfactory.eu\/lt\/produktas\/e3-istrizinio-sukimo-masina\/","name":"\"E3 Oblique Twist Machine\" - J\u0117gos treniruokli\u0173 \u012franga","isPartOf":{"@id":"https:\/\/gymfactory.eu\/lt\/#website"},"primaryImageOfPage":{"@id":"https:\/\/gymfactory.eu\/lt\/produktas\/e3-istrizinio-sukimo-masina\/#primaryimage"},"image":{"@id":"https:\/\/gymfactory.eu\/lt\/produktas\/e3-istrizinio-sukimo-masina\/#primaryimage"},"thumbnailUrl":"https:\/\/gymfactory.eu\/wp-content\/uploads\/2025\/02\/Gym-Machine-Twister-Station-1.webp","datePublished":"2025-02-10T08:02:47+00:00","dateModified":"2025-12-08T12:48:31+00:00","description":"Pagerinkite savo nam\u0173 fitneso rutin\u0105 naudodami pilvo preso treniruokl\u012f. Puikiai tinka \u0161erd\u017eiai stiprinti ir treniruot\u0117ms padaryti veiksmingesn\u0117ms.","breadcrumb":{"@id":"https:\/\/gymfactory.eu\/lt\/produktas\/e3-istrizinio-sukimo-masina\/#breadcrumb"},"inLanguage":"lt-LT","potentialAction":[{"@type":"ReadAction","target":["https:\/\/gymfactory.eu\/lt\/produktas\/e3-istrizinio-sukimo-masina\/"]}]},{"@type":"ImageObject","inLanguage":"lt-LT","@id":"https:\/\/gymfactory.eu\/lt\/produktas\/e3-istrizinio-sukimo-masina\/#primaryimage","url":"https:\/\/gymfactory.eu\/wp-content\/uploads\/2025\/02\/Gym-Machine-Twister-Station-1.webp","contentUrl":"https:\/\/gymfactory.eu\/wp-content\/uploads\/2025\/02\/Gym-Machine-Twister-Station-1.webp","width":1500,"height":1500,"caption":"Tvirtas treniruoklis, skirtas branduolio sukimo pratimams. Treniruoklis turi vertikal\u0173 juod\u0105 plienin\u012f r\u0117m\u0105 su dviem chromuotomis rankenomis, i\u0161d\u0117stytomis skirtinguose auk\u0161\u010diuose. Pagrind\u0105 sudaro tekst\u016bruota, apskrita besisukanti platforma, kad b\u016bt\u0173 galima saugiai pastatyti kojas. Konstrukcija sutvirtinta pla\u010diu, stabiliu r\u0117mu, kad b\u016bt\u0173 u\u017etikrintas patvarumas treniruo\u010di\u0173 metu."},{"@type":"BreadcrumbList","@id":"https:\/\/gymfactory.eu\/lt\/produktas\/e3-istrizinio-sukimo-masina\/#breadcrumb","itemListElement":[{"@type":"ListItem","position":1,"name":"Pagrindinis","item":"https:\/\/gymfactory.eu\/lt\/"},{"@type":"ListItem","position":2,"name":"Katalogas","item":"https:\/\/gymfactory.eu\/lt\/katalogas\/"},{"@type":"ListItem","position":3,"name":"E3 Juosmens treniruoklis"}]},{"@type":"WebSite","@id":"https:\/\/gymfactory.eu\/lt\/#website","url":"https:\/\/gymfactory.eu\/lt\/","name":"Gym Factory","description":"","publisher":{"@id":"https:\/\/gymfactory.eu\/lt\/#organization"},"potentialAction":[{"@type":"SearchAction","target":{"@type":"EntryPoint","urlTemplate":"https:\/\/gymfactory.eu\/lt\/?s={search_term_string}"},"query-input":{"@type":"PropertyValueSpecification","valueRequired":true,"valueName":"search_term_string"}}],"inLanguage":"lt-LT"},{"@type":"Organization","@id":"https:\/\/gymfactory.eu\/lt\/#organization","name":"Sporto sal\u0117s gamykla","url":"https:\/\/gymfactory.eu\/lt\/","logo":{"@type":"ImageObject","inLanguage":"lt-LT","@id":"https:\/\/gymfactory.eu\/lt\/#\/schema\/logo\/image\/","url":"https:\/\/gymfactory.eu\/wp-content\/uploads\/2024\/11\/Component-1.svg","contentUrl":"https:\/\/gymfactory.eu\/wp-content\/uploads\/2024\/11\/Component-1.svg","width":54,"height":44,"caption":"Sporto sal\u0117s gamykla"},"image":{"@id":"https:\/\/gymfactory.eu\/lt\/#\/schema\/logo\/image\/"}}]}},"_links":{"self":[{"href":"https:\/\/gymfactory.eu\/lt\/wp-json\/wp\/v2\/product\/10262","targetHints":{"allow":["GET"]}}],"collection":[{"href":"https:\/\/gymfactory.eu\/lt\/wp-json\/wp\/v2\/product"}],"about":[{"href":"https:\/\/gymfactory.eu\/lt\/wp-json\/wp\/v2\/types\/product"}],"wp:featuredmedia":[{"embeddable":true,"href":"https:\/\/gymfactory.eu\/lt\/wp-json\/wp\/v2\/media\/8908"}],"wp:attachment":[{"href":"https:\/\/gymfactory.eu\/lt\/wp-json\/wp\/v2\/media?parent=10262"}],"wp:term":[{"taxonomy":"product_brand","embeddable":true,"href":"https:\/\/gymfactory.eu\/lt\/wp-json\/wp\/v2\/product_brand?post=10262"},{"taxonomy":"product_cat","embeddable":true,"href":"https:\/\/gymfactory.eu\/lt\/wp-json\/wp\/v2\/product_cat?post=10262"},{"taxonomy":"product_tag","embeddable":true,"href":"https:\/\/gymfactory.eu\/lt\/wp-json\/wp\/v2\/product_tag?post=10262"}],"curies":[{"name":"wp","href":"https:\/\/api.w.org\/{rel}","templated":true}]}}